{"id":1005,"date":"2016-06-20T13:33:06","date_gmt":"2016-06-20T12:33:06","guid":{"rendered":"http:\/\/www.marienoelle-jarousseau.com\/fr\/?page_id=1005"},"modified":"2022-01-26T16:08:25","modified_gmt":"2022-01-26T15:08:25","slug":"maximes","status":"publish","type":"page","link":"https:\/\/www.marienoelle-jarousseau.com\/fr\/ecriture-menu\/maximes\/","title":{"rendered":"Maximes"},"content":{"rendered":"\n\n\t<blockquote>Mets un rire dans ton c\u0153ur<br \/>\nIl produira un champ de fleurs\nPose un sourire sur tes l\u00e8vres<br \/>\nIl accomplira des merveilles\n<p><em>MNJ<\/em><\/p><\/blockquote>\n\t<blockquote>Quoi qu&rsquo;une Personne soit&#8230;<br \/>\nElle est une R\u00e9sonance de l&rsquo;Univers\nQuoi qu&rsquo;elle fasse&#8230;<br \/>\nElle en fait vibrer \u00ab\u00a0Sa Trame\u00a0\u00bb\n<p><em>MNJ<\/em><\/p><\/blockquote>\n\t<blockquote>Perles du Matin<br \/>\nD\u00e9litent les chagrins\nPerles du Matin<br \/>\nAccueillent le Festin\n<p><em>MNJ<\/em><\/p><\/blockquote>\n<p>&nbsp;<\/p>\n\t<blockquote><p>Laisse le courant te porter<\/p>\n<p>Et Ta VIE sera&#8230;<\/p>\n<p>Une magnifique Chevauch\u00e9e<\/p>\n<p><em>MNJ<\/em><\/p><\/blockquote>\n\t<blockquote>Joue Ta Propre M\u00e9lodie<br \/>\nTout l&rsquo;Univers s&rsquo;en trouvera grandi\n<p><em>MNJ<\/em><\/p><\/blockquote>\n\t\t\t<a href=\"https:\/\/www.marienoelle-jarousseau.com\/fr\/ecriture-menu\/\" target=\"_self\" role=\"button\" rel=\"noopener\">\n\t\t\t\t\t\tretour \u00e0 Ecriture\n\t\t\t\t\t<\/a>\n\n","protected":false},"excerpt":{"rendered":"<p>Mets un rire dans ton c\u0153ur Il produira un champ de fleurs Pose un sourire sur tes l\u00e8vres Il accomplira des merveilles MNJ Quoi qu&rsquo;une Personne soit&#8230; Elle est une R\u00e9sonance de l&rsquo;Univers Quoi qu&rsquo;elle fasse&#8230; Elle en fait vibrer \u00ab\u00a0Sa Trame\u00a0\u00bb MNJ Perles du Matin D\u00e9litent les chagrins Perles du Matin Accueillent le Festin&hellip;<\/p>\n","protected":false},"author":3,"featured_media":0,"parent":579,"menu_order":4,"comment_status":"closed","ping_status":"closed","template":"","meta":{"footnotes":""},"class_list":["post-1005","page","type-page","status-publish","hentry"],"yoast_head":"<!-- This site is optimized with the Yoast SEO plugin v27.4 - https:\/\/yoast.com\/product\/yoast-seo-wordpress\/ -->\n<title>Maximes - Marie-No\u00eblle Jarousseau - Artiste<\/title>\n<meta name=\"robots\" content=\"index, follow, max-snippet:-1, max-image-preview:large, max-video-preview:-1\" \/>\n<link rel=\"canonical\" href=\"https:\/\/www.marienoelle-jarousseau.com\/fr\/ecriture-menu\/maximes\/\" \/>\n<meta property=\"og:locale\" content=\"fr_FR\" \/>\n<meta property=\"og:type\" content=\"article\" \/>\n<meta property=\"og:title\" content=\"Maximes - Marie-No\u00eblle Jarousseau - Artiste\" \/>\n<meta property=\"og:description\" content=\"Mets un rire dans ton c\u0153ur Il produira un champ de fleurs Pose un sourire sur tes l\u00e8vres Il accomplira des merveilles MNJ Quoi qu&rsquo;une Personne soit&#8230; Elle est une R\u00e9sonance de l&rsquo;Univers Quoi qu&rsquo;elle fasse&#8230; Elle en fait vibrer \u00ab\u00a0Sa Trame\u00a0\u00bb MNJ Perles du Matin D\u00e9litent les chagrins Perles du Matin Accueillent le Festin&hellip;\" \/>\n<meta property=\"og:url\" content=\"https:\/\/www.marienoelle-jarousseau.com\/fr\/ecriture-menu\/maximes\/\" \/>\n<meta property=\"og:site_name\" content=\"Marie-No\u00eblle Jarousseau - Artiste\" \/>\n<meta property=\"article:modified_time\" content=\"2022-01-26T15:08:25+00:00\" \/>\n<meta name=\"twitter:card\" content=\"summary_large_image\" \/>\n<script type=\"application\/ld+json\" class=\"yoast-schema-graph\">{\"@context\":\"https:\\\/\\\/schema.org\",\"@graph\":[{\"@type\":\"WebPage\",\"@id\":\"https:\\\/\\\/www.marienoelle-jarousseau.com\\\/fr\\\/ecriture-menu\\\/maximes\\\/\",\"url\":\"https:\\\/\\\/www.marienoelle-jarousseau.com\\\/fr\\\/ecriture-menu\\\/maximes\\\/\",\"name\":\"Maximes - Marie-No\u00eblle Jarousseau - Artiste\",\"isPartOf\":{\"@id\":\"https:\\\/\\\/www.marienoelle-jarousseau.com\\\/fr\\\/#website\"},\"datePublished\":\"2016-06-20T12:33:06+00:00\",\"dateModified\":\"2022-01-26T15:08:25+00:00\",\"breadcrumb\":{\"@id\":\"https:\\\/\\\/www.marienoelle-jarousseau.com\\\/fr\\\/ecriture-menu\\\/maximes\\\/#breadcrumb\"},\"inLanguage\":\"fr-FR\",\"potentialAction\":[{\"@type\":\"ReadAction\",\"target\":[\"https:\\\/\\\/www.marienoelle-jarousseau.com\\\/fr\\\/ecriture-menu\\\/maximes\\\/\"]}]},{\"@type\":\"BreadcrumbList\",\"@id\":\"https:\\\/\\\/www.marienoelle-jarousseau.com\\\/fr\\\/ecriture-menu\\\/maximes\\\/#breadcrumb\",\"itemListElement\":[{\"@type\":\"ListItem\",\"position\":1,\"name\":\"Accueil\",\"item\":\"https:\\\/\\\/www.marienoelle-jarousseau.com\\\/fr\\\/\"},{\"@type\":\"ListItem\",\"position\":2,\"name\":\"ECRITURE\",\"item\":\"https:\\\/\\\/www.marienoelle-jarousseau.com\\\/fr\\\/ecriture-menu\\\/\"},{\"@type\":\"ListItem\",\"position\":3,\"name\":\"Maximes\"}]},{\"@type\":\"WebSite\",\"@id\":\"https:\\\/\\\/www.marienoelle-jarousseau.com\\\/fr\\\/#website\",\"url\":\"https:\\\/\\\/www.marienoelle-jarousseau.com\\\/fr\\\/\",\"name\":\"Marie-No\u00eblle Jarousseau - Artiste\",\"description\":\"\",\"potentialAction\":[{\"@type\":\"SearchAction\",\"target\":{\"@type\":\"EntryPoint\",\"urlTemplate\":\"https:\\\/\\\/www.marienoelle-jarousseau.com\\\/fr\\\/?s={search_term_string}\"},\"query-input\":{\"@type\":\"PropertyValueSpecification\",\"valueRequired\":true,\"valueName\":\"search_term_string\"}}],\"inLanguage\":\"fr-FR\"}]}<\/script>\n<!-- \/ Yoast SEO plugin. -->","yoast_head_json":{"title":"Maximes - Marie-No\u00eblle Jarousseau - Artiste","robots":{"index":"index","follow":"follow","max-snippet":"max-snippet:-1","max-image-preview":"max-image-preview:large","max-video-preview":"max-video-preview:-1"},"canonical":"https:\/\/www.marienoelle-jarousseau.com\/fr\/ecriture-menu\/maximes\/","og_locale":"fr_FR","og_type":"article","og_title":"Maximes - Marie-No\u00eblle Jarousseau - Artiste","og_description":"Mets un rire dans ton c\u0153ur Il produira un champ de fleurs Pose un sourire sur tes l\u00e8vres Il accomplira des merveilles MNJ Quoi qu&rsquo;une Personne soit&#8230; Elle est une R\u00e9sonance de l&rsquo;Univers Quoi qu&rsquo;elle fasse&#8230; Elle en fait vibrer \u00ab\u00a0Sa Trame\u00a0\u00bb MNJ Perles du Matin D\u00e9litent les chagrins Perles du Matin Accueillent le Festin&hellip;","og_url":"https:\/\/www.marienoelle-jarousseau.com\/fr\/ecriture-menu\/maximes\/","og_site_name":"Marie-No\u00eblle Jarousseau - Artiste","article_modified_time":"2022-01-26T15:08:25+00:00","twitter_card":"summary_large_image","schema":{"@context":"https:\/\/schema.org","@graph":[{"@type":"WebPage","@id":"https:\/\/www.marienoelle-jarousseau.com\/fr\/ecriture-menu\/maximes\/","url":"https:\/\/www.marienoelle-jarousseau.com\/fr\/ecriture-menu\/maximes\/","name":"Maximes - Marie-No\u00eblle Jarousseau - Artiste","isPartOf":{"@id":"https:\/\/www.marienoelle-jarousseau.com\/fr\/#website"},"datePublished":"2016-06-20T12:33:06+00:00","dateModified":"2022-01-26T15:08:25+00:00","breadcrumb":{"@id":"https:\/\/www.marienoelle-jarousseau.com\/fr\/ecriture-menu\/maximes\/#breadcrumb"},"inLanguage":"fr-FR","potentialAction":[{"@type":"ReadAction","target":["https:\/\/www.marienoelle-jarousseau.com\/fr\/ecriture-menu\/maximes\/"]}]},{"@type":"BreadcrumbList","@id":"https:\/\/www.marienoelle-jarousseau.com\/fr\/ecriture-menu\/maximes\/#breadcrumb","itemListElement":[{"@type":"ListItem","position":1,"name":"Accueil","item":"https:\/\/www.marienoelle-jarousseau.com\/fr\/"},{"@type":"ListItem","position":2,"name":"ECRITURE","item":"https:\/\/www.marienoelle-jarousseau.com\/fr\/ecriture-menu\/"},{"@type":"ListItem","position":3,"name":"Maximes"}]},{"@type":"WebSite","@id":"https:\/\/www.marienoelle-jarousseau.com\/fr\/#website","url":"https:\/\/www.marienoelle-jarousseau.com\/fr\/","name":"Marie-No\u00eblle Jarousseau - Artiste","description":"","potentialAction":[{"@type":"SearchAction","target":{"@type":"EntryPoint","urlTemplate":"https:\/\/www.marienoelle-jarousseau.com\/fr\/?s={search_term_string}"},"query-input":{"@type":"PropertyValueSpecification","valueRequired":true,"valueName":"search_term_string"}}],"inLanguage":"fr-FR"}]}},"_links":{"self":[{"href":"https:\/\/www.marienoelle-jarousseau.com\/fr\/wp-json\/wp\/v2\/pages\/1005","targetHints":{"allow":["GET"]}}],"collection":[{"href":"https:\/\/www.marienoelle-jarousseau.com\/fr\/wp-json\/wp\/v2\/pages"}],"about":[{"href":"https:\/\/www.marienoelle-jarousseau.com\/fr\/wp-json\/wp\/v2\/types\/page"}],"author":[{"embeddable":true,"href":"https:\/\/www.marienoelle-jarousseau.com\/fr\/wp-json\/wp\/v2\/users\/3"}],"replies":[{"embeddable":true,"href":"https:\/\/www.marienoelle-jarousseau.com\/fr\/wp-json\/wp\/v2\/comments?post=1005"}],"version-history":[{"count":0,"href":"https:\/\/www.marienoelle-jarousseau.com\/fr\/wp-json\/wp\/v2\/pages\/1005\/revisions"}],"up":[{"embeddable":true,"href":"https:\/\/www.marienoelle-jarousseau.com\/fr\/wp-json\/wp\/v2\/pages\/579"}],"wp:attachment":[{"href":"https:\/\/www.marienoelle-jarousseau.com\/fr\/wp-json\/wp\/v2\/media?parent=1005"}],"curies":[{"name":"wp","href":"https:\/\/api.w.org\/{rel}","templated":true}]}}