{"id":117,"date":"2015-10-01T18:02:59","date_gmt":"2015-10-01T17:02:59","guid":{"rendered":"http:\/\/www.marienoelle-jarousseau.com\/fr\/?page_id=117"},"modified":"2020-04-08T15:50:36","modified_gmt":"2020-04-08T14:50:36","slug":"flashs","status":"publish","type":"page","link":"https:\/\/www.marienoelle-jarousseau.com\/fr\/ecriture-menu\/flashs\/","title":{"rendered":"Flashs"},"content":{"rendered":"<h3>\n\t\tFLASHS&#8230;\n\t<\/h3>\n\t<h4><em>En \u00a0r\u00e9sonance \u00a0directe<\/em><\/h4>\n\t\t\t<a href=\"#\" id=\"fl-accordion--label-0\" tabindex=\"0\" aria-controls=\"fl-accordion--panel-0\">\u00ab\u00a0Le Temps n&rsquo;a de valeur que la valeur que l&rsquo;on veut bien lui accorder\u00a0\u00bb<\/a>\n\t\t\t\t\t\t\t<a href=\"#\" id=\"fl-accordion--icon-0\" tabindex=\"0\" aria-controls=\"fl-accordion--panel-0\"><i>Expand<\/i><\/a>\n\t\t<p><em>Que ressentez-vous ?<\/em><\/p>\n<p><em>J&rsquo;attends pendant 5 mn mon bus qui n&rsquo;arrive toujours pas<\/em><\/p>\n<p><em>Je n&rsquo;ai plus que 5 mn pour me pr\u00e9parer avant l&rsquo;arriv\u00e9e des invit\u00e9s<\/em><\/p>\n<p>\u00a0<\/p>\n<p><em>MNJ<\/em><\/p>\n\t\t\t<a href=\"#\" id=\"fl-accordion--label-1\" tabindex=\"0\" aria-controls=\"fl-accordion--panel-1\">\u00a0\u00bb Il ne sert \u00e0 rien de tirer sur un brin d&rsquo;herbe pour qu&rsquo;il pousse, sinon il casse \u00ab\u00a0<\/a>\n\t\t\t\t\t\t\t<a href=\"#\" id=\"fl-accordion--icon-1\" tabindex=\"0\" aria-controls=\"fl-accordion--panel-1\"><i>Expand<\/i><\/a>\n\t\t<p><em>Vous est-il d\u00e9j\u00e0 arriv\u00e9 (e)<\/em><\/p>\n<p><em>Exemple sur une journ\u00e9e<\/em><\/p>\n<ul>\n<li><em>D&rsquo;avoir plein de choses \u00e0 faire, d&rsquo;en avoir plein la t\u00eate, de ne plus savoir par o\u00f9 commencer, d&rsquo;aller de l&rsquo;un \u00e0 l&rsquo;autre, \u00e0\u00a0d\u00e9faire,\u00a0\u00e0 refaire, et plus vous acc\u00e9l\u00e9rez plus les obstacles semblent s&rsquo;accumuler et vous oblige parfois \u00e0 tout recommencer&#8230;.<\/em><\/li>\n<\/ul>\n<blockquote>\n<p><em>le soir vous vous couchez avec un soupir, une grande fatigue \u00a0et une sensation d&rsquo;avoir couru toute la journ\u00e9e et de n&rsquo;avoir pas avanc\u00e9<\/em><\/p>\n<\/blockquote>\n<p><em>ou bien<\/em><\/p>\n<ul>\n<li><em>Vous avez pris tranquillement votre journ\u00e9e au fur et \u00e0 mesure qu&rsquo;elle se pr\u00e9sentait et oeuvriez en go\u00fbtant chaque instant pleinement<\/em><\/li>\n<\/ul>\n<blockquote>\n<p><em>le soir vous vous couchez avec une sensation de bonheur en vous, \u00e9tonn\u00e9(e) vous-m\u00eame de tout ce que vous avez pu accomplir m\u00eame parfois bien au-del\u00e0 de vos propres esp\u00e9rances<\/em><\/p>\n<\/blockquote>\n<p><em>MNJ<\/em><\/p>\n<p>\u00a0<\/p>\n<p>\u00a0<\/p>\n\t\t\t<a href=\"#\" id=\"fl-accordion--label-2\" tabindex=\"0\" aria-controls=\"fl-accordion--panel-2\">\u00ab\u00a0Le monde ext\u00e9rieur n&rsquo;a sur moi que l&#8217;emprise que je choisis de lui accorder\u00a0\u00bb<\/a>\n\t\t\t\t\t\t\t<a href=\"#\" id=\"fl-accordion--icon-2\" tabindex=\"0\" aria-controls=\"fl-accordion--panel-2\"><i>Expand<\/i><\/a>\n\t\t<p><em>Que ressentez-vous ?<\/em><\/p>\n<p><em>Vous voyez une grosse araign\u00e9e<\/em><\/p>\n<ul>\n<li><em>Vous choisissez :<\/em><\/li>\n<li><em>inconsciemment (mais c&rsquo;est quand m\u00eame vous qui choisissez&#8230;)<\/em><em> de paniquer, <\/em><\/li>\n<li><em>de crier, <\/em><\/li>\n<li><em>de vous en \u00e9loigner, <\/em><\/li>\n<li><em>de laisser la peur vous envahir,<\/em><em>\u00a0<\/em><\/li>\n<\/ul>\n<blockquote>\n<p><em>mais en toute authenticit\u00e9 :<\/em><\/p>\n<p><em>pourquoi avez-vous peur ?<\/em><\/p>\n<p><em>de quoi avez-vous peur ?<\/em><\/p>\n<p><em>d&rsquo;o\u00f9 vient cette peur,<\/em><\/p>\n<p><em>pouvez-vous en toute lucidit\u00e9\u00a0en d\u00e9crire son origine ?<\/em><\/p>\n<\/blockquote>\n<p>ou bien<\/p>\n<ul>\n<li><em>Vous choisissez :<\/em><\/li>\n<li><em>De prendre le Temps de bien la regarder,<\/em><\/li>\n<li><em>de vous ouvrir \u00e0 toute la Beaut\u00e9 de ce petit Etre<\/em><\/li>\n<li><em>la finesse de ses petites pattes,\u00a0<\/em><\/li>\n<li><em>la d\u00e9licatesse de ses mouvements,<\/em><\/li>\n<li><em>son agilit\u00e9 et \u00a0sa c\u00e9l\u00e9rit\u00e9<\/em><\/li>\n<li><em>la magnificence de son habitat : sa toile<\/em><\/li>\n<li><em>Vous laissez compl\u00e8tement captiver\u00a0<\/em><\/li>\n<\/ul>\n<blockquote>\n<p><em>vous dire peut-\u00eatre :<\/em><\/p>\n<p><em>comment la Vie peut-elle exister dans quelque chose de si petit <\/em><\/p>\n<p><em>et d&rsquo;\u00e9prouvez un sentiment d&rsquo; Admiration face \u00e0 ce fabuleux spectacle de la cr\u00e9ation ?<\/em><\/p>\n<p>\u00a0<\/p>\n<\/blockquote>\n<p><em>MNJ<\/em><\/p>\n\t\t\t<a href=\"https:\/\/www.marienoelle-jarousseau.com\/fr\/ecriture-menu\/\" target=\"_self\" role=\"button\" rel=\"noopener noreferrer\">\n\t\t\t\t\t\tretour \u00e0 Ecriture\n\t\t\t\t\t<\/a>\n","protected":false},"excerpt":{"rendered":"<p>FLASHS&#8230; En \u00a0r\u00e9sonance \u00a0directe \u00ab\u00a0Le Temps n&rsquo;a de valeur que la valeur que l&rsquo;on veut bien lui accorder\u00a0\u00bb Expand Que ressentez-vous ? J&rsquo;attends pendant 5 mn mon bus qui n&rsquo;arrive toujours pas Je n&rsquo;ai plus que 5 mn pour me pr\u00e9parer avant l&rsquo;arriv\u00e9e des invit\u00e9s \u00a0 MNJ \u00a0\u00bb Il ne sert \u00e0 rien de tirer&hellip;<\/p>\n","protected":false},"author":3,"featured_media":0,"parent":579,"menu_order":3,"comment_status":"closed","ping_status":"closed","template":"","meta":{"footnotes":""},"class_list":["post-117","page","type-page","status-publish","hentry"],"yoast_head":"<!-- This site is optimized with the Yoast SEO plugin v27.5 - https:\/\/yoast.com\/product\/yoast-seo-wordpress\/ -->\n<title>Flashs - Marie-No\u00eblle Jarousseau - Artiste<\/title>\n<meta name=\"robots\" content=\"index, follow, max-snippet:-1, max-image-preview:large, max-video-preview:-1\" \/>\n<link rel=\"canonical\" href=\"https:\/\/www.marienoelle-jarousseau.com\/fr\/ecriture-menu\/flashs\/\" \/>\n<meta property=\"og:locale\" content=\"fr_FR\" \/>\n<meta property=\"og:type\" content=\"article\" \/>\n<meta property=\"og:title\" content=\"Flashs - Marie-No\u00eblle Jarousseau - Artiste\" \/>\n<meta property=\"og:description\" content=\"FLASHS&#8230; En \u00a0r\u00e9sonance \u00a0directe \u00ab\u00a0Le Temps n&rsquo;a de valeur que la valeur que l&rsquo;on veut bien lui accorder\u00a0\u00bb Expand Que ressentez-vous ? J&rsquo;attends pendant 5 mn mon bus qui n&rsquo;arrive toujours pas Je n&rsquo;ai plus que 5 mn pour me pr\u00e9parer avant l&rsquo;arriv\u00e9e des invit\u00e9s \u00a0 MNJ \u00a0\u00bb Il ne sert \u00e0 rien de tirer&hellip;\" \/>\n<meta property=\"og:url\" content=\"https:\/\/www.marienoelle-jarousseau.com\/fr\/ecriture-menu\/flashs\/\" \/>\n<meta property=\"og:site_name\" content=\"Marie-No\u00eblle Jarousseau - Artiste\" \/>\n<meta property=\"article:modified_time\" content=\"2020-04-08T14:50:36+00:00\" \/>\n<meta name=\"twitter:card\" content=\"summary_large_image\" \/>\n<meta name=\"twitter:label1\" content=\"Dur\u00e9e de lecture estim\u00e9e\" \/>\n\t<meta name=\"twitter:data1\" content=\"2 minutes\" \/>\n<script type=\"application\/ld+json\" class=\"yoast-schema-graph\">{\"@context\":\"https:\\\/\\\/schema.org\",\"@graph\":[{\"@type\":\"WebPage\",\"@id\":\"https:\\\/\\\/www.marienoelle-jarousseau.com\\\/fr\\\/ecriture-menu\\\/flashs\\\/\",\"url\":\"https:\\\/\\\/www.marienoelle-jarousseau.com\\\/fr\\\/ecriture-menu\\\/flashs\\\/\",\"name\":\"Flashs - Marie-No\u00eblle Jarousseau - Artiste\",\"isPartOf\":{\"@id\":\"https:\\\/\\\/www.marienoelle-jarousseau.com\\\/fr\\\/#website\"},\"datePublished\":\"2015-10-01T17:02:59+00:00\",\"dateModified\":\"2020-04-08T14:50:36+00:00\",\"breadcrumb\":{\"@id\":\"https:\\\/\\\/www.marienoelle-jarousseau.com\\\/fr\\\/ecriture-menu\\\/flashs\\\/#breadcrumb\"},\"inLanguage\":\"fr-FR\",\"potentialAction\":[{\"@type\":\"ReadAction\",\"target\":[\"https:\\\/\\\/www.marienoelle-jarousseau.com\\\/fr\\\/ecriture-menu\\\/flashs\\\/\"]}]},{\"@type\":\"BreadcrumbList\",\"@id\":\"https:\\\/\\\/www.marienoelle-jarousseau.com\\\/fr\\\/ecriture-menu\\\/flashs\\\/#breadcrumb\",\"itemListElement\":[{\"@type\":\"ListItem\",\"position\":1,\"name\":\"Accueil\",\"item\":\"https:\\\/\\\/www.marienoelle-jarousseau.com\\\/fr\\\/\"},{\"@type\":\"ListItem\",\"position\":2,\"name\":\"ECRITURE\",\"item\":\"https:\\\/\\\/www.marienoelle-jarousseau.com\\\/fr\\\/ecriture-menu\\\/\"},{\"@type\":\"ListItem\",\"position\":3,\"name\":\"Flashs\"}]},{\"@type\":\"WebSite\",\"@id\":\"https:\\\/\\\/www.marienoelle-jarousseau.com\\\/fr\\\/#website\",\"url\":\"https:\\\/\\\/www.marienoelle-jarousseau.com\\\/fr\\\/\",\"name\":\"Marie-No\u00eblle Jarousseau - Artiste\",\"description\":\"\",\"potentialAction\":[{\"@type\":\"SearchAction\",\"target\":{\"@type\":\"EntryPoint\",\"urlTemplate\":\"https:\\\/\\\/www.marienoelle-jarousseau.com\\\/fr\\\/?s={search_term_string}\"},\"query-input\":{\"@type\":\"PropertyValueSpecification\",\"valueRequired\":true,\"valueName\":\"search_term_string\"}}],\"inLanguage\":\"fr-FR\"}]}<\/script>\n<!-- \/ Yoast SEO plugin. -->","yoast_head_json":{"title":"Flashs - Marie-No\u00eblle Jarousseau - Artiste","robots":{"index":"index","follow":"follow","max-snippet":"max-snippet:-1","max-image-preview":"max-image-preview:large","max-video-preview":"max-video-preview:-1"},"canonical":"https:\/\/www.marienoelle-jarousseau.com\/fr\/ecriture-menu\/flashs\/","og_locale":"fr_FR","og_type":"article","og_title":"Flashs - Marie-No\u00eblle Jarousseau - Artiste","og_description":"FLASHS&#8230; En \u00a0r\u00e9sonance \u00a0directe \u00ab\u00a0Le Temps n&rsquo;a de valeur que la valeur que l&rsquo;on veut bien lui accorder\u00a0\u00bb Expand Que ressentez-vous ? J&rsquo;attends pendant 5 mn mon bus qui n&rsquo;arrive toujours pas Je n&rsquo;ai plus que 5 mn pour me pr\u00e9parer avant l&rsquo;arriv\u00e9e des invit\u00e9s \u00a0 MNJ \u00a0\u00bb Il ne sert \u00e0 rien de tirer&hellip;","og_url":"https:\/\/www.marienoelle-jarousseau.com\/fr\/ecriture-menu\/flashs\/","og_site_name":"Marie-No\u00eblle Jarousseau - Artiste","article_modified_time":"2020-04-08T14:50:36+00:00","twitter_card":"summary_large_image","twitter_misc":{"Dur\u00e9e de lecture estim\u00e9e":"2 minutes"},"schema":{"@context":"https:\/\/schema.org","@graph":[{"@type":"WebPage","@id":"https:\/\/www.marienoelle-jarousseau.com\/fr\/ecriture-menu\/flashs\/","url":"https:\/\/www.marienoelle-jarousseau.com\/fr\/ecriture-menu\/flashs\/","name":"Flashs - Marie-No\u00eblle Jarousseau - Artiste","isPartOf":{"@id":"https:\/\/www.marienoelle-jarousseau.com\/fr\/#website"},"datePublished":"2015-10-01T17:02:59+00:00","dateModified":"2020-04-08T14:50:36+00:00","breadcrumb":{"@id":"https:\/\/www.marienoelle-jarousseau.com\/fr\/ecriture-menu\/flashs\/#breadcrumb"},"inLanguage":"fr-FR","potentialAction":[{"@type":"ReadAction","target":["https:\/\/www.marienoelle-jarousseau.com\/fr\/ecriture-menu\/flashs\/"]}]},{"@type":"BreadcrumbList","@id":"https:\/\/www.marienoelle-jarousseau.com\/fr\/ecriture-menu\/flashs\/#breadcrumb","itemListElement":[{"@type":"ListItem","position":1,"name":"Accueil","item":"https:\/\/www.marienoelle-jarousseau.com\/fr\/"},{"@type":"ListItem","position":2,"name":"ECRITURE","item":"https:\/\/www.marienoelle-jarousseau.com\/fr\/ecriture-menu\/"},{"@type":"ListItem","position":3,"name":"Flashs"}]},{"@type":"WebSite","@id":"https:\/\/www.marienoelle-jarousseau.com\/fr\/#website","url":"https:\/\/www.marienoelle-jarousseau.com\/fr\/","name":"Marie-No\u00eblle Jarousseau - Artiste","description":"","potentialAction":[{"@type":"SearchAction","target":{"@type":"EntryPoint","urlTemplate":"https:\/\/www.marienoelle-jarousseau.com\/fr\/?s={search_term_string}"},"query-input":{"@type":"PropertyValueSpecification","valueRequired":true,"valueName":"search_term_string"}}],"inLanguage":"fr-FR"}]}},"_links":{"self":[{"href":"https:\/\/www.marienoelle-jarousseau.com\/fr\/wp-json\/wp\/v2\/pages\/117","targetHints":{"allow":["GET"]}}],"collection":[{"href":"https:\/\/www.marienoelle-jarousseau.com\/fr\/wp-json\/wp\/v2\/pages"}],"about":[{"href":"https:\/\/www.marienoelle-jarousseau.com\/fr\/wp-json\/wp\/v2\/types\/page"}],"author":[{"embeddable":true,"href":"https:\/\/www.marienoelle-jarousseau.com\/fr\/wp-json\/wp\/v2\/users\/3"}],"replies":[{"embeddable":true,"href":"https:\/\/www.marienoelle-jarousseau.com\/fr\/wp-json\/wp\/v2\/comments?post=117"}],"version-history":[{"count":0,"href":"https:\/\/www.marienoelle-jarousseau.com\/fr\/wp-json\/wp\/v2\/pages\/117\/revisions"}],"up":[{"embeddable":true,"href":"https:\/\/www.marienoelle-jarousseau.com\/fr\/wp-json\/wp\/v2\/pages\/579"}],"wp:attachment":[{"href":"https:\/\/www.marienoelle-jarousseau.com\/fr\/wp-json\/wp\/v2\/media?parent=117"}],"curies":[{"name":"wp","href":"https:\/\/api.w.org\/{rel}","templated":true}]}}