{"id":1244,"date":"2017-03-08T16:27:48","date_gmt":"2017-03-08T15:27:48","guid":{"rendered":"http:\/\/www.marienoelle-jarousseau.com\/fr\/?page_id=1244"},"modified":"2023-03-01T16:11:34","modified_gmt":"2023-03-01T15:11:34","slug":"devinettes","status":"publish","type":"page","link":"https:\/\/www.marienoelle-jarousseau.com\/fr\/lunivers-est-mouvement-2\/devinettes\/","title":{"rendered":"Devinettes"},"content":{"rendered":"\n\n\t<h2><em>DEVINETTES<\/em><\/h2>\n<p>_____________<\/p>\n\t<h4>QUE \u00a0VOIS-TU \u00a0?<\/h4>\n<p><em>Diff\u00e9rent de ma vision personnelle<\/em><br \/><em>(tu peux en voir une partie sous\u00a0l&rsquo;image)<\/em><\/p>\n<p>\u00a0<\/p>\n\t<p>Essaie de voir au-del\u00e0 des apparences \u00a0 \u00a0 \u00a0&#8211; \u00a0 \u00a0 \u00a0Laisse Ton Imagination vagabonder \u00a0 \u00a0 \u00a0&#8211; \u00a0 \u00a0 \u00a0Laisse faire Tes Yeux\u00a0<br \/>Tout ce que Tu Vois est juste&#8230; \u00a0 \u00a0c&rsquo;est une partie de l&rsquo;immensit\u00e9 de l&rsquo;Univers<\/p>\n<p>\u00a0<\/p>\n<h4>IL \u00a0N&rsquo;Y \u00a0A \u00a0PAS \u00a0DE \u00a0\u00a0\u00bb BONNES \u00a0\u00bb \u00a0REPONSES<br \/>JUSTE \u00a0DES \u00a0TAS \u00a0DE \u00a0VISIONS \u00a0DIFFERENTES<\/h4>\n<p>&#8211;<\/p>\n<p>Alors laisse-toi d\u00e9lirer et&#8230; \u00a0 \u00a0 \u00a0 \u00a0 Amuse-toi&#8230;<\/p>\n\t\t\t\t<img decoding=\"async\" src=\"http:\/\/www.marienoelle-jarousseau.com\/fr\/wp-content\/uploads\/2017\/03\/Bois-mort-WEB_DSC0087-bois-mort-.jpg\" alt=\"T\u00eate d'escargot ? Nez de cochon ?  Bois mort ? ... ? ... ?\" itemprop=\"image\" title=\"Bois-mort-WEB_DSC0087-bois-mort-\" onerror=\"this.style.display='none'\"  \/>\n\t\tT\u00eate d&rsquo;escargot ? Nez de cochon ?  Bois mort ? &#8230; ? &#8230; ?\n\t\t\t\t<img decoding=\"async\" src=\"http:\/\/www.marienoelle-jarousseau.com\/fr\/wp-content\/uploads\/2017\/03\/Petit-oiseau-dans-bois-mort-Web-DSC0119-bois-mort-nikkon-original.jpg\" alt=\"T\u00eate de petit oiseau ? Noeud d'une branche ? Nattes de petite fille  ? ... ? ... ?\" itemprop=\"image\" title=\"Petit-oiseau-dans-bois-mort-Web-DSC0119---bois-mort---nikkon-original\" onerror=\"this.style.display='none'\"  \/>\n\t\tT\u00eate de petit oiseau ? Noeud d&rsquo;une branche ? Nattes de petite fille  ? &#8230; ? &#8230; ?\n\t\t\t\t<img decoding=\"async\" src=\"http:\/\/www.marienoelle-jarousseau.com\/fr\/wp-content\/uploads\/2017\/03\/Insecte-ou-bois-mort_Web-DSC0267-bois-mort-nikkon-recadre\u0301e.jpg\" alt=\"Insecte ? bois mort ? ... ? ... ?\" itemprop=\"image\" title=\"Insecte-ou-bois-mort_Web-DSC0267---bois-mort-nikkon-recadre\u0301e\" onerror=\"this.style.display='none'\"  \/>\n\t\tInsecte ? bois mort ? &#8230; ? &#8230; ?\n\t\t\t\t<img decoding=\"async\" src=\"http:\/\/www.marienoelle-jarousseau.com\/fr\/wp-content\/uploads\/2017\/03\/Te\u0302te-et-dinausore_Web-DSC0333-bois-mort-nikkon-original.jpg\" alt=\"T\u00eate d'animal ? Petite dinosaure ? branche de bois coup\u00e9e ? .. ? .. ?\" itemprop=\"image\" title=\"Te\u0302te--et-dinausore_Web-DSC0333---bois-mort---nikkon-original\" onerror=\"this.style.display='none'\"  \/>\n\t\tT\u00eate d&rsquo;animal ? Petite dinosaure ? branche de bois coup\u00e9e ? .. ? .. ?\n\t\t\t\t<img decoding=\"async\" src=\"http:\/\/www.marienoelle-jarousseau.com\/fr\/wp-content\/uploads\/2017\/03\/64-LA-CREATION-en-lair-Web-huile-sur-toile-130-x-81-juin-1996-.jpg\" alt=\"Dauphin ?  Canard ? ventre ? nombril ? ... ? ... ? \" itemprop=\"image\" title=\"64---LA-CREATION-en-l'air-Web-huile-sur-toile--130-x-81--juin-1996-\" onerror=\"this.style.display='none'\"  \/>\n\t\tDauphin ?  Canard ? ventre ? nombril ? &#8230; ? &#8230; ? \n\t\t\t\t<img decoding=\"async\" src=\"http:\/\/www.marienoelle-jarousseau.com\/fr\/wp-content\/uploads\/2017\/03\/64-LA-CREATION-plonge\u0301e-Web-huile-sur-toile-130-x-81-juin-1996-.jpg\" alt=\"aspirine plong\u00e9 dans un verre d'eau ? une petite b\u00eate qui descend ? stalactites ? ... ? ... ? \" itemprop=\"image\" title=\"64---LA-CREATION-plonge\u0301e-Web-huile-sur-toile--130-x-81--juin-1996-\" onerror=\"this.style.display='none'\"  \/>\n\t\taspirine plong\u00e9 dans un verre d&rsquo;eau ? une petite b\u00eate qui descend ? stalactites ? &#8230; ? &#8230; ? \n\t\t\t\t<img decoding=\"async\" src=\"http:\/\/www.marienoelle-jarousseau.com\/fr\/wp-content\/uploads\/2017\/03\/64-LA-CREATION-haut-WEB-huile-sur-toile-130-x-81-juin-1996-.jpg\" alt=\"corps de femme ? aile ... ? une t\u00eate \u00e9tonn\u00e9e... un animal qui rampe ? ... ? ... ?\" itemprop=\"image\" title=\"64---LA-CREATION-haut-WEB-huile-sur-toile--130-x-81--juin-1996-\" onerror=\"this.style.display='none'\"  \/>\n\t\tcorps de femme ? aile &#8230; ? une t\u00eate \u00e9tonn\u00e9e&#8230; un animal qui rampe ? &#8230; ? &#8230; ?\n\t\t\t\t<img decoding=\"async\" src=\"http:\/\/www.marienoelle-jarousseau.com\/fr\/wp-content\/uploads\/2017\/03\/64-LA-CREATION-visage-Web-huile-sur-toile-130-x-81-juin-1996-.jpg\" alt=\"La cr\u00e9ation\" itemprop=\"image\" title=\"64---LA-CREATION-visage-Web-huile-sur-toile--130-x-81--juin-1996-\" onerror=\"this.style.display='none'\"  \/>\n\t\tLa cr\u00e9ation\n\t\t\t\t<img decoding=\"async\" src=\"http:\/\/www.marienoelle-jarousseau.com\/fr\/wp-content\/uploads\/2017\/03\/bois-mort-serpent-Web_DSC0351-bois-mort-nikkon-original.jpg\" alt=\"requin ? serpent ? poisson ? bois mort ? ... ? ... ? \" itemprop=\"image\" title=\"bois-mort---serpent-Web_DSC0351---bois-mort--nikkon-original\" onerror=\"this.style.display='none'\"  \/>\n\t\trequin ? serpent ? poisson ? bois mort ? &#8230; ? &#8230; ? \n\t\t\t\t<img decoding=\"async\" src=\"http:\/\/www.marienoelle-jarousseau.com\/fr\/wp-content\/uploads\/2017\/03\/bois-mort-lion-Web_DSC0335-bois-mort-nikkon-original1.jpg\" alt=\"lion ? bois mort ?  ... ? ... ? \" itemprop=\"image\" title=\"bois-mort-lion-Web_DSC0335---bois-mort---nikkon-original\" onerror=\"this.style.display='none'\"  \/>\n\t\tlion ? bois mort ?  &#8230; ? &#8230; ? \n\t\t\t\t<img decoding=\"async\" src=\"http:\/\/www.marienoelle-jarousseau.com\/fr\/wp-content\/uploads\/2017\/03\/eau-de-peinture-animal_Web-DSC0380-nikkon-original.jpg\" alt=\"marmotte ? phoque ? cascade de rivi\u00e8re ? ... ? ... ? \" itemprop=\"image\" title=\"eau-de-peinture-animal_Web-DSC0380-nikkon-original\" onerror=\"this.style.display='none'\"  \/>\n\t\tmarmotte ? phoque ? cascade de rivi\u00e8re ? &#8230; ? &#8230; ? \n\t\t\t\t<img decoding=\"async\" src=\"http:\/\/www.marienoelle-jarousseau.com\/fr\/wp-content\/uploads\/2017\/03\/eau-rocher-gorille-Web-DSC0110.jpg\" alt=\"rocher ?  gorille ? ... ? ... ? \" itemprop=\"image\" title=\"eau--rocher-gorille-Web-DSC0110\" onerror=\"this.style.display='none'\"  \/>\n\t\trocher ?  gorille ? &#8230; ? &#8230; ? \n\t\t\t\t<img decoding=\"async\" src=\"http:\/\/www.marienoelle-jarousseau.com\/fr\/wp-content\/uploads\/2017\/03\/eau-rocher-te\u0302te-danimal_Web-DSC0203.jpg\" alt=\"rocher ? t\u00eate humaine ?\n  t\u00eate d'animal ? ... ? ... ?\" itemprop=\"image\" title=\"eau-rocher-te\u0302te-d'animal_Web-DSC0203\" onerror=\"this.style.display='none'\"  \/>\n\t\trocher ? t\u00eate humaine ?\n  t\u00eate d&rsquo;animal ? &#8230; ? &#8230; ?\n\t\t\t\t<img decoding=\"async\" src=\"http:\/\/www.marienoelle-jarousseau.com\/fr\/wp-content\/uploads\/2017\/03\/crocodile-ou-bois_web-DSC0292.jpg\" alt=\"b\u00e9b\u00e9 crocodile ? bois ? ... ? ... ?\" itemprop=\"image\" title=\"crocodile-ou-bois_web-DSC0292\" onerror=\"this.style.display='none'\"  \/>\n\t\tb\u00e9b\u00e9 crocodile ? bois ? &#8230; ? &#8230; ?\n\t\t\t\t<img decoding=\"async\" src=\"http:\/\/www.marienoelle-jarousseau.com\/fr\/wp-content\/uploads\/2017\/03\/e\u0301le\u0301phanteau-web-IMG_0522.jpg\" alt=\"\u00e9l\u00e9phanteau ?..... tron\u00e7ons d'arbres ? ... ? ...\" itemprop=\"image\" title=\"e\u0301le\u0301phanteau-web-IMG_0522\" onerror=\"this.style.display='none'\"  \/>\n\t\t\u00e9l\u00e9phanteau ?&#8230;.. tron\u00e7ons d&rsquo;arbres ? &#8230; ? &#8230;\n\t\t\t\t<img decoding=\"async\" src=\"http:\/\/www.marienoelle-jarousseau.com\/fr\/wp-content\/uploads\/2017\/03\/bois-mort-gorille-Web_DSC0507-bois-mort-nikkon-original.jpg\" alt=\"Gorille ? Bois mort ? ... ? ... ? \" itemprop=\"image\" title=\"bois-mort-gorille-Web_DSC0507---bois-mort---nikkon-original\" onerror=\"this.style.display='none'\"  \/>\n\t\tGorille ? Bois mort ? &#8230; ? &#8230; ? \n\t\t\t\t<img decoding=\"async\" src=\"http:\/\/www.marienoelle-jarousseau.com\/fr\/wp-content\/uploads\/2017\/03\/bulles-the\u0301-caniche_Web-DSC0016.jpg\" alt=\"caniche ? crocodile ? bulles dans le th\u00e9 ? ... ? ...?\" itemprop=\"image\" title=\"bulles-the\u0301-caniche_Web-DSC0016\" onerror=\"this.style.display='none'\"  \/>\n\t\tcaniche ? crocodile ? bulles dans le th\u00e9 ? &#8230; ? &#8230;?\n\t\t\t\t<img decoding=\"async\" src=\"http:\/\/www.marienoelle-jarousseau.com\/fr\/wp-content\/uploads\/2017\/03\/eau-de-peinture-Web_fourrure-DSC0363-nikkon-original.jpg\" alt=\"fourrure ? cascade ? ... ? ... ? \" itemprop=\"image\" title=\"_eau-de-peinture-Web_fourrure-DSC0363-nikkon-original\" onerror=\"this.style.display='none'\"  \/>\n\t\tfourrure ? cascade ? &#8230; ? &#8230; ? \n\t\t\t\t<img decoding=\"async\" src=\"http:\/\/www.marienoelle-jarousseau.com\/fr\/wp-content\/uploads\/2017\/03\/eau-tete-de\u0301le\u0301phant_Web-DSC0112.jpg\" alt=\"t\u00eate d'\u00e9l\u00e9phant ? rocher ? ... ? ... ? \" itemprop=\"image\" title=\"eau-tete-d'e\u0301le\u0301phant_Web-DSC0112\" onerror=\"this.style.display='none'\"  \/>\n\t\tt\u00eate d&rsquo;\u00e9l\u00e9phant ? rocher ? &#8230; ? &#8230; ? \n\t\t\t\t<img decoding=\"async\" src=\"http:\/\/www.marienoelle-jarousseau.com\/fr\/wp-content\/uploads\/2017\/03\/bougie-fond-de-gorge-Web-DSC_0136.jpg\" alt=\"fond de la gorge ? bougie ? int\u00e9rieur organe humain ? ... ? ... ? \" itemprop=\"image\" title=\"bougie-fond-de-gorge-Web-DSC_0136\" onerror=\"this.style.display='none'\"  \/>\n\t\tfond de la gorge ? bougie ? int\u00e9rieur organe humain ? &#8230; ? &#8230; ? \n\t\t\t\t<img decoding=\"async\" src=\"https:\/\/www.marienoelle-jarousseau.com\/fr\/wp-content\/plugins\/bb-plugin\/img\/pixel.png\" alt=\"\" itemprop=\"image\" onerror=\"this.style.display='none'\"  \/>\n\t\t\t\t<img decoding=\"async\" src=\"https:\/\/www.marienoelle-jarousseau.com\/fr\/wp-content\/plugins\/bb-plugin\/img\/pixel.png\" alt=\"\" itemprop=\"image\" onerror=\"this.style.display='none'\"  \/>\n\t\t\t\t<img decoding=\"async\" src=\"https:\/\/www.marienoelle-jarousseau.com\/fr\/wp-content\/plugins\/bb-plugin\/img\/pixel.png\" alt=\"\" itemprop=\"image\" onerror=\"this.style.display='none'\"  \/>\n\n","protected":false},"excerpt":{"rendered":"<p>DEVINETTES _____________ QUE \u00a0VOIS-TU \u00a0? Diff\u00e9rent de ma vision personnelle(tu peux en voir une partie sous\u00a0l&rsquo;image) \u00a0 Essaie de voir au-del\u00e0 des apparences \u00a0 \u00a0 \u00a0&#8211; \u00a0 \u00a0 \u00a0Laisse Ton Imagination vagabonder \u00a0 \u00a0 \u00a0&#8211; \u00a0 \u00a0 \u00a0Laisse faire Tes Yeux\u00a0Tout ce que Tu Vois est juste&#8230; \u00a0 \u00a0c&rsquo;est une partie de l&rsquo;immensit\u00e9 de l&rsquo;Univers&hellip;<\/p>\n","protected":false},"author":3,"featured_media":0,"parent":1981,"menu_order":4,"comment_status":"closed","ping_status":"closed","template":"","meta":{"footnotes":""},"class_list":["post-1244","page","type-page","status-publish","hentry"],"yoast_head":"<!-- This site is optimized with the Yoast SEO plugin v27.4 - https:\/\/yoast.com\/product\/yoast-seo-wordpress\/ -->\n<title>Devinettes - Marie-No\u00eblle Jarousseau - Artiste<\/title>\n<meta name=\"robots\" content=\"index, follow, max-snippet:-1, max-image-preview:large, max-video-preview:-1\" \/>\n<link rel=\"canonical\" href=\"https:\/\/www.marienoelle-jarousseau.com\/fr\/lunivers-est-mouvement-2\/devinettes\/\" \/>\n<meta property=\"og:locale\" content=\"fr_FR\" \/>\n<meta property=\"og:type\" content=\"article\" \/>\n<meta property=\"og:title\" content=\"Devinettes - Marie-No\u00eblle Jarousseau - Artiste\" \/>\n<meta property=\"og:description\" content=\"DEVINETTES _____________ QUE \u00a0VOIS-TU \u00a0? Diff\u00e9rent de ma vision personnelle(tu peux en voir une partie sous\u00a0l&rsquo;image) \u00a0 Essaie de voir au-del\u00e0 des apparences \u00a0 \u00a0 \u00a0&#8211; \u00a0 \u00a0 \u00a0Laisse Ton Imagination vagabonder \u00a0 \u00a0 \u00a0&#8211; \u00a0 \u00a0 \u00a0Laisse faire Tes Yeux\u00a0Tout ce que Tu Vois est juste&#8230; \u00a0 \u00a0c&rsquo;est une partie de l&rsquo;immensit\u00e9 de l&rsquo;Univers&hellip;\" \/>\n<meta property=\"og:url\" content=\"https:\/\/www.marienoelle-jarousseau.com\/fr\/lunivers-est-mouvement-2\/devinettes\/\" \/>\n<meta property=\"og:site_name\" content=\"Marie-No\u00eblle Jarousseau - Artiste\" \/>\n<meta property=\"article:modified_time\" content=\"2023-03-01T15:11:34+00:00\" \/>\n<meta property=\"og:image\" content=\"http:\/\/www.marienoelle-jarousseau.com\/fr\/wp-content\/uploads\/2017\/03\/Bois-mort-WEB_DSC0087-bois-mort-.jpg\" \/>\n<meta name=\"twitter:card\" content=\"summary_large_image\" \/>\n<meta name=\"twitter:label1\" content=\"Dur\u00e9e de lecture estim\u00e9e\" \/>\n\t<meta name=\"twitter:data1\" content=\"1 minute\" \/>\n<script type=\"application\/ld+json\" class=\"yoast-schema-graph\">{\"@context\":\"https:\\\/\\\/schema.org\",\"@graph\":[{\"@type\":\"WebPage\",\"@id\":\"https:\\\/\\\/www.marienoelle-jarousseau.com\\\/fr\\\/lunivers-est-mouvement-2\\\/devinettes\\\/\",\"url\":\"https:\\\/\\\/www.marienoelle-jarousseau.com\\\/fr\\\/lunivers-est-mouvement-2\\\/devinettes\\\/\",\"name\":\"Devinettes - Marie-No\u00eblle Jarousseau - Artiste\",\"isPartOf\":{\"@id\":\"https:\\\/\\\/www.marienoelle-jarousseau.com\\\/fr\\\/#website\"},\"primaryImageOfPage\":{\"@id\":\"https:\\\/\\\/www.marienoelle-jarousseau.com\\\/fr\\\/lunivers-est-mouvement-2\\\/devinettes\\\/#primaryimage\"},\"image\":{\"@id\":\"https:\\\/\\\/www.marienoelle-jarousseau.com\\\/fr\\\/lunivers-est-mouvement-2\\\/devinettes\\\/#primaryimage\"},\"thumbnailUrl\":\"http:\\\/\\\/www.marienoelle-jarousseau.com\\\/fr\\\/wp-content\\\/uploads\\\/2017\\\/03\\\/Bois-mort-WEB_DSC0087-bois-mort-.jpg\",\"datePublished\":\"2017-03-08T15:27:48+00:00\",\"dateModified\":\"2023-03-01T15:11:34+00:00\",\"breadcrumb\":{\"@id\":\"https:\\\/\\\/www.marienoelle-jarousseau.com\\\/fr\\\/lunivers-est-mouvement-2\\\/devinettes\\\/#breadcrumb\"},\"inLanguage\":\"fr-FR\",\"potentialAction\":[{\"@type\":\"ReadAction\",\"target\":[\"https:\\\/\\\/www.marienoelle-jarousseau.com\\\/fr\\\/lunivers-est-mouvement-2\\\/devinettes\\\/\"]}]},{\"@type\":\"ImageObject\",\"inLanguage\":\"fr-FR\",\"@id\":\"https:\\\/\\\/www.marienoelle-jarousseau.com\\\/fr\\\/lunivers-est-mouvement-2\\\/devinettes\\\/#primaryimage\",\"url\":\"http:\\\/\\\/www.marienoelle-jarousseau.com\\\/fr\\\/wp-content\\\/uploads\\\/2017\\\/03\\\/Bois-mort-WEB_DSC0087-bois-mort-.jpg\",\"contentUrl\":\"http:\\\/\\\/www.marienoelle-jarousseau.com\\\/fr\\\/wp-content\\\/uploads\\\/2017\\\/03\\\/Bois-mort-WEB_DSC0087-bois-mort-.jpg\"},{\"@type\":\"BreadcrumbList\",\"@id\":\"https:\\\/\\\/www.marienoelle-jarousseau.com\\\/fr\\\/lunivers-est-mouvement-2\\\/devinettes\\\/#breadcrumb\",\"itemListElement\":[{\"@type\":\"ListItem\",\"position\":1,\"name\":\"Accueil\",\"item\":\"https:\\\/\\\/www.marienoelle-jarousseau.com\\\/fr\\\/\"},{\"@type\":\"ListItem\",\"position\":2,\"name\":\"L&rsquo;UNIVERS EST MOUVEMENT\",\"item\":\"https:\\\/\\\/www.marienoelle-jarousseau.com\\\/fr\\\/lunivers-est-mouvement-2\\\/\"},{\"@type\":\"ListItem\",\"position\":3,\"name\":\"Devinettes\"}]},{\"@type\":\"WebSite\",\"@id\":\"https:\\\/\\\/www.marienoelle-jarousseau.com\\\/fr\\\/#website\",\"url\":\"https:\\\/\\\/www.marienoelle-jarousseau.com\\\/fr\\\/\",\"name\":\"Marie-No\u00eblle Jarousseau - Artiste\",\"description\":\"\",\"potentialAction\":[{\"@type\":\"SearchAction\",\"target\":{\"@type\":\"EntryPoint\",\"urlTemplate\":\"https:\\\/\\\/www.marienoelle-jarousseau.com\\\/fr\\\/?s={search_term_string}\"},\"query-input\":{\"@type\":\"PropertyValueSpecification\",\"valueRequired\":true,\"valueName\":\"search_term_string\"}}],\"inLanguage\":\"fr-FR\"}]}<\/script>\n<!-- \/ Yoast SEO plugin. -->","yoast_head_json":{"title":"Devinettes - Marie-No\u00eblle Jarousseau - Artiste","robots":{"index":"index","follow":"follow","max-snippet":"max-snippet:-1","max-image-preview":"max-image-preview:large","max-video-preview":"max-video-preview:-1"},"canonical":"https:\/\/www.marienoelle-jarousseau.com\/fr\/lunivers-est-mouvement-2\/devinettes\/","og_locale":"fr_FR","og_type":"article","og_title":"Devinettes - Marie-No\u00eblle Jarousseau - Artiste","og_description":"DEVINETTES _____________ QUE \u00a0VOIS-TU \u00a0? Diff\u00e9rent de ma vision personnelle(tu peux en voir une partie sous\u00a0l&rsquo;image) \u00a0 Essaie de voir au-del\u00e0 des apparences \u00a0 \u00a0 \u00a0&#8211; \u00a0 \u00a0 \u00a0Laisse Ton Imagination vagabonder \u00a0 \u00a0 \u00a0&#8211; \u00a0 \u00a0 \u00a0Laisse faire Tes Yeux\u00a0Tout ce que Tu Vois est juste&#8230; \u00a0 \u00a0c&rsquo;est une partie de l&rsquo;immensit\u00e9 de l&rsquo;Univers&hellip;","og_url":"https:\/\/www.marienoelle-jarousseau.com\/fr\/lunivers-est-mouvement-2\/devinettes\/","og_site_name":"Marie-No\u00eblle Jarousseau - Artiste","article_modified_time":"2023-03-01T15:11:34+00:00","og_image":[{"url":"http:\/\/www.marienoelle-jarousseau.com\/fr\/wp-content\/uploads\/2017\/03\/Bois-mort-WEB_DSC0087-bois-mort-.jpg","type":"","width":"","height":""}],"twitter_card":"summary_large_image","twitter_misc":{"Dur\u00e9e de lecture estim\u00e9e":"1 minute"},"schema":{"@context":"https:\/\/schema.org","@graph":[{"@type":"WebPage","@id":"https:\/\/www.marienoelle-jarousseau.com\/fr\/lunivers-est-mouvement-2\/devinettes\/","url":"https:\/\/www.marienoelle-jarousseau.com\/fr\/lunivers-est-mouvement-2\/devinettes\/","name":"Devinettes - Marie-No\u00eblle Jarousseau - Artiste","isPartOf":{"@id":"https:\/\/www.marienoelle-jarousseau.com\/fr\/#website"},"primaryImageOfPage":{"@id":"https:\/\/www.marienoelle-jarousseau.com\/fr\/lunivers-est-mouvement-2\/devinettes\/#primaryimage"},"image":{"@id":"https:\/\/www.marienoelle-jarousseau.com\/fr\/lunivers-est-mouvement-2\/devinettes\/#primaryimage"},"thumbnailUrl":"http:\/\/www.marienoelle-jarousseau.com\/fr\/wp-content\/uploads\/2017\/03\/Bois-mort-WEB_DSC0087-bois-mort-.jpg","datePublished":"2017-03-08T15:27:48+00:00","dateModified":"2023-03-01T15:11:34+00:00","breadcrumb":{"@id":"https:\/\/www.marienoelle-jarousseau.com\/fr\/lunivers-est-mouvement-2\/devinettes\/#breadcrumb"},"inLanguage":"fr-FR","potentialAction":[{"@type":"ReadAction","target":["https:\/\/www.marienoelle-jarousseau.com\/fr\/lunivers-est-mouvement-2\/devinettes\/"]}]},{"@type":"ImageObject","inLanguage":"fr-FR","@id":"https:\/\/www.marienoelle-jarousseau.com\/fr\/lunivers-est-mouvement-2\/devinettes\/#primaryimage","url":"http:\/\/www.marienoelle-jarousseau.com\/fr\/wp-content\/uploads\/2017\/03\/Bois-mort-WEB_DSC0087-bois-mort-.jpg","contentUrl":"http:\/\/www.marienoelle-jarousseau.com\/fr\/wp-content\/uploads\/2017\/03\/Bois-mort-WEB_DSC0087-bois-mort-.jpg"},{"@type":"BreadcrumbList","@id":"https:\/\/www.marienoelle-jarousseau.com\/fr\/lunivers-est-mouvement-2\/devinettes\/#breadcrumb","itemListElement":[{"@type":"ListItem","position":1,"name":"Accueil","item":"https:\/\/www.marienoelle-jarousseau.com\/fr\/"},{"@type":"ListItem","position":2,"name":"L&rsquo;UNIVERS EST MOUVEMENT","item":"https:\/\/www.marienoelle-jarousseau.com\/fr\/lunivers-est-mouvement-2\/"},{"@type":"ListItem","position":3,"name":"Devinettes"}]},{"@type":"WebSite","@id":"https:\/\/www.marienoelle-jarousseau.com\/fr\/#website","url":"https:\/\/www.marienoelle-jarousseau.com\/fr\/","name":"Marie-No\u00eblle Jarousseau - Artiste","description":"","potentialAction":[{"@type":"SearchAction","target":{"@type":"EntryPoint","urlTemplate":"https:\/\/www.marienoelle-jarousseau.com\/fr\/?s={search_term_string}"},"query-input":{"@type":"PropertyValueSpecification","valueRequired":true,"valueName":"search_term_string"}}],"inLanguage":"fr-FR"}]}},"_links":{"self":[{"href":"https:\/\/www.marienoelle-jarousseau.com\/fr\/wp-json\/wp\/v2\/pages\/1244","targetHints":{"allow":["GET"]}}],"collection":[{"href":"https:\/\/www.marienoelle-jarousseau.com\/fr\/wp-json\/wp\/v2\/pages"}],"about":[{"href":"https:\/\/www.marienoelle-jarousseau.com\/fr\/wp-json\/wp\/v2\/types\/page"}],"author":[{"embeddable":true,"href":"https:\/\/www.marienoelle-jarousseau.com\/fr\/wp-json\/wp\/v2\/users\/3"}],"replies":[{"embeddable":true,"href":"https:\/\/www.marienoelle-jarousseau.com\/fr\/wp-json\/wp\/v2\/comments?post=1244"}],"version-history":[{"count":0,"href":"https:\/\/www.marienoelle-jarousseau.com\/fr\/wp-json\/wp\/v2\/pages\/1244\/revisions"}],"up":[{"embeddable":true,"href":"https:\/\/www.marienoelle-jarousseau.com\/fr\/wp-json\/wp\/v2\/pages\/1981"}],"wp:attachment":[{"href":"https:\/\/www.marienoelle-jarousseau.com\/fr\/wp-json\/wp\/v2\/media?parent=1244"}],"curies":[{"name":"wp","href":"https:\/\/api.w.org\/{rel}","templated":true}]}}