{"id":1450,"date":"2017-03-19T16:58:09","date_gmt":"2017-03-19T15:58:09","guid":{"rendered":"http:\/\/www.marienoelle-jarousseau.com\/fr\/?page_id=1450"},"modified":"2024-11-08T12:31:39","modified_gmt":"2024-11-08T11:31:39","slug":"le-regard","status":"publish","type":"page","link":"https:\/\/www.marienoelle-jarousseau.com\/fr\/themes\/le-regard\/","title":{"rendered":"Le regard"},"content":{"rendered":"\n\n\t<h3>LE \u00a0 REGARD<\/h3>\n\t<h2><em>L&rsquo;\u00a0 \u00a0 Ind\u00e9finissable<\/em><\/h2>\n<p>_________________<\/p>\n<p>\u00a0\u00bb <em>AUTO-PORTRAIT<\/em> \u00ab\u00a0<\/p>\n\t\t\t\t<img loading=\"lazy\" decoding=\"async\" src=\"https:\/\/www.marienoelle-jarousseau.com\/fr\/wp-content\/uploads\/2020\/04\/WEB-Inde\u0301finissable-IMG_5174-768x1024.jpg\" alt=\"L' Ind\u00e9finissable\n &quot;auto-portrait&quot;\" itemprop=\"image\" height=\"1024\" width=\"768\" title=\"WEB---Inde\u0301finissable---IMG_5174\" onerror=\"this.style.display='none'\"  \/>\n\t<h4>\u00a0LE \u00a0 REGARD \u00a0 ABSTRAIT<\/h4>\n\t\t\t\t<img decoding=\"async\" src=\"http:\/\/www.marienoelle-jarousseau.com\/fr\/wp-content\/uploads\/2017\/03\/regard-en-multiple-essai-web.jpg\" alt=\"regard-en-multiple-essai-web\" itemprop=\"image\" title=\"regard-en-multiple-essai-web\" onerror=\"this.style.display='none'\"  \/>\n\t<p>&nbsp;<\/p>\n<p>&nbsp;<\/p>\nRegard per\u00e7ant<br \/>\nou<br \/>\nRegard coquin\u00a0?\n<p>Quelle sensation d\u00e9gages-tu\u00a0?.<\/p>\n<p>Oiseau, chien, dauphin, humain ?<\/p>\n<p>Quelle fa\u00e7ade choisis-tu\u00a0?<\/p>\n<p>Quelle image nous montres-tu\u00a0?<\/p>\nEmpreinte ext\u00e9rieure<br \/>\nDe mille facettes ne te rev\u00eats-tu pas\u00a0!<br \/>\nInterchangeables et fuyantes<br \/>\nBallott\u00e9es et fa\u00e7onn\u00e9es par les ans\n<p>\u00a0 \u00a0 \u00a0 \u00a0 \u00a0 \u00a0 \u00a0 \u00a0 \u00a0 \u00a0 \u00a0 \u00a0 \u00a0 \u00a0 \u00a0 \u00a0 \u00a0 \u00a0 \u00a0 \u00a0 \u00a0 \u00a0 \u00a0 \u00a0 \u00a0 \u00a0 \u00a0 \u00a0 \u00a0 \u00a0 \u00a0 \u00a0 \u00a0 \u00a0 \u00a0 \u00a0 \u00a0(suite 1)<\/p>\n\t<p>\u00a0 \u00a0 \u00a0 \u00a0 \u00a0 \u00a0 \u00a0 \u00a0 \u00a0 \u00a0 \u00a0 \u00a0 (suite 1)<\/p>\n<p>Mais<br \/>Ce Regard\u00a0!<\/p>\n<p>Qu&rsquo;y-a-t-il<br \/>Derri\u00e8re ce Regard\u00a0!<\/p>\n<p>Qui\u00a0!<br \/>Qui&#8230;&#8230;Est-l\u00e0\u00a0!<\/p>\n<p>Quel Etre non d\u00e9voil\u00e9<br \/>Prot\u00e8ge ainsi sa Puret\u00e9\u00a0?<\/p>\n<p>Regard dur et ferm\u00e9<br \/>Regard baiss\u00e9 et bless\u00e9<br \/>Regard inexistant<br \/>Regard implorant<br \/>Regard incertain<br \/>Regard malin<br \/>Regard tendre et caressant<br \/>Regard ouvert<br \/>Regard offert<\/p>\n<p>Chacun y va de son Concert<\/p>\n<p>\u00a0 \u00a0 \u00a0 \u00a0 \u00a0 \u00a0 \u00a0 \u00a0 \u00a0 \u00a0 \u00a0 \u00a0 \u00a0 \u00a0 \u00a0 \u00a0 \u00a0 \u00a0 \u00a0 \u00a0 \u00a0 \u00a0 \u00a0 \u00a0 \u00a0 \u00a0 \u00a0 \u00a0 \u00a0 \u00a0 \u00a0 \u00a0 \u00a0 \u00a0(suite 2)<\/p>\n\t<p>\u00a0 \u00a0 \u00a0 \u00a0 \u00a0 \u00a0 \u00a0 \u00a0 \u00a0 (suite 2)<\/p>\n<p>Mais<\/p>\n<p><em>LE \u00a0REGARD<\/em><\/p>\n<p>Porte transparente entre projections et Pr\u00e9sence<\/p>\n<p>&nbsp;<\/p>\n<p>VOIS \u00a0A \u00a0TRAVERS<\/p>\n<em>VOIS<br \/>\nDerri\u00e8re&#8230;<br \/>\nJuste&#8230; derri\u00e8re le sas<\/em>\n<p>&nbsp;<\/p>\n<em>Derri\u00e8re l&rsquo;apparence<br \/>\nEST\u00a0\u00a0 l&rsquo; Existence<\/em>\n<p><em>O\u00f9<\/em><\/p>\n<em>Beaut\u00e9 et Puret\u00e9<br \/>\nValsent en Abondance<\/em>\n<p>MNJ<\/p>\n\t<blockquote><p>&nbsp;<\/p>\n<p>&nbsp;<\/p>\n<p><em>OEIL \u00a0 VERT<\/em><\/p>\n<p>\u00a0<\/p>\n<p>Ose&#8230;<\/p>\n<p>Franchir\u00a0cette fa\u00e7ade de marbre<\/p>\n<p>Laisse-nous voir&#8230;<\/p>\n<p>La Beaut\u00e9 dans ton Regard <\/p>\n<p>MNJ<\/p>\n\n<\/blockquote>\n\t\t\t\t<img decoding=\"async\" src=\"http:\/\/www.marienoelle-jarousseau.com\/fr\/wp-content\/uploads\/2017\/03\/42-OEIL-VERT-1-Web-composition-sur-papier-plume-ae\u0301rographie-et-faux_.jpg\" alt=\"OEIL VERT -composition -\n ae\u0301rographie et faux marbre vert de mer\" itemprop=\"image\" title=\"42-OEIL-VERT-1-Web-composition-sur-papier-plume--ae\u0301rographie-et-faux_\" onerror=\"this.style.display='none'\"  \/>\n\t<p><em>BEAUTE \u00a0 \u00a0D&rsquo; ORIENT<\/em><\/p>\n\t\t\t\t<img decoding=\"async\" src=\"http:\/\/www.marienoelle-jarousseau.com\/fr\/wp-content\/uploads\/2017\/03\/48-BEAUTE-DORIENT-Web-regard-de\u0301tour-flou-e\u0301tape-1-composition-sur-papier-plume-ae\u0301rographie-tissu-bijoux-110-x-160-avril-1995-mars-2003.jpg\" alt=\"48-BEAUTE-D'ORIENT-Web-regard-de\u0301tour-flou-e\u0301tape-1-composition-sur-papier-plume--ae\u0301rographie,-tissu-&amp;-bijoux--110-x-160--avril-1995-&amp;-mars-2003\" itemprop=\"image\" title=\"48-BEAUTE-D'ORIENT-Web-regard-de\u0301tour-flou-e\u0301tape-1-composition-sur-papier-plume--ae\u0301rographie,-tissu-&amp;-bijoux--110-x-160--avril-1995-&amp;-mars-2003\" onerror=\"this.style.display='none'\"  \/>\n\t\nApparences ext\u00e9rieures<br \/>\nBeaut\u00e9 int\u00e9rieure\n<em><br \/>\nSilence<\/em>\n<p>&nbsp;<\/p>\nTout ici<br \/>\nN&rsquo;est que magnificence\nJoyaux incomparables<br \/>\nD&rsquo;une pleine Existence\n<p>MNJ<\/p>\n\t<p><strong><em>BEAUTE \u00a0 \u00a0MUSULMANE<\/em><\/strong><\/p>\n\t<h4><strong><em><br \/>\nRegard perdu ou lointain<\/em><\/strong><br \/>\n<strong><em>Qu&rsquo;as-tu choisi comme Destin\u00a0?<\/em><\/strong><\/h4>\n<br \/>\nSous ce voile sans parure<br \/>\nDe quelle beaut\u00e9 est TA nature\u00a0?\nTu me regardes intens\u00e9ment<br \/>\nEt<br \/>\nJe me sens vibrer profond\u00e9ment\nJe te rejoins en ton sein<br \/>\nL\u00e0 ou LA VIE n&rsquo;est qu&rsquo;essaim\nExt\u00e9rieurement, si tu t&rsquo;effaces<br \/>\nTu n&rsquo;en es que plus vibrante sous cette face\nEn toi fourmillent des milliers de potentialit\u00e9s<br \/>\nEt Toi, seule, conna\u00eet la beaut\u00e9<br \/>\nLe secret de ces tr\u00e9sors gard\u00e9s\nFemme cach\u00e9e<br \/>\nFemme voil\u00e9e\n<p>&nbsp;<\/p>\n<h4><strong>Que TU ES BELLE\u00a0! <\/strong><\/h4>\n<h4>MNJ<\/h4>\n\t\t\t\t<img decoding=\"async\" src=\"http:\/\/www.marienoelle-jarousseau.com\/fr\/wp-content\/uploads\/2017\/03\/beaute\u0301-musulmane-fond-noir1-web-flou-de-mur.jpg\" alt=\"beaute\u0301-musulmane-fond-noir1-web-flou-de-mur\" itemprop=\"image\" title=\"beaute\u0301-musulmane-fond-noir1-web-flou-de-mur\" onerror=\"this.style.display='none'\"  \/>\n\t\t\t\t<img decoding=\"async\" src=\"http:\/\/www.marienoelle-jarousseau.com\/fr\/wp-content\/uploads\/2017\/03\/Le-tetard-essai1-web.jpg\" alt=\"Le-tetard-essai1-web\" itemprop=\"image\" title=\"Le-tetard-essai1-web\" onerror=\"this.style.display='none'\"  \/>\n\n","protected":false},"excerpt":{"rendered":"<p>LE \u00a0 REGARD L&rsquo;\u00a0 \u00a0 Ind\u00e9finissable _________________ \u00a0\u00bb AUTO-PORTRAIT \u00ab\u00a0 \u00a0LE \u00a0 REGARD \u00a0 ABSTRAIT &nbsp; &nbsp; Regard per\u00e7ant ou Regard coquin\u00a0? Quelle sensation d\u00e9gages-tu\u00a0?. Oiseau, chien, dauphin, humain ? Quelle fa\u00e7ade choisis-tu\u00a0? Quelle image nous montres-tu\u00a0? Empreinte ext\u00e9rieure De mille facettes ne te rev\u00eats-tu pas\u00a0! Interchangeables et fuyantes Ballott\u00e9es et fa\u00e7onn\u00e9es par les ans&hellip;<\/p>\n","protected":false},"author":3,"featured_media":0,"parent":1326,"menu_order":7,"comment_status":"closed","ping_status":"closed","template":"","meta":{"footnotes":""},"class_list":["post-1450","page","type-page","status-publish","hentry"],"yoast_head":"<!-- This site is optimized with the Yoast SEO plugin v27.4 - https:\/\/yoast.com\/product\/yoast-seo-wordpress\/ -->\n<title>Le regard - Marie-No\u00eblle Jarousseau - Artiste<\/title>\n<meta name=\"robots\" content=\"index, follow, max-snippet:-1, max-image-preview:large, max-video-preview:-1\" \/>\n<link rel=\"canonical\" href=\"https:\/\/www.marienoelle-jarousseau.com\/fr\/themes\/le-regard\/\" \/>\n<meta property=\"og:locale\" content=\"fr_FR\" \/>\n<meta property=\"og:type\" content=\"article\" \/>\n<meta property=\"og:title\" content=\"Le regard - Marie-No\u00eblle Jarousseau - Artiste\" \/>\n<meta property=\"og:description\" content=\"LE \u00a0 REGARD L&rsquo;\u00a0 \u00a0 Ind\u00e9finissable _________________ \u00a0\u00bb AUTO-PORTRAIT \u00ab\u00a0 \u00a0LE \u00a0 REGARD \u00a0 ABSTRAIT &nbsp; &nbsp; Regard per\u00e7ant ou Regard coquin\u00a0? Quelle sensation d\u00e9gages-tu\u00a0?. Oiseau, chien, dauphin, humain ? Quelle fa\u00e7ade choisis-tu\u00a0? Quelle image nous montres-tu\u00a0? Empreinte ext\u00e9rieure De mille facettes ne te rev\u00eats-tu pas\u00a0! Interchangeables et fuyantes Ballott\u00e9es et fa\u00e7onn\u00e9es par les ans&hellip;\" \/>\n<meta property=\"og:url\" content=\"https:\/\/www.marienoelle-jarousseau.com\/fr\/themes\/le-regard\/\" \/>\n<meta property=\"og:site_name\" content=\"Marie-No\u00eblle Jarousseau - Artiste\" \/>\n<meta property=\"article:modified_time\" content=\"2024-11-08T11:31:39+00:00\" \/>\n<meta property=\"og:image\" content=\"http:\/\/www.marienoelle-jarousseau.com\/fr\/wp-content\/uploads\/2017\/03\/regard-en-multiple-essai-web.jpg\" \/>\n<meta name=\"twitter:card\" content=\"summary_large_image\" \/>\n<meta name=\"twitter:label1\" content=\"Dur\u00e9e de lecture estim\u00e9e\" \/>\n\t<meta name=\"twitter:data1\" content=\"1 minute\" \/>\n<script type=\"application\/ld+json\" class=\"yoast-schema-graph\">{\"@context\":\"https:\\\/\\\/schema.org\",\"@graph\":[{\"@type\":\"WebPage\",\"@id\":\"https:\\\/\\\/www.marienoelle-jarousseau.com\\\/fr\\\/themes\\\/le-regard\\\/\",\"url\":\"https:\\\/\\\/www.marienoelle-jarousseau.com\\\/fr\\\/themes\\\/le-regard\\\/\",\"name\":\"Le regard - Marie-No\u00eblle Jarousseau - Artiste\",\"isPartOf\":{\"@id\":\"https:\\\/\\\/www.marienoelle-jarousseau.com\\\/fr\\\/#website\"},\"primaryImageOfPage\":{\"@id\":\"https:\\\/\\\/www.marienoelle-jarousseau.com\\\/fr\\\/themes\\\/le-regard\\\/#primaryimage\"},\"image\":{\"@id\":\"https:\\\/\\\/www.marienoelle-jarousseau.com\\\/fr\\\/themes\\\/le-regard\\\/#primaryimage\"},\"thumbnailUrl\":\"http:\\\/\\\/www.marienoelle-jarousseau.com\\\/fr\\\/wp-content\\\/uploads\\\/2017\\\/03\\\/regard-en-multiple-essai-web.jpg\",\"datePublished\":\"2017-03-19T15:58:09+00:00\",\"dateModified\":\"2024-11-08T11:31:39+00:00\",\"breadcrumb\":{\"@id\":\"https:\\\/\\\/www.marienoelle-jarousseau.com\\\/fr\\\/themes\\\/le-regard\\\/#breadcrumb\"},\"inLanguage\":\"fr-FR\",\"potentialAction\":[{\"@type\":\"ReadAction\",\"target\":[\"https:\\\/\\\/www.marienoelle-jarousseau.com\\\/fr\\\/themes\\\/le-regard\\\/\"]}]},{\"@type\":\"ImageObject\",\"inLanguage\":\"fr-FR\",\"@id\":\"https:\\\/\\\/www.marienoelle-jarousseau.com\\\/fr\\\/themes\\\/le-regard\\\/#primaryimage\",\"url\":\"http:\\\/\\\/www.marienoelle-jarousseau.com\\\/fr\\\/wp-content\\\/uploads\\\/2017\\\/03\\\/regard-en-multiple-essai-web.jpg\",\"contentUrl\":\"http:\\\/\\\/www.marienoelle-jarousseau.com\\\/fr\\\/wp-content\\\/uploads\\\/2017\\\/03\\\/regard-en-multiple-essai-web.jpg\"},{\"@type\":\"BreadcrumbList\",\"@id\":\"https:\\\/\\\/www.marienoelle-jarousseau.com\\\/fr\\\/themes\\\/le-regard\\\/#breadcrumb\",\"itemListElement\":[{\"@type\":\"ListItem\",\"position\":1,\"name\":\"Accueil\",\"item\":\"https:\\\/\\\/www.marienoelle-jarousseau.com\\\/fr\\\/\"},{\"@type\":\"ListItem\",\"position\":2,\"name\":\"THEMES\",\"item\":\"https:\\\/\\\/www.marienoelle-jarousseau.com\\\/fr\\\/themes\\\/\"},{\"@type\":\"ListItem\",\"position\":3,\"name\":\"Le regard\"}]},{\"@type\":\"WebSite\",\"@id\":\"https:\\\/\\\/www.marienoelle-jarousseau.com\\\/fr\\\/#website\",\"url\":\"https:\\\/\\\/www.marienoelle-jarousseau.com\\\/fr\\\/\",\"name\":\"Marie-No\u00eblle Jarousseau - Artiste\",\"description\":\"\",\"potentialAction\":[{\"@type\":\"SearchAction\",\"target\":{\"@type\":\"EntryPoint\",\"urlTemplate\":\"https:\\\/\\\/www.marienoelle-jarousseau.com\\\/fr\\\/?s={search_term_string}\"},\"query-input\":{\"@type\":\"PropertyValueSpecification\",\"valueRequired\":true,\"valueName\":\"search_term_string\"}}],\"inLanguage\":\"fr-FR\"}]}<\/script>\n<!-- \/ Yoast SEO plugin. -->","yoast_head_json":{"title":"Le regard - Marie-No\u00eblle Jarousseau - Artiste","robots":{"index":"index","follow":"follow","max-snippet":"max-snippet:-1","max-image-preview":"max-image-preview:large","max-video-preview":"max-video-preview:-1"},"canonical":"https:\/\/www.marienoelle-jarousseau.com\/fr\/themes\/le-regard\/","og_locale":"fr_FR","og_type":"article","og_title":"Le regard - Marie-No\u00eblle Jarousseau - Artiste","og_description":"LE \u00a0 REGARD L&rsquo;\u00a0 \u00a0 Ind\u00e9finissable _________________ \u00a0\u00bb AUTO-PORTRAIT \u00ab\u00a0 \u00a0LE \u00a0 REGARD \u00a0 ABSTRAIT &nbsp; &nbsp; Regard per\u00e7ant ou Regard coquin\u00a0? Quelle sensation d\u00e9gages-tu\u00a0?. Oiseau, chien, dauphin, humain ? Quelle fa\u00e7ade choisis-tu\u00a0? Quelle image nous montres-tu\u00a0? Empreinte ext\u00e9rieure De mille facettes ne te rev\u00eats-tu pas\u00a0! Interchangeables et fuyantes Ballott\u00e9es et fa\u00e7onn\u00e9es par les ans&hellip;","og_url":"https:\/\/www.marienoelle-jarousseau.com\/fr\/themes\/le-regard\/","og_site_name":"Marie-No\u00eblle Jarousseau - Artiste","article_modified_time":"2024-11-08T11:31:39+00:00","og_image":[{"url":"http:\/\/www.marienoelle-jarousseau.com\/fr\/wp-content\/uploads\/2017\/03\/regard-en-multiple-essai-web.jpg","type":"","width":"","height":""}],"twitter_card":"summary_large_image","twitter_misc":{"Dur\u00e9e de lecture estim\u00e9e":"1 minute"},"schema":{"@context":"https:\/\/schema.org","@graph":[{"@type":"WebPage","@id":"https:\/\/www.marienoelle-jarousseau.com\/fr\/themes\/le-regard\/","url":"https:\/\/www.marienoelle-jarousseau.com\/fr\/themes\/le-regard\/","name":"Le regard - Marie-No\u00eblle Jarousseau - Artiste","isPartOf":{"@id":"https:\/\/www.marienoelle-jarousseau.com\/fr\/#website"},"primaryImageOfPage":{"@id":"https:\/\/www.marienoelle-jarousseau.com\/fr\/themes\/le-regard\/#primaryimage"},"image":{"@id":"https:\/\/www.marienoelle-jarousseau.com\/fr\/themes\/le-regard\/#primaryimage"},"thumbnailUrl":"http:\/\/www.marienoelle-jarousseau.com\/fr\/wp-content\/uploads\/2017\/03\/regard-en-multiple-essai-web.jpg","datePublished":"2017-03-19T15:58:09+00:00","dateModified":"2024-11-08T11:31:39+00:00","breadcrumb":{"@id":"https:\/\/www.marienoelle-jarousseau.com\/fr\/themes\/le-regard\/#breadcrumb"},"inLanguage":"fr-FR","potentialAction":[{"@type":"ReadAction","target":["https:\/\/www.marienoelle-jarousseau.com\/fr\/themes\/le-regard\/"]}]},{"@type":"ImageObject","inLanguage":"fr-FR","@id":"https:\/\/www.marienoelle-jarousseau.com\/fr\/themes\/le-regard\/#primaryimage","url":"http:\/\/www.marienoelle-jarousseau.com\/fr\/wp-content\/uploads\/2017\/03\/regard-en-multiple-essai-web.jpg","contentUrl":"http:\/\/www.marienoelle-jarousseau.com\/fr\/wp-content\/uploads\/2017\/03\/regard-en-multiple-essai-web.jpg"},{"@type":"BreadcrumbList","@id":"https:\/\/www.marienoelle-jarousseau.com\/fr\/themes\/le-regard\/#breadcrumb","itemListElement":[{"@type":"ListItem","position":1,"name":"Accueil","item":"https:\/\/www.marienoelle-jarousseau.com\/fr\/"},{"@type":"ListItem","position":2,"name":"THEMES","item":"https:\/\/www.marienoelle-jarousseau.com\/fr\/themes\/"},{"@type":"ListItem","position":3,"name":"Le regard"}]},{"@type":"WebSite","@id":"https:\/\/www.marienoelle-jarousseau.com\/fr\/#website","url":"https:\/\/www.marienoelle-jarousseau.com\/fr\/","name":"Marie-No\u00eblle Jarousseau - Artiste","description":"","potentialAction":[{"@type":"SearchAction","target":{"@type":"EntryPoint","urlTemplate":"https:\/\/www.marienoelle-jarousseau.com\/fr\/?s={search_term_string}"},"query-input":{"@type":"PropertyValueSpecification","valueRequired":true,"valueName":"search_term_string"}}],"inLanguage":"fr-FR"}]}},"_links":{"self":[{"href":"https:\/\/www.marienoelle-jarousseau.com\/fr\/wp-json\/wp\/v2\/pages\/1450","targetHints":{"allow":["GET"]}}],"collection":[{"href":"https:\/\/www.marienoelle-jarousseau.com\/fr\/wp-json\/wp\/v2\/pages"}],"about":[{"href":"https:\/\/www.marienoelle-jarousseau.com\/fr\/wp-json\/wp\/v2\/types\/page"}],"author":[{"embeddable":true,"href":"https:\/\/www.marienoelle-jarousseau.com\/fr\/wp-json\/wp\/v2\/users\/3"}],"replies":[{"embeddable":true,"href":"https:\/\/www.marienoelle-jarousseau.com\/fr\/wp-json\/wp\/v2\/comments?post=1450"}],"version-history":[{"count":0,"href":"https:\/\/www.marienoelle-jarousseau.com\/fr\/wp-json\/wp\/v2\/pages\/1450\/revisions"}],"up":[{"embeddable":true,"href":"https:\/\/www.marienoelle-jarousseau.com\/fr\/wp-json\/wp\/v2\/pages\/1326"}],"wp:attachment":[{"href":"https:\/\/www.marienoelle-jarousseau.com\/fr\/wp-json\/wp\/v2\/media?parent=1450"}],"curies":[{"name":"wp","href":"https:\/\/api.w.org\/{rel}","templated":true}]}}