{"id":1454,"date":"2017-03-19T16:58:19","date_gmt":"2017-03-19T15:58:19","guid":{"rendered":"http:\/\/www.marienoelle-jarousseau.com\/fr\/?page_id=1454"},"modified":"2024-11-08T12:19:59","modified_gmt":"2024-11-08T11:19:59","slug":"lhomme","status":"publish","type":"page","link":"https:\/\/www.marienoelle-jarousseau.com\/fr\/themes\/lhomme\/","title":{"rendered":"L&rsquo;homme"},"content":{"rendered":"\n\n\t<h3><em>Hommage \u00e0 l&rsquo;homme, gardien perp\u00e9tuel de la race&#8230;<\/em><\/h3>\n\t<h2><em>L &lsquo; HOMME<\/em><\/h2>\n\t\t\t\t<img decoding=\"async\" src=\"http:\/\/www.marienoelle-jarousseau.com\/fr\/wp-content\/uploads\/2015\/10\/47-PENSEUR-DE-RODIN-web-pointille\u0301s-en-rotring-43-x-53-avril-1995-juin-2002.jpg\" alt=\"Penseur de Rodin\" itemprop=\"image\" title=\"47-PENSEUR-DE-RODIN-web-pointille\u0301s-en-rotring--43-x-53--avril-1995-&amp;-juin-2002\" onerror=\"this.style.display='none'\"  \/>\n\t\tPenseur de Rodin\n\t\t\t\t<img decoding=\"async\" src=\"https:\/\/www.marienoelle-jarousseau.com\/fr\/wp-content\/plugins\/bb-plugin\/img\/pixel.png\" alt=\"\" itemprop=\"image\" onerror=\"this.style.display='none'\"  \/>\n\t\t\t\t<img decoding=\"async\" src=\"http:\/\/www.marienoelle-jarousseau.com\/fr\/wp-content\/uploads\/2015\/10\/34-Web-HOMME-NU-2-sign.com-ae\u0301rographie-sur-papier-51-x-66-de\u0301c-1994.jpg\" alt=\"Homme  nu\" itemprop=\"image\" title=\"34-Web-HOMME-NU--2-sign.com-ae\u0301rographie-sur-papier--51-x-66--de\u0301c-1994\" onerror=\"this.style.display='none'\"  \/>\n\t\tHomme  nu\n\t\t\t\t<img decoding=\"async\" src=\"http:\/\/www.marienoelle-jarousseau.com\/fr\/wp-content\/uploads\/2017\/03\/27-HOMME-AU-PIED-2-crayon-bois-32-x-38-06-nov-1994-.jpg\" alt=\"Homme  au  pied\" itemprop=\"image\" title=\"27 - HOMME AU PIED 2- crayon bois- 32 x 38 -06 nov 1994-\" onerror=\"this.style.display='none'\"  \/>\n\t\tHomme  au  pied\n\t<h2><em>\u00a0 SAINT &#8211; PROCULE\u00a0<\/em><\/h2>\n<p>___________________<\/p>\n\t\t\t\t<img decoding=\"async\" src=\"http:\/\/www.marienoelle-jarousseau.com\/fr\/wp-content\/uploads\/2015\/10\/36-Web-DAVID-OU-ST-PROCULE-1-sign.com-crayon-32x42-de\u0301c-1994-Janv-2003.jpg\" alt=\" Saint-Procule\" itemprop=\"image\" title=\"36-Web-DAVID-OU-ST-PROCULE-1-sign.com--crayon---32x42---de\u0301c-1994-&amp;-Janv-2003\" onerror=\"this.style.display='none'\"  \/>\n\t\t Saint-Procule\n\tQuel est ce petit sourire narquois<br \/>\nQu&rsquo;imperceptiblement tu nous octroies<br \/>\nTon regard malicieux<br \/>\nSemble pr\u00e9sager bien d&rsquo;autres cieux\n<p>&#8230;&#8230;..<\/p>\nTon image affiche ta d\u00e9termination<br \/>\nTon ardeur incessante \u00e0 partir au front<br \/>\nRien ne t&rsquo;arr\u00eate dans tes projets<br \/>\nQue tu sais, bient\u00f4t, devenir f\u00eate\nTout en Toi<br \/>\nRespire force et puissance<br \/>\nChevelure \u00e9paisse<br \/>\nMuscles parfaits<br \/>\nOssature solide<br \/>\nCorps \u00e9quilibre\nCe v\u00e9hicule que tu t&rsquo;es choisi<br \/>\nPour traverser cette si riche Vie<br \/>\nPour r\u00e9aliser l&rsquo;immensit\u00e9 de tes objets<br \/>\nRenvoie de Toi l&rsquo;image d&rsquo;un guerrier\n<p><em>\u00a0 \u00a0 \u00a0 \u00a0 \u00a0\u00ab\u00a0&#8230; Je pars au combat,<\/em><em>\u00a0<\/em><\/p>\n<p><em>\u00a0 \u00a0 \u00a0 \u00a0 \u00a0 Dites-vous,<\/em><em>\u00a0<\/em><\/p>\n<em>\u00a0 \u00a0 \u00a0 \u00a0 \u00a0 C&rsquo;est ce que vous croyez<br \/>\n<\/em><em>\u00a0 \u00a0 \u00a0 \u00a0 \u00a0 C&rsquo;est ainsi que vous me voyez<br \/>\n<\/em><em>\u00a0 \u00a0 \u00a0 \u00a0 \u00a0 C&rsquo;est le nom que vous semblez me donner&#8230;<\/em>\n<p><em>\u00a0 \u00a0 \u00a0 \u00a0 \u00a0 \u00ab\u00a0Guerrier\u00a0\u00bb<\/em><\/p>\n<p><em>\u00a0 \u00a0 \u00a0 \u00a0 \u00a0 Soit<\/em><\/p>\n<p><em>\u00a0 \u00a0 \u00a0 \u00a0 \u00a0 Je suis un guerrier<\/em><\/p>\n<em>\u00a0 \u00a0 \u00a0 \u00a0 \u00a0 Si tant est que je suis d\u00e9termin\u00e9<br \/>\n<\/em><em>\u00a0 \u00a0 \u00a0 \u00a0 \u00a0 Qu&rsquo;au bout je m\u00e8ne mes projets<br \/>\n<\/em><em>\u00a0 \u00a0 \u00a0 \u00a0 \u00a0 Que de ma Vie j&rsquo;assume mes choix<br \/>\n<\/em><em>\u00a0 \u00a0 \u00a0 \u00a0 \u00a0 Et me sens pleinement responsable<br \/>\n<\/em><em>\u00a0 \u00a0 \u00a0 \u00a0 \u00a0 De ce que j&rsquo;octroie<\/em>\n<p><em>\u00a0 \u00a0 \u00a0 \u00a0 \u00a0 Soit<\/em><\/p>\n<em>\u00a0 \u00a0 \u00a0 \u00a0 \u00a0 Mais<br \/>\n<\/em><em>\u00a0 \u00a0 \u00a0 \u00a0 \u00a0 Si vous ne choisissez que l&rsquo;apparence<br \/>\n<\/em><em>\u00a0 \u00a0 \u00a0 \u00a0 \u00a0 Vous ne pourrez entendre Ma Romance<\/em>\n<em>\u00a0 \u00a0 \u00a0 \u00a0 \u00a0 Mon combat \u00e0 Moi<br \/>\n<\/em><em>\u00a0 \u00a0 \u00a0 \u00a0 \u00a0 N&rsquo;a rien de guerrier<br \/>\n<\/em><em>\u00a0 \u00a0 \u00a0 \u00a0 \u00a0 Au sens ou vous l&rsquo;entendez&#8230;\u00a0\u00bb<\/em>\nLe Silence \u00e0 nouveau se referme sur Toi<br \/>\nTu n&rsquo;as pas par habitude d&rsquo;imposer ta loi\n<p>Mais quel guerrier\u00a0?<\/p>\n<p>A nous de le devinez\u00a0!<em>\u00a0<\/em><\/p>\nQuel est ce petit sourire narquois<br \/>\nQu&rsquo;imperceptiblement tu nous renvoies\u00a0?<br \/>\nPoint n&rsquo;est de myst\u00e8re<br \/>\nA qui sait Voir Derri\u00e8re<br \/>\nDerri\u00e8re\u00a0???<br \/>\nDerri\u00e8re o\u00f9\u00a0?<br \/>\nDerri\u00e8re quoi\u00a0?\n<p>Derri\u00e8re ce Regard\u00a0!<\/p>\nCe regard en dit long sur Toi<br \/>\nSur ce qu&rsquo;enferme tes \u00e9mois<br \/>\nSur l&rsquo;Essence m\u00eame qui \u00e9mane de Toi<br \/>\nIl suffit de se plonger dans Ton Regard<br \/>\nD&rsquo;observer l&rsquo;Expression de Ton Visage<br \/>\nPour d\u00e9couvrir sous cette illusoire carapace<br \/>\nUn C\u0153ur tendre et g\u00e9n\u00e9reux<br \/>\nUne Ame offerte et chaleureuse\nQuelle Profondeur<br \/>\nQuelle Richesse anime Ton Pas<br \/>\nLe Rayonnement qui \u00e9mane de Toi<br \/>\nEmplit ce corps<br \/>\nEt le transforme en beffroi<br \/>\nUn corps d&rsquo;athl\u00e8te<br \/>\nAnim\u00e9 d&rsquo;une Lumi\u00e8re C\u00e9leste\nCette merveilleuse composition<br \/>\nChante tendrement \u00e0 l&rsquo;unisson<br \/>\nPour illuminer ton horizon\n<p>Un guerrier<\/p>\nMais le mot seul est inad\u00e9quat<br \/>\nComme tronqu\u00e9 de Ta Seule V\u00e9rit\u00e9<br \/>\nOui<br \/>\nV\u00e9rit\u00e9 d&rsquo;Amour f\u00e9\u00e9rique<br \/>\nQui fait de Toi\n<p><em>Un simple <\/em><em>\u00a0<\/em><\/p>\n<p><strong><em>\u00ab\u00a0Guerrier Pacifique\u00a0\u00bb<\/em><\/strong><\/p>\n<p><strong><em>\u00a0<\/em><\/strong><\/p>\nC&rsquo;est cela Toi en globalit\u00e9<br \/>\nDans ce que tu choisis d&rsquo;\u00e9maner<br \/>\nC&rsquo;est ce qui rayonne de Toi<br \/>\nEn toute c\u00e9l\u00e9rit\u00e9<br \/>\nMais avec Tendresse et Humilit\u00e9<br \/>\nA qui sait bien te regarder\nMais<br \/>\n\u00c0 propos<br \/>\nDis-moi,<br \/>\nTon vrai nom<br \/>\nEst Saint Procule\u00a0?<br \/>\nHomme pieux<br \/>\nHomme de culte<br \/>\nSi effac\u00e9 pourtant<br \/>\nMais pas moins conqu\u00e9rant<br \/>\nD&rsquo;un monde en plein tourment\n\u00c9tonnante similitude de personnage<br \/>\nQui<br \/>\nTant d&rsquo;ann\u00e9es plus tard<br \/>\nTa silhouette par hasard<br \/>\nNous fait t&rsquo;appeler David ?<br \/>\nImage plus flagrante, plus percutante<br \/>\nDans nos m\u00e9moires persistantes\nConqu\u00e9rant<br \/>\nQui<br \/>\nComme Toi<br \/>\nFid\u00e8lement<br \/>\nSuivait son firmament\n<em><br \/>\nPeu importe l&rsquo;Identit\u00e9<\/em>\n<p><strong><em>Nous sommes UN d&rsquo;Eternit\u00e9<\/em><\/strong><\/p>\n<p><strong><em>\u00a0 \u00a0 \u00a0 \u00a0 \u00a0 \u00a0<\/em><\/strong><em>Dis-tu,<\/em><\/p>\n<em>\u00a0 \u00a0 \u00a0 \u00a0 \u00a0 \u00a0<\/em><em>Nous baignons dans la m\u00eame f\u00e9licit\u00e9<br \/>\n<\/em><em>\u00a0 \u00a0 \u00a0 \u00a0 \u00a0 \u00a0Nous volons avec C\u00e9l\u00e9rit\u00e9<br \/>\n<\/em><em>\u00a0 \u00a0 \u00a0 \u00a0 \u00a0 \u00a0Vers la m\u00eame Destin\u00e9e<\/em>\n<p>&nbsp;<\/p>\n<p><strong><em>C&rsquo;est ce qui fait de NOUS<\/em><\/strong><\/p>\n<p><strong><em>Unis<\/em><\/strong><\/p>\n<p><strong><em>Un Etre Unique<\/em><\/strong><\/p>\n<p><strong><em>\u00a0<\/em><\/strong><\/p>\n<p><strong><em>L&rsquo;INFINI<\/em><\/strong><\/p>\n<p><strong><em>\u00a0<\/em><\/strong><\/p>\n<p><i>MNJ<\/i><\/p>\n\n","protected":false},"excerpt":{"rendered":"<p>Hommage \u00e0 l&rsquo;homme, gardien perp\u00e9tuel de la race&#8230; L &lsquo; HOMME Penseur de Rodin Homme nu Homme au pied \u00a0 SAINT &#8211; PROCULE\u00a0 ___________________ Saint-Procule Quel est ce petit sourire narquois Qu&rsquo;imperceptiblement tu nous octroies Ton regard malicieux Semble pr\u00e9sager bien d&rsquo;autres cieux &#8230;&#8230;.. Ton image affiche ta d\u00e9termination Ton ardeur incessante \u00e0 partir au&hellip;<\/p>\n","protected":false},"author":3,"featured_media":0,"parent":1326,"menu_order":4,"comment_status":"closed","ping_status":"closed","template":"","meta":{"footnotes":""},"class_list":["post-1454","page","type-page","status-publish","hentry"],"yoast_head":"<!-- This site is optimized with the Yoast SEO plugin v27.4 - https:\/\/yoast.com\/product\/yoast-seo-wordpress\/ -->\n<title>L&#039;homme - Marie-No\u00eblle Jarousseau - Artiste<\/title>\n<meta name=\"robots\" content=\"index, follow, max-snippet:-1, max-image-preview:large, max-video-preview:-1\" \/>\n<link rel=\"canonical\" href=\"https:\/\/www.marienoelle-jarousseau.com\/fr\/themes\/lhomme\/\" \/>\n<meta property=\"og:locale\" content=\"fr_FR\" \/>\n<meta property=\"og:type\" content=\"article\" \/>\n<meta property=\"og:title\" content=\"L&#039;homme - Marie-No\u00eblle Jarousseau - Artiste\" \/>\n<meta property=\"og:description\" content=\"Hommage \u00e0 l&rsquo;homme, gardien perp\u00e9tuel de la race&#8230; L &lsquo; HOMME Penseur de Rodin Homme nu Homme au pied \u00a0 SAINT &#8211; PROCULE\u00a0 ___________________ Saint-Procule Quel est ce petit sourire narquois Qu&rsquo;imperceptiblement tu nous octroies Ton regard malicieux Semble pr\u00e9sager bien d&rsquo;autres cieux &#8230;&#8230;.. Ton image affiche ta d\u00e9termination Ton ardeur incessante \u00e0 partir au&hellip;\" \/>\n<meta property=\"og:url\" content=\"https:\/\/www.marienoelle-jarousseau.com\/fr\/themes\/lhomme\/\" \/>\n<meta property=\"og:site_name\" content=\"Marie-No\u00eblle Jarousseau - Artiste\" \/>\n<meta property=\"article:modified_time\" content=\"2024-11-08T11:19:59+00:00\" \/>\n<meta property=\"og:image\" content=\"https:\/\/www.marienoelle-jarousseau.com\/fr\/wp-content\/plugins\/bb-plugin\/img\/pixel.png\" \/>\n<meta name=\"twitter:card\" content=\"summary_large_image\" \/>\n<meta name=\"twitter:label1\" content=\"Dur\u00e9e de lecture estim\u00e9e\" \/>\n\t<meta name=\"twitter:data1\" content=\"3 minutes\" \/>\n<script type=\"application\/ld+json\" class=\"yoast-schema-graph\">{\"@context\":\"https:\\\/\\\/schema.org\",\"@graph\":[{\"@type\":\"WebPage\",\"@id\":\"https:\\\/\\\/www.marienoelle-jarousseau.com\\\/fr\\\/themes\\\/lhomme\\\/\",\"url\":\"https:\\\/\\\/www.marienoelle-jarousseau.com\\\/fr\\\/themes\\\/lhomme\\\/\",\"name\":\"L'homme - Marie-No\u00eblle Jarousseau - Artiste\",\"isPartOf\":{\"@id\":\"https:\\\/\\\/www.marienoelle-jarousseau.com\\\/fr\\\/#website\"},\"primaryImageOfPage\":{\"@id\":\"https:\\\/\\\/www.marienoelle-jarousseau.com\\\/fr\\\/themes\\\/lhomme\\\/#primaryimage\"},\"image\":{\"@id\":\"https:\\\/\\\/www.marienoelle-jarousseau.com\\\/fr\\\/themes\\\/lhomme\\\/#primaryimage\"},\"thumbnailUrl\":\"https:\\\/\\\/www.marienoelle-jarousseau.com\\\/fr\\\/wp-content\\\/plugins\\\/bb-plugin\\\/img\\\/pixel.png\",\"datePublished\":\"2017-03-19T15:58:19+00:00\",\"dateModified\":\"2024-11-08T11:19:59+00:00\",\"breadcrumb\":{\"@id\":\"https:\\\/\\\/www.marienoelle-jarousseau.com\\\/fr\\\/themes\\\/lhomme\\\/#breadcrumb\"},\"inLanguage\":\"fr-FR\",\"potentialAction\":[{\"@type\":\"ReadAction\",\"target\":[\"https:\\\/\\\/www.marienoelle-jarousseau.com\\\/fr\\\/themes\\\/lhomme\\\/\"]}]},{\"@type\":\"ImageObject\",\"inLanguage\":\"fr-FR\",\"@id\":\"https:\\\/\\\/www.marienoelle-jarousseau.com\\\/fr\\\/themes\\\/lhomme\\\/#primaryimage\",\"url\":\"https:\\\/\\\/www.marienoelle-jarousseau.com\\\/fr\\\/wp-content\\\/plugins\\\/bb-plugin\\\/img\\\/pixel.png\",\"contentUrl\":\"https:\\\/\\\/www.marienoelle-jarousseau.com\\\/fr\\\/wp-content\\\/plugins\\\/bb-plugin\\\/img\\\/pixel.png\"},{\"@type\":\"BreadcrumbList\",\"@id\":\"https:\\\/\\\/www.marienoelle-jarousseau.com\\\/fr\\\/themes\\\/lhomme\\\/#breadcrumb\",\"itemListElement\":[{\"@type\":\"ListItem\",\"position\":1,\"name\":\"Accueil\",\"item\":\"https:\\\/\\\/www.marienoelle-jarousseau.com\\\/fr\\\/\"},{\"@type\":\"ListItem\",\"position\":2,\"name\":\"THEMES\",\"item\":\"https:\\\/\\\/www.marienoelle-jarousseau.com\\\/fr\\\/themes\\\/\"},{\"@type\":\"ListItem\",\"position\":3,\"name\":\"L&rsquo;homme\"}]},{\"@type\":\"WebSite\",\"@id\":\"https:\\\/\\\/www.marienoelle-jarousseau.com\\\/fr\\\/#website\",\"url\":\"https:\\\/\\\/www.marienoelle-jarousseau.com\\\/fr\\\/\",\"name\":\"Marie-No\u00eblle Jarousseau - Artiste\",\"description\":\"\",\"potentialAction\":[{\"@type\":\"SearchAction\",\"target\":{\"@type\":\"EntryPoint\",\"urlTemplate\":\"https:\\\/\\\/www.marienoelle-jarousseau.com\\\/fr\\\/?s={search_term_string}\"},\"query-input\":{\"@type\":\"PropertyValueSpecification\",\"valueRequired\":true,\"valueName\":\"search_term_string\"}}],\"inLanguage\":\"fr-FR\"}]}<\/script>\n<!-- \/ Yoast SEO plugin. -->","yoast_head_json":{"title":"L'homme - Marie-No\u00eblle Jarousseau - Artiste","robots":{"index":"index","follow":"follow","max-snippet":"max-snippet:-1","max-image-preview":"max-image-preview:large","max-video-preview":"max-video-preview:-1"},"canonical":"https:\/\/www.marienoelle-jarousseau.com\/fr\/themes\/lhomme\/","og_locale":"fr_FR","og_type":"article","og_title":"L'homme - Marie-No\u00eblle Jarousseau - Artiste","og_description":"Hommage \u00e0 l&rsquo;homme, gardien perp\u00e9tuel de la race&#8230; L &lsquo; HOMME Penseur de Rodin Homme nu Homme au pied \u00a0 SAINT &#8211; PROCULE\u00a0 ___________________ Saint-Procule Quel est ce petit sourire narquois Qu&rsquo;imperceptiblement tu nous octroies Ton regard malicieux Semble pr\u00e9sager bien d&rsquo;autres cieux &#8230;&#8230;.. Ton image affiche ta d\u00e9termination Ton ardeur incessante \u00e0 partir au&hellip;","og_url":"https:\/\/www.marienoelle-jarousseau.com\/fr\/themes\/lhomme\/","og_site_name":"Marie-No\u00eblle Jarousseau - Artiste","article_modified_time":"2024-11-08T11:19:59+00:00","og_image":[{"url":"https:\/\/www.marienoelle-jarousseau.com\/fr\/wp-content\/plugins\/bb-plugin\/img\/pixel.png","type":"","width":"","height":""}],"twitter_card":"summary_large_image","twitter_misc":{"Dur\u00e9e de lecture estim\u00e9e":"3 minutes"},"schema":{"@context":"https:\/\/schema.org","@graph":[{"@type":"WebPage","@id":"https:\/\/www.marienoelle-jarousseau.com\/fr\/themes\/lhomme\/","url":"https:\/\/www.marienoelle-jarousseau.com\/fr\/themes\/lhomme\/","name":"L'homme - Marie-No\u00eblle Jarousseau - Artiste","isPartOf":{"@id":"https:\/\/www.marienoelle-jarousseau.com\/fr\/#website"},"primaryImageOfPage":{"@id":"https:\/\/www.marienoelle-jarousseau.com\/fr\/themes\/lhomme\/#primaryimage"},"image":{"@id":"https:\/\/www.marienoelle-jarousseau.com\/fr\/themes\/lhomme\/#primaryimage"},"thumbnailUrl":"https:\/\/www.marienoelle-jarousseau.com\/fr\/wp-content\/plugins\/bb-plugin\/img\/pixel.png","datePublished":"2017-03-19T15:58:19+00:00","dateModified":"2024-11-08T11:19:59+00:00","breadcrumb":{"@id":"https:\/\/www.marienoelle-jarousseau.com\/fr\/themes\/lhomme\/#breadcrumb"},"inLanguage":"fr-FR","potentialAction":[{"@type":"ReadAction","target":["https:\/\/www.marienoelle-jarousseau.com\/fr\/themes\/lhomme\/"]}]},{"@type":"ImageObject","inLanguage":"fr-FR","@id":"https:\/\/www.marienoelle-jarousseau.com\/fr\/themes\/lhomme\/#primaryimage","url":"https:\/\/www.marienoelle-jarousseau.com\/fr\/wp-content\/plugins\/bb-plugin\/img\/pixel.png","contentUrl":"https:\/\/www.marienoelle-jarousseau.com\/fr\/wp-content\/plugins\/bb-plugin\/img\/pixel.png"},{"@type":"BreadcrumbList","@id":"https:\/\/www.marienoelle-jarousseau.com\/fr\/themes\/lhomme\/#breadcrumb","itemListElement":[{"@type":"ListItem","position":1,"name":"Accueil","item":"https:\/\/www.marienoelle-jarousseau.com\/fr\/"},{"@type":"ListItem","position":2,"name":"THEMES","item":"https:\/\/www.marienoelle-jarousseau.com\/fr\/themes\/"},{"@type":"ListItem","position":3,"name":"L&rsquo;homme"}]},{"@type":"WebSite","@id":"https:\/\/www.marienoelle-jarousseau.com\/fr\/#website","url":"https:\/\/www.marienoelle-jarousseau.com\/fr\/","name":"Marie-No\u00eblle Jarousseau - Artiste","description":"","potentialAction":[{"@type":"SearchAction","target":{"@type":"EntryPoint","urlTemplate":"https:\/\/www.marienoelle-jarousseau.com\/fr\/?s={search_term_string}"},"query-input":{"@type":"PropertyValueSpecification","valueRequired":true,"valueName":"search_term_string"}}],"inLanguage":"fr-FR"}]}},"_links":{"self":[{"href":"https:\/\/www.marienoelle-jarousseau.com\/fr\/wp-json\/wp\/v2\/pages\/1454","targetHints":{"allow":["GET"]}}],"collection":[{"href":"https:\/\/www.marienoelle-jarousseau.com\/fr\/wp-json\/wp\/v2\/pages"}],"about":[{"href":"https:\/\/www.marienoelle-jarousseau.com\/fr\/wp-json\/wp\/v2\/types\/page"}],"author":[{"embeddable":true,"href":"https:\/\/www.marienoelle-jarousseau.com\/fr\/wp-json\/wp\/v2\/users\/3"}],"replies":[{"embeddable":true,"href":"https:\/\/www.marienoelle-jarousseau.com\/fr\/wp-json\/wp\/v2\/comments?post=1454"}],"version-history":[{"count":0,"href":"https:\/\/www.marienoelle-jarousseau.com\/fr\/wp-json\/wp\/v2\/pages\/1454\/revisions"}],"up":[{"embeddable":true,"href":"https:\/\/www.marienoelle-jarousseau.com\/fr\/wp-json\/wp\/v2\/pages\/1326"}],"wp:attachment":[{"href":"https:\/\/www.marienoelle-jarousseau.com\/fr\/wp-json\/wp\/v2\/media?parent=1454"}],"curies":[{"name":"wp","href":"https:\/\/api.w.org\/{rel}","templated":true}]}}