{"id":1458,"date":"2017-03-19T16:58:29","date_gmt":"2017-03-19T15:58:29","guid":{"rendered":"http:\/\/www.marienoelle-jarousseau.com\/fr\/?page_id=1458"},"modified":"2018-10-05T20:15:38","modified_gmt":"2018-10-05T19:15:38","slug":"lenfant","status":"publish","type":"page","link":"https:\/\/www.marienoelle-jarousseau.com\/fr\/themes\/lenfant\/","title":{"rendered":"L&rsquo;enfant"},"content":{"rendered":"<h3 style=\"text-align: center;\"><em>Hommage \u00e0 l&rsquo;enfant, ce nouvel enseignant&#8230;<\/em><\/h3>\n<h3 style=\"text-align: center;\">L&rsquo; ENFANT<\/h3>\n<p style=\"text-align: center;\">Chacun de ces tableaux a \u00e9t\u00e9 r\u00e9alis\u00e9 <br \/>en t\u00e9l\u00e9pathie\u00a0avec la \u00a0\u00bb Pr\u00e9sence \u00a0\u00bb\u00a0de l&rsquo;enfant \u00e0 venir<\/p>\n<p>\t\t\t\t<img decoding=\"async\" src=\"http:\/\/www.marienoelle-jarousseau.com\/fr\/wp-content\/uploads\/2017\/03\/85-BAMBI-ET-LE-PRINTEMPS-Web-huile-sur-carton-entoile\u0301-33-x-41-avril-2000.jpg\" alt=\"Bambi et le Printemps\" itemprop=\"image\"  \/><br \/>\n\t\tBambi et le Printemps<\/p>\n<p style=\"text-align: center;\">Grande fra\u00eecheur<br \/>Ouverture<\/p>\n<p style=\"text-align: center;\">\u00a0<\/p>\n<p style=\"text-align: center;\"><em>Ressenti\u00a0:<\/em><\/p>\n<p style=\"text-align: center;\"><em>\u00ab\u00a0&#8230;S&rsquo; Ouvrir \u00e0 tout ce qui est nouveau&#8230;\u00a0\u00bb<\/em><\/p>\n<p>\t\t\t\t<img decoding=\"async\" src=\"http:\/\/www.marienoelle-jarousseau.com\/fr\/wp-content\/uploads\/2017\/03\/83-BAMBI-ET-LAUTOMNE-Web-huile-sur-carton-entoile\u0301-33-x-41-oct-1999.jpg\" alt=\"Bambi et l'automne\" itemprop=\"image\"  \/><br \/>\n\t\tBambi et l&rsquo;automne<\/p>\n<p style=\"text-align: center;\">Impossibilit\u00e9 de mettre des feuilles <br \/>dans les arbres !!!<br \/>Ce petit Etre \u00a0\u00e0 venir voulait des arbres aux branches nues\u00a0<\/p>\n<p style=\"text-align: center;\">A chaque fois la \u00a0\u00bb Pr\u00e9sence \u00a0\u00bb de l&rsquo;enfant me disait qu&rsquo;elle d\u00e9sirait un tableau qui lui rappelle :<\/p>\n<p style=\"text-align: center;\"><em>\u00a0\u00bb Aller \u00e0 l&rsquo;Essentiel \u00ab\u00a0<\/em><\/p>\n<p style=\"text-align: center;\"><em>Ressenti :<\/em><\/p>\n<p style=\"text-align: center;\"><em>\u00ab\u00a0&#8230; Le d\u00e9pouillement&#8230;\u00a0\u00bb<\/em><br \/><em>\u00ab\u00a0&#8230;de tout ce qui n&rsquo;est plus en ad\u00e9quation<\/em><br \/><em>avec notre r\u00e9-son-nance de l&rsquo;instant<br \/>pour se laisser jouer avec la Vie &#8230;\u00a0\u00bb<\/em><\/p>\n<p>\t\t\t\t<img decoding=\"async\" src=\"http:\/\/www.marienoelle-jarousseau.com\/fr\/wp-content\/uploads\/2017\/03\/82-BAMBI-ET-LES-FLEURS-Web-huile-sur-carton-entoile\u0301-33-x-41-sept-1999.jpg\" alt=\"Bambi et les fleurs\" itemprop=\"image\"  \/><br \/>\n\t\tBambi et les fleurs<\/p>\n<p style=\"text-align: center;\">D\u00e9couverte perp\u00e9tuelle&#8230;<\/p>\n<p style=\"text-align: center;\">Ing\u00e9niosit\u00e9 \u00a0 Candeur<br \/>Joie \u00a0Jeu<\/p>\n<p style=\"text-align: center;\">\u00a0<\/p>\n<p style=\"text-align: center;\"><em>Ressenti\u00a0 :<\/em><\/p>\n<p style=\"text-align: center;\"><em>\u00ab\u00a0&#8230;S&rsquo; Emerveiller&#8230;\u00a0\u00bb<\/em><\/p>\n<p style=\"text-align: center;\">&#8212;&#8212;-<\/p>\n<p>\u00a0<\/p>\n<p>\u00a0<\/p>\n<p>\u00a0<\/p>\n<p>\u00a0<\/p>\n<p>\u00a0<\/p>\n<p>\u00a0<\/p>\n<p>Amoureux des dauphins, les parents voulaient des dauphins\u00a0\u00bb grandeur nature\u00a0\u00bb, pour la chambre de leur b\u00e9b\u00e9<\/p>\n<p>Tout au long de la construction , la \u00a0\u00bb Pr\u00e9sence \u00a0\u00bb du b\u00e9b\u00e9 non encore n\u00e9 me signifiait \u00ab\u00a0sa peur\u00a0\u00bb devant de tels monstres vu sa petitesse \u00e0 la naissance,\u00a0<br \/>J&rsquo;ai donc suivi son ressenti et ai peint des \u00ab\u00a0petits dauphins\u00a0\u00bb \u00e0 sa taille&#8230;<\/p>\n<p>Les parents n&rsquo;en ont pas voulu !&#8230;<\/p>\n<p style=\"text-align: center;\"><em>Message :<\/em><\/p>\n<p style=\"text-align: center;\"><em>\u00ab\u00a0Laisser l&rsquo;enfant grandir \u00e0 son rythme\u00a0\u00bb<\/em><\/p>\n<p style=\"text-align: center;\">\u00a0<\/p>\n<p>\t\t\t\t<img decoding=\"async\" src=\"http:\/\/www.marienoelle-jarousseau.com\/fr\/wp-content\/uploads\/2017\/03\/77-78-PARAVENT-JEUX-ENFANTS-Web-sign-huile-sur-bois-116-x-183-janv-1999.jpg\" alt=\"PARAVENT  JEUX  ENFANTS - huile sur bois - 116 x 183\" itemprop=\"image\"  \/><br \/>\n\t\tPARAVENT  JEUX  ENFANTS &#8211; huile sur bois &#8211; 116 x 183<br \/>\n\t\t\t\t<img decoding=\"async\" src=\"http:\/\/www.marienoelle-jarousseau.com\/fr\/wp-content\/uploads\/2017\/03\/107-Bzzz-Bzzz-labeille-Web-sign-huile-sur-toile-33-x-46-Noe\u0308l-2003.jpg\" alt=\"Bzzzz... l'abeille\" itemprop=\"image\"  \/><br \/>\n\t\tBzzzz&#8230; l&rsquo;abeille<\/p>\n<p style=\"text-align: center;\">Sensation de grande tendresse<br \/>face \u00e0 cette minuscule abeille<\/p>\n<p style=\"text-align: center;\">Ressenti de profonde d\u00e9licatesse<\/p>\n<p style=\"text-align: center;\"><em>Message :<\/em><\/p>\n<p style=\"text-align: center;\"><em>\u00ab\u00a0Etre doux avec le monde animal\u00a0\u00bb<\/em><\/p>\n<p>\t\t\t\t<img decoding=\"async\" src=\"http:\/\/www.marienoelle-jarousseau.com\/fr\/wp-content\/uploads\/2017\/03\/41-FRESQUE-DISNEY-Web-de\u0301tail-gauche-acrylique-sur-papier-34-x-143-janvier-1995.jpg\" alt=\"41-FRESQUE-DISNEY-Web-(de\u0301tail-gauche)--acrylique-sur-papier--34-x-143---janvier-1995\" itemprop=\"image\"  \/><br \/>\n\t\t\t\t<img decoding=\"async\" src=\"http:\/\/www.marienoelle-jarousseau.com\/fr\/wp-content\/uploads\/2017\/03\/41-FRESQUE-DISNEY-Web-de\u0301tail-centre-acrylique-sur-papier-34-x-143-janvier-1995.jpg\" alt=\"41-FRESQUE-DISNEY-Web-(de\u0301tail-centre)--acrylique-sur-papier--34-x-143---janvier-1995\" itemprop=\"image\"  \/><br \/>\n\t\t\t\t<img decoding=\"async\" src=\"http:\/\/www.marienoelle-jarousseau.com\/fr\/wp-content\/uploads\/2017\/03\/41-FRESQUE-DISNEY-Web-de\u0301tail-droit-acrylique-sur-papier-34-x-143-janvier-1995.jpg\" alt=\"41-FRESQUE-DISNEY-Web-(de\u0301tail-droit)--acrylique-sur-papier--34-x-143---janvier-1995\" itemprop=\"image\"  \/><\/p>\n<p style=\"text-align: center;\">Fresque Disney<\/p>\n<p style=\"text-align: center;\">\u00a0<\/p>\n<p style=\"text-align: center;\">Ressenti de l&rsquo;immensit\u00e9 du monde\u00a0<\/p>\n<p style=\"text-align: center;\"><em>Message :<\/em><\/p>\n<p style=\"text-align: center;\"><em>\u00ab\u00a0Laisser \u00a0l&rsquo;enfant \u00a0d\u00e9velopper Tout son Imaginaire\u00a0\u00bb<\/em><\/p>\n<p>\u00a0<\/p>\n<p>\u00a0<\/p>\n<p style=\"text-align: center;\">&#8212;&#8212;&#8211;<\/p>\n<h3 style=\"text-align: center;\">TENDRESSE<\/h3>\n<p style=\"text-align: center;\">\u00a0<\/p>\n<p style=\"text-align: center;\">Cette toile a \u00e9t\u00e9 inspir\u00e9e par La \u00ab\u00a0Pr\u00e9sence\u00a0\u00bb d&rsquo;un b\u00e9b\u00e9 en gestation dans le ventre de sa maman<br \/>Puis<br \/>Un jour que je le gardais, \u00a0alors qu&rsquo;il avait 6 mois, \u00a0j&rsquo;ai \u00e9t\u00e9 appel\u00e9e \u00e0 prendre un papier et \u00e0 \u00e9crire ce message de sa part pour sa maman<\/p>\n<p>\t\t\t\t<img decoding=\"async\" src=\"http:\/\/www.marienoelle-jarousseau.com\/fr\/wp-content\/uploads\/2017\/03\/130-TENDRESSE-sign-Web-huile-sur-toile-mars-2005.jpg\" alt=\"130-TENDRESSE-sign-Web-huile-sur-toile---mars-2005\" itemprop=\"image\"  \/><br \/>\n\t\t\t\t<img decoding=\"async\" src=\"http:\/\/www.marienoelle-jarousseau.com\/fr\/wp-content\/uploads\/2017\/03\/130-TENDRESSE-1-sign-Web-huile-sur-toile-mars-2005.jpg\" alt=\"130-TENDRESSE-1-sign-Web-huile-sur-toile---mars-2005\" itemprop=\"image\"  \/><br \/>\n\t\t\t\t<img decoding=\"async\" src=\"http:\/\/www.marienoelle-jarousseau.com\/fr\/wp-content\/uploads\/2017\/03\/130-TENDRESSE-2-sign-Web-huile-sur-toile-mars-2005.jpg\" alt=\"130-TENDRESSE-2-sign-Web-huile-sur-toile---mars-2005\" itemprop=\"image\"  \/><br \/>\n\t\t\t\t<img decoding=\"async\" src=\"http:\/\/www.marienoelle-jarousseau.com\/fr\/wp-content\/uploads\/2017\/03\/130-TENDRESSE-3-sign-Web-huile-sur-toile-mars-2005.jpg\" alt=\"130-TENDRESSE-3-sign-Web-huile-sur-toile---mars-2005\" itemprop=\"image\"  \/><\/p>\n<h3 style=\"text-align: center;\">TENDRESSE<\/h3>\n<p>Tendresse<br \/>D\u00e9licatesse<\/p>\n<p>Nid de chaleur<br \/>Cocon de bonheur<br \/>Dans ton alc\u00f4ve dor\u00e9<br \/>Je me suis lentement affin\u00e9<\/p>\n<p>Tout au long de ces mois d\u00e9licieux<br \/>Tu m\u2018as pr\u00e9par\u00e9 pour d\u2019autres cieux<br \/>La chaleur de ta Pr\u00e9sence<br \/>M\u2019enjolive cette attente<\/p>\n<p>Et maintenant<br \/>L\u2019heure est arriv\u00e9e<br \/>De par mes propres ailes<br \/>Aller fol\u00e2trer<br \/>De ci, de l\u00e0<br \/>Pour d\u00e9couvrir pas \u00e0 pas<br \/>L\u2019Univers autour de moi<\/p>\n<p>Tu m\u2019aides doucement \u00e0 sortir<br \/>Et m\u2019encourage \u00e0 f\u00eater la Vie<br \/>Tu guides ma voie<br \/>Et m\u2019\u00e9vite l\u2019effroi<\/p>\n<p>Doucement, tranquillement<br \/>Aupr\u00e8s de Toi, j\u2019apprends<br \/>Je me glisse ainsi petit \u00e0 petit<br \/>Sur le long chemin de cette vie<\/p>\n<p>Papillon je deviendrai<br \/>Plein de voyages ferai<br \/>Des millions de fleurs butinerai<br \/>Tant de regard d\u2019enfants ravirai<br \/>Par mes couleurs gr\u00e2ce \u00e0 toi d\u00e9velopp\u00e9es<\/p>\n<p>Merveilleuse Vie qui m\u2019attend<br \/>Et dont tu me pressens l\u2019Essence<\/p>\n<p>Mais pour l\u2019heure&#8230; je go\u00fbte<br \/>Tes paroles&#8230; j\u2019\u00e9coute<br \/>A travers ton regard&#8230; je vois<br \/>Je touche \u00e0 tout et rit de mes \u00e9bats<\/p>\n<p>Sous ton aile chaude de soie<br \/>Progressivement je ressens&#8230;<\/p>\n<p style=\"text-align: center;\">\u00a0 \u00a0 \u00a0 \u00a0 \u00a0 \u00a0 \u00a0 \u00a0 \u00a0 \u00a0 \u00a0 \u00a0 \u00a0 \u00a0 \u00a0 \u00a0 \u00a0 \u00a0 <em>\u00a0 \u00a0(suite&#8230; 1)<\/em><\/p>\n<p>\u00a0<\/p>\n<p><em>(suite&#8230;1)<\/em><\/p>\n<p>Les odeurs de la Vie \u00e9mergent en Moi<br \/>Et m\u2019attirent d\u00e9licatement<br \/>Vers ma propre Existence<\/p>\n<p>Je vois un pont, l\u00e0-bas, au loin<br \/>Et j\u2019ai envie de suivre ce Destin<\/p>\n<p>Mais<br \/>\u2026<br \/>Ta main me retient\u2026<br \/>Et doucement change mon chemin<\/p>\n<p>\u2026\u2026..<\/p>\n<p>Pourquoi ne puis-je franchir cette rivi\u00e8re\u00a0?<br \/>Qu\u2019a-t-elle donc que tu me retires en arri\u00e8re\u00a0???<br \/>Est-ce dangereux pour Moi<br \/>De suivre cette Voix<br \/>Qui appelle quelque part en Moi\u00a0??<br \/>Qui y a-t-il dans cet horizon<br \/>Qui te perturbe jusqu\u2019au frisson<br \/>Et me ram\u00e8ne \u00e0 la maison\u00a0???<\/p>\n<p>\u2026\u2026..<\/p>\n<p>Ce Destin pourtant<br \/>M\u2019attire comme un aimant<br \/>Mille p\u00e9tillements<br \/>En mon Corps je ressens<br \/>Font vibrer mes veines<br \/>Bouger mes muscles<br \/>Et me donnent l\u2019\u00e9lan<\/p>\n<p>Une chaleur nouvelle<br \/>M\u2019envahit dans l\u2019Instant<\/p>\n<p>Quel est\u2026<br \/>Ce bonheur in\u00e9dit<br \/>En mon C\u0153ur ressenti\u00a0?<br \/>Quel est\u2026<br \/>Cet appel profond<br \/>A visiter cet Horizon\u00a0?<\/p>\n<p>\u2026\u2026<\/p>\n<p>Je sens ton amour pour moi<br \/>Si grand, si fort, si rassurant<\/p>\n<p><i>\u00a0 \u00a0 \u00a0 \u00a0 \u00a0 \u00a0 \u00a0 \u00a0 \u00a0 \u00a0 \u00a0 \u00a0 \u00a0 \u00a0 \u00a0 \u00a0 \u00a0 \u00a0 \u00a0 \u00a0 \u00a0 \u00a0 \u00a0 \u00a0 \u00a0(suite&#8230;2)<\/i><\/p>\n<p><em>(suite&#8230; 2)<br \/><\/em><br \/>Mais&#8230;<br \/>Il me freine et m\u2019\u00e9touffe parfois<br \/>Me laisse tout en \u00e9moi<br \/>Me fait douter de mes choix<br \/>De ce que je ressens au fond de Moi<\/p>\n<p>Je ressens tes peurs aussi<\/p>\n<p>\u2026..<\/p>\n<p>Me laisseras-tu filer Ma Vie\u00a0???<br \/>\u2026\u2026<\/p>\n<p>Ma grande envie de vivre<br \/>D\u00e9passe de loin toutes tes limites<br \/>Et me pousse \u00e0 partir<br \/>De ne pas \u00e9couter tes dires<\/p>\n<p>Mon grand amour pour Toi<br \/>Me fait suivre tes pas<br \/>Me fait parfois renoncer \u00e0 Moi<br \/>Pour simplement te rassurer Toi<\/p>\n<p>Duel<\/p>\n<p>Quel dilemme fou<br \/>Que ce puissant Amour<br \/>Entre fid\u00e9lit\u00e9 \u00e0 Soi<br \/>Et respect de ton Don pour moi<\/p>\n<p>Mes pas sont h\u00e9sitants<br \/>Entre ces deux firmaments<\/p>\n<p>\u2026\u2026<\/p>\n<p>Mes ressentis sont perturb\u00e9s<br \/>Entre ces deux r\u00e9alit\u00e9s<\/p>\n<p>\u2026\u2026<\/p>\n<p>Mais<\/p>\n<p>Je ne peux Me renier<br \/>Au risque de d\u00e9nier<\/p>\n<p>Tout ce que tu as endur\u00e9<br \/>Tout ce que tu m\u2019as donn\u00e9<br \/>Toutes les larmes que tu as vers\u00e9es<br \/>Toutes ces nuits o\u00f9 tu t\u2019es lev\u00e9e<br \/>Tout ce Don de ta Personne<br \/>Juste pour mon avanc\u00e9e<br \/>Simplement pour me faire Exister<\/p>\n<p><em>\u00a0 \u00a0 \u00a0 \u00a0 \u00a0 \u00a0 \u00a0 \u00a0 \u00a0 \u00a0 \u00a0 \u00a0 \u00a0 \u00a0 \u00a0 \u00a0 \u00a0 \u00a0 \u00a0 \u00a0 \u00a0 \u00a0 \u00a0 \u00a0 \u00a0 \u00a0 \u00a0 \u00a0 \u00a0 \u00a0(suite&#8230; 3)<\/em><\/p>\n<p>\u00a0<\/p>\n<p><em>(suite&#8230; 3)<\/em><\/p>\n<p>Mes limites sont en de\u00e7\u00e0 des tiennes<br \/>Elles sont inh\u00e9rentes \u00e0 toute avanc\u00e9e humaine<\/p>\n<p>N\u2019aie pas peur pour moi<br \/>En Moi, se trouve le Guide de Mes Pas<\/p>\n<p>Tu m\u2019as permis d\u2019arriver jusqu\u2019ici<br \/>Laisse-moi prendre le relais pour achever Ma Vie<\/p>\n<p>Tu peux te reposer maintenant<br \/>Et me regarder fi\u00e8rement<br \/>Evoluer dans Mon Instant<\/p>\n<p>Tu peux te gratifier<br \/>De m\u2019avoir r\u00e9v\u00e9l\u00e9<\/p>\n<p>Tu peux te remercier<br \/>De cet Amour Donn\u00e9<\/p>\n<p>Regarde-Moi<br \/>Et d\u00e9couvre \u00e0 travers Moi<br \/>Cette partie de l\u2019Univers<br \/>Qu\u2019il ne t\u2019incombait pas<br \/>D\u2019effectuer ici-bas<\/p>\n<p>Tu ne peux aller au-del\u00e0 de Toi<br \/>Je franchirai ce Pas<br \/>Comme tant d\u2019autres apr\u00e8s Moi<br \/>Perp\u00e9tueront ce Choix<\/p>\n<p>L\u2019Homme Evolue<br \/>A nous de suivre ce Flux<\/p>\n<p>\u00a0<\/p>\n<p>A bient\u00f4t<\/p>\n<p>Pour de magnifiques partages<br \/>Sur cet Univers qu\u2019est notre H\u00e9ritage<\/p>\n<p>\u00a0<\/p>\n<p>Merci, ma petite maman<\/p>\n<p>Je t\u2019Aime profond\u00e9ment<\/p>\n<p>\u00a0<\/p>\n<p>MNJ<\/p>\n<p>\u00a0<\/p>\n<p>\u00a0<\/p>\n<p>\t\t\t\t<img decoding=\"async\" src=\"http:\/\/www.marienoelle-jarousseau.com\/fr\/wp-content\/uploads\/2015\/09\/172-Web-Le-Roi-Lion-et-les-oiseaux-sign-DSC_0047.jpg\" alt=\"172-Web-Le-Roi-Lion-et-les-oiseaux--sign-DSC_0047\" itemprop=\"image\"  \/><br \/>\n\t\t\t\t<img decoding=\"async\" src=\"http:\/\/www.marienoelle-jarousseau.com\/fr\/wp-content\/uploads\/2015\/09\/172-Web-Le-Roi-Lion-et-larbre-sign-DSC_0039.jpg\" alt=\"172-Web-Le-Roi-Lion-et-l'arbre--sign-DSC_0039\" itemprop=\"image\"  \/><br \/>\n\t\t\t\t<img decoding=\"async\" src=\"http:\/\/www.marienoelle-jarousseau.com\/fr\/wp-content\/uploads\/2015\/09\/172-Web-Le-Roi-Lion-1-sign-Vue-ensemble-du-mur-perspective-roi-lion-DSC_00371.jpg\" alt=\"172-Web-Le-Roi-Lion--1-sign--Vue-ensemble-du-mur---perspective-roi-lion---DSC_0037\" itemprop=\"image\"  \/><br \/>\n\t\t\t\t<img decoding=\"async\" src=\"http:\/\/www.marienoelle-jarousseau.com\/fr\/wp-content\/uploads\/2015\/09\/172-Web-La-Roi-Lion-et-les-chats-sign-DSC_0043.jpg\" alt=\"172-Web-La-Roi-Lion-et-les-chats--sign-DSC_0043\" itemprop=\"image\"  \/><\/p>\n<p style=\"text-align: center;\">\u00a0<\/p>\n<p style=\"text-align: center;\">\u00a0\u00a0<\/p>\n<h3 style=\"text-align: center;\">TROMPE &#8211; L&rsquo;OEIL<\/h3>\n<p style=\"text-align: center;\">dans \u00a0une<\/p>\n<p style=\"text-align: center;\">Chambre \u00a0d&rsquo;enfant<\/p>\n<p>\t\t\t\t<img decoding=\"async\" src=\"http:\/\/www.marienoelle-jarousseau.com\/fr\/wp-content\/uploads\/2015\/09\/172-Le-Roi-Lion-Vue-ensemble-du-mur-perspective-roi-lion-DSC_0037.jpg\" alt=\"172 - LE ROI LION\n- Perspective Le Roi et son fils\" itemprop=\"image\"  \/><br \/>\n\t\t\t\t<img decoding=\"async\" src=\"http:\/\/www.marienoelle-jarousseau.com\/fr\/wp-content\/uploads\/2015\/09\/172-Web-Le-Roi-Lion-mur-gauche-DSC_0040.jpg\" alt=\"172-Web-Le-Roi-Lion-mur-gauche--DSC_0040\" itemprop=\"image\"  \/><br \/>\n\t\t\t\t<img decoding=\"async\" src=\"http:\/\/www.marienoelle-jarousseau.com\/fr\/wp-content\/uploads\/2015\/09\/172-Web-Le-Roi-Lion-sign-Ratatouille-DSC_0041.jpg\" alt=\"172-Web-Le-Roi-Lion--sign--Ratatouille--DSC_0041\" itemprop=\"image\"  \/><br \/>\n\t\t\t\t<img decoding=\"async\" src=\"http:\/\/www.marienoelle-jarousseau.com\/fr\/wp-content\/uploads\/2015\/09\/172-Web-Le-Roi-Lion-et-son-fils-sign-DSC_0050.jpg\" alt=\"172-Web-Le-Roi-Lion-et-son-fils--sign-DSC_0050\" itemprop=\"image\"  \/><\/p>\n","protected":false},"excerpt":{"rendered":"<p>Hommage \u00e0 l&rsquo;enfant, ce nouvel enseignant&#8230; L&rsquo; ENFANT Chacun de ces tableaux a \u00e9t\u00e9 r\u00e9alis\u00e9 en t\u00e9l\u00e9pathie\u00a0avec la \u00a0\u00bb Pr\u00e9sence \u00a0\u00bb\u00a0de l&rsquo;enfant \u00e0 venir Bambi et le Printemps Grande fra\u00eecheurOuverture \u00a0 Ressenti\u00a0: \u00ab\u00a0&#8230;S&rsquo; Ouvrir \u00e0 tout ce qui est nouveau&#8230;\u00a0\u00bb Bambi et l&rsquo;automne Impossibilit\u00e9 de mettre des feuilles dans les arbres !!!Ce petit Etre \u00a0\u00e0&hellip;<\/p>\n","protected":false},"author":3,"featured_media":0,"parent":1326,"menu_order":3,"comment_status":"closed","ping_status":"closed","template":"","meta":{"footnotes":""},"class_list":["post-1458","page","type-page","status-publish","hentry"],"yoast_head":"<!-- This site is optimized with the Yoast SEO plugin v27.5 - https:\/\/yoast.com\/product\/yoast-seo-wordpress\/ -->\n<title>L&#039;enfant - Marie-No\u00eblle Jarousseau - Artiste<\/title>\n<meta name=\"robots\" content=\"index, follow, max-snippet:-1, max-image-preview:large, max-video-preview:-1\" \/>\n<link rel=\"canonical\" href=\"https:\/\/www.marienoelle-jarousseau.com\/fr\/themes\/lenfant\/\" \/>\n<meta property=\"og:locale\" content=\"fr_FR\" \/>\n<meta property=\"og:type\" content=\"article\" \/>\n<meta property=\"og:title\" content=\"L&#039;enfant - Marie-No\u00eblle Jarousseau - Artiste\" \/>\n<meta property=\"og:description\" content=\"Hommage \u00e0 l&rsquo;enfant, ce nouvel enseignant&#8230; L&rsquo; ENFANT Chacun de ces tableaux a \u00e9t\u00e9 r\u00e9alis\u00e9 en t\u00e9l\u00e9pathie\u00a0avec la \u00a0\u00bb Pr\u00e9sence \u00a0\u00bb\u00a0de l&rsquo;enfant \u00e0 venir Bambi et le Printemps Grande fra\u00eecheurOuverture \u00a0 Ressenti\u00a0: \u00ab\u00a0&#8230;S&rsquo; Ouvrir \u00e0 tout ce qui est nouveau&#8230;\u00a0\u00bb Bambi et l&rsquo;automne Impossibilit\u00e9 de mettre des feuilles dans les arbres !!!Ce petit Etre \u00a0\u00e0&hellip;\" \/>\n<meta property=\"og:url\" content=\"https:\/\/www.marienoelle-jarousseau.com\/fr\/themes\/lenfant\/\" \/>\n<meta property=\"og:site_name\" content=\"Marie-No\u00eblle Jarousseau - Artiste\" \/>\n<meta property=\"article:modified_time\" content=\"2018-10-05T19:15:38+00:00\" \/>\n<meta property=\"og:image\" content=\"http:\/\/www.marienoelle-jarousseau.com\/fr\/wp-content\/uploads\/2017\/03\/85-BAMBI-ET-LE-PRINTEMPS-Web-huile-sur-carton-entoile\u0301-33-x-41-avril-2000.jpg\" \/>\n<meta name=\"twitter:card\" content=\"summary_large_image\" \/>\n<meta name=\"twitter:label1\" content=\"Dur\u00e9e de lecture estim\u00e9e\" \/>\n\t<meta name=\"twitter:data1\" content=\"4 minutes\" \/>\n<script type=\"application\/ld+json\" class=\"yoast-schema-graph\">{\"@context\":\"https:\\\/\\\/schema.org\",\"@graph\":[{\"@type\":\"WebPage\",\"@id\":\"https:\\\/\\\/www.marienoelle-jarousseau.com\\\/fr\\\/themes\\\/lenfant\\\/\",\"url\":\"https:\\\/\\\/www.marienoelle-jarousseau.com\\\/fr\\\/themes\\\/lenfant\\\/\",\"name\":\"L'enfant - Marie-No\u00eblle Jarousseau - Artiste\",\"isPartOf\":{\"@id\":\"https:\\\/\\\/www.marienoelle-jarousseau.com\\\/fr\\\/#website\"},\"primaryImageOfPage\":{\"@id\":\"https:\\\/\\\/www.marienoelle-jarousseau.com\\\/fr\\\/themes\\\/lenfant\\\/#primaryimage\"},\"image\":{\"@id\":\"https:\\\/\\\/www.marienoelle-jarousseau.com\\\/fr\\\/themes\\\/lenfant\\\/#primaryimage\"},\"thumbnailUrl\":\"http:\\\/\\\/www.marienoelle-jarousseau.com\\\/fr\\\/wp-content\\\/uploads\\\/2017\\\/03\\\/77-78-PARAVENT-JEUX-ENFANTS-Web-sign-huile-sur-bois-116-x-183-janv-1999.jpg\",\"datePublished\":\"2017-03-19T15:58:29+00:00\",\"dateModified\":\"2018-10-05T19:15:38+00:00\",\"breadcrumb\":{\"@id\":\"https:\\\/\\\/www.marienoelle-jarousseau.com\\\/fr\\\/themes\\\/lenfant\\\/#breadcrumb\"},\"inLanguage\":\"fr-FR\",\"potentialAction\":[{\"@type\":\"ReadAction\",\"target\":[\"https:\\\/\\\/www.marienoelle-jarousseau.com\\\/fr\\\/themes\\\/lenfant\\\/\"]}]},{\"@type\":\"ImageObject\",\"inLanguage\":\"fr-FR\",\"@id\":\"https:\\\/\\\/www.marienoelle-jarousseau.com\\\/fr\\\/themes\\\/lenfant\\\/#primaryimage\",\"url\":\"http:\\\/\\\/www.marienoelle-jarousseau.com\\\/fr\\\/wp-content\\\/uploads\\\/2017\\\/03\\\/77-78-PARAVENT-JEUX-ENFANTS-Web-sign-huile-sur-bois-116-x-183-janv-1999.jpg\",\"contentUrl\":\"http:\\\/\\\/www.marienoelle-jarousseau.com\\\/fr\\\/wp-content\\\/uploads\\\/2017\\\/03\\\/77-78-PARAVENT-JEUX-ENFANTS-Web-sign-huile-sur-bois-116-x-183-janv-1999.jpg\"},{\"@type\":\"BreadcrumbList\",\"@id\":\"https:\\\/\\\/www.marienoelle-jarousseau.com\\\/fr\\\/themes\\\/lenfant\\\/#breadcrumb\",\"itemListElement\":[{\"@type\":\"ListItem\",\"position\":1,\"name\":\"Accueil\",\"item\":\"https:\\\/\\\/www.marienoelle-jarousseau.com\\\/fr\\\/\"},{\"@type\":\"ListItem\",\"position\":2,\"name\":\"THEMES\",\"item\":\"https:\\\/\\\/www.marienoelle-jarousseau.com\\\/fr\\\/themes\\\/\"},{\"@type\":\"ListItem\",\"position\":3,\"name\":\"L&rsquo;enfant\"}]},{\"@type\":\"WebSite\",\"@id\":\"https:\\\/\\\/www.marienoelle-jarousseau.com\\\/fr\\\/#website\",\"url\":\"https:\\\/\\\/www.marienoelle-jarousseau.com\\\/fr\\\/\",\"name\":\"Marie-No\u00eblle Jarousseau - Artiste\",\"description\":\"\",\"potentialAction\":[{\"@type\":\"SearchAction\",\"target\":{\"@type\":\"EntryPoint\",\"urlTemplate\":\"https:\\\/\\\/www.marienoelle-jarousseau.com\\\/fr\\\/?s={search_term_string}\"},\"query-input\":{\"@type\":\"PropertyValueSpecification\",\"valueRequired\":true,\"valueName\":\"search_term_string\"}}],\"inLanguage\":\"fr-FR\"}]}<\/script>\n<!-- \/ Yoast SEO plugin. -->","yoast_head_json":{"title":"L'enfant - Marie-No\u00eblle Jarousseau - Artiste","robots":{"index":"index","follow":"follow","max-snippet":"max-snippet:-1","max-image-preview":"max-image-preview:large","max-video-preview":"max-video-preview:-1"},"canonical":"https:\/\/www.marienoelle-jarousseau.com\/fr\/themes\/lenfant\/","og_locale":"fr_FR","og_type":"article","og_title":"L'enfant - Marie-No\u00eblle Jarousseau - Artiste","og_description":"Hommage \u00e0 l&rsquo;enfant, ce nouvel enseignant&#8230; L&rsquo; ENFANT Chacun de ces tableaux a \u00e9t\u00e9 r\u00e9alis\u00e9 en t\u00e9l\u00e9pathie\u00a0avec la \u00a0\u00bb Pr\u00e9sence \u00a0\u00bb\u00a0de l&rsquo;enfant \u00e0 venir Bambi et le Printemps Grande fra\u00eecheurOuverture \u00a0 Ressenti\u00a0: \u00ab\u00a0&#8230;S&rsquo; Ouvrir \u00e0 tout ce qui est nouveau&#8230;\u00a0\u00bb Bambi et l&rsquo;automne Impossibilit\u00e9 de mettre des feuilles dans les arbres !!!Ce petit Etre \u00a0\u00e0&hellip;","og_url":"https:\/\/www.marienoelle-jarousseau.com\/fr\/themes\/lenfant\/","og_site_name":"Marie-No\u00eblle Jarousseau - Artiste","article_modified_time":"2018-10-05T19:15:38+00:00","og_image":[{"url":"http:\/\/www.marienoelle-jarousseau.com\/fr\/wp-content\/uploads\/2017\/03\/85-BAMBI-ET-LE-PRINTEMPS-Web-huile-sur-carton-entoile\u0301-33-x-41-avril-2000.jpg","type":"","width":"","height":""}],"twitter_card":"summary_large_image","twitter_misc":{"Dur\u00e9e de lecture estim\u00e9e":"4 minutes"},"schema":{"@context":"https:\/\/schema.org","@graph":[{"@type":"WebPage","@id":"https:\/\/www.marienoelle-jarousseau.com\/fr\/themes\/lenfant\/","url":"https:\/\/www.marienoelle-jarousseau.com\/fr\/themes\/lenfant\/","name":"L'enfant - Marie-No\u00eblle Jarousseau - Artiste","isPartOf":{"@id":"https:\/\/www.marienoelle-jarousseau.com\/fr\/#website"},"primaryImageOfPage":{"@id":"https:\/\/www.marienoelle-jarousseau.com\/fr\/themes\/lenfant\/#primaryimage"},"image":{"@id":"https:\/\/www.marienoelle-jarousseau.com\/fr\/themes\/lenfant\/#primaryimage"},"thumbnailUrl":"http:\/\/www.marienoelle-jarousseau.com\/fr\/wp-content\/uploads\/2017\/03\/77-78-PARAVENT-JEUX-ENFANTS-Web-sign-huile-sur-bois-116-x-183-janv-1999.jpg","datePublished":"2017-03-19T15:58:29+00:00","dateModified":"2018-10-05T19:15:38+00:00","breadcrumb":{"@id":"https:\/\/www.marienoelle-jarousseau.com\/fr\/themes\/lenfant\/#breadcrumb"},"inLanguage":"fr-FR","potentialAction":[{"@type":"ReadAction","target":["https:\/\/www.marienoelle-jarousseau.com\/fr\/themes\/lenfant\/"]}]},{"@type":"ImageObject","inLanguage":"fr-FR","@id":"https:\/\/www.marienoelle-jarousseau.com\/fr\/themes\/lenfant\/#primaryimage","url":"http:\/\/www.marienoelle-jarousseau.com\/fr\/wp-content\/uploads\/2017\/03\/77-78-PARAVENT-JEUX-ENFANTS-Web-sign-huile-sur-bois-116-x-183-janv-1999.jpg","contentUrl":"http:\/\/www.marienoelle-jarousseau.com\/fr\/wp-content\/uploads\/2017\/03\/77-78-PARAVENT-JEUX-ENFANTS-Web-sign-huile-sur-bois-116-x-183-janv-1999.jpg"},{"@type":"BreadcrumbList","@id":"https:\/\/www.marienoelle-jarousseau.com\/fr\/themes\/lenfant\/#breadcrumb","itemListElement":[{"@type":"ListItem","position":1,"name":"Accueil","item":"https:\/\/www.marienoelle-jarousseau.com\/fr\/"},{"@type":"ListItem","position":2,"name":"THEMES","item":"https:\/\/www.marienoelle-jarousseau.com\/fr\/themes\/"},{"@type":"ListItem","position":3,"name":"L&rsquo;enfant"}]},{"@type":"WebSite","@id":"https:\/\/www.marienoelle-jarousseau.com\/fr\/#website","url":"https:\/\/www.marienoelle-jarousseau.com\/fr\/","name":"Marie-No\u00eblle Jarousseau - Artiste","description":"","potentialAction":[{"@type":"SearchAction","target":{"@type":"EntryPoint","urlTemplate":"https:\/\/www.marienoelle-jarousseau.com\/fr\/?s={search_term_string}"},"query-input":{"@type":"PropertyValueSpecification","valueRequired":true,"valueName":"search_term_string"}}],"inLanguage":"fr-FR"}]}},"_links":{"self":[{"href":"https:\/\/www.marienoelle-jarousseau.com\/fr\/wp-json\/wp\/v2\/pages\/1458","targetHints":{"allow":["GET"]}}],"collection":[{"href":"https:\/\/www.marienoelle-jarousseau.com\/fr\/wp-json\/wp\/v2\/pages"}],"about":[{"href":"https:\/\/www.marienoelle-jarousseau.com\/fr\/wp-json\/wp\/v2\/types\/page"}],"author":[{"embeddable":true,"href":"https:\/\/www.marienoelle-jarousseau.com\/fr\/wp-json\/wp\/v2\/users\/3"}],"replies":[{"embeddable":true,"href":"https:\/\/www.marienoelle-jarousseau.com\/fr\/wp-json\/wp\/v2\/comments?post=1458"}],"version-history":[{"count":0,"href":"https:\/\/www.marienoelle-jarousseau.com\/fr\/wp-json\/wp\/v2\/pages\/1458\/revisions"}],"up":[{"embeddable":true,"href":"https:\/\/www.marienoelle-jarousseau.com\/fr\/wp-json\/wp\/v2\/pages\/1326"}],"wp:attachment":[{"href":"https:\/\/www.marienoelle-jarousseau.com\/fr\/wp-json\/wp\/v2\/media?parent=1458"}],"curies":[{"name":"wp","href":"https:\/\/api.w.org\/{rel}","templated":true}]}}