{"id":1516,"date":"2017-03-22T07:19:13","date_gmt":"2017-03-22T06:19:13","guid":{"rendered":"http:\/\/www.marienoelle-jarousseau.com\/fr\/?page_id=1516"},"modified":"2025-12-04T11:16:22","modified_gmt":"2025-12-04T10:16:22","slug":"preface","status":"publish","type":"page","link":"https:\/\/www.marienoelle-jarousseau.com\/fr\/preface\/","title":{"rendered":"Pr\u00e9face"},"content":{"rendered":"\n<h1  data-animation-delay=\"0.0\" data-animation-duration=\"1\">\n\t\t\tJe  Suis  un  \u00ab\u00a0Enfant\u00a0\u00bb     du Vide et du Plein \t<\/h1>\n\t\t\t\t<img decoding=\"async\" src=\"https:\/\/www.marienoelle-jarousseau.com\/fr\/wp-content\/uploads\/2020\/04\/212-la-FEE-des-bois_DSC0135-1-e1588079925250.jpg\" alt=\"La f\u00e9e des bois\" itemprop=\"image\" height=\"500\" width=\"400\" title=\"212 - la FEE des bois_DSC0135\" onerror=\"this.style.display='none'\" loading=\"lazy\" \/>\n\tJ&rsquo;apparais&#8230;..<br \/>\nJe disparais&#8230;..<br \/>\nDans cette jolie trame<br \/>\nComme un simple mage\n<p>&nbsp;<\/p>\nQu&rsquo;est-ce que l&rsquo;Image<br \/>\n?\nA quel instant est-elle d\u00e9termin\u00e9e<br \/>\nA vos yeux exerc\u00e9s<br \/>\nComme sure et certaine d&rsquo;\u00eatre valid\u00e9e\n<p>?<\/p>\nApparence trompeuse<br \/>\nN\u00e9e de croyances habitu\u00e9es<br \/>\nA un r\u00e9el organis\u00e9<br \/>\nJe suis La Danse<br \/>\nEntre irr\u00e9el et cr\u00e9\u00e9\n\t\t\t\t<img decoding=\"async\" src=\"https:\/\/www.marienoelle-jarousseau.com\/fr\/wp-content\/uploads\/2020\/05\/212-la-FEE-des-bois_DSC0135-e1589013205435.jpg\" alt=\"212 - la FEE des bois_DSC0135\" itemprop=\"image\" height=\"400\" width=\"500\" title=\"212 - la FEE des bois_DSC0135\" onerror=\"this.style.display='none'\" loading=\"lazy\" \/>\n\t<br \/>\nUn jour naissant<br \/>\nUn autre mourant<br \/>\nJ&rsquo;ai cette capacit\u00e9<br \/>\nDe cr\u00e9er<br \/>\nD&rsquo;engendrer<br \/>\nD&rsquo;un simple coup d&rsquo;aile<br \/>\nMille myriades d&rsquo;\u00e9tincelles\nEn champs de fleurs&#8230;<br \/>\nEn vols d&rsquo;oiseaux&#8230;<br \/>\nEn ruissellement d&rsquo;eau&#8230;<br \/>\nEn jaillissement de lave&#8230;<br \/>\nEn franche rigolade<br \/>\nEt bien d&rsquo;autres tableaux encore<br \/>\nJuste pour moult pl\u00e9thore\nRien de bien r\u00e9el<br \/>\nJuste une illusion \u00e9ph\u00e9m\u00e8re<br \/>\nD&rsquo;un Univers riche et dense<br \/>\nEn perp\u00e9tuelle mouvance\n\t\t\t\t<img decoding=\"async\" src=\"https:\/\/www.marienoelle-jarousseau.com\/fr\/wp-content\/uploads\/2020\/05\/212-la-FEE-des-bois_DSC0135-1-e1589013504779.jpg\" alt=\"212 - la FEE des bois_DSC0135\" itemprop=\"image\" height=\"500\" width=\"400\" title=\"212 - la FEE des bois_DSC0135\" onerror=\"this.style.display='none'\" loading=\"lazy\" \/>\n\t<p>&nbsp;<\/p>\n<p>&nbsp;<\/p>\nRegarde bien&#8230;<br \/>\nPour Toi<br \/>\nLib\u00e9r\u00e9 de tes croyances\n<p>&nbsp;<\/p>\n<p>Je disparais&#8230;..?<\/p>\n<p>ou<\/p>\n<p>J&rsquo;apparais&#8230;&#8230;. ?<\/p>\n<p>&nbsp;<\/p>\nTa seule Vision<br \/>\nD\u00e9terminera<br \/>\nTa&#8230;.. Propre Cr\u00e9ation\n<p>&nbsp;<\/p>\n<p><strong><em>MNJ<\/em><\/strong><\/p>\n<blockquote>\n<p><em>La\u00a0 SOURCE\u00a0 de\u00a0 TOUT\u00a0 ce\u00a0 qui\u00a0 EST<\/em><\/p>\n<\/blockquote>\n<p>\u00a0<\/p>\n\t<h2>Je\u00a0 Suis \u00a0\u00bb\u00a0 Perle\u00a0 \u00ab\u00a0<br \/>\nUne\u00a0 rencontre\u00a0 entre\u00a0 la\u00a0 Lumi\u00e8re\u00a0 et\u00a0 l&rsquo; Ombre<\/h2>\n\t\t\t\t<img decoding=\"async\" src=\"https:\/\/www.marienoelle-jarousseau.com\/fr\/wp-content\/uploads\/2015\/09\/153-RENCONTRE-d\u00e9tail-de-la-perle-digi-27-x-19.jpg\" alt=\"perle rencontre\" itemprop=\"image\" height=\"3189\" width=\"2245\" title=\"153 - RENCONTRE - d\u00e9tail de la perle - digi 27 x 19\" onerror=\"this.style.display='none'\" loading=\"lazy\" \/>\n\t\t\t\t<img decoding=\"async\" src=\"https:\/\/www.marienoelle-jarousseau.com\/fr\/wp-content\/uploads\/2015\/09\/152-RENCONTRE-haut-site-1-huile-sur-toile-tournante-81-x-116-fev-2007-e1585845239784.jpg\" alt=\"Rencontre - 3e oeil\" itemprop=\"image\" height=\"500\" width=\"347\" title=\"152-Web-RENCONTRE-haut--site-1--huile-sur-toile-tournante---81-x-116---fev-2007\" onerror=\"this.style.display='none'\" loading=\"lazy\" \/>\n\t<strong>Perle<\/strong><strong><br \/>\nMais<br \/>\nQui est Perle\u00a0?<\/strong>\n<p>&nbsp;<\/p>\n<p>&nbsp;<\/p>\nLa confrontation de vos deux \u00e9l\u00e9ments<br \/>\nN&rsquo;est que pur diamant<br \/>\nA qui sait le voir<br \/>\nComme simple Miroir<br \/>\nDe toute beaut\u00e9 r\u00e9v\u00e9l\u00e9e<br \/>\nPar votre propre Immensit\u00e9\nSans votre indispensable Alliance<br \/>\nSans votre d\u00e9licieux m\u00e9lange<br \/>\nPoint d&rsquo;Existence<br \/>\nPoint de Naissance\u00a0\nTout ce qui est \u00e9merg\u00e9<br \/>\nDans notre monde mat\u00e9rialis\u00e9<br \/>\nN&rsquo;est que le fruit av\u00e9r\u00e9<br \/>\nDe vos deux infinit\u00e9s\u00a0\nEt quelle Emergence<br \/>\nQue ce Joyau incomparable<br \/>\nDe votre Jeu in\u00e9luctable\u00a0\n\n\t\t\t\t<img decoding=\"async\" src=\"https:\/\/www.marienoelle-jarousseau.com\/fr\/wp-content\/uploads\/2016\/02\/152-RENCONTRE-site-pointe-huile-sur-toile-tournante-89-x-116-mars-2007.jpg\" alt=\"152 - RENCONTRE site-pointe-- huile sur toile tournante - 89 x 116 - mars 2007\" itemprop=\"image\" height=\"2468\" width=\"1716\" title=\"152 - RENCONTRE site-pointe-- huile sur toile tournante - 89 x 116 - mars 2007\" onerror=\"this.style.display='none'\" loading=\"lazy\" \/>\n\t<p>&nbsp;<\/p>\n<p>&nbsp;<\/p>\n<strong>Perle<br \/>\nTout est Perle<\/strong>\n<p>&nbsp;<\/p>\n<p>&nbsp;<\/p>\nDeux Amours effr\u00e9n\u00e9s<br \/>\nSi tumultueux, si talentueux<br \/>\nQuand vous vous rencontrez<br \/>\nMais qui produisez<br \/>\nUne telle intensit\u00e9<br \/>\nQu&rsquo;on ne peut \u00eatre qu&rsquo;\u00e9merveill\u00e9s<br \/>\nDe votre productivit\u00e9<br \/>\nSimplement l\u00e0, pour nous aider<br \/>\nA nous re-trouver<br \/>\nDans cette immensit\u00e9\u00a0\nPourquoi restons nous coinc\u00e9s<br \/>\nDans nos peurs irraisonn\u00e9es\u00a0?<br \/>\nSi ce n&rsquo;est que Noir r\u00e9v\u00e9l\u00e9\u00a0!\u00a0\nPourquoi fuyons nous<br \/>\nCette Lumi\u00e8re \u00e9clatante\u00a0?<br \/>\nQu&rsquo;au fond de nous<br \/>\nNous ne faisons qu&rsquo;attendre\u00a0?\nCe blanc ouat\u00e9<br \/>\nTant esp\u00e9r\u00e9\u00a0!<br \/>\nTant d\u00e9sir\u00e9\u00a0!\u00a0\nNous ballottons<br \/>\nEntre ces deux extr\u00eames\n\n\t\t\t\t<img decoding=\"async\" src=\"https:\/\/www.marienoelle-jarousseau.com\/fr\/wp-content\/uploads\/2015\/09\/152-RENCONTRE-site-pointe-huile-sur-toile-tournante-89-x-116-mars-2007-e1443289803313.jpg\" alt=\"rencontre entre lumi\u00e8re et ombre\" itemprop=\"image\" height=\"1716\" width=\"2468\" title=\"152 - RENCONTRE site-pointe-- huile sur toile tournante - 89 x 116 - mars 2007\" onerror=\"this.style.display='none'\" loading=\"lazy\" \/>\n\t<p>\u00a0<\/p>\n<strong>Et si nous \u00e9tions<br \/>\n<\/strong><strong>Perle\u00a0?<\/strong>\n<strong>D\u00e9licieux m\u00e9lange<br \/>\nDe l&rsquo;Union de ces deux Etres<\/strong>\n<p><strong><em>Ombre et Lumi\u00e8re<\/em><\/strong><\/p>\n<p>&nbsp;<\/p>\n<p>&nbsp;<\/p>\n\u00a0Ne sommes-nous pas Merveille\u00a0?<br \/>\nD&rsquo;ainsi porter en nous<br \/>\nCes deux \u00e9clats<br \/>\nEt de pouvoir en jouir<br \/>\nSelon notre gr\u00e9 et nos r\u00e9sultats\u00a0?\u00a0\n\n\t\t\t\t<img decoding=\"async\" src=\"https:\/\/www.marienoelle-jarousseau.com\/fr\/wp-content\/uploads\/2015\/09\/153-RENCONTRE-d\u00e9tail-de-la-perle-digi-27-x-19.jpg\" alt=\"perle rencontre\" itemprop=\"image\" height=\"3189\" width=\"2245\" title=\"153 - RENCONTRE - d\u00e9tail de la perle - digi 27 x 19\" onerror=\"this.style.display='none'\" loading=\"lazy\" \/>\n\t<p>&nbsp;<\/p>\n<p>&nbsp;<\/p>\n<p>&nbsp;<\/p>\n<p>&nbsp;<\/p>\n<p>&nbsp;<\/p>\n<p>&nbsp;<\/p>\n<p>&nbsp;<\/p>\n<strong>Perle<br \/>\n<\/strong><strong>\u00a0\u00bb Je suis Perle \u00ab\u00a0<\/strong>\n<p>&nbsp;<\/p>\nJe suis un \u00a0\u00bb Enfant \u00a0\u00bb de votre firmament<br \/>\nAinsi incarn\u00e9 pour un temps d\u00e9termin\u00e9\nJe go\u00fbte \u00e0 votre f\u00e9licit\u00e9<br \/>\nQue petit \u00e0 petit je cr\u00e9e<br \/>\nJuste pour mon avanc\u00e9e\n<p>Sur mon chemin d&rsquo;Eternit\u00e9<\/p>\n<p>&nbsp;<\/p>\n<p>&nbsp;<\/p>\n<p>MNJ<\/p>\n\n","protected":false},"excerpt":{"rendered":"<p>Je Suis un \u00ab\u00a0Enfant\u00a0\u00bb du Vide et du Plein J&rsquo;apparais&#8230;.. Je disparais&#8230;.. Dans cette jolie trame Comme un simple mage &nbsp; Qu&rsquo;est-ce que l&rsquo;Image ? A quel instant est-elle d\u00e9termin\u00e9e A vos yeux exerc\u00e9s Comme sure et certaine d&rsquo;\u00eatre valid\u00e9e ? Apparence trompeuse N\u00e9e de croyances habitu\u00e9es A un r\u00e9el organis\u00e9 Je suis La Danse&hellip;<\/p>\n","protected":false},"author":3,"featured_media":0,"parent":0,"menu_order":2,"comment_status":"closed","ping_status":"closed","template":"","meta":{"footnotes":""},"class_list":["post-1516","page","type-page","status-publish","hentry"],"yoast_head":"<!-- This site is optimized with the Yoast SEO plugin v27.4 - https:\/\/yoast.com\/product\/yoast-seo-wordpress\/ -->\n<title>Pr\u00e9face - Marie-No\u00eblle Jarousseau - Artiste<\/title>\n<meta name=\"robots\" content=\"index, follow, max-snippet:-1, max-image-preview:large, max-video-preview:-1\" \/>\n<link rel=\"canonical\" href=\"https:\/\/www.marienoelle-jarousseau.com\/fr\/preface\/\" \/>\n<meta property=\"og:locale\" content=\"fr_FR\" \/>\n<meta property=\"og:type\" content=\"article\" \/>\n<meta property=\"og:title\" content=\"Pr\u00e9face - Marie-No\u00eblle Jarousseau - Artiste\" \/>\n<meta property=\"og:description\" content=\"Je Suis un \u00ab\u00a0Enfant\u00a0\u00bb du Vide et du Plein J&rsquo;apparais&#8230;.. Je disparais&#8230;.. Dans cette jolie trame Comme un simple mage &nbsp; Qu&rsquo;est-ce que l&rsquo;Image ? A quel instant est-elle d\u00e9termin\u00e9e A vos yeux exerc\u00e9s Comme sure et certaine d&rsquo;\u00eatre valid\u00e9e ? Apparence trompeuse N\u00e9e de croyances habitu\u00e9es A un r\u00e9el organis\u00e9 Je suis La Danse&hellip;\" \/>\n<meta property=\"og:url\" content=\"https:\/\/www.marienoelle-jarousseau.com\/fr\/preface\/\" \/>\n<meta property=\"og:site_name\" content=\"Marie-No\u00eblle Jarousseau - Artiste\" \/>\n<meta property=\"article:modified_time\" content=\"2025-12-04T10:16:22+00:00\" \/>\n<meta property=\"og:image\" content=\"https:\/\/www.marienoelle-jarousseau.com\/fr\/wp-content\/uploads\/2020\/04\/212-la-FEE-des-bois_DSC0135-1-e1588079925250.jpg\" \/>\n<meta name=\"twitter:card\" content=\"summary_large_image\" \/>\n<meta name=\"twitter:label1\" content=\"Dur\u00e9e de lecture estim\u00e9e\" \/>\n\t<meta name=\"twitter:data1\" content=\"2 minutes\" \/>\n<script type=\"application\/ld+json\" class=\"yoast-schema-graph\">{\"@context\":\"https:\\\/\\\/schema.org\",\"@graph\":[{\"@type\":\"WebPage\",\"@id\":\"https:\\\/\\\/www.marienoelle-jarousseau.com\\\/fr\\\/preface\\\/\",\"url\":\"https:\\\/\\\/www.marienoelle-jarousseau.com\\\/fr\\\/preface\\\/\",\"name\":\"Pr\u00e9face - Marie-No\u00eblle Jarousseau - Artiste\",\"isPartOf\":{\"@id\":\"https:\\\/\\\/www.marienoelle-jarousseau.com\\\/fr\\\/#website\"},\"primaryImageOfPage\":{\"@id\":\"https:\\\/\\\/www.marienoelle-jarousseau.com\\\/fr\\\/preface\\\/#primaryimage\"},\"image\":{\"@id\":\"https:\\\/\\\/www.marienoelle-jarousseau.com\\\/fr\\\/preface\\\/#primaryimage\"},\"thumbnailUrl\":\"https:\\\/\\\/www.marienoelle-jarousseau.com\\\/fr\\\/wp-content\\\/uploads\\\/2020\\\/04\\\/212-la-FEE-des-bois_DSC0135-1-e1588079925250.jpg\",\"datePublished\":\"2017-03-22T06:19:13+00:00\",\"dateModified\":\"2025-12-04T10:16:22+00:00\",\"breadcrumb\":{\"@id\":\"https:\\\/\\\/www.marienoelle-jarousseau.com\\\/fr\\\/preface\\\/#breadcrumb\"},\"inLanguage\":\"fr-FR\",\"potentialAction\":[{\"@type\":\"ReadAction\",\"target\":[\"https:\\\/\\\/www.marienoelle-jarousseau.com\\\/fr\\\/preface\\\/\"]}]},{\"@type\":\"ImageObject\",\"inLanguage\":\"fr-FR\",\"@id\":\"https:\\\/\\\/www.marienoelle-jarousseau.com\\\/fr\\\/preface\\\/#primaryimage\",\"url\":\"https:\\\/\\\/www.marienoelle-jarousseau.com\\\/fr\\\/wp-content\\\/uploads\\\/2020\\\/04\\\/212-la-FEE-des-bois_DSC0135-1-e1588079925250.jpg\",\"contentUrl\":\"https:\\\/\\\/www.marienoelle-jarousseau.com\\\/fr\\\/wp-content\\\/uploads\\\/2020\\\/04\\\/212-la-FEE-des-bois_DSC0135-1-e1588079925250.jpg\",\"width\":400,\"height\":500,\"caption\":\"La f\u00e9e des bois\"},{\"@type\":\"BreadcrumbList\",\"@id\":\"https:\\\/\\\/www.marienoelle-jarousseau.com\\\/fr\\\/preface\\\/#breadcrumb\",\"itemListElement\":[{\"@type\":\"ListItem\",\"position\":1,\"name\":\"Accueil\",\"item\":\"https:\\\/\\\/www.marienoelle-jarousseau.com\\\/fr\\\/\"},{\"@type\":\"ListItem\",\"position\":2,\"name\":\"Pr\u00e9face\"}]},{\"@type\":\"WebSite\",\"@id\":\"https:\\\/\\\/www.marienoelle-jarousseau.com\\\/fr\\\/#website\",\"url\":\"https:\\\/\\\/www.marienoelle-jarousseau.com\\\/fr\\\/\",\"name\":\"Marie-No\u00eblle Jarousseau - Artiste\",\"description\":\"\",\"potentialAction\":[{\"@type\":\"SearchAction\",\"target\":{\"@type\":\"EntryPoint\",\"urlTemplate\":\"https:\\\/\\\/www.marienoelle-jarousseau.com\\\/fr\\\/?s={search_term_string}\"},\"query-input\":{\"@type\":\"PropertyValueSpecification\",\"valueRequired\":true,\"valueName\":\"search_term_string\"}}],\"inLanguage\":\"fr-FR\"}]}<\/script>\n<!-- \/ Yoast SEO plugin. -->","yoast_head_json":{"title":"Pr\u00e9face - Marie-No\u00eblle Jarousseau - Artiste","robots":{"index":"index","follow":"follow","max-snippet":"max-snippet:-1","max-image-preview":"max-image-preview:large","max-video-preview":"max-video-preview:-1"},"canonical":"https:\/\/www.marienoelle-jarousseau.com\/fr\/preface\/","og_locale":"fr_FR","og_type":"article","og_title":"Pr\u00e9face - Marie-No\u00eblle Jarousseau - Artiste","og_description":"Je Suis un \u00ab\u00a0Enfant\u00a0\u00bb du Vide et du Plein J&rsquo;apparais&#8230;.. Je disparais&#8230;.. Dans cette jolie trame Comme un simple mage &nbsp; Qu&rsquo;est-ce que l&rsquo;Image ? A quel instant est-elle d\u00e9termin\u00e9e A vos yeux exerc\u00e9s Comme sure et certaine d&rsquo;\u00eatre valid\u00e9e ? Apparence trompeuse N\u00e9e de croyances habitu\u00e9es A un r\u00e9el organis\u00e9 Je suis La Danse&hellip;","og_url":"https:\/\/www.marienoelle-jarousseau.com\/fr\/preface\/","og_site_name":"Marie-No\u00eblle Jarousseau - Artiste","article_modified_time":"2025-12-04T10:16:22+00:00","og_image":[{"url":"https:\/\/www.marienoelle-jarousseau.com\/fr\/wp-content\/uploads\/2020\/04\/212-la-FEE-des-bois_DSC0135-1-e1588079925250.jpg","type":"","width":"","height":""}],"twitter_card":"summary_large_image","twitter_misc":{"Dur\u00e9e de lecture estim\u00e9e":"2 minutes"},"schema":{"@context":"https:\/\/schema.org","@graph":[{"@type":"WebPage","@id":"https:\/\/www.marienoelle-jarousseau.com\/fr\/preface\/","url":"https:\/\/www.marienoelle-jarousseau.com\/fr\/preface\/","name":"Pr\u00e9face - Marie-No\u00eblle Jarousseau - Artiste","isPartOf":{"@id":"https:\/\/www.marienoelle-jarousseau.com\/fr\/#website"},"primaryImageOfPage":{"@id":"https:\/\/www.marienoelle-jarousseau.com\/fr\/preface\/#primaryimage"},"image":{"@id":"https:\/\/www.marienoelle-jarousseau.com\/fr\/preface\/#primaryimage"},"thumbnailUrl":"https:\/\/www.marienoelle-jarousseau.com\/fr\/wp-content\/uploads\/2020\/04\/212-la-FEE-des-bois_DSC0135-1-e1588079925250.jpg","datePublished":"2017-03-22T06:19:13+00:00","dateModified":"2025-12-04T10:16:22+00:00","breadcrumb":{"@id":"https:\/\/www.marienoelle-jarousseau.com\/fr\/preface\/#breadcrumb"},"inLanguage":"fr-FR","potentialAction":[{"@type":"ReadAction","target":["https:\/\/www.marienoelle-jarousseau.com\/fr\/preface\/"]}]},{"@type":"ImageObject","inLanguage":"fr-FR","@id":"https:\/\/www.marienoelle-jarousseau.com\/fr\/preface\/#primaryimage","url":"https:\/\/www.marienoelle-jarousseau.com\/fr\/wp-content\/uploads\/2020\/04\/212-la-FEE-des-bois_DSC0135-1-e1588079925250.jpg","contentUrl":"https:\/\/www.marienoelle-jarousseau.com\/fr\/wp-content\/uploads\/2020\/04\/212-la-FEE-des-bois_DSC0135-1-e1588079925250.jpg","width":400,"height":500,"caption":"La f\u00e9e des bois"},{"@type":"BreadcrumbList","@id":"https:\/\/www.marienoelle-jarousseau.com\/fr\/preface\/#breadcrumb","itemListElement":[{"@type":"ListItem","position":1,"name":"Accueil","item":"https:\/\/www.marienoelle-jarousseau.com\/fr\/"},{"@type":"ListItem","position":2,"name":"Pr\u00e9face"}]},{"@type":"WebSite","@id":"https:\/\/www.marienoelle-jarousseau.com\/fr\/#website","url":"https:\/\/www.marienoelle-jarousseau.com\/fr\/","name":"Marie-No\u00eblle Jarousseau - Artiste","description":"","potentialAction":[{"@type":"SearchAction","target":{"@type":"EntryPoint","urlTemplate":"https:\/\/www.marienoelle-jarousseau.com\/fr\/?s={search_term_string}"},"query-input":{"@type":"PropertyValueSpecification","valueRequired":true,"valueName":"search_term_string"}}],"inLanguage":"fr-FR"}]}},"_links":{"self":[{"href":"https:\/\/www.marienoelle-jarousseau.com\/fr\/wp-json\/wp\/v2\/pages\/1516","targetHints":{"allow":["GET"]}}],"collection":[{"href":"https:\/\/www.marienoelle-jarousseau.com\/fr\/wp-json\/wp\/v2\/pages"}],"about":[{"href":"https:\/\/www.marienoelle-jarousseau.com\/fr\/wp-json\/wp\/v2\/types\/page"}],"author":[{"embeddable":true,"href":"https:\/\/www.marienoelle-jarousseau.com\/fr\/wp-json\/wp\/v2\/users\/3"}],"replies":[{"embeddable":true,"href":"https:\/\/www.marienoelle-jarousseau.com\/fr\/wp-json\/wp\/v2\/comments?post=1516"}],"version-history":[{"count":1,"href":"https:\/\/www.marienoelle-jarousseau.com\/fr\/wp-json\/wp\/v2\/pages\/1516\/revisions"}],"predecessor-version":[{"id":4196,"href":"https:\/\/www.marienoelle-jarousseau.com\/fr\/wp-json\/wp\/v2\/pages\/1516\/revisions\/4196"}],"wp:attachment":[{"href":"https:\/\/www.marienoelle-jarousseau.com\/fr\/wp-json\/wp\/v2\/media?parent=1516"}],"curies":[{"name":"wp","href":"https:\/\/api.w.org\/{rel}","templated":true}]}}