{"id":1784,"date":"2017-05-08T08:44:04","date_gmt":"2017-05-08T07:44:04","guid":{"rendered":"http:\/\/www.marienoelle-jarousseau.com\/fr\/?page_id=1784"},"modified":"2023-03-07T11:53:00","modified_gmt":"2023-03-07T10:53:00","slug":"transformation-perpetuelle","status":"publish","type":"page","link":"https:\/\/www.marienoelle-jarousseau.com\/fr\/lunivers-est-mouvement-2\/transformation-perpetuelle\/","title":{"rendered":"Transformation perp\u00e9tuelle"},"content":{"rendered":"\n\n\t<p><em>Transformation perp\u00e9tuelle<\/em><\/p>\n\t<strong><em><br \/>\nMa vision..<br \/>\n<\/em><em>Ce que je ressens vrai<br \/>\nL\u00e0 dans l&rsquo;instant<br \/>\nN&rsquo;est vrai que pour moi\u00a0\u00bb<\/em><\/strong>\n<p><strong><em>Et toi que ressens-tu ?<\/em><\/strong><\/p>\n<strong>Transmutation<\/strong><br \/>\n<strong>Transformation<\/strong>\n<strong>Tout est toujours en mouvement<\/strong><br \/>\n<strong>Tout change tout le temps<\/strong><br \/>\n<strong>Tout vit et tout meurt<\/strong><br \/>\n<strong>A chaque instant<\/strong>\n<p>&nbsp;<\/p>\n<strong>Ce qui est l\u00e0 \u00e0 un instant T&#8230; disparait<\/strong><br \/>\n<strong>D\u00e8s qu&rsquo;un autre instant T&#8230; apparait<\/strong><br \/>\n<strong>Et ainsi de suite Perp\u00e9tuellement<\/strong><br \/>\n<strong>Il en va ainsi de tout ce qui compose la Vie<\/strong>\n<strong><br \/>\nCe \u00ab\u00a0passage\u00a0\u00bb est in\u00e9luctable pour toute avanc\u00e9e<\/strong><br \/>\n<strong>Dans ce qu&rsquo;on nomme \u00ab\u00a0l\u00a0\u00bb\u00e9ternit\u00e9\u00a0\u00bb<\/strong><br \/>\n<strong>L&rsquo;\u00e9ternit\u00e9 est mouvement<\/strong><br \/>\n<strong>L&rsquo;\u00e9ternit\u00e9 est changement<\/strong><br \/>\n<strong>l&rsquo;\u00e9ternit\u00e9 est nouveaut\u00e9<\/strong><br \/>\n<strong>L&rsquo;\u00e9ternit\u00e9 est \u00a0!<\/strong>\n<strong>Pour qu&rsquo;il y ait&#8230; \u00a0 \u00a0 \u00a0Vie<\/strong><br \/>\n<strong>Il est n\u00e9cessaire qu&rsquo;il y ait &#8230; \u00a0 \u00a0 \u00a0Mort<\/strong>\n<strong><em>Imagine&#8230;<\/em><\/strong><br \/>\n<strong><em>s &lsquo;il n&rsquo;y avait pas de mort ?<\/em><\/strong>\n<strong>Comment \u00a0les choses changeraient-elles ?<\/strong><br \/>\n<strong>Comment les choses \u00e9volueraient-elles ?<\/strong><br \/>\n<strong><em>Tout resterait statique<br \/>\n<\/em>\u00a0 \u00a0 \u00a0 \u00a0 \u00a0<em> la m\u00eame chose&#8230;\u00a0 \u00a0 \u00a0se r\u00e9p\u00e9terait inlassablement&#8230;<br \/>\n<\/em>\u00a0 \u00a0 \u00a0 \u00a0 \u00a0 \u00a0 \u00a0 \u00a0 \u00a0 \u00a0 \u00a0\u00a0<em>la m\u00eame exp\u00e9rience&#8230;\u00a0 \u00a0 \u00a0 \u00a0 \u00a0 \u00a0 \u00a0 \u00a0se vivrait inlassablement&#8230;<br \/>\n<\/em>\u00a0 \u00a0 \u00a0 \u00a0 \u00a0 \u00a0 \u00a0 \u00a0 \u00a0 \u00a0<em>la m\u00eame \u00e9motion&#8230;\u00a0 \u00a0 \u00a0 \u00a0 \u00a0 \u00a0se ressentirait inlassablement<\/em><\/strong>\n<strong><em>C&rsquo;est parce qu&rsquo;il y a&#8230;<\/em><\/strong><br \/>\n<strong>Mort de l&rsquo;Instant<\/strong><br \/>\n<strong>Et Naissance d&rsquo;un autre Instant<\/strong><br \/>\n<strong>Inlassablement<\/strong><br \/>\n<strong>Que les choses bougent, changent, se transforment<\/strong><br \/>\n<strong>Apportant \u00e0 chaque espace-temps<\/strong><br \/>\n<strong>Son lot de nouvelles exp\u00e9rimentations<\/strong><br \/>\n<strong><em>&#8230;Que Je vibre&#8230;<\/em><\/strong>\n<strong>Ne me suis-je pas dit souvent&#8230;<\/strong><br \/>\n<strong>Je ne comprends pas&#8230;<\/strong><br \/>\n<strong>La semaine derni\u00e8re, j&rsquo;allais si bien !<\/strong><br \/>\n<strong>Et l\u00e0, quand j&rsquo;essaie de revivre \u00e7\u00e0 : \u00e7\u00e0 ne marche plus !<\/strong><br \/>\n<strong>J&rsquo;ai pris conscience&#8230;<\/strong><br \/>\n<strong>Que ce qui \u00e9tait bien align\u00e9 \u00e0 cet instant T n&rsquo;est plus !<\/strong><br \/>\n<strong>Depuis J&rsquo;ai\u00a0chang\u00e9, \u00e9volu\u00e9&#8230;<\/strong><br \/>\n<strong>Mes cheveux ont pouss\u00e9, Ma peau s&rsquo;est transform\u00e9e&#8230;<\/strong>\n<strong><em>Ma respiration a tout fait chang\u00e9 !<br \/>\n<\/em><\/strong><br \/>\n<strong>Pleins de cellules sont mortes<\/strong><br \/>\n<strong>D&rsquo;autres les ont remplac\u00e9es<\/strong><br \/>\n<strong>Elles ont un autre code, une autre identit\u00e9<\/strong><br \/>\n<strong>Faisant de Moi quelqu&rsquo;un de diff\u00e9rent<\/strong><br \/>\n<strong>Pour un autre Espace-Temps<\/strong>\n<strong>Etre\u00a0conscient de toutes ces \u00ab\u00a0petites morts\u00a0\u00bb&#8230;&#8230; \u00e0 chaque respiration<\/strong><br \/>\n<strong>Etre conscient que je passe sans cesse dans ce jeu de&#8230;&#8230;.\u00a0<em>vie-mort\/<\/em><em>vie-mort<br \/>\n<\/em>Et, quand j&rsquo;ai\u00a0fini de vivre tous ces mini-\u00e9pisodes<\/strong><br \/>\n<strong>Et que je souhaite aller faire des exp\u00e9riences&#8230;&#8230; ailleurs&#8230;<\/strong><br \/>\n<strong>Sur une Autre Plan\u00e8te<\/strong><br \/>\n<strong>Une Autre Galaxie<\/strong><br \/>\n<strong>Ou un Autre Univers<\/strong><br \/>\n<strong>Il me faudra quitter le support qui ne correspond qu&rsquo;\u00e0 cette TERRE&#8230;&#8230;. MON CORPS PHYSIQUE<\/strong>\n<strong><em>Ce\u00a0sera\u00a0donc pour moi \u00ab\u00a0le Grand Passage\u00a0\u00bb<br \/>\n<\/em><em>\u00ab\u00a0la Grande Mort\u00a0\u00bb<br \/>\n<\/em>Ou aux yeux des autres&#8230; Je\u00a0disparaitrai&#8230;<\/strong><br \/>\n<strong>Pour aller voguer \u00e0 nouveau&#8230;ailleurs dans l&rsquo;Univers<\/strong><br \/>\n<strong>Prendre un autre conducteur<\/strong><br \/>\n<strong>Qui correspond \u00e0 la vibration de la Plan\u00e8te choisie<\/strong><br \/>\n<strong>Et exp\u00e9rimenter ainsi encore et encore autre chose<\/strong><br \/>\n<strong>Dans d&rsquo;Autres Univers&#8230;<\/strong><br \/>\n<strong>Ou revenir dans celui-ci&#8230;<\/strong>\n<strong>\u00a0Ou \u00e0 chaque fois que l&rsquo;exp\u00e9rience est termin\u00e9e pour Moi<\/strong><br \/>\n<strong>Il me faut\u00a0quitter le\u00a0support d&rsquo;alors<\/strong><br \/>\n<strong>Pour aller vivre encore et encore&#8230;<\/strong><br \/>\n<strong>A l&rsquo;infini&#8230;<\/strong>\n<strong>En entrant et en quittant plein de support-corps<\/strong><br \/>\n<strong>Qui ne sont l\u00e0 que pour permettre de vivre intens\u00e9ment<\/strong><br \/>\n<strong>Toutes les exp\u00e9riences correspondant aux divers niveaux de vibrations<\/strong>\n<strong>Je me sens\u00a0 Pure Energie volatile&#8230;<\/strong><br \/>\n<strong>Qui visite l&rsquo;Univers<\/strong><br \/>\n<strong>Dans toute sa pluridimentionalit\u00e9<\/strong>\n<strong>Pour vivre sur cette terre<\/strong><br \/>\n<strong>Qui vibre \u00e0 un certain taux d&rsquo;\u00e9nergie<\/strong><br \/>\n<strong>Ou tout n&rsquo;est qu&rsquo;Ombre et Lumi\u00e8re r\u00e9v\u00e9l\u00e9<\/strong><br \/>\n<strong>Le monde des \u00ab\u00a0oppos\u00e9s\u00a0\u00bb<\/strong>\n<b>Que l&rsquo;on peut aussi nommer<br \/>\n\u00ab\u00a0le monde des compl\u00e9mentarit\u00e9s\u00a0\u00bb<\/b>\n<strong>J&rsquo;ai d\u00fb prendre un \u00ab\u00a0conducteur\u00a0\u00bb<\/strong><br \/>\n<strong>Qui me permet de faire les exp\u00e9riences li\u00e9es \u00e0 cette dimension terrestre<\/strong><br \/>\n<strong>Comme&#8230; prendre un objet, le sentir, le go\u00fbter, \u00e9couter, etc&#8230;<\/strong><br \/>\n<strong>Ce conducteur est ce corps terrestre<\/strong><br \/>\n<strong>J&rsquo;ai plein de gratitude envers lui et de tout ce qu&rsquo;il me permet d&rsquo;exp\u00e9rimenter dans le \u00ab\u00a0concret\u00a0\u00bb<\/strong><br \/>\n<strong>Sans lui, l&rsquo;Etre de Pure Energie Volatile que Je suis<\/strong><br \/>\n<strong>Serait pass\u00e9 au travers de tout sans pouvoir le vivre dans \u00ab\u00a0la Mati\u00e8re\u00a0\u00bb<\/strong>\n<p>&nbsp;<\/p>\n<strong><br \/>\nEt toi ?<\/strong>\n<p><strong>Qu&rsquo;elle est ta vision ?<\/strong><\/p>\n\t<h2>QUELQUES \u00a0 TRANSFORMATIONS<\/h2>\n\t<p><em>Tout peut se transformer et prendre une nouvelle forme&#8230;<\/em><\/p>\n\t\t\t\t<img decoding=\"async\" src=\"http:\/\/www.marienoelle-jarousseau.com\/fr\/wp-content\/uploads\/2017\/05\/naissance-champignon-ecorce-web-IMG_0889.jpg\" alt=\"naissance d'un champignon-\u00e9corce\n\" itemprop=\"image\" title=\"naissance-champignon-ecorce-web-IMG_0889\" onerror=\"this.style.display='none'\"  \/>\n\t\tnaissance d&rsquo;un champignon-\u00e9corce\n\t\t\t\t<img decoding=\"async\" src=\"http:\/\/www.marienoelle-jarousseau.com\/fr\/wp-content\/uploads\/2017\/03\/champignon-bois-web-IMG_0889.jpg\" alt=\"champignon-\u00e9corce\" itemprop=\"image\" title=\"champignon-bois-web-IMG_0889\" onerror=\"this.style.display='none'\"  \/>\n\t\tchampignon-\u00e9corce\n\t\t\t\t<img decoding=\"async\" src=\"http:\/\/www.marienoelle-jarousseau.com\/fr\/wp-content\/uploads\/2017\/05\/aissance-drole-doiseau-web-IMG_1752.jpg\" alt=\"naissance d'un dr\u00f4le-d'oiseau\" itemprop=\"image\" title=\"aissance-drole-d'oiseau-web-IMG_1752\" onerror=\"this.style.display='none'\"  \/>\n\t\tnaissance d&rsquo;un dr\u00f4le-d&rsquo;oiseau\n\t\t\t\t<img decoding=\"async\" src=\"http:\/\/www.marienoelle-jarousseau.com\/fr\/wp-content\/uploads\/2017\/05\/Dro\u0302le-doiseau-web.jpg\" alt=\"dr\u00f4le d'oiseau\" itemprop=\"image\" title=\"Dro\u0302le-d'oiseau-web\" onerror=\"this.style.display='none'\"  \/>\n\t\tdr\u00f4le d&rsquo;oiseau\n\t\t\t\t<img decoding=\"async\" src=\"http:\/\/www.marienoelle-jarousseau.com\/fr\/wp-content\/uploads\/2017\/03\/champignon-bois-et-son-e\u0301crin-de-verdure-web-IMG_0889.jpg\" alt=\"champignon dans son \u00e9crin de verdure\" itemprop=\"image\" title=\"champignon-bois-et-son-e\u0301crin-de-verdure-web-IMG_0889\" onerror=\"this.style.display='none'\"  \/>\n\t\tchampignon dans son \u00e9crin de verdure\n\t\t\t\t<img decoding=\"async\" src=\"http:\/\/www.marienoelle-jarousseau.com\/fr\/wp-content\/uploads\/2017\/03\/maitre-jedi-web-IMG_0889.jpg\" alt=\"ma\u00eetre Jedi\" itemprop=\"image\" title=\"maitre-jedi-web-IMG_0889\" onerror=\"this.style.display='none'\"  \/>\n\t\tma\u00eetre Jedi\n\n","protected":false},"excerpt":{"rendered":"<p>Transformation perp\u00e9tuelle Ma vision.. Ce que je ressens vrai L\u00e0 dans l&rsquo;instant N&rsquo;est vrai que pour moi\u00a0\u00bb Et toi que ressens-tu ? Transmutation Transformation Tout est toujours en mouvement Tout change tout le temps Tout vit et tout meurt A chaque instant &nbsp; Ce qui est l\u00e0 \u00e0 un instant T&#8230; disparait D\u00e8s qu&rsquo;un autre&hellip;<\/p>\n","protected":false},"author":3,"featured_media":0,"parent":1981,"menu_order":3,"comment_status":"closed","ping_status":"closed","template":"","meta":{"footnotes":""},"class_list":["post-1784","page","type-page","status-publish","hentry"],"yoast_head":"<!-- This site is optimized with the Yoast SEO plugin v27.3 - https:\/\/yoast.com\/product\/yoast-seo-wordpress\/ -->\n<title>Transformation perp\u00e9tuelle - Marie-No\u00eblle Jarousseau - Artiste<\/title>\n<meta name=\"robots\" content=\"index, follow, max-snippet:-1, max-image-preview:large, max-video-preview:-1\" \/>\n<link rel=\"canonical\" href=\"https:\/\/www.marienoelle-jarousseau.com\/fr\/lunivers-est-mouvement-2\/transformation-perpetuelle\/\" \/>\n<meta property=\"og:locale\" content=\"fr_FR\" \/>\n<meta property=\"og:type\" content=\"article\" \/>\n<meta property=\"og:title\" content=\"Transformation perp\u00e9tuelle - Marie-No\u00eblle Jarousseau - Artiste\" \/>\n<meta property=\"og:description\" content=\"Transformation perp\u00e9tuelle Ma vision.. Ce que je ressens vrai L\u00e0 dans l&rsquo;instant N&rsquo;est vrai que pour moi\u00a0\u00bb Et toi que ressens-tu ? Transmutation Transformation Tout est toujours en mouvement Tout change tout le temps Tout vit et tout meurt A chaque instant &nbsp; Ce qui est l\u00e0 \u00e0 un instant T&#8230; disparait D\u00e8s qu&rsquo;un autre&hellip;\" \/>\n<meta property=\"og:url\" content=\"https:\/\/www.marienoelle-jarousseau.com\/fr\/lunivers-est-mouvement-2\/transformation-perpetuelle\/\" \/>\n<meta property=\"og:site_name\" content=\"Marie-No\u00eblle Jarousseau - Artiste\" \/>\n<meta property=\"article:modified_time\" content=\"2023-03-07T10:53:00+00:00\" \/>\n<meta property=\"og:image\" content=\"http:\/\/www.marienoelle-jarousseau.com\/fr\/wp-content\/uploads\/2017\/05\/naissance-champignon-ecorce-web-IMG_0889.jpg\" \/>\n<meta name=\"twitter:card\" content=\"summary_large_image\" \/>\n<meta name=\"twitter:label1\" content=\"Dur\u00e9e de lecture estim\u00e9e\" \/>\n\t<meta name=\"twitter:data1\" content=\"3 minutes\" \/>\n<script type=\"application\/ld+json\" class=\"yoast-schema-graph\">{\"@context\":\"https:\\\/\\\/schema.org\",\"@graph\":[{\"@type\":\"WebPage\",\"@id\":\"https:\\\/\\\/www.marienoelle-jarousseau.com\\\/fr\\\/lunivers-est-mouvement-2\\\/transformation-perpetuelle\\\/\",\"url\":\"https:\\\/\\\/www.marienoelle-jarousseau.com\\\/fr\\\/lunivers-est-mouvement-2\\\/transformation-perpetuelle\\\/\",\"name\":\"Transformation perp\u00e9tuelle - Marie-No\u00eblle Jarousseau - Artiste\",\"isPartOf\":{\"@id\":\"https:\\\/\\\/www.marienoelle-jarousseau.com\\\/fr\\\/#website\"},\"primaryImageOfPage\":{\"@id\":\"https:\\\/\\\/www.marienoelle-jarousseau.com\\\/fr\\\/lunivers-est-mouvement-2\\\/transformation-perpetuelle\\\/#primaryimage\"},\"image\":{\"@id\":\"https:\\\/\\\/www.marienoelle-jarousseau.com\\\/fr\\\/lunivers-est-mouvement-2\\\/transformation-perpetuelle\\\/#primaryimage\"},\"thumbnailUrl\":\"http:\\\/\\\/www.marienoelle-jarousseau.com\\\/fr\\\/wp-content\\\/uploads\\\/2017\\\/05\\\/naissance-champignon-ecorce-web-IMG_0889.jpg\",\"datePublished\":\"2017-05-08T07:44:04+00:00\",\"dateModified\":\"2023-03-07T10:53:00+00:00\",\"breadcrumb\":{\"@id\":\"https:\\\/\\\/www.marienoelle-jarousseau.com\\\/fr\\\/lunivers-est-mouvement-2\\\/transformation-perpetuelle\\\/#breadcrumb\"},\"inLanguage\":\"fr-FR\",\"potentialAction\":[{\"@type\":\"ReadAction\",\"target\":[\"https:\\\/\\\/www.marienoelle-jarousseau.com\\\/fr\\\/lunivers-est-mouvement-2\\\/transformation-perpetuelle\\\/\"]}]},{\"@type\":\"ImageObject\",\"inLanguage\":\"fr-FR\",\"@id\":\"https:\\\/\\\/www.marienoelle-jarousseau.com\\\/fr\\\/lunivers-est-mouvement-2\\\/transformation-perpetuelle\\\/#primaryimage\",\"url\":\"http:\\\/\\\/www.marienoelle-jarousseau.com\\\/fr\\\/wp-content\\\/uploads\\\/2017\\\/05\\\/naissance-champignon-ecorce-web-IMG_0889.jpg\",\"contentUrl\":\"http:\\\/\\\/www.marienoelle-jarousseau.com\\\/fr\\\/wp-content\\\/uploads\\\/2017\\\/05\\\/naissance-champignon-ecorce-web-IMG_0889.jpg\"},{\"@type\":\"BreadcrumbList\",\"@id\":\"https:\\\/\\\/www.marienoelle-jarousseau.com\\\/fr\\\/lunivers-est-mouvement-2\\\/transformation-perpetuelle\\\/#breadcrumb\",\"itemListElement\":[{\"@type\":\"ListItem\",\"position\":1,\"name\":\"Accueil\",\"item\":\"https:\\\/\\\/www.marienoelle-jarousseau.com\\\/fr\\\/\"},{\"@type\":\"ListItem\",\"position\":2,\"name\":\"L&rsquo;UNIVERS EST MOUVEMENT\",\"item\":\"https:\\\/\\\/www.marienoelle-jarousseau.com\\\/fr\\\/lunivers-est-mouvement-2\\\/\"},{\"@type\":\"ListItem\",\"position\":3,\"name\":\"Transformation perp\u00e9tuelle\"}]},{\"@type\":\"WebSite\",\"@id\":\"https:\\\/\\\/www.marienoelle-jarousseau.com\\\/fr\\\/#website\",\"url\":\"https:\\\/\\\/www.marienoelle-jarousseau.com\\\/fr\\\/\",\"name\":\"Marie-No\u00eblle Jarousseau - Artiste\",\"description\":\"\",\"potentialAction\":[{\"@type\":\"SearchAction\",\"target\":{\"@type\":\"EntryPoint\",\"urlTemplate\":\"https:\\\/\\\/www.marienoelle-jarousseau.com\\\/fr\\\/?s={search_term_string}\"},\"query-input\":{\"@type\":\"PropertyValueSpecification\",\"valueRequired\":true,\"valueName\":\"search_term_string\"}}],\"inLanguage\":\"fr-FR\"}]}<\/script>\n<!-- \/ Yoast SEO plugin. -->","yoast_head_json":{"title":"Transformation perp\u00e9tuelle - Marie-No\u00eblle Jarousseau - Artiste","robots":{"index":"index","follow":"follow","max-snippet":"max-snippet:-1","max-image-preview":"max-image-preview:large","max-video-preview":"max-video-preview:-1"},"canonical":"https:\/\/www.marienoelle-jarousseau.com\/fr\/lunivers-est-mouvement-2\/transformation-perpetuelle\/","og_locale":"fr_FR","og_type":"article","og_title":"Transformation perp\u00e9tuelle - Marie-No\u00eblle Jarousseau - Artiste","og_description":"Transformation perp\u00e9tuelle Ma vision.. Ce que je ressens vrai L\u00e0 dans l&rsquo;instant N&rsquo;est vrai que pour moi\u00a0\u00bb Et toi que ressens-tu ? Transmutation Transformation Tout est toujours en mouvement Tout change tout le temps Tout vit et tout meurt A chaque instant &nbsp; Ce qui est l\u00e0 \u00e0 un instant T&#8230; disparait D\u00e8s qu&rsquo;un autre&hellip;","og_url":"https:\/\/www.marienoelle-jarousseau.com\/fr\/lunivers-est-mouvement-2\/transformation-perpetuelle\/","og_site_name":"Marie-No\u00eblle Jarousseau - Artiste","article_modified_time":"2023-03-07T10:53:00+00:00","og_image":[{"url":"http:\/\/www.marienoelle-jarousseau.com\/fr\/wp-content\/uploads\/2017\/05\/naissance-champignon-ecorce-web-IMG_0889.jpg","type":"","width":"","height":""}],"twitter_card":"summary_large_image","twitter_misc":{"Dur\u00e9e de lecture estim\u00e9e":"3 minutes"},"schema":{"@context":"https:\/\/schema.org","@graph":[{"@type":"WebPage","@id":"https:\/\/www.marienoelle-jarousseau.com\/fr\/lunivers-est-mouvement-2\/transformation-perpetuelle\/","url":"https:\/\/www.marienoelle-jarousseau.com\/fr\/lunivers-est-mouvement-2\/transformation-perpetuelle\/","name":"Transformation perp\u00e9tuelle - Marie-No\u00eblle Jarousseau - Artiste","isPartOf":{"@id":"https:\/\/www.marienoelle-jarousseau.com\/fr\/#website"},"primaryImageOfPage":{"@id":"https:\/\/www.marienoelle-jarousseau.com\/fr\/lunivers-est-mouvement-2\/transformation-perpetuelle\/#primaryimage"},"image":{"@id":"https:\/\/www.marienoelle-jarousseau.com\/fr\/lunivers-est-mouvement-2\/transformation-perpetuelle\/#primaryimage"},"thumbnailUrl":"http:\/\/www.marienoelle-jarousseau.com\/fr\/wp-content\/uploads\/2017\/05\/naissance-champignon-ecorce-web-IMG_0889.jpg","datePublished":"2017-05-08T07:44:04+00:00","dateModified":"2023-03-07T10:53:00+00:00","breadcrumb":{"@id":"https:\/\/www.marienoelle-jarousseau.com\/fr\/lunivers-est-mouvement-2\/transformation-perpetuelle\/#breadcrumb"},"inLanguage":"fr-FR","potentialAction":[{"@type":"ReadAction","target":["https:\/\/www.marienoelle-jarousseau.com\/fr\/lunivers-est-mouvement-2\/transformation-perpetuelle\/"]}]},{"@type":"ImageObject","inLanguage":"fr-FR","@id":"https:\/\/www.marienoelle-jarousseau.com\/fr\/lunivers-est-mouvement-2\/transformation-perpetuelle\/#primaryimage","url":"http:\/\/www.marienoelle-jarousseau.com\/fr\/wp-content\/uploads\/2017\/05\/naissance-champignon-ecorce-web-IMG_0889.jpg","contentUrl":"http:\/\/www.marienoelle-jarousseau.com\/fr\/wp-content\/uploads\/2017\/05\/naissance-champignon-ecorce-web-IMG_0889.jpg"},{"@type":"BreadcrumbList","@id":"https:\/\/www.marienoelle-jarousseau.com\/fr\/lunivers-est-mouvement-2\/transformation-perpetuelle\/#breadcrumb","itemListElement":[{"@type":"ListItem","position":1,"name":"Accueil","item":"https:\/\/www.marienoelle-jarousseau.com\/fr\/"},{"@type":"ListItem","position":2,"name":"L&rsquo;UNIVERS EST MOUVEMENT","item":"https:\/\/www.marienoelle-jarousseau.com\/fr\/lunivers-est-mouvement-2\/"},{"@type":"ListItem","position":3,"name":"Transformation perp\u00e9tuelle"}]},{"@type":"WebSite","@id":"https:\/\/www.marienoelle-jarousseau.com\/fr\/#website","url":"https:\/\/www.marienoelle-jarousseau.com\/fr\/","name":"Marie-No\u00eblle Jarousseau - Artiste","description":"","potentialAction":[{"@type":"SearchAction","target":{"@type":"EntryPoint","urlTemplate":"https:\/\/www.marienoelle-jarousseau.com\/fr\/?s={search_term_string}"},"query-input":{"@type":"PropertyValueSpecification","valueRequired":true,"valueName":"search_term_string"}}],"inLanguage":"fr-FR"}]}},"_links":{"self":[{"href":"https:\/\/www.marienoelle-jarousseau.com\/fr\/wp-json\/wp\/v2\/pages\/1784","targetHints":{"allow":["GET"]}}],"collection":[{"href":"https:\/\/www.marienoelle-jarousseau.com\/fr\/wp-json\/wp\/v2\/pages"}],"about":[{"href":"https:\/\/www.marienoelle-jarousseau.com\/fr\/wp-json\/wp\/v2\/types\/page"}],"author":[{"embeddable":true,"href":"https:\/\/www.marienoelle-jarousseau.com\/fr\/wp-json\/wp\/v2\/users\/3"}],"replies":[{"embeddable":true,"href":"https:\/\/www.marienoelle-jarousseau.com\/fr\/wp-json\/wp\/v2\/comments?post=1784"}],"version-history":[{"count":0,"href":"https:\/\/www.marienoelle-jarousseau.com\/fr\/wp-json\/wp\/v2\/pages\/1784\/revisions"}],"up":[{"embeddable":true,"href":"https:\/\/www.marienoelle-jarousseau.com\/fr\/wp-json\/wp\/v2\/pages\/1981"}],"wp:attachment":[{"href":"https:\/\/www.marienoelle-jarousseau.com\/fr\/wp-json\/wp\/v2\/media?parent=1784"}],"curies":[{"name":"wp","href":"https:\/\/api.w.org\/{rel}","templated":true}]}}