{"id":1948,"date":"2018-10-02T18:05:53","date_gmt":"2018-10-02T17:05:53","guid":{"rendered":"http:\/\/www.marienoelle-jarousseau.com\/fr\/?page_id=1948"},"modified":"2025-12-04T12:15:29","modified_gmt":"2025-12-04T11:15:29","slug":"la-realite-une-illusion","status":"publish","type":"page","link":"https:\/\/www.marienoelle-jarousseau.com\/fr\/lunivers-est-mouvement-2\/la-realite-une-illusion\/","title":{"rendered":"La R\u00e9alit\u00e9 : Une Illusion ?"},"content":{"rendered":"\n<h3>\n\t\t\tLA REALITE : UNE ILLUSION ?\t<\/h3>\n\t<p>(1)&#8230;<\/p>\nLe Monde est Energie<br \/>\nTout se passe dans l&rsquo;Instant<br \/>\nApparaissent, disparaissent<br \/>\nMoults formes et mouvements\n\t<p>(2)&#8230;<\/p>\nCrois-tu les choses solides\u00a0?<br \/>\nElles ne le sont point\u00a0!\nJuste un Assemblage d&rsquo;Energie<br \/>\nPour concr\u00e9tiser quelque chose<br \/>\nQue tu permets de r\u00e9v\u00e9ler<br \/>\nPour en d\u00e9couvrir toutes les particularit\u00e9s<br \/>\nEt qu&rsquo;il t&rsquo;appartient de montrer<br \/>\nPour en rayonner toute la beaut\u00e9\nTes ressentis mu\u00e9s en pens\u00e9es<br \/>\nSont le lien<br \/>\nEntre Potentialit\u00e9s et Densit\u00e9 concr\u00e9tis\u00e9e\n\t\t\t\t<img decoding=\"async\" src=\"https:\/\/www.marienoelle-jarousseau.com\/fr\/wp-content\/uploads\/2022\/01\/paysage-de-montagne-en-puzzle-de\u0301forme\u0301-WEB-_DSC0038-1.jpg\" alt=\"paysage de montagne en puzzle\" itemprop=\"image\" height=\"803\" width=\"1200\" title=\"paysage-de-montagne-en-puzzle-de\u0301forme\u0301-WEB-_DSC0038\" onerror=\"this.style.display='none'\" loading=\"lazy\" \/>\n\t\tpaysage de montagne en puzzle\n\t<p>(3)&#8230;.<\/p>\nTU ES le SAS<br \/>\nPar lequel l&rsquo;Univers<br \/>\nSe r\u00e9v\u00e8le \u00e0 lui-m\u00eame\nTU ES ACTEUR<br \/>\nConsentant de cette farce ineffable<br \/>\nElle se d\u00e9roule sous tes yeux<br \/>\nQuoi de plus d\u00e9licieux\u00a0?\nTu peux faire Emerger ainsi<br \/>\nMille facettes de cette Manne Irr\u00e9elle<br \/>\nEt y go\u00fbter toute l&rsquo;intensit\u00e9\n\t\t\t\t<img decoding=\"async\" src=\"https:\/\/www.marienoelle-jarousseau.com\/fr\/wp-content\/uploads\/2022\/01\/Paysage-de-montagne-en-onde.jpg\" alt=\"Paysage-de-montagne-en-onde\" itemprop=\"image\" height=\"803\" width=\"1200\" title=\"Paysage-de-montagne-en-onde\" onerror=\"this.style.display='none'\" loading=\"lazy\" \/>\n\t\t\t\t<img decoding=\"async\" src=\"https:\/\/www.marienoelle-jarousseau.com\/fr\/wp-content\/plugins\/bb-plugin\/img\/pixel.png\" alt=\"\" itemprop=\"image\" onerror=\"this.style.display='none'\" loading=\"lazy\" \/>\n\t<p>(4)&#8230;<\/p>\n<p>Maintenant..<\/p>\n<p>Imagine&#8230;<\/p>\n<p>TU ES OBSERVATEUR du Ph\u00e9nom\u00e8ne<\/p>\nTes yeux se font percutants<br \/>\nIls peuvent suivre chaque mouvement<br \/>\nDe l&rsquo;\u00e9nergie en bouillonnement<br \/>\nJusqu&rsquo;\u00e0 Sa Forme dans le Pr\u00e9sent\nVOIS&#8230;<br \/>\nToutes les \u00e9tapes se d\u00e9rouler&#8230;<br \/>\nTU VOIS&#8230; la Fluidit\u00e9<br \/>\nTU VOIS&#8230; l&rsquo;Intensit\u00e9<br \/>\nTU VOIS&#8230; la Beaut\u00e9<br \/>\nTU VOIS&#8230; la Majest\u00e9<br \/>\nDe toute cette \u00e9nergie<br \/>\nQui ne demande<br \/>\nQu&rsquo;\u00e0 se r\u00e9v\u00e9ler<br \/>\nPour se faire Na\u00eetre<br \/>\nPour se Conna\u00eetre<br \/>\nPour admirer toutes ses facettes<br \/>\nDans l&rsquo;Infini de ses Potentialit\u00e9s\n\t<p>(5)&#8230;<\/p>\nL&rsquo;Univers est comme un Etre Humain<br \/>\nQui du b\u00e9b\u00e9 au vieillard<br \/>\nNe cesse d&rsquo;apprendre de lui-m\u00eame<br \/>\nToutes les richesses qu&rsquo;il rec\u00e8le et se r\u00e9v\u00e8le<br \/>\nAu fur et \u00e0 mesure de son avanc\u00e9e<br \/>\nJusqu&rsquo;\u00e0 son Apog\u00e9e\nC&rsquo;est l&rsquo;effet des Poup\u00e9es Russes<br \/>\nTout ce que tu vois en Petit<br \/>\nEst le reflet<br \/>\nDe tout ce qui existe en Grand\n<p>L&rsquo;Univers n&rsquo;est pas diff\u00e9rent de Toi<\/p>\nIL EST&#8230;LUI<br \/>\nTU&#8230;ES TOI\nIL EST&#8230;TOI<br \/>\nTU ES&#8230;LUI\n\t<p>(6)&#8230;<\/p>\nIl vit&#8230; comme toi<br \/>\nIl respire&#8230; comme toi<br \/>\nIl vibre&#8230; comme toi\nTu es&#8230; Son Image<br \/>\nIl est&#8230; Ton Image\nTu es&#8230; Sa Vibration<br \/>\nIl est&#8230; Ta Vibration\nTu es&#8230; Son Energie<br \/>\nIl est&#8230; Ton Energie\nTu es&#8230; Son Enfant<br \/>\nCar \u00e0 travers Lui, Tu Te r\u00e9v\u00e8les\nIl est&#8230; Ton Enfant<br \/>\nCar \u00e0 travers Toi, Il Se r\u00e9v\u00e8le\n<p>&nbsp;<\/p>\n<p>&nbsp;<\/p>\n\t<p>7)&#8230;<\/p>\n<p>Tu es Important pour LUI<\/p>\n<p>Sans TOI&#8230;<\/p>\nSans Tes ressentis&#8230;<br \/>\nSans Tes \u00e9motions&#8230;<br \/>\nSans Tes Pens\u00e9es&#8230;<br \/>\nSans Tes Actions&#8230;<br \/>\nSans Tout ce que Tu Vis&#8230;<br \/>\nSans tout ce qui te rend vivant&#8230;\nPoint de r\u00e9v\u00e9lation\u00a0!<br \/>\nPoint d&rsquo;avanc\u00e9e\u00a0!<br \/>\nPoint de mat\u00e9rialisation dans le Cr\u00e9\u00e9\nAfin qu&rsquo;Ensemble<br \/>\nVous puissiez faire Emerger<br \/>\nToute la Beaut\u00e9 de Son Infinit\u00e9\n<p>De&#8230;. TON INFINITE<\/p>\n<p><em>MNJ<\/em><\/p>\n<p>&nbsp;<\/p>\n<p>&nbsp;<\/p>\n\n","protected":false},"excerpt":{"rendered":"<p>LA REALITE : UNE ILLUSION ? (1)&#8230; Le Monde est Energie Tout se passe dans l&rsquo;Instant Apparaissent, disparaissent Moults formes et mouvements (2)&#8230; Crois-tu les choses solides\u00a0? Elles ne le sont point\u00a0! Juste un Assemblage d&rsquo;Energie Pour concr\u00e9tiser quelque chose Que tu permets de r\u00e9v\u00e9ler Pour en d\u00e9couvrir toutes les particularit\u00e9s Et qu&rsquo;il t&rsquo;appartient de&hellip;<\/p>\n","protected":false},"author":3,"featured_media":0,"parent":1981,"menu_order":1,"comment_status":"closed","ping_status":"closed","template":"","meta":{"footnotes":""},"class_list":["post-1948","page","type-page","status-publish","hentry"],"yoast_head":"<!-- This site is optimized with the Yoast SEO plugin v27.3 - https:\/\/yoast.com\/product\/yoast-seo-wordpress\/ -->\n<title>La R\u00e9alit\u00e9 : Une Illusion ? - Marie-No\u00eblle Jarousseau - Artiste<\/title>\n<meta name=\"robots\" content=\"index, follow, max-snippet:-1, max-image-preview:large, max-video-preview:-1\" \/>\n<link rel=\"canonical\" href=\"https:\/\/www.marienoelle-jarousseau.com\/fr\/lunivers-est-mouvement-2\/la-realite-une-illusion\/\" \/>\n<meta property=\"og:locale\" content=\"fr_FR\" \/>\n<meta property=\"og:type\" content=\"article\" \/>\n<meta property=\"og:title\" content=\"La R\u00e9alit\u00e9 : Une Illusion ? - Marie-No\u00eblle Jarousseau - Artiste\" \/>\n<meta property=\"og:description\" content=\"LA REALITE : UNE ILLUSION ? (1)&#8230; Le Monde est Energie Tout se passe dans l&rsquo;Instant Apparaissent, disparaissent Moults formes et mouvements (2)&#8230; Crois-tu les choses solides\u00a0? Elles ne le sont point\u00a0! Juste un Assemblage d&rsquo;Energie Pour concr\u00e9tiser quelque chose Que tu permets de r\u00e9v\u00e9ler Pour en d\u00e9couvrir toutes les particularit\u00e9s Et qu&rsquo;il t&rsquo;appartient de&hellip;\" \/>\n<meta property=\"og:url\" content=\"https:\/\/www.marienoelle-jarousseau.com\/fr\/lunivers-est-mouvement-2\/la-realite-une-illusion\/\" \/>\n<meta property=\"og:site_name\" content=\"Marie-No\u00eblle Jarousseau - Artiste\" \/>\n<meta property=\"article:modified_time\" content=\"2025-12-04T11:15:29+00:00\" \/>\n<meta property=\"og:image\" content=\"https:\/\/www.marienoelle-jarousseau.com\/fr\/wp-content\/uploads\/2022\/01\/Paysage-de-montagne-en-onde.jpg\" \/>\n<meta name=\"twitter:card\" content=\"summary_large_image\" \/>\n<meta name=\"twitter:label1\" content=\"Dur\u00e9e de lecture estim\u00e9e\" \/>\n\t<meta name=\"twitter:data1\" content=\"2 minutes\" \/>\n<script type=\"application\/ld+json\" class=\"yoast-schema-graph\">{\"@context\":\"https:\\\/\\\/schema.org\",\"@graph\":[{\"@type\":\"WebPage\",\"@id\":\"https:\\\/\\\/www.marienoelle-jarousseau.com\\\/fr\\\/lunivers-est-mouvement-2\\\/la-realite-une-illusion\\\/\",\"url\":\"https:\\\/\\\/www.marienoelle-jarousseau.com\\\/fr\\\/lunivers-est-mouvement-2\\\/la-realite-une-illusion\\\/\",\"name\":\"La R\u00e9alit\u00e9 : Une Illusion ? - Marie-No\u00eblle Jarousseau - Artiste\",\"isPartOf\":{\"@id\":\"https:\\\/\\\/www.marienoelle-jarousseau.com\\\/fr\\\/#website\"},\"primaryImageOfPage\":{\"@id\":\"https:\\\/\\\/www.marienoelle-jarousseau.com\\\/fr\\\/lunivers-est-mouvement-2\\\/la-realite-une-illusion\\\/#primaryimage\"},\"image\":{\"@id\":\"https:\\\/\\\/www.marienoelle-jarousseau.com\\\/fr\\\/lunivers-est-mouvement-2\\\/la-realite-une-illusion\\\/#primaryimage\"},\"thumbnailUrl\":\"https:\\\/\\\/www.marienoelle-jarousseau.com\\\/fr\\\/wp-content\\\/uploads\\\/2022\\\/01\\\/Paysage-de-montagne-en-onde.jpg\",\"datePublished\":\"2018-10-02T17:05:53+00:00\",\"dateModified\":\"2025-12-04T11:15:29+00:00\",\"breadcrumb\":{\"@id\":\"https:\\\/\\\/www.marienoelle-jarousseau.com\\\/fr\\\/lunivers-est-mouvement-2\\\/la-realite-une-illusion\\\/#breadcrumb\"},\"inLanguage\":\"fr-FR\",\"potentialAction\":[{\"@type\":\"ReadAction\",\"target\":[\"https:\\\/\\\/www.marienoelle-jarousseau.com\\\/fr\\\/lunivers-est-mouvement-2\\\/la-realite-une-illusion\\\/\"]}]},{\"@type\":\"ImageObject\",\"inLanguage\":\"fr-FR\",\"@id\":\"https:\\\/\\\/www.marienoelle-jarousseau.com\\\/fr\\\/lunivers-est-mouvement-2\\\/la-realite-une-illusion\\\/#primaryimage\",\"url\":\"https:\\\/\\\/www.marienoelle-jarousseau.com\\\/fr\\\/wp-content\\\/uploads\\\/2022\\\/01\\\/Paysage-de-montagne-en-onde.jpg\",\"contentUrl\":\"https:\\\/\\\/www.marienoelle-jarousseau.com\\\/fr\\\/wp-content\\\/uploads\\\/2022\\\/01\\\/Paysage-de-montagne-en-onde.jpg\",\"width\":1200,\"height\":803},{\"@type\":\"BreadcrumbList\",\"@id\":\"https:\\\/\\\/www.marienoelle-jarousseau.com\\\/fr\\\/lunivers-est-mouvement-2\\\/la-realite-une-illusion\\\/#breadcrumb\",\"itemListElement\":[{\"@type\":\"ListItem\",\"position\":1,\"name\":\"Accueil\",\"item\":\"https:\\\/\\\/www.marienoelle-jarousseau.com\\\/fr\\\/\"},{\"@type\":\"ListItem\",\"position\":2,\"name\":\"L&rsquo;UNIVERS EST MOUVEMENT\",\"item\":\"https:\\\/\\\/www.marienoelle-jarousseau.com\\\/fr\\\/lunivers-est-mouvement-2\\\/\"},{\"@type\":\"ListItem\",\"position\":3,\"name\":\"La R\u00e9alit\u00e9 : Une Illusion ?\"}]},{\"@type\":\"WebSite\",\"@id\":\"https:\\\/\\\/www.marienoelle-jarousseau.com\\\/fr\\\/#website\",\"url\":\"https:\\\/\\\/www.marienoelle-jarousseau.com\\\/fr\\\/\",\"name\":\"Marie-No\u00eblle Jarousseau - Artiste\",\"description\":\"\",\"potentialAction\":[{\"@type\":\"SearchAction\",\"target\":{\"@type\":\"EntryPoint\",\"urlTemplate\":\"https:\\\/\\\/www.marienoelle-jarousseau.com\\\/fr\\\/?s={search_term_string}\"},\"query-input\":{\"@type\":\"PropertyValueSpecification\",\"valueRequired\":true,\"valueName\":\"search_term_string\"}}],\"inLanguage\":\"fr-FR\"}]}<\/script>\n<!-- \/ Yoast SEO plugin. -->","yoast_head_json":{"title":"La R\u00e9alit\u00e9 : Une Illusion ? - Marie-No\u00eblle Jarousseau - Artiste","robots":{"index":"index","follow":"follow","max-snippet":"max-snippet:-1","max-image-preview":"max-image-preview:large","max-video-preview":"max-video-preview:-1"},"canonical":"https:\/\/www.marienoelle-jarousseau.com\/fr\/lunivers-est-mouvement-2\/la-realite-une-illusion\/","og_locale":"fr_FR","og_type":"article","og_title":"La R\u00e9alit\u00e9 : Une Illusion ? - Marie-No\u00eblle Jarousseau - Artiste","og_description":"LA REALITE : UNE ILLUSION ? (1)&#8230; Le Monde est Energie Tout se passe dans l&rsquo;Instant Apparaissent, disparaissent Moults formes et mouvements (2)&#8230; Crois-tu les choses solides\u00a0? Elles ne le sont point\u00a0! Juste un Assemblage d&rsquo;Energie Pour concr\u00e9tiser quelque chose Que tu permets de r\u00e9v\u00e9ler Pour en d\u00e9couvrir toutes les particularit\u00e9s Et qu&rsquo;il t&rsquo;appartient de&hellip;","og_url":"https:\/\/www.marienoelle-jarousseau.com\/fr\/lunivers-est-mouvement-2\/la-realite-une-illusion\/","og_site_name":"Marie-No\u00eblle Jarousseau - Artiste","article_modified_time":"2025-12-04T11:15:29+00:00","og_image":[{"url":"https:\/\/www.marienoelle-jarousseau.com\/fr\/wp-content\/uploads\/2022\/01\/Paysage-de-montagne-en-onde.jpg","type":"","width":"","height":""}],"twitter_card":"summary_large_image","twitter_misc":{"Dur\u00e9e de lecture estim\u00e9e":"2 minutes"},"schema":{"@context":"https:\/\/schema.org","@graph":[{"@type":"WebPage","@id":"https:\/\/www.marienoelle-jarousseau.com\/fr\/lunivers-est-mouvement-2\/la-realite-une-illusion\/","url":"https:\/\/www.marienoelle-jarousseau.com\/fr\/lunivers-est-mouvement-2\/la-realite-une-illusion\/","name":"La R\u00e9alit\u00e9 : Une Illusion ? - Marie-No\u00eblle Jarousseau - Artiste","isPartOf":{"@id":"https:\/\/www.marienoelle-jarousseau.com\/fr\/#website"},"primaryImageOfPage":{"@id":"https:\/\/www.marienoelle-jarousseau.com\/fr\/lunivers-est-mouvement-2\/la-realite-une-illusion\/#primaryimage"},"image":{"@id":"https:\/\/www.marienoelle-jarousseau.com\/fr\/lunivers-est-mouvement-2\/la-realite-une-illusion\/#primaryimage"},"thumbnailUrl":"https:\/\/www.marienoelle-jarousseau.com\/fr\/wp-content\/uploads\/2022\/01\/Paysage-de-montagne-en-onde.jpg","datePublished":"2018-10-02T17:05:53+00:00","dateModified":"2025-12-04T11:15:29+00:00","breadcrumb":{"@id":"https:\/\/www.marienoelle-jarousseau.com\/fr\/lunivers-est-mouvement-2\/la-realite-une-illusion\/#breadcrumb"},"inLanguage":"fr-FR","potentialAction":[{"@type":"ReadAction","target":["https:\/\/www.marienoelle-jarousseau.com\/fr\/lunivers-est-mouvement-2\/la-realite-une-illusion\/"]}]},{"@type":"ImageObject","inLanguage":"fr-FR","@id":"https:\/\/www.marienoelle-jarousseau.com\/fr\/lunivers-est-mouvement-2\/la-realite-une-illusion\/#primaryimage","url":"https:\/\/www.marienoelle-jarousseau.com\/fr\/wp-content\/uploads\/2022\/01\/Paysage-de-montagne-en-onde.jpg","contentUrl":"https:\/\/www.marienoelle-jarousseau.com\/fr\/wp-content\/uploads\/2022\/01\/Paysage-de-montagne-en-onde.jpg","width":1200,"height":803},{"@type":"BreadcrumbList","@id":"https:\/\/www.marienoelle-jarousseau.com\/fr\/lunivers-est-mouvement-2\/la-realite-une-illusion\/#breadcrumb","itemListElement":[{"@type":"ListItem","position":1,"name":"Accueil","item":"https:\/\/www.marienoelle-jarousseau.com\/fr\/"},{"@type":"ListItem","position":2,"name":"L&rsquo;UNIVERS EST MOUVEMENT","item":"https:\/\/www.marienoelle-jarousseau.com\/fr\/lunivers-est-mouvement-2\/"},{"@type":"ListItem","position":3,"name":"La R\u00e9alit\u00e9 : Une Illusion ?"}]},{"@type":"WebSite","@id":"https:\/\/www.marienoelle-jarousseau.com\/fr\/#website","url":"https:\/\/www.marienoelle-jarousseau.com\/fr\/","name":"Marie-No\u00eblle Jarousseau - Artiste","description":"","potentialAction":[{"@type":"SearchAction","target":{"@type":"EntryPoint","urlTemplate":"https:\/\/www.marienoelle-jarousseau.com\/fr\/?s={search_term_string}"},"query-input":{"@type":"PropertyValueSpecification","valueRequired":true,"valueName":"search_term_string"}}],"inLanguage":"fr-FR"}]}},"_links":{"self":[{"href":"https:\/\/www.marienoelle-jarousseau.com\/fr\/wp-json\/wp\/v2\/pages\/1948","targetHints":{"allow":["GET"]}}],"collection":[{"href":"https:\/\/www.marienoelle-jarousseau.com\/fr\/wp-json\/wp\/v2\/pages"}],"about":[{"href":"https:\/\/www.marienoelle-jarousseau.com\/fr\/wp-json\/wp\/v2\/types\/page"}],"author":[{"embeddable":true,"href":"https:\/\/www.marienoelle-jarousseau.com\/fr\/wp-json\/wp\/v2\/users\/3"}],"replies":[{"embeddable":true,"href":"https:\/\/www.marienoelle-jarousseau.com\/fr\/wp-json\/wp\/v2\/comments?post=1948"}],"version-history":[{"count":2,"href":"https:\/\/www.marienoelle-jarousseau.com\/fr\/wp-json\/wp\/v2\/pages\/1948\/revisions"}],"predecessor-version":[{"id":4199,"href":"https:\/\/www.marienoelle-jarousseau.com\/fr\/wp-json\/wp\/v2\/pages\/1948\/revisions\/4199"}],"up":[{"embeddable":true,"href":"https:\/\/www.marienoelle-jarousseau.com\/fr\/wp-json\/wp\/v2\/pages\/1981"}],"wp:attachment":[{"href":"https:\/\/www.marienoelle-jarousseau.com\/fr\/wp-json\/wp\/v2\/media?parent=1948"}],"curies":[{"name":"wp","href":"https:\/\/api.w.org\/{rel}","templated":true}]}}