{"id":2089,"date":"2018-10-08T08:27:43","date_gmt":"2018-10-08T07:27:43","guid":{"rendered":"http:\/\/www.marienoelle-jarousseau.com\/fr\/?page_id=2089"},"modified":"2025-12-04T12:43:27","modified_gmt":"2025-12-04T11:43:27","slug":"la-realite-une-danse","status":"publish","type":"page","link":"https:\/\/www.marienoelle-jarousseau.com\/fr\/lunivers-est-mouvement-2\/la-realite-une-danse\/","title":{"rendered":"La r\u00e9alit\u00e9&#8230; Une Danse ?"},"content":{"rendered":"\n<h3>\n\t\t\tLa R\u00e9alit\u00e9 : Une Danse ?\t<\/h3>\n\tTiens, on dirait du carton p\u00e2te<br \/>\nOu plut\u00f4t du carton bouilli qui danse&#8230;<br \/>\nTout bouge&#8230;<br \/>\nTout vibre&#8230;<br \/>\nRien n&rsquo;est fixe&#8230;\n<p>Tout bouge tout le temps\u00a0!<\/p>\n<p>&nbsp;<\/p>\nMon Dieu<br \/>\nMais que se passe-t-il\u00a0?<br \/>\nRien de bien sp\u00e9cial<br \/>\nRassure-toi<br \/>\nPas de drame\n<p>&nbsp;<\/p>\nTu viens de franchir un cap<br \/>\nEt, tout-\u00e0-coup, tu as la capacit\u00e9<br \/>\nDe voir l&rsquo;Energie en mouvement<br \/>\nTout simplement\n<p>&nbsp;<\/p>\nLe temps s&rsquo;est comme \u00e9tir\u00e9 pour toi<br \/>\nTu vois les objets au ralenti<br \/>\nPrendre petit \u00e0 petit<br \/>\nUne forme bien d\u00e9finie\n<p>&nbsp;<\/p>\nCe n&rsquo;est que l&rsquo;\u00e9nergie<br \/>\nQui se d\u00e9finit peu \u00e0 peu<br \/>\nJusqu&rsquo;\u00e0 r\u00e9aliser<br \/>\nCe que tes pens\u00e9es avaient<br \/>\nConsciemment ou non imagin\u00e9<br \/>\nLaiss\u00e9 s&rsquo;expanser\n<p>&nbsp;<\/p>\nLa mati\u00e8re n&rsquo;est qu&rsquo;\u00e9nergie condens\u00e9e<br \/>\nSelon la densit\u00e9 d\u00e9sir\u00e9e<br \/>\nElle sera moins compacte<br \/>\nPour la repr\u00e9sentation d&rsquo;un voile<br \/>\nQue pour celle d&rsquo;un rocher\n<p>&nbsp;<\/p>\nJe n&rsquo;entrerai pas ici<br \/>\nDans le jeu des mol\u00e9cules<br \/>\nIons, protons, quarks<br \/>\nEt tutti quanti<br \/>\nLes scientifiques le font mieux que moi<br \/>\nJe leur laisse ce choix\n<p>&nbsp;<\/p>\nMais je le ressens&#8230;<br \/>\nSi profond\u00e9ment<br \/>\nSi intens\u00e9ment\n\t\t\t\t<img decoding=\"async\" src=\"http:\/\/www.marienoelle-jarousseau.com\/fr\/wp-content\/uploads\/2018\/10\/carton-bouilli-1-121-MIROIR-extrait-collier-de-perles-huile-sur-toile-30-x-60-1.jpg\" alt=\"carton bouilli 1-121 - MIROIR - extrait collier de perles - huile sur toile - 30 x 60\" itemprop=\"image\" title=\"carton bouilli 1-121 - MIROIR - extrait collier de perles - huile sur toile - 30 x 60\" onerror=\"this.style.display='none'\" loading=\"lazy\" \/>\n\t\t\t\t<img decoding=\"async\" src=\"http:\/\/www.marienoelle-jarousseau.com\/fr\/wp-content\/uploads\/2018\/10\/carton-bouilli-2-121-MIROIR-extrait-collier-de-perles-huile-sur-toile-30-x-60.jpg\" alt=\"carton bouilli 2-121 - MIROIR - extrait collier de perles - huile sur toile - 30 x 60\" itemprop=\"image\" title=\"carton bouilli 2-121 - MIROIR - extrait collier de perles - huile sur toile - 30 x 60\" onerror=\"this.style.display='none'\" loading=\"lazy\" \/>\n\t\t\t\t<img decoding=\"async\" src=\"https:\/\/www.marienoelle-jarousseau.com\/fr\/wp-content\/uploads\/2024\/10\/projet-univers-energie-121-MIROIR-extrait-collier-de-perles-huile-sur-toile-30-x-60.jpg\" alt=\"projet-univers-energie-121---MIROIR---extrait-collier-de-perles---huile-sur-toile---30-x-60\" itemprop=\"image\" height=\"379\" width=\"263\" title=\"projet-univers-energie-121---MIROIR---extrait-collier-de-perles---huile-sur-toile---30-x-60\" onerror=\"this.style.display='none'\" loading=\"lazy\" \/>\n\tTout cela est mouvement<br \/>\nS&rsquo;assemble, s&rsquo;entrechoque<br \/>\nSe disloque, implose, explose<br \/>\nS&rsquo;\u00e9tend, se contracte<br \/>\nDispara\u00eet, appara\u00eet<br \/>\nEt constitue la Valse du Pr\u00e9sent<br \/>\nOu tout se vit en m\u00eame temps<br \/>\nDur\u00e9e longue ou \u00e9ph\u00e9m\u00e8re<br \/>\nDensit\u00e9 imposante ou juste caressante\n<p>&nbsp;<\/p>\n<p>Tout vibre tout le temps !<\/p>\nM\u00eame moi<br \/>\nM\u00eame toi\n<p>&nbsp;<\/p>\nCa te surprend\u00a0?<br \/>\nDifficile \u00e0 croire n&rsquo;est-ce pas\u00a0?<br \/>\nQue notre corps<br \/>\nEt tout ce qui nous compose<br \/>\nN&rsquo;est que volatile, \u00e9ph\u00e9m\u00e8re<br \/>\nEn perp\u00e9tuelle vibration&#8230;\nA l&rsquo;image de ce que nous cr\u00e9ons<br \/>\nDans notre conscience globale<br \/>\nTant dans celle \u00e9merg\u00e9e<br \/>\nDont nous poss\u00e9dons<br \/>\nLe pouvoir de la modeler<br \/>\nQue celle dont nous imaginons l&rsquo;existence<br \/>\nSans en discerner l&rsquo;essence<br \/>\nSans pouvoir toutefois r\u00e9ussir \u00e0 la cerner<br \/>\nNi en d\u00e9finir l&rsquo;immensit\u00e9\n<p>&nbsp;<\/p>\nMais alors,<br \/>\nImagine&#8230;<br \/>\nTu peux tout cr\u00e9er, tout changer<br \/>\nFa\u00e7onner, modeler :\n<p>JOUER<\/p>\nJOUER AVEC CETTE ENERGIE<br \/>\nLA VIE DEVIENT &#8230; JUSTE UN JEU<br \/>\nUN JEU DE CONSTRUCTION EPHEMERE\n<p>&nbsp;<\/p>\nRegarde bien\u00a0:<br \/>\nL&rsquo;enfant a d\u00e9j\u00e0 tout compris<br \/>\nIL JOUE A CREER&#8230;&#8230; LA VIE<br \/>\nTu n&rsquo;as pas envie de faire comme lui\u00a0?\n<p>&nbsp;<\/p>\nAlors,<br \/>\nQu&rsquo;as-tu envie de cr\u00e9er\u00a0?\n<p>&nbsp;<\/p>\n<p><em>MNJ<\/em><\/p>\n\t<p>&nbsp;<\/p>\n<p>&nbsp;<\/p>\n\n","protected":false},"excerpt":{"rendered":"<p>La R\u00e9alit\u00e9 : Une Danse ? Tiens, on dirait du carton p\u00e2te Ou plut\u00f4t du carton bouilli qui danse&#8230; Tout bouge&#8230; Tout vibre&#8230; Rien n&rsquo;est fixe&#8230; Tout bouge tout le temps\u00a0! &nbsp; Mon Dieu Mais que se passe-t-il\u00a0? Rien de bien sp\u00e9cial Rassure-toi Pas de drame &nbsp; Tu viens de franchir un cap Et, tout-\u00e0-coup,&hellip;<\/p>\n","protected":false},"author":3,"featured_media":0,"parent":1981,"menu_order":0,"comment_status":"closed","ping_status":"closed","template":"","meta":{"footnotes":""},"class_list":["post-2089","page","type-page","status-publish","hentry"],"yoast_head":"<!-- This site is optimized with the Yoast SEO plugin v27.4 - https:\/\/yoast.com\/product\/yoast-seo-wordpress\/ -->\n<title>La r\u00e9alit\u00e9... Une Danse ? - Marie-No\u00eblle Jarousseau - Artiste<\/title>\n<meta name=\"robots\" content=\"index, follow, max-snippet:-1, max-image-preview:large, max-video-preview:-1\" \/>\n<link rel=\"canonical\" href=\"https:\/\/www.marienoelle-jarousseau.com\/fr\/lunivers-est-mouvement-2\/la-realite-une-danse\/\" \/>\n<meta property=\"og:locale\" content=\"fr_FR\" \/>\n<meta property=\"og:type\" content=\"article\" \/>\n<meta property=\"og:title\" content=\"La r\u00e9alit\u00e9... Une Danse ? - Marie-No\u00eblle Jarousseau - Artiste\" \/>\n<meta property=\"og:description\" content=\"La R\u00e9alit\u00e9 : Une Danse ? Tiens, on dirait du carton p\u00e2te Ou plut\u00f4t du carton bouilli qui danse&#8230; Tout bouge&#8230; Tout vibre&#8230; Rien n&rsquo;est fixe&#8230; Tout bouge tout le temps\u00a0! &nbsp; Mon Dieu Mais que se passe-t-il\u00a0? Rien de bien sp\u00e9cial Rassure-toi Pas de drame &nbsp; Tu viens de franchir un cap Et, tout-\u00e0-coup,&hellip;\" \/>\n<meta property=\"og:url\" content=\"https:\/\/www.marienoelle-jarousseau.com\/fr\/lunivers-est-mouvement-2\/la-realite-une-danse\/\" \/>\n<meta property=\"og:site_name\" content=\"Marie-No\u00eblle Jarousseau - Artiste\" \/>\n<meta property=\"article:modified_time\" content=\"2025-12-04T11:43:27+00:00\" \/>\n<meta property=\"og:image\" content=\"http:\/\/www.marienoelle-jarousseau.com\/fr\/wp-content\/uploads\/2018\/10\/carton-bouilli-1-121-MIROIR-extrait-collier-de-perles-huile-sur-toile-30-x-60-1.jpg\" \/>\n<meta name=\"twitter:card\" content=\"summary_large_image\" \/>\n<meta name=\"twitter:label1\" content=\"Dur\u00e9e de lecture estim\u00e9e\" \/>\n\t<meta name=\"twitter:data1\" content=\"2 minutes\" \/>\n<script type=\"application\/ld+json\" class=\"yoast-schema-graph\">{\"@context\":\"https:\\\/\\\/schema.org\",\"@graph\":[{\"@type\":\"WebPage\",\"@id\":\"https:\\\/\\\/www.marienoelle-jarousseau.com\\\/fr\\\/lunivers-est-mouvement-2\\\/la-realite-une-danse\\\/\",\"url\":\"https:\\\/\\\/www.marienoelle-jarousseau.com\\\/fr\\\/lunivers-est-mouvement-2\\\/la-realite-une-danse\\\/\",\"name\":\"La r\u00e9alit\u00e9... Une Danse ? - Marie-No\u00eblle Jarousseau - Artiste\",\"isPartOf\":{\"@id\":\"https:\\\/\\\/www.marienoelle-jarousseau.com\\\/fr\\\/#website\"},\"primaryImageOfPage\":{\"@id\":\"https:\\\/\\\/www.marienoelle-jarousseau.com\\\/fr\\\/lunivers-est-mouvement-2\\\/la-realite-une-danse\\\/#primaryimage\"},\"image\":{\"@id\":\"https:\\\/\\\/www.marienoelle-jarousseau.com\\\/fr\\\/lunivers-est-mouvement-2\\\/la-realite-une-danse\\\/#primaryimage\"},\"thumbnailUrl\":\"http:\\\/\\\/www.marienoelle-jarousseau.com\\\/fr\\\/wp-content\\\/uploads\\\/2018\\\/10\\\/carton-bouilli-1-121-MIROIR-extrait-collier-de-perles-huile-sur-toile-30-x-60-1.jpg\",\"datePublished\":\"2018-10-08T07:27:43+00:00\",\"dateModified\":\"2025-12-04T11:43:27+00:00\",\"breadcrumb\":{\"@id\":\"https:\\\/\\\/www.marienoelle-jarousseau.com\\\/fr\\\/lunivers-est-mouvement-2\\\/la-realite-une-danse\\\/#breadcrumb\"},\"inLanguage\":\"fr-FR\",\"potentialAction\":[{\"@type\":\"ReadAction\",\"target\":[\"https:\\\/\\\/www.marienoelle-jarousseau.com\\\/fr\\\/lunivers-est-mouvement-2\\\/la-realite-une-danse\\\/\"]}]},{\"@type\":\"ImageObject\",\"inLanguage\":\"fr-FR\",\"@id\":\"https:\\\/\\\/www.marienoelle-jarousseau.com\\\/fr\\\/lunivers-est-mouvement-2\\\/la-realite-une-danse\\\/#primaryimage\",\"url\":\"http:\\\/\\\/www.marienoelle-jarousseau.com\\\/fr\\\/wp-content\\\/uploads\\\/2018\\\/10\\\/carton-bouilli-1-121-MIROIR-extrait-collier-de-perles-huile-sur-toile-30-x-60-1.jpg\",\"contentUrl\":\"http:\\\/\\\/www.marienoelle-jarousseau.com\\\/fr\\\/wp-content\\\/uploads\\\/2018\\\/10\\\/carton-bouilli-1-121-MIROIR-extrait-collier-de-perles-huile-sur-toile-30-x-60-1.jpg\"},{\"@type\":\"BreadcrumbList\",\"@id\":\"https:\\\/\\\/www.marienoelle-jarousseau.com\\\/fr\\\/lunivers-est-mouvement-2\\\/la-realite-une-danse\\\/#breadcrumb\",\"itemListElement\":[{\"@type\":\"ListItem\",\"position\":1,\"name\":\"Accueil\",\"item\":\"https:\\\/\\\/www.marienoelle-jarousseau.com\\\/fr\\\/\"},{\"@type\":\"ListItem\",\"position\":2,\"name\":\"L&rsquo;UNIVERS EST MOUVEMENT\",\"item\":\"https:\\\/\\\/www.marienoelle-jarousseau.com\\\/fr\\\/lunivers-est-mouvement-2\\\/\"},{\"@type\":\"ListItem\",\"position\":3,\"name\":\"La r\u00e9alit\u00e9&#8230; Une Danse ?\"}]},{\"@type\":\"WebSite\",\"@id\":\"https:\\\/\\\/www.marienoelle-jarousseau.com\\\/fr\\\/#website\",\"url\":\"https:\\\/\\\/www.marienoelle-jarousseau.com\\\/fr\\\/\",\"name\":\"Marie-No\u00eblle Jarousseau - Artiste\",\"description\":\"\",\"potentialAction\":[{\"@type\":\"SearchAction\",\"target\":{\"@type\":\"EntryPoint\",\"urlTemplate\":\"https:\\\/\\\/www.marienoelle-jarousseau.com\\\/fr\\\/?s={search_term_string}\"},\"query-input\":{\"@type\":\"PropertyValueSpecification\",\"valueRequired\":true,\"valueName\":\"search_term_string\"}}],\"inLanguage\":\"fr-FR\"}]}<\/script>\n<!-- \/ Yoast SEO plugin. -->","yoast_head_json":{"title":"La r\u00e9alit\u00e9... Une Danse ? - Marie-No\u00eblle Jarousseau - Artiste","robots":{"index":"index","follow":"follow","max-snippet":"max-snippet:-1","max-image-preview":"max-image-preview:large","max-video-preview":"max-video-preview:-1"},"canonical":"https:\/\/www.marienoelle-jarousseau.com\/fr\/lunivers-est-mouvement-2\/la-realite-une-danse\/","og_locale":"fr_FR","og_type":"article","og_title":"La r\u00e9alit\u00e9... Une Danse ? - Marie-No\u00eblle Jarousseau - Artiste","og_description":"La R\u00e9alit\u00e9 : Une Danse ? Tiens, on dirait du carton p\u00e2te Ou plut\u00f4t du carton bouilli qui danse&#8230; Tout bouge&#8230; Tout vibre&#8230; Rien n&rsquo;est fixe&#8230; Tout bouge tout le temps\u00a0! &nbsp; Mon Dieu Mais que se passe-t-il\u00a0? Rien de bien sp\u00e9cial Rassure-toi Pas de drame &nbsp; Tu viens de franchir un cap Et, tout-\u00e0-coup,&hellip;","og_url":"https:\/\/www.marienoelle-jarousseau.com\/fr\/lunivers-est-mouvement-2\/la-realite-une-danse\/","og_site_name":"Marie-No\u00eblle Jarousseau - Artiste","article_modified_time":"2025-12-04T11:43:27+00:00","og_image":[{"url":"http:\/\/www.marienoelle-jarousseau.com\/fr\/wp-content\/uploads\/2018\/10\/carton-bouilli-1-121-MIROIR-extrait-collier-de-perles-huile-sur-toile-30-x-60-1.jpg","type":"","width":"","height":""}],"twitter_card":"summary_large_image","twitter_misc":{"Dur\u00e9e de lecture estim\u00e9e":"2 minutes"},"schema":{"@context":"https:\/\/schema.org","@graph":[{"@type":"WebPage","@id":"https:\/\/www.marienoelle-jarousseau.com\/fr\/lunivers-est-mouvement-2\/la-realite-une-danse\/","url":"https:\/\/www.marienoelle-jarousseau.com\/fr\/lunivers-est-mouvement-2\/la-realite-une-danse\/","name":"La r\u00e9alit\u00e9... Une Danse ? - Marie-No\u00eblle Jarousseau - Artiste","isPartOf":{"@id":"https:\/\/www.marienoelle-jarousseau.com\/fr\/#website"},"primaryImageOfPage":{"@id":"https:\/\/www.marienoelle-jarousseau.com\/fr\/lunivers-est-mouvement-2\/la-realite-une-danse\/#primaryimage"},"image":{"@id":"https:\/\/www.marienoelle-jarousseau.com\/fr\/lunivers-est-mouvement-2\/la-realite-une-danse\/#primaryimage"},"thumbnailUrl":"http:\/\/www.marienoelle-jarousseau.com\/fr\/wp-content\/uploads\/2018\/10\/carton-bouilli-1-121-MIROIR-extrait-collier-de-perles-huile-sur-toile-30-x-60-1.jpg","datePublished":"2018-10-08T07:27:43+00:00","dateModified":"2025-12-04T11:43:27+00:00","breadcrumb":{"@id":"https:\/\/www.marienoelle-jarousseau.com\/fr\/lunivers-est-mouvement-2\/la-realite-une-danse\/#breadcrumb"},"inLanguage":"fr-FR","potentialAction":[{"@type":"ReadAction","target":["https:\/\/www.marienoelle-jarousseau.com\/fr\/lunivers-est-mouvement-2\/la-realite-une-danse\/"]}]},{"@type":"ImageObject","inLanguage":"fr-FR","@id":"https:\/\/www.marienoelle-jarousseau.com\/fr\/lunivers-est-mouvement-2\/la-realite-une-danse\/#primaryimage","url":"http:\/\/www.marienoelle-jarousseau.com\/fr\/wp-content\/uploads\/2018\/10\/carton-bouilli-1-121-MIROIR-extrait-collier-de-perles-huile-sur-toile-30-x-60-1.jpg","contentUrl":"http:\/\/www.marienoelle-jarousseau.com\/fr\/wp-content\/uploads\/2018\/10\/carton-bouilli-1-121-MIROIR-extrait-collier-de-perles-huile-sur-toile-30-x-60-1.jpg"},{"@type":"BreadcrumbList","@id":"https:\/\/www.marienoelle-jarousseau.com\/fr\/lunivers-est-mouvement-2\/la-realite-une-danse\/#breadcrumb","itemListElement":[{"@type":"ListItem","position":1,"name":"Accueil","item":"https:\/\/www.marienoelle-jarousseau.com\/fr\/"},{"@type":"ListItem","position":2,"name":"L&rsquo;UNIVERS EST MOUVEMENT","item":"https:\/\/www.marienoelle-jarousseau.com\/fr\/lunivers-est-mouvement-2\/"},{"@type":"ListItem","position":3,"name":"La r\u00e9alit\u00e9&#8230; Une Danse ?"}]},{"@type":"WebSite","@id":"https:\/\/www.marienoelle-jarousseau.com\/fr\/#website","url":"https:\/\/www.marienoelle-jarousseau.com\/fr\/","name":"Marie-No\u00eblle Jarousseau - Artiste","description":"","potentialAction":[{"@type":"SearchAction","target":{"@type":"EntryPoint","urlTemplate":"https:\/\/www.marienoelle-jarousseau.com\/fr\/?s={search_term_string}"},"query-input":{"@type":"PropertyValueSpecification","valueRequired":true,"valueName":"search_term_string"}}],"inLanguage":"fr-FR"}]}},"_links":{"self":[{"href":"https:\/\/www.marienoelle-jarousseau.com\/fr\/wp-json\/wp\/v2\/pages\/2089","targetHints":{"allow":["GET"]}}],"collection":[{"href":"https:\/\/www.marienoelle-jarousseau.com\/fr\/wp-json\/wp\/v2\/pages"}],"about":[{"href":"https:\/\/www.marienoelle-jarousseau.com\/fr\/wp-json\/wp\/v2\/types\/page"}],"author":[{"embeddable":true,"href":"https:\/\/www.marienoelle-jarousseau.com\/fr\/wp-json\/wp\/v2\/users\/3"}],"replies":[{"embeddable":true,"href":"https:\/\/www.marienoelle-jarousseau.com\/fr\/wp-json\/wp\/v2\/comments?post=2089"}],"version-history":[{"count":3,"href":"https:\/\/www.marienoelle-jarousseau.com\/fr\/wp-json\/wp\/v2\/pages\/2089\/revisions"}],"predecessor-version":[{"id":4202,"href":"https:\/\/www.marienoelle-jarousseau.com\/fr\/wp-json\/wp\/v2\/pages\/2089\/revisions\/4202"}],"up":[{"embeddable":true,"href":"https:\/\/www.marienoelle-jarousseau.com\/fr\/wp-json\/wp\/v2\/pages\/1981"}],"wp:attachment":[{"href":"https:\/\/www.marienoelle-jarousseau.com\/fr\/wp-json\/wp\/v2\/media?parent=2089"}],"curies":[{"name":"wp","href":"https:\/\/api.w.org\/{rel}","templated":true}]}}