{"id":2338,"date":"2020-04-06T15:22:51","date_gmt":"2020-04-06T14:22:51","guid":{"rendered":"https:\/\/www.marienoelle-jarousseau.com\/fr\/?page_id=2338"},"modified":"2020-04-23T11:46:19","modified_gmt":"2020-04-23T10:46:19","slug":"tt-liberation","status":"publish","type":"page","link":"https:\/\/www.marienoelle-jarousseau.com\/fr\/tt-liberation\/","title":{"rendered":"TT &#8211; Lib\u00e9ration"},"content":{"rendered":"<h2>\n\t\tLIBERATION&#8230; (toile tournante)\n\t<\/h2>\n\t<em>Huile &#8211; 50 x 65 &#8211; R<\/em><em>\u00e9alis\u00e9e le 17 juillet 2007 \u00e0 13 h 15<br \/>\n<\/em><em>Po\u00e8me inspir\u00e9 en juillet 2007 &#8211; Accompagne la Toile<\/em>\n\t<h3><strong>Et Toi .. que ressens-tu\u00a0 ?<\/strong><\/h3>\n<em>Tu peux me partager ton ressenti&#8230;ou pas<br \/>\nsur le Livre d&rsquo;Or de la page d&rsquo;Accueil<\/em>\n\t<em>Fais tourner la toile<\/em> <br \/>\n<em>Arr\u00eate la au gr\u00e9 de ton ressenti<\/em> \n\t<style type=\"text\/css\">\r\n\t\t\t.picture_rotating_container .picture_rotating_view {width: 628.0127387243px;height: 628.0127387243px;}\r\n\t\t\t.picture_rotating_container .picture_rotating_view img#PR_69f245edb94dd, .picture_rotating_container .picture_rotating_view canvas#PR_69f245edb94dd {margin: 124.00636936215px 64.006369362152px;}\r\n\t\t<\/style><script type=\"text\/javascript\">var picture_rotating_intervalPR_69f245edb94dd;var picture_rotating_interval_stoppedPR_69f245edb94dd = false;var angle = 0;\r\n\t\tif(!picture_rotating_diago)\r\n\t\t\tvar picture_rotating_diago = [];\r\n\t\tpicture_rotating_diago[\"PR_69f245edb94dd\"] = 628.0127387243;\r\n\t\t\t\tjQuery(document).ready(function($) {\r\n\t\t\t\t\t\/** $(\"#PR_69f245edb94dd\").click(function(){ $(this).rotateLeft(180); }); *\/\r\n\t\t\t\t\t\r\n\t\t\t\t\t\/** picture_rotating_intervalPR_69f245edb94dd = setInterval(function () { $(\"#PR_69f245edb94dd\").rotate(5); },500); *\/\r\n\t\t\t\t\t\/\/ clearInterval(picture_rotating_intervalPR_69f245edb94dd);\r\n\t\t\t\t\t\r\n\t\t\t\t\tpicture_rotating_intervalPR_69f245edb94dd = setInterval(function () { angle+=5;$(\"#PR_69f245edb94dd\").rotate(angle); },500);\r\n\t\t\t\t});\r\n\t\t\t\t\tfunction stopPictRotatePR_69f245edb94dd(){if(!picture_rotating_interval_stoppedPR_69f245edb94dd){clearInterval(picture_rotating_intervalPR_69f245edb94dd);picture_rotating_interval_stoppedPR_69f245edb94dd = true;}}\r\n\t\t\t\t\tfunction startPictRotatePR_69f245edb94dd(){if(picture_rotating_interval_stoppedPR_69f245edb94dd){picture_rotating_intervalPR_69f245edb94dd = setInterval(function () { angle+=5;jQuery(\"#PR_69f245edb94dd\").rotate(angle); },500);picture_rotating_interval_stoppedPR_69f245edb94dd = false;}}\r\n\t\t\t<\/script><div class=\"picture_rotating_container\">\r\n\t\t\t\t<div class=\"picture_rotating_view\"><img loading=\"lazy\" decoding=\"async\" id=\"PR_69f245edb94dd\" src=\"https:\/\/www.marienoelle-jarousseau.com\/fr\/wp-content\/uploads\/2020\/04\/156-Liberation_web-huile-sur-toile-tournante-50-x-65-juin-2007-DSC0002-e1586182522358.jpg\" alt=\"\" width=\"500\" height=\"380\"\/><\/div>\r\n\t\t\t\t<div class=\"picture_rotating_controls\"><i class=\"fa fa-pause\" onclick=\"javascript:stopPictRotatePR_69f245edb94dd()\"><\/i><i class=\"fa fa-play\" onclick=\"javascript:startPictRotatePR_69f245edb94dd()\"><\/i><\/div>\r\n\t\t\t<\/div>\n\t<p><em>POEME\u00a0 EN\u00a0 \u00a0AUDIO<\/em><\/p>\n<p><i>\u00e0 venir&#8230;<\/i><\/p>\n<p>\u00ab\u00a0LIBERATION\u00a0\u00bb<\/p>\n<\/br>\nNotre Terre re\u00e7oit des Energies<\/br>\nDe notre Grande Galaxie<\/br>\n<\/br>\nJuste pour l\u2019aider \u00e0 se lib\u00e9rer<\/br>\nA devenir plus l\u00e9g\u00e8re<\/br>\nDe ces lourdeurs \u00e9ph\u00e9m\u00e8res<\/br>\n<\/br>\nTerre ouat\u00e9e<\/br>\nDans ce nid, lov\u00e9e<\/br>\nTe voici prot\u00e9g\u00e9e<\/br>\nDes frasques incontr\u00f4l\u00e9es<\/br>\nDe tes habitants isol\u00e9s<\/br>\n<\/br>\nMer et Ciel se sont Unis<\/br>\nPour te redonner Vie<\/br>\nAdorable petite Plan\u00e8te<\/br>\nLa Connexion est faite<\/br>\n<\/br>\nVient le temps d\u2019Int\u00e9gration<\/br>\nO\u00f9<\/br>\nChacun peut changer de Direction<\/br>\nM\u00fb de cette Energie<\/br> \nRe\u00e7ue en ce Jour B\u00e9ni<\/br>\n<\/br>\nQue tu es belle ainsi repl\u00e8te<\/br>\nTransparente de Lumi\u00e8re<\/br>\nRayonnante de Beaut\u00e9<\/br>\nDe tous tes \u00e9l\u00e9ments compos\u00e9s<\/br>\n<\/br>\nQuelle patience Tu as<\/br>\nDe nous accepter ici-bas<\/br>\nSimples Mortels ignorants<\/br>\nExp\u00e9rimentant nos chemins cahotants<\/br>\nD\u00e9sesp\u00e9rant d\u2019en voir la fin<\/br>\nSi lents \u00e0 int\u00e9grer notre Destin<\/br>\n<\/br>\nInt\u00e9gration&#8230;<\/br>\n<\/br>\nR\u00e9surrection&#8230;<\/br>\n<\/br>\nVers une nouvelle Ambition<\/br>\n<\/br>\nNa\u00eetre et se con-na\u00eetre<\/br>\nFaire re-na\u00eetre en nous&#8230;<\/br>\n<\/br>\nCette Connexion&#8230;<\/br>\n<\/br>\nAfin que gr\u00e2ce \u00e0 elle<\/br> \nNous puissions r\u00e9aliser<\/br>\nNotre Immensit\u00e9<\/br>\nEt<\/br>\nDans ce monde mat\u00e9rialis\u00e9<\/br>\nLa R\u00e9aliser<\/br>\nPour continuer<\/br>\nNotre Chemin d\u2019Eternit\u00e9<\/br>\n<\/br>\nNa\u00eetre et se con-na\u00eetre<\/br>\nFaire re-na\u00eetre en nous&#8230;<\/br>\n<\/br>\nCette Lumi\u00e8re oubli\u00e9e&#8230;<\/br>\n<\/br>\nEnfouie au fond de nous, cach\u00e9e<\/br>\nSous des tonnes de gravats entass\u00e9s<\/br>\n<\/br>\nFaits de nos croyances accumul\u00e9es<\/br>\nTout au long de ces ann\u00e9es<\/br>\nQue nous avons cr\u00e9\u00e9es<\/br>\nPour expliquer nos peurs instantan\u00e9es\n<\/br>\n<p>MNJ<\/p>\n\t<blockquote>\n<h2>Histoire\u00a0 de\u00a0 la\u00a0 Toile<\/h2>\n<\/blockquote>\n\t<p><em>\u00a0AUDIO<\/em><\/p>\n<p><i>\u00e0 venir&#8230;<\/i><\/p>\n\t<blockquote><p><em>C<\/em><em>ette toile a \u00e9t\u00e9 con\u00e7ue le 17 juillet 2007 \u00e0 13 h 15 en 1 heure.<\/em><\/p>\n<p>&nbsp;<\/p>\n<p><em>Il y avait au m\u00eame moment une m\u00e9ditation mondiale. Je comptais la faire assise au soleil dans mon jardin, mais ce n\u2019\u00e9tait pas ce qui m\u2019\u00e9tait destin\u00e9\u00a0: car j\u2019ai sentie soudain l\u2019envie de prendre mes pinceaux\u00a0!<\/em><\/p>\n<p>&nbsp;<\/p>\n<em>Cette toile correspond \u00e0 une vague de lib\u00e9ration au niveau cosmique entra\u00eenant de profondes transformations telluriques.<br \/>\nLa terre vit constamment des vagues qui l\u2019aident \u00e0 s\u2019all\u00e9ger\u00a0\u00bb et monter dans des vibrations plus subtiles.<\/em>\n<em><br \/>\nLa terre est \u00ab\u00a0ballot\u00e9e\u00a0\u00bb dans un bain de courants \u00e9nerg\u00e9tiques qui la font litt\u00e9ralement \u00ab\u00a0d\u00e9coller\u00a0\u00bb d\u2019une \u00e9nergie devenue bien trop lourde pour elle et dans laquelle elle a \u00ab\u00a0stagn\u00e9\u00a0\u00bb trop longtemps, il est temps pour elle de passer \u00e0 autre chose\u2026<br \/>\n<\/em>\n<em><br \/>\nActuellement, elle quitte la 3D pour entrer petit \u00e0 petit dans la 5D\u2026 la 4D \u00e9tant comme un sas\u2026 un passage en douceur entre ces deux dimensions tant l\u2019\u00e9nergie qui les diff\u00e9rencie est importante.<\/em>\n<p>&nbsp;<\/p>\n<p><em>Et l\u2019humain qui l\u2019a choisi comme \u00ab\u00a0lieu d\u2019accueil\u00a0\u00bb en ce temps d\u00e9fini est amen\u00e9 \u00e0 suivre son oscillation pour all\u00e9ger sa \u00ab\u00a0propre maison\u00a0\u00bb<\/em><\/p>\n<p>&nbsp;<\/p>\n<p><em>MNJ<\/em><\/p><\/blockquote>\n\t\t\t<a href=\"http:\/\/www.marienoelle-jarousseau.com\/fr\/galeries\/contemporains\/\" target=\"_self\" role=\"button\" rel=\"noopener noreferrer\">\n\t\t\t\t\t\t\tRetour\n\t\t\t\t\t<\/a>\n","protected":false},"excerpt":{"rendered":"<p>LIBERATION&#8230; (toile tournante) Huile &#8211; 50 x 65 &#8211; R\u00e9alis\u00e9e le 17 juillet 2007 \u00e0 13 h 15 Po\u00e8me inspir\u00e9 en juillet 2007 &#8211; Accompagne la Toile Et Toi .. que ressens-tu\u00a0 ? Tu peux me partager ton ressenti&#8230;ou pas sur le Livre d&rsquo;Or de la page d&rsquo;Accueil Fais tourner la toile Arr\u00eate la au&hellip;<\/p>\n","protected":false},"author":3,"featured_media":0,"parent":0,"menu_order":0,"comment_status":"closed","ping_status":"closed","template":"","meta":{"footnotes":""},"class_list":["post-2338","page","type-page","status-publish","hentry"],"yoast_head":"<!-- This site is optimized with the Yoast SEO plugin v27.4 - https:\/\/yoast.com\/product\/yoast-seo-wordpress\/ -->\n<title>TT - Lib\u00e9ration - Marie-No\u00eblle Jarousseau - Artiste<\/title>\n<meta name=\"robots\" content=\"index, follow, max-snippet:-1, max-image-preview:large, max-video-preview:-1\" \/>\n<link rel=\"canonical\" href=\"https:\/\/www.marienoelle-jarousseau.com\/fr\/tt-liberation\/\" \/>\n<meta property=\"og:locale\" content=\"fr_FR\" \/>\n<meta property=\"og:type\" content=\"article\" \/>\n<meta property=\"og:title\" content=\"TT - Lib\u00e9ration - Marie-No\u00eblle Jarousseau - Artiste\" \/>\n<meta property=\"og:description\" content=\"LIBERATION&#8230; (toile tournante) Huile &#8211; 50 x 65 &#8211; R\u00e9alis\u00e9e le 17 juillet 2007 \u00e0 13 h 15 Po\u00e8me inspir\u00e9 en juillet 2007 &#8211; Accompagne la Toile Et Toi .. que ressens-tu\u00a0 ? Tu peux me partager ton ressenti&#8230;ou pas sur le Livre d&rsquo;Or de la page d&rsquo;Accueil Fais tourner la toile Arr\u00eate la au&hellip;\" \/>\n<meta property=\"og:url\" content=\"https:\/\/www.marienoelle-jarousseau.com\/fr\/tt-liberation\/\" \/>\n<meta property=\"og:site_name\" content=\"Marie-No\u00eblle Jarousseau - Artiste\" \/>\n<meta property=\"article:modified_time\" content=\"2020-04-23T10:46:19+00:00\" \/>\n<meta name=\"twitter:card\" content=\"summary_large_image\" \/>\n<meta name=\"twitter:label1\" content=\"Dur\u00e9e de lecture estim\u00e9e\" \/>\n\t<meta name=\"twitter:data1\" content=\"3 minutes\" \/>\n<script type=\"application\/ld+json\" class=\"yoast-schema-graph\">{\"@context\":\"https:\\\/\\\/schema.org\",\"@graph\":[{\"@type\":\"WebPage\",\"@id\":\"https:\\\/\\\/www.marienoelle-jarousseau.com\\\/fr\\\/tt-liberation\\\/\",\"url\":\"https:\\\/\\\/www.marienoelle-jarousseau.com\\\/fr\\\/tt-liberation\\\/\",\"name\":\"TT - Lib\u00e9ration - Marie-No\u00eblle Jarousseau - Artiste\",\"isPartOf\":{\"@id\":\"https:\\\/\\\/www.marienoelle-jarousseau.com\\\/fr\\\/#website\"},\"datePublished\":\"2020-04-06T14:22:51+00:00\",\"dateModified\":\"2020-04-23T10:46:19+00:00\",\"breadcrumb\":{\"@id\":\"https:\\\/\\\/www.marienoelle-jarousseau.com\\\/fr\\\/tt-liberation\\\/#breadcrumb\"},\"inLanguage\":\"fr-FR\",\"potentialAction\":[{\"@type\":\"ReadAction\",\"target\":[\"https:\\\/\\\/www.marienoelle-jarousseau.com\\\/fr\\\/tt-liberation\\\/\"]}]},{\"@type\":\"BreadcrumbList\",\"@id\":\"https:\\\/\\\/www.marienoelle-jarousseau.com\\\/fr\\\/tt-liberation\\\/#breadcrumb\",\"itemListElement\":[{\"@type\":\"ListItem\",\"position\":1,\"name\":\"Accueil\",\"item\":\"https:\\\/\\\/www.marienoelle-jarousseau.com\\\/fr\\\/\"},{\"@type\":\"ListItem\",\"position\":2,\"name\":\"TT &#8211; Lib\u00e9ration\"}]},{\"@type\":\"WebSite\",\"@id\":\"https:\\\/\\\/www.marienoelle-jarousseau.com\\\/fr\\\/#website\",\"url\":\"https:\\\/\\\/www.marienoelle-jarousseau.com\\\/fr\\\/\",\"name\":\"Marie-No\u00eblle Jarousseau - Artiste\",\"description\":\"\",\"potentialAction\":[{\"@type\":\"SearchAction\",\"target\":{\"@type\":\"EntryPoint\",\"urlTemplate\":\"https:\\\/\\\/www.marienoelle-jarousseau.com\\\/fr\\\/?s={search_term_string}\"},\"query-input\":{\"@type\":\"PropertyValueSpecification\",\"valueRequired\":true,\"valueName\":\"search_term_string\"}}],\"inLanguage\":\"fr-FR\"}]}<\/script>\n<!-- \/ Yoast SEO plugin. -->","yoast_head_json":{"title":"TT - Lib\u00e9ration - Marie-No\u00eblle Jarousseau - Artiste","robots":{"index":"index","follow":"follow","max-snippet":"max-snippet:-1","max-image-preview":"max-image-preview:large","max-video-preview":"max-video-preview:-1"},"canonical":"https:\/\/www.marienoelle-jarousseau.com\/fr\/tt-liberation\/","og_locale":"fr_FR","og_type":"article","og_title":"TT - Lib\u00e9ration - Marie-No\u00eblle Jarousseau - Artiste","og_description":"LIBERATION&#8230; (toile tournante) Huile &#8211; 50 x 65 &#8211; R\u00e9alis\u00e9e le 17 juillet 2007 \u00e0 13 h 15 Po\u00e8me inspir\u00e9 en juillet 2007 &#8211; Accompagne la Toile Et Toi .. que ressens-tu\u00a0 ? Tu peux me partager ton ressenti&#8230;ou pas sur le Livre d&rsquo;Or de la page d&rsquo;Accueil Fais tourner la toile Arr\u00eate la au&hellip;","og_url":"https:\/\/www.marienoelle-jarousseau.com\/fr\/tt-liberation\/","og_site_name":"Marie-No\u00eblle Jarousseau - Artiste","article_modified_time":"2020-04-23T10:46:19+00:00","twitter_card":"summary_large_image","twitter_misc":{"Dur\u00e9e de lecture estim\u00e9e":"3 minutes"},"schema":{"@context":"https:\/\/schema.org","@graph":[{"@type":"WebPage","@id":"https:\/\/www.marienoelle-jarousseau.com\/fr\/tt-liberation\/","url":"https:\/\/www.marienoelle-jarousseau.com\/fr\/tt-liberation\/","name":"TT - Lib\u00e9ration - Marie-No\u00eblle Jarousseau - Artiste","isPartOf":{"@id":"https:\/\/www.marienoelle-jarousseau.com\/fr\/#website"},"datePublished":"2020-04-06T14:22:51+00:00","dateModified":"2020-04-23T10:46:19+00:00","breadcrumb":{"@id":"https:\/\/www.marienoelle-jarousseau.com\/fr\/tt-liberation\/#breadcrumb"},"inLanguage":"fr-FR","potentialAction":[{"@type":"ReadAction","target":["https:\/\/www.marienoelle-jarousseau.com\/fr\/tt-liberation\/"]}]},{"@type":"BreadcrumbList","@id":"https:\/\/www.marienoelle-jarousseau.com\/fr\/tt-liberation\/#breadcrumb","itemListElement":[{"@type":"ListItem","position":1,"name":"Accueil","item":"https:\/\/www.marienoelle-jarousseau.com\/fr\/"},{"@type":"ListItem","position":2,"name":"TT &#8211; Lib\u00e9ration"}]},{"@type":"WebSite","@id":"https:\/\/www.marienoelle-jarousseau.com\/fr\/#website","url":"https:\/\/www.marienoelle-jarousseau.com\/fr\/","name":"Marie-No\u00eblle Jarousseau - Artiste","description":"","potentialAction":[{"@type":"SearchAction","target":{"@type":"EntryPoint","urlTemplate":"https:\/\/www.marienoelle-jarousseau.com\/fr\/?s={search_term_string}"},"query-input":{"@type":"PropertyValueSpecification","valueRequired":true,"valueName":"search_term_string"}}],"inLanguage":"fr-FR"}]}},"_links":{"self":[{"href":"https:\/\/www.marienoelle-jarousseau.com\/fr\/wp-json\/wp\/v2\/pages\/2338","targetHints":{"allow":["GET"]}}],"collection":[{"href":"https:\/\/www.marienoelle-jarousseau.com\/fr\/wp-json\/wp\/v2\/pages"}],"about":[{"href":"https:\/\/www.marienoelle-jarousseau.com\/fr\/wp-json\/wp\/v2\/types\/page"}],"author":[{"embeddable":true,"href":"https:\/\/www.marienoelle-jarousseau.com\/fr\/wp-json\/wp\/v2\/users\/3"}],"replies":[{"embeddable":true,"href":"https:\/\/www.marienoelle-jarousseau.com\/fr\/wp-json\/wp\/v2\/comments?post=2338"}],"version-history":[{"count":0,"href":"https:\/\/www.marienoelle-jarousseau.com\/fr\/wp-json\/wp\/v2\/pages\/2338\/revisions"}],"wp:attachment":[{"href":"https:\/\/www.marienoelle-jarousseau.com\/fr\/wp-json\/wp\/v2\/media?parent=2338"}],"curies":[{"name":"wp","href":"https:\/\/api.w.org\/{rel}","templated":true}]}}