{"id":2344,"date":"2020-04-04T15:04:07","date_gmt":"2020-04-04T14:04:07","guid":{"rendered":"https:\/\/www.marienoelle-jarousseau.com\/fr\/?page_id=2344"},"modified":"2020-04-23T14:40:01","modified_gmt":"2020-04-23T13:40:01","slug":"tt-le-pendule","status":"publish","type":"page","link":"https:\/\/www.marienoelle-jarousseau.com\/fr\/tt-le-pendule\/","title":{"rendered":"TT &#8211; Le pendule"},"content":{"rendered":"<h2>\n\t\tLE   PENDULE (toile tournante)\n\t<\/h2>\n\t<em>Huile &#8211; 81 x 65 &#8211; R<\/em><em>\u00e9alis\u00e9e en juin 1995<\/em><br \/>\n<em>Po\u00e8me \u00a0&#8211; Inspir\u00e9 en avril 2009 &#8211; Accompagne la Toile<\/em>\n\t<h3><strong>Et Toi .. que ressens-tu\u00a0 ?<\/strong><\/h3>\n<em>Tu peux me partager ton ressenti&#8230;ou pas<br \/>\nSur le Livre d&rsquo;Or de la page d&rsquo;Accueil<\/em>\n\t<blockquote>\n<h2>Ma vision&#8230;<br \/>\nsur mon paysage<\/h2>\n<\/blockquote>\n\t<style type=\"text\/css\">\r\n\t\t\t.picture_rotating_container .picture_rotating_view {width: 636.5814951756px;height: 636.5814951756px;}\r\n\t\t\t.picture_rotating_container .picture_rotating_view img#PR_69e0dc160ad2c, .picture_rotating_container .picture_rotating_view canvas#PR_69e0dc160ad2c {margin: 121.2907475878px 68.290747587799px;}\r\n\t\t<\/style><script type=\"text\/javascript\">var picture_rotating_intervalPR_69e0dc160ad2c;var picture_rotating_interval_stoppedPR_69e0dc160ad2c = false;var angle = 0;\r\n\t\tif(!picture_rotating_diago)\r\n\t\t\tvar picture_rotating_diago = [];\r\n\t\tpicture_rotating_diago[\"PR_69e0dc160ad2c\"] = 636.5814951756;\r\n\t\t\t\tjQuery(document).ready(function($) {\r\n\t\t\t\t\t\/** $(\"#PR_69e0dc160ad2c\").click(function(){ $(this).rotateLeft(180); }); *\/\r\n\t\t\t\t\t\r\n\t\t\t\t\t\/** picture_rotating_intervalPR_69e0dc160ad2c = setInterval(function () { $(\"#PR_69e0dc160ad2c\").rotate(5); },500); *\/\r\n\t\t\t\t\t\/\/ clearInterval(picture_rotating_intervalPR_69e0dc160ad2c);\r\n\t\t\t\t\t\r\n\t\t\t\t\tpicture_rotating_intervalPR_69e0dc160ad2c = setInterval(function () { angle+=5;$(\"#PR_69e0dc160ad2c\").rotate(angle); },500);\r\n\t\t\t\t});\r\n\t\t\t\t\tfunction stopPictRotatePR_69e0dc160ad2c(){if(!picture_rotating_interval_stoppedPR_69e0dc160ad2c){clearInterval(picture_rotating_intervalPR_69e0dc160ad2c);picture_rotating_interval_stoppedPR_69e0dc160ad2c = true;}}\r\n\t\t\t\t\tfunction startPictRotatePR_69e0dc160ad2c(){if(picture_rotating_interval_stoppedPR_69e0dc160ad2c){picture_rotating_intervalPR_69e0dc160ad2c = setInterval(function () { angle+=5;jQuery(\"#PR_69e0dc160ad2c\").rotate(angle); },500);picture_rotating_interval_stoppedPR_69e0dc160ad2c = false;}}\r\n\t\t\t<\/script><div class=\"picture_rotating_container\">\r\n\t\t\t\t<div class=\"picture_rotating_view\"><img loading=\"lazy\" decoding=\"async\" id=\"PR_69e0dc160ad2c\" src=\"https:\/\/www.marienoelle-jarousseau.com\/fr\/wp-content\/uploads\/2015\/09\/58-LE-PENDULE-1-huile-sur-toile-81-x-65-juin-1995-1-en-19-x-23-1-e1586008895364.jpg\" alt=\"\" width=\"500\" height=\"394\"\/><\/div>\r\n\t\t\t\t<div class=\"picture_rotating_controls\"><i class=\"fa fa-pause\" onclick=\"javascript:stopPictRotatePR_69e0dc160ad2c()\"><\/i><i class=\"fa fa-play\" onclick=\"javascript:startPictRotatePR_69e0dc160ad2c()\"><\/i><\/div>\r\n\t\t\t<\/div>\n\tFais tourner la toile <br \/>\nArr\u00eate la au gr\u00e9 de ton ressenti \n\t<p><em>POEME\u00a0 EN\u00a0 AUDIO<\/em><\/p>\n<em>Peut-\u00eatre que ta connexion est peu \u00e9lev\u00e9e&#8230;<br \/>\nClique sur la fl\u00e8che.. et chut&#8230; patience&#8230;<br \/>\nLaisse le temps \u00e0 la parole d&rsquo;\u00e9merger&#8230;<\/em>\n\t\t<meta itemprop=\"url\" content=\"https:\/\/www.marienoelle-jarousseau.com\/fr\/wp-content\/uploads\/2020\/04\/Le-pendule.m4a\" \/><!--[if lt IE 9]><script>document.createElement('audio');<\/script><![endif]-->\n<audio class=\"wp-audio-shortcode\" id=\"audio-2344-1\" preload=\"none\" style=\"width: 100%;\" controls=\"controls\"><source type=\"audio\/mpeg\" src=\"https:\/\/www.marienoelle-jarousseau.com\/fr\/wp-content\/uploads\/2020\/04\/Le-pendule.m4a?_=1\" \/><a href=\"https:\/\/www.marienoelle-jarousseau.com\/fr\/wp-content\/uploads\/2020\/04\/Le-pendule.m4a\">https:\/\/www.marienoelle-jarousseau.com\/fr\/wp-content\/uploads\/2020\/04\/Le-pendule.m4a<\/a><\/audio>\n\t<h2>\u00a0\u00bb LE PENDULE \u00ab\u00a0<br \/>\n\u00ab\u00a0Coeur\u00a0 de\u00a0 Vie \u00ab\u00a0<\/h2>\n<h2><em>Cot\u00e9 jaune<\/em><\/h2>\n<p>Le P\u00e8re \u00ab\u00a0terrestre\u00a0\u00bb et Divin<\/p>\n<p>Pour cette Fragile boule bleue<\/p>\nLa plume verte l\u00e9g\u00e8re comme une luciole<br \/>\nEclaire le chemin<br \/>\nPar cette d\u00e9licate cha\u00eenette en or<br \/>\nEn assure le maintien\n<h3><em>Cot\u00e9 rose<\/em><\/h3>\n<p>La M\u00e8re, la Matrice<\/p>\nLa coquille d\u2019\u0153uf rougit<br \/>\nEnfante, nourrit<br \/>\nProt\u00e8ge cet \u0153uf bleu<br \/>\nEn suspend en son sein merveilleux\n<h2><em>Au Centre<\/em><\/h2>\n<p>Le nouvel Etre en devenir<\/p>\n<h2><em>Conception<\/em><\/h2>\n<p>Tout au long de ce tableau se succ\u00e8dent\u00a0:<\/p>\nPaix et \u00e9touffement&#8230;<br \/>\nAmour et col\u00e8re&#8230;\nLa plume me lib\u00e8re&#8230;<br \/>\nLa cha\u00eene m\u2019encha\u00eene&#8230;\nLa matrice m\u2019\u00e9touffe&#8230;<br \/>\nLe rayonnement me dilate&#8230;\nMes limites se fissurent&#8230;<br \/>\nL\u2019\u0153uf devient trop petit&#8230;<br \/>\nLa plume trop protectrice&#8230;\n<h2><em>Epilogue<\/em><\/h2>\n<p>L\u2019Etre na\u00eet\u00a0\u2026<\/p>\nSa Source de lumi\u00e8re blanche, jaillit, se propage\u2026<br \/>\nEclairant tout sur son passage\n<p>MNJ<\/p>\n<p>&nbsp;<\/p>\n\t\t\t<a href=\"http:\/\/www.marienoelle-jarousseau.com\/fr\/galeries\/contemporains\/\" target=\"_self\" role=\"button\" rel=\"noopener noreferrer\">\n\t\t\t\t\t\t\tRetour\n\t\t\t\t\t<\/a>\n","protected":false},"excerpt":{"rendered":"<p>LE PENDULE (toile tournante) Huile &#8211; 81 x 65 &#8211; R\u00e9alis\u00e9e en juin 1995 Po\u00e8me \u00a0&#8211; Inspir\u00e9 en avril 2009 &#8211; Accompagne la Toile Et Toi .. que ressens-tu\u00a0 ? Tu peux me partager ton ressenti&#8230;ou pas Sur le Livre d&rsquo;Or de la page d&rsquo;Accueil Ma vision&#8230; sur mon paysage Fais tourner la toile Arr\u00eate&hellip;<\/p>\n","protected":false},"author":3,"featured_media":0,"parent":0,"menu_order":0,"comment_status":"closed","ping_status":"closed","template":"","meta":{"footnotes":""},"class_list":["post-2344","page","type-page","status-publish","hentry"],"yoast_head":"<!-- This site is optimized with the Yoast SEO plugin v27.4 - https:\/\/yoast.com\/product\/yoast-seo-wordpress\/ -->\n<title>TT - Le pendule - Marie-No\u00eblle Jarousseau - Artiste<\/title>\n<meta name=\"robots\" content=\"index, follow, max-snippet:-1, max-image-preview:large, max-video-preview:-1\" \/>\n<link rel=\"canonical\" href=\"https:\/\/www.marienoelle-jarousseau.com\/fr\/tt-le-pendule\/\" \/>\n<meta property=\"og:locale\" content=\"fr_FR\" \/>\n<meta property=\"og:type\" content=\"article\" \/>\n<meta property=\"og:title\" content=\"TT - Le pendule - Marie-No\u00eblle Jarousseau - Artiste\" \/>\n<meta property=\"og:description\" content=\"LE PENDULE (toile tournante) Huile &#8211; 81 x 65 &#8211; R\u00e9alis\u00e9e en juin 1995 Po\u00e8me \u00a0&#8211; Inspir\u00e9 en avril 2009 &#8211; Accompagne la Toile Et Toi .. que ressens-tu\u00a0 ? Tu peux me partager ton ressenti&#8230;ou pas Sur le Livre d&rsquo;Or de la page d&rsquo;Accueil Ma vision&#8230; sur mon paysage Fais tourner la toile Arr\u00eate&hellip;\" \/>\n<meta property=\"og:url\" content=\"https:\/\/www.marienoelle-jarousseau.com\/fr\/tt-le-pendule\/\" \/>\n<meta property=\"og:site_name\" content=\"Marie-No\u00eblle Jarousseau - Artiste\" \/>\n<meta property=\"article:modified_time\" content=\"2020-04-23T13:40:01+00:00\" \/>\n<meta name=\"twitter:card\" content=\"summary_large_image\" \/>\n<meta name=\"twitter:label1\" content=\"Dur\u00e9e de lecture estim\u00e9e\" \/>\n\t<meta name=\"twitter:data1\" content=\"1 minute\" \/>\n<script type=\"application\/ld+json\" class=\"yoast-schema-graph\">{\"@context\":\"https:\\\/\\\/schema.org\",\"@graph\":[{\"@type\":\"WebPage\",\"@id\":\"https:\\\/\\\/www.marienoelle-jarousseau.com\\\/fr\\\/tt-le-pendule\\\/\",\"url\":\"https:\\\/\\\/www.marienoelle-jarousseau.com\\\/fr\\\/tt-le-pendule\\\/\",\"name\":\"TT - Le pendule - Marie-No\u00eblle Jarousseau - Artiste\",\"isPartOf\":{\"@id\":\"https:\\\/\\\/www.marienoelle-jarousseau.com\\\/fr\\\/#website\"},\"datePublished\":\"2020-04-04T14:04:07+00:00\",\"dateModified\":\"2020-04-23T13:40:01+00:00\",\"breadcrumb\":{\"@id\":\"https:\\\/\\\/www.marienoelle-jarousseau.com\\\/fr\\\/tt-le-pendule\\\/#breadcrumb\"},\"inLanguage\":\"fr-FR\",\"potentialAction\":[{\"@type\":\"ReadAction\",\"target\":[\"https:\\\/\\\/www.marienoelle-jarousseau.com\\\/fr\\\/tt-le-pendule\\\/\"]}]},{\"@type\":\"BreadcrumbList\",\"@id\":\"https:\\\/\\\/www.marienoelle-jarousseau.com\\\/fr\\\/tt-le-pendule\\\/#breadcrumb\",\"itemListElement\":[{\"@type\":\"ListItem\",\"position\":1,\"name\":\"Accueil\",\"item\":\"https:\\\/\\\/www.marienoelle-jarousseau.com\\\/fr\\\/\"},{\"@type\":\"ListItem\",\"position\":2,\"name\":\"TT &#8211; Le pendule\"}]},{\"@type\":\"WebSite\",\"@id\":\"https:\\\/\\\/www.marienoelle-jarousseau.com\\\/fr\\\/#website\",\"url\":\"https:\\\/\\\/www.marienoelle-jarousseau.com\\\/fr\\\/\",\"name\":\"Marie-No\u00eblle Jarousseau - Artiste\",\"description\":\"\",\"potentialAction\":[{\"@type\":\"SearchAction\",\"target\":{\"@type\":\"EntryPoint\",\"urlTemplate\":\"https:\\\/\\\/www.marienoelle-jarousseau.com\\\/fr\\\/?s={search_term_string}\"},\"query-input\":{\"@type\":\"PropertyValueSpecification\",\"valueRequired\":true,\"valueName\":\"search_term_string\"}}],\"inLanguage\":\"fr-FR\"}]}<\/script>\n<!-- \/ Yoast SEO plugin. -->","yoast_head_json":{"title":"TT - Le pendule - Marie-No\u00eblle Jarousseau - Artiste","robots":{"index":"index","follow":"follow","max-snippet":"max-snippet:-1","max-image-preview":"max-image-preview:large","max-video-preview":"max-video-preview:-1"},"canonical":"https:\/\/www.marienoelle-jarousseau.com\/fr\/tt-le-pendule\/","og_locale":"fr_FR","og_type":"article","og_title":"TT - Le pendule - Marie-No\u00eblle Jarousseau - Artiste","og_description":"LE PENDULE (toile tournante) Huile &#8211; 81 x 65 &#8211; R\u00e9alis\u00e9e en juin 1995 Po\u00e8me \u00a0&#8211; Inspir\u00e9 en avril 2009 &#8211; Accompagne la Toile Et Toi .. que ressens-tu\u00a0 ? Tu peux me partager ton ressenti&#8230;ou pas Sur le Livre d&rsquo;Or de la page d&rsquo;Accueil Ma vision&#8230; sur mon paysage Fais tourner la toile Arr\u00eate&hellip;","og_url":"https:\/\/www.marienoelle-jarousseau.com\/fr\/tt-le-pendule\/","og_site_name":"Marie-No\u00eblle Jarousseau - Artiste","article_modified_time":"2020-04-23T13:40:01+00:00","twitter_card":"summary_large_image","twitter_misc":{"Dur\u00e9e de lecture estim\u00e9e":"1 minute"},"schema":{"@context":"https:\/\/schema.org","@graph":[{"@type":"WebPage","@id":"https:\/\/www.marienoelle-jarousseau.com\/fr\/tt-le-pendule\/","url":"https:\/\/www.marienoelle-jarousseau.com\/fr\/tt-le-pendule\/","name":"TT - Le pendule - Marie-No\u00eblle Jarousseau - Artiste","isPartOf":{"@id":"https:\/\/www.marienoelle-jarousseau.com\/fr\/#website"},"datePublished":"2020-04-04T14:04:07+00:00","dateModified":"2020-04-23T13:40:01+00:00","breadcrumb":{"@id":"https:\/\/www.marienoelle-jarousseau.com\/fr\/tt-le-pendule\/#breadcrumb"},"inLanguage":"fr-FR","potentialAction":[{"@type":"ReadAction","target":["https:\/\/www.marienoelle-jarousseau.com\/fr\/tt-le-pendule\/"]}]},{"@type":"BreadcrumbList","@id":"https:\/\/www.marienoelle-jarousseau.com\/fr\/tt-le-pendule\/#breadcrumb","itemListElement":[{"@type":"ListItem","position":1,"name":"Accueil","item":"https:\/\/www.marienoelle-jarousseau.com\/fr\/"},{"@type":"ListItem","position":2,"name":"TT &#8211; Le pendule"}]},{"@type":"WebSite","@id":"https:\/\/www.marienoelle-jarousseau.com\/fr\/#website","url":"https:\/\/www.marienoelle-jarousseau.com\/fr\/","name":"Marie-No\u00eblle Jarousseau - Artiste","description":"","potentialAction":[{"@type":"SearchAction","target":{"@type":"EntryPoint","urlTemplate":"https:\/\/www.marienoelle-jarousseau.com\/fr\/?s={search_term_string}"},"query-input":{"@type":"PropertyValueSpecification","valueRequired":true,"valueName":"search_term_string"}}],"inLanguage":"fr-FR"}]}},"_links":{"self":[{"href":"https:\/\/www.marienoelle-jarousseau.com\/fr\/wp-json\/wp\/v2\/pages\/2344","targetHints":{"allow":["GET"]}}],"collection":[{"href":"https:\/\/www.marienoelle-jarousseau.com\/fr\/wp-json\/wp\/v2\/pages"}],"about":[{"href":"https:\/\/www.marienoelle-jarousseau.com\/fr\/wp-json\/wp\/v2\/types\/page"}],"author":[{"embeddable":true,"href":"https:\/\/www.marienoelle-jarousseau.com\/fr\/wp-json\/wp\/v2\/users\/3"}],"replies":[{"embeddable":true,"href":"https:\/\/www.marienoelle-jarousseau.com\/fr\/wp-json\/wp\/v2\/comments?post=2344"}],"version-history":[{"count":0,"href":"https:\/\/www.marienoelle-jarousseau.com\/fr\/wp-json\/wp\/v2\/pages\/2344\/revisions"}],"wp:attachment":[{"href":"https:\/\/www.marienoelle-jarousseau.com\/fr\/wp-json\/wp\/v2\/media?parent=2344"}],"curies":[{"name":"wp","href":"https:\/\/api.w.org\/{rel}","templated":true}]}}