{"id":2349,"date":"2020-04-17T18:07:35","date_gmt":"2020-04-17T17:07:35","guid":{"rendered":"https:\/\/www.marienoelle-jarousseau.com\/fr\/?page_id=2349"},"modified":"2020-04-17T20:01:15","modified_gmt":"2020-04-17T19:01:15","slug":"tt-effluves","status":"publish","type":"page","link":"https:\/\/www.marienoelle-jarousseau.com\/fr\/tt-effluves\/","title":{"rendered":"TT &#8211; Effluves"},"content":{"rendered":"<h2>\n\t\tEFFLUVES  (toile tournante)\n\t<\/h2>\n\t<p>Huile<em> &#8211; 89 x 116 &#8211; R<\/em><em>\u00e9alis\u00e9e en juillet 1999<\/em><\/p>\n\t<h3><strong>Et Toi .. que ressens-tu\u00a0 ?<\/strong><\/h3>\n<em>Tu peux me partager ton ressenti&#8230;ou pas<br \/>\nsur le Livre d&rsquo;Or de la page d&rsquo;Accueil<\/em>\n\t<em>Fais tourner la toile<\/em> <br \/>\n<em>Arr\u00eate la au gr\u00e9 de ton ressenti<\/em> \n\t<blockquote>\n<h2>Ma vision&#8230; sur mon paysage<\/h2>\n<p>&nbsp;<\/p><\/blockquote>\n\t<style type=\"text\/css\">\r\n\t\t\t.picture_rotating_container .picture_rotating_view {width: 631.66130164828px;height: 631.66130164828px;}\r\n\t\t\t.picture_rotating_container .picture_rotating_view img#PR_69e78697e6c6b, .picture_rotating_container .picture_rotating_view canvas#PR_69e78697e6c6b {margin: 65.83065082414px 122.83065082414px;}\r\n\t\t<\/style><script type=\"text\/javascript\">var picture_rotating_intervalPR_69e78697e6c6b;var picture_rotating_interval_stoppedPR_69e78697e6c6b = false;var angle = 0;\r\n\t\tif(!picture_rotating_diago)\r\n\t\t\tvar picture_rotating_diago = [];\r\n\t\tpicture_rotating_diago[\"PR_69e78697e6c6b\"] = 631.66130164828;\r\n\t\t\t\tjQuery(document).ready(function($) {\r\n\t\t\t\t\t\/** $(\"#PR_69e78697e6c6b\").click(function(){ $(this).rotateLeft(180); }); *\/\r\n\t\t\t\t\t\r\n\t\t\t\t\t\/** picture_rotating_intervalPR_69e78697e6c6b = setInterval(function () { $(\"#PR_69e78697e6c6b\").rotate(5); },500); *\/\r\n\t\t\t\t\t\/\/ clearInterval(picture_rotating_intervalPR_69e78697e6c6b);\r\n\t\t\t\t\t\r\n\t\t\t\t\tpicture_rotating_intervalPR_69e78697e6c6b = setInterval(function () { angle+=5;$(\"#PR_69e78697e6c6b\").rotate(angle); },500);\r\n\t\t\t\t});\r\n\t\t\t\t\tfunction stopPictRotatePR_69e78697e6c6b(){if(!picture_rotating_interval_stoppedPR_69e78697e6c6b){clearInterval(picture_rotating_intervalPR_69e78697e6c6b);picture_rotating_interval_stoppedPR_69e78697e6c6b = true;}}\r\n\t\t\t\t\tfunction startPictRotatePR_69e78697e6c6b(){if(picture_rotating_interval_stoppedPR_69e78697e6c6b){picture_rotating_intervalPR_69e78697e6c6b = setInterval(function () { angle+=5;jQuery(\"#PR_69e78697e6c6b\").rotate(angle); },500);picture_rotating_interval_stoppedPR_69e78697e6c6b = false;}}\r\n\t\t\t<\/script><div class=\"picture_rotating_container\">\r\n\t\t\t\t<div class=\"picture_rotating_view\"><img loading=\"lazy\" decoding=\"async\" id=\"PR_69e78697e6c6b\" src=\"https:\/\/www.marienoelle-jarousseau.com\/fr\/wp-content\/uploads\/2015\/09\/80-EFFLUVES-1-huile-sur-toile-130-x-89-juin-2001-1-e1585844100835.jpg\" alt=\"\" width=\"386\" height=\"500\"\/><\/div>\r\n\t\t\t\t<div class=\"picture_rotating_controls\"><i class=\"fa fa-pause\" onclick=\"javascript:stopPictRotatePR_69e78697e6c6b()\"><\/i><i class=\"fa fa-play\" onclick=\"javascript:startPictRotatePR_69e78697e6c6b()\"><\/i><\/div>\r\n\t\t\t<\/div>\n\t<h4>Face 1<\/h4>\n<p><strong><em><u>Le trio<\/u><\/em><\/strong><strong><em>\u00a0 :<\/em><\/strong><\/p>\n<p>Mon p\u00e8re<\/p>\n<p>Ma m\u00e8re<\/p>\n<p>Et moi<\/p>\n<p>&nbsp;<\/p>\n<p>Ma m\u00e8re, en bas, enfante<\/p>\n<p>Alc\u00f4ve pos\u00e9 sur une source d\u2019\u00e9ternit\u00e9<\/p>\n<p>&#8230;&#8230;&#8230;&#8230;&#8230;&#8230;<\/p>\n<p>Mon p\u00e8re, \u00e0 droite,<\/p>\n<p>Nous inonde de son amour transparent et fluide<\/p>\n<p>Aile d\u2019une homme redevenu ange de lumi\u00e8re<\/p>\n<p>&#8230;&#8230;&#8230;&#8230;&#8230;&#8230;<\/p>\n<p>Et moi, en haut,<\/p>\n<p>T\u00eate de femme ou sein de femme<\/p>\n<p>F\u00e9minit\u00e9 r\u00e9v\u00e9l\u00e9e<\/p>\n<p>Je prends mon envol<\/p>\n<p>Le soleil et les oiseaux m\u2019accompagnent<\/p>\n<p>Sur fond de plage et de mer bleue<\/p>\n<p>&#8230;&#8230;&#8230;&#8230;&#8230;&#8230;<\/p>\n<p>En bas, la t\u00eate d\u2019un b\u00e9b\u00e9<\/p>\n<p>Spectateur ext\u00e9rieur regarde la sc\u00e8ne\u2026<\/p>\n<p>&nbsp;<\/p>\n<p>Enfant int\u00e9rieur d\u00e9tach\u00e9<\/p>\n<p>De toutes empreintes de r\u00e9alit\u00e9<\/p>\n<p>Source \u00e9ternelle de s\u00e9r\u00e9nit\u00e9<\/p>\n<p>&nbsp;<\/p>\n\n<h4>Face 3<\/h4>\n<p>En bas, la t\u00eate d\u2019un dauphin<\/p>\n<p>Qui tire une boule de cristal<\/p>\n<p>Encore bien lourde<\/p>\n<p>Quelques miasmes persistent<\/p>\n<p>Sans doute\u00a0!\u2026\u2026..<\/p>\n<p>&nbsp;<\/p>\n<p>MNJ<\/p>\n\n\t\t\t<a href=\"http:\/\/www.marienoelle-jarousseau.com\/fr\/galeries\/contemporains\/\" target=\"_self\" role=\"button\" rel=\"noopener noreferrer\">\n\t\t\t\t\t\t\tRetour\n\t\t\t\t\t<\/a>\n","protected":false},"excerpt":{"rendered":"<p>EFFLUVES (toile tournante) Huile &#8211; 89 x 116 &#8211; R\u00e9alis\u00e9e en juillet 1999 Et Toi .. que ressens-tu\u00a0 ? Tu peux me partager ton ressenti&#8230;ou pas sur le Livre d&rsquo;Or de la page d&rsquo;Accueil Fais tourner la toile Arr\u00eate la au gr\u00e9 de ton ressenti Ma vision&#8230; sur mon paysage &nbsp; Face 1 Le trio\u00a0&hellip;<\/p>\n","protected":false},"author":3,"featured_media":0,"parent":0,"menu_order":0,"comment_status":"closed","ping_status":"closed","template":"","meta":{"footnotes":""},"class_list":["post-2349","page","type-page","status-publish","hentry"],"yoast_head":"<!-- This site is optimized with the Yoast SEO plugin v27.4 - https:\/\/yoast.com\/product\/yoast-seo-wordpress\/ -->\n<title>TT - Effluves - Marie-No\u00eblle Jarousseau - Artiste<\/title>\n<meta name=\"robots\" content=\"index, follow, max-snippet:-1, max-image-preview:large, max-video-preview:-1\" \/>\n<link rel=\"canonical\" href=\"https:\/\/www.marienoelle-jarousseau.com\/fr\/tt-effluves\/\" \/>\n<meta property=\"og:locale\" content=\"fr_FR\" \/>\n<meta property=\"og:type\" content=\"article\" \/>\n<meta property=\"og:title\" content=\"TT - Effluves - Marie-No\u00eblle Jarousseau - Artiste\" \/>\n<meta property=\"og:description\" content=\"EFFLUVES (toile tournante) Huile &#8211; 89 x 116 &#8211; R\u00e9alis\u00e9e en juillet 1999 Et Toi .. que ressens-tu\u00a0 ? Tu peux me partager ton ressenti&#8230;ou pas sur le Livre d&rsquo;Or de la page d&rsquo;Accueil Fais tourner la toile Arr\u00eate la au gr\u00e9 de ton ressenti Ma vision&#8230; sur mon paysage &nbsp; Face 1 Le trio\u00a0&hellip;\" \/>\n<meta property=\"og:url\" content=\"https:\/\/www.marienoelle-jarousseau.com\/fr\/tt-effluves\/\" \/>\n<meta property=\"og:site_name\" content=\"Marie-No\u00eblle Jarousseau - Artiste\" \/>\n<meta property=\"article:modified_time\" content=\"2020-04-17T19:01:15+00:00\" \/>\n<meta name=\"twitter:card\" content=\"summary_large_image\" \/>\n<meta name=\"twitter:label1\" content=\"Dur\u00e9e de lecture estim\u00e9e\" \/>\n\t<meta name=\"twitter:data1\" content=\"1 minute\" \/>\n<script type=\"application\/ld+json\" class=\"yoast-schema-graph\">{\"@context\":\"https:\\\/\\\/schema.org\",\"@graph\":[{\"@type\":\"WebPage\",\"@id\":\"https:\\\/\\\/www.marienoelle-jarousseau.com\\\/fr\\\/tt-effluves\\\/\",\"url\":\"https:\\\/\\\/www.marienoelle-jarousseau.com\\\/fr\\\/tt-effluves\\\/\",\"name\":\"TT - Effluves - Marie-No\u00eblle Jarousseau - Artiste\",\"isPartOf\":{\"@id\":\"https:\\\/\\\/www.marienoelle-jarousseau.com\\\/fr\\\/#website\"},\"datePublished\":\"2020-04-17T17:07:35+00:00\",\"dateModified\":\"2020-04-17T19:01:15+00:00\",\"breadcrumb\":{\"@id\":\"https:\\\/\\\/www.marienoelle-jarousseau.com\\\/fr\\\/tt-effluves\\\/#breadcrumb\"},\"inLanguage\":\"fr-FR\",\"potentialAction\":[{\"@type\":\"ReadAction\",\"target\":[\"https:\\\/\\\/www.marienoelle-jarousseau.com\\\/fr\\\/tt-effluves\\\/\"]}]},{\"@type\":\"BreadcrumbList\",\"@id\":\"https:\\\/\\\/www.marienoelle-jarousseau.com\\\/fr\\\/tt-effluves\\\/#breadcrumb\",\"itemListElement\":[{\"@type\":\"ListItem\",\"position\":1,\"name\":\"Accueil\",\"item\":\"https:\\\/\\\/www.marienoelle-jarousseau.com\\\/fr\\\/\"},{\"@type\":\"ListItem\",\"position\":2,\"name\":\"TT &#8211; Effluves\"}]},{\"@type\":\"WebSite\",\"@id\":\"https:\\\/\\\/www.marienoelle-jarousseau.com\\\/fr\\\/#website\",\"url\":\"https:\\\/\\\/www.marienoelle-jarousseau.com\\\/fr\\\/\",\"name\":\"Marie-No\u00eblle Jarousseau - Artiste\",\"description\":\"\",\"potentialAction\":[{\"@type\":\"SearchAction\",\"target\":{\"@type\":\"EntryPoint\",\"urlTemplate\":\"https:\\\/\\\/www.marienoelle-jarousseau.com\\\/fr\\\/?s={search_term_string}\"},\"query-input\":{\"@type\":\"PropertyValueSpecification\",\"valueRequired\":true,\"valueName\":\"search_term_string\"}}],\"inLanguage\":\"fr-FR\"}]}<\/script>\n<!-- \/ Yoast SEO plugin. -->","yoast_head_json":{"title":"TT - Effluves - Marie-No\u00eblle Jarousseau - Artiste","robots":{"index":"index","follow":"follow","max-snippet":"max-snippet:-1","max-image-preview":"max-image-preview:large","max-video-preview":"max-video-preview:-1"},"canonical":"https:\/\/www.marienoelle-jarousseau.com\/fr\/tt-effluves\/","og_locale":"fr_FR","og_type":"article","og_title":"TT - Effluves - Marie-No\u00eblle Jarousseau - Artiste","og_description":"EFFLUVES (toile tournante) Huile &#8211; 89 x 116 &#8211; R\u00e9alis\u00e9e en juillet 1999 Et Toi .. que ressens-tu\u00a0 ? Tu peux me partager ton ressenti&#8230;ou pas sur le Livre d&rsquo;Or de la page d&rsquo;Accueil Fais tourner la toile Arr\u00eate la au gr\u00e9 de ton ressenti Ma vision&#8230; sur mon paysage &nbsp; Face 1 Le trio\u00a0&hellip;","og_url":"https:\/\/www.marienoelle-jarousseau.com\/fr\/tt-effluves\/","og_site_name":"Marie-No\u00eblle Jarousseau - Artiste","article_modified_time":"2020-04-17T19:01:15+00:00","twitter_card":"summary_large_image","twitter_misc":{"Dur\u00e9e de lecture estim\u00e9e":"1 minute"},"schema":{"@context":"https:\/\/schema.org","@graph":[{"@type":"WebPage","@id":"https:\/\/www.marienoelle-jarousseau.com\/fr\/tt-effluves\/","url":"https:\/\/www.marienoelle-jarousseau.com\/fr\/tt-effluves\/","name":"TT - Effluves - Marie-No\u00eblle Jarousseau - Artiste","isPartOf":{"@id":"https:\/\/www.marienoelle-jarousseau.com\/fr\/#website"},"datePublished":"2020-04-17T17:07:35+00:00","dateModified":"2020-04-17T19:01:15+00:00","breadcrumb":{"@id":"https:\/\/www.marienoelle-jarousseau.com\/fr\/tt-effluves\/#breadcrumb"},"inLanguage":"fr-FR","potentialAction":[{"@type":"ReadAction","target":["https:\/\/www.marienoelle-jarousseau.com\/fr\/tt-effluves\/"]}]},{"@type":"BreadcrumbList","@id":"https:\/\/www.marienoelle-jarousseau.com\/fr\/tt-effluves\/#breadcrumb","itemListElement":[{"@type":"ListItem","position":1,"name":"Accueil","item":"https:\/\/www.marienoelle-jarousseau.com\/fr\/"},{"@type":"ListItem","position":2,"name":"TT &#8211; Effluves"}]},{"@type":"WebSite","@id":"https:\/\/www.marienoelle-jarousseau.com\/fr\/#website","url":"https:\/\/www.marienoelle-jarousseau.com\/fr\/","name":"Marie-No\u00eblle Jarousseau - Artiste","description":"","potentialAction":[{"@type":"SearchAction","target":{"@type":"EntryPoint","urlTemplate":"https:\/\/www.marienoelle-jarousseau.com\/fr\/?s={search_term_string}"},"query-input":{"@type":"PropertyValueSpecification","valueRequired":true,"valueName":"search_term_string"}}],"inLanguage":"fr-FR"}]}},"_links":{"self":[{"href":"https:\/\/www.marienoelle-jarousseau.com\/fr\/wp-json\/wp\/v2\/pages\/2349","targetHints":{"allow":["GET"]}}],"collection":[{"href":"https:\/\/www.marienoelle-jarousseau.com\/fr\/wp-json\/wp\/v2\/pages"}],"about":[{"href":"https:\/\/www.marienoelle-jarousseau.com\/fr\/wp-json\/wp\/v2\/types\/page"}],"author":[{"embeddable":true,"href":"https:\/\/www.marienoelle-jarousseau.com\/fr\/wp-json\/wp\/v2\/users\/3"}],"replies":[{"embeddable":true,"href":"https:\/\/www.marienoelle-jarousseau.com\/fr\/wp-json\/wp\/v2\/comments?post=2349"}],"version-history":[{"count":0,"href":"https:\/\/www.marienoelle-jarousseau.com\/fr\/wp-json\/wp\/v2\/pages\/2349\/revisions"}],"wp:attachment":[{"href":"https:\/\/www.marienoelle-jarousseau.com\/fr\/wp-json\/wp\/v2\/media?parent=2349"}],"curies":[{"name":"wp","href":"https:\/\/api.w.org\/{rel}","templated":true}]}}