{"id":2351,"date":"2020-04-17T21:11:38","date_gmt":"2020-04-17T20:11:38","guid":{"rendered":"https:\/\/www.marienoelle-jarousseau.com\/fr\/?page_id=2351"},"modified":"2022-04-02T10:38:18","modified_gmt":"2022-04-02T09:38:18","slug":"tt-spirale-involutive","status":"publish","type":"page","link":"https:\/\/www.marienoelle-jarousseau.com\/fr\/tt-spirale-involutive\/","title":{"rendered":"TT &#8211; Spirale involutive"},"content":{"rendered":"\n<h2>\n\t\tSPIRALE INVOLUTIVE&#8230; (toile tournante)\n\t<\/h2>\n\t<em>Huile &#8211; 57 x 82 &#8211; R<\/em><em>\u00e9alis\u00e9e de f\u00e9vrier 2001<\/em><br \/>\n<em>Po\u00e8me \u00a0&#8211; Inspir\u00e9 en d\u00e9cembre 2002 &#8211; Accompagne la Toile<\/em>\n\t<h3><strong>Et Toi .. que ressens-tu\u00a0 ?<\/strong><\/h3>\n<em>Tu peux me partager ton ressenti&#8230;ou pas<br \/>\nsur le Livre d&rsquo;Or de la page d&rsquo;Accueil<\/em>\n\t<style type=\"text\/css\">\r\n\t\t\t.picture_rotating_container .picture_rotating_view {width: 599.08263203001px;height: 599.08263203001px;}\r\n\t\t\t.picture_rotating_container .picture_rotating_view img#PR_69e788a6a240c, .picture_rotating_container .picture_rotating_view canvas#PR_69e788a6a240c {margin: 49.541316015003px 134.541316015px;}\r\n\t\t<\/style><script type=\"text\/javascript\">var picture_rotating_intervalPR_69e788a6a240c;var picture_rotating_interval_stoppedPR_69e788a6a240c = false;var angle = 0;\r\n\t\tif(!picture_rotating_diago)\r\n\t\t\tvar picture_rotating_diago = [];\r\n\t\tpicture_rotating_diago[\"PR_69e788a6a240c\"] = 599.08263203001;\r\n\t\t\t\tjQuery(document).ready(function($) {\r\n\t\t\t\t\t\/** $(\"#PR_69e788a6a240c\").click(function(){ $(this).rotateLeft(180); }); *\/\r\n\t\t\t\t\t\r\n\t\t\t\t\t\/** picture_rotating_intervalPR_69e788a6a240c = setInterval(function () { $(\"#PR_69e788a6a240c\").rotate(5); },500); *\/\r\n\t\t\t\t\t\/\/ clearInterval(picture_rotating_intervalPR_69e788a6a240c);\r\n\t\t\t\t\t\r\n\t\t\t\t\tpicture_rotating_intervalPR_69e788a6a240c = setInterval(function () { angle+=5;$(\"#PR_69e788a6a240c\").rotate(angle); },500);\r\n\t\t\t\t});\r\n\t\t\t\t\tfunction stopPictRotatePR_69e788a6a240c(){if(!picture_rotating_interval_stoppedPR_69e788a6a240c){clearInterval(picture_rotating_intervalPR_69e788a6a240c);picture_rotating_interval_stoppedPR_69e788a6a240c = true;}}\r\n\t\t\t\t\tfunction startPictRotatePR_69e788a6a240c(){if(picture_rotating_interval_stoppedPR_69e788a6a240c){picture_rotating_intervalPR_69e788a6a240c = setInterval(function () { angle+=5;jQuery(\"#PR_69e788a6a240c\").rotate(angle); },500);picture_rotating_interval_stoppedPR_69e788a6a240c = false;}}\r\n\t\t\t<\/script><div class=\"picture_rotating_container\">\r\n\t\t\t\t<div class=\"picture_rotating_view\"><img loading=\"lazy\" decoding=\"async\" id=\"PR_69e788a6a240c\" src=\"https:\/\/www.marienoelle-jarousseau.com\/fr\/wp-content\/uploads\/2020\/04\/91-SPIRALE-INVOLUTIVE-2-sign-huile-sur-verre-82-x-57-fev-2001-e1587154077729.jpg\" alt=\"\" width=\"330\" height=\"500\"\/><\/div>\r\n\t\t\t\t<div class=\"picture_rotating_controls\"><i class=\"fa fa-pause\" onclick=\"javascript:stopPictRotatePR_69e788a6a240c()\"><\/i><i class=\"fa fa-play\" onclick=\"javascript:startPictRotatePR_69e788a6a240c()\"><\/i><\/div>\r\n\t\t\t<\/div>\n\t<em>Fais tourner la toile<\/em> <br \/>\n<em>Arr\u00eate la au gr\u00e9 de ton ressenti<\/em> \n\t<p><em>POEME\u00a0 EN\u00a0 \u00a0AUDIO<\/em><\/p>\n<p><i>\u00e0 venir<\/i><\/p>\n\n<p>\u00ab\u00a0SPIRALE INVOLUTIVE\u00a0\u00bb<\/p>\n\nL&rsquo;attirance\n\nTout,\nici, \ngravite autour d&rsquo;un point lumineux\n\nVolutes, tourbillons\nRoue de la VIE\nDans tout son \u00e9talage :\nR\u00e9alit\u00e9s, croyances,\nIllusions, v\u00e9rit\u00e9s\nDoutes, joies, larmes&#8230;\n\nLa liste est longue\nDe tous les possibles\n\nDe l&rsquo;immensit\u00e9\nDe l&rsquo;Ombre et de la Lumi\u00e8re\n\nCercles concentriques\nSiphons de la VIE\nEntra\u00een\u00e9s irr\u00e9m\u00e9diablement \nDans ce tunnel infini\nLumineux l\u00e0-bas vers le bout,\n\nmais,\n\nIl n&rsquo;y a pas de bout !\n\nLe Point Lumineux !\nL&rsquo;Attraction !\nL&rsquo;Aimant !\n\nl&rsquo;Infini,\nL&rsquo;\u00e9ternelle Cr\u00e9ation\n\nTout revient au point initial\n\nTOUT   EST LE   POINT INITIAL\n\nL\u00e0\nO\u00f9 tous les possibles\nSont possibles\n\nTout repart\nInstantanement\nInlassablement\nDans la valse de la VIE\n\n\nCr\u00e9ation de la Cr\u00e9ation\n\n\n\n<p>MNJ<\/p>\n\t\t\t<a href=\"http:\/\/www.marienoelle-jarousseau.com\/fr\/galeries\/contemporains\/\" target=\"_self\" role=\"button\" rel=\"noopener\">\n\t\t\t\t\t\t\tRetour\n\t\t\t\t\t<\/a>\n\n","protected":false},"excerpt":{"rendered":"<p>SPIRALE INVOLUTIVE&#8230; (toile tournante) Huile &#8211; 57 x 82 &#8211; R\u00e9alis\u00e9e de f\u00e9vrier 2001 Po\u00e8me \u00a0&#8211; Inspir\u00e9 en d\u00e9cembre 2002 &#8211; Accompagne la Toile Et Toi .. que ressens-tu\u00a0 ? Tu peux me partager ton ressenti&#8230;ou pas sur le Livre d&rsquo;Or de la page d&rsquo;Accueil Fais tourner la toile Arr\u00eate la au gr\u00e9 de ton&hellip;<\/p>\n","protected":false},"author":3,"featured_media":0,"parent":0,"menu_order":0,"comment_status":"closed","ping_status":"closed","template":"","meta":{"footnotes":""},"class_list":["post-2351","page","type-page","status-publish","hentry"],"yoast_head":"<!-- This site is optimized with the Yoast SEO plugin v27.4 - https:\/\/yoast.com\/product\/yoast-seo-wordpress\/ -->\n<title>TT - Spirale involutive - Marie-No\u00eblle Jarousseau - Artiste<\/title>\n<meta name=\"robots\" content=\"index, follow, max-snippet:-1, max-image-preview:large, max-video-preview:-1\" \/>\n<link rel=\"canonical\" href=\"https:\/\/www.marienoelle-jarousseau.com\/fr\/tt-spirale-involutive\/\" \/>\n<meta property=\"og:locale\" content=\"fr_FR\" \/>\n<meta property=\"og:type\" content=\"article\" \/>\n<meta property=\"og:title\" content=\"TT - Spirale involutive - Marie-No\u00eblle Jarousseau - Artiste\" \/>\n<meta property=\"og:description\" content=\"SPIRALE INVOLUTIVE&#8230; (toile tournante) Huile &#8211; 57 x 82 &#8211; R\u00e9alis\u00e9e de f\u00e9vrier 2001 Po\u00e8me \u00a0&#8211; Inspir\u00e9 en d\u00e9cembre 2002 &#8211; Accompagne la Toile Et Toi .. que ressens-tu\u00a0 ? Tu peux me partager ton ressenti&#8230;ou pas sur le Livre d&rsquo;Or de la page d&rsquo;Accueil Fais tourner la toile Arr\u00eate la au gr\u00e9 de ton&hellip;\" \/>\n<meta property=\"og:url\" content=\"https:\/\/www.marienoelle-jarousseau.com\/fr\/tt-spirale-involutive\/\" \/>\n<meta property=\"og:site_name\" content=\"Marie-No\u00eblle Jarousseau - Artiste\" \/>\n<meta property=\"article:modified_time\" content=\"2022-04-02T09:38:18+00:00\" \/>\n<meta name=\"twitter:card\" content=\"summary_large_image\" \/>\n<meta name=\"twitter:label1\" content=\"Dur\u00e9e de lecture estim\u00e9e\" \/>\n\t<meta name=\"twitter:data1\" content=\"1 minute\" \/>\n<script type=\"application\/ld+json\" class=\"yoast-schema-graph\">{\"@context\":\"https:\\\/\\\/schema.org\",\"@graph\":[{\"@type\":\"WebPage\",\"@id\":\"https:\\\/\\\/www.marienoelle-jarousseau.com\\\/fr\\\/tt-spirale-involutive\\\/\",\"url\":\"https:\\\/\\\/www.marienoelle-jarousseau.com\\\/fr\\\/tt-spirale-involutive\\\/\",\"name\":\"TT - Spirale involutive - Marie-No\u00eblle Jarousseau - Artiste\",\"isPartOf\":{\"@id\":\"https:\\\/\\\/www.marienoelle-jarousseau.com\\\/fr\\\/#website\"},\"datePublished\":\"2020-04-17T20:11:38+00:00\",\"dateModified\":\"2022-04-02T09:38:18+00:00\",\"breadcrumb\":{\"@id\":\"https:\\\/\\\/www.marienoelle-jarousseau.com\\\/fr\\\/tt-spirale-involutive\\\/#breadcrumb\"},\"inLanguage\":\"fr-FR\",\"potentialAction\":[{\"@type\":\"ReadAction\",\"target\":[\"https:\\\/\\\/www.marienoelle-jarousseau.com\\\/fr\\\/tt-spirale-involutive\\\/\"]}]},{\"@type\":\"BreadcrumbList\",\"@id\":\"https:\\\/\\\/www.marienoelle-jarousseau.com\\\/fr\\\/tt-spirale-involutive\\\/#breadcrumb\",\"itemListElement\":[{\"@type\":\"ListItem\",\"position\":1,\"name\":\"Accueil\",\"item\":\"https:\\\/\\\/www.marienoelle-jarousseau.com\\\/fr\\\/\"},{\"@type\":\"ListItem\",\"position\":2,\"name\":\"TT &#8211; Spirale involutive\"}]},{\"@type\":\"WebSite\",\"@id\":\"https:\\\/\\\/www.marienoelle-jarousseau.com\\\/fr\\\/#website\",\"url\":\"https:\\\/\\\/www.marienoelle-jarousseau.com\\\/fr\\\/\",\"name\":\"Marie-No\u00eblle Jarousseau - Artiste\",\"description\":\"\",\"potentialAction\":[{\"@type\":\"SearchAction\",\"target\":{\"@type\":\"EntryPoint\",\"urlTemplate\":\"https:\\\/\\\/www.marienoelle-jarousseau.com\\\/fr\\\/?s={search_term_string}\"},\"query-input\":{\"@type\":\"PropertyValueSpecification\",\"valueRequired\":true,\"valueName\":\"search_term_string\"}}],\"inLanguage\":\"fr-FR\"}]}<\/script>\n<!-- \/ Yoast SEO plugin. -->","yoast_head_json":{"title":"TT - Spirale involutive - Marie-No\u00eblle Jarousseau - Artiste","robots":{"index":"index","follow":"follow","max-snippet":"max-snippet:-1","max-image-preview":"max-image-preview:large","max-video-preview":"max-video-preview:-1"},"canonical":"https:\/\/www.marienoelle-jarousseau.com\/fr\/tt-spirale-involutive\/","og_locale":"fr_FR","og_type":"article","og_title":"TT - Spirale involutive - Marie-No\u00eblle Jarousseau - Artiste","og_description":"SPIRALE INVOLUTIVE&#8230; (toile tournante) Huile &#8211; 57 x 82 &#8211; R\u00e9alis\u00e9e de f\u00e9vrier 2001 Po\u00e8me \u00a0&#8211; Inspir\u00e9 en d\u00e9cembre 2002 &#8211; Accompagne la Toile Et Toi .. que ressens-tu\u00a0 ? Tu peux me partager ton ressenti&#8230;ou pas sur le Livre d&rsquo;Or de la page d&rsquo;Accueil Fais tourner la toile Arr\u00eate la au gr\u00e9 de ton&hellip;","og_url":"https:\/\/www.marienoelle-jarousseau.com\/fr\/tt-spirale-involutive\/","og_site_name":"Marie-No\u00eblle Jarousseau - Artiste","article_modified_time":"2022-04-02T09:38:18+00:00","twitter_card":"summary_large_image","twitter_misc":{"Dur\u00e9e de lecture estim\u00e9e":"1 minute"},"schema":{"@context":"https:\/\/schema.org","@graph":[{"@type":"WebPage","@id":"https:\/\/www.marienoelle-jarousseau.com\/fr\/tt-spirale-involutive\/","url":"https:\/\/www.marienoelle-jarousseau.com\/fr\/tt-spirale-involutive\/","name":"TT - Spirale involutive - Marie-No\u00eblle Jarousseau - Artiste","isPartOf":{"@id":"https:\/\/www.marienoelle-jarousseau.com\/fr\/#website"},"datePublished":"2020-04-17T20:11:38+00:00","dateModified":"2022-04-02T09:38:18+00:00","breadcrumb":{"@id":"https:\/\/www.marienoelle-jarousseau.com\/fr\/tt-spirale-involutive\/#breadcrumb"},"inLanguage":"fr-FR","potentialAction":[{"@type":"ReadAction","target":["https:\/\/www.marienoelle-jarousseau.com\/fr\/tt-spirale-involutive\/"]}]},{"@type":"BreadcrumbList","@id":"https:\/\/www.marienoelle-jarousseau.com\/fr\/tt-spirale-involutive\/#breadcrumb","itemListElement":[{"@type":"ListItem","position":1,"name":"Accueil","item":"https:\/\/www.marienoelle-jarousseau.com\/fr\/"},{"@type":"ListItem","position":2,"name":"TT &#8211; Spirale involutive"}]},{"@type":"WebSite","@id":"https:\/\/www.marienoelle-jarousseau.com\/fr\/#website","url":"https:\/\/www.marienoelle-jarousseau.com\/fr\/","name":"Marie-No\u00eblle Jarousseau - Artiste","description":"","potentialAction":[{"@type":"SearchAction","target":{"@type":"EntryPoint","urlTemplate":"https:\/\/www.marienoelle-jarousseau.com\/fr\/?s={search_term_string}"},"query-input":{"@type":"PropertyValueSpecification","valueRequired":true,"valueName":"search_term_string"}}],"inLanguage":"fr-FR"}]}},"_links":{"self":[{"href":"https:\/\/www.marienoelle-jarousseau.com\/fr\/wp-json\/wp\/v2\/pages\/2351","targetHints":{"allow":["GET"]}}],"collection":[{"href":"https:\/\/www.marienoelle-jarousseau.com\/fr\/wp-json\/wp\/v2\/pages"}],"about":[{"href":"https:\/\/www.marienoelle-jarousseau.com\/fr\/wp-json\/wp\/v2\/types\/page"}],"author":[{"embeddable":true,"href":"https:\/\/www.marienoelle-jarousseau.com\/fr\/wp-json\/wp\/v2\/users\/3"}],"replies":[{"embeddable":true,"href":"https:\/\/www.marienoelle-jarousseau.com\/fr\/wp-json\/wp\/v2\/comments?post=2351"}],"version-history":[{"count":0,"href":"https:\/\/www.marienoelle-jarousseau.com\/fr\/wp-json\/wp\/v2\/pages\/2351\/revisions"}],"wp:attachment":[{"href":"https:\/\/www.marienoelle-jarousseau.com\/fr\/wp-json\/wp\/v2\/media?parent=2351"}],"curies":[{"name":"wp","href":"https:\/\/api.w.org\/{rel}","templated":true}]}}