{"id":2353,"date":"2020-04-15T13:24:51","date_gmt":"2020-04-15T12:24:51","guid":{"rendered":"https:\/\/www.marienoelle-jarousseau.com\/fr\/?page_id=2353"},"modified":"2024-03-12T17:41:09","modified_gmt":"2024-03-12T16:41:09","slug":"tt-purification","status":"publish","type":"page","link":"https:\/\/www.marienoelle-jarousseau.com\/fr\/tt-purification\/","title":{"rendered":"TT &#8211; Purification"},"content":{"rendered":"\n<h2>\n\t\tPURIFICATION (toile tournante)\n\t<\/h2>\n\t<em>Huile &#8211; 83 x 116 &#8211; R<\/em><em>\u00e9alis\u00e9e en mai 2000 &amp; novembre 2001<\/em><br \/>\n<em>Po\u00e8me \u00a0&#8211; Inspir\u00e9 en d\u00e9cembre 2002 &#8211; Accompagne la Toile<\/em>\n\t<h3><strong>Et Toi .. que ressens-tu\u00a0 ?<\/strong><\/h3>\n<em>Tu peux me partager ton ressenti&#8230;ou pas<br \/>\nsur le Livre d&rsquo;Or de la page d&rsquo;Accueil<\/em>\n\t<em>Fais tourner la toile<\/em> <br \/>\n<em>Arr\u00eate la au gr\u00e9 de ton ressenti<\/em> \n\t<style type=\"text\/css\">\r\n\t\t\t.picture_rotating_container .picture_rotating_view {width: 628.0127387243px;height: 628.0127387243px;}\r\n\t\t\t.picture_rotating_container .picture_rotating_view img#PR_69f5d9a8a7c85, .picture_rotating_container .picture_rotating_view canvas#PR_69f5d9a8a7c85 {margin: 64.006369362152px 124.00636936215px;}\r\n\t\t<\/style><script type=\"text\/javascript\">var picture_rotating_intervalPR_69f5d9a8a7c85;var picture_rotating_interval_stoppedPR_69f5d9a8a7c85 = false;var angle = 0;\r\n\t\tif(!picture_rotating_diago)\r\n\t\t\tvar picture_rotating_diago = [];\r\n\t\tpicture_rotating_diago[\"PR_69f5d9a8a7c85\"] = 628.0127387243;\r\n\t\t\t\tjQuery(document).ready(function($) {\r\n\t\t\t\t\t\/** $(\"#PR_69f5d9a8a7c85\").click(function(){ $(this).rotateLeft(180); }); *\/\r\n\t\t\t\t\t\r\n\t\t\t\t\t\/** picture_rotating_intervalPR_69f5d9a8a7c85 = setInterval(function () { $(\"#PR_69f5d9a8a7c85\").rotate(5); },500); *\/\r\n\t\t\t\t\t\/\/ clearInterval(picture_rotating_intervalPR_69f5d9a8a7c85);\r\n\t\t\t\t\t\r\n\t\t\t\t\tpicture_rotating_intervalPR_69f5d9a8a7c85 = setInterval(function () { angle+=5;$(\"#PR_69f5d9a8a7c85\").rotate(angle); },500);\r\n\t\t\t\t});\r\n\t\t\t\t\tfunction stopPictRotatePR_69f5d9a8a7c85(){if(!picture_rotating_interval_stoppedPR_69f5d9a8a7c85){clearInterval(picture_rotating_intervalPR_69f5d9a8a7c85);picture_rotating_interval_stoppedPR_69f5d9a8a7c85 = true;}}\r\n\t\t\t\t\tfunction startPictRotatePR_69f5d9a8a7c85(){if(picture_rotating_interval_stoppedPR_69f5d9a8a7c85){picture_rotating_intervalPR_69f5d9a8a7c85 = setInterval(function () { angle+=5;jQuery(\"#PR_69f5d9a8a7c85\").rotate(angle); },500);picture_rotating_interval_stoppedPR_69f5d9a8a7c85 = false;}}\r\n\t\t\t<\/script><div class=\"picture_rotating_container\">\r\n\t\t\t\t<div class=\"picture_rotating_view\"><img loading=\"lazy\" decoding=\"async\" id=\"PR_69f5d9a8a7c85\" src=\"https:\/\/www.marienoelle-jarousseau.com\/fr\/wp-content\/uploads\/2015\/09\/86-PURIFICATION-1-sign-huile-sur-toile-tournante-89-x-116-mai-2000-27-nov-2002-mars-2007-e1585844257713.jpg\" alt=\"\" width=\"380\" height=\"500\"\/><\/div>\r\n\t\t\t\t<div class=\"picture_rotating_controls\"><i class=\"fa fa-pause\" onclick=\"javascript:stopPictRotatePR_69f5d9a8a7c85()\"><\/i><i class=\"fa fa-play\" onclick=\"javascript:startPictRotatePR_69f5d9a8a7c85()\"><\/i><\/div>\r\n\t\t\t<\/div>\n\t<p><em>POEME\u00a0 EN\u00a0 AUDIO<\/em><\/p>\n<em>Peut-\u00eatre que ta connexion est peu \u00e9lev\u00e9e&#8230;<br \/>\nClique sur la fl\u00e8che.. et chut&#8230; patience&#8230;<br \/>\nLaisse le temps \u00e0 la parole d&rsquo;\u00e9merger&#8230;<\/em>\n\t\t<meta itemprop=\"url\" content=\"https:\/\/www.marienoelle-jarousseau.com\/fr\/wp-content\/uploads\/2020\/04\/Purification.m4a\" \/><!--[if lt IE 9]><script>document.createElement('audio');<\/script><![endif]-->\n<audio class=\"wp-audio-shortcode\" id=\"audio-2353-1\" preload=\"none\" style=\"width: 100%;\" controls=\"controls\"><source type=\"audio\/mpeg\" src=\"https:\/\/www.marienoelle-jarousseau.com\/fr\/wp-content\/uploads\/2020\/04\/Purification.m4a?_=1\" \/><a href=\"https:\/\/www.marienoelle-jarousseau.com\/fr\/wp-content\/uploads\/2020\/04\/Purification.m4a\">https:\/\/www.marienoelle-jarousseau.com\/fr\/wp-content\/uploads\/2020\/04\/Purification.m4a<\/a><\/audio>\n<p>\u00ab\u00a0PURIFICATION\u00a0\u00bb<\/p>\n\n\nFleur issue du n\u00e9ant\nEnfin tu existes !\n\nTir\u00e9e, te semble-t-il\nDe&#8230; Rien,\nAujourd&rsquo;hui,\nTu jaillis de cet Infini\n\nFleur ouverte\nComme une trompette\n\nP\u00e9tales s&rsquo;abreuvant\nA cette manne d\u00e9licate\n\nQue tu croyais inexistante\nEt que tu sais maintenant&#8230;\n\nPleinement vivante\nVibrante\nAimante\n\nRegard ferm\u00e9\nD&rsquo;une Paix int\u00e9rieure\nIntensifi\u00e9e\n\nTa Source\nIssue de ce bouillonnement\nIntarissable d&rsquo;Infini\nS&rsquo;\u00e9coule doucement de Toi\n\nPour Te nourir\nEt\nPour \u00e9pancher\nQui voudra&#8230;\nS&rsquo;en d\u00e9lecter\n\n<p>MNJ<\/p>\n\t\t\t<a href=\"http:\/\/www.marienoelle-jarousseau.com\/fr\/galeries\/contemporains\/\" target=\"_blank\" rel=\"noopener\">\n\t\t\t\t\t\t\tRetour\n\t\t\t\t\t<\/a>\n\n","protected":false},"excerpt":{"rendered":"<p>PURIFICATION (toile tournante) Huile &#8211; 83 x 116 &#8211; R\u00e9alis\u00e9e en mai 2000 &amp; novembre 2001 Po\u00e8me \u00a0&#8211; Inspir\u00e9 en d\u00e9cembre 2002 &#8211; Accompagne la Toile Et Toi .. que ressens-tu\u00a0 ? Tu peux me partager ton ressenti&#8230;ou pas sur le Livre d&rsquo;Or de la page d&rsquo;Accueil Fais tourner la toile Arr\u00eate la au gr\u00e9&hellip;<\/p>\n","protected":false},"author":3,"featured_media":0,"parent":0,"menu_order":0,"comment_status":"closed","ping_status":"closed","template":"","meta":{"footnotes":""},"class_list":["post-2353","page","type-page","status-publish","hentry"],"yoast_head":"<!-- This site is optimized with the Yoast SEO plugin v27.4 - https:\/\/yoast.com\/product\/yoast-seo-wordpress\/ -->\n<title>TT - Purification - Marie-No\u00eblle Jarousseau - Artiste<\/title>\n<meta name=\"robots\" content=\"index, follow, max-snippet:-1, max-image-preview:large, max-video-preview:-1\" \/>\n<link rel=\"canonical\" href=\"https:\/\/www.marienoelle-jarousseau.com\/fr\/tt-purification\/\" \/>\n<meta property=\"og:locale\" content=\"fr_FR\" \/>\n<meta property=\"og:type\" content=\"article\" \/>\n<meta property=\"og:title\" content=\"TT - Purification - Marie-No\u00eblle Jarousseau - Artiste\" \/>\n<meta property=\"og:description\" content=\"PURIFICATION (toile tournante) Huile &#8211; 83 x 116 &#8211; R\u00e9alis\u00e9e en mai 2000 &amp; novembre 2001 Po\u00e8me \u00a0&#8211; Inspir\u00e9 en d\u00e9cembre 2002 &#8211; Accompagne la Toile Et Toi .. que ressens-tu\u00a0 ? Tu peux me partager ton ressenti&#8230;ou pas sur le Livre d&rsquo;Or de la page d&rsquo;Accueil Fais tourner la toile Arr\u00eate la au gr\u00e9&hellip;\" \/>\n<meta property=\"og:url\" content=\"https:\/\/www.marienoelle-jarousseau.com\/fr\/tt-purification\/\" \/>\n<meta property=\"og:site_name\" content=\"Marie-No\u00eblle Jarousseau - Artiste\" \/>\n<meta property=\"article:modified_time\" content=\"2024-03-12T16:41:09+00:00\" \/>\n<meta name=\"twitter:card\" content=\"summary_large_image\" \/>\n<meta name=\"twitter:label1\" content=\"Dur\u00e9e de lecture estim\u00e9e\" \/>\n\t<meta name=\"twitter:data1\" content=\"1 minute\" \/>\n<script type=\"application\/ld+json\" class=\"yoast-schema-graph\">{\"@context\":\"https:\\\/\\\/schema.org\",\"@graph\":[{\"@type\":\"WebPage\",\"@id\":\"https:\\\/\\\/www.marienoelle-jarousseau.com\\\/fr\\\/tt-purification\\\/\",\"url\":\"https:\\\/\\\/www.marienoelle-jarousseau.com\\\/fr\\\/tt-purification\\\/\",\"name\":\"TT - Purification - Marie-No\u00eblle Jarousseau - Artiste\",\"isPartOf\":{\"@id\":\"https:\\\/\\\/www.marienoelle-jarousseau.com\\\/fr\\\/#website\"},\"datePublished\":\"2020-04-15T12:24:51+00:00\",\"dateModified\":\"2024-03-12T16:41:09+00:00\",\"breadcrumb\":{\"@id\":\"https:\\\/\\\/www.marienoelle-jarousseau.com\\\/fr\\\/tt-purification\\\/#breadcrumb\"},\"inLanguage\":\"fr-FR\",\"potentialAction\":[{\"@type\":\"ReadAction\",\"target\":[\"https:\\\/\\\/www.marienoelle-jarousseau.com\\\/fr\\\/tt-purification\\\/\"]}]},{\"@type\":\"BreadcrumbList\",\"@id\":\"https:\\\/\\\/www.marienoelle-jarousseau.com\\\/fr\\\/tt-purification\\\/#breadcrumb\",\"itemListElement\":[{\"@type\":\"ListItem\",\"position\":1,\"name\":\"Accueil\",\"item\":\"https:\\\/\\\/www.marienoelle-jarousseau.com\\\/fr\\\/\"},{\"@type\":\"ListItem\",\"position\":2,\"name\":\"TT &#8211; Purification\"}]},{\"@type\":\"WebSite\",\"@id\":\"https:\\\/\\\/www.marienoelle-jarousseau.com\\\/fr\\\/#website\",\"url\":\"https:\\\/\\\/www.marienoelle-jarousseau.com\\\/fr\\\/\",\"name\":\"Marie-No\u00eblle Jarousseau - Artiste\",\"description\":\"\",\"potentialAction\":[{\"@type\":\"SearchAction\",\"target\":{\"@type\":\"EntryPoint\",\"urlTemplate\":\"https:\\\/\\\/www.marienoelle-jarousseau.com\\\/fr\\\/?s={search_term_string}\"},\"query-input\":{\"@type\":\"PropertyValueSpecification\",\"valueRequired\":true,\"valueName\":\"search_term_string\"}}],\"inLanguage\":\"fr-FR\"}]}<\/script>\n<!-- \/ Yoast SEO plugin. -->","yoast_head_json":{"title":"TT - Purification - Marie-No\u00eblle Jarousseau - Artiste","robots":{"index":"index","follow":"follow","max-snippet":"max-snippet:-1","max-image-preview":"max-image-preview:large","max-video-preview":"max-video-preview:-1"},"canonical":"https:\/\/www.marienoelle-jarousseau.com\/fr\/tt-purification\/","og_locale":"fr_FR","og_type":"article","og_title":"TT - Purification - Marie-No\u00eblle Jarousseau - Artiste","og_description":"PURIFICATION (toile tournante) Huile &#8211; 83 x 116 &#8211; R\u00e9alis\u00e9e en mai 2000 &amp; novembre 2001 Po\u00e8me \u00a0&#8211; Inspir\u00e9 en d\u00e9cembre 2002 &#8211; Accompagne la Toile Et Toi .. que ressens-tu\u00a0 ? Tu peux me partager ton ressenti&#8230;ou pas sur le Livre d&rsquo;Or de la page d&rsquo;Accueil Fais tourner la toile Arr\u00eate la au gr\u00e9&hellip;","og_url":"https:\/\/www.marienoelle-jarousseau.com\/fr\/tt-purification\/","og_site_name":"Marie-No\u00eblle Jarousseau - Artiste","article_modified_time":"2024-03-12T16:41:09+00:00","twitter_card":"summary_large_image","twitter_misc":{"Dur\u00e9e de lecture estim\u00e9e":"1 minute"},"schema":{"@context":"https:\/\/schema.org","@graph":[{"@type":"WebPage","@id":"https:\/\/www.marienoelle-jarousseau.com\/fr\/tt-purification\/","url":"https:\/\/www.marienoelle-jarousseau.com\/fr\/tt-purification\/","name":"TT - Purification - Marie-No\u00eblle Jarousseau - Artiste","isPartOf":{"@id":"https:\/\/www.marienoelle-jarousseau.com\/fr\/#website"},"datePublished":"2020-04-15T12:24:51+00:00","dateModified":"2024-03-12T16:41:09+00:00","breadcrumb":{"@id":"https:\/\/www.marienoelle-jarousseau.com\/fr\/tt-purification\/#breadcrumb"},"inLanguage":"fr-FR","potentialAction":[{"@type":"ReadAction","target":["https:\/\/www.marienoelle-jarousseau.com\/fr\/tt-purification\/"]}]},{"@type":"BreadcrumbList","@id":"https:\/\/www.marienoelle-jarousseau.com\/fr\/tt-purification\/#breadcrumb","itemListElement":[{"@type":"ListItem","position":1,"name":"Accueil","item":"https:\/\/www.marienoelle-jarousseau.com\/fr\/"},{"@type":"ListItem","position":2,"name":"TT &#8211; Purification"}]},{"@type":"WebSite","@id":"https:\/\/www.marienoelle-jarousseau.com\/fr\/#website","url":"https:\/\/www.marienoelle-jarousseau.com\/fr\/","name":"Marie-No\u00eblle Jarousseau - Artiste","description":"","potentialAction":[{"@type":"SearchAction","target":{"@type":"EntryPoint","urlTemplate":"https:\/\/www.marienoelle-jarousseau.com\/fr\/?s={search_term_string}"},"query-input":{"@type":"PropertyValueSpecification","valueRequired":true,"valueName":"search_term_string"}}],"inLanguage":"fr-FR"}]}},"_links":{"self":[{"href":"https:\/\/www.marienoelle-jarousseau.com\/fr\/wp-json\/wp\/v2\/pages\/2353","targetHints":{"allow":["GET"]}}],"collection":[{"href":"https:\/\/www.marienoelle-jarousseau.com\/fr\/wp-json\/wp\/v2\/pages"}],"about":[{"href":"https:\/\/www.marienoelle-jarousseau.com\/fr\/wp-json\/wp\/v2\/types\/page"}],"author":[{"embeddable":true,"href":"https:\/\/www.marienoelle-jarousseau.com\/fr\/wp-json\/wp\/v2\/users\/3"}],"replies":[{"embeddable":true,"href":"https:\/\/www.marienoelle-jarousseau.com\/fr\/wp-json\/wp\/v2\/comments?post=2353"}],"version-history":[{"count":0,"href":"https:\/\/www.marienoelle-jarousseau.com\/fr\/wp-json\/wp\/v2\/pages\/2353\/revisions"}],"wp:attachment":[{"href":"https:\/\/www.marienoelle-jarousseau.com\/fr\/wp-json\/wp\/v2\/media?parent=2353"}],"curies":[{"name":"wp","href":"https:\/\/api.w.org\/{rel}","templated":true}]}}