{"id":2355,"date":"2020-04-17T21:56:52","date_gmt":"2020-04-17T20:56:52","guid":{"rendered":"https:\/\/www.marienoelle-jarousseau.com\/fr\/?page_id=2355"},"modified":"2020-04-28T17:42:10","modified_gmt":"2020-04-28T16:42:10","slug":"tt-la-creation","status":"publish","type":"page","link":"https:\/\/www.marienoelle-jarousseau.com\/fr\/tt-la-creation\/","title":{"rendered":"TT &#8211; La cr\u00e9ation"},"content":{"rendered":"<h2>\n\t\tLA CREATION  (toile tournante)\n\t<\/h2>\n\t<p>Huile<em> &#8211; 81 x 130 &#8211; R<\/em><em>\u00e9alis\u00e9e en f\u00e9vrier 1998<\/em><\/p>\n\t<h3><strong>Et Toi .. que ressens-tu\u00a0 ?<\/strong><\/h3>\n<em>Tu peux me partager ton ressenti&#8230;ou pas<br \/>\nsur le Livre d&rsquo;Or de la page d&rsquo;Accueil<\/em>\n\t<em>Fais tourner la toile<\/em> <br \/>\n<em>Arr\u00eate la au gr\u00e9 de ton ressenti<\/em> \n\t<blockquote>\n<h2>Ma vision&#8230; sur mon paysage<\/h2>\n<\/blockquote>\n\t<style type=\"text\/css\">\r\n\t\t\t.picture_rotating_container .picture_rotating_view {width: 586.20474238955px;height: 586.20474238955px;}\r\n\t\t\t.picture_rotating_container .picture_rotating_view img#PR_69e78495a84ca, .picture_rotating_container .picture_rotating_view canvas#PR_69e78495a84ca {margin: 140.10237119478px 43.102371194776px;}\r\n\t\t<\/style><script type=\"text\/javascript\">var picture_rotating_intervalPR_69e78495a84ca;var picture_rotating_interval_stoppedPR_69e78495a84ca = false;var angle = 0;\r\n\t\tif(!picture_rotating_diago)\r\n\t\t\tvar picture_rotating_diago = [];\r\n\t\tpicture_rotating_diago[\"PR_69e78495a84ca\"] = 586.20474238955;\r\n\t\t\t\tjQuery(document).ready(function($) {\r\n\t\t\t\t\t\/** $(\"#PR_69e78495a84ca\").click(function(){ $(this).rotateLeft(180); }); *\/\r\n\t\t\t\t\t\r\n\t\t\t\t\t\/** picture_rotating_intervalPR_69e78495a84ca = setInterval(function () { $(\"#PR_69e78495a84ca\").rotate(5); },500); *\/\r\n\t\t\t\t\t\/\/ clearInterval(picture_rotating_intervalPR_69e78495a84ca);\r\n\t\t\t\t\t\r\n\t\t\t\t\tpicture_rotating_intervalPR_69e78495a84ca = setInterval(function () { angle+=5;$(\"#PR_69e78495a84ca\").rotate(angle); },500);\r\n\t\t\t\t});\r\n\t\t\t\t\tfunction stopPictRotatePR_69e78495a84ca(){if(!picture_rotating_interval_stoppedPR_69e78495a84ca){clearInterval(picture_rotating_intervalPR_69e78495a84ca);picture_rotating_interval_stoppedPR_69e78495a84ca = true;}}\r\n\t\t\t\t\tfunction startPictRotatePR_69e78495a84ca(){if(picture_rotating_interval_stoppedPR_69e78495a84ca){picture_rotating_intervalPR_69e78495a84ca = setInterval(function () { angle+=5;jQuery(\"#PR_69e78495a84ca\").rotate(angle); },500);picture_rotating_interval_stoppedPR_69e78495a84ca = false;}}\r\n\t\t\t<\/script><div class=\"picture_rotating_container\">\r\n\t\t\t\t<div class=\"picture_rotating_view\"><img loading=\"lazy\" decoding=\"async\" id=\"PR_69e78495a84ca\" src=\"https:\/\/www.marienoelle-jarousseau.com\/fr\/wp-content\/uploads\/2017\/03\/64-LA-CREATION-visage-Web-huile-sur-toile-130-x-81-juin-1996--e1587154742642.jpg\" alt=\"\" width=\"500\" height=\"306\"\/><\/div>\r\n\t\t\t\t<div class=\"picture_rotating_controls\"><i class=\"fa fa-pause\" onclick=\"javascript:stopPictRotatePR_69e78495a84ca()\"><\/i><i class=\"fa fa-play\" onclick=\"javascript:startPictRotatePR_69e78495a84ca()\"><\/i><\/div>\r\n\t\t\t<\/div>\n\t<p><em>POEME\u00a0 EN\u00a0 \u00a0AUDIO<\/em><\/p>\n<p><i>\u00e0 venir<\/i><\/p>\n<\/br>\n<p>\u00ab\u00a0LA CREATION\u00a0\u00bb<\/p>\n<\/br>\nUne pipe ?  des t\u00eates ? &#8230; ? &#8230; ?\n<\/br>\n<\/br>\nVois-tu le visage ?<\/br>\n<\/br>\n<\/br>\nFACE 1  <\/br>\n<\/br>\nEn pourtour :<\/br>\nUne t\u00eate sort de l\u2019espace nuageux<\/br> \nComme une naissance<\/br>\n<\/br>\nA l\u2019int\u00e9rieur :<\/br>\n<\/br>\nPlein de visages en formation,<\/br>\nDes yeux, des bouches, des mains<\/br>\n<\/br>\nEn vue d\u2019ensemble :<\/br>\n<\/br>\nDeux visages :<\/br>\n\t&#8211; un, en bleu et vert souriant,<\/br>\n plein d\u2019amour et de tendresse<\/br>\n\t&#8211; un, en blanc attentif,<\/br>\n plein d\u2019amour et de bienveillance\n<\/br>\n<\/br>\n \tCes 2 visages sont issus <\/br>\nDe la m\u00eame Source<\/br>\n<\/br>\nAu centre :<\/br>\n<\/br>\n\t&#8211; une pipe en 3D<\/br>\n\tHumour Divin ?<\/br>\n<\/br>\nFace 2:<\/br>\n<\/br>\nUne t\u00eate de squelette <\/br>\nEmergeant des nu\u00e9es<\/br>\nLe nombril et le ventre rond<\/br>\nD\u2019une femme enceinte<\/br>\nLe corps d\u2019une femme \u00e9panouie<\/br>\nLes ailes d\u2019un ange protecteur<\/br>\n<\/br>\nFace 3 :<\/br>\n<\/br>\nLe monde des animaux :<\/br>\n\t&#8211; un colvert en vol<\/br>\n\t&#8211; la t\u00eate d\u2019un dauphin<\/br>\n&#8211; celle d\u2019un canard<\/br>\n&#8211; celle de ma chienne d\u00e9c\u00e9d\u00e9e :<\/br>\n Clin d\u2019\u0153il divin !<\/br>\n<\/br>\nFace 4 :<\/br>\n<\/br>\nLe monde souterrain :<\/br>\nStalactites et stalagmites<\/br>\nPlong\u00e9e dans l\u2019Univers des Eaux\n<\/br>\n<\/br>\n<p>MNJ<\/p>\n\t<blockquote>\n<h2>Histoire\u00a0 de\u00a0 la\u00a0 Toile<\/h2>\n<\/blockquote>\n\t<p><em>\u00a0AUDIO<\/em><\/p>\n<p><i>\u00e0 venir<\/i><\/p>\n\t<p>Premier tableau totalement inspir\u00e9<\/p>\n<p>&nbsp;<\/p>\n<p>Se disent\u00a0:<\/p>\n<p>&#8211; la taille de la toile<\/p>\n<p>&#8211; l\u2019emplacement pour le peindre<\/p>\n<p>&#8211; le sens<\/p>\n<p>&#8211; le titre<\/p>\n<p>&#8211; les couleurs<\/p>\n<p>&#8211; un bout de trait bleu<\/p>\n<p>&#8211; envie de peindre la terre<\/p>\n<p>&nbsp;<\/p>\n<p>Alors je laisse faire et me laisse guider<\/p>\n<p>&nbsp;<\/p>\n<p>Un peu de bleu par ci<\/p>\n<p>Un peu de vert pas l\u00e0<\/p>\n<p>Gros pinceaux pour le blanc<\/p>\n<p>Petits pinceaux pour les traits<\/p>\n<p>&nbsp;<\/p>\n<p>La main part toute seule<\/p>\n<p>Les formes naissent<\/p>\n<p>&nbsp;<\/p>\n<p>Je recule de quelques pas<\/p>\n<p>L\u2019\u00e9motion monte<\/p>\n<p>&nbsp;<\/p>\n<p>Un visage se d\u00e9tache en 3D<\/p>\n<p>Et me sourit<\/p>\n<p>Mon c\u0153ur, infiniment paisible,<\/p>\n<p>D\u00e9borde d\u2019\u00e9merveillement<\/p>\n<p>Et de remerciement<\/p>\n<p>Les larmes de joies coulent<\/p>\n<p>Tant l\u2019Amour est pr\u00e9sent<\/p>\n<p>&nbsp;<\/p>\n<p><strong>Il s\u2019appelle CREATION<\/strong><\/p>\n<p>&nbsp;<\/p>\n<p>Tout ici sur les 4 faces est en formation<\/p>\n\t\t\t<a href=\"http:\/\/www.marienoelle-jarousseau.com\/fr\/galeries\/contemporains\/\" target=\"_self\" role=\"button\" rel=\"noopener noreferrer\">\n\t\t\t\t\t\t\tRetour\n\t\t\t\t\t<\/a>\n","protected":false},"excerpt":{"rendered":"<p>LA CREATION (toile tournante) Huile &#8211; 81 x 130 &#8211; R\u00e9alis\u00e9e en f\u00e9vrier 1998 Et Toi .. que ressens-tu\u00a0 ? Tu peux me partager ton ressenti&#8230;ou pas sur le Livre d&rsquo;Or de la page d&rsquo;Accueil Fais tourner la toile Arr\u00eate la au gr\u00e9 de ton ressenti Ma vision&#8230; sur mon paysage POEME\u00a0 EN\u00a0 \u00a0AUDIO \u00e0&hellip;<\/p>\n","protected":false},"author":3,"featured_media":0,"parent":0,"menu_order":0,"comment_status":"closed","ping_status":"closed","template":"","meta":{"footnotes":""},"class_list":["post-2355","page","type-page","status-publish","hentry"],"yoast_head":"<!-- This site is optimized with the Yoast SEO plugin v27.4 - https:\/\/yoast.com\/product\/yoast-seo-wordpress\/ -->\n<title>TT - La cr\u00e9ation - Marie-No\u00eblle Jarousseau - Artiste<\/title>\n<meta name=\"robots\" content=\"index, follow, max-snippet:-1, max-image-preview:large, max-video-preview:-1\" \/>\n<link rel=\"canonical\" href=\"https:\/\/www.marienoelle-jarousseau.com\/fr\/tt-la-creation\/\" \/>\n<meta property=\"og:locale\" content=\"fr_FR\" \/>\n<meta property=\"og:type\" content=\"article\" \/>\n<meta property=\"og:title\" content=\"TT - La cr\u00e9ation - Marie-No\u00eblle Jarousseau - Artiste\" \/>\n<meta property=\"og:description\" content=\"LA CREATION (toile tournante) Huile &#8211; 81 x 130 &#8211; R\u00e9alis\u00e9e en f\u00e9vrier 1998 Et Toi .. que ressens-tu\u00a0 ? Tu peux me partager ton ressenti&#8230;ou pas sur le Livre d&rsquo;Or de la page d&rsquo;Accueil Fais tourner la toile Arr\u00eate la au gr\u00e9 de ton ressenti Ma vision&#8230; sur mon paysage POEME\u00a0 EN\u00a0 \u00a0AUDIO \u00e0&hellip;\" \/>\n<meta property=\"og:url\" content=\"https:\/\/www.marienoelle-jarousseau.com\/fr\/tt-la-creation\/\" \/>\n<meta property=\"og:site_name\" content=\"Marie-No\u00eblle Jarousseau - Artiste\" \/>\n<meta property=\"article:modified_time\" content=\"2020-04-28T16:42:10+00:00\" \/>\n<meta name=\"twitter:card\" content=\"summary_large_image\" \/>\n<meta name=\"twitter:label1\" content=\"Dur\u00e9e de lecture estim\u00e9e\" \/>\n\t<meta name=\"twitter:data1\" content=\"2 minutes\" \/>\n<script type=\"application\/ld+json\" class=\"yoast-schema-graph\">{\"@context\":\"https:\\\/\\\/schema.org\",\"@graph\":[{\"@type\":\"WebPage\",\"@id\":\"https:\\\/\\\/www.marienoelle-jarousseau.com\\\/fr\\\/tt-la-creation\\\/\",\"url\":\"https:\\\/\\\/www.marienoelle-jarousseau.com\\\/fr\\\/tt-la-creation\\\/\",\"name\":\"TT - La cr\u00e9ation - Marie-No\u00eblle Jarousseau - Artiste\",\"isPartOf\":{\"@id\":\"https:\\\/\\\/www.marienoelle-jarousseau.com\\\/fr\\\/#website\"},\"datePublished\":\"2020-04-17T20:56:52+00:00\",\"dateModified\":\"2020-04-28T16:42:10+00:00\",\"breadcrumb\":{\"@id\":\"https:\\\/\\\/www.marienoelle-jarousseau.com\\\/fr\\\/tt-la-creation\\\/#breadcrumb\"},\"inLanguage\":\"fr-FR\",\"potentialAction\":[{\"@type\":\"ReadAction\",\"target\":[\"https:\\\/\\\/www.marienoelle-jarousseau.com\\\/fr\\\/tt-la-creation\\\/\"]}]},{\"@type\":\"BreadcrumbList\",\"@id\":\"https:\\\/\\\/www.marienoelle-jarousseau.com\\\/fr\\\/tt-la-creation\\\/#breadcrumb\",\"itemListElement\":[{\"@type\":\"ListItem\",\"position\":1,\"name\":\"Accueil\",\"item\":\"https:\\\/\\\/www.marienoelle-jarousseau.com\\\/fr\\\/\"},{\"@type\":\"ListItem\",\"position\":2,\"name\":\"TT &#8211; La cr\u00e9ation\"}]},{\"@type\":\"WebSite\",\"@id\":\"https:\\\/\\\/www.marienoelle-jarousseau.com\\\/fr\\\/#website\",\"url\":\"https:\\\/\\\/www.marienoelle-jarousseau.com\\\/fr\\\/\",\"name\":\"Marie-No\u00eblle Jarousseau - Artiste\",\"description\":\"\",\"potentialAction\":[{\"@type\":\"SearchAction\",\"target\":{\"@type\":\"EntryPoint\",\"urlTemplate\":\"https:\\\/\\\/www.marienoelle-jarousseau.com\\\/fr\\\/?s={search_term_string}\"},\"query-input\":{\"@type\":\"PropertyValueSpecification\",\"valueRequired\":true,\"valueName\":\"search_term_string\"}}],\"inLanguage\":\"fr-FR\"}]}<\/script>\n<!-- \/ Yoast SEO plugin. -->","yoast_head_json":{"title":"TT - La cr\u00e9ation - Marie-No\u00eblle Jarousseau - Artiste","robots":{"index":"index","follow":"follow","max-snippet":"max-snippet:-1","max-image-preview":"max-image-preview:large","max-video-preview":"max-video-preview:-1"},"canonical":"https:\/\/www.marienoelle-jarousseau.com\/fr\/tt-la-creation\/","og_locale":"fr_FR","og_type":"article","og_title":"TT - La cr\u00e9ation - Marie-No\u00eblle Jarousseau - Artiste","og_description":"LA CREATION (toile tournante) Huile &#8211; 81 x 130 &#8211; R\u00e9alis\u00e9e en f\u00e9vrier 1998 Et Toi .. que ressens-tu\u00a0 ? Tu peux me partager ton ressenti&#8230;ou pas sur le Livre d&rsquo;Or de la page d&rsquo;Accueil Fais tourner la toile Arr\u00eate la au gr\u00e9 de ton ressenti Ma vision&#8230; sur mon paysage POEME\u00a0 EN\u00a0 \u00a0AUDIO \u00e0&hellip;","og_url":"https:\/\/www.marienoelle-jarousseau.com\/fr\/tt-la-creation\/","og_site_name":"Marie-No\u00eblle Jarousseau - Artiste","article_modified_time":"2020-04-28T16:42:10+00:00","twitter_card":"summary_large_image","twitter_misc":{"Dur\u00e9e de lecture estim\u00e9e":"2 minutes"},"schema":{"@context":"https:\/\/schema.org","@graph":[{"@type":"WebPage","@id":"https:\/\/www.marienoelle-jarousseau.com\/fr\/tt-la-creation\/","url":"https:\/\/www.marienoelle-jarousseau.com\/fr\/tt-la-creation\/","name":"TT - La cr\u00e9ation - Marie-No\u00eblle Jarousseau - Artiste","isPartOf":{"@id":"https:\/\/www.marienoelle-jarousseau.com\/fr\/#website"},"datePublished":"2020-04-17T20:56:52+00:00","dateModified":"2020-04-28T16:42:10+00:00","breadcrumb":{"@id":"https:\/\/www.marienoelle-jarousseau.com\/fr\/tt-la-creation\/#breadcrumb"},"inLanguage":"fr-FR","potentialAction":[{"@type":"ReadAction","target":["https:\/\/www.marienoelle-jarousseau.com\/fr\/tt-la-creation\/"]}]},{"@type":"BreadcrumbList","@id":"https:\/\/www.marienoelle-jarousseau.com\/fr\/tt-la-creation\/#breadcrumb","itemListElement":[{"@type":"ListItem","position":1,"name":"Accueil","item":"https:\/\/www.marienoelle-jarousseau.com\/fr\/"},{"@type":"ListItem","position":2,"name":"TT &#8211; La cr\u00e9ation"}]},{"@type":"WebSite","@id":"https:\/\/www.marienoelle-jarousseau.com\/fr\/#website","url":"https:\/\/www.marienoelle-jarousseau.com\/fr\/","name":"Marie-No\u00eblle Jarousseau - Artiste","description":"","potentialAction":[{"@type":"SearchAction","target":{"@type":"EntryPoint","urlTemplate":"https:\/\/www.marienoelle-jarousseau.com\/fr\/?s={search_term_string}"},"query-input":{"@type":"PropertyValueSpecification","valueRequired":true,"valueName":"search_term_string"}}],"inLanguage":"fr-FR"}]}},"_links":{"self":[{"href":"https:\/\/www.marienoelle-jarousseau.com\/fr\/wp-json\/wp\/v2\/pages\/2355","targetHints":{"allow":["GET"]}}],"collection":[{"href":"https:\/\/www.marienoelle-jarousseau.com\/fr\/wp-json\/wp\/v2\/pages"}],"about":[{"href":"https:\/\/www.marienoelle-jarousseau.com\/fr\/wp-json\/wp\/v2\/types\/page"}],"author":[{"embeddable":true,"href":"https:\/\/www.marienoelle-jarousseau.com\/fr\/wp-json\/wp\/v2\/users\/3"}],"replies":[{"embeddable":true,"href":"https:\/\/www.marienoelle-jarousseau.com\/fr\/wp-json\/wp\/v2\/comments?post=2355"}],"version-history":[{"count":0,"href":"https:\/\/www.marienoelle-jarousseau.com\/fr\/wp-json\/wp\/v2\/pages\/2355\/revisions"}],"wp:attachment":[{"href":"https:\/\/www.marienoelle-jarousseau.com\/fr\/wp-json\/wp\/v2\/media?parent=2355"}],"curies":[{"name":"wp","href":"https:\/\/api.w.org\/{rel}","templated":true}]}}