{"id":2357,"date":"2020-04-18T15:05:08","date_gmt":"2020-04-18T14:05:08","guid":{"rendered":"https:\/\/www.marienoelle-jarousseau.com\/fr\/?page_id=2357"},"modified":"2020-04-18T15:05:08","modified_gmt":"2020-04-18T14:05:08","slug":"tt-corne-dabondance-lumiere","status":"publish","type":"page","link":"https:\/\/www.marienoelle-jarousseau.com\/fr\/tt-corne-dabondance-lumiere\/","title":{"rendered":"TT &#8211; Corne d&rsquo;abondance lumi\u00e8re"},"content":{"rendered":"<h2>\n\t\tCORNE D&rsquo;ABONDANCE LUMIERE.. (toile tournante)\n\t<\/h2>\n\t<em>Huile &#8211; 80 x 80 &#8211; R<\/em><em>\u00e9alis\u00e9e en mai 2009<\/em><br \/>\n<em>Po\u00e8me \u00a0&#8211; Inspir\u00e9 en avril 2009 &#8211; Accompagne la Toile<\/em>\n\t<em>Fais tourner la toile<\/em> <br \/>\n<em>Arr\u00eate la au gr\u00e9 de ton ressenti<\/em> \n\t<style type=\"text\/css\">\r\n\t\t\t.picture_rotating_container .picture_rotating_view {width: 698.67302796086px;height: 698.67302796086px;}\r\n\t\t\t.picture_rotating_container .picture_rotating_view img#PR_69e78697e6bd0, .picture_rotating_container .picture_rotating_view canvas#PR_69e78697e6bd0 {margin: 105.33651398043px 99.336513980431px;}\r\n\t\t<\/style><script type=\"text\/javascript\">var picture_rotating_intervalPR_69e78697e6bd0;var picture_rotating_interval_stoppedPR_69e78697e6bd0 = false;var angle = 0;\r\n\t\tif(!picture_rotating_diago)\r\n\t\t\tvar picture_rotating_diago = [];\r\n\t\tpicture_rotating_diago[\"PR_69e78697e6bd0\"] = 698.67302796086;\r\n\t\t\t\tjQuery(document).ready(function($) {\r\n\t\t\t\t\t\/** $(\"#PR_69e78697e6bd0\").click(function(){ $(this).rotateLeft(180); }); *\/\r\n\t\t\t\t\t\r\n\t\t\t\t\t\/** picture_rotating_intervalPR_69e78697e6bd0 = setInterval(function () { $(\"#PR_69e78697e6bd0\").rotate(5); },500); *\/\r\n\t\t\t\t\t\/\/ clearInterval(picture_rotating_intervalPR_69e78697e6bd0);\r\n\t\t\t\t\t\r\n\t\t\t\t\tpicture_rotating_intervalPR_69e78697e6bd0 = setInterval(function () { angle+=5;$(\"#PR_69e78697e6bd0\").rotate(angle); },500);\r\n\t\t\t\t});\r\n\t\t\t\t\tfunction stopPictRotatePR_69e78697e6bd0(){if(!picture_rotating_interval_stoppedPR_69e78697e6bd0){clearInterval(picture_rotating_intervalPR_69e78697e6bd0);picture_rotating_interval_stoppedPR_69e78697e6bd0 = true;}}\r\n\t\t\t\t\tfunction startPictRotatePR_69e78697e6bd0(){if(picture_rotating_interval_stoppedPR_69e78697e6bd0){picture_rotating_intervalPR_69e78697e6bd0 = setInterval(function () { angle+=5;jQuery(\"#PR_69e78697e6bd0\").rotate(angle); },500);picture_rotating_interval_stoppedPR_69e78697e6bd0 = false;}}\r\n\t\t\t<\/script><div class=\"picture_rotating_container\">\r\n\t\t\t\t<div class=\"picture_rotating_view\"><img loading=\"lazy\" decoding=\"async\" id=\"PR_69e78697e6bd0\" src=\"https:\/\/www.marienoelle-jarousseau.com\/fr\/wp-content\/uploads\/2020\/04\/179-Web-Corne-d-abondance-lumiere-huile-sur-toiles-tournantes-80x80-mai-2007fond-pointe-gauche-e1587211924373.jpg\" alt=\"\" width=\"500\" height=\"488\"\/><\/div>\r\n\t\t\t\t<div class=\"picture_rotating_controls\"><i class=\"fa fa-pause\" onclick=\"javascript:stopPictRotatePR_69e78697e6bd0()\"><\/i><i class=\"fa fa-play\" onclick=\"javascript:startPictRotatePR_69e78697e6bd0()\"><\/i><\/div>\r\n\t\t\t<\/div>\n\t<blockquote>\n<h2>POEME<\/h2>\n<\/blockquote>\n\t\t<meta itemprop=\"url\" content=\"https:\/\/www.marienoelle-jarousseau.com\/fr\/wp-content\/uploads\/2020\/04\/Corne-dabondance-lumie\u0300re.m4a\" \/><!--[if lt IE 9]><script>document.createElement('audio');<\/script><![endif]-->\n<audio class=\"wp-audio-shortcode\" id=\"audio-2357-1\" preload=\"none\" style=\"width: 100%;\" controls=\"controls\"><source type=\"audio\/mpeg\" src=\"https:\/\/www.marienoelle-jarousseau.com\/fr\/wp-content\/uploads\/2020\/04\/Corne-dabondance-lumie\u0300re.m4a?_=1\" \/><a href=\"https:\/\/www.marienoelle-jarousseau.com\/fr\/wp-content\/uploads\/2020\/04\/Corne-dabondance-lumie\u0300re.m4a\">https:\/\/www.marienoelle-jarousseau.com\/fr\/wp-content\/uploads\/2020\/04\/Corne-dabondance-lumie\u0300re.m4a<\/a><\/audio>\n\t<p><em>POEME\u00a0 EN\u00a0 \u00a0AUDIO<\/em><\/p>\n<em>Peut-\u00eatre que ta connexion est peu \u00e9lev\u00e9e&#8230;<br \/>\nClique sur la fl\u00e8che.. et chut&#8230; patience&#8230;<br \/>\nLaisse le temps \u00e0 la parole d&rsquo;\u00e9merger&#8230;<\/em><em>_<\/em>\n\t<p>La vie est comme un G\u00e2teau<\/p>\n<p>Tout d\u00e9pend de ce qui LE compose<\/p>\n<p>Quand je fais un g\u00e2teau au chocolat<\/p>\n<p>J\u2019en ressens d\u2019abord l\u2019envie<\/p>\n<p>Puis des ingr\u00e9dients j\u2019en \u00e9tablis la liste<\/p>\n<p>Dans un plat je les assemble<\/p>\n<p>Et m\u2019en d\u00e9lecte \u00e0 l\u2019avance<\/p>\n<p>Je compose ainsi ce mets<\/p>\n<p>Que petit \u00e0 petit je cr\u00e9e<\/p>\n<p>&nbsp;<\/p>\n<p>J\u2019en ressens toute l\u2019\u00e9motion<\/p>\n<p>Le plaisir intense de sa d\u00e9gustation<\/p>\n<p>N\u2019y tenant plus parfois<\/p>\n<p>Dans ce d\u00e9licieux m\u00e9lange<\/p>\n<p>Je plonge un doigt<\/p>\n<p>Et le l\u00e8che avec \u00e9moi<\/p>\n<p>&nbsp;<\/p>\n<p>Je me r\u00e9jouis \u00e0 l\u2019avance<\/p>\n<p>De ce qui me replet d\u2019aisance<\/p>\n<p>Puis vient l\u2019heure de la d\u00e9livrance<\/p>\n<p>Ou plus rien n\u2019a d\u2019importance<\/p>\n<p>Que le bonheur intense<\/p>\n<p>De la d\u00e9lectation<\/p>\n<p>Que tout mon Etre vibre<\/p>\n<p>Avec Passion<\/p>\n<p>&nbsp;<\/p>\n<p>Bien entendu<\/p>\n<p>Il ne me viendrait pas \u00e0 l\u2019id\u00e9e<\/p>\n<p>D\u2019oublier le chocolat\u00a0!<\/p>\n<p>Sinon quel r\u00e9sultat\u00a0?<\/p>\n<p>&nbsp;<\/p>\n<p>Absurde n\u2019est-il pas<\/p>\nOublier le chocolat\u00a0!!!<br \/>\n\n\t<p>La Vie est comme un g\u00e2teau<\/p>\n<p>Tout d\u00e9pend de ce qui LA compose<\/p>\n<p>Quels r\u00e9sultats<\/p>\n<p>Ai-je envie d\u2019avoir\u00a0?<\/p>\n<p>Quelles exp\u00e9riences<\/p>\n<p>Tout simplement me tentent\u00a0?<\/p>\n<p>De quels sentiments <\/p>\n<p>Aimerais-je Etre\u00a0 investie\u00a0<\/p>\n<p>Pour me d\u00e9lecter de Ma Vie\u00a0?<\/p>\n<p>&nbsp;<\/p>\n<p>Et si \u2026<\/p>\n<p>Le g\u00e2teau \u00e9tait La Vie\u00a0?<\/p>\n<p>Les ingr\u00e9dients Les Pens\u00e9es\u00a0?<\/p>\n<p>La saveur Les Emotions\u00a0?<\/p>\n<p>Quel bon petit plat je me pr\u00e9pare\u00a0????<\/p>\n<p>&nbsp;<\/p>\n<p>Une pens\u00e9e n\u00e9gative\u00a0?<\/p>\n<p>Pouah\u00a0!<\/p>\n<p>Point envie de manger de ce pain l\u00e0\u00a0!<\/p>\n<p>Le r\u00e9sultat ne doit pas \u00eatre bon<\/p>\n<p>Et la saveur n\u2019en parlons pas\u00a0!<\/p>\n<p>&nbsp;<\/p>\n<p>Une pens\u00e9e positive\u00a0?<\/p>\n<p>Tiens donc,<\/p>\n<p>\u00c7\u00e0 m\u2019int\u00e9resse\u2026.<\/p>\nLe r\u00e9sultat doit \u00eatre sympa\u2026.<br \/>\n\n<p>M\u00eame tr\u00e8s sympa\u2026\u2026<\/p>\n<p>&nbsp;<\/p>\n<p>Hum\u00a0!!!<\/p>\n<p>J\u2019en envie de me concocter <\/p>\n<p>Quelque chose de doux<\/p>\n<p>Hummmmmmm\u2026\u2026\u2026\u2026\u2026\u2026.<\/p>\n<p>MNJ<\/p>\n\t<p>Et vous\u00a0?<\/p>\n<p>Que ressentez-vous ?<\/p>\n<hr \/>\n<hr \/>\n<p>&nbsp;<\/p>\n\t\t\t<a href=\"http:\/\/www.marienoelle-jarousseau.com\/fr\/galeries\/contemporains\/\" target=\"_self\" role=\"button\" rel=\"noopener noreferrer\">\n\t\t\t\t\t\t\tRetour\n\t\t\t\t\t<\/a>\n","protected":false},"excerpt":{"rendered":"<p>CORNE D&rsquo;ABONDANCE LUMIERE.. (toile tournante) Huile &#8211; 80 x 80 &#8211; R\u00e9alis\u00e9e en mai 2009 Po\u00e8me \u00a0&#8211; Inspir\u00e9 en avril 2009 &#8211; Accompagne la Toile Fais tourner la toile Arr\u00eate la au gr\u00e9 de ton ressenti POEME POEME\u00a0 EN\u00a0 \u00a0AUDIO Peut-\u00eatre que ta connexion est peu \u00e9lev\u00e9e&#8230; Clique sur la fl\u00e8che.. et chut&#8230; patience&#8230; Laisse&hellip;<\/p>\n","protected":false},"author":3,"featured_media":0,"parent":0,"menu_order":0,"comment_status":"closed","ping_status":"closed","template":"","meta":{"footnotes":""},"class_list":["post-2357","page","type-page","status-publish","hentry"],"yoast_head":"<!-- This site is optimized with the Yoast SEO plugin v27.4 - https:\/\/yoast.com\/product\/yoast-seo-wordpress\/ -->\n<title>TT - Corne d&#039;abondance lumi\u00e8re - Marie-No\u00eblle Jarousseau - Artiste<\/title>\n<meta name=\"robots\" content=\"index, follow, max-snippet:-1, max-image-preview:large, max-video-preview:-1\" \/>\n<link rel=\"canonical\" href=\"https:\/\/www.marienoelle-jarousseau.com\/fr\/tt-corne-dabondance-lumiere\/\" \/>\n<meta property=\"og:locale\" content=\"fr_FR\" \/>\n<meta property=\"og:type\" content=\"article\" \/>\n<meta property=\"og:title\" content=\"TT - Corne d&#039;abondance lumi\u00e8re - Marie-No\u00eblle Jarousseau - Artiste\" \/>\n<meta property=\"og:description\" content=\"CORNE D&rsquo;ABONDANCE LUMIERE.. (toile tournante) Huile &#8211; 80 x 80 &#8211; R\u00e9alis\u00e9e en mai 2009 Po\u00e8me \u00a0&#8211; Inspir\u00e9 en avril 2009 &#8211; Accompagne la Toile Fais tourner la toile Arr\u00eate la au gr\u00e9 de ton ressenti POEME POEME\u00a0 EN\u00a0 \u00a0AUDIO Peut-\u00eatre que ta connexion est peu \u00e9lev\u00e9e&#8230; Clique sur la fl\u00e8che.. et chut&#8230; patience&#8230; Laisse&hellip;\" \/>\n<meta property=\"og:url\" content=\"https:\/\/www.marienoelle-jarousseau.com\/fr\/tt-corne-dabondance-lumiere\/\" \/>\n<meta property=\"og:site_name\" content=\"Marie-No\u00eblle Jarousseau - Artiste\" \/>\n<meta name=\"twitter:card\" content=\"summary_large_image\" \/>\n<meta name=\"twitter:label1\" content=\"Dur\u00e9e de lecture estim\u00e9e\" \/>\n\t<meta name=\"twitter:data1\" content=\"2 minutes\" \/>\n<script type=\"application\/ld+json\" class=\"yoast-schema-graph\">{\"@context\":\"https:\\\/\\\/schema.org\",\"@graph\":[{\"@type\":\"WebPage\",\"@id\":\"https:\\\/\\\/www.marienoelle-jarousseau.com\\\/fr\\\/tt-corne-dabondance-lumiere\\\/\",\"url\":\"https:\\\/\\\/www.marienoelle-jarousseau.com\\\/fr\\\/tt-corne-dabondance-lumiere\\\/\",\"name\":\"TT - Corne d'abondance lumi\u00e8re - Marie-No\u00eblle Jarousseau - Artiste\",\"isPartOf\":{\"@id\":\"https:\\\/\\\/www.marienoelle-jarousseau.com\\\/fr\\\/#website\"},\"datePublished\":\"2020-04-18T14:05:08+00:00\",\"breadcrumb\":{\"@id\":\"https:\\\/\\\/www.marienoelle-jarousseau.com\\\/fr\\\/tt-corne-dabondance-lumiere\\\/#breadcrumb\"},\"inLanguage\":\"fr-FR\",\"potentialAction\":[{\"@type\":\"ReadAction\",\"target\":[\"https:\\\/\\\/www.marienoelle-jarousseau.com\\\/fr\\\/tt-corne-dabondance-lumiere\\\/\"]}]},{\"@type\":\"BreadcrumbList\",\"@id\":\"https:\\\/\\\/www.marienoelle-jarousseau.com\\\/fr\\\/tt-corne-dabondance-lumiere\\\/#breadcrumb\",\"itemListElement\":[{\"@type\":\"ListItem\",\"position\":1,\"name\":\"Accueil\",\"item\":\"https:\\\/\\\/www.marienoelle-jarousseau.com\\\/fr\\\/\"},{\"@type\":\"ListItem\",\"position\":2,\"name\":\"TT &#8211; Corne d&rsquo;abondance lumi\u00e8re\"}]},{\"@type\":\"WebSite\",\"@id\":\"https:\\\/\\\/www.marienoelle-jarousseau.com\\\/fr\\\/#website\",\"url\":\"https:\\\/\\\/www.marienoelle-jarousseau.com\\\/fr\\\/\",\"name\":\"Marie-No\u00eblle Jarousseau - Artiste\",\"description\":\"\",\"potentialAction\":[{\"@type\":\"SearchAction\",\"target\":{\"@type\":\"EntryPoint\",\"urlTemplate\":\"https:\\\/\\\/www.marienoelle-jarousseau.com\\\/fr\\\/?s={search_term_string}\"},\"query-input\":{\"@type\":\"PropertyValueSpecification\",\"valueRequired\":true,\"valueName\":\"search_term_string\"}}],\"inLanguage\":\"fr-FR\"}]}<\/script>\n<!-- \/ Yoast SEO plugin. -->","yoast_head_json":{"title":"TT - Corne d'abondance lumi\u00e8re - Marie-No\u00eblle Jarousseau - Artiste","robots":{"index":"index","follow":"follow","max-snippet":"max-snippet:-1","max-image-preview":"max-image-preview:large","max-video-preview":"max-video-preview:-1"},"canonical":"https:\/\/www.marienoelle-jarousseau.com\/fr\/tt-corne-dabondance-lumiere\/","og_locale":"fr_FR","og_type":"article","og_title":"TT - Corne d'abondance lumi\u00e8re - Marie-No\u00eblle Jarousseau - Artiste","og_description":"CORNE D&rsquo;ABONDANCE LUMIERE.. (toile tournante) Huile &#8211; 80 x 80 &#8211; R\u00e9alis\u00e9e en mai 2009 Po\u00e8me \u00a0&#8211; Inspir\u00e9 en avril 2009 &#8211; Accompagne la Toile Fais tourner la toile Arr\u00eate la au gr\u00e9 de ton ressenti POEME POEME\u00a0 EN\u00a0 \u00a0AUDIO Peut-\u00eatre que ta connexion est peu \u00e9lev\u00e9e&#8230; Clique sur la fl\u00e8che.. et chut&#8230; patience&#8230; Laisse&hellip;","og_url":"https:\/\/www.marienoelle-jarousseau.com\/fr\/tt-corne-dabondance-lumiere\/","og_site_name":"Marie-No\u00eblle Jarousseau - Artiste","twitter_card":"summary_large_image","twitter_misc":{"Dur\u00e9e de lecture estim\u00e9e":"2 minutes"},"schema":{"@context":"https:\/\/schema.org","@graph":[{"@type":"WebPage","@id":"https:\/\/www.marienoelle-jarousseau.com\/fr\/tt-corne-dabondance-lumiere\/","url":"https:\/\/www.marienoelle-jarousseau.com\/fr\/tt-corne-dabondance-lumiere\/","name":"TT - Corne d'abondance lumi\u00e8re - Marie-No\u00eblle Jarousseau - Artiste","isPartOf":{"@id":"https:\/\/www.marienoelle-jarousseau.com\/fr\/#website"},"datePublished":"2020-04-18T14:05:08+00:00","breadcrumb":{"@id":"https:\/\/www.marienoelle-jarousseau.com\/fr\/tt-corne-dabondance-lumiere\/#breadcrumb"},"inLanguage":"fr-FR","potentialAction":[{"@type":"ReadAction","target":["https:\/\/www.marienoelle-jarousseau.com\/fr\/tt-corne-dabondance-lumiere\/"]}]},{"@type":"BreadcrumbList","@id":"https:\/\/www.marienoelle-jarousseau.com\/fr\/tt-corne-dabondance-lumiere\/#breadcrumb","itemListElement":[{"@type":"ListItem","position":1,"name":"Accueil","item":"https:\/\/www.marienoelle-jarousseau.com\/fr\/"},{"@type":"ListItem","position":2,"name":"TT &#8211; Corne d&rsquo;abondance lumi\u00e8re"}]},{"@type":"WebSite","@id":"https:\/\/www.marienoelle-jarousseau.com\/fr\/#website","url":"https:\/\/www.marienoelle-jarousseau.com\/fr\/","name":"Marie-No\u00eblle Jarousseau - Artiste","description":"","potentialAction":[{"@type":"SearchAction","target":{"@type":"EntryPoint","urlTemplate":"https:\/\/www.marienoelle-jarousseau.com\/fr\/?s={search_term_string}"},"query-input":{"@type":"PropertyValueSpecification","valueRequired":true,"valueName":"search_term_string"}}],"inLanguage":"fr-FR"}]}},"_links":{"self":[{"href":"https:\/\/www.marienoelle-jarousseau.com\/fr\/wp-json\/wp\/v2\/pages\/2357","targetHints":{"allow":["GET"]}}],"collection":[{"href":"https:\/\/www.marienoelle-jarousseau.com\/fr\/wp-json\/wp\/v2\/pages"}],"about":[{"href":"https:\/\/www.marienoelle-jarousseau.com\/fr\/wp-json\/wp\/v2\/types\/page"}],"author":[{"embeddable":true,"href":"https:\/\/www.marienoelle-jarousseau.com\/fr\/wp-json\/wp\/v2\/users\/3"}],"replies":[{"embeddable":true,"href":"https:\/\/www.marienoelle-jarousseau.com\/fr\/wp-json\/wp\/v2\/comments?post=2357"}],"version-history":[{"count":0,"href":"https:\/\/www.marienoelle-jarousseau.com\/fr\/wp-json\/wp\/v2\/pages\/2357\/revisions"}],"wp:attachment":[{"href":"https:\/\/www.marienoelle-jarousseau.com\/fr\/wp-json\/wp\/v2\/media?parent=2357"}],"curies":[{"name":"wp","href":"https:\/\/api.w.org\/{rel}","templated":true}]}}