{"id":2361,"date":"2020-04-04T13:45:44","date_gmt":"2020-04-04T12:45:44","guid":{"rendered":"https:\/\/www.marienoelle-jarousseau.com\/fr\/?page_id=2361"},"modified":"2024-03-12T19:30:45","modified_gmt":"2024-03-12T18:30:45","slug":"tt-la-peur-du-vide","status":"publish","type":"page","link":"https:\/\/www.marienoelle-jarousseau.com\/fr\/tt-la-peur-du-vide\/","title":{"rendered":"TT &#8211; La peur du vide"},"content":{"rendered":"\n<h2>\n\t\tLA PEUR DU VIDE&#8230; (toile tournante)\n\t<\/h2>\n\t<em>Huile &#8211; 89 x 116 &#8211; R<\/em><em>\u00e9alis\u00e9e en avril 2012<\/em><br \/>\n<em>Po\u00e8mes\u00a0 &#8211; Inspir\u00e9s en janvier 2002 &amp; 2015 &#8211; Accompagnent la Toile<\/em>\n\t<h3><strong>Et Toi .. que ressens-tu\u00a0 ?<\/strong><\/h3>\n<em>Tu peux me partager ton ressenti&#8230;ou pas<br \/>\nsur le Livre d&rsquo;Or de la page d&rsquo;Accueil<\/em>\n\tFais tourner la toile <br \/>\nArr\u00eate la au gr\u00e9 de ton ressenti \n\t<style type=\"text\/css\">\r\n\t\t\t.picture_rotating_container .picture_rotating_view {width: 626.80459475023px;height: 626.80459475023px;}\r\n\t\t\t.picture_rotating_container .picture_rotating_view img#PR_69e784dbb3f95, .picture_rotating_container .picture_rotating_view canvas#PR_69e784dbb3f95 {margin: 124.40229737511px 63.402297375115px;}\r\n\t\t<\/style><script type=\"text\/javascript\">var picture_rotating_intervalPR_69e784dbb3f95;var picture_rotating_interval_stoppedPR_69e784dbb3f95 = false;var angle = 0;\r\n\t\tif(!picture_rotating_diago)\r\n\t\t\tvar picture_rotating_diago = [];\r\n\t\tpicture_rotating_diago[\"PR_69e784dbb3f95\"] = 626.80459475023;\r\n\t\t\t\tjQuery(document).ready(function($) {\r\n\t\t\t\t\t\/** $(\"#PR_69e784dbb3f95\").click(function(){ $(this).rotateLeft(180); }); *\/\r\n\t\t\t\t\t\r\n\t\t\t\t\t\/** picture_rotating_intervalPR_69e784dbb3f95 = setInterval(function () { $(\"#PR_69e784dbb3f95\").rotate(5); },500); *\/\r\n\t\t\t\t\t\/\/ clearInterval(picture_rotating_intervalPR_69e784dbb3f95);\r\n\t\t\t\t\t\r\n\t\t\t\t\tpicture_rotating_intervalPR_69e784dbb3f95 = setInterval(function () { angle+=5;$(\"#PR_69e784dbb3f95\").rotate(angle); },500);\r\n\t\t\t\t});\r\n\t\t\t\t\tfunction stopPictRotatePR_69e784dbb3f95(){if(!picture_rotating_interval_stoppedPR_69e784dbb3f95){clearInterval(picture_rotating_intervalPR_69e784dbb3f95);picture_rotating_interval_stoppedPR_69e784dbb3f95 = true;}}\r\n\t\t\t\t\tfunction startPictRotatePR_69e784dbb3f95(){if(picture_rotating_interval_stoppedPR_69e784dbb3f95){picture_rotating_intervalPR_69e784dbb3f95 = setInterval(function () { angle+=5;jQuery(\"#PR_69e784dbb3f95\").rotate(angle); },500);picture_rotating_interval_stoppedPR_69e784dbb3f95 = false;}}\r\n\t\t\t<\/script><div class=\"picture_rotating_container\">\r\n\t\t\t\t<div class=\"picture_rotating_view\"><img loading=\"lazy\" decoding=\"async\" id=\"PR_69e784dbb3f95\" src=\"https:\/\/www.marienoelle-jarousseau.com\/fr\/wp-content\/uploads\/2015\/09\/DSC0268-e1585918731571.jpg\" alt=\"\" width=\"500\" height=\"378\"\/><\/div>\r\n\t\t\t\t<div class=\"picture_rotating_controls\"><i class=\"fa fa-pause\" onclick=\"javascript:stopPictRotatePR_69e784dbb3f95()\"><\/i><i class=\"fa fa-play\" onclick=\"javascript:startPictRotatePR_69e784dbb3f95()\"><\/i><\/div>\r\n\t\t\t<\/div>\n\t\t<meta itemprop=\"url\" content=\"https:\/\/www.marienoelle-jarousseau.com\/fr\/wp-content\/uploads\/2020\/04\/Une-Vision...parmi-tant-dautres.m4a\" \/><!--[if lt IE 9]><script>document.createElement('audio');<\/script><![endif]-->\n<audio class=\"wp-audio-shortcode\" id=\"audio-2361-1\" preload=\"none\" style=\"width: 100%;\" controls=\"controls\"><source type=\"audio\/mpeg\" src=\"https:\/\/www.marienoelle-jarousseau.com\/fr\/wp-content\/uploads\/2020\/04\/Une-Vision...parmi-tant-dautres.m4a?_=1\" \/><a href=\"https:\/\/www.marienoelle-jarousseau.com\/fr\/wp-content\/uploads\/2020\/04\/Une-Vision...parmi-tant-dautres.m4a\">https:\/\/www.marienoelle-jarousseau.com\/fr\/wp-content\/uploads\/2020\/04\/Une-Vision...parmi-tant-dautres.m4a<\/a><\/audio>\n\t<em>Peut-\u00eatre que ta connexion est peu \u00e9lev\u00e9e&#8230;<br \/>\nClique sur la fl\u00e8che.. et chut&#8230; patience&#8230;<br \/>\nLaisse le temps \u00e0 la parole d&rsquo;\u00e9merger&#8230;<\/em>\n\u00ab\u00a0UNE VISION&#8230;..\nPARMI TANT D&rsquo;AUTRES\n\nDans le monde d&rsquo;AMOUR\nQui me traverse&#8230;&#8230;\n\nTOUT   EST  POSSIBLE\n\nPuisque c&rsquo;est l&rsquo;Essence\nM\u00eame de l&rsquo;Amour\n\nL&rsquo;INFINI\n\nJe t&rsquo;explique,\nTu es pr\u00eat ?\nJe t&#8217;emm\u00e8ne voyager&#8230;\n\nImagine&#8230;\nRIEN\nLe&#8230;.VIDE\n\nDiffice d&rsquo;imaginer&#8230;\n&#8230;. LE&#8230; VIDE\nEt, pourtant&#8230;\nC&rsquo;est&#8230;.. PLEIN\nImmens\u00e9ment\n       &#8230;&#8230;&#8230;&#8230;&#8230;&#8230;&#8230;&#8230;.PLEIN&#8230;\nDe\n&#8230;&#8230;&#8230;&#8230;&#8230;&#8230;&#8230;&#8230;..TOUT !\n\nTOUT  ?\n \nOui,\nTOUT !\n&#8230;&#8230;&#8230;.En POTENTIALITE\n\nEt oui, c&rsquo;est ce que nous mat\u00e9rialisons\nA chaque instant\nPlus particuli\u00e8rement\nDans notre exp\u00e9rience terrestre\n\nCe que les gens nomment :\n\u00ab le bien \u00bb et \u00ab le mal \u00bb\n\u00ab le vrai \u00bb et \u00ab le faux \u00bb\n\u00ab le permis \u00bb et \u00ab le d\u00e9fendu \u00bb&#8230;\n\nMais aussi :\n\u00ab la joie \u00bb,  \u00ab le bonheur \u00bb\n\u00ab la tristesse \u00bb, \u00ab l&rsquo;amertume \u00bb etc\n\nTous les qualificatifs\nQue l&rsquo;humain a lui-m\u00eame d\u00e9finis\nAvec un son guttural\nPour communiquer avec son semblable\n\nNaviguent de ce \u00ab\u00a0RIEN\u00a0\u00bb\nToutes les exp\u00e9riences que nous rencontrons\nEt auxquelles\nNous avons aussi donn\u00e9 un nom\nPour les identifier entre nous :\n\n\u00ab le meurtre \u00bb \u00ab l&rsquo;assassinat \u00bb\n\u00ab le viol \u00bb \u00ab la terreur \u00bb\n\u00ab la manipulation \u00bb \u00ab la violence \u00bb\n\u00ab l&rsquo;alcoolisme\u00a0\u00bb \u00bb&#8230;\n\nMais aussi\n\n\u00ab l&rsquo;extase \u00bb,\n\u00ab l&rsquo; amour \u00bb (humain celui-ci)\n\u00ab la profondeur d&rsquo;un regard \u00bb\n\u00ab la paix d&rsquo;un coucher de soleil \u00bb\n\u00ab la douce volupt\u00e9 d&rsquo;un pied s&rsquo;enfon\u00e7ant dans le sable chaud \u00bb etc\n\nNous passons notre temps\nA naviguer \u00e0 travers tout cela\n\nNous nageons dans le  TOUT\n\nPour moi\nTout au fond de moi\nTout cela est\n\nl&rsquo; AUTHENTIQUE\n\nLes r\u00e9alit\u00e9s du TOUT\nDe tout ce qui le compose\n\nDu plus profond de  l&rsquo; OMBRE\nAu plus \u00e9clatant de la  LUMIERE\n\nQuand J&rsquo;arrive \u00e0 VOIR\nEt \u00e0 SENTIR cela\nJe me sens bien\nQuelque soit ce que Je Vis\nJe vis alors en\n\nOBSERVATEUR\n\nDe l&rsquo;exp\u00e9rience qui me traverse\nJe la REGARDE se d\u00e9rouler\nJe RESSENS\nCe qu&rsquo;elle FAIT VIBRER EN MOI\nEt\nLa laisse passer\nSans lui attacher autre chose que\n\nCE   QUI   EST LA\n\nPour me faire conna\u00eetre\nDans le concret\n&#8230;Tous ses secrets&#8230;\n\nCe qui importe,\nCe n&rsquo;est pas ce que Je vis\nMais l&rsquo;\u00e9tat int\u00e9rieur\nDans lequel Je suis\nQuand Je le vis\n\n\nExemple :\nTu vis dans le monde physique\nQuand tu te br\u00fbles,\nTu ne fais que l&rsquo;exp\u00e9rience du tr\u00e8s chaud\nQuand tu g\u00e8les,\nTu ne fais que l&rsquo;exp\u00e9rience du tr\u00e8s froid\n\nSi tu regardes l&rsquo;exp\u00e9rience\nComme juste une d\u00e9couverte\nQui agrandit tes connaissances\nDe tout ce qui compose le TOUT\nTu \u00e9prouves au fond de toi\nUne grande reconnaissance\nQuel que soit ce que tu vis\n\nPuis, \u00e0 condition d&rsquo;\u00eatre bien \n\nANCRE   DANS   L&rsquo;INSTANT   PRESENT\n\nTu passes \u00e0 autre chose\nNe gardant dans ton c\u0153ur\nQue le bonheur\nDe l&rsquo;infini des d\u00e9couvertes successives\n\nTu VIS alors\nDans ce que je ressens \u00eatre\n\n\u00a0\u00bb LA  PRESENCE \u00a0\u00bb\n\nCar tu te SENS\n\nEN   PROFONDE   COMMUNION   AVEC   LE   TOUT\nEt\nle   TOUT\nC&rsquo;est   l&rsquo;AMOUR\n\nL&rsquo;AMOUR  ?\n\nC&rsquo;est cette formidable ENERGIE\nDont nous sommes int\u00e9gralement constitu\u00e9s\nQui nous meut dans l&rsquo;INSTANT\nEt que l&rsquo;humain nomme pour le d\u00e9finir,\nDe diverses mani\u00e8res, Dieu, Allah, Bouddha&#8230;\nOu\nRien !\n\nDans cet \u00e9tat\nTu n&rsquo;\u00e9prouves aucun manque\nTu vis dans une Joie constante\nTon C\u0153ur baigne dans une Chaude Gratitude\n\nJe   SUIS   aussi\nTu   ES   aussi\nUNE   PARTIE   INTEGRANTE   DE   CE   TOUT\n\nEt\n Ensemble\nNous   formons   cette  \u00ab\u00a0PRESENCE\u00a0\u00bb\n\nTu arrives \u00e0 vivre cet \u00e9tat\nEn permanence\nToi ?\nMe diras-tu ?\n\nOh que non !\nMalheureusement !!!!!!!\nO\u00f9 cela d\u00e9rape\nC&rsquo;est quand je suis tent\u00e9e de le \u00ab\u00a0d\u00e9-finir\u00a0\u00bb\nPour me l&rsquo;expliquer ou le partager \u00e0 autrui\n\nJe ressens l&rsquo;\u00e9motion\nJe ressens le sentiment\n\nSENTIMENT vient de  SENTIR\nC&rsquo;est Notre essence propre\nGr\u00e2ce \u00e0 elle\nNous pouvons exp\u00e9rimenter\nCe qui compose le TOUT\nCe qui NOUS compose\n\nEMOTION vient du mot :  MOT\nQuand tu ressens quelque chose\nIl n&rsquo;y a rien \u00e0 dire,\nTOUT   EST   LA !\n\nMais\nEnsuite ?\nTu peux \u00e9prouver\nLe \u00ab besoin \u00bb de \u00ab coller \u00bb des mots\nAu sentiment que tu ressens\nPour l&rsquo;expliquer\nEt l\u00e0, d\u00e9rapage&#8230;\nNous perdons \u00e0 ce moment l\u00e0\nLe fil qui nous relie au\n\nTOUT\n\nEt d\u00e9finit\n\nQUI   NOUS   SOMMES\n\nNous quittons\nA ce moment l\u00e0\nLa sensation pure qui nous relie\nA  QUI  NOUS  SOMMES  VRAIMENT\n\nPour nous \u00ab\u00a0focaliser\u00a0\u00bb sur l&rsquo;explication\n\nC&rsquo;est comme si nous prenions une paire de ciseaux\nEt nous coupions le fil qui nous relie \u00e0 notre densit\u00e9 profonde\nAlors, ainsi livr\u00e9s \u00e0 nous-m\u00eames\nBien souvent retranch\u00e9s dans notre \u00ab mental \u00bb\nImmerg\u00e9s totalement dans le monde physique\n\nSANS  RESSENTIR  NOTRE  ORIGINE PROFONDE\n\nEt \n\nLE  POURQUOI  DE  CE  QUE  L&rsquo;ON VIT\n\nNous d\u00e9rapons\nNous \u00e9prouvons alors\n\u00ab la douleur \u00bb \u00ab le chagrin \u00bb etc.\n\nou\n\n\u00ab la joie m\u00eame intense, mais de courte dur\u00e9e \u00bb etc\n\nNous d\u00e9collons de notre \u00abcentre\u00bb\nEt atterrissons \u00aben p\u00e9riph\u00e9rie\u00bb\nPorte ouverte \u00e0 toute vuln\u00e9rabilit\u00e9&#8230;&#8230;..\n\nMais, comme\n\nTOUT   EST   TOUT\n\nNous sommes \u00ab encore \u00bb dans le  TOUT\nM\u00eame quand nous sommes en \u00e9tat d&rsquo; \u00abanesth\u00e9sie \u00bb\nCe que nous exp\u00e9rimentons fait AUSSI partie du  TOUT\n\nC&rsquo;est ce que je suis inspir\u00e9e \u00e0 appeler\n\nL &lsquo;HUMOUR  de\n\u00a0\u00bb LA PRESENCE \u00a0\u00bb\n\n\nTOUT  CE  QUE  NOUS VIVONS\nEST  ISSU  OU  INCLUS  EN  ELLE\n\nM\u00eame\nQuand nous naviguons dans le brouillard\nNous sommes  CONSTAMMENT  RELIES\n\nMais\nNous ne le  SENTONS  PLUS\n\nJe ressens qu&rsquo;il n&rsquo;y a\n\nJAMAIS  ABANDON\nou\nPERTE  DE  QUOI  QUE  CE  SOIT\n \n\nC&rsquo;est nous qui ne sentons plus\nLE LIEN\nC&rsquo;est rassurant\n\nLe  VIDE  n&rsquo; EXISTE  PAS\n\nM\u00eame ce que l&rsquo;on d\u00e9finit\nEn tant qu&rsquo;humain\nComme le  VIDE\nEst AUSSI\nLe  TOUT\n\nNous ne pouvons aller nulle part\nAutre que  DANS  LE  TOUT\nCar le  TOUT  EST  INFINI\n\nINFINI  ?\nINFINI   =     PAS  FINI\nPAS  FINI   =   CREATION\n\nL&rsquo;infini n&rsquo;est jamais termin\u00e9\nLe  TOUT  n&rsquo;est et ne sera\nJamais fini\n\nHumain,\nQuand il t&rsquo;arrive de sombrer\nO\u00f9 crains-tu de tomber ?\n\nDans le VIDE ?\n\nOh non !\nRassure-toi\nD\u00e8s l&rsquo;instant o\u00f9 tu laisses aller\nS&rsquo;ouvre, l\u00e0, juste en toi\nMilles possibilit\u00e9s\nPour un espace de cr\u00e9ativit\u00e9\nNous naviguons constamment\n\nDans la   CREATION\n\nComme nous sommes\nUne partie du TOUT\nNous sommes donc\n\nDes   CREATEURS,\nLIBRES   de  CREER\nCe que   NOUS  VOULONS\nEN   PERMANENCE\n\nEt\nQuand tu rassembles\nToutes ces  PARTIES  du  TOUT\nToi\nMoi\nNous Tous\nToutes les plan\u00e8tes\nToutes les galaxies\n\nTout l&rsquo;univers&#8230;\n\nCela forme\n\nL&rsquo; INFINI\n\nNOUS TOUS REUNIS\n\nDANS   TOUTE  LA  RICHESSE\nDE  NOS  DIFFERENCES\nET  DE\n   NOS  DIFFERENTES  EMERGENCES\n\n\nBonjour   CREATEUR  !\nTe reconnais-tu ainsi ?\n\nHeureuse de t&rsquo;avoir rencontr\u00e9\n\n\n<p>MNJ<\/p>\n\t<p>&nbsp;<\/p>\n<h4>LA\u00a0 PEUR\u00a0 DU\u00a0 VIDE<\/h4>\n<p>&nbsp;<\/p>\nFaire le Vide<br \/>\nSans rien mettre \u00e0 la place<br \/>\nPour que naisse au Grand Jour<br \/>\nLa Douceur de Mon Ame\n\nFaire le vide<br \/>\nSans rien mettre \u00e0 la place<br \/>\nPour qu&rsquo;Emerge dans toute sa Splendeur<br \/>\nLa Beaut\u00e9 de Mon Ame\nPlonger dans l&rsquo;Ecoute<br \/>\nDes Profondeurs du Silence<br \/>\nPour en go\u00fbter toute Son Essence\n\nNe rien forcer<br \/>\nLaisser couler<br \/>\nCette onde salvatrice<br \/>\nQui doucement se r\u00e9pand\nDans ma chair<br \/>\nDans mes pores<br \/>\nDans mes cellules<br \/>\nDans mon corps<br \/>\nDans les espaces vides de mon Esprit\nElargit Mon Souffle<br \/>\nApaise mes \u00e9lans<br \/>\nOuvre Mon Coeur<br \/>\nAttendrit Mon Regard<br \/>\nMe fait d\u00e9poser les armes<br \/>\nEt tomber la cuirasse\nR\u00e9v\u00e9ler de Moi toute l&rsquo;immensit\u00e9<br \/>\nDe cette Douceur<br \/>\nTendresse<br \/>\nG\u00e9n\u00e9rosit\u00e9\nLe bonheur d&rsquo;\u00eatre enfin n\u00e9e<br \/>\nDe ma Propre Authenticit\u00e9\n<p>Je go\u00fbte ce Breuvage<\/p>\n<p>Mon propre nectar<\/p>\n<p>MNJ<\/p>\n\t\t\t<a href=\"http:\/\/www.marienoelle-jarousseau.com\/fr\/galeries\/contemporains\/\" target=\"_blank\" rel=\"noopener\">\n\t\t\t\t\t\t\tRetour\n\t\t\t\t\t<\/a>\n\n","protected":false},"excerpt":{"rendered":"<p>LA PEUR DU VIDE&#8230; (toile tournante) Huile &#8211; 89 x 116 &#8211; R\u00e9alis\u00e9e en avril 2012 Po\u00e8mes\u00a0 &#8211; Inspir\u00e9s en janvier 2002 &amp; 2015 &#8211; Accompagnent la Toile Et Toi .. que ressens-tu\u00a0 ? Tu peux me partager ton ressenti&#8230;ou pas sur le Livre d&rsquo;Or de la page d&rsquo;Accueil Fais tourner la toile Arr\u00eate la&hellip;<\/p>\n","protected":false},"author":3,"featured_media":0,"parent":0,"menu_order":0,"comment_status":"closed","ping_status":"closed","template":"","meta":{"footnotes":""},"class_list":["post-2361","page","type-page","status-publish","hentry"],"yoast_head":"<!-- This site is optimized with the Yoast SEO plugin v27.4 - https:\/\/yoast.com\/product\/yoast-seo-wordpress\/ -->\n<title>TT - La peur du vide - Marie-No\u00eblle Jarousseau - Artiste<\/title>\n<meta name=\"robots\" content=\"index, follow, max-snippet:-1, max-image-preview:large, max-video-preview:-1\" \/>\n<link rel=\"canonical\" href=\"https:\/\/www.marienoelle-jarousseau.com\/fr\/tt-la-peur-du-vide\/\" \/>\n<meta property=\"og:locale\" content=\"fr_FR\" \/>\n<meta property=\"og:type\" content=\"article\" \/>\n<meta property=\"og:title\" content=\"TT - La peur du vide - Marie-No\u00eblle Jarousseau - Artiste\" \/>\n<meta property=\"og:description\" content=\"LA PEUR DU VIDE&#8230; (toile tournante) Huile &#8211; 89 x 116 &#8211; R\u00e9alis\u00e9e en avril 2012 Po\u00e8mes\u00a0 &#8211; Inspir\u00e9s en janvier 2002 &amp; 2015 &#8211; Accompagnent la Toile Et Toi .. que ressens-tu\u00a0 ? Tu peux me partager ton ressenti&#8230;ou pas sur le Livre d&rsquo;Or de la page d&rsquo;Accueil Fais tourner la toile Arr\u00eate la&hellip;\" \/>\n<meta property=\"og:url\" content=\"https:\/\/www.marienoelle-jarousseau.com\/fr\/tt-la-peur-du-vide\/\" \/>\n<meta property=\"og:site_name\" content=\"Marie-No\u00eblle Jarousseau - Artiste\" \/>\n<meta property=\"article:modified_time\" content=\"2024-03-12T18:30:45+00:00\" \/>\n<meta name=\"twitter:card\" content=\"summary_large_image\" \/>\n<meta name=\"twitter:label1\" content=\"Dur\u00e9e de lecture estim\u00e9e\" \/>\n\t<meta name=\"twitter:data1\" content=\"6 minutes\" \/>\n<script type=\"application\/ld+json\" class=\"yoast-schema-graph\">{\"@context\":\"https:\\\/\\\/schema.org\",\"@graph\":[{\"@type\":\"WebPage\",\"@id\":\"https:\\\/\\\/www.marienoelle-jarousseau.com\\\/fr\\\/tt-la-peur-du-vide\\\/\",\"url\":\"https:\\\/\\\/www.marienoelle-jarousseau.com\\\/fr\\\/tt-la-peur-du-vide\\\/\",\"name\":\"TT - La peur du vide - Marie-No\u00eblle Jarousseau - Artiste\",\"isPartOf\":{\"@id\":\"https:\\\/\\\/www.marienoelle-jarousseau.com\\\/fr\\\/#website\"},\"datePublished\":\"2020-04-04T12:45:44+00:00\",\"dateModified\":\"2024-03-12T18:30:45+00:00\",\"breadcrumb\":{\"@id\":\"https:\\\/\\\/www.marienoelle-jarousseau.com\\\/fr\\\/tt-la-peur-du-vide\\\/#breadcrumb\"},\"inLanguage\":\"fr-FR\",\"potentialAction\":[{\"@type\":\"ReadAction\",\"target\":[\"https:\\\/\\\/www.marienoelle-jarousseau.com\\\/fr\\\/tt-la-peur-du-vide\\\/\"]}]},{\"@type\":\"BreadcrumbList\",\"@id\":\"https:\\\/\\\/www.marienoelle-jarousseau.com\\\/fr\\\/tt-la-peur-du-vide\\\/#breadcrumb\",\"itemListElement\":[{\"@type\":\"ListItem\",\"position\":1,\"name\":\"Accueil\",\"item\":\"https:\\\/\\\/www.marienoelle-jarousseau.com\\\/fr\\\/\"},{\"@type\":\"ListItem\",\"position\":2,\"name\":\"TT &#8211; La peur du vide\"}]},{\"@type\":\"WebSite\",\"@id\":\"https:\\\/\\\/www.marienoelle-jarousseau.com\\\/fr\\\/#website\",\"url\":\"https:\\\/\\\/www.marienoelle-jarousseau.com\\\/fr\\\/\",\"name\":\"Marie-No\u00eblle Jarousseau - Artiste\",\"description\":\"\",\"potentialAction\":[{\"@type\":\"SearchAction\",\"target\":{\"@type\":\"EntryPoint\",\"urlTemplate\":\"https:\\\/\\\/www.marienoelle-jarousseau.com\\\/fr\\\/?s={search_term_string}\"},\"query-input\":{\"@type\":\"PropertyValueSpecification\",\"valueRequired\":true,\"valueName\":\"search_term_string\"}}],\"inLanguage\":\"fr-FR\"}]}<\/script>\n<!-- \/ Yoast SEO plugin. -->","yoast_head_json":{"title":"TT - La peur du vide - Marie-No\u00eblle Jarousseau - Artiste","robots":{"index":"index","follow":"follow","max-snippet":"max-snippet:-1","max-image-preview":"max-image-preview:large","max-video-preview":"max-video-preview:-1"},"canonical":"https:\/\/www.marienoelle-jarousseau.com\/fr\/tt-la-peur-du-vide\/","og_locale":"fr_FR","og_type":"article","og_title":"TT - La peur du vide - Marie-No\u00eblle Jarousseau - Artiste","og_description":"LA PEUR DU VIDE&#8230; (toile tournante) Huile &#8211; 89 x 116 &#8211; R\u00e9alis\u00e9e en avril 2012 Po\u00e8mes\u00a0 &#8211; Inspir\u00e9s en janvier 2002 &amp; 2015 &#8211; Accompagnent la Toile Et Toi .. que ressens-tu\u00a0 ? Tu peux me partager ton ressenti&#8230;ou pas sur le Livre d&rsquo;Or de la page d&rsquo;Accueil Fais tourner la toile Arr\u00eate la&hellip;","og_url":"https:\/\/www.marienoelle-jarousseau.com\/fr\/tt-la-peur-du-vide\/","og_site_name":"Marie-No\u00eblle Jarousseau - Artiste","article_modified_time":"2024-03-12T18:30:45+00:00","twitter_card":"summary_large_image","twitter_misc":{"Dur\u00e9e de lecture estim\u00e9e":"6 minutes"},"schema":{"@context":"https:\/\/schema.org","@graph":[{"@type":"WebPage","@id":"https:\/\/www.marienoelle-jarousseau.com\/fr\/tt-la-peur-du-vide\/","url":"https:\/\/www.marienoelle-jarousseau.com\/fr\/tt-la-peur-du-vide\/","name":"TT - La peur du vide - Marie-No\u00eblle Jarousseau - Artiste","isPartOf":{"@id":"https:\/\/www.marienoelle-jarousseau.com\/fr\/#website"},"datePublished":"2020-04-04T12:45:44+00:00","dateModified":"2024-03-12T18:30:45+00:00","breadcrumb":{"@id":"https:\/\/www.marienoelle-jarousseau.com\/fr\/tt-la-peur-du-vide\/#breadcrumb"},"inLanguage":"fr-FR","potentialAction":[{"@type":"ReadAction","target":["https:\/\/www.marienoelle-jarousseau.com\/fr\/tt-la-peur-du-vide\/"]}]},{"@type":"BreadcrumbList","@id":"https:\/\/www.marienoelle-jarousseau.com\/fr\/tt-la-peur-du-vide\/#breadcrumb","itemListElement":[{"@type":"ListItem","position":1,"name":"Accueil","item":"https:\/\/www.marienoelle-jarousseau.com\/fr\/"},{"@type":"ListItem","position":2,"name":"TT &#8211; La peur du vide"}]},{"@type":"WebSite","@id":"https:\/\/www.marienoelle-jarousseau.com\/fr\/#website","url":"https:\/\/www.marienoelle-jarousseau.com\/fr\/","name":"Marie-No\u00eblle Jarousseau - Artiste","description":"","potentialAction":[{"@type":"SearchAction","target":{"@type":"EntryPoint","urlTemplate":"https:\/\/www.marienoelle-jarousseau.com\/fr\/?s={search_term_string}"},"query-input":{"@type":"PropertyValueSpecification","valueRequired":true,"valueName":"search_term_string"}}],"inLanguage":"fr-FR"}]}},"_links":{"self":[{"href":"https:\/\/www.marienoelle-jarousseau.com\/fr\/wp-json\/wp\/v2\/pages\/2361","targetHints":{"allow":["GET"]}}],"collection":[{"href":"https:\/\/www.marienoelle-jarousseau.com\/fr\/wp-json\/wp\/v2\/pages"}],"about":[{"href":"https:\/\/www.marienoelle-jarousseau.com\/fr\/wp-json\/wp\/v2\/types\/page"}],"author":[{"embeddable":true,"href":"https:\/\/www.marienoelle-jarousseau.com\/fr\/wp-json\/wp\/v2\/users\/3"}],"replies":[{"embeddable":true,"href":"https:\/\/www.marienoelle-jarousseau.com\/fr\/wp-json\/wp\/v2\/comments?post=2361"}],"version-history":[{"count":0,"href":"https:\/\/www.marienoelle-jarousseau.com\/fr\/wp-json\/wp\/v2\/pages\/2361\/revisions"}],"wp:attachment":[{"href":"https:\/\/www.marienoelle-jarousseau.com\/fr\/wp-json\/wp\/v2\/media?parent=2361"}],"curies":[{"name":"wp","href":"https:\/\/api.w.org\/{rel}","templated":true}]}}