{"id":2363,"date":"2020-04-18T16:17:58","date_gmt":"2020-04-18T15:17:58","guid":{"rendered":"https:\/\/www.marienoelle-jarousseau.com\/fr\/?page_id=2363"},"modified":"2020-04-28T15:07:09","modified_gmt":"2020-04-28T14:07:09","slug":"tt-rayonnement","status":"publish","type":"page","link":"https:\/\/www.marienoelle-jarousseau.com\/fr\/tt-rayonnement\/","title":{"rendered":"TT &#8211; Rayonnement"},"content":{"rendered":"<h2>\n\t\tRAYONNEMENT&#8230; (toile tournante)\n\t<\/h2>\n\t<em>Huile &#8211; 89 x 116 &#8211; R<\/em><em>\u00e9alis\u00e9e au couteau en mars 2001<br \/>\nProjet-maquette pour un h\u00f4pital de r\u00e9\u00e9ducation<\/em><br \/>\n<em>Po\u00e8me \u00a0&#8211; Inspir\u00e9 en mars 2001 &#8211; Accompagne la Toile<\/em>\n\t<h3><strong>Et Toi .. que ressens-tu\u00a0 ?<\/strong><\/h3>\n<em>Tu peux me partager ton ressenti&#8230;ou pas<br \/>\nsur le Livre d&rsquo;Or de la page d&rsquo;Accueil<\/em>\n\tFais tourner la toile <br \/>\nArr\u00eate la au gr\u00e9 de ton ressenti \n\t<style type=\"text\/css\">\r\n\t\t\t.picture_rotating_container .picture_rotating_view {width: 629.22492004052px;height: 629.22492004052px;}\r\n\t\t\t.picture_rotating_container .picture_rotating_view img#PR_69e78496aa3c5, .picture_rotating_container .picture_rotating_view canvas#PR_69e78496aa3c5 {margin: 123.61246002026px 64.61246002026px;}\r\n\t\t<\/style><script type=\"text\/javascript\">var picture_rotating_intervalPR_69e78496aa3c5;var picture_rotating_interval_stoppedPR_69e78496aa3c5 = false;var angle = 0;\r\n\t\tif(!picture_rotating_diago)\r\n\t\t\tvar picture_rotating_diago = [];\r\n\t\tpicture_rotating_diago[\"PR_69e78496aa3c5\"] = 629.22492004052;\r\n\t\t\t\tjQuery(document).ready(function($) {\r\n\t\t\t\t\t\/** $(\"#PR_69e78496aa3c5\").click(function(){ $(this).rotateLeft(180); }); *\/\r\n\t\t\t\t\t\r\n\t\t\t\t\t\/** picture_rotating_intervalPR_69e78496aa3c5 = setInterval(function () { $(\"#PR_69e78496aa3c5\").rotate(5); },500); *\/\r\n\t\t\t\t\t\/\/ clearInterval(picture_rotating_intervalPR_69e78496aa3c5);\r\n\t\t\t\t\t\r\n\t\t\t\t\tpicture_rotating_intervalPR_69e78496aa3c5 = setInterval(function () { angle+=5;$(\"#PR_69e78496aa3c5\").rotate(angle); },500);\r\n\t\t\t\t});\r\n\t\t\t\t\tfunction stopPictRotatePR_69e78496aa3c5(){if(!picture_rotating_interval_stoppedPR_69e78496aa3c5){clearInterval(picture_rotating_intervalPR_69e78496aa3c5);picture_rotating_interval_stoppedPR_69e78496aa3c5 = true;}}\r\n\t\t\t\t\tfunction startPictRotatePR_69e78496aa3c5(){if(picture_rotating_interval_stoppedPR_69e78496aa3c5){picture_rotating_intervalPR_69e78496aa3c5 = setInterval(function () { angle+=5;jQuery(\"#PR_69e78496aa3c5\").rotate(angle); },500);picture_rotating_interval_stoppedPR_69e78496aa3c5 = false;}}\r\n\t\t\t<\/script><div class=\"picture_rotating_container\">\r\n\t\t\t\t<div class=\"picture_rotating_view\"><img loading=\"lazy\" decoding=\"async\" id=\"PR_69e78496aa3c5\" src=\"https:\/\/www.marienoelle-jarousseau.com\/fr\/wp-content\/uploads\/2015\/09\/92-RAYONNEMENT-2-sign-huile-sur-toile-116-x-89-mars-2001--e1587222238233.jpg\" alt=\"\" width=\"500\" height=\"382\"\/><\/div>\r\n\t\t\t\t<div class=\"picture_rotating_controls\"><i class=\"fa fa-pause\" onclick=\"javascript:stopPictRotatePR_69e78496aa3c5()\"><\/i><i class=\"fa fa-play\" onclick=\"javascript:startPictRotatePR_69e78496aa3c5()\"><\/i><\/div>\r\n\t\t\t<\/div>\n\t<p><em>POEME\u00a0 EN\u00a0 AUDIO<\/em><\/p>\n<em>Peut-\u00eatre que ta connexion est peu \u00e9lev\u00e9e&#8230;<br \/>\nClique sur la fl\u00e8che.. et chut&#8230; patience&#8230;<br \/>\nLaisse le temps \u00e0 la parole d&rsquo;\u00e9merger&#8230;<\/em>\n\t\t<meta itemprop=\"url\" content=\"https:\/\/www.marienoelle-jarousseau.com\/fr\/wp-content\/uploads\/2020\/04\/Rayonnement.m4a\" \/><!--[if lt IE 9]><script>document.createElement('audio');<\/script><![endif]-->\n<audio class=\"wp-audio-shortcode\" id=\"audio-2363-1\" preload=\"none\" style=\"width: 100%;\" controls=\"controls\"><source type=\"audio\/mpeg\" src=\"https:\/\/www.marienoelle-jarousseau.com\/fr\/wp-content\/uploads\/2020\/04\/Rayonnement.m4a?_=1\" \/><a href=\"https:\/\/www.marienoelle-jarousseau.com\/fr\/wp-content\/uploads\/2020\/04\/Rayonnement.m4a\">https:\/\/www.marienoelle-jarousseau.com\/fr\/wp-content\/uploads\/2020\/04\/Rayonnement.m4a<\/a><\/audio>\n<p>\u00ab\u00a0RAYONNEMENT\u00a0\u00bb<\/p>\n<\/br>\n\u00a0\u00bb La Source et le Feu \u00ab\u00a0<\/br>\n<\/br>\nUn anneau<\/br>\nSigne d\u2019Alliance<\/br>\n<\/br>\nTumulte ext\u00e9rieur<\/br>\nTranquillit\u00e9 int\u00e9rieure<\/br>\n<\/br>\nArche protectrice<\/br>\nBrasier incandescent<\/br>\n<\/br>\nPont au-dessus du gouffre<\/br>\nMais, au fond du gouffre<\/br>\nN\u2019est que la Source<\/br>\n<\/br>\nPeur de tomber ?<\/br>\nMais o\u00f9 ?\u2026<\/br>\n<\/br>\nJuste dans la SOURCE<\/br>\n<\/br>\nElle seule est l\u00e0<\/br>\nComme un matelas<\/br>\n<\/br>\nDouce et tendre<\/br>\nPr\u00eate, \u2026.elle t\u2019attend !\n<p>MNJ<\/p>\n\t\t\t<a href=\"http:\/\/www.marienoelle-jarousseau.com\/fr\/galeries\/contemporains\/\" target=\"_self\" role=\"button\" rel=\"noopener noreferrer\">\n\t\t\t\t\t\t\tretour\n\t\t\t\t\t<\/a>\n","protected":false},"excerpt":{"rendered":"<p>RAYONNEMENT&#8230; (toile tournante) Huile &#8211; 89 x 116 &#8211; R\u00e9alis\u00e9e au couteau en mars 2001 Projet-maquette pour un h\u00f4pital de r\u00e9\u00e9ducation Po\u00e8me \u00a0&#8211; Inspir\u00e9 en mars 2001 &#8211; Accompagne la Toile Et Toi .. que ressens-tu\u00a0 ? Tu peux me partager ton ressenti&#8230;ou pas sur le Livre d&rsquo;Or de la page d&rsquo;Accueil Fais tourner la&hellip;<\/p>\n","protected":false},"author":3,"featured_media":0,"parent":0,"menu_order":0,"comment_status":"closed","ping_status":"closed","template":"","meta":{"footnotes":""},"class_list":["post-2363","page","type-page","status-publish","hentry"],"yoast_head":"<!-- This site is optimized with the Yoast SEO plugin v27.4 - https:\/\/yoast.com\/product\/yoast-seo-wordpress\/ -->\n<title>TT - Rayonnement - Marie-No\u00eblle Jarousseau - Artiste<\/title>\n<meta name=\"robots\" content=\"index, follow, max-snippet:-1, max-image-preview:large, max-video-preview:-1\" \/>\n<link rel=\"canonical\" href=\"https:\/\/www.marienoelle-jarousseau.com\/fr\/tt-rayonnement\/\" \/>\n<meta property=\"og:locale\" content=\"fr_FR\" \/>\n<meta property=\"og:type\" content=\"article\" \/>\n<meta property=\"og:title\" content=\"TT - Rayonnement - Marie-No\u00eblle Jarousseau - Artiste\" \/>\n<meta property=\"og:description\" content=\"RAYONNEMENT&#8230; (toile tournante) Huile &#8211; 89 x 116 &#8211; R\u00e9alis\u00e9e au couteau en mars 2001 Projet-maquette pour un h\u00f4pital de r\u00e9\u00e9ducation Po\u00e8me \u00a0&#8211; Inspir\u00e9 en mars 2001 &#8211; Accompagne la Toile Et Toi .. que ressens-tu\u00a0 ? Tu peux me partager ton ressenti&#8230;ou pas sur le Livre d&rsquo;Or de la page d&rsquo;Accueil Fais tourner la&hellip;\" \/>\n<meta property=\"og:url\" content=\"https:\/\/www.marienoelle-jarousseau.com\/fr\/tt-rayonnement\/\" \/>\n<meta property=\"og:site_name\" content=\"Marie-No\u00eblle Jarousseau - Artiste\" \/>\n<meta property=\"article:modified_time\" content=\"2020-04-28T14:07:09+00:00\" \/>\n<meta name=\"twitter:card\" content=\"summary_large_image\" \/>\n<meta name=\"twitter:label1\" content=\"Dur\u00e9e de lecture estim\u00e9e\" \/>\n\t<meta name=\"twitter:data1\" content=\"1 minute\" \/>\n<script type=\"application\/ld+json\" class=\"yoast-schema-graph\">{\"@context\":\"https:\\\/\\\/schema.org\",\"@graph\":[{\"@type\":\"WebPage\",\"@id\":\"https:\\\/\\\/www.marienoelle-jarousseau.com\\\/fr\\\/tt-rayonnement\\\/\",\"url\":\"https:\\\/\\\/www.marienoelle-jarousseau.com\\\/fr\\\/tt-rayonnement\\\/\",\"name\":\"TT - Rayonnement - Marie-No\u00eblle Jarousseau - Artiste\",\"isPartOf\":{\"@id\":\"https:\\\/\\\/www.marienoelle-jarousseau.com\\\/fr\\\/#website\"},\"datePublished\":\"2020-04-18T15:17:58+00:00\",\"dateModified\":\"2020-04-28T14:07:09+00:00\",\"breadcrumb\":{\"@id\":\"https:\\\/\\\/www.marienoelle-jarousseau.com\\\/fr\\\/tt-rayonnement\\\/#breadcrumb\"},\"inLanguage\":\"fr-FR\",\"potentialAction\":[{\"@type\":\"ReadAction\",\"target\":[\"https:\\\/\\\/www.marienoelle-jarousseau.com\\\/fr\\\/tt-rayonnement\\\/\"]}]},{\"@type\":\"BreadcrumbList\",\"@id\":\"https:\\\/\\\/www.marienoelle-jarousseau.com\\\/fr\\\/tt-rayonnement\\\/#breadcrumb\",\"itemListElement\":[{\"@type\":\"ListItem\",\"position\":1,\"name\":\"Accueil\",\"item\":\"https:\\\/\\\/www.marienoelle-jarousseau.com\\\/fr\\\/\"},{\"@type\":\"ListItem\",\"position\":2,\"name\":\"TT &#8211; Rayonnement\"}]},{\"@type\":\"WebSite\",\"@id\":\"https:\\\/\\\/www.marienoelle-jarousseau.com\\\/fr\\\/#website\",\"url\":\"https:\\\/\\\/www.marienoelle-jarousseau.com\\\/fr\\\/\",\"name\":\"Marie-No\u00eblle Jarousseau - Artiste\",\"description\":\"\",\"potentialAction\":[{\"@type\":\"SearchAction\",\"target\":{\"@type\":\"EntryPoint\",\"urlTemplate\":\"https:\\\/\\\/www.marienoelle-jarousseau.com\\\/fr\\\/?s={search_term_string}\"},\"query-input\":{\"@type\":\"PropertyValueSpecification\",\"valueRequired\":true,\"valueName\":\"search_term_string\"}}],\"inLanguage\":\"fr-FR\"}]}<\/script>\n<!-- \/ Yoast SEO plugin. -->","yoast_head_json":{"title":"TT - Rayonnement - Marie-No\u00eblle Jarousseau - Artiste","robots":{"index":"index","follow":"follow","max-snippet":"max-snippet:-1","max-image-preview":"max-image-preview:large","max-video-preview":"max-video-preview:-1"},"canonical":"https:\/\/www.marienoelle-jarousseau.com\/fr\/tt-rayonnement\/","og_locale":"fr_FR","og_type":"article","og_title":"TT - Rayonnement - Marie-No\u00eblle Jarousseau - Artiste","og_description":"RAYONNEMENT&#8230; (toile tournante) Huile &#8211; 89 x 116 &#8211; R\u00e9alis\u00e9e au couteau en mars 2001 Projet-maquette pour un h\u00f4pital de r\u00e9\u00e9ducation Po\u00e8me \u00a0&#8211; Inspir\u00e9 en mars 2001 &#8211; Accompagne la Toile Et Toi .. que ressens-tu\u00a0 ? Tu peux me partager ton ressenti&#8230;ou pas sur le Livre d&rsquo;Or de la page d&rsquo;Accueil Fais tourner la&hellip;","og_url":"https:\/\/www.marienoelle-jarousseau.com\/fr\/tt-rayonnement\/","og_site_name":"Marie-No\u00eblle Jarousseau - Artiste","article_modified_time":"2020-04-28T14:07:09+00:00","twitter_card":"summary_large_image","twitter_misc":{"Dur\u00e9e de lecture estim\u00e9e":"1 minute"},"schema":{"@context":"https:\/\/schema.org","@graph":[{"@type":"WebPage","@id":"https:\/\/www.marienoelle-jarousseau.com\/fr\/tt-rayonnement\/","url":"https:\/\/www.marienoelle-jarousseau.com\/fr\/tt-rayonnement\/","name":"TT - Rayonnement - Marie-No\u00eblle Jarousseau - Artiste","isPartOf":{"@id":"https:\/\/www.marienoelle-jarousseau.com\/fr\/#website"},"datePublished":"2020-04-18T15:17:58+00:00","dateModified":"2020-04-28T14:07:09+00:00","breadcrumb":{"@id":"https:\/\/www.marienoelle-jarousseau.com\/fr\/tt-rayonnement\/#breadcrumb"},"inLanguage":"fr-FR","potentialAction":[{"@type":"ReadAction","target":["https:\/\/www.marienoelle-jarousseau.com\/fr\/tt-rayonnement\/"]}]},{"@type":"BreadcrumbList","@id":"https:\/\/www.marienoelle-jarousseau.com\/fr\/tt-rayonnement\/#breadcrumb","itemListElement":[{"@type":"ListItem","position":1,"name":"Accueil","item":"https:\/\/www.marienoelle-jarousseau.com\/fr\/"},{"@type":"ListItem","position":2,"name":"TT &#8211; Rayonnement"}]},{"@type":"WebSite","@id":"https:\/\/www.marienoelle-jarousseau.com\/fr\/#website","url":"https:\/\/www.marienoelle-jarousseau.com\/fr\/","name":"Marie-No\u00eblle Jarousseau - Artiste","description":"","potentialAction":[{"@type":"SearchAction","target":{"@type":"EntryPoint","urlTemplate":"https:\/\/www.marienoelle-jarousseau.com\/fr\/?s={search_term_string}"},"query-input":{"@type":"PropertyValueSpecification","valueRequired":true,"valueName":"search_term_string"}}],"inLanguage":"fr-FR"}]}},"_links":{"self":[{"href":"https:\/\/www.marienoelle-jarousseau.com\/fr\/wp-json\/wp\/v2\/pages\/2363","targetHints":{"allow":["GET"]}}],"collection":[{"href":"https:\/\/www.marienoelle-jarousseau.com\/fr\/wp-json\/wp\/v2\/pages"}],"about":[{"href":"https:\/\/www.marienoelle-jarousseau.com\/fr\/wp-json\/wp\/v2\/types\/page"}],"author":[{"embeddable":true,"href":"https:\/\/www.marienoelle-jarousseau.com\/fr\/wp-json\/wp\/v2\/users\/3"}],"replies":[{"embeddable":true,"href":"https:\/\/www.marienoelle-jarousseau.com\/fr\/wp-json\/wp\/v2\/comments?post=2363"}],"version-history":[{"count":0,"href":"https:\/\/www.marienoelle-jarousseau.com\/fr\/wp-json\/wp\/v2\/pages\/2363\/revisions"}],"wp:attachment":[{"href":"https:\/\/www.marienoelle-jarousseau.com\/fr\/wp-json\/wp\/v2\/media?parent=2363"}],"curies":[{"name":"wp","href":"https:\/\/api.w.org\/{rel}","templated":true}]}}