{"id":2367,"date":"2020-04-28T13:04:20","date_gmt":"2020-04-28T12:04:20","guid":{"rendered":"https:\/\/www.marienoelle-jarousseau.com\/fr\/?page_id=2367"},"modified":"2020-04-28T13:06:13","modified_gmt":"2020-04-28T12:06:13","slug":"tt-volutes","status":"publish","type":"page","link":"https:\/\/www.marienoelle-jarousseau.com\/fr\/tt-volutes\/","title":{"rendered":"TT &#8211; Volutes"},"content":{"rendered":"<h2>\n\t\tVOLUTES&#8230; (toile tournante)\n\t<\/h2>\n\t<p><em>Huile &#8211; 89 x 130 &#8211; R<\/em><em>\u00e9alis\u00e9e en mai 2001 &#8211; P<\/em><em>o\u00e8me inspir\u00e9 en mars 2003 &#8211; Accompagne la Toile<\/em><\/p>\n\t<h3><strong>Et Toi .. que ressens-tu\u00a0 ?<\/strong><\/h3>\n<em>Tu peux me partager ton ressenti&#8230;ou pas<br \/>\nsur le Livre d&rsquo;Or de la page d&rsquo;Accueil<\/em>\n\tFais tourner la toile <br \/>\nArr\u00eate la au gr\u00e9 de ton ressenti \n\t<style type=\"text\/css\">\r\n\t\t\t.picture_rotating_container .picture_rotating_view {width: 602.40849927603px;height: 602.40849927603px;}\r\n\t\t\t.picture_rotating_container .picture_rotating_view img#PR_69e784a7d01ef, .picture_rotating_container .picture_rotating_view canvas#PR_69e784a7d01ef {margin: 133.20424963802px 51.204249638016px;}\r\n\t\t<\/style><script type=\"text\/javascript\">var picture_rotating_intervalPR_69e784a7d01ef;var picture_rotating_interval_stoppedPR_69e784a7d01ef = false;var angle = 0;\r\n\t\tif(!picture_rotating_diago)\r\n\t\t\tvar picture_rotating_diago = [];\r\n\t\tpicture_rotating_diago[\"PR_69e784a7d01ef\"] = 602.40849927603;\r\n\t\t\t\tjQuery(document).ready(function($) {\r\n\t\t\t\t\t\/** $(\"#PR_69e784a7d01ef\").click(function(){ $(this).rotateLeft(180); }); *\/\r\n\t\t\t\t\t\r\n\t\t\t\t\t\/** picture_rotating_intervalPR_69e784a7d01ef = setInterval(function () { $(\"#PR_69e784a7d01ef\").rotate(5); },500); *\/\r\n\t\t\t\t\t\/\/ clearInterval(picture_rotating_intervalPR_69e784a7d01ef);\r\n\t\t\t\t\t\r\n\t\t\t\t\tpicture_rotating_intervalPR_69e784a7d01ef = setInterval(function () { angle+=5;$(\"#PR_69e784a7d01ef\").rotate(angle); },500);\r\n\t\t\t\t});\r\n\t\t\t\t\tfunction stopPictRotatePR_69e784a7d01ef(){if(!picture_rotating_interval_stoppedPR_69e784a7d01ef){clearInterval(picture_rotating_intervalPR_69e784a7d01ef);picture_rotating_interval_stoppedPR_69e784a7d01ef = true;}}\r\n\t\t\t\t\tfunction startPictRotatePR_69e784a7d01ef(){if(picture_rotating_interval_stoppedPR_69e784a7d01ef){picture_rotating_intervalPR_69e784a7d01ef = setInterval(function () { angle+=5;jQuery(\"#PR_69e784a7d01ef\").rotate(angle); },500);picture_rotating_interval_stoppedPR_69e784a7d01ef = false;}}\r\n\t\t\t<\/script><div class=\"picture_rotating_container\">\r\n\t\t\t\t<div class=\"picture_rotating_view\"><img loading=\"lazy\" decoding=\"async\" id=\"PR_69e784a7d01ef\" src=\"https:\/\/www.marienoelle-jarousseau.com\/fr\/wp-content\/uploads\/2020\/04\/93-VOLUTES-1-sign-huile-sur-toile-116-x-89-ETE-1999--e1588074492812.jpg\" alt=\"\" width=\"500\" height=\"336\"\/><\/div>\r\n\t\t\t\t<div class=\"picture_rotating_controls\"><i class=\"fa fa-pause\" onclick=\"javascript:stopPictRotatePR_69e784a7d01ef()\"><\/i><i class=\"fa fa-play\" onclick=\"javascript:startPictRotatePR_69e784a7d01ef()\"><\/i><\/div>\r\n\t\t\t<\/div>\n\t<p><em>POEME\u00a0 EN\u00a0 AUDIO<\/em><\/p>\n<p><i>\u00e0 venir<\/i><\/p>\n<p>\u00ab\u00a0VOLUTES\u00a0\u00bb<\/p>\n<\/br>\n       DOUBLE  VISION<\/br>\n<\/br>\nM\u00e9lange de paix et de col\u00e8re<\/br>\n<\/br>\nSous des apparences de s\u00e9r\u00e9nit\u00e9<\/br>\nBouillonne une col\u00e8re non exprim\u00e9e<\/br>\n<\/br>\nAu premier regard<\/br>\nTout peut sembler paisible :<\/br>\n<\/br>\nUn lac p\u00e9tillant de vie<\/br>\nUne chute d\u2019eau, source d\u2019abondance<\/br>\nUn \u00e9clat de rire<\/br>\nUn dauphin semi d\u00e9voil\u00e9 fusant dans l\u2019eau limpide<\/br>\nUn personnage tranquillement assis sur son tr\u00f4ne<\/br>\nPlong\u00e9 dans ses ressentis en regardant l\u2019infini<\/br>\nMer et montagnes, paysage serein\u2026<\/br>\n<\/br>\n<\/br>\nMais<\/br>\n<\/br>\nLa col\u00e8re monte et gronde<\/br>\nEt, derri\u00e8re le miroir<\/br>\nSe d\u00e9voile la col\u00e8re, la douleur<\/br>\n<\/br>\n        L\u2019INCOMPREHENSION\u2026\u2026\u2026\u2026<\/br>\n<\/br>\n<\/br>\nAutre vision :<\/br>\n<\/br>\nL\u2019\u00e9clat de rire n\u2019est plus que cri per\u00e7ant<\/br>\nLa chute d\u2019eau se transforme en coup de poing<\/br>\nMain referm\u00e9e, crisp\u00e9e, envie de frapper\u2026<\/br>\n<\/br>\nFrapper qui ?<\/br>\n<\/br>\nCe personnage\u2026\u2026\u2026\u2026\u2026. ?<\/br>\n<\/br>\n<\/br>\nD\u2019assis tranquillement<\/br>\nIl est maintenant allong\u00e9<\/br>\nMort ?&#8230;..<\/br>\nEtendu sur cette pierre glac\u00e9e<\/br>\n<\/br>\nEt pourtant<\/br>\nSi tranquille, si serein, si rayonnant\u2026<\/br>\n<\/br>\n<\/br>\nContraste saisissant face \u00e0 ce poing<\/br>\nSi plein de col\u00e8re et de chagrin<\/br>\nSi plein d\u2019amour et de larmes<\/br>\n<\/br>\n<\/br>\nPourquoi m\u2019as-tu abandonn\u00e9 ?<\/br>\n<\/br>\nMais<\/br>\nD\u2019o\u00f9 \u00e9mane cet appel d\u00e9sesp\u00e9r\u00e9 ?<\/br>\n<\/br>\nA qui s\u2019adresse cette Qu\u00eate ?<\/br>\n<\/br>\nLes propres paroles du Christ<\/br> \nEmergent face \u00e0 ce changement<\/br>\n<\/br>\n<\/br>\nDure r\u00e9alit\u00e9 que :<\/br>\nLe<\/br>\n          JEU DE L&rsquo;AMOUR<\/br>\nLe<\/br>\n           JEU DE LA VIE<\/br>\n<\/br>\n<\/br>\n<\/br>\nPerdre ses b\u00e9quilles<\/br>\nRester seul (e) en soi-m\u00eame<\/br>\nOser \u00e0 son tour se d\u00e9voiler<\/br>\nGrandir dans l\u2019instant<\/br>\nEt d\u00e9couvrir sa propre magnificence<\/br>\n<\/br>\nJeu d\u2019ombres et de lumi\u00e8res constants<\/br>\n<\/br>\n<\/br>\nOh ! douleur\u2026<\/br>\nCombien transperces-tu !<\/br>\nOh ! bonheur de Vivre et d\u2019exister soi-m\u00eame\u2026.<\/br>\nCombien s\u00e9r\u00e9nises-tu !<\/br>\n<\/br>\n<\/br>\nD\u00e9couverte de la VIE<\/br>\nLoin de la d\u00e9pendance<\/br>\nLoin de la fusion<\/br>\nLoin de la possessivit\u00e9<\/br>\n<\/br>\n<\/br>\n<\/br>\n            DETACHEMENT<\/br>\n<\/br>\nTout devient OK<\/br>\nTout est bien<\/br>\nTout est divin<\/br>\n<\/br>\nOmbres et lumi\u00e8re unis<\/br>\nDans un parfait \u00e9quilibre<\/br>\n<\/br>\n           Laisser aller\u2026<\/br>\n<\/br>\nRespirer l\u2019air pur de la VIE<\/br>\nDans tout son INFINI\n<\/br>\n<\/br>\n<p>MNJ<\/p>\n\t\t\t<a href=\"http:\/\/www.marienoelle-jarousseau.com\/fr\/galeries\/contemporains\/\" target=\"_self\" role=\"button\" rel=\"noopener noreferrer\">\n\t\t\t\t\t\t\tretour\n\t\t\t\t\t<\/a>\n","protected":false},"excerpt":{"rendered":"<p>VOLUTES&#8230; (toile tournante) Huile &#8211; 89 x 130 &#8211; R\u00e9alis\u00e9e en mai 2001 &#8211; Po\u00e8me inspir\u00e9 en mars 2003 &#8211; Accompagne la Toile Et Toi .. que ressens-tu\u00a0 ? Tu peux me partager ton ressenti&#8230;ou pas sur le Livre d&rsquo;Or de la page d&rsquo;Accueil Fais tourner la toile Arr\u00eate la au gr\u00e9 de ton ressenti&hellip;<\/p>\n","protected":false},"author":3,"featured_media":0,"parent":0,"menu_order":0,"comment_status":"closed","ping_status":"closed","template":"","meta":{"footnotes":""},"class_list":["post-2367","page","type-page","status-publish","hentry"],"yoast_head":"<!-- This site is optimized with the Yoast SEO plugin v27.4 - https:\/\/yoast.com\/product\/yoast-seo-wordpress\/ -->\n<title>TT - Volutes - Marie-No\u00eblle Jarousseau - Artiste<\/title>\n<meta name=\"robots\" content=\"index, follow, max-snippet:-1, max-image-preview:large, max-video-preview:-1\" \/>\n<link rel=\"canonical\" href=\"https:\/\/www.marienoelle-jarousseau.com\/fr\/tt-volutes\/\" \/>\n<meta property=\"og:locale\" content=\"fr_FR\" \/>\n<meta property=\"og:type\" content=\"article\" \/>\n<meta property=\"og:title\" content=\"TT - Volutes - Marie-No\u00eblle Jarousseau - Artiste\" \/>\n<meta property=\"og:description\" content=\"VOLUTES&#8230; (toile tournante) Huile &#8211; 89 x 130 &#8211; R\u00e9alis\u00e9e en mai 2001 &#8211; Po\u00e8me inspir\u00e9 en mars 2003 &#8211; Accompagne la Toile Et Toi .. que ressens-tu\u00a0 ? Tu peux me partager ton ressenti&#8230;ou pas sur le Livre d&rsquo;Or de la page d&rsquo;Accueil Fais tourner la toile Arr\u00eate la au gr\u00e9 de ton ressenti&hellip;\" \/>\n<meta property=\"og:url\" content=\"https:\/\/www.marienoelle-jarousseau.com\/fr\/tt-volutes\/\" \/>\n<meta property=\"og:site_name\" content=\"Marie-No\u00eblle Jarousseau - Artiste\" \/>\n<meta property=\"article:modified_time\" content=\"2020-04-28T12:06:13+00:00\" \/>\n<meta name=\"twitter:card\" content=\"summary_large_image\" \/>\n<meta name=\"twitter:label1\" content=\"Dur\u00e9e de lecture estim\u00e9e\" \/>\n\t<meta name=\"twitter:data1\" content=\"2 minutes\" \/>\n<script type=\"application\/ld+json\" class=\"yoast-schema-graph\">{\"@context\":\"https:\\\/\\\/schema.org\",\"@graph\":[{\"@type\":\"WebPage\",\"@id\":\"https:\\\/\\\/www.marienoelle-jarousseau.com\\\/fr\\\/tt-volutes\\\/\",\"url\":\"https:\\\/\\\/www.marienoelle-jarousseau.com\\\/fr\\\/tt-volutes\\\/\",\"name\":\"TT - Volutes - Marie-No\u00eblle Jarousseau - Artiste\",\"isPartOf\":{\"@id\":\"https:\\\/\\\/www.marienoelle-jarousseau.com\\\/fr\\\/#website\"},\"datePublished\":\"2020-04-28T12:04:20+00:00\",\"dateModified\":\"2020-04-28T12:06:13+00:00\",\"breadcrumb\":{\"@id\":\"https:\\\/\\\/www.marienoelle-jarousseau.com\\\/fr\\\/tt-volutes\\\/#breadcrumb\"},\"inLanguage\":\"fr-FR\",\"potentialAction\":[{\"@type\":\"ReadAction\",\"target\":[\"https:\\\/\\\/www.marienoelle-jarousseau.com\\\/fr\\\/tt-volutes\\\/\"]}]},{\"@type\":\"BreadcrumbList\",\"@id\":\"https:\\\/\\\/www.marienoelle-jarousseau.com\\\/fr\\\/tt-volutes\\\/#breadcrumb\",\"itemListElement\":[{\"@type\":\"ListItem\",\"position\":1,\"name\":\"Accueil\",\"item\":\"https:\\\/\\\/www.marienoelle-jarousseau.com\\\/fr\\\/\"},{\"@type\":\"ListItem\",\"position\":2,\"name\":\"TT &#8211; Volutes\"}]},{\"@type\":\"WebSite\",\"@id\":\"https:\\\/\\\/www.marienoelle-jarousseau.com\\\/fr\\\/#website\",\"url\":\"https:\\\/\\\/www.marienoelle-jarousseau.com\\\/fr\\\/\",\"name\":\"Marie-No\u00eblle Jarousseau - Artiste\",\"description\":\"\",\"potentialAction\":[{\"@type\":\"SearchAction\",\"target\":{\"@type\":\"EntryPoint\",\"urlTemplate\":\"https:\\\/\\\/www.marienoelle-jarousseau.com\\\/fr\\\/?s={search_term_string}\"},\"query-input\":{\"@type\":\"PropertyValueSpecification\",\"valueRequired\":true,\"valueName\":\"search_term_string\"}}],\"inLanguage\":\"fr-FR\"}]}<\/script>\n<!-- \/ Yoast SEO plugin. -->","yoast_head_json":{"title":"TT - Volutes - Marie-No\u00eblle Jarousseau - Artiste","robots":{"index":"index","follow":"follow","max-snippet":"max-snippet:-1","max-image-preview":"max-image-preview:large","max-video-preview":"max-video-preview:-1"},"canonical":"https:\/\/www.marienoelle-jarousseau.com\/fr\/tt-volutes\/","og_locale":"fr_FR","og_type":"article","og_title":"TT - Volutes - Marie-No\u00eblle Jarousseau - Artiste","og_description":"VOLUTES&#8230; (toile tournante) Huile &#8211; 89 x 130 &#8211; R\u00e9alis\u00e9e en mai 2001 &#8211; Po\u00e8me inspir\u00e9 en mars 2003 &#8211; Accompagne la Toile Et Toi .. que ressens-tu\u00a0 ? Tu peux me partager ton ressenti&#8230;ou pas sur le Livre d&rsquo;Or de la page d&rsquo;Accueil Fais tourner la toile Arr\u00eate la au gr\u00e9 de ton ressenti&hellip;","og_url":"https:\/\/www.marienoelle-jarousseau.com\/fr\/tt-volutes\/","og_site_name":"Marie-No\u00eblle Jarousseau - Artiste","article_modified_time":"2020-04-28T12:06:13+00:00","twitter_card":"summary_large_image","twitter_misc":{"Dur\u00e9e de lecture estim\u00e9e":"2 minutes"},"schema":{"@context":"https:\/\/schema.org","@graph":[{"@type":"WebPage","@id":"https:\/\/www.marienoelle-jarousseau.com\/fr\/tt-volutes\/","url":"https:\/\/www.marienoelle-jarousseau.com\/fr\/tt-volutes\/","name":"TT - Volutes - Marie-No\u00eblle Jarousseau - Artiste","isPartOf":{"@id":"https:\/\/www.marienoelle-jarousseau.com\/fr\/#website"},"datePublished":"2020-04-28T12:04:20+00:00","dateModified":"2020-04-28T12:06:13+00:00","breadcrumb":{"@id":"https:\/\/www.marienoelle-jarousseau.com\/fr\/tt-volutes\/#breadcrumb"},"inLanguage":"fr-FR","potentialAction":[{"@type":"ReadAction","target":["https:\/\/www.marienoelle-jarousseau.com\/fr\/tt-volutes\/"]}]},{"@type":"BreadcrumbList","@id":"https:\/\/www.marienoelle-jarousseau.com\/fr\/tt-volutes\/#breadcrumb","itemListElement":[{"@type":"ListItem","position":1,"name":"Accueil","item":"https:\/\/www.marienoelle-jarousseau.com\/fr\/"},{"@type":"ListItem","position":2,"name":"TT &#8211; Volutes"}]},{"@type":"WebSite","@id":"https:\/\/www.marienoelle-jarousseau.com\/fr\/#website","url":"https:\/\/www.marienoelle-jarousseau.com\/fr\/","name":"Marie-No\u00eblle Jarousseau - Artiste","description":"","potentialAction":[{"@type":"SearchAction","target":{"@type":"EntryPoint","urlTemplate":"https:\/\/www.marienoelle-jarousseau.com\/fr\/?s={search_term_string}"},"query-input":{"@type":"PropertyValueSpecification","valueRequired":true,"valueName":"search_term_string"}}],"inLanguage":"fr-FR"}]}},"_links":{"self":[{"href":"https:\/\/www.marienoelle-jarousseau.com\/fr\/wp-json\/wp\/v2\/pages\/2367","targetHints":{"allow":["GET"]}}],"collection":[{"href":"https:\/\/www.marienoelle-jarousseau.com\/fr\/wp-json\/wp\/v2\/pages"}],"about":[{"href":"https:\/\/www.marienoelle-jarousseau.com\/fr\/wp-json\/wp\/v2\/types\/page"}],"author":[{"embeddable":true,"href":"https:\/\/www.marienoelle-jarousseau.com\/fr\/wp-json\/wp\/v2\/users\/3"}],"replies":[{"embeddable":true,"href":"https:\/\/www.marienoelle-jarousseau.com\/fr\/wp-json\/wp\/v2\/comments?post=2367"}],"version-history":[{"count":0,"href":"https:\/\/www.marienoelle-jarousseau.com\/fr\/wp-json\/wp\/v2\/pages\/2367\/revisions"}],"wp:attachment":[{"href":"https:\/\/www.marienoelle-jarousseau.com\/fr\/wp-json\/wp\/v2\/media?parent=2367"}],"curies":[{"name":"wp","href":"https:\/\/api.w.org\/{rel}","templated":true}]}}