{"id":2369,"date":"2020-04-28T16:06:14","date_gmt":"2020-04-28T15:06:14","guid":{"rendered":"https:\/\/www.marienoelle-jarousseau.com\/fr\/?page_id=2369"},"modified":"2020-04-29T06:54:09","modified_gmt":"2020-04-29T05:54:09","slug":"tt-ascension","status":"publish","type":"page","link":"https:\/\/www.marienoelle-jarousseau.com\/fr\/tt-ascension\/","title":{"rendered":"TT &#8211; Ascension"},"content":{"rendered":"<h2>\n\t\tASCENSION (toile tournante)\n\t<\/h2>\n\t<em>Huile &#8211; 60 x 120 &#8211; R<\/em><em>\u00e9alis\u00e9e en ao\u00fbt 2014<\/em><br \/>\n<i>Histoire de la toile inspir\u00e9 en avril 2020<\/i>\n\t<h3><strong>Et Toi .. que ressens-tu\u00a0 ?<\/strong><\/h3>\n<em>Tu peux me partager ton ressenti&#8230;ou pas<br \/>\nsur le Livre d&rsquo;Or de la page d&rsquo;Accueil<\/em>\n\t<em>Fais tourner la toile<\/em> <br \/>\n<em>Arr\u00eate la au gr\u00e9 de ton ressenti<\/em> \n\t<style type=\"text\/css\">\r\n\t\t\t.picture_rotating_container .picture_rotating_view {width: 553.32540154958px;height: 553.32540154958px;}\r\n\t\t\t.picture_rotating_container .picture_rotating_view img#PR_69f6126d7a31e, .picture_rotating_container .picture_rotating_view canvas#PR_69f6126d7a31e {margin: 158.16270077479px 26.662700774788px;}\r\n\t\t<\/style><script type=\"text\/javascript\">var picture_rotating_intervalPR_69f6126d7a31e;var picture_rotating_interval_stoppedPR_69f6126d7a31e = false;var angle = 0;\r\n\t\tif(!picture_rotating_diago)\r\n\t\t\tvar picture_rotating_diago = [];\r\n\t\tpicture_rotating_diago[\"PR_69f6126d7a31e\"] = 553.32540154958;\r\n\t\t\t\tjQuery(document).ready(function($) {\r\n\t\t\t\t\t\/** $(\"#PR_69f6126d7a31e\").click(function(){ $(this).rotateLeft(180); }); *\/\r\n\t\t\t\t\t\r\n\t\t\t\t\t\/** picture_rotating_intervalPR_69f6126d7a31e = setInterval(function () { $(\"#PR_69f6126d7a31e\").rotate(5); },500); *\/\r\n\t\t\t\t\t\/\/ clearInterval(picture_rotating_intervalPR_69f6126d7a31e);\r\n\t\t\t\t\t\r\n\t\t\t\t\tpicture_rotating_intervalPR_69f6126d7a31e = setInterval(function () { angle+=5;$(\"#PR_69f6126d7a31e\").rotate(angle); },500);\r\n\t\t\t\t});\r\n\t\t\t\t\tfunction stopPictRotatePR_69f6126d7a31e(){if(!picture_rotating_interval_stoppedPR_69f6126d7a31e){clearInterval(picture_rotating_intervalPR_69f6126d7a31e);picture_rotating_interval_stoppedPR_69f6126d7a31e = true;}}\r\n\t\t\t\t\tfunction startPictRotatePR_69f6126d7a31e(){if(picture_rotating_interval_stoppedPR_69f6126d7a31e){picture_rotating_intervalPR_69f6126d7a31e = setInterval(function () { angle+=5;jQuery(\"#PR_69f6126d7a31e\").rotate(angle); },500);picture_rotating_interval_stoppedPR_69f6126d7a31e = false;}}\r\n\t\t\t<\/script><div class=\"picture_rotating_container\">\r\n\t\t\t\t<div class=\"picture_rotating_view\"><img loading=\"lazy\" decoding=\"async\" id=\"PR_69f6126d7a31e\" src=\"https:\/\/www.marienoelle-jarousseau.com\/fr\/wp-content\/uploads\/2015\/09\/218-Web-Ascension-sign-huile-sur-toile-tournante-60x120-aout-2014_DSC0177-e1588083047684.jpg\" alt=\"\" width=\"500\" height=\"237\"\/><\/div>\r\n\t\t\t\t<div class=\"picture_rotating_controls\"><i class=\"fa fa-pause\" onclick=\"javascript:stopPictRotatePR_69f6126d7a31e()\"><\/i><i class=\"fa fa-play\" onclick=\"javascript:startPictRotatePR_69f6126d7a31e()\"><\/i><\/div>\r\n\t\t\t<\/div>\n\t<p><em>POEME\u00a0 EN\u00a0 \u00a0AUDIO<\/em><\/p>\n<p><i>\u00e0 venir&#8230;<\/i><\/p>\n<\/br>\n<\/br>\n<p>\u00ab\u00a0ASCENSION\u00a0\u00bb<\/p>\n<\/br>\nLa \u00ab Lev\u00e9e des voiles de l\u2019oubli \u00bb<\/br> \n<\/br>\n<\/br>\nCette lev\u00e9e laisse appara\u00eetre au loin<\/br>\nUn paysage beaucoup plus serein<\/br>\n<\/br>\nCette mont\u00e9e actuelle <\/br>\nD\u2019une \u00e9nergie plus \u00e9th\u00e9r\u00e9e : la \u00ab 5D \u00bb<\/br>\nEst accompagn\u00e9e du monde de l\u2019Eau<\/br>\nEt du Peuple Marin\u2026 dauphins, crevettes etc.<\/br>\n<\/br>\n<\/br>\nL\u2019EAU EST LA VIE<\/br>\n<\/br>\nNotre corps terrien en est \u00e0 70 % constitu\u00e9<\/br>\nNotre monde \u00e9motionnel (\u00e9l\u00e9ment eau)<\/br>\nVa donc en \u00eatre profond\u00e9ment perturb\u00e9<\/br>\n<\/br>\nTout ce qui en nous ne correspond plus<\/br>\nA cette nouvelle dimension<\/br>\nSera \u00e9coul\u00e9, \u00e9vacu\u00e9 ou transmut\u00e9<\/br>\n<\/br>\nBeaucoup de changements<\/br>\nVont donc encore se produire<\/br>\nJusqu\u2019\u00e0 ce que tout soit stabilis\u00e9<\/br>\n<\/br>\nEt tout ce qui sera p\u00e9rim\u00e9<\/br>\nEt reli\u00e9 \u00e0 l\u2019ancienne densit\u00e9 3D<\/br>\nSera \u00e9vanoui pour ne laisser place qu&rsquo;\u00e0\u2026`<\/br>\n<\/br>\nRegarde\u2026<\/br>\nCe paysage au loin\u2026<\/br>\nN\u2019est-il pas un  formidable appel\u2026.<\/br>\n<\/br>\nA demain ?\n<\/br>\n<\/br>\n<\/br>\n<p>MNJ<\/p>\n\t<blockquote>\n<h2>Histoire\u00a0 de\u00a0 la\u00a0 Toile<\/h2>\n<\/blockquote>\n\t<p><em>\u00a0AUDIO<\/em><\/p>\n<p><i>\u00e0 venir&#8230;<\/i><\/p>\n\t<p>Cette toile a \u00e9t\u00e9 r\u00e9alis\u00e9e lors du d\u00e9c\u00e8s de Martin Brofman, cr\u00e9ateur du groupe \u00ab\u00a0Corps Miroir\u00a0\u00bb.<\/p>\n<p>&nbsp;<\/p>\n<p>J\u2019ai rencontr\u00e9 Martin Brofman en 1995 et j\u2019ai travaill\u00e9 avec lui sur les \u00e9nergies pendant plus de 10 ans.<\/p>\n<p>&nbsp;<\/p>\n<p>Apr\u00e8s mon \u00ab\u00a0walk-in\u00a0\u00bb en 1993, ma vie n\u2019a plus \u00e9t\u00e9 la m\u00eame, je n\u2019\u00e9tais plus attir\u00e9e par les m\u00eames choses. En 1995, j\u2018ai donc \u00e9t\u00e9 \u00ab\u00a0appel\u00e9e\u00a0\u00bb \u00e0 participer \u00e0 un stage donn\u00e9 par Martin. Je ne savais pas du tout o\u00f9 je mettais les pieds, mais vu ce que je venais de vivre, plus rien ne me faisait peur\u2026 ce fut un r\u00e9el tourniquet chinois tant ce que j\u2019y ai appris ne correspondant en rien \u00e0 ma vie \u00ab\u00a0d\u2019avant\u00a0\u00bb<\/p>\n<p>&nbsp;<\/p>\n<p>Et pourtant, tout me parlait, tout semblait \u00ab\u00a0r\u00e9sonner\u00a0\u00bb incroyablement juste en moi dans ce que j\u2019entendais et les exp\u00e9riences auxquelles je participais\u2026<\/p>\n<p>&nbsp;<\/p>\n<p>Et l\u00e0, j\u2019ai commenc\u00e9\u00a0:<\/p>\n<ul>\n<li>\u00e0 me re-trouver<\/li>\n<li>\u00e0 re-d\u00e9couvrir en moi des talents insoup\u00e7onn\u00e9s<\/li>\n<li>\u00e0 re-trouver la joie de vivre<\/li>\n<li>\u00e0 re-sentir une passion qui avait totalement disparue<\/li>\n<li>\u00e0 re-na\u00eetre tout simplement<\/li>\n<\/ul>\n<p>&nbsp;<\/p>\n<p>&nbsp;<\/p>\n<p>Petit \u00e0 petit, j\u2019ai continu\u00e9 mon chemin et lui le sien. Je n\u2019avais plus de nouvelles de lui depuis pr\u00e8s de 10 ans\u2026. Jusqu\u2019\u00e0 ce matin d\u2019\u00e9t\u00e9 ou j\u2019ai \u00e9t\u00e9 \u00ab\u00a0appel\u00e9e\u00a0\u00bb \u00e0 prendre les pinceaux, m\u2019installer sous mon arbre et laisser valser les formes et les couleurs\u2026<\/p>\n<p>&nbsp;<\/p>\n<p>La toile s\u2019est tout de suite appel\u00e9e \u00ab Ascension \u00bb. avec des couleurs : blanc turquoise et argent.<\/p>\n<p>&nbsp;<\/p>\n<p>J\u2019\u00e9tais assez troubl\u00e9e car je sentais Martin, comme si il \u00e9tait en train de quitter cette terre.<\/p>\n<p>Comme j\u2019ai appris avec le temps : j\u2019ai laiss\u00e9 faire la cr\u00e9ation, sans m\u2019attacher \u00e0 l\u2019interpr\u00e9tation, mais bien rester dans les \u00e9nergies qui me traversaient en pr\u00e9sence de Martin, j\u2019ai continu\u00e9 ainsi jusqu\u2019\u00e0 ce que tout semble fini.<\/p>\n<p>&nbsp;<\/p>\n<p>Peu de temps apr\u00e8s j\u2019ai appris le d\u00e9c\u00e8s de Martin.<\/p>\n<p>&nbsp;<\/p>\n<p>J\u2019ai donc pu \u00e0 ma mani\u00e8re lui rendre hommage pour la formidable avanc\u00e9e qu\u2019il m\u2019a permis de faire sur cette terre et nous dire ainsi \u00ab au revoir \u00bb et \u00e0 bient\u00f4t \u00ab de l\u2019autre cot\u00e9 du voile \u00bb car je sais que, l\u00e0 o\u00f9 il est, il poursuit son chemin d\u2019\u00e9veil \u00e0 l\u2019Amour comme il a su si bien le faire dans cet espace-temps d\u2019ici bas.<\/p>\n<p>&nbsp;<\/p>\n<p>NAMASTE Martin<\/p>\n<p>&nbsp;<\/p>\n<p>MNJ<\/p>\n<p>&nbsp;<\/p>\n<p>&nbsp;<\/p>\n\t\t\t<a href=\"http:\/\/www.marienoelle-jarousseau.com\/fr\/galeries\/contemporains\/\" target=\"_self\" role=\"button\" rel=\"noopener noreferrer\">\n\t\t\t\t\t\t\tRetour\n\t\t\t\t\t<\/a>\n","protected":false},"excerpt":{"rendered":"<p>ASCENSION (toile tournante) Huile &#8211; 60 x 120 &#8211; R\u00e9alis\u00e9e en ao\u00fbt 2014 Histoire de la toile inspir\u00e9 en avril 2020 Et Toi .. que ressens-tu\u00a0 ? Tu peux me partager ton ressenti&#8230;ou pas sur le Livre d&rsquo;Or de la page d&rsquo;Accueil Fais tourner la toile Arr\u00eate la au gr\u00e9 de ton ressenti POEME\u00a0 EN\u00a0&hellip;<\/p>\n","protected":false},"author":3,"featured_media":0,"parent":0,"menu_order":0,"comment_status":"closed","ping_status":"closed","template":"","meta":{"footnotes":""},"class_list":["post-2369","page","type-page","status-publish","hentry"],"yoast_head":"<!-- This site is optimized with the Yoast SEO plugin v27.4 - https:\/\/yoast.com\/product\/yoast-seo-wordpress\/ -->\n<title>TT - Ascension - Marie-No\u00eblle Jarousseau - Artiste<\/title>\n<meta name=\"robots\" content=\"index, follow, max-snippet:-1, max-image-preview:large, max-video-preview:-1\" \/>\n<link rel=\"canonical\" href=\"https:\/\/www.marienoelle-jarousseau.com\/fr\/tt-ascension\/\" \/>\n<meta property=\"og:locale\" content=\"fr_FR\" \/>\n<meta property=\"og:type\" content=\"article\" \/>\n<meta property=\"og:title\" content=\"TT - Ascension - Marie-No\u00eblle Jarousseau - Artiste\" \/>\n<meta property=\"og:description\" content=\"ASCENSION (toile tournante) Huile &#8211; 60 x 120 &#8211; R\u00e9alis\u00e9e en ao\u00fbt 2014 Histoire de la toile inspir\u00e9 en avril 2020 Et Toi .. que ressens-tu\u00a0 ? Tu peux me partager ton ressenti&#8230;ou pas sur le Livre d&rsquo;Or de la page d&rsquo;Accueil Fais tourner la toile Arr\u00eate la au gr\u00e9 de ton ressenti POEME\u00a0 EN\u00a0&hellip;\" \/>\n<meta property=\"og:url\" content=\"https:\/\/www.marienoelle-jarousseau.com\/fr\/tt-ascension\/\" \/>\n<meta property=\"og:site_name\" content=\"Marie-No\u00eblle Jarousseau - Artiste\" \/>\n<meta property=\"article:modified_time\" content=\"2020-04-29T05:54:09+00:00\" \/>\n<meta name=\"twitter:card\" content=\"summary_large_image\" \/>\n<meta name=\"twitter:label1\" content=\"Dur\u00e9e de lecture estim\u00e9e\" \/>\n\t<meta name=\"twitter:data1\" content=\"3 minutes\" \/>\n<script type=\"application\/ld+json\" class=\"yoast-schema-graph\">{\"@context\":\"https:\\\/\\\/schema.org\",\"@graph\":[{\"@type\":\"WebPage\",\"@id\":\"https:\\\/\\\/www.marienoelle-jarousseau.com\\\/fr\\\/tt-ascension\\\/\",\"url\":\"https:\\\/\\\/www.marienoelle-jarousseau.com\\\/fr\\\/tt-ascension\\\/\",\"name\":\"TT - Ascension - Marie-No\u00eblle Jarousseau - Artiste\",\"isPartOf\":{\"@id\":\"https:\\\/\\\/www.marienoelle-jarousseau.com\\\/fr\\\/#website\"},\"datePublished\":\"2020-04-28T15:06:14+00:00\",\"dateModified\":\"2020-04-29T05:54:09+00:00\",\"breadcrumb\":{\"@id\":\"https:\\\/\\\/www.marienoelle-jarousseau.com\\\/fr\\\/tt-ascension\\\/#breadcrumb\"},\"inLanguage\":\"fr-FR\",\"potentialAction\":[{\"@type\":\"ReadAction\",\"target\":[\"https:\\\/\\\/www.marienoelle-jarousseau.com\\\/fr\\\/tt-ascension\\\/\"]}]},{\"@type\":\"BreadcrumbList\",\"@id\":\"https:\\\/\\\/www.marienoelle-jarousseau.com\\\/fr\\\/tt-ascension\\\/#breadcrumb\",\"itemListElement\":[{\"@type\":\"ListItem\",\"position\":1,\"name\":\"Accueil\",\"item\":\"https:\\\/\\\/www.marienoelle-jarousseau.com\\\/fr\\\/\"},{\"@type\":\"ListItem\",\"position\":2,\"name\":\"TT &#8211; Ascension\"}]},{\"@type\":\"WebSite\",\"@id\":\"https:\\\/\\\/www.marienoelle-jarousseau.com\\\/fr\\\/#website\",\"url\":\"https:\\\/\\\/www.marienoelle-jarousseau.com\\\/fr\\\/\",\"name\":\"Marie-No\u00eblle Jarousseau - Artiste\",\"description\":\"\",\"potentialAction\":[{\"@type\":\"SearchAction\",\"target\":{\"@type\":\"EntryPoint\",\"urlTemplate\":\"https:\\\/\\\/www.marienoelle-jarousseau.com\\\/fr\\\/?s={search_term_string}\"},\"query-input\":{\"@type\":\"PropertyValueSpecification\",\"valueRequired\":true,\"valueName\":\"search_term_string\"}}],\"inLanguage\":\"fr-FR\"}]}<\/script>\n<!-- \/ Yoast SEO plugin. -->","yoast_head_json":{"title":"TT - Ascension - Marie-No\u00eblle Jarousseau - Artiste","robots":{"index":"index","follow":"follow","max-snippet":"max-snippet:-1","max-image-preview":"max-image-preview:large","max-video-preview":"max-video-preview:-1"},"canonical":"https:\/\/www.marienoelle-jarousseau.com\/fr\/tt-ascension\/","og_locale":"fr_FR","og_type":"article","og_title":"TT - Ascension - Marie-No\u00eblle Jarousseau - Artiste","og_description":"ASCENSION (toile tournante) Huile &#8211; 60 x 120 &#8211; R\u00e9alis\u00e9e en ao\u00fbt 2014 Histoire de la toile inspir\u00e9 en avril 2020 Et Toi .. que ressens-tu\u00a0 ? Tu peux me partager ton ressenti&#8230;ou pas sur le Livre d&rsquo;Or de la page d&rsquo;Accueil Fais tourner la toile Arr\u00eate la au gr\u00e9 de ton ressenti POEME\u00a0 EN\u00a0&hellip;","og_url":"https:\/\/www.marienoelle-jarousseau.com\/fr\/tt-ascension\/","og_site_name":"Marie-No\u00eblle Jarousseau - Artiste","article_modified_time":"2020-04-29T05:54:09+00:00","twitter_card":"summary_large_image","twitter_misc":{"Dur\u00e9e de lecture estim\u00e9e":"3 minutes"},"schema":{"@context":"https:\/\/schema.org","@graph":[{"@type":"WebPage","@id":"https:\/\/www.marienoelle-jarousseau.com\/fr\/tt-ascension\/","url":"https:\/\/www.marienoelle-jarousseau.com\/fr\/tt-ascension\/","name":"TT - Ascension - Marie-No\u00eblle Jarousseau - Artiste","isPartOf":{"@id":"https:\/\/www.marienoelle-jarousseau.com\/fr\/#website"},"datePublished":"2020-04-28T15:06:14+00:00","dateModified":"2020-04-29T05:54:09+00:00","breadcrumb":{"@id":"https:\/\/www.marienoelle-jarousseau.com\/fr\/tt-ascension\/#breadcrumb"},"inLanguage":"fr-FR","potentialAction":[{"@type":"ReadAction","target":["https:\/\/www.marienoelle-jarousseau.com\/fr\/tt-ascension\/"]}]},{"@type":"BreadcrumbList","@id":"https:\/\/www.marienoelle-jarousseau.com\/fr\/tt-ascension\/#breadcrumb","itemListElement":[{"@type":"ListItem","position":1,"name":"Accueil","item":"https:\/\/www.marienoelle-jarousseau.com\/fr\/"},{"@type":"ListItem","position":2,"name":"TT &#8211; Ascension"}]},{"@type":"WebSite","@id":"https:\/\/www.marienoelle-jarousseau.com\/fr\/#website","url":"https:\/\/www.marienoelle-jarousseau.com\/fr\/","name":"Marie-No\u00eblle Jarousseau - Artiste","description":"","potentialAction":[{"@type":"SearchAction","target":{"@type":"EntryPoint","urlTemplate":"https:\/\/www.marienoelle-jarousseau.com\/fr\/?s={search_term_string}"},"query-input":{"@type":"PropertyValueSpecification","valueRequired":true,"valueName":"search_term_string"}}],"inLanguage":"fr-FR"}]}},"_links":{"self":[{"href":"https:\/\/www.marienoelle-jarousseau.com\/fr\/wp-json\/wp\/v2\/pages\/2369","targetHints":{"allow":["GET"]}}],"collection":[{"href":"https:\/\/www.marienoelle-jarousseau.com\/fr\/wp-json\/wp\/v2\/pages"}],"about":[{"href":"https:\/\/www.marienoelle-jarousseau.com\/fr\/wp-json\/wp\/v2\/types\/page"}],"author":[{"embeddable":true,"href":"https:\/\/www.marienoelle-jarousseau.com\/fr\/wp-json\/wp\/v2\/users\/3"}],"replies":[{"embeddable":true,"href":"https:\/\/www.marienoelle-jarousseau.com\/fr\/wp-json\/wp\/v2\/comments?post=2369"}],"version-history":[{"count":0,"href":"https:\/\/www.marienoelle-jarousseau.com\/fr\/wp-json\/wp\/v2\/pages\/2369\/revisions"}],"wp:attachment":[{"href":"https:\/\/www.marienoelle-jarousseau.com\/fr\/wp-json\/wp\/v2\/media?parent=2369"}],"curies":[{"name":"wp","href":"https:\/\/api.w.org\/{rel}","templated":true}]}}