{"id":2385,"date":"2020-05-09T16:44:35","date_gmt":"2020-05-09T15:44:35","guid":{"rendered":"https:\/\/www.marienoelle-jarousseau.com\/fr\/?page_id=2385"},"modified":"2020-05-09T16:47:37","modified_gmt":"2020-05-09T15:47:37","slug":"tt-illusion","status":"publish","type":"page","link":"https:\/\/www.marienoelle-jarousseau.com\/fr\/tt-illusion\/","title":{"rendered":"TT &#8211; Illusion"},"content":{"rendered":"<h2>\n\t\tILLUSION&#8230; (toile tournante)\n\t<\/h2>\n\t<em>Huile &#8211; 89 x 116 &#8211; R<\/em><em>\u00e9alis\u00e9e en octobre 1998 &amp; mai 2001<\/em><br \/>\n<em>Po\u00e8me \u00a0&#8211; Inspir\u00e9 en avril 2002 &#8211; Accompagne la Toile<\/em>\n\t<h3><strong>Et Toi .. que ressens-tu\u00a0 ?<\/strong><\/h3>\n<em>Tu peux me partager ton ressenti&#8230;ou pas<br \/>\nsur le Livre d&rsquo;Or de la page d&rsquo;Accueil<\/em>\n\t<em>Fais tourner la toile<\/em> <br \/>\n<em>Arr\u00eate la au gr\u00e9 de ton ressenti<\/em> \n\t<style type=\"text\/css\">\r\n\t\t\t.picture_rotating_container .picture_rotating_view {width: 602.40849927603px;height: 602.40849927603px;}\r\n\t\t\t.picture_rotating_container .picture_rotating_view img#PR_69e7846e29d73, .picture_rotating_container .picture_rotating_view canvas#PR_69e7846e29d73 {margin: 133.20424963802px 51.204249638016px;}\r\n\t\t<\/style><script type=\"text\/javascript\">var picture_rotating_intervalPR_69e7846e29d73;var picture_rotating_interval_stoppedPR_69e7846e29d73 = false;var angle = 0;\r\n\t\tif(!picture_rotating_diago)\r\n\t\t\tvar picture_rotating_diago = [];\r\n\t\tpicture_rotating_diago[\"PR_69e7846e29d73\"] = 602.40849927603;\r\n\t\t\t\tjQuery(document).ready(function($) {\r\n\t\t\t\t\t\/** $(\"#PR_69e7846e29d73\").click(function(){ $(this).rotateLeft(180); }); *\/\r\n\t\t\t\t\t\r\n\t\t\t\t\t\/** picture_rotating_intervalPR_69e7846e29d73 = setInterval(function () { $(\"#PR_69e7846e29d73\").rotate(5); },500); *\/\r\n\t\t\t\t\t\/\/ clearInterval(picture_rotating_intervalPR_69e7846e29d73);\r\n\t\t\t\t\t\r\n\t\t\t\t\tpicture_rotating_intervalPR_69e7846e29d73 = setInterval(function () { angle+=5;$(\"#PR_69e7846e29d73\").rotate(angle); },500);\r\n\t\t\t\t});\r\n\t\t\t\t\tfunction stopPictRotatePR_69e7846e29d73(){if(!picture_rotating_interval_stoppedPR_69e7846e29d73){clearInterval(picture_rotating_intervalPR_69e7846e29d73);picture_rotating_interval_stoppedPR_69e7846e29d73 = true;}}\r\n\t\t\t\t\tfunction startPictRotatePR_69e7846e29d73(){if(picture_rotating_interval_stoppedPR_69e7846e29d73){picture_rotating_intervalPR_69e7846e29d73 = setInterval(function () { angle+=5;jQuery(\"#PR_69e7846e29d73\").rotate(angle); },500);picture_rotating_interval_stoppedPR_69e7846e29d73 = false;}}\r\n\t\t\t<\/script><div class=\"picture_rotating_container\">\r\n\t\t\t\t<div class=\"picture_rotating_view\"><img loading=\"lazy\" decoding=\"async\" id=\"PR_69e7846e29d73\" src=\"https:\/\/www.marienoelle-jarousseau.com\/fr\/wp-content\/uploads\/2015\/09\/75-ILLUSION-1-huile-sur-toile-116_-e1589037896554.jpg\" alt=\"\" width=\"500\" height=\"336\"\/><\/div>\r\n\t\t\t\t<div class=\"picture_rotating_controls\"><i class=\"fa fa-pause\" onclick=\"javascript:stopPictRotatePR_69e7846e29d73()\"><\/i><i class=\"fa fa-play\" onclick=\"javascript:startPictRotatePR_69e7846e29d73()\"><\/i><\/div>\r\n\t\t\t<\/div>\n\t<p><em>POEME\u00a0 EN\u00a0 \u00a0AUDIO<\/em><\/p>\n<p><i>\u00e0 venir&#8230;<\/i><\/p>\n<\/br>\n<\/br>\n<p>\u00a0\u00bb ILLUSION \u00ab\u00a0<\/p>\n<\/br>\nTout au long de ce tableau<\/br>\nMa m\u00e8re est pr\u00e9sente en moi<\/br>\nJe revis toutes les \u00e9motions<\/br> \nBonnes ou mauvaises<\/br>\nAttach\u00e9es \u00e0 notre histoire<\/br>\n<\/br>\nJe franchis un pont&#8230;<\/br>\nLa source coule \u00e0 nouveau<\/br>\nJe suis en paix<\/br>\n<\/br> \n<\/br>\nILLUSION\u2026\u2026.. pourquoi ?<\/br>\n<\/br>\n\u00ab\u00a0Il est illusoire<\/br>\nDe vouloir changer l&rsquo;autre<\/br>\nPour aller mieux&#8230;\u00a0\u00bb<\/br>\n <\/br>\nMais<\/br>\n <\/br>\nL&rsquo;aimer pour sa diff\u00e9rence<\/br>\nPour ce qu&rsquo;il est<\/br>\nOu choisit d&rsquo;\u00eatre<\/br>\nLe reconna\u00eetre<\/br>\nPour ce qu&rsquo;il m&rsquo;enseigne comme miroir<\/br>\nEt me permet d&rsquo;\u00e9voluer dans le temps&#8230;<\/br>\n<\/br>\nMerci maman<\/br>\n<\/br>\n<\/br>\n<p>MNJ<\/p>\n\t\t\t<a href=\"http:\/\/www.marienoelle-jarousseau.com\/fr\/galeries\/contemporains\/\" target=\"_self\" role=\"button\" rel=\"noopener noreferrer\">\n\t\t\t\t\t\t\tRetour\n\t\t\t\t\t<\/a>\n","protected":false},"excerpt":{"rendered":"<p>ILLUSION&#8230; (toile tournante) Huile &#8211; 89 x 116 &#8211; R\u00e9alis\u00e9e en octobre 1998 &amp; mai 2001 Po\u00e8me \u00a0&#8211; Inspir\u00e9 en avril 2002 &#8211; Accompagne la Toile Et Toi .. que ressens-tu\u00a0 ? Tu peux me partager ton ressenti&#8230;ou pas sur le Livre d&rsquo;Or de la page d&rsquo;Accueil Fais tourner la toile Arr\u00eate la au gr\u00e9&hellip;<\/p>\n","protected":false},"author":3,"featured_media":0,"parent":0,"menu_order":0,"comment_status":"closed","ping_status":"closed","template":"","meta":{"footnotes":""},"class_list":["post-2385","page","type-page","status-publish","hentry"],"yoast_head":"<!-- This site is optimized with the Yoast SEO plugin v27.4 - https:\/\/yoast.com\/product\/yoast-seo-wordpress\/ -->\n<title>TT - Illusion - Marie-No\u00eblle Jarousseau - Artiste<\/title>\n<meta name=\"robots\" content=\"index, follow, max-snippet:-1, max-image-preview:large, max-video-preview:-1\" \/>\n<link rel=\"canonical\" href=\"https:\/\/www.marienoelle-jarousseau.com\/fr\/tt-illusion\/\" \/>\n<meta property=\"og:locale\" content=\"fr_FR\" \/>\n<meta property=\"og:type\" content=\"article\" \/>\n<meta property=\"og:title\" content=\"TT - Illusion - Marie-No\u00eblle Jarousseau - Artiste\" \/>\n<meta property=\"og:description\" content=\"ILLUSION&#8230; (toile tournante) Huile &#8211; 89 x 116 &#8211; R\u00e9alis\u00e9e en octobre 1998 &amp; mai 2001 Po\u00e8me \u00a0&#8211; Inspir\u00e9 en avril 2002 &#8211; Accompagne la Toile Et Toi .. que ressens-tu\u00a0 ? Tu peux me partager ton ressenti&#8230;ou pas sur le Livre d&rsquo;Or de la page d&rsquo;Accueil Fais tourner la toile Arr\u00eate la au gr\u00e9&hellip;\" \/>\n<meta property=\"og:url\" content=\"https:\/\/www.marienoelle-jarousseau.com\/fr\/tt-illusion\/\" \/>\n<meta property=\"og:site_name\" content=\"Marie-No\u00eblle Jarousseau - Artiste\" \/>\n<meta property=\"article:modified_time\" content=\"2020-05-09T15:47:37+00:00\" \/>\n<meta name=\"twitter:card\" content=\"summary_large_image\" \/>\n<meta name=\"twitter:label1\" content=\"Dur\u00e9e de lecture estim\u00e9e\" \/>\n\t<meta name=\"twitter:data1\" content=\"1 minute\" \/>\n<script type=\"application\/ld+json\" class=\"yoast-schema-graph\">{\"@context\":\"https:\\\/\\\/schema.org\",\"@graph\":[{\"@type\":\"WebPage\",\"@id\":\"https:\\\/\\\/www.marienoelle-jarousseau.com\\\/fr\\\/tt-illusion\\\/\",\"url\":\"https:\\\/\\\/www.marienoelle-jarousseau.com\\\/fr\\\/tt-illusion\\\/\",\"name\":\"TT - Illusion - Marie-No\u00eblle Jarousseau - Artiste\",\"isPartOf\":{\"@id\":\"https:\\\/\\\/www.marienoelle-jarousseau.com\\\/fr\\\/#website\"},\"datePublished\":\"2020-05-09T15:44:35+00:00\",\"dateModified\":\"2020-05-09T15:47:37+00:00\",\"breadcrumb\":{\"@id\":\"https:\\\/\\\/www.marienoelle-jarousseau.com\\\/fr\\\/tt-illusion\\\/#breadcrumb\"},\"inLanguage\":\"fr-FR\",\"potentialAction\":[{\"@type\":\"ReadAction\",\"target\":[\"https:\\\/\\\/www.marienoelle-jarousseau.com\\\/fr\\\/tt-illusion\\\/\"]}]},{\"@type\":\"BreadcrumbList\",\"@id\":\"https:\\\/\\\/www.marienoelle-jarousseau.com\\\/fr\\\/tt-illusion\\\/#breadcrumb\",\"itemListElement\":[{\"@type\":\"ListItem\",\"position\":1,\"name\":\"Accueil\",\"item\":\"https:\\\/\\\/www.marienoelle-jarousseau.com\\\/fr\\\/\"},{\"@type\":\"ListItem\",\"position\":2,\"name\":\"TT &#8211; Illusion\"}]},{\"@type\":\"WebSite\",\"@id\":\"https:\\\/\\\/www.marienoelle-jarousseau.com\\\/fr\\\/#website\",\"url\":\"https:\\\/\\\/www.marienoelle-jarousseau.com\\\/fr\\\/\",\"name\":\"Marie-No\u00eblle Jarousseau - Artiste\",\"description\":\"\",\"potentialAction\":[{\"@type\":\"SearchAction\",\"target\":{\"@type\":\"EntryPoint\",\"urlTemplate\":\"https:\\\/\\\/www.marienoelle-jarousseau.com\\\/fr\\\/?s={search_term_string}\"},\"query-input\":{\"@type\":\"PropertyValueSpecification\",\"valueRequired\":true,\"valueName\":\"search_term_string\"}}],\"inLanguage\":\"fr-FR\"}]}<\/script>\n<!-- \/ Yoast SEO plugin. -->","yoast_head_json":{"title":"TT - Illusion - Marie-No\u00eblle Jarousseau - Artiste","robots":{"index":"index","follow":"follow","max-snippet":"max-snippet:-1","max-image-preview":"max-image-preview:large","max-video-preview":"max-video-preview:-1"},"canonical":"https:\/\/www.marienoelle-jarousseau.com\/fr\/tt-illusion\/","og_locale":"fr_FR","og_type":"article","og_title":"TT - Illusion - Marie-No\u00eblle Jarousseau - Artiste","og_description":"ILLUSION&#8230; (toile tournante) Huile &#8211; 89 x 116 &#8211; R\u00e9alis\u00e9e en octobre 1998 &amp; mai 2001 Po\u00e8me \u00a0&#8211; Inspir\u00e9 en avril 2002 &#8211; Accompagne la Toile Et Toi .. que ressens-tu\u00a0 ? Tu peux me partager ton ressenti&#8230;ou pas sur le Livre d&rsquo;Or de la page d&rsquo;Accueil Fais tourner la toile Arr\u00eate la au gr\u00e9&hellip;","og_url":"https:\/\/www.marienoelle-jarousseau.com\/fr\/tt-illusion\/","og_site_name":"Marie-No\u00eblle Jarousseau - Artiste","article_modified_time":"2020-05-09T15:47:37+00:00","twitter_card":"summary_large_image","twitter_misc":{"Dur\u00e9e de lecture estim\u00e9e":"1 minute"},"schema":{"@context":"https:\/\/schema.org","@graph":[{"@type":"WebPage","@id":"https:\/\/www.marienoelle-jarousseau.com\/fr\/tt-illusion\/","url":"https:\/\/www.marienoelle-jarousseau.com\/fr\/tt-illusion\/","name":"TT - Illusion - Marie-No\u00eblle Jarousseau - Artiste","isPartOf":{"@id":"https:\/\/www.marienoelle-jarousseau.com\/fr\/#website"},"datePublished":"2020-05-09T15:44:35+00:00","dateModified":"2020-05-09T15:47:37+00:00","breadcrumb":{"@id":"https:\/\/www.marienoelle-jarousseau.com\/fr\/tt-illusion\/#breadcrumb"},"inLanguage":"fr-FR","potentialAction":[{"@type":"ReadAction","target":["https:\/\/www.marienoelle-jarousseau.com\/fr\/tt-illusion\/"]}]},{"@type":"BreadcrumbList","@id":"https:\/\/www.marienoelle-jarousseau.com\/fr\/tt-illusion\/#breadcrumb","itemListElement":[{"@type":"ListItem","position":1,"name":"Accueil","item":"https:\/\/www.marienoelle-jarousseau.com\/fr\/"},{"@type":"ListItem","position":2,"name":"TT &#8211; Illusion"}]},{"@type":"WebSite","@id":"https:\/\/www.marienoelle-jarousseau.com\/fr\/#website","url":"https:\/\/www.marienoelle-jarousseau.com\/fr\/","name":"Marie-No\u00eblle Jarousseau - Artiste","description":"","potentialAction":[{"@type":"SearchAction","target":{"@type":"EntryPoint","urlTemplate":"https:\/\/www.marienoelle-jarousseau.com\/fr\/?s={search_term_string}"},"query-input":{"@type":"PropertyValueSpecification","valueRequired":true,"valueName":"search_term_string"}}],"inLanguage":"fr-FR"}]}},"_links":{"self":[{"href":"https:\/\/www.marienoelle-jarousseau.com\/fr\/wp-json\/wp\/v2\/pages\/2385","targetHints":{"allow":["GET"]}}],"collection":[{"href":"https:\/\/www.marienoelle-jarousseau.com\/fr\/wp-json\/wp\/v2\/pages"}],"about":[{"href":"https:\/\/www.marienoelle-jarousseau.com\/fr\/wp-json\/wp\/v2\/types\/page"}],"author":[{"embeddable":true,"href":"https:\/\/www.marienoelle-jarousseau.com\/fr\/wp-json\/wp\/v2\/users\/3"}],"replies":[{"embeddable":true,"href":"https:\/\/www.marienoelle-jarousseau.com\/fr\/wp-json\/wp\/v2\/comments?post=2385"}],"version-history":[{"count":0,"href":"https:\/\/www.marienoelle-jarousseau.com\/fr\/wp-json\/wp\/v2\/pages\/2385\/revisions"}],"wp:attachment":[{"href":"https:\/\/www.marienoelle-jarousseau.com\/fr\/wp-json\/wp\/v2\/media?parent=2385"}],"curies":[{"name":"wp","href":"https:\/\/api.w.org\/{rel}","templated":true}]}}