{"id":2387,"date":"2020-05-08T17:06:58","date_gmt":"2020-05-08T16:06:58","guid":{"rendered":"https:\/\/www.marienoelle-jarousseau.com\/fr\/?page_id=2387"},"modified":"2020-05-08T17:06:58","modified_gmt":"2020-05-08T16:06:58","slug":"tt-plenitude","status":"publish","type":"page","link":"https:\/\/www.marienoelle-jarousseau.com\/fr\/tt-plenitude\/","title":{"rendered":"TT &#8211; Pl\u00e9nitude"},"content":{"rendered":"<h2>\n\t\tPLENITUDE&#8230; (toile tournante)\n\t<\/h2>\n\t<em>Huile &#8211; 60 x 81 &#8211; R<\/em><em>\u00e9alis\u00e9e en f\u00e9vrier\u00a0 2008<\/em><br \/>\n<em>Accompagne la Toile<\/em>\n\t<h3><strong>Et Toi .. que ressens-tu\u00a0 ?<\/strong><\/h3>\n<em>Tu peux me partager ton ressenti&#8230;ou pas<br \/>\nsur le Livre d&rsquo;Or de la page d&rsquo;Accueil<\/em>\n\t<em>Fais tourner la toile<\/em> <br \/>\n<em>Arr\u00eate la au gr\u00e9 de ton ressenti<\/em> \n\t<style type=\"text\/css\">\r\n\t\t\t.picture_rotating_container .picture_rotating_view {width: 622.01286160336px;height: 622.01286160336px;}\r\n\t\t\t.picture_rotating_container .picture_rotating_view img#PR_69e78495a87e6, .picture_rotating_container .picture_rotating_view canvas#PR_69e78495a87e6 {margin: 126.00643080168px 61.00643080168px;}\r\n\t\t<\/style><script type=\"text\/javascript\">var picture_rotating_intervalPR_69e78495a87e6;var picture_rotating_interval_stoppedPR_69e78495a87e6 = false;var angle = 0;\r\n\t\tif(!picture_rotating_diago)\r\n\t\t\tvar picture_rotating_diago = [];\r\n\t\tpicture_rotating_diago[\"PR_69e78495a87e6\"] = 622.01286160336;\r\n\t\t\t\tjQuery(document).ready(function($) {\r\n\t\t\t\t\t\/** $(\"#PR_69e78495a87e6\").click(function(){ $(this).rotateLeft(180); }); *\/\r\n\t\t\t\t\t\r\n\t\t\t\t\t\/** picture_rotating_intervalPR_69e78495a87e6 = setInterval(function () { $(\"#PR_69e78495a87e6\").rotate(5); },500); *\/\r\n\t\t\t\t\t\/\/ clearInterval(picture_rotating_intervalPR_69e78495a87e6);\r\n\t\t\t\t\t\r\n\t\t\t\t\tpicture_rotating_intervalPR_69e78495a87e6 = setInterval(function () { angle+=5;$(\"#PR_69e78495a87e6\").rotate(angle); },500);\r\n\t\t\t\t});\r\n\t\t\t\t\tfunction stopPictRotatePR_69e78495a87e6(){if(!picture_rotating_interval_stoppedPR_69e78495a87e6){clearInterval(picture_rotating_intervalPR_69e78495a87e6);picture_rotating_interval_stoppedPR_69e78495a87e6 = true;}}\r\n\t\t\t\t\tfunction startPictRotatePR_69e78495a87e6(){if(picture_rotating_interval_stoppedPR_69e78495a87e6){picture_rotating_intervalPR_69e78495a87e6 = setInterval(function () { angle+=5;jQuery(\"#PR_69e78495a87e6\").rotate(angle); },500);picture_rotating_interval_stoppedPR_69e78495a87e6 = false;}}\r\n\t\t\t<\/script><div class=\"picture_rotating_container\">\r\n\t\t\t\t<div class=\"picture_rotating_view\"><img loading=\"lazy\" decoding=\"async\" id=\"PR_69e78495a87e6\" src=\"https:\/\/www.marienoelle-jarousseau.com\/fr\/wp-content\/uploads\/2020\/05\/171-PLENITUDE-1-huile-sur-toile-tournante-60-x-81-fevrier-mars-2008-e1588953608923.jpg\" alt=\"\" width=\"500\" height=\"370\"\/><\/div>\r\n\t\t\t\t<div class=\"picture_rotating_controls\"><i class=\"fa fa-pause\" onclick=\"javascript:stopPictRotatePR_69e78495a87e6()\"><\/i><i class=\"fa fa-play\" onclick=\"javascript:startPictRotatePR_69e78495a87e6()\"><\/i><\/div>\r\n\t\t\t<\/div>\n\t<blockquote>\n<h2>Histoire\u00a0 de\u00a0 la\u00a0 Toile<\/h2>\n<\/blockquote>\n\t<p><em>\u00a0AUDIO<\/em><\/p>\n<p><i>\u00e0 venir&#8230;<\/i><\/p>\n\t<p>Histoire \u00e0 venir&#8230;<\/p>\n\t\t\t<a href=\"http:\/\/www.marienoelle-jarousseau.com\/fr\/galeries\/contemporains\/\" target=\"_self\" role=\"button\" rel=\"noopener noreferrer\">\n\t\t\t\t\t\t\tRetour\n\t\t\t\t\t<\/a>\n","protected":false},"excerpt":{"rendered":"<p>PLENITUDE&#8230; (toile tournante) Huile &#8211; 60 x 81 &#8211; R\u00e9alis\u00e9e en f\u00e9vrier\u00a0 2008 Accompagne la Toile Et Toi .. que ressens-tu\u00a0 ? Tu peux me partager ton ressenti&#8230;ou pas sur le Livre d&rsquo;Or de la page d&rsquo;Accueil Fais tourner la toile Arr\u00eate la au gr\u00e9 de ton ressenti Histoire\u00a0 de\u00a0 la\u00a0 Toile \u00a0AUDIO \u00e0 venir&#8230;&hellip;<\/p>\n","protected":false},"author":3,"featured_media":0,"parent":0,"menu_order":0,"comment_status":"closed","ping_status":"closed","template":"","meta":{"footnotes":""},"class_list":["post-2387","page","type-page","status-publish","hentry"],"yoast_head":"<!-- This site is optimized with the Yoast SEO plugin v27.4 - https:\/\/yoast.com\/product\/yoast-seo-wordpress\/ -->\n<title>TT - Pl\u00e9nitude - Marie-No\u00eblle Jarousseau - Artiste<\/title>\n<meta name=\"robots\" content=\"index, follow, max-snippet:-1, max-image-preview:large, max-video-preview:-1\" \/>\n<link rel=\"canonical\" href=\"https:\/\/www.marienoelle-jarousseau.com\/fr\/tt-plenitude\/\" \/>\n<meta property=\"og:locale\" content=\"fr_FR\" \/>\n<meta property=\"og:type\" content=\"article\" \/>\n<meta property=\"og:title\" content=\"TT - Pl\u00e9nitude - Marie-No\u00eblle Jarousseau - Artiste\" \/>\n<meta property=\"og:description\" content=\"PLENITUDE&#8230; (toile tournante) Huile &#8211; 60 x 81 &#8211; R\u00e9alis\u00e9e en f\u00e9vrier\u00a0 2008 Accompagne la Toile Et Toi .. que ressens-tu\u00a0 ? Tu peux me partager ton ressenti&#8230;ou pas sur le Livre d&rsquo;Or de la page d&rsquo;Accueil Fais tourner la toile Arr\u00eate la au gr\u00e9 de ton ressenti Histoire\u00a0 de\u00a0 la\u00a0 Toile \u00a0AUDIO \u00e0 venir&#8230;&hellip;\" \/>\n<meta property=\"og:url\" content=\"https:\/\/www.marienoelle-jarousseau.com\/fr\/tt-plenitude\/\" \/>\n<meta property=\"og:site_name\" content=\"Marie-No\u00eblle Jarousseau - Artiste\" \/>\n<meta name=\"twitter:card\" content=\"summary_large_image\" \/>\n<script type=\"application\/ld+json\" class=\"yoast-schema-graph\">{\"@context\":\"https:\\\/\\\/schema.org\",\"@graph\":[{\"@type\":\"WebPage\",\"@id\":\"https:\\\/\\\/www.marienoelle-jarousseau.com\\\/fr\\\/tt-plenitude\\\/\",\"url\":\"https:\\\/\\\/www.marienoelle-jarousseau.com\\\/fr\\\/tt-plenitude\\\/\",\"name\":\"TT - Pl\u00e9nitude - Marie-No\u00eblle Jarousseau - Artiste\",\"isPartOf\":{\"@id\":\"https:\\\/\\\/www.marienoelle-jarousseau.com\\\/fr\\\/#website\"},\"datePublished\":\"2020-05-08T16:06:58+00:00\",\"breadcrumb\":{\"@id\":\"https:\\\/\\\/www.marienoelle-jarousseau.com\\\/fr\\\/tt-plenitude\\\/#breadcrumb\"},\"inLanguage\":\"fr-FR\",\"potentialAction\":[{\"@type\":\"ReadAction\",\"target\":[\"https:\\\/\\\/www.marienoelle-jarousseau.com\\\/fr\\\/tt-plenitude\\\/\"]}]},{\"@type\":\"BreadcrumbList\",\"@id\":\"https:\\\/\\\/www.marienoelle-jarousseau.com\\\/fr\\\/tt-plenitude\\\/#breadcrumb\",\"itemListElement\":[{\"@type\":\"ListItem\",\"position\":1,\"name\":\"Accueil\",\"item\":\"https:\\\/\\\/www.marienoelle-jarousseau.com\\\/fr\\\/\"},{\"@type\":\"ListItem\",\"position\":2,\"name\":\"TT &#8211; Pl\u00e9nitude\"}]},{\"@type\":\"WebSite\",\"@id\":\"https:\\\/\\\/www.marienoelle-jarousseau.com\\\/fr\\\/#website\",\"url\":\"https:\\\/\\\/www.marienoelle-jarousseau.com\\\/fr\\\/\",\"name\":\"Marie-No\u00eblle Jarousseau - Artiste\",\"description\":\"\",\"potentialAction\":[{\"@type\":\"SearchAction\",\"target\":{\"@type\":\"EntryPoint\",\"urlTemplate\":\"https:\\\/\\\/www.marienoelle-jarousseau.com\\\/fr\\\/?s={search_term_string}\"},\"query-input\":{\"@type\":\"PropertyValueSpecification\",\"valueRequired\":true,\"valueName\":\"search_term_string\"}}],\"inLanguage\":\"fr-FR\"}]}<\/script>\n<!-- \/ Yoast SEO plugin. -->","yoast_head_json":{"title":"TT - Pl\u00e9nitude - Marie-No\u00eblle Jarousseau - Artiste","robots":{"index":"index","follow":"follow","max-snippet":"max-snippet:-1","max-image-preview":"max-image-preview:large","max-video-preview":"max-video-preview:-1"},"canonical":"https:\/\/www.marienoelle-jarousseau.com\/fr\/tt-plenitude\/","og_locale":"fr_FR","og_type":"article","og_title":"TT - Pl\u00e9nitude - Marie-No\u00eblle Jarousseau - Artiste","og_description":"PLENITUDE&#8230; (toile tournante) Huile &#8211; 60 x 81 &#8211; R\u00e9alis\u00e9e en f\u00e9vrier\u00a0 2008 Accompagne la Toile Et Toi .. que ressens-tu\u00a0 ? Tu peux me partager ton ressenti&#8230;ou pas sur le Livre d&rsquo;Or de la page d&rsquo;Accueil Fais tourner la toile Arr\u00eate la au gr\u00e9 de ton ressenti Histoire\u00a0 de\u00a0 la\u00a0 Toile \u00a0AUDIO \u00e0 venir&#8230;&hellip;","og_url":"https:\/\/www.marienoelle-jarousseau.com\/fr\/tt-plenitude\/","og_site_name":"Marie-No\u00eblle Jarousseau - Artiste","twitter_card":"summary_large_image","schema":{"@context":"https:\/\/schema.org","@graph":[{"@type":"WebPage","@id":"https:\/\/www.marienoelle-jarousseau.com\/fr\/tt-plenitude\/","url":"https:\/\/www.marienoelle-jarousseau.com\/fr\/tt-plenitude\/","name":"TT - Pl\u00e9nitude - Marie-No\u00eblle Jarousseau - Artiste","isPartOf":{"@id":"https:\/\/www.marienoelle-jarousseau.com\/fr\/#website"},"datePublished":"2020-05-08T16:06:58+00:00","breadcrumb":{"@id":"https:\/\/www.marienoelle-jarousseau.com\/fr\/tt-plenitude\/#breadcrumb"},"inLanguage":"fr-FR","potentialAction":[{"@type":"ReadAction","target":["https:\/\/www.marienoelle-jarousseau.com\/fr\/tt-plenitude\/"]}]},{"@type":"BreadcrumbList","@id":"https:\/\/www.marienoelle-jarousseau.com\/fr\/tt-plenitude\/#breadcrumb","itemListElement":[{"@type":"ListItem","position":1,"name":"Accueil","item":"https:\/\/www.marienoelle-jarousseau.com\/fr\/"},{"@type":"ListItem","position":2,"name":"TT &#8211; Pl\u00e9nitude"}]},{"@type":"WebSite","@id":"https:\/\/www.marienoelle-jarousseau.com\/fr\/#website","url":"https:\/\/www.marienoelle-jarousseau.com\/fr\/","name":"Marie-No\u00eblle Jarousseau - Artiste","description":"","potentialAction":[{"@type":"SearchAction","target":{"@type":"EntryPoint","urlTemplate":"https:\/\/www.marienoelle-jarousseau.com\/fr\/?s={search_term_string}"},"query-input":{"@type":"PropertyValueSpecification","valueRequired":true,"valueName":"search_term_string"}}],"inLanguage":"fr-FR"}]}},"_links":{"self":[{"href":"https:\/\/www.marienoelle-jarousseau.com\/fr\/wp-json\/wp\/v2\/pages\/2387","targetHints":{"allow":["GET"]}}],"collection":[{"href":"https:\/\/www.marienoelle-jarousseau.com\/fr\/wp-json\/wp\/v2\/pages"}],"about":[{"href":"https:\/\/www.marienoelle-jarousseau.com\/fr\/wp-json\/wp\/v2\/types\/page"}],"author":[{"embeddable":true,"href":"https:\/\/www.marienoelle-jarousseau.com\/fr\/wp-json\/wp\/v2\/users\/3"}],"replies":[{"embeddable":true,"href":"https:\/\/www.marienoelle-jarousseau.com\/fr\/wp-json\/wp\/v2\/comments?post=2387"}],"version-history":[{"count":0,"href":"https:\/\/www.marienoelle-jarousseau.com\/fr\/wp-json\/wp\/v2\/pages\/2387\/revisions"}],"wp:attachment":[{"href":"https:\/\/www.marienoelle-jarousseau.com\/fr\/wp-json\/wp\/v2\/media?parent=2387"}],"curies":[{"name":"wp","href":"https:\/\/api.w.org\/{rel}","templated":true}]}}