{"id":2397,"date":"2020-05-12T10:45:45","date_gmt":"2020-05-12T09:45:45","guid":{"rendered":"https:\/\/www.marienoelle-jarousseau.com\/fr\/?page_id=2397"},"modified":"2020-05-12T10:45:45","modified_gmt":"2020-05-12T09:45:45","slug":"tt-conscience-planetaire","status":"publish","type":"page","link":"https:\/\/www.marienoelle-jarousseau.com\/fr\/tt-conscience-planetaire\/","title":{"rendered":"TT &#8211; Conscience plan\u00e9taire"},"content":{"rendered":"<h2>\n\t\tCONSCIENCE PLANETAIRE&#8230; (toile tournante)\n\t<\/h2>\n\t<em>Huile &#8211; 54 x 65 &#8211; R<\/em><em>\u00e9alis\u00e9e d&rsquo;octobre 2005 \u00e0 f\u00e9vrier 2006<\/em><br \/>\n<em>Po\u00e8me en Inspir\u00e9\u00a0 mai 2006 &#8211; Accompagne la Toile<\/em>\n\t<h3><strong>Et Toi .. que ressens-tu\u00a0 ?<\/strong><\/h3>\n<em>Tu peux me partager ton ressenti&#8230;ou pas<br \/>\nsur le Livre d&rsquo;Or de la page d&rsquo;Accueil<\/em>\n\t<em>Fais tourner la toile<\/em> <br \/>\n<em>Arr\u00eate la au gr\u00e9 de ton ressenti<\/em> \n\t<style type=\"text\/css\">\r\n\t\t\t.picture_rotating_container .picture_rotating_view {width: 584.11043476384px;height: 584.11043476384px;}\r\n\t\t\t.picture_rotating_container .picture_rotating_view img#PR_69e7846d5b6bd, .picture_rotating_container .picture_rotating_view canvas#PR_69e7846d5b6bd {margin: 104.05521738192px 68.555217381919px;}\r\n\t\t<\/style><script type=\"text\/javascript\">var picture_rotating_intervalPR_69e7846d5b6bd;var picture_rotating_interval_stoppedPR_69e7846d5b6bd = false;var angle = 0;\r\n\t\tif(!picture_rotating_diago)\r\n\t\t\tvar picture_rotating_diago = [];\r\n\t\tpicture_rotating_diago[\"PR_69e7846d5b6bd\"] = 584.11043476384;\r\n\t\t\t\tjQuery(document).ready(function($) {\r\n\t\t\t\t\t\/** $(\"#PR_69e7846d5b6bd\").click(function(){ $(this).rotateLeft(180); }); *\/\r\n\t\t\t\t\t\r\n\t\t\t\t\t\/** picture_rotating_intervalPR_69e7846d5b6bd = setInterval(function () { $(\"#PR_69e7846d5b6bd\").rotate(5); },500); *\/\r\n\t\t\t\t\t\/\/ clearInterval(picture_rotating_intervalPR_69e7846d5b6bd);\r\n\t\t\t\t\t\r\n\t\t\t\t\tpicture_rotating_intervalPR_69e7846d5b6bd = setInterval(function () { angle+=5;$(\"#PR_69e7846d5b6bd\").rotate(angle); },500);\r\n\t\t\t\t});\r\n\t\t\t\t\tfunction stopPictRotatePR_69e7846d5b6bd(){if(!picture_rotating_interval_stoppedPR_69e7846d5b6bd){clearInterval(picture_rotating_intervalPR_69e7846d5b6bd);picture_rotating_interval_stoppedPR_69e7846d5b6bd = true;}}\r\n\t\t\t\t\tfunction startPictRotatePR_69e7846d5b6bd(){if(picture_rotating_interval_stoppedPR_69e7846d5b6bd){picture_rotating_intervalPR_69e7846d5b6bd = setInterval(function () { angle+=5;jQuery(\"#PR_69e7846d5b6bd\").rotate(angle); },500);picture_rotating_interval_stoppedPR_69e7846d5b6bd = false;}}\r\n\t\t\t<\/script><div class=\"picture_rotating_container\">\r\n\t\t\t\t<div class=\"picture_rotating_view\"><img loading=\"lazy\" decoding=\"async\" id=\"PR_69e7846d5b6bd\" src=\"https:\/\/www.marienoelle-jarousseau.com\/fr\/wp-content\/uploads\/2015\/09\/137-CONSCIENCE-PLANETAIRE-1-site-huile-sur-toile-tournante-65-x-54-mai-2006.jpg\" alt=\"\" width=\"447\" height=\"376\"\/><\/div>\r\n\t\t\t\t<div class=\"picture_rotating_controls\"><i class=\"fa fa-pause\" onclick=\"javascript:stopPictRotatePR_69e7846d5b6bd()\"><\/i><i class=\"fa fa-play\" onclick=\"javascript:startPictRotatePR_69e7846d5b6bd()\"><\/i><\/div>\r\n\t\t\t<\/div>\n\t<blockquote>\n<h2>Histoire\u00a0 de\u00a0 la\u00a0 Toile<\/h2>\n<\/blockquote>\n\t<p><em>\u00a0AUDIO<\/em><\/p>\n<p><i>\u00e0 venir&#8230;<\/i><\/p>\n\t<p>J&rsquo;ai \u00e9t\u00e9 appel\u00e9e \u00e0 cr\u00e9er cette toile pour l&rsquo;anniversaire de Martin Brofman<\/p>\n<p>Martin est une personne que la Vie a mis sur mon chemin apr\u00e8s mon Walk In et avec qui j&rsquo;ai pu faire \u00e9merger des tr\u00e9sors enfouis.<\/p>\n<p>&nbsp;<\/p>\n<p><strong><em><u>Octobre<\/u><\/em><\/strong><\/p>\n<p>&nbsp;<\/p>\nLes mots restent muets<br \/>\nSauf un seul \u00ab\u00a0je t\u2019aime\u00a0\u00bb<br \/>\nMais les couleurs veulent s\u2019imposer<br \/>\nFaisant valser chakras en Libert\u00e9\n<p>&nbsp;<\/p>\n<p><strong>Libert\u00e9<\/strong><\/p>\n<p>&nbsp;<\/p>\nQue tu sais si bien r\u00e9veiller<br \/>\nPour me faire retrouver<br \/>\nPaix et S\u00e9r\u00e9nit\u00e9\n<p>&nbsp;<\/p>\n<p>Bon Anniversaire Martin<\/p>\n<p>&nbsp;<\/p>\n<p>&#8212;&#8212;&#8212;&#8212;&#8212;&#8212;&#8212;&#8212;&#8212;<\/p>\n<p>&nbsp;<\/p>\n<p>&nbsp;<\/p>\n<p><strong><em><u>Novembre<\/u><\/em><\/strong><\/p>\n<p>&nbsp;<\/p>\nUn tableau \u00e9pur\u00e9<br \/>\nSemble en moi se dessiner<br \/>\nUne brillante et fine toile d\u2019araign\u00e9e<br \/>\nComme un voile sur nos yeux pos\u00e9<br \/>\nSur un fond d\u2019or et orang\u00e9\n<p>&nbsp;<\/p>\n<p>Tel m\u2019appara\u00eet Martin<\/p>\n<p>&nbsp;<\/p>\nUn homme simple<br \/>\nQui a crois\u00e9 mon Destin<br \/>\nPour qu\u2019il devienne Serein\n<p>&nbsp;<\/p>\n<p>Mais<\/p>\n<p>&nbsp;<\/p>\nCette vision reste dans l\u2019incr\u00e9\u00e9<br \/>\nPoint n\u2019est encore le temps d\u2019\u0153uvrer\n<p>&nbsp;<\/p>\n<p>&nbsp;<\/p>\n<p><strong><em><u>D\u00e9cembre \/f\u00e9vrier<\/u><\/em><\/strong><\/p>\n<p>&nbsp;<\/p>\n<p>L\u2019envie est l\u00e0&#8230;<\/p>\n<p>&nbsp;<\/p>\nLa toile s\u2019impose \u00e0 moi<br \/>\nImmense<br \/>\nMais se r\u00e9duit en condens\u00e9<br \/>\nJuste un instantan\u00e9<br \/>\nPour votre nid douillet\n<p>&nbsp;<\/p>\nComme d\u2019habitude<br \/>\nJe ne sais pas ce que je peins<br \/>\nEt laisse agir mon instinct\n<p>&nbsp;<\/p>\nLa danse des chakras<br \/>\nLance mes premiers \u00e9bats\n<p>&nbsp;<\/p>\nUn peu de jaune par ci<br \/>\nUn peu de vert par l\u00e0\n<p>Et patati<\/p>\n<p>Et patata<\/p>\n<p>Etc, etc\u2026.<\/p>\n<p>&nbsp;<\/p>\nOr, argent, cuivre et bronze<br \/>\nSont de la f\u00eate aussi\n<p>&nbsp;<\/p>\n\u00c7a y est, c\u2019est parti<br \/>\nLes formes prennent Vie<br \/>\nDans ce Carrousel Infini\n<p>&nbsp;<\/p>\nLes Visions traversent mon Esprit<br \/>\nAu rythme de mes Ressentis\n<p>&nbsp;<\/p>\nDoux et tendres au commencement<br \/>\nVibrantes d\u2019enchantement<br \/>\nDeviennent plus troublantes<br \/>\nEnvahissantes<br \/>\nVoire oppressantes\n<p>&nbsp;<\/p>\nLa perplexit\u00e9 est grande<br \/>\nDevant ce que j\u2019engendre\n<p>&nbsp;<\/p>\nJe poursuis n\u00e9anmoins ce chemin<br \/>\nEt suis pas \u00e0 pas<br \/>\nCe qui s\u2019impose moi\n<p>&nbsp;<\/p>\nMais bien des fois<br \/>\nJe reste coite&#8230; !\n<p>&nbsp;<\/p>\nLe tableau s\u2019ach\u00e8ve<br \/>\nPlus que quelques traits \u00e9pars et brefs\n<p>&nbsp;<\/p>\nL\u2019inspiration en moi s\u2019\u00e9teint<br \/>\nElle a livr\u00e9 tout son dessein\n<p>&nbsp;<\/p>\n<p>\u2026..<\/p>\n<p>&nbsp;<\/p>\n<p>Je ne me sens pas bien&#8230; !<\/p>\n<p>&nbsp;<\/p>\n<p>\u2026\u2026.<\/p>\n<p>&nbsp;<\/p>\nPlusieurs jours sont n\u00e9cessaires<br \/>\nPour recouvrer mon ordinaire\n<p>&nbsp;<\/p>\n<p>\u2026..<\/p>\n<p>&nbsp;<\/p>\n<p>Je ne reconnais rien&#8230; !<\/p>\n<p>&nbsp;<\/p>\n<p><strong><em>Ceci n\u2019est pas Martin\u00a0!!!<\/em><\/strong><\/p>\n<p>&nbsp;<\/p>\nJe reste perplexe, \u00e9tonn\u00e9e<br \/>\nDevant ces couleurs juxtapos\u00e9es\n<p>&nbsp;<\/p>\nJe sens pourtant bien<br \/>\nQuelques traits d\u2019enseignement de Martin\n<p>&nbsp;<\/p>\n<p>Mais<\/p>\nCe tableau d\u00e9gage une sensation de duret\u00e9<br \/>\nUn m\u00e9lange de couleurs inappropri\u00e9es<br \/>\nUn ramassis de traits enchev\u00eatr\u00e9s\n<p>&nbsp;<\/p>\n<p>\u2026\u2026\u2026<\/p>\n<p>&nbsp;<\/p>\nMais la confiance est l\u00e0<br \/>\nEt le clair en tout \u00e7\u00e0<br \/>\nBient\u00f4t se r\u00e9v\u00e8lera\n<p>&nbsp;<\/p>\nQuand tout se fut pos\u00e9<br \/>\nComme au fond d\u2019un verre<br \/>\nLa lie s\u2019est repos\u00e9e\n<p>&nbsp;<\/p>\nLe titre du tableau<br \/>\nEn moi s\u2019est annonc\u00e9 :\n<p>&nbsp;<\/p>\n<p><strong><em>\u00ab\u00a0Martin et son Oeuvre<\/em><\/strong><\/p>\n<p><strong><em>Au sein de la Conscience Plan\u00e9taire<\/em><\/strong><\/p>\n<p><strong><em>Flash \u00e0 ses 65 Printemps\u00a0\u00bb<\/em><\/strong><\/p>\n<p><strong><em>\u00a0<\/em><\/strong><\/p>\n<p><strong><em>\u00a0<\/em><\/strong><\/p>\nJe comprends mieux maintenant<br \/>\nCe que j\u2019ai v\u00e9cu dans l\u2019Instant<br \/>\nLames de fond<br \/>\nSiphons et tourbillons<br \/>\nMurs fendill\u00e9s, voiles d\u00e9chir\u00e9s\n<p>&nbsp;<\/p>\n<p><strong>C\u2019est notre Terre<\/strong><\/p>\n<p><strong>Dans son Immensit\u00e9<\/strong><\/p>\n<p>&nbsp;<\/p>\nEt cette Lumi\u00e8re jaillissante<br \/>\nD\u2019une blancheur \u00e9clatante<br \/>\nSemant Or et Argent<br \/>\nSur ce chaos assourdissant\n<p>&nbsp;<\/p>\n<p><strong>C\u2019est Martin <\/strong><\/p>\n<p><strong>Et son Amour Divin<\/strong><\/p>\n<p>&nbsp;<\/p>\nLa vision initiale<br \/>\nN\u2019\u00e9tait que la fa\u00e7ade\n<p>&nbsp;<\/p>\nMon regard a plong\u00e9<br \/>\nComme il aime tant \u00e0 le r\u00e9p\u00e9ter<br \/>\nA voir derri\u00e8re&#8230;<br \/>\nToujours derri\u00e8re&#8230;<br \/>\nL\u2019apparence\n<p>&nbsp;<\/p>\n<p><strong>Derri\u00e8re l\u2019apparence<\/strong><\/p>\n<p><strong>Est l\u2019existence<\/strong><\/p>\n<p>&nbsp;<\/p>\nCette toile d\u2019araign\u00e9e a r\u00e9v\u00e9l\u00e9<br \/>\nCe qu\u2019elle tenait<br \/>\nEn son sein prisonnier\n<p>&nbsp;<\/p>\n<p>Mais<\/p>\nComme toujours<br \/>\nJe sens mon regard restreint<br \/>\nEt je reste sur ma faim\n<p>&nbsp;<\/p>\nPour go\u00fbter \u00e0 l\u2019\u00e9tendue<br \/>\nDe tout ce que j\u2019ai re\u00e7u\n<p>&nbsp;<\/p>\nC\u2019est pourquoi<br \/>\nJ\u2019aime tant partager<br \/>\nL\u2019\u0153uvre qui m\u2019a \u00e9t\u00e9 donn\u00e9\n<p>&nbsp;<\/p>\nChaque Regard est Unique<br \/>\nEt ajout\u00e9 \u00e0 celui de son voisin<br \/>\nIl devient un vrai festin\n<p>&nbsp;<\/p>\nNous avons le bonheur<br \/>\nDe d\u00e9couvrir ainsi<br \/>\nL\u2019immensit\u00e9 de l\u2019Univers<br \/>\nDans son Infini\n<p>&nbsp;<\/p>\nJ\u2019ai h\u00e2te de conna\u00eetre le v\u00f4tre<br \/>\nEt d\u2019ainsi agrandir mes connaissances<br \/>\nEt que ce tableau comme une aum\u00f4ne<br \/>\nNe soit plus que r\u00e9jouissance\n<p>&nbsp;<\/p>\n<p>&nbsp;<\/p>\n<p>Que voyez-vous dans cette oeuvre\u00a0?<\/p>\n<p>&nbsp;<\/p>\n<p>Que ressentez-vous\u00a0?<\/p>\n<p>&nbsp;<\/p>\nCe tableau tourne \u00e9videmment<br \/>\nChaque face est si pr\u00e9sente<br \/>\nEt livre seule tant de romance\n<p>&nbsp;<\/p>\nJe viens de vous livrer mon ressenti<br \/>\nEt tout l\u2019Amour que j\u2019ai pour vous\n<p>&nbsp;<\/p>\nEt pour Martin en particulier<br \/>\nEn ce jour d\u2019Anniversaire<br \/>\nQuelque peu retard\u00e9<br \/>\nPar tous ces \u00e9v\u00e8nements<br \/>\nSur ma toile couch\u00e9s\n<p>&nbsp;<\/p>\n<p>A bient\u00f4t<\/p>\n<p>&nbsp;<\/p>\nPour de nouvelles aventures<br \/>\nDans un plus ou moins lointain futur\n<p>&nbsp;<\/p>\n<p>Namast\u00e9<\/p>\n<p>&nbsp;<\/p>\n<p>Marie-No\u00eblle<\/p>\n\t\t\t<a href=\"http:\/\/www.marienoelle-jarousseau.com\/fr\/galeries\/contemporains\/\" target=\"_self\" role=\"button\" rel=\"noopener noreferrer\">\n\t\t\t\t\t\t\tRetour\n\t\t\t\t\t<\/a>\n","protected":false},"excerpt":{"rendered":"<p>CONSCIENCE PLANETAIRE&#8230; (toile tournante) Huile &#8211; 54 x 65 &#8211; R\u00e9alis\u00e9e d&rsquo;octobre 2005 \u00e0 f\u00e9vrier 2006 Po\u00e8me en Inspir\u00e9\u00a0 mai 2006 &#8211; Accompagne la Toile Et Toi .. que ressens-tu\u00a0 ? Tu peux me partager ton ressenti&#8230;ou pas sur le Livre d&rsquo;Or de la page d&rsquo;Accueil Fais tourner la toile Arr\u00eate la au gr\u00e9 de&hellip;<\/p>\n","protected":false},"author":3,"featured_media":0,"parent":0,"menu_order":0,"comment_status":"closed","ping_status":"closed","template":"","meta":{"footnotes":""},"class_list":["post-2397","page","type-page","status-publish","hentry"],"yoast_head":"<!-- This site is optimized with the Yoast SEO plugin v27.4 - https:\/\/yoast.com\/product\/yoast-seo-wordpress\/ -->\n<title>TT - Conscience plan\u00e9taire - Marie-No\u00eblle Jarousseau - Artiste<\/title>\n<meta name=\"robots\" content=\"index, follow, max-snippet:-1, max-image-preview:large, max-video-preview:-1\" \/>\n<link rel=\"canonical\" href=\"https:\/\/www.marienoelle-jarousseau.com\/fr\/tt-conscience-planetaire\/\" \/>\n<meta property=\"og:locale\" content=\"fr_FR\" \/>\n<meta property=\"og:type\" content=\"article\" \/>\n<meta property=\"og:title\" content=\"TT - Conscience plan\u00e9taire - Marie-No\u00eblle Jarousseau - Artiste\" \/>\n<meta property=\"og:description\" content=\"CONSCIENCE PLANETAIRE&#8230; (toile tournante) Huile &#8211; 54 x 65 &#8211; R\u00e9alis\u00e9e d&rsquo;octobre 2005 \u00e0 f\u00e9vrier 2006 Po\u00e8me en Inspir\u00e9\u00a0 mai 2006 &#8211; Accompagne la Toile Et Toi .. que ressens-tu\u00a0 ? Tu peux me partager ton ressenti&#8230;ou pas sur le Livre d&rsquo;Or de la page d&rsquo;Accueil Fais tourner la toile Arr\u00eate la au gr\u00e9 de&hellip;\" \/>\n<meta property=\"og:url\" content=\"https:\/\/www.marienoelle-jarousseau.com\/fr\/tt-conscience-planetaire\/\" \/>\n<meta property=\"og:site_name\" content=\"Marie-No\u00eblle Jarousseau - Artiste\" \/>\n<meta name=\"twitter:card\" content=\"summary_large_image\" \/>\n<meta name=\"twitter:label1\" content=\"Dur\u00e9e de lecture estim\u00e9e\" \/>\n\t<meta name=\"twitter:data1\" content=\"4 minutes\" \/>\n<script type=\"application\/ld+json\" class=\"yoast-schema-graph\">{\"@context\":\"https:\\\/\\\/schema.org\",\"@graph\":[{\"@type\":\"WebPage\",\"@id\":\"https:\\\/\\\/www.marienoelle-jarousseau.com\\\/fr\\\/tt-conscience-planetaire\\\/\",\"url\":\"https:\\\/\\\/www.marienoelle-jarousseau.com\\\/fr\\\/tt-conscience-planetaire\\\/\",\"name\":\"TT - Conscience plan\u00e9taire - Marie-No\u00eblle Jarousseau - Artiste\",\"isPartOf\":{\"@id\":\"https:\\\/\\\/www.marienoelle-jarousseau.com\\\/fr\\\/#website\"},\"datePublished\":\"2020-05-12T09:45:45+00:00\",\"breadcrumb\":{\"@id\":\"https:\\\/\\\/www.marienoelle-jarousseau.com\\\/fr\\\/tt-conscience-planetaire\\\/#breadcrumb\"},\"inLanguage\":\"fr-FR\",\"potentialAction\":[{\"@type\":\"ReadAction\",\"target\":[\"https:\\\/\\\/www.marienoelle-jarousseau.com\\\/fr\\\/tt-conscience-planetaire\\\/\"]}]},{\"@type\":\"BreadcrumbList\",\"@id\":\"https:\\\/\\\/www.marienoelle-jarousseau.com\\\/fr\\\/tt-conscience-planetaire\\\/#breadcrumb\",\"itemListElement\":[{\"@type\":\"ListItem\",\"position\":1,\"name\":\"Accueil\",\"item\":\"https:\\\/\\\/www.marienoelle-jarousseau.com\\\/fr\\\/\"},{\"@type\":\"ListItem\",\"position\":2,\"name\":\"TT &#8211; Conscience plan\u00e9taire\"}]},{\"@type\":\"WebSite\",\"@id\":\"https:\\\/\\\/www.marienoelle-jarousseau.com\\\/fr\\\/#website\",\"url\":\"https:\\\/\\\/www.marienoelle-jarousseau.com\\\/fr\\\/\",\"name\":\"Marie-No\u00eblle Jarousseau - Artiste\",\"description\":\"\",\"potentialAction\":[{\"@type\":\"SearchAction\",\"target\":{\"@type\":\"EntryPoint\",\"urlTemplate\":\"https:\\\/\\\/www.marienoelle-jarousseau.com\\\/fr\\\/?s={search_term_string}\"},\"query-input\":{\"@type\":\"PropertyValueSpecification\",\"valueRequired\":true,\"valueName\":\"search_term_string\"}}],\"inLanguage\":\"fr-FR\"}]}<\/script>\n<!-- \/ Yoast SEO plugin. -->","yoast_head_json":{"title":"TT - Conscience plan\u00e9taire - Marie-No\u00eblle Jarousseau - Artiste","robots":{"index":"index","follow":"follow","max-snippet":"max-snippet:-1","max-image-preview":"max-image-preview:large","max-video-preview":"max-video-preview:-1"},"canonical":"https:\/\/www.marienoelle-jarousseau.com\/fr\/tt-conscience-planetaire\/","og_locale":"fr_FR","og_type":"article","og_title":"TT - Conscience plan\u00e9taire - Marie-No\u00eblle Jarousseau - Artiste","og_description":"CONSCIENCE PLANETAIRE&#8230; (toile tournante) Huile &#8211; 54 x 65 &#8211; R\u00e9alis\u00e9e d&rsquo;octobre 2005 \u00e0 f\u00e9vrier 2006 Po\u00e8me en Inspir\u00e9\u00a0 mai 2006 &#8211; Accompagne la Toile Et Toi .. que ressens-tu\u00a0 ? Tu peux me partager ton ressenti&#8230;ou pas sur le Livre d&rsquo;Or de la page d&rsquo;Accueil Fais tourner la toile Arr\u00eate la au gr\u00e9 de&hellip;","og_url":"https:\/\/www.marienoelle-jarousseau.com\/fr\/tt-conscience-planetaire\/","og_site_name":"Marie-No\u00eblle Jarousseau - Artiste","twitter_card":"summary_large_image","twitter_misc":{"Dur\u00e9e de lecture estim\u00e9e":"4 minutes"},"schema":{"@context":"https:\/\/schema.org","@graph":[{"@type":"WebPage","@id":"https:\/\/www.marienoelle-jarousseau.com\/fr\/tt-conscience-planetaire\/","url":"https:\/\/www.marienoelle-jarousseau.com\/fr\/tt-conscience-planetaire\/","name":"TT - Conscience plan\u00e9taire - Marie-No\u00eblle Jarousseau - Artiste","isPartOf":{"@id":"https:\/\/www.marienoelle-jarousseau.com\/fr\/#website"},"datePublished":"2020-05-12T09:45:45+00:00","breadcrumb":{"@id":"https:\/\/www.marienoelle-jarousseau.com\/fr\/tt-conscience-planetaire\/#breadcrumb"},"inLanguage":"fr-FR","potentialAction":[{"@type":"ReadAction","target":["https:\/\/www.marienoelle-jarousseau.com\/fr\/tt-conscience-planetaire\/"]}]},{"@type":"BreadcrumbList","@id":"https:\/\/www.marienoelle-jarousseau.com\/fr\/tt-conscience-planetaire\/#breadcrumb","itemListElement":[{"@type":"ListItem","position":1,"name":"Accueil","item":"https:\/\/www.marienoelle-jarousseau.com\/fr\/"},{"@type":"ListItem","position":2,"name":"TT &#8211; Conscience plan\u00e9taire"}]},{"@type":"WebSite","@id":"https:\/\/www.marienoelle-jarousseau.com\/fr\/#website","url":"https:\/\/www.marienoelle-jarousseau.com\/fr\/","name":"Marie-No\u00eblle Jarousseau - Artiste","description":"","potentialAction":[{"@type":"SearchAction","target":{"@type":"EntryPoint","urlTemplate":"https:\/\/www.marienoelle-jarousseau.com\/fr\/?s={search_term_string}"},"query-input":{"@type":"PropertyValueSpecification","valueRequired":true,"valueName":"search_term_string"}}],"inLanguage":"fr-FR"}]}},"_links":{"self":[{"href":"https:\/\/www.marienoelle-jarousseau.com\/fr\/wp-json\/wp\/v2\/pages\/2397","targetHints":{"allow":["GET"]}}],"collection":[{"href":"https:\/\/www.marienoelle-jarousseau.com\/fr\/wp-json\/wp\/v2\/pages"}],"about":[{"href":"https:\/\/www.marienoelle-jarousseau.com\/fr\/wp-json\/wp\/v2\/types\/page"}],"author":[{"embeddable":true,"href":"https:\/\/www.marienoelle-jarousseau.com\/fr\/wp-json\/wp\/v2\/users\/3"}],"replies":[{"embeddable":true,"href":"https:\/\/www.marienoelle-jarousseau.com\/fr\/wp-json\/wp\/v2\/comments?post=2397"}],"version-history":[{"count":0,"href":"https:\/\/www.marienoelle-jarousseau.com\/fr\/wp-json\/wp\/v2\/pages\/2397\/revisions"}],"wp:attachment":[{"href":"https:\/\/www.marienoelle-jarousseau.com\/fr\/wp-json\/wp\/v2\/media?parent=2397"}],"curies":[{"name":"wp","href":"https:\/\/api.w.org\/{rel}","templated":true}]}}