{"id":2421,"date":"2020-05-08T15:41:37","date_gmt":"2020-05-08T14:41:37","guid":{"rendered":"https:\/\/www.marienoelle-jarousseau.com\/fr\/?page_id=2421"},"modified":"2020-05-08T15:41:37","modified_gmt":"2020-05-08T14:41:37","slug":"tt-geometrie","status":"publish","type":"page","link":"https:\/\/www.marienoelle-jarousseau.com\/fr\/tt-geometrie\/","title":{"rendered":"TT &#8211; G\u00e9om\u00e9trie"},"content":{"rendered":"<h2>\n\t\tGEOMETRIE.. (toile tournante)\n\t<\/h2>\n\t<em>Huile &#8211; 50 x 100 &#8211; R<\/em><em>\u00e9alis\u00e9e avec les mains en mars 2004<\/em><br \/>\n<em>Po\u00e8me \u00a0&#8211; Inspir\u00e9 en janvier 2005 &#8211; Accompagne la Toile<\/em>\n\t<h3><strong>Et Toi .. que ressens-tu\u00a0 ?<\/strong><\/h3>\n<em>Tu peux me partager ton ressenti&#8230;ou pas<br \/>\nsur le Livre d&rsquo;Or de la page d&rsquo;Accueil<\/em>\n\t<em>Fais tourner la toile<\/em> <br \/>\n<em>Arr\u00eate la au gr\u00e9 de ton ressenti<\/em> \n\t<style type=\"text\/css\">\r\n\t\t\t.picture_rotating_container .picture_rotating_view {width: 558.1254339304px;height: 558.1254339304px;}\r\n\t\t\t.picture_rotating_container .picture_rotating_view img#PR_69e788a6a7c8e, .picture_rotating_container .picture_rotating_view canvas#PR_69e788a6a7c8e {margin: 29.062716965201px 155.0627169652px;}\r\n\t\t<\/style><script type=\"text\/javascript\">var picture_rotating_intervalPR_69e788a6a7c8e;var picture_rotating_interval_stoppedPR_69e788a6a7c8e = false;var angle = 0;\r\n\t\tif(!picture_rotating_diago)\r\n\t\t\tvar picture_rotating_diago = [];\r\n\t\tpicture_rotating_diago[\"PR_69e788a6a7c8e\"] = 558.1254339304;\r\n\t\t\t\tjQuery(document).ready(function($) {\r\n\t\t\t\t\t\/** $(\"#PR_69e788a6a7c8e\").click(function(){ $(this).rotateLeft(180); }); *\/\r\n\t\t\t\t\t\r\n\t\t\t\t\t\/** picture_rotating_intervalPR_69e788a6a7c8e = setInterval(function () { $(\"#PR_69e788a6a7c8e\").rotate(5); },500); *\/\r\n\t\t\t\t\t\/\/ clearInterval(picture_rotating_intervalPR_69e788a6a7c8e);\r\n\t\t\t\t\t\r\n\t\t\t\t\tpicture_rotating_intervalPR_69e788a6a7c8e = setInterval(function () { angle+=5;$(\"#PR_69e788a6a7c8e\").rotate(angle); },500);\r\n\t\t\t\t});\r\n\t\t\t\t\tfunction stopPictRotatePR_69e788a6a7c8e(){if(!picture_rotating_interval_stoppedPR_69e788a6a7c8e){clearInterval(picture_rotating_intervalPR_69e788a6a7c8e);picture_rotating_interval_stoppedPR_69e788a6a7c8e = true;}}\r\n\t\t\t\t\tfunction startPictRotatePR_69e788a6a7c8e(){if(picture_rotating_interval_stoppedPR_69e788a6a7c8e){picture_rotating_intervalPR_69e788a6a7c8e = setInterval(function () { angle+=5;jQuery(\"#PR_69e788a6a7c8e\").rotate(angle); },500);picture_rotating_interval_stoppedPR_69e788a6a7c8e = false;}}\r\n\t\t\t<\/script><div class=\"picture_rotating_container\">\r\n\t\t\t\t<div class=\"picture_rotating_view\"><img loading=\"lazy\" decoding=\"async\" id=\"PR_69e788a6a7c8e\" src=\"https:\/\/www.marienoelle-jarousseau.com\/fr\/wp-content\/uploads\/2017\/03\/115-GEOMETRIE-1-huile-sur-toile-tournante-50-x-100-mars-20041-e1588941785509.jpg\" alt=\"\" width=\"248\" height=\"500\"\/><\/div>\r\n\t\t\t\t<div class=\"picture_rotating_controls\"><i class=\"fa fa-pause\" onclick=\"javascript:stopPictRotatePR_69e788a6a7c8e()\"><\/i><i class=\"fa fa-play\" onclick=\"javascript:startPictRotatePR_69e788a6a7c8e()\"><\/i><\/div>\r\n\t\t\t<\/div>\n\t<p><em>POEME\u00a0 EN\u00a0 \u00a0AUDIO<\/em><\/p>\n<p><i>\u00e0 venir&#8230;<\/i><\/p>\n<p>ALCOVE<\/p>\n<\/br>\n\u00a0\u00bb Le Visible\u00a0\u00bb\n<\/br>\n<\/br>\nJuste apr\u00e8s \u00ab Volcan \u00bb<\/br>\nTu t\u2019es impos\u00e9<\/br>\nComme une suite logique<\/br>\nA la question pos\u00e9e<\/br>\n<\/br>\nTu t\u2019appelles<\/br>\n<\/br>\nG\u00e9om\u00e9trie<\/br>\n<\/br>\nLosange, carr\u00e9, rond, rectangle<\/br>\nS\u2019imposent sous mes doigts<\/br>\nPour former cet ensemble de choix<\/br>\n<\/br>\nLe feu en moi est apais\u00e9<\/br>\nIl est en train de se manifester<\/br>\nPour cr\u00e9er petit \u00e0 petit<\/br>\nUn tableau aux formes<\/br>\nPlus ou moins d\u00e9finies<\/br>\n<\/br>\nJe sens\u2026<\/br>\n<\/br>\nJe sens<\/br>\nLa rigueur du mouvement<\/br>\nLa finition du contour<\/br>\nLes angles nets ou sinueux<\/br>\nSe former peu \u00e0 peu<\/br>\n<\/br>\nJ\u2019entre<\/br>\nDans le monde du cr\u00e9\u00e9<\/br>\nDe la forme nomm\u00e9e<\/br>\n<\/br>\nSuite logique<\/br>\nDe la lave en fusion<\/br>\nQui<\/br>\nUne fois explos\u00e9e<\/br>\nEt des entrailles rejet\u00e9e<\/br>\nSe dessine en  mille contours<\/br>\nEn refroidissant au contact du jour<\/br>\n<\/br>\n<\/br>\nSimilitude troublante<\/br>\n<\/br>\nEntre \u2026<\/br>\nMoi et la Terre<\/br>\n<\/br>\nEntre \u2026<\/br>\nLes diff\u00e9rents stades<\/br>\nDe mes agissements<\/br>\nEt<\/br>\nLa manifestation grandiose<\/br>\nDe son acheminement<\/br>\n<\/br>\n<\/br>\nTroublant\u2026.<\/br>\n<\/br>\nVraiment<\/br>\nTroublant\u2026\u2026\u2026\u2026\u2026\u2026\u2026.. !<\/br>\n<\/br>\n<\/br>\n<p>MNJ<\/p>\n\t<blockquote>\n<h2>\u00a0 \u00a02e\u00a0 \u00a0Po\u00e8me\u00a0 \u00a0 \u00a0&amp;\u00a0 \u00a0 Histoire\u00a0 de\u00a0 la\u00a0 Toile<\/h2>\n<\/blockquote>\n\t\t\t\t<img decoding=\"async\" src=\"https:\/\/www.marienoelle-jarousseau.com\/fr\/wp-content\/plugins\/bb-plugin\/img\/pixel.png\" alt=\"\" itemprop=\"image\" onerror=\"this.style.display='none'\"  \/>\n\t<p><em>POEME\u00a0 EN\u00a0 \u00a0AUDIO<\/em><\/p>\n<p><i>\u00e0 venir&#8230;<\/i><\/p>\n\t<p>&nbsp;<\/p>\n<strong>MOUVANCE<br \/>\n<\/strong><strong>\u00a0<\/strong>\n<p>JE SUIS INCLUSE dans cet INFINI<\/p>\n<p>J\u2019EMERGE DE LUI<\/p>\n<p>De cette Voix (e) qui est l\u00e0<\/p>\n<p><strong><em>\u00ab\u00a0&#8230;En MOI&#8230;\u00a0\u00bb<\/p>\n<p><\/em><\/strong><\/p>\n<p>La voix de cette Intelligence Infinie<\/p>\nElle est omnipr\u00e9sente en moi<br \/>\nElle vibre en moi\n<p><em><strong>Elle &#8230;\u00a0\u00bbEST\u00a0\u00bb&#8230; MOI<\/strong><\/em><\/p>\n<p>&nbsp;<\/p>\n<p><strong>Alors\u2026\u2026.\u00a0\u00a0\u00a0\u00a0\u00a0\u00a0 <\/strong><em>Pourquoi Mouvance\u00a0?<\/em><\/p>\n<p>&nbsp;<\/p>\n<p><em><strong> Appartenance \/ D\u00e9pendance<\/strong><\/em><\/p>\n<p><strong>\u00a0<\/strong><\/p>\n<p>Je d\u00e9pends de CET INFINI<\/p>\n<p>Mais, en m\u00eame temps<\/p>\n<p>Je Le cr\u00e9e<\/p>\n<p>Je suis une expression de Lui<\/p>\n<p>Je cr\u00e9e Sa Manifestation<\/p>\n<p>Et<\/p>\n<p>Je cr\u00e9e<\/p>\n<p>En tant que personnage humain<\/p>\n<p>Ma Propre navigation<\/p>\n<p><em><strong>Je suis Ma\u00eetre \u00e0 bord<\/p>\n<p><\/strong><\/em><\/p>\n<p>Dans le plus beau cadeau<\/p>\n<p>Que m\u2019offre la Vie<\/p>\n<p><em><strong>Le Libre Arbitre<\/strong><\/em><\/p>\n<p>&nbsp;<\/p>\n<p>Je peux choisir ou pas<\/p>\n<p>D\u2019aller o\u00f9 je veux<\/p>\n<p>Quand je le veux<\/p>\n<p>Comme je le veux<\/p>\n<p>De faire toutes les exp\u00e9riences entre Ombre et Lumi\u00e8re<\/p>\n<p>De plonger ou de ne pas plonger<\/p>\n<p>De m\u2019alimenter ou de me dess\u00e9cher<\/p>\n<p>D\u2019\u00e9couter cette Voix ou de ne pas l\u2019\u00e9couter<\/p>\n<p>De dire Oui ou de dire Non<\/p>\n<p>De choisir Ma Destin\u00e9e ou de laisser l\u2019Autre en d\u00e9cider<\/p>\n<p><strong>\u00a0<\/strong><\/p>\n<p>Toutes ces fluctuations cr\u00e9ent en moi\u00a0:<\/p>\n<em><strong>R\u00e9sistance<br \/>\nou<br \/>\n<\/strong> <strong>Jouissance<\/strong><\/em>\n<p><strong>\u00a0<\/strong><\/p>\n<p>Il peut aussi y avoir\u00a0:\u00a0\u00a0\u00a0\u00a0\u00a0 \u00a0\u00a0\u00a0\u00a0\u00a0\u00a0\u00a0 \u00a0\u00a0\u00a0\u00a0\u00a0\u00a0\u00a0\u00a0 <strong>Alternance<\/strong><\/p>\n<p>Tout d\u00e9pend du\u00a0:\u00a0\u00a0\u00a0\u00a0\u00a0\u00a0\u00a0\u00a0\u00a0\u00a0 \u00a0\u00a0\u00a0\u00a0\u00a0\u00a0\u00a0\u00a0\u00a0\u00a0\u00a0\u00a0\u00a0\u00a0\u00a0\u00a0\u00a0 <strong>Sens<\/strong><\/p>\n<p>Dans lequel je joue cette :\u00a0 \u00a0 \u00a0 \u00a0 \u00a0 \u00a0 \u00a0 \u00a0<strong>Romance<\/strong><\/p>\n<p>&nbsp;<\/p>\n<p>Tout ceci n\u2019est que pour mieux r\u00e9v\u00e9ler<\/p>\n<p>&nbsp;<\/p>\n<p><em><strong>La Beaut\u00e9 de Mon Essence<\/strong><\/em><\/p>\n<p><em><strong>Pour une pleine Existence<\/strong><\/em><\/p>\n<p>&nbsp;<\/p>\n<p><strong>MNJ<\/strong><\/p>\n\t<p><em>POEME\u00a0 EN\u00a0 \u00a0AUDIO<\/em><\/p>\n<p><i>\u00e0 venir&#8230;<\/i><\/p>\n\t<p>&nbsp;<\/p>\nEn mars 2004, j&rsquo;ai \u00e9t\u00e9 \u00ab\u00a0appel\u00e9e\u00a0\u00bb \u00e0 peindre une toile&#8230;<br \/>\nAvec les doigts en guise de pinceaux&#8230;\nPuis se sont succ\u00e9d\u00e9s 5 autres toiles entre mars et avril&#8230;<br \/>\nToujours avec les doigts&#8230;\n<p>Ce \u00ab\u00a0feuilleton\u00a0\u00bb de vibrations color\u00e9es s&rsquo;appelle\u00a0 :<\/p>\n<p>&nbsp;<\/p>\n<p>LA MOUVANCE<\/p>\n<p>&nbsp;<\/p>\n<p><strong>Tableau\u00a0\u00a0 1\u00a0\u00a0 :\u00a0 \u00a0 \u00a0 \u00a0 \u00a0 \u00a0 VOLCAN\u00a0 \u00a0 \u00a0 \u00a0 \u00a0 \u00a0 \u00ab\u00a0 L\u2019Invisible \u00bb<\/strong><\/p>\n<strong>\u00a0 \u00a0 \u00a0 \u00a0 \u00a0 \u00a0 \u00a0 \u00a0 \u00a0 \u00a0 \u00a0 \u00a0 \u00a0 \u00a0 \u00a0 \u00a0 \u00a0 \u00a0L\u2019In-cr\u00e9\u00e9<br \/>\n<\/strong><strong>\u00a0 \u00a0 \u00a0 \u00a0 \u00a0 \u00a0 \u00a0 \u00a0 \u00a0 \u00a0 \u00a0 \u00a0 \u00a0 \u00a0 \u00a0 \u00a0 \u00a0 \u00a0Ce qui n\u2019est pas encore form\u00e9<br \/>\n<\/strong><strong>\u00a0 \u00a0 \u00a0 \u00a0 \u00a0 \u00a0 \u00a0 \u00a0 \u00a0 \u00a0 \u00a0 \u00a0 \u00a0 \u00a0 \u00a0 \u00a0 \u00a0 \u00a0La Potentialit\u00e9<\/strong>\n<strong><a href=\"https:\/\/www.marienoelle-jarousseau.com\/fr\/wp-content\/uploads\/2017\/03\/114-VOLCAN-3-web-huile-sur-toile-50-x-100-mars-2004.jpg\"><br \/>\n<img loading=\"lazy\" decoding=\"async\" src=\"https:\/\/www.marienoelle-jarousseau.com\/fr\/wp-content\/uploads\/2017\/03\/114-VOLCAN-3-web-huile-sur-toile-50-x-100-mars-2004-149x300.jpg\" alt=\"\" width=\"149\" height=\"300\" \/><\/a><\/strong>\n<p><strong>\u00a0<\/strong><\/p>\n<p><strong>Tableau\u00a0\u00a0 2\u00a0\u00a0 :\u00a0 \u00a0 \u00a0 \u00a0 \u00a0 \u00a0 GEOMETRIE\u00a0 \u00a0 \u00a0 \u00a0 \u00a0 \u00ab\u00a0 Le Visible \u00bb<\/strong><\/p>\n<strong>\u00a0\u00a0\u00a0\u00a0\u00a0\u00a0\u00a0\u00a0\u00a0\u00a0\u00a0\u00a0\u00a0\u00a0\u00a0\u00a0\u00a0\u00a0\u00a0\u00a0\u00a0\u00a0\u00a0\u00a0\u00a0\u00a0\u00a0\u00a0\u00a0\u00a0\u00a0\u00a0\u00a0\u00a0 Le Cr\u00e9\u00e9<br \/>\n<\/strong><strong>\u00a0\u00a0\u00a0\u00a0\u00a0\u00a0\u00a0\u00a0\u00a0\u00a0\u00a0\u00a0\u00a0\u00a0\u00a0\u00a0\u00a0\u00a0\u00a0\u00a0\u00a0\u00a0\u00a0\u00a0\u00a0\u00a0\u00a0\u00a0\u00a0\u00a0\u00a0\u00a0\u00a0\u00a0 Les formes<br \/>\nCommencent \u00e0 se dessiner<br \/>\n<\/strong><strong>\u00a0\u00a0\u00a0\u00a0\u00a0\u00a0\u00a0\u00a0\u00a0\u00a0\u00a0\u00a0\u00a0\u00a0\u00a0\u00a0\u00a0\u00a0\u00a0\u00a0\u00a0\u00a0\u00a0\u00a0\u00a0\u00a0\u00a0\u00a0\u00a0\u00a0\u00a0\u00a0\u00a0\u00a0 Dans la confrontation<br \/>\n<\/strong><strong>\u00a0 \u00a0 \u00a0 \u00a0 \u00a0 \u00a0 \u00a0 \u00a0 \u00a0 \u00a0 \u00a0 \u00a0 \u00a0 \u00a0 \u00a0 \u00a0 \u00a0 \u00a0 \u00a0 \u00a0De l\u2019Ombre et de la Lumi\u00e8re<\/strong>\n<p><strong> <a href=\"https:\/\/www.marienoelle-jarousseau.com\/fr\/wp-content\/uploads\/2017\/03\/115-GEOMETRIE-1-huile-sur-toile-tournante-50-x-100-mars-20041.jpg\"><img loading=\"lazy\" decoding=\"async\" src=\"https:\/\/www.marienoelle-jarousseau.com\/fr\/wp-content\/uploads\/2017\/03\/115-GEOMETRIE-1-huile-sur-toile-tournante-50-x-100-mars-20041-149x300.jpg\" alt=\"\" width=\"149\" height=\"300\" \/><\/a><\/strong><\/p>\n<p><strong>\u00a0<\/strong><\/p>\n<p><strong>Tableau\u00a0\u00a0 3 \u00a0:\u00a0\u00a0\u00a0\u00a0\u00a0\u00a0\u00a0\u00a0\u00a0\u00a0\u00a0\u00a0\u00a0 BREUVAGE\u00a0 \u00a0 \u00a0 \u00a0 \u00a0 \u00a0\u00ab\u00a0 Nourriture \u00a0\u00bb<\/strong><\/p>\n<strong>\u00a0 \u00a0 \u00a0 \u00a0 \u00a0 \u00a0 \u00a0 \u00a0 \u00a0 \u00a0 \u00a0 \u00a0 \u00a0 \u00a0 \u00a0 \u00a0 \u00a0 \u00a0Ce va et vient<br \/>\n<\/strong><strong>\u00a0 \u00a0 \u00a0 \u00a0 \u00a0 \u00a0 \u00a0 \u00a0 \u00a0 \u00a0 \u00a0 \u00a0 \u00a0 \u00a0 \u00a0 \u00a0 \u00a0 \u00a0 \u00a0 \u00a0 Entre l\u2019Ombre et la Lumi\u00e8re<br \/>\n<\/strong><strong>\u00a0 \u00a0 \u00a0 \u00a0 \u00a0 \u00a0 \u00a0 \u00a0 \u00a0 \u00a0 \u00a0 \u00a0 \u00a0 \u00a0 \u00a0 \u00a0 \u00a0 \u00a0Est Ma Nourriture<br \/>\n<\/strong><strong>\u00a0 \u00a0 \u00a0 \u00a0 \u00a0 \u00a0 \u00a0 \u00a0 \u00a0 \u00a0 \u00a0 \u00a0 \u00a0 \u00a0 \u00a0 \u00a0 \u00a0 \u00a0C&rsquo;est ce qui compose Ma Vie<\/strong>\n<p><strong> <a href=\"https:\/\/www.marienoelle-jarousseau.com\/fr\/wp-content\/uploads\/2017\/03\/116-BREUVAGE-1-sign-huile-sur-toile-tournante-60-x-82-mars-20041.jpg\"><img loading=\"lazy\" decoding=\"async\" src=\"https:\/\/www.marienoelle-jarousseau.com\/fr\/wp-content\/uploads\/2017\/03\/116-BREUVAGE-1-sign-huile-sur-toile-tournante-60-x-82-mars-20041-300x225.jpg\" alt=\"\" width=\"300\" height=\"225\" \/><\/a><\/strong><\/p>\n<p><strong>\u00a0<\/strong><\/p>\n<p><strong>Tableau\u00a0\u00a0 4 \u00a0: \u00a0\u00a0\u00a0 \u00a0\u00a0\u00a0\u00a0\u00a0\u00a0\u00a0\u00a0 CYCLOPE\u00a0 \u00a0 \u00a0 \u00a0 \u00a0 \u00ab\u00a0 Plong\u00e9e \u00a0\u00bb<\/strong><\/p>\n<strong>\u00a0\u00a0\u00a0\u00a0\u00a0\u00a0\u00a0\u00a0\u00a0\u00a0\u00a0\u00a0\u00a0\u00a0\u00a0\u00a0\u00a0\u00a0\u00a0\u00a0\u00a0\u00a0\u00a0\u00a0\u00a0\u00a0\u00a0\u00a0\u00a0\u00a0\u00a0\u00a0\u00a0\u00a0 Accepter de plonger<br \/>\n<\/strong><strong>\u00a0 \u00a0 \u00a0 \u00a0 \u00a0 \u00a0 \u00a0 \u00a0 \u00a0 \u00a0 \u00a0 \u00a0 \u00a0 \u00a0 \u00a0 \u00a0 \u00a0 \u00a0Dans cette Immensit\u00e9<br \/>\n<\/strong><strong>\u00a0 \u00a0 \u00a0 \u00a0 \u00a0 \u00a0 \u00a0 \u00a0 \u00a0 \u00a0 \u00a0 \u00a0 \u00a0 \u00a0 \u00a0 \u00a0 \u00a0 \u00a0Entre Ombre et Lumi\u00e8re<br \/>\n<\/strong><strong>\u00a0\u00a0\u00a0\u00a0\u00a0\u00a0\u00a0\u00a0\u00a0\u00a0\u00a0\u00a0\u00a0\u00a0\u00a0\u00a0\u00a0\u00a0\u00a0\u00a0\u00a0\u00a0\u00a0\u00a0\u00a0\u00a0\u00a0\u00a0\u00a0\u00a0\u00a0\u00a0\u00a0\u00a0 Pour en d\u00e9couvrir<br \/>\n<\/strong><strong>\u00a0\u00a0\u00a0\u00a0\u00a0\u00a0\u00a0\u00a0\u00a0\u00a0\u00a0\u00a0\u00a0\u00a0\u00a0\u00a0\u00a0\u00a0\u00a0\u00a0\u00a0\u00a0\u00a0\u00a0\u00a0\u00a0\u00a0\u00a0\u00a0\u00a0\u00a0\u00a0\u00a0\u00a0 Toutes ses subtilit\u00e9s<\/strong>\n<p><strong> <a href=\"https:\/\/www.marienoelle-jarousseau.com\/fr\/wp-content\/uploads\/2017\/03\/117-CYCLOPE-2-sign-web-huile-sur-toile-tournante-60-x-60-avril-2004-mars-2007.jpg\"><img loading=\"lazy\" decoding=\"async\" src=\"https:\/\/www.marienoelle-jarousseau.com\/fr\/wp-content\/uploads\/2017\/03\/117-CYCLOPE-2-sign-web-huile-sur-toile-tournante-60-x-60-avril-2004-mars-2007-300x297.jpg\" alt=\"\" width=\"300\" height=\"297\" \/><\/a><\/strong><\/p>\n<p><strong>\u00a0<\/strong><\/p>\n<p><strong>Tableau\u00a0\u00a0 5 \u00a0:\u00a0\u00a0\u00a0\u00a0\u00a0\u00a0\u00a0\u00a0\u00a0\u00a0\u00a0\u00a0\u00a0 ALCOVE\u00a0 \u00a0 \u00a0 \u00a0 \u00a0 \u00ab\u00a0 Le Coeur \u00a0\u00bb<\/strong><\/p>\n<strong>\u00a0\u00a0\u00a0\u00a0\u00a0\u00a0\u00a0\u00a0\u00a0\u00a0\u00a0\u00a0\u00a0\u00a0\u00a0\u00a0\u00a0\u00a0\u00a0\u00a0\u00a0\u00a0\u00a0\u00a0\u00a0\u00a0\u00a0\u00a0\u00a0\u00a0\u00a0\u00a0\u00a0\u00a0 Au bout de cette plong\u00e9e<br \/>\n<\/strong><strong>\u00a0\u00a0\u00a0\u00a0\u00a0\u00a0\u00a0\u00a0\u00a0\u00a0\u00a0\u00a0\u00a0\u00a0\u00a0\u00a0\u00a0\u00a0\u00a0\u00a0\u00a0\u00a0\u00a0\u00a0\u00a0\u00a0\u00a0\u00a0\u00a0\u00a0\u00a0\u00a0\u00a0\u00a0 J\u2019arrive au C\u0153ur<br \/>\n<\/strong><strong>\u00a0\u00a0\u00a0\u00a0\u00a0\u00a0\u00a0\u00a0\u00a0\u00a0\u00a0\u00a0\u00a0\u00a0\u00a0\u00a0\u00a0\u00a0\u00a0\u00a0\u00a0\u00a0\u00a0\u00a0\u00a0\u00a0\u00a0\u00a0\u00a0\u00a0\u00a0\u00a0\u00a0\u00a0 Au Centre<br \/>\n<\/strong><strong>\u00a0\u00a0\u00a0\u00a0\u00a0\u00a0\u00a0\u00a0\u00a0\u00a0\u00a0\u00a0\u00a0\u00a0\u00a0\u00a0\u00a0\u00a0\u00a0\u00a0\u00a0\u00a0\u00a0\u00a0\u00a0\u00a0\u00a0\u00a0\u00a0\u00a0\u00a0\u00a0\u00a0\u00a0 Au centre de Tout<br \/>\n<\/strong><strong>\u00a0\u00a0\u00a0\u00a0\u00a0\u00a0\u00a0\u00a0\u00a0\u00a0\u00a0\u00a0\u00a0\u00a0\u00a0\u00a0\u00a0\u00a0\u00a0\u00a0\u00a0\u00a0\u00a0\u00a0\u00a0\u00a0\u00a0\u00a0\u00a0\u00a0\u00a0\u00a0\u00a0\u00a0 L\u00e0 o\u00f9 le C\u0153ur bat<br \/>\n<\/strong><strong>\u00a0\u00a0\u00a0\u00a0\u00a0\u00a0\u00a0\u00a0\u00a0\u00a0\u00a0\u00a0\u00a0\u00a0\u00a0\u00a0\u00a0\u00a0\u00a0\u00a0\u00a0\u00a0\u00a0\u00a0\u00a0\u00a0\u00a0\u00a0\u00a0\u00a0\u00a0\u00a0\u00a0\u00a0 L\u00e0 o\u00f9 il y a cette Voix (e)<br \/>\n<\/strong><strong>\u00a0\u00a0\u00a0\u00a0\u00a0\u00a0\u00a0\u00a0\u00a0\u00a0\u00a0\u00a0\u00a0\u00a0\u00a0\u00a0\u00a0\u00a0\u00a0\u00a0\u00a0\u00a0\u00a0\u00a0\u00a0\u00a0\u00a0\u00a0\u00a0\u00a0\u00a0\u00a0\u00a0\u00a0 Cette Voix qui me guide<\/strong>\n<p><strong> <a href=\"https:\/\/www.marienoelle-jarousseau.com\/fr\/wp-content\/uploads\/2017\/03\/118-ALCOVE-1-sign-web-huile-sur-toile-tournante-40-x-80-avril-2004-CONTRASTE-e1587564158895.jpg\"><img loading=\"lazy\" decoding=\"async\" src=\"https:\/\/www.marienoelle-jarousseau.com\/fr\/wp-content\/uploads\/2017\/03\/118-ALCOVE-1-sign-web-huile-sur-toile-tournante-40-x-80-avril-2004-CONTRASTE-149x300.jpg\" alt=\"\" width=\"149\" height=\"300\" \/><\/a><\/strong><\/p>\n<p>&nbsp;<\/p>\n<p>EPILOGUE<\/p>\nCes 5 toiles se rejoignent pour former l&rsquo;UNITE<br \/>\nCe qui compose ce que nous sommes venus exp\u00e9rimenter\n<p>&nbsp;<\/p>\n<p>L&rsquo;ARBRE\u00a0 DE\u00a0 VIE<\/p>\n<p><a href=\"https:\/\/www.marienoelle-jarousseau.com\/fr\/wp-content\/uploads\/2017\/03\/119-ARBRE-DE-VIE-1-sign-web-huile-sur-toile-tournante-100-x-81-avril-2004-et-mars-2007-e1588769783337.jpg\"><img loading=\"lazy\" decoding=\"async\" src=\"https:\/\/www.marienoelle-jarousseau.com\/fr\/wp-content\/uploads\/2017\/03\/119-ARBRE-DE-VIE-1-sign-web-huile-sur-toile-tournante-100-x-81-avril-2004-et-mars-2007-300x243.jpg\" alt=\"\" width=\"300\" height=\"243\" \/><\/a><\/p>\n\t\t\t<a href=\"http:\/\/www.marienoelle-jarousseau.com\/fr\/galeries\/contemporains\/\" target=\"_self\" role=\"button\" rel=\"noopener noreferrer\">\n\t\t\t\t\t\t\tRetour\n\t\t\t\t\t<\/a>\n","protected":false},"excerpt":{"rendered":"<p>GEOMETRIE.. (toile tournante) Huile &#8211; 50 x 100 &#8211; R\u00e9alis\u00e9e avec les mains en mars 2004 Po\u00e8me \u00a0&#8211; Inspir\u00e9 en janvier 2005 &#8211; Accompagne la Toile Et Toi .. que ressens-tu\u00a0 ? Tu peux me partager ton ressenti&#8230;ou pas sur le Livre d&rsquo;Or de la page d&rsquo;Accueil Fais tourner la toile Arr\u00eate la au gr\u00e9&hellip;<\/p>\n","protected":false},"author":3,"featured_media":0,"parent":0,"menu_order":0,"comment_status":"closed","ping_status":"closed","template":"","meta":{"footnotes":""},"class_list":["post-2421","page","type-page","status-publish","hentry"],"yoast_head":"<!-- This site is optimized with the Yoast SEO plugin v27.4 - https:\/\/yoast.com\/product\/yoast-seo-wordpress\/ -->\n<title>TT - G\u00e9om\u00e9trie - Marie-No\u00eblle Jarousseau - Artiste<\/title>\n<meta name=\"robots\" content=\"index, follow, max-snippet:-1, max-image-preview:large, max-video-preview:-1\" \/>\n<link rel=\"canonical\" href=\"https:\/\/www.marienoelle-jarousseau.com\/fr\/tt-geometrie\/\" \/>\n<meta property=\"og:locale\" content=\"fr_FR\" \/>\n<meta property=\"og:type\" content=\"article\" \/>\n<meta property=\"og:title\" content=\"TT - G\u00e9om\u00e9trie - Marie-No\u00eblle Jarousseau - Artiste\" \/>\n<meta property=\"og:description\" content=\"GEOMETRIE.. (toile tournante) Huile &#8211; 50 x 100 &#8211; R\u00e9alis\u00e9e avec les mains en mars 2004 Po\u00e8me \u00a0&#8211; Inspir\u00e9 en janvier 2005 &#8211; Accompagne la Toile Et Toi .. que ressens-tu\u00a0 ? Tu peux me partager ton ressenti&#8230;ou pas sur le Livre d&rsquo;Or de la page d&rsquo;Accueil Fais tourner la toile Arr\u00eate la au gr\u00e9&hellip;\" \/>\n<meta property=\"og:url\" content=\"https:\/\/www.marienoelle-jarousseau.com\/fr\/tt-geometrie\/\" \/>\n<meta property=\"og:site_name\" content=\"Marie-No\u00eblle Jarousseau - Artiste\" \/>\n<meta property=\"og:image\" content=\"https:\/\/www.marienoelle-jarousseau.com\/fr\/wp-content\/plugins\/bb-plugin\/img\/pixel.png\" \/>\n<meta name=\"twitter:card\" content=\"summary_large_image\" \/>\n<meta name=\"twitter:label1\" content=\"Dur\u00e9e de lecture estim\u00e9e\" \/>\n\t<meta name=\"twitter:data1\" content=\"3 minutes\" \/>\n<script type=\"application\/ld+json\" class=\"yoast-schema-graph\">{\"@context\":\"https:\\\/\\\/schema.org\",\"@graph\":[{\"@type\":\"WebPage\",\"@id\":\"https:\\\/\\\/www.marienoelle-jarousseau.com\\\/fr\\\/tt-geometrie\\\/\",\"url\":\"https:\\\/\\\/www.marienoelle-jarousseau.com\\\/fr\\\/tt-geometrie\\\/\",\"name\":\"TT - G\u00e9om\u00e9trie - Marie-No\u00eblle Jarousseau - Artiste\",\"isPartOf\":{\"@id\":\"https:\\\/\\\/www.marienoelle-jarousseau.com\\\/fr\\\/#website\"},\"primaryImageOfPage\":{\"@id\":\"https:\\\/\\\/www.marienoelle-jarousseau.com\\\/fr\\\/tt-geometrie\\\/#primaryimage\"},\"image\":{\"@id\":\"https:\\\/\\\/www.marienoelle-jarousseau.com\\\/fr\\\/tt-geometrie\\\/#primaryimage\"},\"thumbnailUrl\":\"https:\\\/\\\/www.marienoelle-jarousseau.com\\\/fr\\\/wp-content\\\/plugins\\\/bb-plugin\\\/img\\\/pixel.png\",\"datePublished\":\"2020-05-08T14:41:37+00:00\",\"breadcrumb\":{\"@id\":\"https:\\\/\\\/www.marienoelle-jarousseau.com\\\/fr\\\/tt-geometrie\\\/#breadcrumb\"},\"inLanguage\":\"fr-FR\",\"potentialAction\":[{\"@type\":\"ReadAction\",\"target\":[\"https:\\\/\\\/www.marienoelle-jarousseau.com\\\/fr\\\/tt-geometrie\\\/\"]}]},{\"@type\":\"ImageObject\",\"inLanguage\":\"fr-FR\",\"@id\":\"https:\\\/\\\/www.marienoelle-jarousseau.com\\\/fr\\\/tt-geometrie\\\/#primaryimage\",\"url\":\"https:\\\/\\\/www.marienoelle-jarousseau.com\\\/fr\\\/wp-content\\\/plugins\\\/bb-plugin\\\/img\\\/pixel.png\",\"contentUrl\":\"https:\\\/\\\/www.marienoelle-jarousseau.com\\\/fr\\\/wp-content\\\/plugins\\\/bb-plugin\\\/img\\\/pixel.png\"},{\"@type\":\"BreadcrumbList\",\"@id\":\"https:\\\/\\\/www.marienoelle-jarousseau.com\\\/fr\\\/tt-geometrie\\\/#breadcrumb\",\"itemListElement\":[{\"@type\":\"ListItem\",\"position\":1,\"name\":\"Accueil\",\"item\":\"https:\\\/\\\/www.marienoelle-jarousseau.com\\\/fr\\\/\"},{\"@type\":\"ListItem\",\"position\":2,\"name\":\"TT &#8211; G\u00e9om\u00e9trie\"}]},{\"@type\":\"WebSite\",\"@id\":\"https:\\\/\\\/www.marienoelle-jarousseau.com\\\/fr\\\/#website\",\"url\":\"https:\\\/\\\/www.marienoelle-jarousseau.com\\\/fr\\\/\",\"name\":\"Marie-No\u00eblle Jarousseau - Artiste\",\"description\":\"\",\"potentialAction\":[{\"@type\":\"SearchAction\",\"target\":{\"@type\":\"EntryPoint\",\"urlTemplate\":\"https:\\\/\\\/www.marienoelle-jarousseau.com\\\/fr\\\/?s={search_term_string}\"},\"query-input\":{\"@type\":\"PropertyValueSpecification\",\"valueRequired\":true,\"valueName\":\"search_term_string\"}}],\"inLanguage\":\"fr-FR\"}]}<\/script>\n<!-- \/ Yoast SEO plugin. -->","yoast_head_json":{"title":"TT - G\u00e9om\u00e9trie - Marie-No\u00eblle Jarousseau - Artiste","robots":{"index":"index","follow":"follow","max-snippet":"max-snippet:-1","max-image-preview":"max-image-preview:large","max-video-preview":"max-video-preview:-1"},"canonical":"https:\/\/www.marienoelle-jarousseau.com\/fr\/tt-geometrie\/","og_locale":"fr_FR","og_type":"article","og_title":"TT - G\u00e9om\u00e9trie - Marie-No\u00eblle Jarousseau - Artiste","og_description":"GEOMETRIE.. (toile tournante) Huile &#8211; 50 x 100 &#8211; R\u00e9alis\u00e9e avec les mains en mars 2004 Po\u00e8me \u00a0&#8211; Inspir\u00e9 en janvier 2005 &#8211; Accompagne la Toile Et Toi .. que ressens-tu\u00a0 ? Tu peux me partager ton ressenti&#8230;ou pas sur le Livre d&rsquo;Or de la page d&rsquo;Accueil Fais tourner la toile Arr\u00eate la au gr\u00e9&hellip;","og_url":"https:\/\/www.marienoelle-jarousseau.com\/fr\/tt-geometrie\/","og_site_name":"Marie-No\u00eblle Jarousseau - Artiste","og_image":[{"url":"https:\/\/www.marienoelle-jarousseau.com\/fr\/wp-content\/plugins\/bb-plugin\/img\/pixel.png","type":"","width":"","height":""}],"twitter_card":"summary_large_image","twitter_misc":{"Dur\u00e9e de lecture estim\u00e9e":"3 minutes"},"schema":{"@context":"https:\/\/schema.org","@graph":[{"@type":"WebPage","@id":"https:\/\/www.marienoelle-jarousseau.com\/fr\/tt-geometrie\/","url":"https:\/\/www.marienoelle-jarousseau.com\/fr\/tt-geometrie\/","name":"TT - G\u00e9om\u00e9trie - Marie-No\u00eblle Jarousseau - Artiste","isPartOf":{"@id":"https:\/\/www.marienoelle-jarousseau.com\/fr\/#website"},"primaryImageOfPage":{"@id":"https:\/\/www.marienoelle-jarousseau.com\/fr\/tt-geometrie\/#primaryimage"},"image":{"@id":"https:\/\/www.marienoelle-jarousseau.com\/fr\/tt-geometrie\/#primaryimage"},"thumbnailUrl":"https:\/\/www.marienoelle-jarousseau.com\/fr\/wp-content\/plugins\/bb-plugin\/img\/pixel.png","datePublished":"2020-05-08T14:41:37+00:00","breadcrumb":{"@id":"https:\/\/www.marienoelle-jarousseau.com\/fr\/tt-geometrie\/#breadcrumb"},"inLanguage":"fr-FR","potentialAction":[{"@type":"ReadAction","target":["https:\/\/www.marienoelle-jarousseau.com\/fr\/tt-geometrie\/"]}]},{"@type":"ImageObject","inLanguage":"fr-FR","@id":"https:\/\/www.marienoelle-jarousseau.com\/fr\/tt-geometrie\/#primaryimage","url":"https:\/\/www.marienoelle-jarousseau.com\/fr\/wp-content\/plugins\/bb-plugin\/img\/pixel.png","contentUrl":"https:\/\/www.marienoelle-jarousseau.com\/fr\/wp-content\/plugins\/bb-plugin\/img\/pixel.png"},{"@type":"BreadcrumbList","@id":"https:\/\/www.marienoelle-jarousseau.com\/fr\/tt-geometrie\/#breadcrumb","itemListElement":[{"@type":"ListItem","position":1,"name":"Accueil","item":"https:\/\/www.marienoelle-jarousseau.com\/fr\/"},{"@type":"ListItem","position":2,"name":"TT &#8211; G\u00e9om\u00e9trie"}]},{"@type":"WebSite","@id":"https:\/\/www.marienoelle-jarousseau.com\/fr\/#website","url":"https:\/\/www.marienoelle-jarousseau.com\/fr\/","name":"Marie-No\u00eblle Jarousseau - Artiste","description":"","potentialAction":[{"@type":"SearchAction","target":{"@type":"EntryPoint","urlTemplate":"https:\/\/www.marienoelle-jarousseau.com\/fr\/?s={search_term_string}"},"query-input":{"@type":"PropertyValueSpecification","valueRequired":true,"valueName":"search_term_string"}}],"inLanguage":"fr-FR"}]}},"_links":{"self":[{"href":"https:\/\/www.marienoelle-jarousseau.com\/fr\/wp-json\/wp\/v2\/pages\/2421","targetHints":{"allow":["GET"]}}],"collection":[{"href":"https:\/\/www.marienoelle-jarousseau.com\/fr\/wp-json\/wp\/v2\/pages"}],"about":[{"href":"https:\/\/www.marienoelle-jarousseau.com\/fr\/wp-json\/wp\/v2\/types\/page"}],"author":[{"embeddable":true,"href":"https:\/\/www.marienoelle-jarousseau.com\/fr\/wp-json\/wp\/v2\/users\/3"}],"replies":[{"embeddable":true,"href":"https:\/\/www.marienoelle-jarousseau.com\/fr\/wp-json\/wp\/v2\/comments?post=2421"}],"version-history":[{"count":0,"href":"https:\/\/www.marienoelle-jarousseau.com\/fr\/wp-json\/wp\/v2\/pages\/2421\/revisions"}],"wp:attachment":[{"href":"https:\/\/www.marienoelle-jarousseau.com\/fr\/wp-json\/wp\/v2\/media?parent=2421"}],"curies":[{"name":"wp","href":"https:\/\/api.w.org\/{rel}","templated":true}]}}