{"id":2423,"date":"2020-05-13T07:17:37","date_gmt":"2020-05-13T06:17:37","guid":{"rendered":"https:\/\/www.marienoelle-jarousseau.com\/fr\/?page_id=2423"},"modified":"2020-05-13T07:32:37","modified_gmt":"2020-05-13T06:32:37","slug":"tt-fleur-au-coeur-noir","status":"publish","type":"page","link":"https:\/\/www.marienoelle-jarousseau.com\/fr\/tt-fleur-au-coeur-noir\/","title":{"rendered":"TT &#8211; Fleur au coeur noir"},"content":{"rendered":"<h2>\n\t\tFRED&#8230; (toile tournante)\n\t<\/h2>\n\t<em>Huile &#8211; 81 x 116 &#8211; R<\/em><em>\u00e9alis\u00e9e en mars 2002<\/em><br \/>\n<em>Po\u00e8me \u00a0&#8211; Inspir\u00e9 en d\u00e9cembre 2002 &#8211; Accompagne la Toile<\/em>\n\t<h3><strong>Et Toi .. que ressens-tu\u00a0 ?<\/strong><\/h3>\n<em>Tu peux me partager ton ressenti&#8230;ou pas<br \/>\nsur le Livre d&rsquo;Or de la page d&rsquo;Accueil<\/em>\n\t<em>Fais tourner la toile<\/em> <br \/>\n<em>Arr\u00eate la au gr\u00e9 de ton ressenti<\/em> \n\t<style type=\"text\/css\">\r\n\t\t\t.picture_rotating_container .picture_rotating_view {width: 596.1585359617px;height: 596.1585359617px;}\r\n\t\t\t.picture_rotating_container .picture_rotating_view img#PR_69e73a541e8fd, .picture_rotating_container .picture_rotating_view canvas#PR_69e73a541e8fd {margin: 109.07926798085px 67.579267980851px;}\r\n\t\t<\/style><script type=\"text\/javascript\">var picture_rotating_intervalPR_69e73a541e8fd;var picture_rotating_interval_stoppedPR_69e73a541e8fd = false;var angle = 0;\r\n\t\tif(!picture_rotating_diago)\r\n\t\t\tvar picture_rotating_diago = [];\r\n\t\tpicture_rotating_diago[\"PR_69e73a541e8fd\"] = 596.1585359617;\r\n\t\t\t\tjQuery(document).ready(function($) {\r\n\t\t\t\t\t\/** $(\"#PR_69e73a541e8fd\").click(function(){ $(this).rotateLeft(180); }); *\/\r\n\t\t\t\t\t\r\n\t\t\t\t\t\/** picture_rotating_intervalPR_69e73a541e8fd = setInterval(function () { $(\"#PR_69e73a541e8fd\").rotate(5); },500); *\/\r\n\t\t\t\t\t\/\/ clearInterval(picture_rotating_intervalPR_69e73a541e8fd);\r\n\t\t\t\t\t\r\n\t\t\t\t\tpicture_rotating_intervalPR_69e73a541e8fd = setInterval(function () { angle+=5;$(\"#PR_69e73a541e8fd\").rotate(angle); },500);\r\n\t\t\t\t});\r\n\t\t\t\t\tfunction stopPictRotatePR_69e73a541e8fd(){if(!picture_rotating_interval_stoppedPR_69e73a541e8fd){clearInterval(picture_rotating_intervalPR_69e73a541e8fd);picture_rotating_interval_stoppedPR_69e73a541e8fd = true;}}\r\n\t\t\t\t\tfunction startPictRotatePR_69e73a541e8fd(){if(picture_rotating_interval_stoppedPR_69e73a541e8fd){picture_rotating_intervalPR_69e73a541e8fd = setInterval(function () { angle+=5;jQuery(\"#PR_69e73a541e8fd\").rotate(angle); },500);picture_rotating_interval_stoppedPR_69e73a541e8fd = false;}}\r\n\t\t\t<\/script><div class=\"picture_rotating_container\">\r\n\t\t\t\t<div class=\"picture_rotating_view\"><img loading=\"lazy\" decoding=\"async\" id=\"PR_69e73a541e8fd\" src=\"https:\/\/www.marienoelle-jarousseau.com\/fr\/wp-content\/uploads\/2015\/09\/99-FRED-1-huile-sur-toile-tournante-81-x-100-mars-20021.jpg\" alt=\"\" width=\"461\" height=\"378\"\/><\/div>\r\n\t\t\t\t<div class=\"picture_rotating_controls\"><i class=\"fa fa-pause\" onclick=\"javascript:stopPictRotatePR_69e73a541e8fd()\"><\/i><i class=\"fa fa-play\" onclick=\"javascript:startPictRotatePR_69e73a541e8fd()\"><\/i><\/div>\r\n\t\t\t<\/div>\n\t<p><em>POEME\u00a0 EN\u00a0 \u00a0AUDIO<\/em><\/p>\n<em>Peut-\u00eatre que ta connexion est peu \u00e9lev\u00e9e&#8230;<br \/>\nClique sur la fl\u00e8che.. et chut&#8230; patience&#8230;<br \/>\nLaisse le temps \u00e0 la parole d&rsquo;\u00e9merger&#8230;<\/em><em>_<\/em>\n\t\t<meta itemprop=\"url\" content=\"https:\/\/www.marienoelle-jarousseau.com\/fr\/wp-content\/uploads\/2020\/04\/La-justice-du-3e-mille\u0301naire.m4a\" \/><!--[if lt IE 9]><script>document.createElement('audio');<\/script><![endif]-->\n<audio class=\"wp-audio-shortcode\" id=\"audio-2423-1\" preload=\"none\" style=\"width: 100%;\" controls=\"controls\"><source type=\"audio\/mpeg\" src=\"https:\/\/www.marienoelle-jarousseau.com\/fr\/wp-content\/uploads\/2020\/04\/La-justice-du-3e-mille\u0301naire.m4a?_=1\" \/><a href=\"https:\/\/www.marienoelle-jarousseau.com\/fr\/wp-content\/uploads\/2020\/04\/La-justice-du-3e-mille\u0301naire.m4a\">https:\/\/www.marienoelle-jarousseau.com\/fr\/wp-content\/uploads\/2020\/04\/La-justice-du-3e-mille\u0301naire.m4a<\/a><\/audio>\n<p>\u00ab\u00a0FRED\u00a0\u00bb<\/p>\nInspiration<\/br><\/br>\nCe tableau a \u00e9t\u00e9 r\u00e9alis\u00e9<\/br>\npour un ami de mon fils 18 ans <\/br><\/br>\nQuand je l&rsquo;ai peint,<\/br>\nj&rsquo;ai ressenti instans\u00e9ment<\/br>\n\u00ab\u00a0la r\u00e9sonance\u00a0\u00bb de Fred<\/br>\nj\u2019ai ressenti beaucoup de force et d\u2019\u00e9nergie<\/br>\nau travers d\u2019une grande source <\/br>\nqui ne demandait qu\u2019\u00e0 couler<\/br>\nde toutes les mani\u00e8res possibles : <\/br>\nc\u2019est le Blanc<\/br>\n<\/br>\nComme le personnage,<\/br> \nce tableau  rec\u00e8le de multiples<\/br>\net merveilleuses facettes, <\/br>\ntoutes les d\u00e9crire rev\u00e8le de l\u2019infini<\/br>\n<\/br>\nEn voici quelques unes :<\/br>\n<\/br>\n<\/br>\n&#8212;&#8212;&#8212;-Face 1 :    face offerte<\/br>\n<\/br>\n&#8212;&#8211;En haut, \u00e0 gauche :<\/br><\/br>\nUn trou, une oreille<\/br>\nL\u00e0 sont venus les sons<\/br>\nCri jaillissant , plein d\u2019amplitude<\/br>\n<\/br>\n&#8212;&#8211;Dessous : <\/br><\/br>\nUn visage de lune paisible <\/br>\nS\u2019int\u00e9riorise<\/br>\n<\/br>\n&#8212;&#8211;En bas \u00e0 gauche : <\/br><\/br>\nUn papillon gracile<\/br>\n<\/br>\n&#8212;&#8211;A droite :<\/br><\/br>\nUn fauteuil vide, un tr\u00f4ne<\/br>\nPas de personnage,<\/br> \nJuste l\u2019\u00e9bauche d\u2019une main<\/br>\n<\/br>\n&#8212;&#8211;Au centre :<\/br><\/br>\nHamac tranquille<\/br>\nSur fond de gueule b\u00e9ante<\/br>\n<\/br>\n<\/br>\n<\/br>\n&#8212;&#8212;&#8212;-Face 2 \u2013 3 \u2013 4 :    faces cach\u00e9es<\/br>\n<\/br>\n<\/br>\n&#8212;&#8212;&#8212;-Face 2<\/br>\n<\/br>\nMusique et volupt\u00e9<\/br>\nCorps de femme, muse<\/br>\nD\u00e9esse de paix et de s\u00e9r\u00e9nit\u00e9<\/br>\n<\/br>\n<\/br>\n&#8212;&#8212;&#8212;-Face 3<\/br>\n<\/br>\nT\u00eates d\u2019animaux : antilope, lion\u2026<\/br>\nRoi Lion majestueux<\/br>\nYeux ferm\u00e9s, s\u00e9r\u00e9nit\u00e9 affirm\u00e9e<\/br>\nParure d\u2019or et de Lumi\u00e8re<\/br>\nMain droite maintenant le sceptre<\/br>\n<\/br>\nEt toujours,<\/br><\/br>\n&#8212;&#8211;En bas \u00e0 droite,<\/br><\/br>\nce cri jaillissant des profondeurs<\/br>\n<\/br>\n<\/br>\n&#8212;&#8212;&#8212;-Face 4 : l\u2019accomplissement<\/br>\n<\/br>\nMage et baguette<\/br>\nChaudron et potion magique<\/br>\nOh miracle, feu d\u2019artifice<\/br>\n<\/br>\nDe ce trou,<\/br><\/br>\n&#8212;&#8211;En bas \u00e0 gauche<\/br><\/br>\nJaillit mille paillettes de Lumi\u00e8re<\/br>\nEntourant un oiseau blanc naissant<\/br>\nRamage color\u00e9<\/br>\n<\/br>\n<\/br>\nUn nouveau Ph\u00e9nix<\/br>\nRena\u00eetrait-il de ses cendres\n<\/br>\n<\/br>\n<p>MNJ<\/p>\n\t\t\t<a href=\"http:\/\/www.marienoelle-jarousseau.com\/fr\/galeries\/contemporains\/\" target=\"_self\" role=\"button\" rel=\"noopener noreferrer\">\n\t\t\t\t\t\t\tRetour\n\t\t\t\t\t<\/a>\n","protected":false},"excerpt":{"rendered":"<p>FRED&#8230; (toile tournante) Huile &#8211; 81 x 116 &#8211; R\u00e9alis\u00e9e en mars 2002 Po\u00e8me \u00a0&#8211; Inspir\u00e9 en d\u00e9cembre 2002 &#8211; Accompagne la Toile Et Toi .. que ressens-tu\u00a0 ? Tu peux me partager ton ressenti&#8230;ou pas sur le Livre d&rsquo;Or de la page d&rsquo;Accueil Fais tourner la toile Arr\u00eate la au gr\u00e9 de ton ressenti&hellip;<\/p>\n","protected":false},"author":3,"featured_media":0,"parent":0,"menu_order":0,"comment_status":"closed","ping_status":"closed","template":"","meta":{"footnotes":""},"class_list":["post-2423","page","type-page","status-publish","hentry"],"yoast_head":"<!-- This site is optimized with the Yoast SEO plugin v27.4 - https:\/\/yoast.com\/product\/yoast-seo-wordpress\/ -->\n<title>TT - Fleur au coeur noir - Marie-No\u00eblle Jarousseau - Artiste<\/title>\n<meta name=\"robots\" content=\"index, follow, max-snippet:-1, max-image-preview:large, max-video-preview:-1\" \/>\n<link rel=\"canonical\" href=\"https:\/\/www.marienoelle-jarousseau.com\/fr\/tt-fleur-au-coeur-noir\/\" \/>\n<meta property=\"og:locale\" content=\"fr_FR\" \/>\n<meta property=\"og:type\" content=\"article\" \/>\n<meta property=\"og:title\" content=\"TT - Fleur au coeur noir - Marie-No\u00eblle Jarousseau - Artiste\" \/>\n<meta property=\"og:description\" content=\"FRED&#8230; (toile tournante) Huile &#8211; 81 x 116 &#8211; R\u00e9alis\u00e9e en mars 2002 Po\u00e8me \u00a0&#8211; Inspir\u00e9 en d\u00e9cembre 2002 &#8211; Accompagne la Toile Et Toi .. que ressens-tu\u00a0 ? Tu peux me partager ton ressenti&#8230;ou pas sur le Livre d&rsquo;Or de la page d&rsquo;Accueil Fais tourner la toile Arr\u00eate la au gr\u00e9 de ton ressenti&hellip;\" \/>\n<meta property=\"og:url\" content=\"https:\/\/www.marienoelle-jarousseau.com\/fr\/tt-fleur-au-coeur-noir\/\" \/>\n<meta property=\"og:site_name\" content=\"Marie-No\u00eblle Jarousseau - Artiste\" \/>\n<meta property=\"article:modified_time\" content=\"2020-05-13T06:32:37+00:00\" \/>\n<meta name=\"twitter:card\" content=\"summary_large_image\" \/>\n<meta name=\"twitter:label1\" content=\"Dur\u00e9e de lecture estim\u00e9e\" \/>\n\t<meta name=\"twitter:data1\" content=\"2 minutes\" \/>\n<script type=\"application\/ld+json\" class=\"yoast-schema-graph\">{\"@context\":\"https:\\\/\\\/schema.org\",\"@graph\":[{\"@type\":\"WebPage\",\"@id\":\"https:\\\/\\\/www.marienoelle-jarousseau.com\\\/fr\\\/tt-fleur-au-coeur-noir\\\/\",\"url\":\"https:\\\/\\\/www.marienoelle-jarousseau.com\\\/fr\\\/tt-fleur-au-coeur-noir\\\/\",\"name\":\"TT - Fleur au coeur noir - Marie-No\u00eblle Jarousseau - Artiste\",\"isPartOf\":{\"@id\":\"https:\\\/\\\/www.marienoelle-jarousseau.com\\\/fr\\\/#website\"},\"datePublished\":\"2020-05-13T06:17:37+00:00\",\"dateModified\":\"2020-05-13T06:32:37+00:00\",\"breadcrumb\":{\"@id\":\"https:\\\/\\\/www.marienoelle-jarousseau.com\\\/fr\\\/tt-fleur-au-coeur-noir\\\/#breadcrumb\"},\"inLanguage\":\"fr-FR\",\"potentialAction\":[{\"@type\":\"ReadAction\",\"target\":[\"https:\\\/\\\/www.marienoelle-jarousseau.com\\\/fr\\\/tt-fleur-au-coeur-noir\\\/\"]}]},{\"@type\":\"BreadcrumbList\",\"@id\":\"https:\\\/\\\/www.marienoelle-jarousseau.com\\\/fr\\\/tt-fleur-au-coeur-noir\\\/#breadcrumb\",\"itemListElement\":[{\"@type\":\"ListItem\",\"position\":1,\"name\":\"Accueil\",\"item\":\"https:\\\/\\\/www.marienoelle-jarousseau.com\\\/fr\\\/\"},{\"@type\":\"ListItem\",\"position\":2,\"name\":\"TT &#8211; Fleur au coeur noir\"}]},{\"@type\":\"WebSite\",\"@id\":\"https:\\\/\\\/www.marienoelle-jarousseau.com\\\/fr\\\/#website\",\"url\":\"https:\\\/\\\/www.marienoelle-jarousseau.com\\\/fr\\\/\",\"name\":\"Marie-No\u00eblle Jarousseau - Artiste\",\"description\":\"\",\"potentialAction\":[{\"@type\":\"SearchAction\",\"target\":{\"@type\":\"EntryPoint\",\"urlTemplate\":\"https:\\\/\\\/www.marienoelle-jarousseau.com\\\/fr\\\/?s={search_term_string}\"},\"query-input\":{\"@type\":\"PropertyValueSpecification\",\"valueRequired\":true,\"valueName\":\"search_term_string\"}}],\"inLanguage\":\"fr-FR\"}]}<\/script>\n<!-- \/ Yoast SEO plugin. -->","yoast_head_json":{"title":"TT - Fleur au coeur noir - Marie-No\u00eblle Jarousseau - Artiste","robots":{"index":"index","follow":"follow","max-snippet":"max-snippet:-1","max-image-preview":"max-image-preview:large","max-video-preview":"max-video-preview:-1"},"canonical":"https:\/\/www.marienoelle-jarousseau.com\/fr\/tt-fleur-au-coeur-noir\/","og_locale":"fr_FR","og_type":"article","og_title":"TT - Fleur au coeur noir - Marie-No\u00eblle Jarousseau - Artiste","og_description":"FRED&#8230; (toile tournante) Huile &#8211; 81 x 116 &#8211; R\u00e9alis\u00e9e en mars 2002 Po\u00e8me \u00a0&#8211; Inspir\u00e9 en d\u00e9cembre 2002 &#8211; Accompagne la Toile Et Toi .. que ressens-tu\u00a0 ? Tu peux me partager ton ressenti&#8230;ou pas sur le Livre d&rsquo;Or de la page d&rsquo;Accueil Fais tourner la toile Arr\u00eate la au gr\u00e9 de ton ressenti&hellip;","og_url":"https:\/\/www.marienoelle-jarousseau.com\/fr\/tt-fleur-au-coeur-noir\/","og_site_name":"Marie-No\u00eblle Jarousseau - Artiste","article_modified_time":"2020-05-13T06:32:37+00:00","twitter_card":"summary_large_image","twitter_misc":{"Dur\u00e9e de lecture estim\u00e9e":"2 minutes"},"schema":{"@context":"https:\/\/schema.org","@graph":[{"@type":"WebPage","@id":"https:\/\/www.marienoelle-jarousseau.com\/fr\/tt-fleur-au-coeur-noir\/","url":"https:\/\/www.marienoelle-jarousseau.com\/fr\/tt-fleur-au-coeur-noir\/","name":"TT - Fleur au coeur noir - Marie-No\u00eblle Jarousseau - Artiste","isPartOf":{"@id":"https:\/\/www.marienoelle-jarousseau.com\/fr\/#website"},"datePublished":"2020-05-13T06:17:37+00:00","dateModified":"2020-05-13T06:32:37+00:00","breadcrumb":{"@id":"https:\/\/www.marienoelle-jarousseau.com\/fr\/tt-fleur-au-coeur-noir\/#breadcrumb"},"inLanguage":"fr-FR","potentialAction":[{"@type":"ReadAction","target":["https:\/\/www.marienoelle-jarousseau.com\/fr\/tt-fleur-au-coeur-noir\/"]}]},{"@type":"BreadcrumbList","@id":"https:\/\/www.marienoelle-jarousseau.com\/fr\/tt-fleur-au-coeur-noir\/#breadcrumb","itemListElement":[{"@type":"ListItem","position":1,"name":"Accueil","item":"https:\/\/www.marienoelle-jarousseau.com\/fr\/"},{"@type":"ListItem","position":2,"name":"TT &#8211; Fleur au coeur noir"}]},{"@type":"WebSite","@id":"https:\/\/www.marienoelle-jarousseau.com\/fr\/#website","url":"https:\/\/www.marienoelle-jarousseau.com\/fr\/","name":"Marie-No\u00eblle Jarousseau - Artiste","description":"","potentialAction":[{"@type":"SearchAction","target":{"@type":"EntryPoint","urlTemplate":"https:\/\/www.marienoelle-jarousseau.com\/fr\/?s={search_term_string}"},"query-input":{"@type":"PropertyValueSpecification","valueRequired":true,"valueName":"search_term_string"}}],"inLanguage":"fr-FR"}]}},"_links":{"self":[{"href":"https:\/\/www.marienoelle-jarousseau.com\/fr\/wp-json\/wp\/v2\/pages\/2423","targetHints":{"allow":["GET"]}}],"collection":[{"href":"https:\/\/www.marienoelle-jarousseau.com\/fr\/wp-json\/wp\/v2\/pages"}],"about":[{"href":"https:\/\/www.marienoelle-jarousseau.com\/fr\/wp-json\/wp\/v2\/types\/page"}],"author":[{"embeddable":true,"href":"https:\/\/www.marienoelle-jarousseau.com\/fr\/wp-json\/wp\/v2\/users\/3"}],"replies":[{"embeddable":true,"href":"https:\/\/www.marienoelle-jarousseau.com\/fr\/wp-json\/wp\/v2\/comments?post=2423"}],"version-history":[{"count":0,"href":"https:\/\/www.marienoelle-jarousseau.com\/fr\/wp-json\/wp\/v2\/pages\/2423\/revisions"}],"wp:attachment":[{"href":"https:\/\/www.marienoelle-jarousseau.com\/fr\/wp-json\/wp\/v2\/media?parent=2423"}],"curies":[{"name":"wp","href":"https:\/\/api.w.org\/{rel}","templated":true}]}}