{"id":2528,"date":"2020-04-05T10:26:06","date_gmt":"2020-04-05T09:26:06","guid":{"rendered":"https:\/\/www.marienoelle-jarousseau.com\/fr\/?page_id=2528"},"modified":"2020-04-29T13:36:56","modified_gmt":"2020-04-29T12:36:56","slug":"tt-tempete-solaire","status":"publish","type":"page","link":"https:\/\/www.marienoelle-jarousseau.com\/fr\/tt-tempete-solaire\/","title":{"rendered":"TT &#8211; Temp\u00eate solaire"},"content":{"rendered":"<h2>\n\t\tTEMPETE SOLAIRE (toile tournante)\n\t<\/h2>\n\tHuile<em> &#8211; 54 x 65 &#8211; R<\/em><em>\u00e9alis\u00e9e en f\u00e9vrier 2010<\/em><br \/>\n<i>Quelques\u00a0 heures avant le tsunami \u00ab\u00a0Xynthia\u00a0\u00bb<\/i>\n\t<h3><strong>Et Toi .. que ressens-tu\u00a0 ?<\/strong><\/h3>\n<em>Tu peux me partager ton ressenti&#8230;ou pas<br \/>\nsur le Livre d&rsquo;Or de la page d&rsquo;Accueil<\/em>\n\t<em>Fais tourner la toile<\/em> <br \/>\n<em>Arr\u00eate la au gr\u00e9 de ton ressenti<\/em> \n\t<style type=\"text\/css\">\r\n\t\t\t.picture_rotating_container .picture_rotating_view {width: 644.07763507205px;height: 644.07763507205px;}\r\n\t\t\t.picture_rotating_container .picture_rotating_view img#PR_69e784a722f13, .picture_rotating_container .picture_rotating_view canvas#PR_69e784a722f13 {margin: 72.038817536023px 119.03881753602px;}\r\n\t\t<\/style><script type=\"text\/javascript\">var picture_rotating_intervalPR_69e784a722f13;var picture_rotating_interval_stoppedPR_69e784a722f13 = false;var angle = 0;\r\n\t\tif(!picture_rotating_diago)\r\n\t\t\tvar picture_rotating_diago = [];\r\n\t\tpicture_rotating_diago[\"PR_69e784a722f13\"] = 644.07763507205;\r\n\t\t\t\tjQuery(document).ready(function($) {\r\n\t\t\t\t\t\/** $(\"#PR_69e784a722f13\").click(function(){ $(this).rotateLeft(180); }); *\/\r\n\t\t\t\t\t\r\n\t\t\t\t\t\/** picture_rotating_intervalPR_69e784a722f13 = setInterval(function () { $(\"#PR_69e784a722f13\").rotate(5); },500); *\/\r\n\t\t\t\t\t\/\/ clearInterval(picture_rotating_intervalPR_69e784a722f13);\r\n\t\t\t\t\t\r\n\t\t\t\t\tpicture_rotating_intervalPR_69e784a722f13 = setInterval(function () { angle+=5;$(\"#PR_69e784a722f13\").rotate(angle); },500);\r\n\t\t\t\t});\r\n\t\t\t\t\tfunction stopPictRotatePR_69e784a722f13(){if(!picture_rotating_interval_stoppedPR_69e784a722f13){clearInterval(picture_rotating_intervalPR_69e784a722f13);picture_rotating_interval_stoppedPR_69e784a722f13 = true;}}\r\n\t\t\t\t\tfunction startPictRotatePR_69e784a722f13(){if(picture_rotating_interval_stoppedPR_69e784a722f13){picture_rotating_intervalPR_69e784a722f13 = setInterval(function () { angle+=5;jQuery(\"#PR_69e784a722f13\").rotate(angle); },500);picture_rotating_interval_stoppedPR_69e784a722f13 = false;}}\r\n\t\t\t<\/script><div class=\"picture_rotating_container\">\r\n\t\t\t\t<div class=\"picture_rotating_view\"><img loading=\"lazy\" decoding=\"async\" id=\"PR_69e784a722f13\" src=\"https:\/\/www.marienoelle-jarousseau.com\/fr\/wp-content\/uploads\/2020\/04\/180-Web-Tempete-solaire-huile-sur-toile-tournante-54-x-65-Fev-2010-DSC0129-e1586114542695.jpg\" alt=\"\" width=\"406\" height=\"500\"\/><\/div>\r\n\t\t\t\t<div class=\"picture_rotating_controls\"><i class=\"fa fa-pause\" onclick=\"javascript:stopPictRotatePR_69e784a722f13()\"><\/i><i class=\"fa fa-play\" onclick=\"javascript:startPictRotatePR_69e784a722f13()\"><\/i><\/div>\r\n\t\t\t<\/div>\n\t<blockquote>\n<h2>Histoire\u00a0 de\u00a0 la\u00a0 Toile<\/h2>\n<\/blockquote>\n\t<p><em>Cette toile est li\u00e9e \u00e0<\/em><\/p>\n<p><em>ONDE DE CHOC MARINE<\/em><\/p>\n<p><a href=\"https:\/\/www.marienoelle-jarousseau.com\/fr\/wp-content\/uploads\/2020\/04\/181-Web-ONDE-DE-CHOC-MARINE-sign-huile-sur-toile-tournante-45-x-55-fev-2010_DSC0125-e1586081944543.jpg\"><img loading=\"lazy\" decoding=\"async\" src=\"https:\/\/www.marienoelle-jarousseau.com\/fr\/wp-content\/uploads\/2020\/04\/181-Web-ONDE-DE-CHOC-MARINE-sign-huile-sur-toile-tournante-45-x-55-fev-2010_DSC0125-300x245.jpg\" alt=\"\" width=\"300\" height=\"245\" \/><\/a><\/p>\n<p><em>Elles ont \u00e9t\u00e9 inspir\u00e9es l&rsquo;une apr\u00e8s l&rsquo;autre<\/em><\/p>\n<em>Tout d&rsquo;abord<\/em><br \/>\n<em>TEMPETE SOLAIRE<\/em><br \/>\n<em>Puis<\/em><br \/>\n<em>ONDE DE CHOC MARINE<\/em>\n<p>&nbsp;<\/p>\n<p>&nbsp;<\/p>\n\t<p>Histoire\u00a0 de\u00a0 la\u00a0 Toile\u00a0 en\u00a0 Audio<\/p>\n<hr \/>\n<em>Peut-\u00eatre que ta connexion est peu \u00e9lev\u00e9e&#8230;<br \/>\nClique sur la fl\u00e8che.. et chut&#8230; patience&#8230;<br \/>\nLaisse le temps \u00e0 la parole d&rsquo;\u00e9merger&#8230;<\/em>\n\t\t<meta itemprop=\"url\" content=\"https:\/\/www.marienoelle-jarousseau.com\/fr\/wp-content\/uploads\/2020\/04\/Tempe\u0302te-solaire-et-Onde-de-choc.m4a\" \/><!--[if lt IE 9]><script>document.createElement('audio');<\/script><![endif]-->\n<audio class=\"wp-audio-shortcode\" id=\"audio-2528-1\" preload=\"none\" style=\"width: 100%;\" controls=\"controls\"><source type=\"audio\/mpeg\" src=\"https:\/\/www.marienoelle-jarousseau.com\/fr\/wp-content\/uploads\/2020\/04\/Tempe\u0302te-solaire-et-Onde-de-choc.m4a?_=1\" \/><a href=\"https:\/\/www.marienoelle-jarousseau.com\/fr\/wp-content\/uploads\/2020\/04\/Tempe\u0302te-solaire-et-Onde-de-choc.m4a\">https:\/\/www.marienoelle-jarousseau.com\/fr\/wp-content\/uploads\/2020\/04\/Tempe\u0302te-solaire-et-Onde-de-choc.m4a<\/a><\/audio>\n\t<hr \/>\n<em>J&rsquo;\u00e9tais \u00e0 Saint Gildas de Rhuys au bord de la mer dans le Morbihan, o\u00f9 j&rsquo;exposais pour une huitaine de jours.<\/em><br \/>\n<em>Ce matin l\u00e0, j&rsquo;ai \u00e9t\u00e9 inspir\u00e9e \u00e0 peindre une toile avec des couleurs \u00ab\u00a0feu\u00a0\u00bb<\/em><br \/>\n<em>La sensation forte \u00e9tait&#8230; comme des flamm\u00e8ches qui se d\u00e9tachaient d&rsquo;une masse et formaient comme des volutes qui s&rsquo;\u00e9tiraient en s&rsquo;\u00e9largissant. C&rsquo;est ce que j&rsquo;ai peint sur cette premi\u00e8re toile.<\/em><br \/>\n<em>Et cette toile est rest\u00e9e tr\u00e8s longtemps comme \u00e7\u00e0.<\/em><br \/>\n<em>Elle ressemblait fort aux images d&rsquo;\u00e9ruption solaire que l&rsquo;on voit aujourd&rsquo;hui, j&rsquo;en ressens encore les m\u00eames \u00e9tirements&#8230;mais sur le moment je n&rsquo;y ai pas pr\u00eat\u00e9 attention.<\/em>\n<p>&nbsp;<\/p>\n<em>Malheureusement, il ne m&rsquo;est pas venu \u00e0 l&rsquo;id\u00e9e de la photographier en l&rsquo;\u00e9tat !<\/em><br \/>\n<em>Car quelques temps plus tard, je l&rsquo;ai transform\u00e9e en ce qu&rsquo;elle est maintenant.<\/em>\n<p>&nbsp;<\/p>\n<em>En\u00a0 effet, j&rsquo;avais vu une toile qui me plaisait bien et repr\u00e9sentait une femme lib\u00e9r\u00e9e.<\/em><br \/>\n<em>Chose que je ne fais jamais, j&rsquo;ai voulu en reproduire l&rsquo;effet et\u00a0 malheureusement c&rsquo;est sur la base de cette toile que j&rsquo;ai fait oeuvrer mes pinceaux !<br \/>\nOh, s\u00f9r ! elle est jolie et je l&rsquo;aime bien ainsi, mais il me reste un arri\u00e8re go\u00fbt&#8230;d&rsquo;avoir d\u00e9natur\u00e9 l&rsquo;oeuvre initiale, et je le regrette sinc\u00e8rement.<\/em><br \/>\n<em>En effet, mes toiles sont inspir\u00e9es, et quand je peins je ne sais pas ce que je peins,\u00a0 je \u00ab\u00a0suis\u00a0\u00bb simplement l&rsquo;inspiration, l&rsquo;oeuvre est donc \u00ab\u00a0au del\u00e0\u00a0\u00bb du petit \u00ab\u00a0personnage-Marie-No\u00eblle\u00a0\u00bb&#8230;<\/em><br \/>\n<em>Quand j&rsquo;ai voulu la transformer, je l&rsquo;ai plus fait avec \u00ab\u00a0le mental\u00a0\u00bb qui voulait reproduire quelque chose.. et \u00e7\u00e0&#8230;. ce n&rsquo;est pas \u00ab\u00a0moi\u00a0\u00bb<\/em>\n<p>&nbsp;<\/p>\n<em>J&rsquo;ai donc \u00e9t\u00e9 inspir\u00e9e, ce matin l\u00e0 , \u00e0 peindre une toile repr\u00e9sentant des \u00ab\u00a0volutes de feu qui s&rsquo;\u00e9chappaient\u00a0\u00bb : je sentais le feu et le vent&#8230; c&rsquo;\u00e9tait fort, violent et doux \u00e0 la fois mais extr\u00eamement puissant !<\/em><br \/>\n<em>Quelques heures plus tard&#8230;. j&rsquo;ai \u00e9t\u00e9 inspir\u00e9e de la seconde toile \u00ab\u00a0ONDE DE CHOC MARINE\u00a0\u00bb, o\u00f9 l\u00e0 j&rsquo;ai senti l&rsquo;eau&#8230; comme de grosses bulles qui grossissaient, se soulevaient&#8230;formaient comme des champignons nucl\u00e9aires&#8230; ainsi que des vagues et des rochers&#8230;(tr\u00e8s difficile de \u00ab\u00a0poser des mots\u00a0\u00bb sur une sensation sans en d\u00e9naturer l&rsquo;essence)<\/em>\n<em>Et&#8230;&#8230;..<\/em><br \/>\n<em>Quelques heures apr\u00e8s, il y a eu le tsunami Xynthia envahissant une grande partie du littoral !!!!!<\/em><br \/>\n<em>Une fois de plus, j&rsquo;\u00e9tais \u00ab\u00a0scotch\u00e9e!&#8230;\u00a0\u00bb par ce qui m&rsquo;avait \u00ab\u00a0travers\u00e9\u00a0\u00bb<\/em>\n<p>&nbsp;<\/p>\n<p><em>Il me reste la forte sensation d&rsquo;un lien entre ces 2 ph\u00e9nom\u00e8nes, mais je ne peux\u00a0 rien affirmer autre que mon ressenti. Je n&rsquo;ai jusqu&rsquo;ici jamais pu lire, entendre, ou la joie de rencontrer des scientifiques (j&rsquo;ai vraiment le r\u00eave de partager avec eux mes visions et leurs \u00e9tudes&#8230;) ou avoir confirmation qu&rsquo;avant ce tsunami il y ait eu une forte \u00e9ruption solaire\u00a0 entra\u00eenant ensuite sur la terre un soul\u00e8vement de la mer par l&rsquo;intense \u00e9nergie re\u00e7ue&#8230;<\/em><\/p>\n<p>&nbsp;<\/p>\n<p><em>Si quelqu&rsquo;un lit ces lignes, et qu&rsquo;il a des informations sur cela, je serais si heureuse de vous entendre&#8230;<\/em><\/p>\n<p><em>Merci<\/em><\/p>\n<p>&nbsp;<\/p>\n<p><em>Avec toute ma tendresse<\/em><\/p>\n<p><em>Marie-No\u00eblle\u00a0<\/em><\/p>\n\t\t\t<a href=\"http:\/\/www.marienoelle-jarousseau.com\/fr\/galeries\/contemporains\/\" target=\"_self\" role=\"button\" rel=\"noopener noreferrer\">\n\t\t\t\t\t\t\tRetour\n\t\t\t\t\t<\/a>\n","protected":false},"excerpt":{"rendered":"<p>TEMPETE SOLAIRE (toile tournante) Huile &#8211; 54 x 65 &#8211; R\u00e9alis\u00e9e en f\u00e9vrier 2010 Quelques\u00a0 heures avant le tsunami \u00ab\u00a0Xynthia\u00a0\u00bb Et Toi .. que ressens-tu\u00a0 ? Tu peux me partager ton ressenti&#8230;ou pas sur le Livre d&rsquo;Or de la page d&rsquo;Accueil Fais tourner la toile Arr\u00eate la au gr\u00e9 de ton ressenti Histoire\u00a0 de\u00a0 la\u00a0&hellip;<\/p>\n","protected":false},"author":3,"featured_media":0,"parent":0,"menu_order":0,"comment_status":"closed","ping_status":"closed","template":"","meta":{"footnotes":""},"class_list":["post-2528","page","type-page","status-publish","hentry"],"yoast_head":"<!-- This site is optimized with the Yoast SEO plugin v27.4 - https:\/\/yoast.com\/product\/yoast-seo-wordpress\/ -->\n<title>TT - Temp\u00eate solaire - Marie-No\u00eblle Jarousseau - Artiste<\/title>\n<meta name=\"robots\" content=\"index, follow, max-snippet:-1, max-image-preview:large, max-video-preview:-1\" \/>\n<link rel=\"canonical\" href=\"https:\/\/www.marienoelle-jarousseau.com\/fr\/tt-tempete-solaire\/\" \/>\n<meta property=\"og:locale\" content=\"fr_FR\" \/>\n<meta property=\"og:type\" content=\"article\" \/>\n<meta property=\"og:title\" content=\"TT - Temp\u00eate solaire - Marie-No\u00eblle Jarousseau - Artiste\" \/>\n<meta property=\"og:description\" content=\"TEMPETE SOLAIRE (toile tournante) Huile &#8211; 54 x 65 &#8211; R\u00e9alis\u00e9e en f\u00e9vrier 2010 Quelques\u00a0 heures avant le tsunami \u00ab\u00a0Xynthia\u00a0\u00bb Et Toi .. que ressens-tu\u00a0 ? Tu peux me partager ton ressenti&#8230;ou pas sur le Livre d&rsquo;Or de la page d&rsquo;Accueil Fais tourner la toile Arr\u00eate la au gr\u00e9 de ton ressenti Histoire\u00a0 de\u00a0 la\u00a0&hellip;\" \/>\n<meta property=\"og:url\" content=\"https:\/\/www.marienoelle-jarousseau.com\/fr\/tt-tempete-solaire\/\" \/>\n<meta property=\"og:site_name\" content=\"Marie-No\u00eblle Jarousseau - Artiste\" \/>\n<meta property=\"article:modified_time\" content=\"2020-04-29T12:36:56+00:00\" \/>\n<meta property=\"og:image\" content=\"https:\/\/www.marienoelle-jarousseau.com\/fr\/wp-content\/uploads\/2020\/04\/181-Web-ONDE-DE-CHOC-MARINE-sign-huile-sur-toile-tournante-45-x-55-fev-2010_DSC0125-300x245.jpg\" \/>\n<meta name=\"twitter:card\" content=\"summary_large_image\" \/>\n<meta name=\"twitter:label1\" content=\"Dur\u00e9e de lecture estim\u00e9e\" \/>\n\t<meta name=\"twitter:data1\" content=\"3 minutes\" \/>\n<script type=\"application\/ld+json\" class=\"yoast-schema-graph\">{\"@context\":\"https:\\\/\\\/schema.org\",\"@graph\":[{\"@type\":\"WebPage\",\"@id\":\"https:\\\/\\\/www.marienoelle-jarousseau.com\\\/fr\\\/tt-tempete-solaire\\\/\",\"url\":\"https:\\\/\\\/www.marienoelle-jarousseau.com\\\/fr\\\/tt-tempete-solaire\\\/\",\"name\":\"TT - Temp\u00eate solaire - Marie-No\u00eblle Jarousseau - Artiste\",\"isPartOf\":{\"@id\":\"https:\\\/\\\/www.marienoelle-jarousseau.com\\\/fr\\\/#website\"},\"primaryImageOfPage\":{\"@id\":\"https:\\\/\\\/www.marienoelle-jarousseau.com\\\/fr\\\/tt-tempete-solaire\\\/#primaryimage\"},\"image\":{\"@id\":\"https:\\\/\\\/www.marienoelle-jarousseau.com\\\/fr\\\/tt-tempete-solaire\\\/#primaryimage\"},\"thumbnailUrl\":\"https:\\\/\\\/www.marienoelle-jarousseau.com\\\/fr\\\/wp-content\\\/uploads\\\/2020\\\/04\\\/181-Web-ONDE-DE-CHOC-MARINE-sign-huile-sur-toile-tournante-45-x-55-fev-2010_DSC0125-300x245.jpg\",\"datePublished\":\"2020-04-05T09:26:06+00:00\",\"dateModified\":\"2020-04-29T12:36:56+00:00\",\"breadcrumb\":{\"@id\":\"https:\\\/\\\/www.marienoelle-jarousseau.com\\\/fr\\\/tt-tempete-solaire\\\/#breadcrumb\"},\"inLanguage\":\"fr-FR\",\"potentialAction\":[{\"@type\":\"ReadAction\",\"target\":[\"https:\\\/\\\/www.marienoelle-jarousseau.com\\\/fr\\\/tt-tempete-solaire\\\/\"]}]},{\"@type\":\"ImageObject\",\"inLanguage\":\"fr-FR\",\"@id\":\"https:\\\/\\\/www.marienoelle-jarousseau.com\\\/fr\\\/tt-tempete-solaire\\\/#primaryimage\",\"url\":\"https:\\\/\\\/www.marienoelle-jarousseau.com\\\/fr\\\/wp-content\\\/uploads\\\/2020\\\/04\\\/181-Web-ONDE-DE-CHOC-MARINE-sign-huile-sur-toile-tournante-45-x-55-fev-2010_DSC0125-300x245.jpg\",\"contentUrl\":\"https:\\\/\\\/www.marienoelle-jarousseau.com\\\/fr\\\/wp-content\\\/uploads\\\/2020\\\/04\\\/181-Web-ONDE-DE-CHOC-MARINE-sign-huile-sur-toile-tournante-45-x-55-fev-2010_DSC0125-300x245.jpg\"},{\"@type\":\"BreadcrumbList\",\"@id\":\"https:\\\/\\\/www.marienoelle-jarousseau.com\\\/fr\\\/tt-tempete-solaire\\\/#breadcrumb\",\"itemListElement\":[{\"@type\":\"ListItem\",\"position\":1,\"name\":\"Accueil\",\"item\":\"https:\\\/\\\/www.marienoelle-jarousseau.com\\\/fr\\\/\"},{\"@type\":\"ListItem\",\"position\":2,\"name\":\"TT &#8211; Temp\u00eate solaire\"}]},{\"@type\":\"WebSite\",\"@id\":\"https:\\\/\\\/www.marienoelle-jarousseau.com\\\/fr\\\/#website\",\"url\":\"https:\\\/\\\/www.marienoelle-jarousseau.com\\\/fr\\\/\",\"name\":\"Marie-No\u00eblle Jarousseau - Artiste\",\"description\":\"\",\"potentialAction\":[{\"@type\":\"SearchAction\",\"target\":{\"@type\":\"EntryPoint\",\"urlTemplate\":\"https:\\\/\\\/www.marienoelle-jarousseau.com\\\/fr\\\/?s={search_term_string}\"},\"query-input\":{\"@type\":\"PropertyValueSpecification\",\"valueRequired\":true,\"valueName\":\"search_term_string\"}}],\"inLanguage\":\"fr-FR\"}]}<\/script>\n<!-- \/ Yoast SEO plugin. -->","yoast_head_json":{"title":"TT - Temp\u00eate solaire - Marie-No\u00eblle Jarousseau - Artiste","robots":{"index":"index","follow":"follow","max-snippet":"max-snippet:-1","max-image-preview":"max-image-preview:large","max-video-preview":"max-video-preview:-1"},"canonical":"https:\/\/www.marienoelle-jarousseau.com\/fr\/tt-tempete-solaire\/","og_locale":"fr_FR","og_type":"article","og_title":"TT - Temp\u00eate solaire - Marie-No\u00eblle Jarousseau - Artiste","og_description":"TEMPETE SOLAIRE (toile tournante) Huile &#8211; 54 x 65 &#8211; R\u00e9alis\u00e9e en f\u00e9vrier 2010 Quelques\u00a0 heures avant le tsunami \u00ab\u00a0Xynthia\u00a0\u00bb Et Toi .. que ressens-tu\u00a0 ? Tu peux me partager ton ressenti&#8230;ou pas sur le Livre d&rsquo;Or de la page d&rsquo;Accueil Fais tourner la toile Arr\u00eate la au gr\u00e9 de ton ressenti Histoire\u00a0 de\u00a0 la\u00a0&hellip;","og_url":"https:\/\/www.marienoelle-jarousseau.com\/fr\/tt-tempete-solaire\/","og_site_name":"Marie-No\u00eblle Jarousseau - Artiste","article_modified_time":"2020-04-29T12:36:56+00:00","og_image":[{"url":"https:\/\/www.marienoelle-jarousseau.com\/fr\/wp-content\/uploads\/2020\/04\/181-Web-ONDE-DE-CHOC-MARINE-sign-huile-sur-toile-tournante-45-x-55-fev-2010_DSC0125-300x245.jpg","type":"","width":"","height":""}],"twitter_card":"summary_large_image","twitter_misc":{"Dur\u00e9e de lecture estim\u00e9e":"3 minutes"},"schema":{"@context":"https:\/\/schema.org","@graph":[{"@type":"WebPage","@id":"https:\/\/www.marienoelle-jarousseau.com\/fr\/tt-tempete-solaire\/","url":"https:\/\/www.marienoelle-jarousseau.com\/fr\/tt-tempete-solaire\/","name":"TT - Temp\u00eate solaire - Marie-No\u00eblle Jarousseau - Artiste","isPartOf":{"@id":"https:\/\/www.marienoelle-jarousseau.com\/fr\/#website"},"primaryImageOfPage":{"@id":"https:\/\/www.marienoelle-jarousseau.com\/fr\/tt-tempete-solaire\/#primaryimage"},"image":{"@id":"https:\/\/www.marienoelle-jarousseau.com\/fr\/tt-tempete-solaire\/#primaryimage"},"thumbnailUrl":"https:\/\/www.marienoelle-jarousseau.com\/fr\/wp-content\/uploads\/2020\/04\/181-Web-ONDE-DE-CHOC-MARINE-sign-huile-sur-toile-tournante-45-x-55-fev-2010_DSC0125-300x245.jpg","datePublished":"2020-04-05T09:26:06+00:00","dateModified":"2020-04-29T12:36:56+00:00","breadcrumb":{"@id":"https:\/\/www.marienoelle-jarousseau.com\/fr\/tt-tempete-solaire\/#breadcrumb"},"inLanguage":"fr-FR","potentialAction":[{"@type":"ReadAction","target":["https:\/\/www.marienoelle-jarousseau.com\/fr\/tt-tempete-solaire\/"]}]},{"@type":"ImageObject","inLanguage":"fr-FR","@id":"https:\/\/www.marienoelle-jarousseau.com\/fr\/tt-tempete-solaire\/#primaryimage","url":"https:\/\/www.marienoelle-jarousseau.com\/fr\/wp-content\/uploads\/2020\/04\/181-Web-ONDE-DE-CHOC-MARINE-sign-huile-sur-toile-tournante-45-x-55-fev-2010_DSC0125-300x245.jpg","contentUrl":"https:\/\/www.marienoelle-jarousseau.com\/fr\/wp-content\/uploads\/2020\/04\/181-Web-ONDE-DE-CHOC-MARINE-sign-huile-sur-toile-tournante-45-x-55-fev-2010_DSC0125-300x245.jpg"},{"@type":"BreadcrumbList","@id":"https:\/\/www.marienoelle-jarousseau.com\/fr\/tt-tempete-solaire\/#breadcrumb","itemListElement":[{"@type":"ListItem","position":1,"name":"Accueil","item":"https:\/\/www.marienoelle-jarousseau.com\/fr\/"},{"@type":"ListItem","position":2,"name":"TT &#8211; Temp\u00eate solaire"}]},{"@type":"WebSite","@id":"https:\/\/www.marienoelle-jarousseau.com\/fr\/#website","url":"https:\/\/www.marienoelle-jarousseau.com\/fr\/","name":"Marie-No\u00eblle Jarousseau - Artiste","description":"","potentialAction":[{"@type":"SearchAction","target":{"@type":"EntryPoint","urlTemplate":"https:\/\/www.marienoelle-jarousseau.com\/fr\/?s={search_term_string}"},"query-input":{"@type":"PropertyValueSpecification","valueRequired":true,"valueName":"search_term_string"}}],"inLanguage":"fr-FR"}]}},"_links":{"self":[{"href":"https:\/\/www.marienoelle-jarousseau.com\/fr\/wp-json\/wp\/v2\/pages\/2528","targetHints":{"allow":["GET"]}}],"collection":[{"href":"https:\/\/www.marienoelle-jarousseau.com\/fr\/wp-json\/wp\/v2\/pages"}],"about":[{"href":"https:\/\/www.marienoelle-jarousseau.com\/fr\/wp-json\/wp\/v2\/types\/page"}],"author":[{"embeddable":true,"href":"https:\/\/www.marienoelle-jarousseau.com\/fr\/wp-json\/wp\/v2\/users\/3"}],"replies":[{"embeddable":true,"href":"https:\/\/www.marienoelle-jarousseau.com\/fr\/wp-json\/wp\/v2\/comments?post=2528"}],"version-history":[{"count":0,"href":"https:\/\/www.marienoelle-jarousseau.com\/fr\/wp-json\/wp\/v2\/pages\/2528\/revisions"}],"wp:attachment":[{"href":"https:\/\/www.marienoelle-jarousseau.com\/fr\/wp-json\/wp\/v2\/media?parent=2528"}],"curies":[{"name":"wp","href":"https:\/\/api.w.org\/{rel}","templated":true}]}}