{"id":3095,"date":"2020-04-29T10:21:03","date_gmt":"2020-04-29T09:21:03","guid":{"rendered":"https:\/\/www.marienoelle-jarousseau.com\/fr\/?page_id=3095"},"modified":"2025-10-10T14:38:16","modified_gmt":"2025-10-10T13:38:16","slug":"pt-escargot","status":"publish","type":"page","link":"https:\/\/www.marienoelle-jarousseau.com\/fr\/pt-escargot\/","title":{"rendered":"PT &#8211; Escargot"},"content":{"rendered":"\n<h2>\n\t\tEscargot.. (photo tournante)\n\t<\/h2>\n\t<em>Huile &#8211; 40 x 60 &#8211; R<\/em><em>\u00e9alis\u00e9e en mai 2006<\/em><br>\n<em>Po\u00e8me &nbsp;&#8211; Inspir\u00e9 le 3 octobre 2009 &#8211; Accompagne la photo<\/em>\n\t<h3><strong>Et Toi .. que ressens-tu&nbsp; ?<\/strong><\/h3>\n<em>Tu peux me partager ton ressenti&#8230;ou pas<br>\nsur le Livre d&rsquo;Or de la page d&rsquo;Accueil<\/em>\n\tFais tourner la photo<br>\nArr\u00eate la au gr\u00e9 de ton ressenti \n\t<style type=\"text\/css\">\r\n\t\t\t.picture_rotating_container .picture_rotating_view {width: 601.85131054107px;height: 601.85131054107px;}\r\n\t\t\t.picture_rotating_container .picture_rotating_view img#PR_69e251d0d77e9, .picture_rotating_container .picture_rotating_view canvas#PR_69e251d0d77e9 {margin: 133.42565527053px 50.925655270534px;}\r\n\t\t<\/style><script type=\"text\/javascript\">var picture_rotating_intervalPR_69e251d0d77e9;var picture_rotating_interval_stoppedPR_69e251d0d77e9 = false;var angle = 0;\r\n\t\tif(!picture_rotating_diago)\r\n\t\t\tvar picture_rotating_diago = [];\r\n\t\tpicture_rotating_diago[\"PR_69e251d0d77e9\"] = 601.85131054107;\r\n\t\t\t\tjQuery(document).ready(function($) {\r\n\t\t\t\t\t\/** $(\"#PR_69e251d0d77e9\").click(function(){ $(this).rotateLeft(180); }); *\/\r\n\t\t\t\t\t\r\n\t\t\t\t\t\/** picture_rotating_intervalPR_69e251d0d77e9 = setInterval(function () { $(\"#PR_69e251d0d77e9\").rotate(5); },500); *\/\r\n\t\t\t\t\t\/\/ clearInterval(picture_rotating_intervalPR_69e251d0d77e9);\r\n\t\t\t\t\t\r\n\t\t\t\t\tpicture_rotating_intervalPR_69e251d0d77e9 = setInterval(function () { angle+=5;$(\"#PR_69e251d0d77e9\").rotate(angle); },500);\r\n\t\t\t\t});\r\n\t\t\t\t\tfunction stopPictRotatePR_69e251d0d77e9(){if(!picture_rotating_interval_stoppedPR_69e251d0d77e9){clearInterval(picture_rotating_intervalPR_69e251d0d77e9);picture_rotating_interval_stoppedPR_69e251d0d77e9 = true;}}\r\n\t\t\t\t\tfunction startPictRotatePR_69e251d0d77e9(){if(picture_rotating_interval_stoppedPR_69e251d0d77e9){picture_rotating_intervalPR_69e251d0d77e9 = setInterval(function () { angle+=5;jQuery(\"#PR_69e251d0d77e9\").rotate(angle); },500);picture_rotating_interval_stoppedPR_69e251d0d77e9 = false;}}\r\n\t\t\t<\/script><div class=\"picture_rotating_container\">\r\n\t\t\t\t<div class=\"picture_rotating_view\"><img loading=\"lazy\" decoding=\"async\" id=\"PR_69e251d0d77e9\" src=\"https:\/\/www.marienoelle-jarousseau.com\/fr\/wp-content\/uploads\/2015\/09\/53-Perles-bruissantes-avril-2006-e1588151860167.jpg\" alt=\"\" width=\"500\" height=\"335\"\/><\/div>\r\n\t\t\t\t<div class=\"picture_rotating_controls\"><i class=\"fa fa-pause\" onclick=\"javascript:stopPictRotatePR_69e251d0d77e9()\"><\/i><i class=\"fa fa-play\" onclick=\"javascript:startPictRotatePR_69e251d0d77e9()\"><\/i><\/div>\r\n\t\t\t<\/div>\n\t<p><em>POEME&nbsp; EN&nbsp; AUDIO<\/em><\/p>\n<em>Peut-\u00eatre que ta connexion est peu \u00e9lev\u00e9e&#8230;<br>\nClique sur la fl\u00e8che.. et chut&#8230; patience&#8230;<br>\nLaisse le temps \u00e0 la parole d&rsquo;\u00e9merger&#8230;<\/em>\n\t\t<meta itemprop=\"url\" content=\"https:\/\/www.marienoelle-jarousseau.com\/fr\/wp-content\/uploads\/2020\/04\/Lescargot.m4a\"><!--[if lt IE 9]><script>document.createElement('audio');<\/script><![endif]-->\n<audio class=\"wp-audio-shortcode\" id=\"audio-3095-1\" preload=\"none\" style=\"width: 100%;\" controls=\"controls\"><source type=\"audio\/mpeg\" src=\"https:\/\/www.marienoelle-jarousseau.com\/fr\/wp-content\/uploads\/2020\/04\/Lescargot.m4a?_=1\" \/><a href=\"https:\/\/www.marienoelle-jarousseau.com\/fr\/wp-content\/uploads\/2020\/04\/Lescargot.m4a\">https:\/\/www.marienoelle-jarousseau.com\/fr\/wp-content\/uploads\/2020\/04\/Lescargot.m4a<\/a><\/audio>\n<p>\u00ab\u00a0L&rsquo;ESCARGOT\u00a0\u00bb<\/p>\n<br>\nTel un escargot<br>\nAvec ta coquille sur ton dos<br>\nTu vogues ton chemin<br>\n<br>\nLentement tu vas<br>\nDe ton c\u00e9leste pas<br>\n<br>\nSource Tu Es<br>\nSource Tu diffuses<br>\nSource Tu r\u00e9pands<br>\nDes petites graines en passant<br>\nLentement mais s\u00fbrement<br>\nDans la vie des gens<br>\n<br>\nPuisses-tu couler cette Paix<br>\nQui en toi lib\u00e8re<br>\nCette trace que tu laisses<br>\nLentement mais s\u00fbrement<br>\nDans le C\u0153ur des gens<br>\n<br>\nMerci de m\u2019avoir offert<br>\nLe temps d\u2019une pi\u00e8ce<br>\nUne ouverture de merveilles<br><br>\nDans mon propre univers<br>\n<br>\nTrace dans le temps<br>\nEmpreinte de ton talent\n<p>MNJ<\/p>\n\t\t\t<a href=\"https:\/\/www.marienoelle-jarousseau.com\/fr\/photographies-et-ecrits\/\" target=\"_self\" role=\"button\" rel=\"noopener noreferrer\">\n\t\t\t\t\t\t\tretour Photos &amp; Ecrits\n\t\t\t\t\t<\/a>\n","protected":false},"excerpt":{"rendered":"<p>Escargot.. (photo tournante) Huile &#8211; 40 x 60 &#8211; R\u00e9alis\u00e9e en mai 2006 Po\u00e8me &nbsp;&#8211; Inspir\u00e9 le 3 octobre 2009 &#8211; Accompagne la photo Et Toi .. que ressens-tu&nbsp; ? Tu peux me partager ton ressenti&#8230;ou pas sur le Livre d&rsquo;Or de la page d&rsquo;Accueil Fais tourner la photo Arr\u00eate la au gr\u00e9 de ton&hellip;<\/p>\n","protected":false},"author":3,"featured_media":0,"parent":0,"menu_order":0,"comment_status":"closed","ping_status":"closed","template":"","meta":{"footnotes":""},"class_list":["post-3095","page","type-page","status-publish","hentry"],"yoast_head":"<!-- This site is optimized with the Yoast SEO plugin v27.4 - https:\/\/yoast.com\/product\/yoast-seo-wordpress\/ -->\n<title>PT - Escargot - Marie-No\u00eblle Jarousseau - Artiste<\/title>\n<meta name=\"robots\" content=\"index, follow, max-snippet:-1, max-image-preview:large, max-video-preview:-1\" \/>\n<link rel=\"canonical\" href=\"https:\/\/www.marienoelle-jarousseau.com\/fr\/pt-escargot\/\" \/>\n<meta property=\"og:locale\" content=\"fr_FR\" \/>\n<meta property=\"og:type\" content=\"article\" \/>\n<meta property=\"og:title\" content=\"PT - Escargot - Marie-No\u00eblle Jarousseau - Artiste\" \/>\n<meta property=\"og:description\" content=\"Escargot.. (photo tournante) Huile &#8211; 40 x 60 &#8211; R\u00e9alis\u00e9e en mai 2006 Po\u00e8me &nbsp;&#8211; Inspir\u00e9 le 3 octobre 2009 &#8211; Accompagne la photo Et Toi .. que ressens-tu&nbsp; ? Tu peux me partager ton ressenti&#8230;ou pas sur le Livre d&rsquo;Or de la page d&rsquo;Accueil Fais tourner la photo Arr\u00eate la au gr\u00e9 de ton&hellip;\" \/>\n<meta property=\"og:url\" content=\"https:\/\/www.marienoelle-jarousseau.com\/fr\/pt-escargot\/\" \/>\n<meta property=\"og:site_name\" content=\"Marie-No\u00eblle Jarousseau - Artiste\" \/>\n<meta property=\"article:modified_time\" content=\"2025-10-10T13:38:16+00:00\" \/>\n<meta name=\"twitter:card\" content=\"summary_large_image\" \/>\n<meta name=\"twitter:label1\" content=\"Dur\u00e9e de lecture estim\u00e9e\" \/>\n\t<meta name=\"twitter:data1\" content=\"2 minutes\" \/>\n<script type=\"application\/ld+json\" class=\"yoast-schema-graph\">{\"@context\":\"https:\\\/\\\/schema.org\",\"@graph\":[{\"@type\":\"WebPage\",\"@id\":\"https:\\\/\\\/www.marienoelle-jarousseau.com\\\/fr\\\/pt-escargot\\\/\",\"url\":\"https:\\\/\\\/www.marienoelle-jarousseau.com\\\/fr\\\/pt-escargot\\\/\",\"name\":\"PT - Escargot - Marie-No\u00eblle Jarousseau - Artiste\",\"isPartOf\":{\"@id\":\"https:\\\/\\\/www.marienoelle-jarousseau.com\\\/fr\\\/#website\"},\"datePublished\":\"2020-04-29T09:21:03+00:00\",\"dateModified\":\"2025-10-10T13:38:16+00:00\",\"breadcrumb\":{\"@id\":\"https:\\\/\\\/www.marienoelle-jarousseau.com\\\/fr\\\/pt-escargot\\\/#breadcrumb\"},\"inLanguage\":\"fr-FR\",\"potentialAction\":[{\"@type\":\"ReadAction\",\"target\":[\"https:\\\/\\\/www.marienoelle-jarousseau.com\\\/fr\\\/pt-escargot\\\/\"]}]},{\"@type\":\"BreadcrumbList\",\"@id\":\"https:\\\/\\\/www.marienoelle-jarousseau.com\\\/fr\\\/pt-escargot\\\/#breadcrumb\",\"itemListElement\":[{\"@type\":\"ListItem\",\"position\":1,\"name\":\"Accueil\",\"item\":\"https:\\\/\\\/www.marienoelle-jarousseau.com\\\/fr\\\/\"},{\"@type\":\"ListItem\",\"position\":2,\"name\":\"PT &#8211; Escargot\"}]},{\"@type\":\"WebSite\",\"@id\":\"https:\\\/\\\/www.marienoelle-jarousseau.com\\\/fr\\\/#website\",\"url\":\"https:\\\/\\\/www.marienoelle-jarousseau.com\\\/fr\\\/\",\"name\":\"Marie-No\u00eblle Jarousseau - Artiste\",\"description\":\"\",\"potentialAction\":[{\"@type\":\"SearchAction\",\"target\":{\"@type\":\"EntryPoint\",\"urlTemplate\":\"https:\\\/\\\/www.marienoelle-jarousseau.com\\\/fr\\\/?s={search_term_string}\"},\"query-input\":{\"@type\":\"PropertyValueSpecification\",\"valueRequired\":true,\"valueName\":\"search_term_string\"}}],\"inLanguage\":\"fr-FR\"}]}<\/script>\n<!-- \/ Yoast SEO plugin. -->","yoast_head_json":{"title":"PT - Escargot - Marie-No\u00eblle Jarousseau - Artiste","robots":{"index":"index","follow":"follow","max-snippet":"max-snippet:-1","max-image-preview":"max-image-preview:large","max-video-preview":"max-video-preview:-1"},"canonical":"https:\/\/www.marienoelle-jarousseau.com\/fr\/pt-escargot\/","og_locale":"fr_FR","og_type":"article","og_title":"PT - Escargot - Marie-No\u00eblle Jarousseau - Artiste","og_description":"Escargot.. (photo tournante) Huile &#8211; 40 x 60 &#8211; R\u00e9alis\u00e9e en mai 2006 Po\u00e8me &nbsp;&#8211; Inspir\u00e9 le 3 octobre 2009 &#8211; Accompagne la photo Et Toi .. que ressens-tu&nbsp; ? Tu peux me partager ton ressenti&#8230;ou pas sur le Livre d&rsquo;Or de la page d&rsquo;Accueil Fais tourner la photo Arr\u00eate la au gr\u00e9 de ton&hellip;","og_url":"https:\/\/www.marienoelle-jarousseau.com\/fr\/pt-escargot\/","og_site_name":"Marie-No\u00eblle Jarousseau - Artiste","article_modified_time":"2025-10-10T13:38:16+00:00","twitter_card":"summary_large_image","twitter_misc":{"Dur\u00e9e de lecture estim\u00e9e":"2 minutes"},"schema":{"@context":"https:\/\/schema.org","@graph":[{"@type":"WebPage","@id":"https:\/\/www.marienoelle-jarousseau.com\/fr\/pt-escargot\/","url":"https:\/\/www.marienoelle-jarousseau.com\/fr\/pt-escargot\/","name":"PT - Escargot - Marie-No\u00eblle Jarousseau - Artiste","isPartOf":{"@id":"https:\/\/www.marienoelle-jarousseau.com\/fr\/#website"},"datePublished":"2020-04-29T09:21:03+00:00","dateModified":"2025-10-10T13:38:16+00:00","breadcrumb":{"@id":"https:\/\/www.marienoelle-jarousseau.com\/fr\/pt-escargot\/#breadcrumb"},"inLanguage":"fr-FR","potentialAction":[{"@type":"ReadAction","target":["https:\/\/www.marienoelle-jarousseau.com\/fr\/pt-escargot\/"]}]},{"@type":"BreadcrumbList","@id":"https:\/\/www.marienoelle-jarousseau.com\/fr\/pt-escargot\/#breadcrumb","itemListElement":[{"@type":"ListItem","position":1,"name":"Accueil","item":"https:\/\/www.marienoelle-jarousseau.com\/fr\/"},{"@type":"ListItem","position":2,"name":"PT &#8211; Escargot"}]},{"@type":"WebSite","@id":"https:\/\/www.marienoelle-jarousseau.com\/fr\/#website","url":"https:\/\/www.marienoelle-jarousseau.com\/fr\/","name":"Marie-No\u00eblle Jarousseau - Artiste","description":"","potentialAction":[{"@type":"SearchAction","target":{"@type":"EntryPoint","urlTemplate":"https:\/\/www.marienoelle-jarousseau.com\/fr\/?s={search_term_string}"},"query-input":{"@type":"PropertyValueSpecification","valueRequired":true,"valueName":"search_term_string"}}],"inLanguage":"fr-FR"}]}},"_links":{"self":[{"href":"https:\/\/www.marienoelle-jarousseau.com\/fr\/wp-json\/wp\/v2\/pages\/3095","targetHints":{"allow":["GET"]}}],"collection":[{"href":"https:\/\/www.marienoelle-jarousseau.com\/fr\/wp-json\/wp\/v2\/pages"}],"about":[{"href":"https:\/\/www.marienoelle-jarousseau.com\/fr\/wp-json\/wp\/v2\/types\/page"}],"author":[{"embeddable":true,"href":"https:\/\/www.marienoelle-jarousseau.com\/fr\/wp-json\/wp\/v2\/users\/3"}],"replies":[{"embeddable":true,"href":"https:\/\/www.marienoelle-jarousseau.com\/fr\/wp-json\/wp\/v2\/comments?post=3095"}],"version-history":[{"count":1,"href":"https:\/\/www.marienoelle-jarousseau.com\/fr\/wp-json\/wp\/v2\/pages\/3095\/revisions"}],"predecessor-version":[{"id":3885,"href":"https:\/\/www.marienoelle-jarousseau.com\/fr\/wp-json\/wp\/v2\/pages\/3095\/revisions\/3885"}],"wp:attachment":[{"href":"https:\/\/www.marienoelle-jarousseau.com\/fr\/wp-json\/wp\/v2\/media?parent=3095"}],"curies":[{"name":"wp","href":"https:\/\/api.w.org\/{rel}","templated":true}]}}