{"id":3102,"date":"2020-04-29T10:52:26","date_gmt":"2020-04-29T09:52:26","guid":{"rendered":"https:\/\/www.marienoelle-jarousseau.com\/fr\/?page_id=3102"},"modified":"2021-07-12T18:20:24","modified_gmt":"2021-07-12T17:20:24","slug":"photographies-et-ecrits","status":"publish","type":"page","link":"https:\/\/www.marienoelle-jarousseau.com\/fr\/galeries\/photographies-et-ecrits\/","title":{"rendered":"Photographies tournantes &#038; Ecrits"},"content":{"rendered":"\n\n\t<h2><em>Voyage dans \u00a0\u00a0\u00bb La Mati\u00e8re&#8230;\u00a0\u00bb<\/em><\/h2>\n\t<h2>PARC<\/h2>\n<h2>Photographies tournantes<br \/>\n&amp;<br \/>\nEcrits<\/h2>\n\t\t\t\t<a href=\"https:\/\/www.marienoelle-jarousseau.com\/fr\/pt-escargot\/\" target=\"_self\" itemprop=\"url\" rel=\"noopener\">\n\t\t\t\t<img loading=\"lazy\" decoding=\"async\" src=\"https:\/\/www.marienoelle-jarousseau.com\/fr\/wp-content\/uploads\/2015\/09\/53-Perles-bruissantes-avril-2006-e1588151860167.jpg\" alt=\"L' Escargot\" itemprop=\"image\" height=\"335\" width=\"500\" title=\"53 -Perles bruissantes - avril 2006\" onerror=\"this.style.display='none'\"  \/>\n\t\t\t\t<\/a>\n\t\t\t\t\t\tL&rsquo; Escargot\n\t\t\t<a href=\"https:\/\/www.marienoelle-jarousseau.com\/fr\/pt-escargot\/\" target=\"_self\" role=\"button\" rel=\"noopener\">\n\t\t\t\t\t\t\tSuite&#8230; L&rsquo;Escargot\n\t\t\t\t\t<\/a>\n\t\t\t\t<img decoding=\"async\" src=\"http:\/\/www.marienoelle-jarousseau.com\/fr\/wp-content\/uploads\/2015\/09\/Le-petit-champignonDSC0522-1.jpg\" alt=\"Le  Petit  Champignon\" itemprop=\"image\" title=\"Le-petit-champignonDSC0522-1\" onerror=\"this.style.display='none'\"  \/>\n\t\tLe  Petit  Champignon\n\t\t\t<a href=\"\" target=\"_self\" role=\"button\" rel=\"noopener\">\n\t\t\t\t\t\t\tSuite&#8230; Le petit champignon (\u00e0 venir&#8230;)\n\t\t\t\t\t<\/a>\n\t\t\t\t<img decoding=\"async\" src=\"http:\/\/www.marienoelle-jarousseau.com\/fr\/wp-content\/uploads\/2015\/09\/Noisette-DSC0592.jpg\" alt=\"Noisette\" itemprop=\"image\" title=\"Noisette--DSC0592\" onerror=\"this.style.display='none'\"  \/>\n\t\tNoisette\n\t\t\t<a href=\"\" target=\"_self\" role=\"button\" rel=\"noopener\">\n\t\t\t\t\t\t\tSuite&#8230; Noisette (\u00e0 venir&#8230;)\n\t\t\t\t\t<\/a>\n\t\t\t\t<a href=\"https:\/\/www.marienoelle-jarousseau.com\/fr\/pt-effervescence\/\" target=\"_self\" itemprop=\"url\" rel=\"noopener\">\n\t\t\t\t<img loading=\"lazy\" decoding=\"async\" src=\"https:\/\/www.marienoelle-jarousseau.com\/fr\/wp-content\/uploads\/2015\/09\/Effervescence-Web-DSC0200-e1588160251314.jpg\" alt=\"Effervescence\" itemprop=\"image\" height=\"335\" width=\"500\" title=\"Effervescence-Web-DSC0200\" onerror=\"this.style.display='none'\"  \/>\n\t\t\t\t<\/a>\n\t\t\t\t\t\tEffervescence\n\t\t\t<a href=\"https:\/\/www.marienoelle-jarousseau.com\/fr\/pt-effervescence\/\" target=\"_self\" role=\"button\" rel=\"noopener\">\n\t\t\t\t\t\t\tSuite&#8230; Effervescence\n\t\t\t\t\t<\/a>\n\t\t\t\t<img decoding=\"async\" src=\"http:\/\/www.marienoelle-jarousseau.com\/fr\/wp-content\/uploads\/2015\/09\/Soleil-filtrant_DSC0393-soleil.jpg\" alt=\"Soleil filtrant\" itemprop=\"image\" title=\"Soleil-filtrant_DSC0393-soleil\" onerror=\"this.style.display='none'\"  \/>\n\t\tSoleil filtrant\n\t\t\t<a href=\"\" target=\"_self\" role=\"button\" rel=\"noopener\">\n\t\t\t\t\t\t\tSuite&#8230; Soleil filtrant (\u00e0 venir&#8230;)\n\t\t\t\t\t<\/a>\n\t\t\t\t<img decoding=\"async\" src=\"http:\/\/www.marienoelle-jarousseau.com\/fr\/wp-content\/uploads\/2015\/09\/eclat-perle.jpg\" alt=\"Eclat  Perl\u00e9\" itemprop=\"image\" title=\"eclat-perle\" onerror=\"this.style.display='none'\"  \/>\n\t\tEclat  Perl\u00e9\n\t\t\t<a href=\"\" target=\"_self\" role=\"button\" rel=\"noopener\">\n\t\t\t\t\t\t\tSuite&#8230; Eclat perl\u00e9    (\u00e0 venir&#8230;)\n\t\t\t\t\t<\/a>\n\t\t\t\t<img loading=\"lazy\" decoding=\"async\" src=\"https:\/\/www.marienoelle-jarousseau.com\/fr\/wp-content\/uploads\/2021\/03\/lhuitre-claire-web-avril-2006.jpg\" alt=\"l'hu\u00eetre\" itemprop=\"image\" height=\"803\" width=\"1200\" title=\"l'huitre-claire-web-avril-2006\" onerror=\"this.style.display='none'\"  \/>\n\t\tl&rsquo;hu\u00eetre\n\t\t\t\t<img loading=\"lazy\" decoding=\"async\" src=\"https:\/\/www.marienoelle-jarousseau.com\/fr\/wp-content\/uploads\/2020\/05\/feu-langue-de-chat-DSC0331-2-scaled.jpg\" alt=\"le feu - langue de chat\" itemprop=\"image\" height=\"1714\" width=\"2560\" title=\"feu langue de chat-DSC0331-2\" onerror=\"this.style.display='none'\"  \/>\n\t\t\t<a href=\"\" target=\"_self\" role=\"button\" rel=\"noopener\">\n\t\t\t\t\t\t\tSuite&#8230; Hu\u00eetre (\u00e0 venir&#8230;)\n\t\t\t\t\t<\/a>\n\t\t\t<a href=\"\" target=\"_self\" role=\"button\" rel=\"noopener\">\n\t\t\t\t\t\t\tSuite&#8230; Feu &#8211; Langue de chat (\u00e0 venir&#8230;)\n\t\t\t\t\t<\/a>\n\t\t\t<a href=\"https:\/\/www.marienoelle-jarousseau.com\/fr\/galeries\/\" target=\"_self\" role=\"button\" rel=\"noopener\">\n\t\t\t\t\t\tretour aux Galeries\n\t\t\t\t\t<\/a>\n\n","protected":false},"excerpt":{"rendered":"<p>Voyage dans \u00a0\u00a0\u00bb La Mati\u00e8re&#8230;\u00a0\u00bb PARC Photographies tournantes &amp; Ecrits L&rsquo; Escargot Suite&#8230; L&rsquo;Escargot Le Petit Champignon Suite&#8230; Le petit champignon (\u00e0 venir&#8230;) Noisette Suite&#8230; Noisette (\u00e0 venir&#8230;) Effervescence Suite&#8230; Effervescence Soleil filtrant Suite&#8230; Soleil filtrant (\u00e0 venir&#8230;) Eclat Perl\u00e9 Suite&#8230; Eclat perl\u00e9 (\u00e0 venir&#8230;) l&rsquo;hu\u00eetre Suite&#8230; Hu\u00eetre (\u00e0 venir&#8230;) Suite&#8230; Feu &#8211; Langue de&hellip;<\/p>\n","protected":false},"author":3,"featured_media":0,"parent":18,"menu_order":8,"comment_status":"closed","ping_status":"closed","template":"","meta":{"footnotes":""},"class_list":["post-3102","page","type-page","status-publish","hentry"],"yoast_head":"<!-- This site is optimized with the Yoast SEO plugin v27.4 - https:\/\/yoast.com\/product\/yoast-seo-wordpress\/ -->\n<title>Photographies tournantes &amp; Ecrits - Marie-No\u00eblle Jarousseau - Artiste<\/title>\n<meta name=\"robots\" content=\"index, follow, max-snippet:-1, max-image-preview:large, max-video-preview:-1\" \/>\n<link rel=\"canonical\" href=\"https:\/\/www.marienoelle-jarousseau.com\/fr\/galeries\/photographies-et-ecrits\/\" \/>\n<meta property=\"og:locale\" content=\"fr_FR\" \/>\n<meta property=\"og:type\" content=\"article\" \/>\n<meta property=\"og:title\" content=\"Photographies tournantes &amp; Ecrits - Marie-No\u00eblle Jarousseau - Artiste\" \/>\n<meta property=\"og:description\" content=\"Voyage dans \u00a0\u00a0\u00bb La Mati\u00e8re&#8230;\u00a0\u00bb PARC Photographies tournantes &amp; Ecrits L&rsquo; Escargot Suite&#8230; L&rsquo;Escargot Le Petit Champignon Suite&#8230; Le petit champignon (\u00e0 venir&#8230;) Noisette Suite&#8230; Noisette (\u00e0 venir&#8230;) Effervescence Suite&#8230; Effervescence Soleil filtrant Suite&#8230; Soleil filtrant (\u00e0 venir&#8230;) Eclat Perl\u00e9 Suite&#8230; Eclat perl\u00e9 (\u00e0 venir&#8230;) l&rsquo;hu\u00eetre Suite&#8230; Hu\u00eetre (\u00e0 venir&#8230;) Suite&#8230; Feu &#8211; Langue de&hellip;\" \/>\n<meta property=\"og:url\" content=\"https:\/\/www.marienoelle-jarousseau.com\/fr\/galeries\/photographies-et-ecrits\/\" \/>\n<meta property=\"og:site_name\" content=\"Marie-No\u00eblle Jarousseau - Artiste\" \/>\n<meta property=\"article:modified_time\" content=\"2021-07-12T17:20:24+00:00\" \/>\n<meta property=\"og:image\" content=\"https:\/\/www.marienoelle-jarousseau.com\/fr\/wp-content\/uploads\/2015\/09\/53-Perles-bruissantes-avril-2006-e1588151860167.jpg\" \/>\n<meta name=\"twitter:card\" content=\"summary_large_image\" \/>\n<meta name=\"twitter:label1\" content=\"Dur\u00e9e de lecture estim\u00e9e\" \/>\n\t<meta name=\"twitter:data1\" content=\"2 minutes\" \/>\n<script type=\"application\/ld+json\" class=\"yoast-schema-graph\">{\"@context\":\"https:\\\/\\\/schema.org\",\"@graph\":[{\"@type\":\"WebPage\",\"@id\":\"https:\\\/\\\/www.marienoelle-jarousseau.com\\\/fr\\\/galeries\\\/photographies-et-ecrits\\\/\",\"url\":\"https:\\\/\\\/www.marienoelle-jarousseau.com\\\/fr\\\/galeries\\\/photographies-et-ecrits\\\/\",\"name\":\"Photographies tournantes & Ecrits - Marie-No\u00eblle Jarousseau - Artiste\",\"isPartOf\":{\"@id\":\"https:\\\/\\\/www.marienoelle-jarousseau.com\\\/fr\\\/#website\"},\"primaryImageOfPage\":{\"@id\":\"https:\\\/\\\/www.marienoelle-jarousseau.com\\\/fr\\\/galeries\\\/photographies-et-ecrits\\\/#primaryimage\"},\"image\":{\"@id\":\"https:\\\/\\\/www.marienoelle-jarousseau.com\\\/fr\\\/galeries\\\/photographies-et-ecrits\\\/#primaryimage\"},\"thumbnailUrl\":\"https:\\\/\\\/www.marienoelle-jarousseau.com\\\/fr\\\/wp-content\\\/uploads\\\/2015\\\/09\\\/53-Perles-bruissantes-avril-2006-e1588151860167.jpg\",\"datePublished\":\"2020-04-29T09:52:26+00:00\",\"dateModified\":\"2021-07-12T17:20:24+00:00\",\"breadcrumb\":{\"@id\":\"https:\\\/\\\/www.marienoelle-jarousseau.com\\\/fr\\\/galeries\\\/photographies-et-ecrits\\\/#breadcrumb\"},\"inLanguage\":\"fr-FR\",\"potentialAction\":[{\"@type\":\"ReadAction\",\"target\":[\"https:\\\/\\\/www.marienoelle-jarousseau.com\\\/fr\\\/galeries\\\/photographies-et-ecrits\\\/\"]}]},{\"@type\":\"ImageObject\",\"inLanguage\":\"fr-FR\",\"@id\":\"https:\\\/\\\/www.marienoelle-jarousseau.com\\\/fr\\\/galeries\\\/photographies-et-ecrits\\\/#primaryimage\",\"url\":\"https:\\\/\\\/www.marienoelle-jarousseau.com\\\/fr\\\/wp-content\\\/uploads\\\/2015\\\/09\\\/53-Perles-bruissantes-avril-2006-e1588151860167.jpg\",\"contentUrl\":\"https:\\\/\\\/www.marienoelle-jarousseau.com\\\/fr\\\/wp-content\\\/uploads\\\/2015\\\/09\\\/53-Perles-bruissantes-avril-2006-e1588151860167.jpg\",\"width\":500,\"height\":335,\"caption\":\"L' Escargot\"},{\"@type\":\"BreadcrumbList\",\"@id\":\"https:\\\/\\\/www.marienoelle-jarousseau.com\\\/fr\\\/galeries\\\/photographies-et-ecrits\\\/#breadcrumb\",\"itemListElement\":[{\"@type\":\"ListItem\",\"position\":1,\"name\":\"Accueil\",\"item\":\"https:\\\/\\\/www.marienoelle-jarousseau.com\\\/fr\\\/\"},{\"@type\":\"ListItem\",\"position\":2,\"name\":\"GALERIES\",\"item\":\"https:\\\/\\\/www.marienoelle-jarousseau.com\\\/fr\\\/galeries\\\/\"},{\"@type\":\"ListItem\",\"position\":3,\"name\":\"Photographies tournantes &#038; Ecrits\"}]},{\"@type\":\"WebSite\",\"@id\":\"https:\\\/\\\/www.marienoelle-jarousseau.com\\\/fr\\\/#website\",\"url\":\"https:\\\/\\\/www.marienoelle-jarousseau.com\\\/fr\\\/\",\"name\":\"Marie-No\u00eblle Jarousseau - Artiste\",\"description\":\"\",\"potentialAction\":[{\"@type\":\"SearchAction\",\"target\":{\"@type\":\"EntryPoint\",\"urlTemplate\":\"https:\\\/\\\/www.marienoelle-jarousseau.com\\\/fr\\\/?s={search_term_string}\"},\"query-input\":{\"@type\":\"PropertyValueSpecification\",\"valueRequired\":true,\"valueName\":\"search_term_string\"}}],\"inLanguage\":\"fr-FR\"}]}<\/script>\n<!-- \/ Yoast SEO plugin. -->","yoast_head_json":{"title":"Photographies tournantes & Ecrits - Marie-No\u00eblle Jarousseau - Artiste","robots":{"index":"index","follow":"follow","max-snippet":"max-snippet:-1","max-image-preview":"max-image-preview:large","max-video-preview":"max-video-preview:-1"},"canonical":"https:\/\/www.marienoelle-jarousseau.com\/fr\/galeries\/photographies-et-ecrits\/","og_locale":"fr_FR","og_type":"article","og_title":"Photographies tournantes & Ecrits - Marie-No\u00eblle Jarousseau - Artiste","og_description":"Voyage dans \u00a0\u00a0\u00bb La Mati\u00e8re&#8230;\u00a0\u00bb PARC Photographies tournantes &amp; Ecrits L&rsquo; Escargot Suite&#8230; L&rsquo;Escargot Le Petit Champignon Suite&#8230; Le petit champignon (\u00e0 venir&#8230;) Noisette Suite&#8230; Noisette (\u00e0 venir&#8230;) Effervescence Suite&#8230; Effervescence Soleil filtrant Suite&#8230; Soleil filtrant (\u00e0 venir&#8230;) Eclat Perl\u00e9 Suite&#8230; Eclat perl\u00e9 (\u00e0 venir&#8230;) l&rsquo;hu\u00eetre Suite&#8230; Hu\u00eetre (\u00e0 venir&#8230;) Suite&#8230; Feu &#8211; Langue de&hellip;","og_url":"https:\/\/www.marienoelle-jarousseau.com\/fr\/galeries\/photographies-et-ecrits\/","og_site_name":"Marie-No\u00eblle Jarousseau - Artiste","article_modified_time":"2021-07-12T17:20:24+00:00","og_image":[{"url":"https:\/\/www.marienoelle-jarousseau.com\/fr\/wp-content\/uploads\/2015\/09\/53-Perles-bruissantes-avril-2006-e1588151860167.jpg","type":"","width":"","height":""}],"twitter_card":"summary_large_image","twitter_misc":{"Dur\u00e9e de lecture estim\u00e9e":"2 minutes"},"schema":{"@context":"https:\/\/schema.org","@graph":[{"@type":"WebPage","@id":"https:\/\/www.marienoelle-jarousseau.com\/fr\/galeries\/photographies-et-ecrits\/","url":"https:\/\/www.marienoelle-jarousseau.com\/fr\/galeries\/photographies-et-ecrits\/","name":"Photographies tournantes & Ecrits - Marie-No\u00eblle Jarousseau - Artiste","isPartOf":{"@id":"https:\/\/www.marienoelle-jarousseau.com\/fr\/#website"},"primaryImageOfPage":{"@id":"https:\/\/www.marienoelle-jarousseau.com\/fr\/galeries\/photographies-et-ecrits\/#primaryimage"},"image":{"@id":"https:\/\/www.marienoelle-jarousseau.com\/fr\/galeries\/photographies-et-ecrits\/#primaryimage"},"thumbnailUrl":"https:\/\/www.marienoelle-jarousseau.com\/fr\/wp-content\/uploads\/2015\/09\/53-Perles-bruissantes-avril-2006-e1588151860167.jpg","datePublished":"2020-04-29T09:52:26+00:00","dateModified":"2021-07-12T17:20:24+00:00","breadcrumb":{"@id":"https:\/\/www.marienoelle-jarousseau.com\/fr\/galeries\/photographies-et-ecrits\/#breadcrumb"},"inLanguage":"fr-FR","potentialAction":[{"@type":"ReadAction","target":["https:\/\/www.marienoelle-jarousseau.com\/fr\/galeries\/photographies-et-ecrits\/"]}]},{"@type":"ImageObject","inLanguage":"fr-FR","@id":"https:\/\/www.marienoelle-jarousseau.com\/fr\/galeries\/photographies-et-ecrits\/#primaryimage","url":"https:\/\/www.marienoelle-jarousseau.com\/fr\/wp-content\/uploads\/2015\/09\/53-Perles-bruissantes-avril-2006-e1588151860167.jpg","contentUrl":"https:\/\/www.marienoelle-jarousseau.com\/fr\/wp-content\/uploads\/2015\/09\/53-Perles-bruissantes-avril-2006-e1588151860167.jpg","width":500,"height":335,"caption":"L' Escargot"},{"@type":"BreadcrumbList","@id":"https:\/\/www.marienoelle-jarousseau.com\/fr\/galeries\/photographies-et-ecrits\/#breadcrumb","itemListElement":[{"@type":"ListItem","position":1,"name":"Accueil","item":"https:\/\/www.marienoelle-jarousseau.com\/fr\/"},{"@type":"ListItem","position":2,"name":"GALERIES","item":"https:\/\/www.marienoelle-jarousseau.com\/fr\/galeries\/"},{"@type":"ListItem","position":3,"name":"Photographies tournantes &#038; Ecrits"}]},{"@type":"WebSite","@id":"https:\/\/www.marienoelle-jarousseau.com\/fr\/#website","url":"https:\/\/www.marienoelle-jarousseau.com\/fr\/","name":"Marie-No\u00eblle Jarousseau - Artiste","description":"","potentialAction":[{"@type":"SearchAction","target":{"@type":"EntryPoint","urlTemplate":"https:\/\/www.marienoelle-jarousseau.com\/fr\/?s={search_term_string}"},"query-input":{"@type":"PropertyValueSpecification","valueRequired":true,"valueName":"search_term_string"}}],"inLanguage":"fr-FR"}]}},"_links":{"self":[{"href":"https:\/\/www.marienoelle-jarousseau.com\/fr\/wp-json\/wp\/v2\/pages\/3102","targetHints":{"allow":["GET"]}}],"collection":[{"href":"https:\/\/www.marienoelle-jarousseau.com\/fr\/wp-json\/wp\/v2\/pages"}],"about":[{"href":"https:\/\/www.marienoelle-jarousseau.com\/fr\/wp-json\/wp\/v2\/types\/page"}],"author":[{"embeddable":true,"href":"https:\/\/www.marienoelle-jarousseau.com\/fr\/wp-json\/wp\/v2\/users\/3"}],"replies":[{"embeddable":true,"href":"https:\/\/www.marienoelle-jarousseau.com\/fr\/wp-json\/wp\/v2\/comments?post=3102"}],"version-history":[{"count":0,"href":"https:\/\/www.marienoelle-jarousseau.com\/fr\/wp-json\/wp\/v2\/pages\/3102\/revisions"}],"up":[{"embeddable":true,"href":"https:\/\/www.marienoelle-jarousseau.com\/fr\/wp-json\/wp\/v2\/pages\/18"}],"wp:attachment":[{"href":"https:\/\/www.marienoelle-jarousseau.com\/fr\/wp-json\/wp\/v2\/media?parent=3102"}],"curies":[{"name":"wp","href":"https:\/\/api.w.org\/{rel}","templated":true}]}}