{"id":3123,"date":"2020-04-29T12:41:11","date_gmt":"2020-04-29T11:41:11","guid":{"rendered":"https:\/\/www.marienoelle-jarousseau.com\/fr\/?page_id=3123"},"modified":"2020-04-29T13:50:03","modified_gmt":"2020-04-29T12:50:03","slug":"pt-effervescence","status":"publish","type":"page","link":"https:\/\/www.marienoelle-jarousseau.com\/fr\/pt-effervescence\/","title":{"rendered":"PT &#8211; Effervescence"},"content":{"rendered":"<h2>\n\t\tEffervescence.. (photo tournante)\n\t<\/h2>\n\t<em>Huile &#8211; 40 x 60 &#8211; R<\/em><em>\u00e9alis\u00e9e en mai 2006<\/em><br \/>\n<em>Po\u00e8me \u00a0&#8211; Inspir\u00e9 mai 2006 &#8211; Accompagne la photo<\/em>\n\t<h3><strong>Et Toi .. que ressens-tu\u00a0 ?<\/strong><\/h3>\n<em>Tu peux me partager ton ressenti&#8230;ou pas<br \/>\nsur le Livre d&rsquo;Or de la page d&rsquo;Accueil<\/em>\n\tFais tourner la photo<br \/>\nArr\u00eate la au gr\u00e9 de ton ressenti \n\t<style type=\"text\/css\">\r\n\t\t\t.picture_rotating_container .picture_rotating_view {width: 601.85131054107px;height: 601.85131054107px;}\r\n\t\t\t.picture_rotating_container .picture_rotating_view img#PR_69fdbff88620e, .picture_rotating_container .picture_rotating_view canvas#PR_69fdbff88620e {margin: 133.42565527053px 50.925655270534px;}\r\n\t\t<\/style><script type=\"text\/javascript\">var picture_rotating_intervalPR_69fdbff88620e;var picture_rotating_interval_stoppedPR_69fdbff88620e = false;var angle = 0;\r\n\t\tif(!picture_rotating_diago)\r\n\t\t\tvar picture_rotating_diago = [];\r\n\t\tpicture_rotating_diago[\"PR_69fdbff88620e\"] = 601.85131054107;\r\n\t\t\t\tjQuery(document).ready(function($) {\r\n\t\t\t\t\t\/** $(\"#PR_69fdbff88620e\").click(function(){ $(this).rotateLeft(180); }); *\/\r\n\t\t\t\t\t\r\n\t\t\t\t\t\/** picture_rotating_intervalPR_69fdbff88620e = setInterval(function () { $(\"#PR_69fdbff88620e\").rotate(5); },500); *\/\r\n\t\t\t\t\t\/\/ clearInterval(picture_rotating_intervalPR_69fdbff88620e);\r\n\t\t\t\t\t\r\n\t\t\t\t\tpicture_rotating_intervalPR_69fdbff88620e = setInterval(function () { angle+=5;$(\"#PR_69fdbff88620e\").rotate(angle); },500);\r\n\t\t\t\t});\r\n\t\t\t\t\tfunction stopPictRotatePR_69fdbff88620e(){if(!picture_rotating_interval_stoppedPR_69fdbff88620e){clearInterval(picture_rotating_intervalPR_69fdbff88620e);picture_rotating_interval_stoppedPR_69fdbff88620e = true;}}\r\n\t\t\t\t\tfunction startPictRotatePR_69fdbff88620e(){if(picture_rotating_interval_stoppedPR_69fdbff88620e){picture_rotating_intervalPR_69fdbff88620e = setInterval(function () { angle+=5;jQuery(\"#PR_69fdbff88620e\").rotate(angle); },500);picture_rotating_interval_stoppedPR_69fdbff88620e = false;}}\r\n\t\t\t<\/script><div class=\"picture_rotating_container\">\r\n\t\t\t\t<div class=\"picture_rotating_view\"><img loading=\"lazy\" decoding=\"async\" id=\"PR_69fdbff88620e\" src=\"https:\/\/www.marienoelle-jarousseau.com\/fr\/wp-content\/uploads\/2015\/09\/Effervescence-Web-DSC0200-e1588160251314.jpg\" alt=\"\" width=\"500\" height=\"335\"\/><\/div>\r\n\t\t\t\t<div class=\"picture_rotating_controls\"><i class=\"fa fa-pause\" onclick=\"javascript:stopPictRotatePR_69fdbff88620e()\"><\/i><i class=\"fa fa-play\" onclick=\"javascript:startPictRotatePR_69fdbff88620e()\"><\/i><\/div>\r\n\t\t\t<\/div>\n\t<p><em>POEME\u00a0 EN\u00a0 AUDIO<\/em><\/p>\n<em>Peut-\u00eatre que ta connexion est peu \u00e9lev\u00e9e&#8230;<br \/>\nClique sur la fl\u00e8che.. et chut&#8230; patience&#8230;<br \/>\nLaisse le temps \u00e0 la parole d&rsquo;\u00e9merger&#8230;<\/em>\n\t\t<meta itemprop=\"url\" content=\"https:\/\/www.marienoelle-jarousseau.com\/fr\/wp-content\/uploads\/2020\/04\/Effervescence.m4a\" \/><!--[if lt IE 9]><script>document.createElement('audio');<\/script><![endif]-->\n<audio class=\"wp-audio-shortcode\" id=\"audio-3123-1\" preload=\"none\" style=\"width: 100%;\" controls=\"controls\"><source type=\"audio\/mpeg\" src=\"https:\/\/www.marienoelle-jarousseau.com\/fr\/wp-content\/uploads\/2020\/04\/Effervescence.m4a?_=1\" \/><a href=\"https:\/\/www.marienoelle-jarousseau.com\/fr\/wp-content\/uploads\/2020\/04\/Effervescence.m4a\">https:\/\/www.marienoelle-jarousseau.com\/fr\/wp-content\/uploads\/2020\/04\/Effervescence.m4a<\/a><\/audio>\n<p>\u00ab\u00a0EFFERVESCENCE\u00a0\u00bb<\/p>\n<\/br>\nEaux bouillonnantes<\/br>\nEaux fr\u00e9missantes<\/br>\n<\/br>\nQuel enchantement<\/br>\nQue votre chuchotement<\/br>\n<\/br>\nSur les rochers<\/br>\nVous gambadez<\/br>\nPerles de ros\u00e9es<\/br>\nGouttelettes ensorcel\u00e9es<\/br>\n<\/br>\nVotre murmure<\/br>\nA mon oreille<\/br>\nMille merveilles<\/br>\nMe susurre<\/br>\n<\/br>\nJe ne comprends votre langage<\/br>\nMais en ressens tout le panache<\/br>\n<\/br>\nMes nerfs l\u00e2chent<\/br>\nMon esprit s\u2019\u00e9chappe<\/br>\nPlus rien ne f\u00e2che<\/br>\n<\/br>\nCette rivi\u00e8re ouat\u00e9e<\/br>\nO\u00f9 vous aimez fol\u00e2trer<\/br>\nEnchante mes sens<\/br>\nRavit mon Existence<\/br>\nDans ces instants b\u00e9nis<\/br>\nDe Silences Infinis<\/br>\nO\u00f9 la Nature s\u2019\u00e9panche<\/br>\nLibre de sa Romance<\/br>\n<\/br>\nJ\u2019exulte de Liesse<\/br>\nD\u2019Amour et de Tendresse<\/br>\nPour ce naturel<\/br>\nQu\u2019il m\u2019est donn\u00e9<\/br>\nDe go\u00fbter<\/br>\nEn cet instant r\u00eav\u00e9<\/br>\n<\/br>\nEt je me laisse bercer<\/br>\nEnlacer, envo\u00fbter<\/br>\nPar votre doux ballet<\/br>\n<\/br>\nPlus rien n\u2019a d\u2019importance<\/br>\nTout en Moi fait Silence<\/br>\n<\/br>\nEt je vous rejoins<\/br>\nDans cette R\u00e9v\u00e9rence<\/br>\nO\u00f9 tout n\u2019est plus\u2026..<\/br>\n<\/br>\nQu\u2019Essence\n<\/br>\n<\/br>\n<p>MNJ<\/p>\n\t\t\t<a href=\"https:\/\/www.marienoelle-jarousseau.com\/fr\/photographies-et-ecrits\/\" target=\"_self\" role=\"button\" rel=\"noopener noreferrer\">\n\t\t\t\t\t\t\tretour aux photos &#038; Ecrits\n\t\t\t\t\t<\/a>\n","protected":false},"excerpt":{"rendered":"<p>Effervescence.. (photo tournante) Huile &#8211; 40 x 60 &#8211; R\u00e9alis\u00e9e en mai 2006 Po\u00e8me \u00a0&#8211; Inspir\u00e9 mai 2006 &#8211; Accompagne la photo Et Toi .. que ressens-tu\u00a0 ? Tu peux me partager ton ressenti&#8230;ou pas sur le Livre d&rsquo;Or de la page d&rsquo;Accueil Fais tourner la photo Arr\u00eate la au gr\u00e9 de ton ressenti POEME\u00a0&hellip;<\/p>\n","protected":false},"author":3,"featured_media":0,"parent":0,"menu_order":0,"comment_status":"closed","ping_status":"closed","template":"","meta":{"footnotes":""},"class_list":["post-3123","page","type-page","status-publish","hentry"],"yoast_head":"<!-- This site is optimized with the Yoast SEO plugin v27.5 - https:\/\/yoast.com\/product\/yoast-seo-wordpress\/ -->\n<title>PT - Effervescence - Marie-No\u00eblle Jarousseau - Artiste<\/title>\n<meta name=\"robots\" content=\"index, follow, max-snippet:-1, max-image-preview:large, max-video-preview:-1\" \/>\n<link rel=\"canonical\" href=\"https:\/\/www.marienoelle-jarousseau.com\/fr\/pt-effervescence\/\" \/>\n<meta property=\"og:locale\" content=\"fr_FR\" \/>\n<meta property=\"og:type\" content=\"article\" \/>\n<meta property=\"og:title\" content=\"PT - Effervescence - Marie-No\u00eblle Jarousseau - Artiste\" \/>\n<meta property=\"og:description\" content=\"Effervescence.. (photo tournante) Huile &#8211; 40 x 60 &#8211; R\u00e9alis\u00e9e en mai 2006 Po\u00e8me \u00a0&#8211; Inspir\u00e9 mai 2006 &#8211; Accompagne la photo Et Toi .. que ressens-tu\u00a0 ? Tu peux me partager ton ressenti&#8230;ou pas sur le Livre d&rsquo;Or de la page d&rsquo;Accueil Fais tourner la photo Arr\u00eate la au gr\u00e9 de ton ressenti POEME\u00a0&hellip;\" \/>\n<meta property=\"og:url\" content=\"https:\/\/www.marienoelle-jarousseau.com\/fr\/pt-effervescence\/\" \/>\n<meta property=\"og:site_name\" content=\"Marie-No\u00eblle Jarousseau - Artiste\" \/>\n<meta property=\"article:modified_time\" content=\"2020-04-29T12:50:03+00:00\" \/>\n<meta name=\"twitter:card\" content=\"summary_large_image\" \/>\n<meta name=\"twitter:label1\" content=\"Dur\u00e9e de lecture estim\u00e9e\" \/>\n\t<meta name=\"twitter:data1\" content=\"1 minute\" \/>\n<script type=\"application\/ld+json\" class=\"yoast-schema-graph\">{\"@context\":\"https:\\\/\\\/schema.org\",\"@graph\":[{\"@type\":\"WebPage\",\"@id\":\"https:\\\/\\\/www.marienoelle-jarousseau.com\\\/fr\\\/pt-effervescence\\\/\",\"url\":\"https:\\\/\\\/www.marienoelle-jarousseau.com\\\/fr\\\/pt-effervescence\\\/\",\"name\":\"PT - Effervescence - Marie-No\u00eblle Jarousseau - Artiste\",\"isPartOf\":{\"@id\":\"https:\\\/\\\/www.marienoelle-jarousseau.com\\\/fr\\\/#website\"},\"datePublished\":\"2020-04-29T11:41:11+00:00\",\"dateModified\":\"2020-04-29T12:50:03+00:00\",\"breadcrumb\":{\"@id\":\"https:\\\/\\\/www.marienoelle-jarousseau.com\\\/fr\\\/pt-effervescence\\\/#breadcrumb\"},\"inLanguage\":\"fr-FR\",\"potentialAction\":[{\"@type\":\"ReadAction\",\"target\":[\"https:\\\/\\\/www.marienoelle-jarousseau.com\\\/fr\\\/pt-effervescence\\\/\"]}]},{\"@type\":\"BreadcrumbList\",\"@id\":\"https:\\\/\\\/www.marienoelle-jarousseau.com\\\/fr\\\/pt-effervescence\\\/#breadcrumb\",\"itemListElement\":[{\"@type\":\"ListItem\",\"position\":1,\"name\":\"Accueil\",\"item\":\"https:\\\/\\\/www.marienoelle-jarousseau.com\\\/fr\\\/\"},{\"@type\":\"ListItem\",\"position\":2,\"name\":\"PT &#8211; Effervescence\"}]},{\"@type\":\"WebSite\",\"@id\":\"https:\\\/\\\/www.marienoelle-jarousseau.com\\\/fr\\\/#website\",\"url\":\"https:\\\/\\\/www.marienoelle-jarousseau.com\\\/fr\\\/\",\"name\":\"Marie-No\u00eblle Jarousseau - Artiste\",\"description\":\"\",\"potentialAction\":[{\"@type\":\"SearchAction\",\"target\":{\"@type\":\"EntryPoint\",\"urlTemplate\":\"https:\\\/\\\/www.marienoelle-jarousseau.com\\\/fr\\\/?s={search_term_string}\"},\"query-input\":{\"@type\":\"PropertyValueSpecification\",\"valueRequired\":true,\"valueName\":\"search_term_string\"}}],\"inLanguage\":\"fr-FR\"}]}<\/script>\n<!-- \/ Yoast SEO plugin. -->","yoast_head_json":{"title":"PT - Effervescence - Marie-No\u00eblle Jarousseau - Artiste","robots":{"index":"index","follow":"follow","max-snippet":"max-snippet:-1","max-image-preview":"max-image-preview:large","max-video-preview":"max-video-preview:-1"},"canonical":"https:\/\/www.marienoelle-jarousseau.com\/fr\/pt-effervescence\/","og_locale":"fr_FR","og_type":"article","og_title":"PT - Effervescence - Marie-No\u00eblle Jarousseau - Artiste","og_description":"Effervescence.. (photo tournante) Huile &#8211; 40 x 60 &#8211; R\u00e9alis\u00e9e en mai 2006 Po\u00e8me \u00a0&#8211; Inspir\u00e9 mai 2006 &#8211; Accompagne la photo Et Toi .. que ressens-tu\u00a0 ? Tu peux me partager ton ressenti&#8230;ou pas sur le Livre d&rsquo;Or de la page d&rsquo;Accueil Fais tourner la photo Arr\u00eate la au gr\u00e9 de ton ressenti POEME\u00a0&hellip;","og_url":"https:\/\/www.marienoelle-jarousseau.com\/fr\/pt-effervescence\/","og_site_name":"Marie-No\u00eblle Jarousseau - Artiste","article_modified_time":"2020-04-29T12:50:03+00:00","twitter_card":"summary_large_image","twitter_misc":{"Dur\u00e9e de lecture estim\u00e9e":"1 minute"},"schema":{"@context":"https:\/\/schema.org","@graph":[{"@type":"WebPage","@id":"https:\/\/www.marienoelle-jarousseau.com\/fr\/pt-effervescence\/","url":"https:\/\/www.marienoelle-jarousseau.com\/fr\/pt-effervescence\/","name":"PT - Effervescence - Marie-No\u00eblle Jarousseau - Artiste","isPartOf":{"@id":"https:\/\/www.marienoelle-jarousseau.com\/fr\/#website"},"datePublished":"2020-04-29T11:41:11+00:00","dateModified":"2020-04-29T12:50:03+00:00","breadcrumb":{"@id":"https:\/\/www.marienoelle-jarousseau.com\/fr\/pt-effervescence\/#breadcrumb"},"inLanguage":"fr-FR","potentialAction":[{"@type":"ReadAction","target":["https:\/\/www.marienoelle-jarousseau.com\/fr\/pt-effervescence\/"]}]},{"@type":"BreadcrumbList","@id":"https:\/\/www.marienoelle-jarousseau.com\/fr\/pt-effervescence\/#breadcrumb","itemListElement":[{"@type":"ListItem","position":1,"name":"Accueil","item":"https:\/\/www.marienoelle-jarousseau.com\/fr\/"},{"@type":"ListItem","position":2,"name":"PT &#8211; Effervescence"}]},{"@type":"WebSite","@id":"https:\/\/www.marienoelle-jarousseau.com\/fr\/#website","url":"https:\/\/www.marienoelle-jarousseau.com\/fr\/","name":"Marie-No\u00eblle Jarousseau - Artiste","description":"","potentialAction":[{"@type":"SearchAction","target":{"@type":"EntryPoint","urlTemplate":"https:\/\/www.marienoelle-jarousseau.com\/fr\/?s={search_term_string}"},"query-input":{"@type":"PropertyValueSpecification","valueRequired":true,"valueName":"search_term_string"}}],"inLanguage":"fr-FR"}]}},"_links":{"self":[{"href":"https:\/\/www.marienoelle-jarousseau.com\/fr\/wp-json\/wp\/v2\/pages\/3123","targetHints":{"allow":["GET"]}}],"collection":[{"href":"https:\/\/www.marienoelle-jarousseau.com\/fr\/wp-json\/wp\/v2\/pages"}],"about":[{"href":"https:\/\/www.marienoelle-jarousseau.com\/fr\/wp-json\/wp\/v2\/types\/page"}],"author":[{"embeddable":true,"href":"https:\/\/www.marienoelle-jarousseau.com\/fr\/wp-json\/wp\/v2\/users\/3"}],"replies":[{"embeddable":true,"href":"https:\/\/www.marienoelle-jarousseau.com\/fr\/wp-json\/wp\/v2\/comments?post=3123"}],"version-history":[{"count":0,"href":"https:\/\/www.marienoelle-jarousseau.com\/fr\/wp-json\/wp\/v2\/pages\/3123\/revisions"}],"wp:attachment":[{"href":"https:\/\/www.marienoelle-jarousseau.com\/fr\/wp-json\/wp\/v2\/media?parent=3123"}],"curies":[{"name":"wp","href":"https:\/\/api.w.org\/{rel}","templated":true}]}}