{"id":3248,"date":"2020-05-08T17:37:32","date_gmt":"2020-05-08T16:37:32","guid":{"rendered":"https:\/\/www.marienoelle-jarousseau.com\/fr\/?page_id=3248"},"modified":"2025-07-24T09:10:08","modified_gmt":"2025-07-24T08:10:08","slug":"tt-rencontre","status":"publish","type":"page","link":"https:\/\/www.marienoelle-jarousseau.com\/fr\/tt-rencontre\/","title":{"rendered":"TT &#8211; Rencontre"},"content":{"rendered":"\n<h2>\n\t\t\tRENCONTRE.. (toile tournante)\t<\/h2>\n\t<em>Huile &#8211; 81 x 116 &#8211; R<\/em><em>\u00e9alis\u00e9e en f\u00e9vrier 2007<\/em><br \/>\n<em>Po\u00e8me \u00a0&#8211; Inspir\u00e9 en mars 2007 &#8211; Accompagne la Toile<\/em>\n\t<h3><strong>Et Toi .. que ressens-tu\u00a0 ?<\/strong><\/h3>\n<em>Tu peux me partager ton ressenti&#8230;ou pas<br \/>\nsur le Livre d&rsquo;Or de la page d&rsquo;Accueil<\/em>\n\t<em>Fais tourner la toile<\/em> <br \/>\n<em>Arr\u00eate la au gr\u00e9 de ton ressenti<\/em> \n\t<style type=\"text\/css\">\r\n\t\t\t.picture_rotating_container .picture_rotating_view {width: 608.61235610198px;height: 608.61235610198px;}\r\n\t\t\t.picture_rotating_container .picture_rotating_view img#PR_69e784729c8eb, .picture_rotating_container .picture_rotating_view canvas#PR_69e784729c8eb {margin: 54.306178050989px 130.80617805099px;}\r\n\t\t<\/style><script type=\"text\/javascript\">var picture_rotating_intervalPR_69e784729c8eb;var picture_rotating_interval_stoppedPR_69e784729c8eb = false;var angle = 0;\r\n\t\tif(!picture_rotating_diago)\r\n\t\t\tvar picture_rotating_diago = [];\r\n\t\tpicture_rotating_diago[\"PR_69e784729c8eb\"] = 608.61235610198;\r\n\t\t\t\tjQuery(document).ready(function($) {\r\n\t\t\t\t\t\/** $(\"#PR_69e784729c8eb\").click(function(){ $(this).rotateLeft(180); }); *\/\r\n\t\t\t\t\t\r\n\t\t\t\t\t\/** picture_rotating_intervalPR_69e784729c8eb = setInterval(function () { $(\"#PR_69e784729c8eb\").rotate(5); },500); *\/\r\n\t\t\t\t\t\/\/ clearInterval(picture_rotating_intervalPR_69e784729c8eb);\r\n\t\t\t\t\t\r\n\t\t\t\t\tpicture_rotating_intervalPR_69e784729c8eb = setInterval(function () { angle+=5;$(\"#PR_69e784729c8eb\").rotate(angle); },500);\r\n\t\t\t\t});\r\n\t\t\t\t\tfunction stopPictRotatePR_69e784729c8eb(){if(!picture_rotating_interval_stoppedPR_69e784729c8eb){clearInterval(picture_rotating_intervalPR_69e784729c8eb);picture_rotating_interval_stoppedPR_69e784729c8eb = true;}}\r\n\t\t\t\t\tfunction startPictRotatePR_69e784729c8eb(){if(picture_rotating_interval_stoppedPR_69e784729c8eb){picture_rotating_intervalPR_69e784729c8eb = setInterval(function () { angle+=5;jQuery(\"#PR_69e784729c8eb\").rotate(angle); },500);picture_rotating_interval_stoppedPR_69e784729c8eb = false;}}\r\n\t\t\t<\/script><div class=\"picture_rotating_container\">\r\n\t\t\t\t<div class=\"picture_rotating_view\"><img loading=\"lazy\" decoding=\"async\" id=\"PR_69e784729c8eb\" src=\"https:\/\/www.marienoelle-jarousseau.com\/fr\/wp-content\/uploads\/2015\/09\/152-RENCONTRE-haut-site-1-huile-sur-toile-tournante-81-x-116-fev-2007-e1585845239784.jpg\" alt=\"\" width=\"347\" height=\"500\"\/><\/div>\r\n\t\t\t\t<div class=\"picture_rotating_controls\"><i class=\"fa fa-pause\" onclick=\"javascript:stopPictRotatePR_69e784729c8eb()\"><\/i><i class=\"fa fa-play\" onclick=\"javascript:startPictRotatePR_69e784729c8eb()\"><\/i><\/div>\r\n\t\t\t<\/div>\n\t<p><em>POEME\u00a0 EN\u00a0 \u00a0AUDIO<\/em><\/p>\n<em>Peut-\u00eatre que ta connexion est peu \u00e9lev\u00e9e&#8230;<br \/>\nClique sur la fl\u00e8che.. et chut&#8230; patience&#8230;<br \/>\nLaisse le temps \u00e0 la parole d&rsquo;\u00e9merger&#8230;<\/em><em>_<\/em>\n\t\t<meta itemprop=\"url\" content=\"https:\/\/www.marienoelle-jarousseau.com\/fr\/wp-content\/uploads\/2020\/04\/Alcove.m4a\" \/><!--[if lt IE 9]><script>document.createElement('audio');<\/script><![endif]-->\n<audio class=\"wp-audio-shortcode\" id=\"audio-3248-1\" preload=\"none\" style=\"width: 100%;\" controls=\"controls\"><source type=\"audio\/mpeg\" src=\"https:\/\/www.marienoelle-jarousseau.com\/fr\/wp-content\/uploads\/2020\/04\/Alcove.m4a?_=1\" \/><a href=\"https:\/\/www.marienoelle-jarousseau.com\/fr\/wp-content\/uploads\/2020\/04\/Alcove.m4a\">https:\/\/www.marienoelle-jarousseau.com\/fr\/wp-content\/uploads\/2020\/04\/Alcove.m4a<\/a><\/audio>\n<p>Rencontre<\/p>\n\n\u00a0\u00bb Lumi\u00e8re &#038; Ombre \u00a0\u00bb\n\n\nLa confrontation de vos deux \u00e9l\u00e9ments\nN&rsquo;est que pur diamant\nA qui sait le voir\nComme simple Miroir\nDe toute beaut\u00e9 r\u00e9v\u00e9l\u00e9e\nPar votre propre Immensit\u00e9\n\nSans votre indispensable Alliance\nSans votre d\u00e9licieux m\u00e9lange\nPoint d&rsquo;Existence\nPoint de Naissance\u00a0\n\nTout ce qui est \u00e9merg\u00e9\nDans notre monde mat\u00e9rialis\u00e9\nN&rsquo;est que le fruit av\u00e9r\u00e9\nDe vos deux infinit\u00e9s\u00a0\n\nEt quelle Emergence\nQue ce Joyau incomparable\nDe votre Jeu in\u00e9luctable\u00a0\n\nPerle\nTout est Perle\n\nDeux Amours effr\u00e9n\u00e9s\nSi tumultueux, si talentueux\nQuand vous vous rencontrez\nMais qui produisez\nUne telle intensit\u00e9\nQu&rsquo;on ne peut \u00eatre qu&rsquo;\u00e9merveill\u00e9s\nDe votre productivit\u00e9\nSimplement l\u00e0, pour nous aider\nA nous re-trouver\nDans cette immensit\u00e9\u00a0\n\nPourquoi restons nous coinc\u00e9s\nDans nos peurs irraisonn\u00e9es\u00a0?\nSi ce n&rsquo;est que Noir r\u00e9v\u00e9l\u00e9\u00a0!\u00a0\n\nPourquoi fuyons nous\nCette Lumi\u00e8re \u00e9clatante\u00a0?\nQu&rsquo;au fond de nous\nNous ne faisons qu&rsquo;attendre\u00a0?\n\nCe blanc ouat\u00e9\nTant esp\u00e9r\u00e9\u00a0!\nTant d\u00e9sir\u00e9\u00a0!\u00a0\n\nNous ballottons\nEntre ces deux extr\u00eames\n\n\u00a0\n\nEt si nous \u00e9tions\u00a0\nPerle\u00a0?\n\nD\u00e9licieux m\u00e9lange\nDe l&rsquo;Union de ces deux Etres\n\nOmbre et Lumi\u00e8re\n\n\u00a0Ne sommes-nous pas Merveille\u00a0?\nD&rsquo;ainsi porter en nous\nCes deux \u00e9clats\nEt de pouvoir en jouir\nSelon notre gr\u00e9 et nos r\u00e9sultats\u00a0?\u00a0\n\nPerle\u00a0\n\u00ab\u00a0Je suis Perle\u00a0\u00bb\n\nJe suis un enfant de votre firmament\nAinsi incarn\u00e9 pour un temps d\u00e9termin\u00e9\nJe go\u00fbte \u00e0 votre f\u00e9licit\u00e9\nQue petit \u00e0 petit je cr\u00e9e\nJuste pour mon avanc\u00e9e\n\nSur mon chemin d&rsquo;Eternit\u00e9\n\n<p>MNJ<\/p>\n\t<blockquote>\n<h2>\u00a0 \u00a02e\u00a0 \u00a0Po\u00e8me\u00a0 \u00a0 \u00a0&amp;\u00a0 \u00a0 Histoire\u00a0 de\u00a0 la\u00a0 Toile<\/h2>\n<\/blockquote>\n\t\t\t\t<img decoding=\"async\" src=\"https:\/\/www.marienoelle-jarousseau.com\/fr\/wp-content\/plugins\/bb-plugin\/img\/pixel.png\" alt=\"\" itemprop=\"image\" onerror=\"this.style.display='none'\" loading='lazy' \/>\n\t<p><em>POEME\u00a0 EN\u00a0 \u00a0AUDIO<\/em><\/p>\n<p><i>\u00e0 venir&#8230;<\/i><\/p>\n\t<p>&nbsp;<\/p>\n<p>Histoire \u00e0 venir&#8230;<\/p>\n\t\t\t<a href=\"http:\/\/www.marienoelle-jarousseau.com\/fr\/galeries\/contemporains\/\" target=\"_self\">\n\t\t\t\t\t\t\tRetour\n\t\t\t\t\t<\/a>\n\n","protected":false},"excerpt":{"rendered":"<p>RENCONTRE.. (toile tournante) Huile &#8211; 81 x 116 &#8211; R\u00e9alis\u00e9e en f\u00e9vrier 2007 Po\u00e8me \u00a0&#8211; Inspir\u00e9 en mars 2007 &#8211; Accompagne la Toile Et Toi .. que ressens-tu\u00a0 ? Tu peux me partager ton ressenti&#8230;ou pas sur le Livre d&rsquo;Or de la page d&rsquo;Accueil Fais tourner la toile Arr\u00eate la au gr\u00e9 de ton ressenti&hellip;<\/p>\n","protected":false},"author":3,"featured_media":0,"parent":0,"menu_order":0,"comment_status":"closed","ping_status":"closed","template":"","meta":{"footnotes":""},"class_list":["post-3248","page","type-page","status-publish","hentry"],"yoast_head":"<!-- This site is optimized with the Yoast SEO plugin v27.4 - https:\/\/yoast.com\/product\/yoast-seo-wordpress\/ -->\n<title>TT - Rencontre - Marie-No\u00eblle Jarousseau - Artiste<\/title>\n<meta name=\"robots\" content=\"index, follow, max-snippet:-1, max-image-preview:large, max-video-preview:-1\" \/>\n<link rel=\"canonical\" href=\"https:\/\/www.marienoelle-jarousseau.com\/fr\/tt-rencontre\/\" \/>\n<meta property=\"og:locale\" content=\"fr_FR\" \/>\n<meta property=\"og:type\" content=\"article\" \/>\n<meta property=\"og:title\" content=\"TT - Rencontre - Marie-No\u00eblle Jarousseau - Artiste\" \/>\n<meta property=\"og:description\" content=\"RENCONTRE.. (toile tournante) Huile &#8211; 81 x 116 &#8211; R\u00e9alis\u00e9e en f\u00e9vrier 2007 Po\u00e8me \u00a0&#8211; Inspir\u00e9 en mars 2007 &#8211; Accompagne la Toile Et Toi .. que ressens-tu\u00a0 ? Tu peux me partager ton ressenti&#8230;ou pas sur le Livre d&rsquo;Or de la page d&rsquo;Accueil Fais tourner la toile Arr\u00eate la au gr\u00e9 de ton ressenti&hellip;\" \/>\n<meta property=\"og:url\" content=\"https:\/\/www.marienoelle-jarousseau.com\/fr\/tt-rencontre\/\" \/>\n<meta property=\"og:site_name\" content=\"Marie-No\u00eblle Jarousseau - Artiste\" \/>\n<meta property=\"article:modified_time\" content=\"2025-07-24T08:10:08+00:00\" \/>\n<meta property=\"og:image\" content=\"https:\/\/www.marienoelle-jarousseau.com\/fr\/wp-content\/plugins\/bb-plugin\/img\/pixel.png\" \/>\n<meta name=\"twitter:card\" content=\"summary_large_image\" \/>\n<meta name=\"twitter:label1\" content=\"Dur\u00e9e de lecture estim\u00e9e\" \/>\n\t<meta name=\"twitter:data1\" content=\"2 minutes\" \/>\n<script type=\"application\/ld+json\" class=\"yoast-schema-graph\">{\"@context\":\"https:\\\/\\\/schema.org\",\"@graph\":[{\"@type\":\"WebPage\",\"@id\":\"https:\\\/\\\/www.marienoelle-jarousseau.com\\\/fr\\\/tt-rencontre\\\/\",\"url\":\"https:\\\/\\\/www.marienoelle-jarousseau.com\\\/fr\\\/tt-rencontre\\\/\",\"name\":\"TT - Rencontre - Marie-No\u00eblle Jarousseau - Artiste\",\"isPartOf\":{\"@id\":\"https:\\\/\\\/www.marienoelle-jarousseau.com\\\/fr\\\/#website\"},\"primaryImageOfPage\":{\"@id\":\"https:\\\/\\\/www.marienoelle-jarousseau.com\\\/fr\\\/tt-rencontre\\\/#primaryimage\"},\"image\":{\"@id\":\"https:\\\/\\\/www.marienoelle-jarousseau.com\\\/fr\\\/tt-rencontre\\\/#primaryimage\"},\"thumbnailUrl\":\"https:\\\/\\\/www.marienoelle-jarousseau.com\\\/fr\\\/wp-content\\\/plugins\\\/bb-plugin\\\/img\\\/pixel.png\",\"datePublished\":\"2020-05-08T16:37:32+00:00\",\"dateModified\":\"2025-07-24T08:10:08+00:00\",\"breadcrumb\":{\"@id\":\"https:\\\/\\\/www.marienoelle-jarousseau.com\\\/fr\\\/tt-rencontre\\\/#breadcrumb\"},\"inLanguage\":\"fr-FR\",\"potentialAction\":[{\"@type\":\"ReadAction\",\"target\":[\"https:\\\/\\\/www.marienoelle-jarousseau.com\\\/fr\\\/tt-rencontre\\\/\"]}]},{\"@type\":\"ImageObject\",\"inLanguage\":\"fr-FR\",\"@id\":\"https:\\\/\\\/www.marienoelle-jarousseau.com\\\/fr\\\/tt-rencontre\\\/#primaryimage\",\"url\":\"https:\\\/\\\/www.marienoelle-jarousseau.com\\\/fr\\\/wp-content\\\/plugins\\\/bb-plugin\\\/img\\\/pixel.png\",\"contentUrl\":\"https:\\\/\\\/www.marienoelle-jarousseau.com\\\/fr\\\/wp-content\\\/plugins\\\/bb-plugin\\\/img\\\/pixel.png\"},{\"@type\":\"BreadcrumbList\",\"@id\":\"https:\\\/\\\/www.marienoelle-jarousseau.com\\\/fr\\\/tt-rencontre\\\/#breadcrumb\",\"itemListElement\":[{\"@type\":\"ListItem\",\"position\":1,\"name\":\"Accueil\",\"item\":\"https:\\\/\\\/www.marienoelle-jarousseau.com\\\/fr\\\/\"},{\"@type\":\"ListItem\",\"position\":2,\"name\":\"TT &#8211; Rencontre\"}]},{\"@type\":\"WebSite\",\"@id\":\"https:\\\/\\\/www.marienoelle-jarousseau.com\\\/fr\\\/#website\",\"url\":\"https:\\\/\\\/www.marienoelle-jarousseau.com\\\/fr\\\/\",\"name\":\"Marie-No\u00eblle Jarousseau - Artiste\",\"description\":\"\",\"potentialAction\":[{\"@type\":\"SearchAction\",\"target\":{\"@type\":\"EntryPoint\",\"urlTemplate\":\"https:\\\/\\\/www.marienoelle-jarousseau.com\\\/fr\\\/?s={search_term_string}\"},\"query-input\":{\"@type\":\"PropertyValueSpecification\",\"valueRequired\":true,\"valueName\":\"search_term_string\"}}],\"inLanguage\":\"fr-FR\"}]}<\/script>\n<!-- \/ Yoast SEO plugin. -->","yoast_head_json":{"title":"TT - Rencontre - Marie-No\u00eblle Jarousseau - Artiste","robots":{"index":"index","follow":"follow","max-snippet":"max-snippet:-1","max-image-preview":"max-image-preview:large","max-video-preview":"max-video-preview:-1"},"canonical":"https:\/\/www.marienoelle-jarousseau.com\/fr\/tt-rencontre\/","og_locale":"fr_FR","og_type":"article","og_title":"TT - Rencontre - Marie-No\u00eblle Jarousseau - Artiste","og_description":"RENCONTRE.. (toile tournante) Huile &#8211; 81 x 116 &#8211; R\u00e9alis\u00e9e en f\u00e9vrier 2007 Po\u00e8me \u00a0&#8211; Inspir\u00e9 en mars 2007 &#8211; Accompagne la Toile Et Toi .. que ressens-tu\u00a0 ? Tu peux me partager ton ressenti&#8230;ou pas sur le Livre d&rsquo;Or de la page d&rsquo;Accueil Fais tourner la toile Arr\u00eate la au gr\u00e9 de ton ressenti&hellip;","og_url":"https:\/\/www.marienoelle-jarousseau.com\/fr\/tt-rencontre\/","og_site_name":"Marie-No\u00eblle Jarousseau - Artiste","article_modified_time":"2025-07-24T08:10:08+00:00","og_image":[{"url":"https:\/\/www.marienoelle-jarousseau.com\/fr\/wp-content\/plugins\/bb-plugin\/img\/pixel.png","type":"","width":"","height":""}],"twitter_card":"summary_large_image","twitter_misc":{"Dur\u00e9e de lecture estim\u00e9e":"2 minutes"},"schema":{"@context":"https:\/\/schema.org","@graph":[{"@type":"WebPage","@id":"https:\/\/www.marienoelle-jarousseau.com\/fr\/tt-rencontre\/","url":"https:\/\/www.marienoelle-jarousseau.com\/fr\/tt-rencontre\/","name":"TT - Rencontre - Marie-No\u00eblle Jarousseau - Artiste","isPartOf":{"@id":"https:\/\/www.marienoelle-jarousseau.com\/fr\/#website"},"primaryImageOfPage":{"@id":"https:\/\/www.marienoelle-jarousseau.com\/fr\/tt-rencontre\/#primaryimage"},"image":{"@id":"https:\/\/www.marienoelle-jarousseau.com\/fr\/tt-rencontre\/#primaryimage"},"thumbnailUrl":"https:\/\/www.marienoelle-jarousseau.com\/fr\/wp-content\/plugins\/bb-plugin\/img\/pixel.png","datePublished":"2020-05-08T16:37:32+00:00","dateModified":"2025-07-24T08:10:08+00:00","breadcrumb":{"@id":"https:\/\/www.marienoelle-jarousseau.com\/fr\/tt-rencontre\/#breadcrumb"},"inLanguage":"fr-FR","potentialAction":[{"@type":"ReadAction","target":["https:\/\/www.marienoelle-jarousseau.com\/fr\/tt-rencontre\/"]}]},{"@type":"ImageObject","inLanguage":"fr-FR","@id":"https:\/\/www.marienoelle-jarousseau.com\/fr\/tt-rencontre\/#primaryimage","url":"https:\/\/www.marienoelle-jarousseau.com\/fr\/wp-content\/plugins\/bb-plugin\/img\/pixel.png","contentUrl":"https:\/\/www.marienoelle-jarousseau.com\/fr\/wp-content\/plugins\/bb-plugin\/img\/pixel.png"},{"@type":"BreadcrumbList","@id":"https:\/\/www.marienoelle-jarousseau.com\/fr\/tt-rencontre\/#breadcrumb","itemListElement":[{"@type":"ListItem","position":1,"name":"Accueil","item":"https:\/\/www.marienoelle-jarousseau.com\/fr\/"},{"@type":"ListItem","position":2,"name":"TT &#8211; Rencontre"}]},{"@type":"WebSite","@id":"https:\/\/www.marienoelle-jarousseau.com\/fr\/#website","url":"https:\/\/www.marienoelle-jarousseau.com\/fr\/","name":"Marie-No\u00eblle Jarousseau - Artiste","description":"","potentialAction":[{"@type":"SearchAction","target":{"@type":"EntryPoint","urlTemplate":"https:\/\/www.marienoelle-jarousseau.com\/fr\/?s={search_term_string}"},"query-input":{"@type":"PropertyValueSpecification","valueRequired":true,"valueName":"search_term_string"}}],"inLanguage":"fr-FR"}]}},"_links":{"self":[{"href":"https:\/\/www.marienoelle-jarousseau.com\/fr\/wp-json\/wp\/v2\/pages\/3248","targetHints":{"allow":["GET"]}}],"collection":[{"href":"https:\/\/www.marienoelle-jarousseau.com\/fr\/wp-json\/wp\/v2\/pages"}],"about":[{"href":"https:\/\/www.marienoelle-jarousseau.com\/fr\/wp-json\/wp\/v2\/types\/page"}],"author":[{"embeddable":true,"href":"https:\/\/www.marienoelle-jarousseau.com\/fr\/wp-json\/wp\/v2\/users\/3"}],"replies":[{"embeddable":true,"href":"https:\/\/www.marienoelle-jarousseau.com\/fr\/wp-json\/wp\/v2\/comments?post=3248"}],"version-history":[{"count":1,"href":"https:\/\/www.marienoelle-jarousseau.com\/fr\/wp-json\/wp\/v2\/pages\/3248\/revisions"}],"predecessor-version":[{"id":3867,"href":"https:\/\/www.marienoelle-jarousseau.com\/fr\/wp-json\/wp\/v2\/pages\/3248\/revisions\/3867"}],"wp:attachment":[{"href":"https:\/\/www.marienoelle-jarousseau.com\/fr\/wp-json\/wp\/v2\/media?parent=3248"}],"curies":[{"name":"wp","href":"https:\/\/api.w.org\/{rel}","templated":true}]}}