{"id":3894,"date":"2025-10-11T13:53:11","date_gmt":"2025-10-11T12:53:11","guid":{"rendered":"https:\/\/www.marienoelle-jarousseau.com\/fr\/?page_id=3894"},"modified":"2025-10-30T13:22:47","modified_gmt":"2025-10-30T12:22:47","slug":"tt-la-roue-de-la-vie-la-roue-intemporelle","status":"publish","type":"page","link":"https:\/\/www.marienoelle-jarousseau.com\/fr\/tt-la-roue-de-la-vie-la-roue-intemporelle\/","title":{"rendered":"TT La roue de LA VIE La roue INTEMPORELLE"},"content":{"rendered":"\n<h2>\n\t\t\tLa roue de LA VIE La roue INTEMPORELLE&#8230; (toile tournante)\t<\/h2>\n\t<em>Huile &#8211; 89 x 116 &#8211; R<\/em><em>\u00e9alis\u00e9e en mars<\/em><em>\u00a02007<\/em><br \/>\n<em>Po\u00e8me \u00a0&#8211; Inspir\u00e9 en juin 2002 &#8211; Accompagne la Toile<\/em>\n\t<h3><strong>Et Toi .. que ressens-tu\u00a0 ?<\/strong><\/h3>\n<em>Tu peux me partager ton ressenti&#8230;ou pas<br \/>\nsur le Livre d&rsquo;Or de la page d&rsquo;Accueil<\/em>\n\tFais tourner la toile <br \/>\nArr\u00eate la au gr\u00e9 de ton ressenti \n\t<style type=\"text\/css\">\r\n\t\t\t.picture_rotating_container .picture_rotating_view {width: 626.20204407204px;height: 626.20204407204px;}\r\n\t\t\t.picture_rotating_container .picture_rotating_view img#PR_69e78887ebed9, .picture_rotating_container .picture_rotating_view canvas#PR_69e78887ebed9 {margin: 124.60102203602px 63.10102203602px;}\r\n\t\t<\/style><script type=\"text\/javascript\">var picture_rotating_intervalPR_69e78887ebed9;var picture_rotating_interval_stoppedPR_69e78887ebed9 = false;var angle = 0;\r\n\t\tif(!picture_rotating_diago)\r\n\t\t\tvar picture_rotating_diago = [];\r\n\t\tpicture_rotating_diago[\"PR_69e78887ebed9\"] = 626.20204407204;\r\n\t\t\t\tjQuery(document).ready(function($) {\r\n\t\t\t\t\t\/** $(\"#PR_69e78887ebed9\").click(function(){ $(this).rotateLeft(180); }); *\/\r\n\t\t\t\t\t\r\n\t\t\t\t\t\/** picture_rotating_intervalPR_69e78887ebed9 = setInterval(function () { $(\"#PR_69e78887ebed9\").rotate(5); },500); *\/\r\n\t\t\t\t\t\/\/ clearInterval(picture_rotating_intervalPR_69e78887ebed9);\r\n\t\t\t\t\t\r\n\t\t\t\t\tpicture_rotating_intervalPR_69e78887ebed9 = setInterval(function () { angle+=5;$(\"#PR_69e78887ebed9\").rotate(angle); },500);\r\n\t\t\t\t});\r\n\t\t\t\t\tfunction stopPictRotatePR_69e78887ebed9(){if(!picture_rotating_interval_stoppedPR_69e78887ebed9){clearInterval(picture_rotating_intervalPR_69e78887ebed9);picture_rotating_interval_stoppedPR_69e78887ebed9 = true;}}\r\n\t\t\t\t\tfunction startPictRotatePR_69e78887ebed9(){if(picture_rotating_interval_stoppedPR_69e78887ebed9){picture_rotating_intervalPR_69e78887ebed9 = setInterval(function () { angle+=5;jQuery(\"#PR_69e78887ebed9\").rotate(angle); },500);picture_rotating_interval_stoppedPR_69e78887ebed9 = false;}}\r\n\t\t\t<\/script><div class=\"picture_rotating_container\">\r\n\t\t\t\t<div class=\"picture_rotating_view\"><img loading=\"lazy\" decoding=\"async\" id=\"PR_69e78887ebed9\" src=\"https:\/\/www.marienoelle-jarousseau.com\/fr\/wp-content\/uploads\/2025\/10\/153-Web-La-roue-intemporelle-site-huile-sur-toile-tournante-89-x-116--e1760112525553.jpg\" alt=\"\" width=\"500\" height=\"377\"\/><\/div>\r\n\t\t\t\t<div class=\"picture_rotating_controls\"><i class=\"fa fa-pause\" onclick=\"javascript:stopPictRotatePR_69e78887ebed9()\"><\/i><i class=\"fa fa-play\" onclick=\"javascript:startPictRotatePR_69e78887ebed9()\"><\/i><\/div>\r\n\t\t\t<\/div>\n\t<p><em>POEME\u00a0 EN\u00a0 AUDIO<\/em><\/p>\n<em>Peut-\u00eatre que ta connexion est peu \u00e9lev\u00e9e&#8230;<br \/>\nClique sur la fl\u00e8che.. et chut&#8230; patience&#8230;<br \/>\nLaisse le temps \u00e0 la parole d&rsquo;\u00e9merger&#8230;<\/em>\n\t\t<meta itemprop=\"url\" content=\"https:\/\/www.marienoelle-jarousseau.com\/fr\/wp-content\/uploads\/2025\/10\/La-roue-de-la-Vie-Intemporelle-1.mp3\" \/><!--[if lt IE 9]><script>document.createElement('audio');<\/script><![endif]-->\n<audio class=\"wp-audio-shortcode\" id=\"audio-3894-1\" preload=\"none\" style=\"width: 100%;\" controls=\"controls\"><source type=\"audio\/mpeg\" src=\"https:\/\/www.marienoelle-jarousseau.com\/fr\/wp-content\/uploads\/2025\/10\/La-roue-de-la-Vie-Intemporelle-1.mp3?_=1\" \/><a href=\"https:\/\/www.marienoelle-jarousseau.com\/fr\/wp-content\/uploads\/2025\/10\/La-roue-de-la-Vie-Intemporelle-1.mp3\">https:\/\/www.marienoelle-jarousseau.com\/fr\/wp-content\/uploads\/2025\/10\/La-roue-de-la-Vie-Intemporelle-1.mp3<\/a><\/audio>\n<p>\u00ab\u00a0UNE ETINCELLE DE VIE\u00a0\u00bb<\/p>\nImagine une roue\nOu un cercle\nAu centre de ce cercle\nEST  TOUT  CE  QUI  EST\n\nRien de d\u00e9fini\nL\u00e0\nTous les possibles sont possibles\nChut !\n\nUne vie d\u00e9marre&#8230;&#8230;.\n\nVOIS !\n\nPetit \u00e0 petit\nQuelque chose se forme&#8230;\nEt s&rsquo;\u00e9largit vers la p\u00e9riph\u00e9rie \n\nMais qu&rsquo;est-ce ?\nUne fleur ?\nUn papillon ?\nUn arbre ?\nUne plan\u00e8te ?\nTiens\nSi on imaginait l&rsquo;homme ?\n\nIl s&rsquo;expanse\nTout doucement\nD\u00e9licatement\n\nDans Cette Essence\nDans Son essence\n\nRegarde !\nRegarde-le !\n\nTout doucement\nPrendre corps petit \u00e0 petit\nPetit f\u0153tus\nQue tu es joli\nRegarde !\nRegarde le grandir !\n\nPrendre une forme d\u00e9finie\n\nEt il grandit\nGrandit&#8230;&#8230; \nEt il s&rsquo;expanse\nS&rsquo;expanse&#8230;&#8230;\nAux travers de toutes ses exp\u00e9riences\n\nIl vit&#8230;&#8230;.\nLA  VIE\n\nTiens\nIl arrive\nAu mi-temps de cette VIE\n\nHomme m\u00fbr\nQu&rsquo;en as-tu compris ?\nQu&rsquo;as-tu accompli ?\n\nQUI ES-TU ?\nSeulement \nLe SENS-TU ?\nLe RESSENS-TU ?\n\nMais la valse continue&#8230;.\n\nRegarde le&#8230;\n\nRemonter le fil vers son centre\n\nRIEN\nRIEN   NE   PEUT   RIEN   ARRETER !\n\nPerp\u00e9tuel mouvement\nPerp\u00e9tuel changement\nPerp\u00e9tuel instant\n\nLa VIE se vit tranquillement\n \nEt il remonte\nRemonte&#8230;\nEt il vit\nIl vit&#8230;&#8230;.\nLA   VIE\n\nVOIS !\n\nL&rsquo;enveloppe charnelle\nPetit \u00e0 petit r\u00e9tr\u00e9cit\nL&rsquo;\u00catre grandit&#8230;\nLe corps se fl\u00e9trit ! \nETRE\n\nSource \u00e9ternelle et infinie\nDe ton Essence Propre\n\nSur ce petit bout de fil de VIE\nDe quelles merveilles t&rsquo;es-tu d\u00e9lect\u00e9 ?\nDe quelles odeurs t&rsquo;es-tu ennivr\u00e9 ?\nQu&rsquo;as-tu fait re-na\u00eetre de tes richesses ?\nQu&rsquo;as-tu fait s&rsquo;\u00e9panouir de ta fleur enchanteresse ?\nQu&rsquo;as-tu mat\u00e9rialis\u00e9 de cette Essence inn\u00e9e ?\nQu&rsquo;as-tu vibr\u00e9 de ton rayonnement immacul\u00e9 ?\n\nCORPS\n\nMerveilleux instrument\nMerci de permettre\nDe vivre l&rsquo;INSTANT\n\nJusqu&rsquo;au dernier souffle\nTu t&rsquo;\u00e9chines \u00e0 remonter le fil\nDisponible pour cet \u00catre\nQui t&rsquo;a habit\u00e9 pour se mat\u00e9rialiser\nQue tu as \u00e9pous\u00e9 en toute f\u00e9licit\u00e9e\nPour irradier d&rsquo;un amour dilu\u00e9\nUne parcelle de cette immensit\u00e9\n\nMerci de ta t\u00e9nacit\u00e9\nMerci de ta disponibilit\u00e9&#8230;\n\nMaintenant tu peux l\u00e2cher\nMaintenant tu peux te d\u00e9sint\u00e9grer\n\nPchiiiiiiii&#8230; \n\nECOUTE !\nECOUTE&#8230;&#8230;.\n\nSILENCE&#8230;&#8230;\n\nTu es revenu\nQuelque part pr\u00eat du centre de  ce cercle\n\nRIEN&#8230;&#8230;&#8230;\nRien ne se passe\n\nRIEN !\nNEANT\nMais&#8230;&#8230;&#8230;\n\nTOUT !\n\nTOUT est possible\n\nChut !\n\n\nUne vie d\u00e9marre&#8230;&#8230;\n\n\nSilence ! \nOn tourne&#8230;&#8230; \n\n<p>Marie-No\u00eblle JAROUSSEAU<\/p>\n\t\t\t<a href=\"http:\/\/www.marienoelle-jarousseau.com\/fr\/galeries\/contemporains\/\" target=\"_self\">\n\t\t\t\t\t\t\tretour\n\t\t\t\t\t<\/a>\n\n","protected":false},"excerpt":{"rendered":"<p>La roue de LA VIE La roue INTEMPORELLE&#8230; (toile tournante) Huile &#8211; 89 x 116 &#8211; R\u00e9alis\u00e9e en mars\u00a02007 Po\u00e8me \u00a0&#8211; Inspir\u00e9 en juin 2002 &#8211; Accompagne la Toile Et Toi .. que ressens-tu\u00a0 ? Tu peux me partager ton ressenti&#8230;ou pas sur le Livre d&rsquo;Or de la page d&rsquo;Accueil Fais tourner la toile Arr\u00eate&hellip;<\/p>\n","protected":false},"author":3,"featured_media":0,"parent":0,"menu_order":0,"comment_status":"closed","ping_status":"closed","template":"","meta":{"footnotes":""},"class_list":["post-3894","page","type-page","status-publish","hentry"],"yoast_head":"<!-- This site is optimized with the Yoast SEO plugin v27.4 - https:\/\/yoast.com\/product\/yoast-seo-wordpress\/ -->\n<title>TT La roue de LA VIE La roue INTEMPORELLE - Marie-No\u00eblle Jarousseau - Artiste<\/title>\n<meta name=\"robots\" content=\"index, follow, max-snippet:-1, max-image-preview:large, max-video-preview:-1\" \/>\n<link rel=\"canonical\" href=\"https:\/\/www.marienoelle-jarousseau.com\/fr\/tt-la-roue-de-la-vie-la-roue-intemporelle\/\" \/>\n<meta property=\"og:locale\" content=\"fr_FR\" \/>\n<meta property=\"og:type\" content=\"article\" \/>\n<meta property=\"og:title\" content=\"TT La roue de LA VIE La roue INTEMPORELLE - Marie-No\u00eblle Jarousseau - Artiste\" \/>\n<meta property=\"og:description\" content=\"La roue de LA VIE La roue INTEMPORELLE&#8230; (toile tournante) Huile &#8211; 89 x 116 &#8211; R\u00e9alis\u00e9e en mars\u00a02007 Po\u00e8me \u00a0&#8211; Inspir\u00e9 en juin 2002 &#8211; Accompagne la Toile Et Toi .. que ressens-tu\u00a0 ? Tu peux me partager ton ressenti&#8230;ou pas sur le Livre d&rsquo;Or de la page d&rsquo;Accueil Fais tourner la toile Arr\u00eate&hellip;\" \/>\n<meta property=\"og:url\" content=\"https:\/\/www.marienoelle-jarousseau.com\/fr\/tt-la-roue-de-la-vie-la-roue-intemporelle\/\" \/>\n<meta property=\"og:site_name\" content=\"Marie-No\u00eblle Jarousseau - Artiste\" \/>\n<meta property=\"article:modified_time\" content=\"2025-10-30T12:22:47+00:00\" \/>\n<meta name=\"twitter:card\" content=\"summary_large_image\" \/>\n<meta name=\"twitter:label1\" content=\"Dur\u00e9e de lecture estim\u00e9e\" \/>\n\t<meta name=\"twitter:data1\" content=\"3 minutes\" \/>\n<script type=\"application\/ld+json\" class=\"yoast-schema-graph\">{\"@context\":\"https:\\\/\\\/schema.org\",\"@graph\":[{\"@type\":\"WebPage\",\"@id\":\"https:\\\/\\\/www.marienoelle-jarousseau.com\\\/fr\\\/tt-la-roue-de-la-vie-la-roue-intemporelle\\\/\",\"url\":\"https:\\\/\\\/www.marienoelle-jarousseau.com\\\/fr\\\/tt-la-roue-de-la-vie-la-roue-intemporelle\\\/\",\"name\":\"TT La roue de LA VIE La roue INTEMPORELLE - Marie-No\u00eblle Jarousseau - Artiste\",\"isPartOf\":{\"@id\":\"https:\\\/\\\/www.marienoelle-jarousseau.com\\\/fr\\\/#website\"},\"datePublished\":\"2025-10-11T12:53:11+00:00\",\"dateModified\":\"2025-10-30T12:22:47+00:00\",\"breadcrumb\":{\"@id\":\"https:\\\/\\\/www.marienoelle-jarousseau.com\\\/fr\\\/tt-la-roue-de-la-vie-la-roue-intemporelle\\\/#breadcrumb\"},\"inLanguage\":\"fr-FR\",\"potentialAction\":[{\"@type\":\"ReadAction\",\"target\":[\"https:\\\/\\\/www.marienoelle-jarousseau.com\\\/fr\\\/tt-la-roue-de-la-vie-la-roue-intemporelle\\\/\"]}]},{\"@type\":\"BreadcrumbList\",\"@id\":\"https:\\\/\\\/www.marienoelle-jarousseau.com\\\/fr\\\/tt-la-roue-de-la-vie-la-roue-intemporelle\\\/#breadcrumb\",\"itemListElement\":[{\"@type\":\"ListItem\",\"position\":1,\"name\":\"Accueil\",\"item\":\"https:\\\/\\\/www.marienoelle-jarousseau.com\\\/fr\\\/\"},{\"@type\":\"ListItem\",\"position\":2,\"name\":\"TT La roue de LA VIE La roue INTEMPORELLE\"}]},{\"@type\":\"WebSite\",\"@id\":\"https:\\\/\\\/www.marienoelle-jarousseau.com\\\/fr\\\/#website\",\"url\":\"https:\\\/\\\/www.marienoelle-jarousseau.com\\\/fr\\\/\",\"name\":\"Marie-No\u00eblle Jarousseau - Artiste\",\"description\":\"\",\"potentialAction\":[{\"@type\":\"SearchAction\",\"target\":{\"@type\":\"EntryPoint\",\"urlTemplate\":\"https:\\\/\\\/www.marienoelle-jarousseau.com\\\/fr\\\/?s={search_term_string}\"},\"query-input\":{\"@type\":\"PropertyValueSpecification\",\"valueRequired\":true,\"valueName\":\"search_term_string\"}}],\"inLanguage\":\"fr-FR\"}]}<\/script>\n<!-- \/ Yoast SEO plugin. -->","yoast_head_json":{"title":"TT La roue de LA VIE La roue INTEMPORELLE - Marie-No\u00eblle Jarousseau - Artiste","robots":{"index":"index","follow":"follow","max-snippet":"max-snippet:-1","max-image-preview":"max-image-preview:large","max-video-preview":"max-video-preview:-1"},"canonical":"https:\/\/www.marienoelle-jarousseau.com\/fr\/tt-la-roue-de-la-vie-la-roue-intemporelle\/","og_locale":"fr_FR","og_type":"article","og_title":"TT La roue de LA VIE La roue INTEMPORELLE - Marie-No\u00eblle Jarousseau - Artiste","og_description":"La roue de LA VIE La roue INTEMPORELLE&#8230; (toile tournante) Huile &#8211; 89 x 116 &#8211; R\u00e9alis\u00e9e en mars\u00a02007 Po\u00e8me \u00a0&#8211; Inspir\u00e9 en juin 2002 &#8211; Accompagne la Toile Et Toi .. que ressens-tu\u00a0 ? Tu peux me partager ton ressenti&#8230;ou pas sur le Livre d&rsquo;Or de la page d&rsquo;Accueil Fais tourner la toile Arr\u00eate&hellip;","og_url":"https:\/\/www.marienoelle-jarousseau.com\/fr\/tt-la-roue-de-la-vie-la-roue-intemporelle\/","og_site_name":"Marie-No\u00eblle Jarousseau - Artiste","article_modified_time":"2025-10-30T12:22:47+00:00","twitter_card":"summary_large_image","twitter_misc":{"Dur\u00e9e de lecture estim\u00e9e":"3 minutes"},"schema":{"@context":"https:\/\/schema.org","@graph":[{"@type":"WebPage","@id":"https:\/\/www.marienoelle-jarousseau.com\/fr\/tt-la-roue-de-la-vie-la-roue-intemporelle\/","url":"https:\/\/www.marienoelle-jarousseau.com\/fr\/tt-la-roue-de-la-vie-la-roue-intemporelle\/","name":"TT La roue de LA VIE La roue INTEMPORELLE - Marie-No\u00eblle Jarousseau - Artiste","isPartOf":{"@id":"https:\/\/www.marienoelle-jarousseau.com\/fr\/#website"},"datePublished":"2025-10-11T12:53:11+00:00","dateModified":"2025-10-30T12:22:47+00:00","breadcrumb":{"@id":"https:\/\/www.marienoelle-jarousseau.com\/fr\/tt-la-roue-de-la-vie-la-roue-intemporelle\/#breadcrumb"},"inLanguage":"fr-FR","potentialAction":[{"@type":"ReadAction","target":["https:\/\/www.marienoelle-jarousseau.com\/fr\/tt-la-roue-de-la-vie-la-roue-intemporelle\/"]}]},{"@type":"BreadcrumbList","@id":"https:\/\/www.marienoelle-jarousseau.com\/fr\/tt-la-roue-de-la-vie-la-roue-intemporelle\/#breadcrumb","itemListElement":[{"@type":"ListItem","position":1,"name":"Accueil","item":"https:\/\/www.marienoelle-jarousseau.com\/fr\/"},{"@type":"ListItem","position":2,"name":"TT La roue de LA VIE La roue INTEMPORELLE"}]},{"@type":"WebSite","@id":"https:\/\/www.marienoelle-jarousseau.com\/fr\/#website","url":"https:\/\/www.marienoelle-jarousseau.com\/fr\/","name":"Marie-No\u00eblle Jarousseau - Artiste","description":"","potentialAction":[{"@type":"SearchAction","target":{"@type":"EntryPoint","urlTemplate":"https:\/\/www.marienoelle-jarousseau.com\/fr\/?s={search_term_string}"},"query-input":{"@type":"PropertyValueSpecification","valueRequired":true,"valueName":"search_term_string"}}],"inLanguage":"fr-FR"}]}},"_links":{"self":[{"href":"https:\/\/www.marienoelle-jarousseau.com\/fr\/wp-json\/wp\/v2\/pages\/3894","targetHints":{"allow":["GET"]}}],"collection":[{"href":"https:\/\/www.marienoelle-jarousseau.com\/fr\/wp-json\/wp\/v2\/pages"}],"about":[{"href":"https:\/\/www.marienoelle-jarousseau.com\/fr\/wp-json\/wp\/v2\/types\/page"}],"author":[{"embeddable":true,"href":"https:\/\/www.marienoelle-jarousseau.com\/fr\/wp-json\/wp\/v2\/users\/3"}],"replies":[{"embeddable":true,"href":"https:\/\/www.marienoelle-jarousseau.com\/fr\/wp-json\/wp\/v2\/comments?post=3894"}],"version-history":[{"count":4,"href":"https:\/\/www.marienoelle-jarousseau.com\/fr\/wp-json\/wp\/v2\/pages\/3894\/revisions"}],"predecessor-version":[{"id":4055,"href":"https:\/\/www.marienoelle-jarousseau.com\/fr\/wp-json\/wp\/v2\/pages\/3894\/revisions\/4055"}],"wp:attachment":[{"href":"https:\/\/www.marienoelle-jarousseau.com\/fr\/wp-json\/wp\/v2\/media?parent=3894"}],"curies":[{"name":"wp","href":"https:\/\/api.w.org\/{rel}","templated":true}]}}