{"id":3952,"date":"2025-10-22T16:02:32","date_gmt":"2025-10-22T15:02:32","guid":{"rendered":"https:\/\/www.marienoelle-jarousseau.com\/fr\/?page_id=3952"},"modified":"2025-11-29T16:38:09","modified_gmt":"2025-11-29T15:38:09","slug":"tt-naissance-dun-etre","status":"publish","type":"page","link":"https:\/\/www.marienoelle-jarousseau.com\/fr\/tt-naissance-dun-etre\/","title":{"rendered":"TT Naissance d&rsquo;un ETRE"},"content":{"rendered":"\n<h2>\n\t\t\tNAISSANCE D&rsquo;UN ETRE.. (toile tournante)\t<\/h2>\n\t<em>Huile &#8211; 33 x 41 &#8211; R<\/em><em>\u00e9alis\u00e9e en f\u00e9vrier 2020<\/em><br \/>\n<em>Po\u00e8me \u00a0&#8211; Inspir\u00e9 en mars 2020 &#8211; Accompagne la Toile<\/em>\n\t\t\t\t<a href=\"mailto:marie.jarousseau@wanadoo.fr\"  target=\"_self\" itemprop=\"url\">\n\t\t\t\t<img decoding=\"async\" src=\"https:\/\/www.marienoelle-jarousseau.com\/fr\/wp-content\/uploads\/bb-plugin\/cache\/91-SPIRALE-INVOLUTIVE-2-sign-huile-sur-verre-82-x-57-fev-2001-150x150-circle-b9c1f08120516841d5ef83c7b175ca11-.jpg\" alt=\"Spirale involutive\" itemprop=\"image\" height=\"150\" width=\"150\" title=\"91 - SPIRALE INVOLUTIVE-2-sign-huile sur verre -82 x 57- fev 2001\" onerror=\"this.style.display='none'\" loading=\"lazy\" \/>\n\t\t\t\t<\/a>\n\t\tEt\u00a0 \u00a0Toi&#8230;<br \/>\nQue ressens-tu ?\n<p><em>Tu peux me partager ton ressenti&#8230;<\/em><\/p>\n\t<em>Fais tourner la toile<\/em> <br \/>\n<em>Arr\u00eate la au gr\u00e9 de ton ressenti<\/em> \n\t<style type=\"text\/css\">\r\n\t\t\t.picture_rotating_container .picture_rotating_view {width: 639.06494192687px;height: 639.06494192687px;}\r\n\t\t\t.picture_rotating_container .picture_rotating_view img#PR_69e7882ec378a, .picture_rotating_container .picture_rotating_view canvas#PR_69e7882ec378a {margin: 69.532470963437px 120.53247096344px;}\r\n\t\t<\/style><script type=\"text\/javascript\">var picture_rotating_intervalPR_69e7882ec378a;var picture_rotating_interval_stoppedPR_69e7882ec378a = false;var angle = 0;\r\n\t\tif(!picture_rotating_diago)\r\n\t\t\tvar picture_rotating_diago = [];\r\n\t\tpicture_rotating_diago[\"PR_69e7882ec378a\"] = 639.06494192687;\r\n\t\t\t\tjQuery(document).ready(function($) {\r\n\t\t\t\t\t\/** $(\"#PR_69e7882ec378a\").click(function(){ $(this).rotateLeft(180); }); *\/\r\n\t\t\t\t\t\r\n\t\t\t\t\t\/** picture_rotating_intervalPR_69e7882ec378a = setInterval(function () { $(\"#PR_69e7882ec378a\").rotate(5); },500); *\/\r\n\t\t\t\t\t\/\/ clearInterval(picture_rotating_intervalPR_69e7882ec378a);\r\n\t\t\t\t\t\r\n\t\t\t\t\tpicture_rotating_intervalPR_69e7882ec378a = setInterval(function () { angle+=5;$(\"#PR_69e7882ec378a\").rotate(angle); },500);\r\n\t\t\t\t});\r\n\t\t\t\t\tfunction stopPictRotatePR_69e7882ec378a(){if(!picture_rotating_interval_stoppedPR_69e7882ec378a){clearInterval(picture_rotating_intervalPR_69e7882ec378a);picture_rotating_interval_stoppedPR_69e7882ec378a = true;}}\r\n\t\t\t\t\tfunction startPictRotatePR_69e7882ec378a(){if(picture_rotating_interval_stoppedPR_69e7882ec378a){picture_rotating_intervalPR_69e7882ec378a = setInterval(function () { angle+=5;jQuery(\"#PR_69e7882ec378a\").rotate(angle); },500);picture_rotating_interval_stoppedPR_69e7882ec378a = false;}}\r\n\t\t\t<\/script><div class=\"picture_rotating_container\">\r\n\t\t\t\t<div class=\"picture_rotating_view\"><img loading=\"lazy\" decoding=\"async\" id=\"PR_69e7882ec378a\" src=\"https:\/\/www.marienoelle-jarousseau.com\/fr\/wp-content\/uploads\/2025\/10\/243-Naissance-d-un-Etre-1-Web-sign-huile-sur-toile-tournante-33-x-41-oct-2019-IMG_0060-e1761142105807.jpg\" alt=\"\" width=\"398\" height=\"500\"\/><\/div>\r\n\t\t\t\t<div class=\"picture_rotating_controls\"><i class=\"fa fa-pause\" onclick=\"javascript:stopPictRotatePR_69e7882ec378a()\"><\/i><i class=\"fa fa-play\" onclick=\"javascript:startPictRotatePR_69e7882ec378a()\"><\/i><\/div>\r\n\t\t\t<\/div>\n\t<p><em>POEME\u00a0 EN\u00a0 \u00a0AUDIO<\/em><\/p>\n<em>Peut-\u00eatre que ta connexion est peu \u00e9lev\u00e9e&#8230;<br \/>\nClique sur la fl\u00e8che.. et chut&#8230; patience&#8230;<br \/>\nLaisse le temps \u00e0 la parole d&rsquo;\u00e9merger&#8230;<\/em>\n\t\t<meta itemprop=\"url\" content=\"https:\/\/www.marienoelle-jarousseau.com\/fr\/wp-content\/uploads\/2025\/11\/Naissance-d-un-ETRE.mp3\" \/><!--[if lt IE 9]><script>document.createElement('audio');<\/script><![endif]-->\n<audio class=\"wp-audio-shortcode\" id=\"audio-3952-1\" preload=\"none\" style=\"width: 100%;\" controls=\"controls\"><source type=\"audio\/mpeg\" src=\"https:\/\/www.marienoelle-jarousseau.com\/fr\/wp-content\/uploads\/2025\/11\/Naissance-d-un-ETRE.mp3?_=1\" \/><a href=\"https:\/\/www.marienoelle-jarousseau.com\/fr\/wp-content\/uploads\/2025\/11\/Naissance-d-un-ETRE.mp3\">https:\/\/www.marienoelle-jarousseau.com\/fr\/wp-content\/uploads\/2025\/11\/Naissance-d-un-ETRE.mp3<\/a><\/audio>\n<p>NAISSANCE D&rsquo;UN ETRE<\/p>\n\nCette main ligot\u00e9e\nEst le reflet de Ta Pens\u00e9e\nCelle d&rsquo;un maintien\nD&rsquo;un autre lendemain\nMain dictante\nMain tranchante\nTu suis son chemin\nEn esp\u00e9rant un meilleur destin\nLE REFLET EN TON SEIN\nMais\nSoudain&#8230;\nTon attention \nChange de Direction&#8230;\nQuelque chose de l\u00e9ger\nSe met \u00e0 vibrer&#8230;\nEn TOI\nTes sens s&rsquo;\u00e9largissent&#8230;\nEt&#8230;\nTU&#8230; ECOUTES&#8230;\nQuelque chose de profond\nQuelque chose d&rsquo;inattendu\nQuelque chose qui t&rsquo;attire\nQuelque chose qui te vibre\nTu sors de Ta Prison\nEt commence \u00e0 rayonner \u00e0 l&rsquo;Unisson\nC&rsquo;est doux\nC&rsquo;est l\u00e9ger\nC&rsquo;est rassurant\nC&rsquo;est apaisant\nEt&#8230; \nTU ECOUTES&#8230;\nEcoute int\u00e9rieure\nEcoute profonde\nEcoute intense\nTourne ton regard &#8230;.\nMain bienveillante\nMain rassurante\nMain guidante\nDe l&rsquo;Instant\nElle quitte ses cha\u00eenes\nElle sort de son isolement\nEnsemble vous naissez\nD&rsquo;une autre r\u00e9alit\u00e9\nVous communiez\nVous vibrez\nVous vivez\nEn symbiose parfaite\nEt&#8230;\nTu \u00e9coutes&#8230;\nTu \u00e9coutes&#8230;\nTu \u00e9coutes&#8230;\nEcoute int\u00e9rieure profonde\nEcoute ext\u00e9rieure en observateur\nDe tout ce qui est l\u00e0\nJuste pour Toi\nTu nais\nTu renais\nTu t&rsquo;agrandis\nTu t&rsquo;\u00e9largis\nEntre en toi La Paix\nLa S\u00e9r\u00e9nit\u00e9\nEt&#8230;\nTU ECOUTES&#8230;\nECOUTES&#8230;\nECOUTES&#8230;\nCette main\nREFLET\n\n<p>MNJ<\/p>\n\t\t\t<a href=\"http:\/\/www.marienoelle-jarousseau.com\/fr\/galeries\/contemporains\/\" target=\"_self\">\n\t\t\t\t\t\t\tRetour\n\t\t\t\t\t<\/a>\n\n","protected":false},"excerpt":{"rendered":"<p>NAISSANCE D&rsquo;UN ETRE.. (toile tournante) Huile &#8211; 33 x 41 &#8211; R\u00e9alis\u00e9e en f\u00e9vrier 2020 Po\u00e8me \u00a0&#8211; Inspir\u00e9 en mars 2020 &#8211; Accompagne la Toile Et\u00a0 \u00a0Toi&#8230; Que ressens-tu ? Tu peux me partager ton ressenti&#8230; Fais tourner la toile Arr\u00eate la au gr\u00e9 de ton ressenti POEME\u00a0 EN\u00a0 \u00a0AUDIO Peut-\u00eatre que ta connexion est&hellip;<\/p>\n","protected":false},"author":3,"featured_media":0,"parent":0,"menu_order":0,"comment_status":"closed","ping_status":"closed","template":"","meta":{"footnotes":""},"class_list":["post-3952","page","type-page","status-publish","hentry"],"yoast_head":"<!-- This site is optimized with the Yoast SEO plugin v27.4 - https:\/\/yoast.com\/product\/yoast-seo-wordpress\/ -->\n<title>TT Naissance d&#039;un ETRE - Marie-No\u00eblle Jarousseau - Artiste<\/title>\n<meta name=\"robots\" content=\"index, follow, max-snippet:-1, max-image-preview:large, max-video-preview:-1\" \/>\n<link rel=\"canonical\" href=\"https:\/\/www.marienoelle-jarousseau.com\/fr\/tt-naissance-dun-etre\/\" \/>\n<meta property=\"og:locale\" content=\"fr_FR\" \/>\n<meta property=\"og:type\" content=\"article\" \/>\n<meta property=\"og:title\" content=\"TT Naissance d&#039;un ETRE - Marie-No\u00eblle Jarousseau - Artiste\" \/>\n<meta property=\"og:description\" content=\"NAISSANCE D&rsquo;UN ETRE.. (toile tournante) Huile &#8211; 33 x 41 &#8211; R\u00e9alis\u00e9e en f\u00e9vrier 2020 Po\u00e8me \u00a0&#8211; Inspir\u00e9 en mars 2020 &#8211; Accompagne la Toile Et\u00a0 \u00a0Toi&#8230; Que ressens-tu ? Tu peux me partager ton ressenti&#8230; Fais tourner la toile Arr\u00eate la au gr\u00e9 de ton ressenti POEME\u00a0 EN\u00a0 \u00a0AUDIO Peut-\u00eatre que ta connexion est&hellip;\" \/>\n<meta property=\"og:url\" content=\"https:\/\/www.marienoelle-jarousseau.com\/fr\/tt-naissance-dun-etre\/\" \/>\n<meta property=\"og:site_name\" content=\"Marie-No\u00eblle Jarousseau - Artiste\" \/>\n<meta property=\"article:modified_time\" content=\"2025-11-29T15:38:09+00:00\" \/>\n<meta property=\"og:image\" content=\"https:\/\/www.marienoelle-jarousseau.com\/fr\/wp-content\/uploads\/bb-plugin\/cache\/91-SPIRALE-INVOLUTIVE-2-sign-huile-sur-verre-82-x-57-fev-2001-150x150-circle-b9c1f08120516841d5ef83c7b175ca11-.jpg\" \/>\n<meta name=\"twitter:card\" content=\"summary_large_image\" \/>\n<meta name=\"twitter:label1\" content=\"Dur\u00e9e de lecture estim\u00e9e\" \/>\n\t<meta name=\"twitter:data1\" content=\"2 minutes\" \/>\n<script type=\"application\/ld+json\" class=\"yoast-schema-graph\">{\"@context\":\"https:\\\/\\\/schema.org\",\"@graph\":[{\"@type\":\"WebPage\",\"@id\":\"https:\\\/\\\/www.marienoelle-jarousseau.com\\\/fr\\\/tt-naissance-dun-etre\\\/\",\"url\":\"https:\\\/\\\/www.marienoelle-jarousseau.com\\\/fr\\\/tt-naissance-dun-etre\\\/\",\"name\":\"TT Naissance d'un ETRE - Marie-No\u00eblle Jarousseau - Artiste\",\"isPartOf\":{\"@id\":\"https:\\\/\\\/www.marienoelle-jarousseau.com\\\/fr\\\/#website\"},\"primaryImageOfPage\":{\"@id\":\"https:\\\/\\\/www.marienoelle-jarousseau.com\\\/fr\\\/tt-naissance-dun-etre\\\/#primaryimage\"},\"image\":{\"@id\":\"https:\\\/\\\/www.marienoelle-jarousseau.com\\\/fr\\\/tt-naissance-dun-etre\\\/#primaryimage\"},\"thumbnailUrl\":\"https:\\\/\\\/www.marienoelle-jarousseau.com\\\/fr\\\/wp-content\\\/uploads\\\/bb-plugin\\\/cache\\\/91-SPIRALE-INVOLUTIVE-2-sign-huile-sur-verre-82-x-57-fev-2001-150x150-circle-b9c1f08120516841d5ef83c7b175ca11-.jpg\",\"datePublished\":\"2025-10-22T15:02:32+00:00\",\"dateModified\":\"2025-11-29T15:38:09+00:00\",\"breadcrumb\":{\"@id\":\"https:\\\/\\\/www.marienoelle-jarousseau.com\\\/fr\\\/tt-naissance-dun-etre\\\/#breadcrumb\"},\"inLanguage\":\"fr-FR\",\"potentialAction\":[{\"@type\":\"ReadAction\",\"target\":[\"https:\\\/\\\/www.marienoelle-jarousseau.com\\\/fr\\\/tt-naissance-dun-etre\\\/\"]}]},{\"@type\":\"ImageObject\",\"inLanguage\":\"fr-FR\",\"@id\":\"https:\\\/\\\/www.marienoelle-jarousseau.com\\\/fr\\\/tt-naissance-dun-etre\\\/#primaryimage\",\"url\":\"https:\\\/\\\/www.marienoelle-jarousseau.com\\\/fr\\\/wp-content\\\/uploads\\\/bb-plugin\\\/cache\\\/91-SPIRALE-INVOLUTIVE-2-sign-huile-sur-verre-82-x-57-fev-2001-150x150-circle-b9c1f08120516841d5ef83c7b175ca11-.jpg\",\"contentUrl\":\"https:\\\/\\\/www.marienoelle-jarousseau.com\\\/fr\\\/wp-content\\\/uploads\\\/bb-plugin\\\/cache\\\/91-SPIRALE-INVOLUTIVE-2-sign-huile-sur-verre-82-x-57-fev-2001-150x150-circle-b9c1f08120516841d5ef83c7b175ca11-.jpg\"},{\"@type\":\"BreadcrumbList\",\"@id\":\"https:\\\/\\\/www.marienoelle-jarousseau.com\\\/fr\\\/tt-naissance-dun-etre\\\/#breadcrumb\",\"itemListElement\":[{\"@type\":\"ListItem\",\"position\":1,\"name\":\"Accueil\",\"item\":\"https:\\\/\\\/www.marienoelle-jarousseau.com\\\/fr\\\/\"},{\"@type\":\"ListItem\",\"position\":2,\"name\":\"TT Naissance d&rsquo;un ETRE\"}]},{\"@type\":\"WebSite\",\"@id\":\"https:\\\/\\\/www.marienoelle-jarousseau.com\\\/fr\\\/#website\",\"url\":\"https:\\\/\\\/www.marienoelle-jarousseau.com\\\/fr\\\/\",\"name\":\"Marie-No\u00eblle Jarousseau - Artiste\",\"description\":\"\",\"potentialAction\":[{\"@type\":\"SearchAction\",\"target\":{\"@type\":\"EntryPoint\",\"urlTemplate\":\"https:\\\/\\\/www.marienoelle-jarousseau.com\\\/fr\\\/?s={search_term_string}\"},\"query-input\":{\"@type\":\"PropertyValueSpecification\",\"valueRequired\":true,\"valueName\":\"search_term_string\"}}],\"inLanguage\":\"fr-FR\"}]}<\/script>\n<!-- \/ Yoast SEO plugin. -->","yoast_head_json":{"title":"TT Naissance d'un ETRE - Marie-No\u00eblle Jarousseau - Artiste","robots":{"index":"index","follow":"follow","max-snippet":"max-snippet:-1","max-image-preview":"max-image-preview:large","max-video-preview":"max-video-preview:-1"},"canonical":"https:\/\/www.marienoelle-jarousseau.com\/fr\/tt-naissance-dun-etre\/","og_locale":"fr_FR","og_type":"article","og_title":"TT Naissance d'un ETRE - Marie-No\u00eblle Jarousseau - Artiste","og_description":"NAISSANCE D&rsquo;UN ETRE.. (toile tournante) Huile &#8211; 33 x 41 &#8211; R\u00e9alis\u00e9e en f\u00e9vrier 2020 Po\u00e8me \u00a0&#8211; Inspir\u00e9 en mars 2020 &#8211; Accompagne la Toile Et\u00a0 \u00a0Toi&#8230; Que ressens-tu ? Tu peux me partager ton ressenti&#8230; Fais tourner la toile Arr\u00eate la au gr\u00e9 de ton ressenti POEME\u00a0 EN\u00a0 \u00a0AUDIO Peut-\u00eatre que ta connexion est&hellip;","og_url":"https:\/\/www.marienoelle-jarousseau.com\/fr\/tt-naissance-dun-etre\/","og_site_name":"Marie-No\u00eblle Jarousseau - Artiste","article_modified_time":"2025-11-29T15:38:09+00:00","og_image":[{"url":"https:\/\/www.marienoelle-jarousseau.com\/fr\/wp-content\/uploads\/bb-plugin\/cache\/91-SPIRALE-INVOLUTIVE-2-sign-huile-sur-verre-82-x-57-fev-2001-150x150-circle-b9c1f08120516841d5ef83c7b175ca11-.jpg","type":"","width":"","height":""}],"twitter_card":"summary_large_image","twitter_misc":{"Dur\u00e9e de lecture estim\u00e9e":"2 minutes"},"schema":{"@context":"https:\/\/schema.org","@graph":[{"@type":"WebPage","@id":"https:\/\/www.marienoelle-jarousseau.com\/fr\/tt-naissance-dun-etre\/","url":"https:\/\/www.marienoelle-jarousseau.com\/fr\/tt-naissance-dun-etre\/","name":"TT Naissance d'un ETRE - Marie-No\u00eblle Jarousseau - Artiste","isPartOf":{"@id":"https:\/\/www.marienoelle-jarousseau.com\/fr\/#website"},"primaryImageOfPage":{"@id":"https:\/\/www.marienoelle-jarousseau.com\/fr\/tt-naissance-dun-etre\/#primaryimage"},"image":{"@id":"https:\/\/www.marienoelle-jarousseau.com\/fr\/tt-naissance-dun-etre\/#primaryimage"},"thumbnailUrl":"https:\/\/www.marienoelle-jarousseau.com\/fr\/wp-content\/uploads\/bb-plugin\/cache\/91-SPIRALE-INVOLUTIVE-2-sign-huile-sur-verre-82-x-57-fev-2001-150x150-circle-b9c1f08120516841d5ef83c7b175ca11-.jpg","datePublished":"2025-10-22T15:02:32+00:00","dateModified":"2025-11-29T15:38:09+00:00","breadcrumb":{"@id":"https:\/\/www.marienoelle-jarousseau.com\/fr\/tt-naissance-dun-etre\/#breadcrumb"},"inLanguage":"fr-FR","potentialAction":[{"@type":"ReadAction","target":["https:\/\/www.marienoelle-jarousseau.com\/fr\/tt-naissance-dun-etre\/"]}]},{"@type":"ImageObject","inLanguage":"fr-FR","@id":"https:\/\/www.marienoelle-jarousseau.com\/fr\/tt-naissance-dun-etre\/#primaryimage","url":"https:\/\/www.marienoelle-jarousseau.com\/fr\/wp-content\/uploads\/bb-plugin\/cache\/91-SPIRALE-INVOLUTIVE-2-sign-huile-sur-verre-82-x-57-fev-2001-150x150-circle-b9c1f08120516841d5ef83c7b175ca11-.jpg","contentUrl":"https:\/\/www.marienoelle-jarousseau.com\/fr\/wp-content\/uploads\/bb-plugin\/cache\/91-SPIRALE-INVOLUTIVE-2-sign-huile-sur-verre-82-x-57-fev-2001-150x150-circle-b9c1f08120516841d5ef83c7b175ca11-.jpg"},{"@type":"BreadcrumbList","@id":"https:\/\/www.marienoelle-jarousseau.com\/fr\/tt-naissance-dun-etre\/#breadcrumb","itemListElement":[{"@type":"ListItem","position":1,"name":"Accueil","item":"https:\/\/www.marienoelle-jarousseau.com\/fr\/"},{"@type":"ListItem","position":2,"name":"TT Naissance d&rsquo;un ETRE"}]},{"@type":"WebSite","@id":"https:\/\/www.marienoelle-jarousseau.com\/fr\/#website","url":"https:\/\/www.marienoelle-jarousseau.com\/fr\/","name":"Marie-No\u00eblle Jarousseau - Artiste","description":"","potentialAction":[{"@type":"SearchAction","target":{"@type":"EntryPoint","urlTemplate":"https:\/\/www.marienoelle-jarousseau.com\/fr\/?s={search_term_string}"},"query-input":{"@type":"PropertyValueSpecification","valueRequired":true,"valueName":"search_term_string"}}],"inLanguage":"fr-FR"}]}},"_links":{"self":[{"href":"https:\/\/www.marienoelle-jarousseau.com\/fr\/wp-json\/wp\/v2\/pages\/3952","targetHints":{"allow":["GET"]}}],"collection":[{"href":"https:\/\/www.marienoelle-jarousseau.com\/fr\/wp-json\/wp\/v2\/pages"}],"about":[{"href":"https:\/\/www.marienoelle-jarousseau.com\/fr\/wp-json\/wp\/v2\/types\/page"}],"author":[{"embeddable":true,"href":"https:\/\/www.marienoelle-jarousseau.com\/fr\/wp-json\/wp\/v2\/users\/3"}],"replies":[{"embeddable":true,"href":"https:\/\/www.marienoelle-jarousseau.com\/fr\/wp-json\/wp\/v2\/comments?post=3952"}],"version-history":[{"count":7,"href":"https:\/\/www.marienoelle-jarousseau.com\/fr\/wp-json\/wp\/v2\/pages\/3952\/revisions"}],"predecessor-version":[{"id":4191,"href":"https:\/\/www.marienoelle-jarousseau.com\/fr\/wp-json\/wp\/v2\/pages\/3952\/revisions\/4191"}],"wp:attachment":[{"href":"https:\/\/www.marienoelle-jarousseau.com\/fr\/wp-json\/wp\/v2\/media?parent=3952"}],"curies":[{"name":"wp","href":"https:\/\/api.w.org\/{rel}","templated":true}]}}