{"id":4013,"date":"2025-10-29T11:00:43","date_gmt":"2025-10-29T10:00:43","guid":{"rendered":"https:\/\/www.marienoelle-jarousseau.com\/fr\/?page_id=4013"},"modified":"2025-10-29T20:58:53","modified_gmt":"2025-10-29T19:58:53","slug":"tt-re-connexion-avec-les-mondes-paralleles-la-fee-inter-dimensionnelle","status":"publish","type":"page","link":"https:\/\/www.marienoelle-jarousseau.com\/fr\/tt-re-connexion-avec-les-mondes-paralleles-la-fee-inter-dimensionnelle\/","title":{"rendered":"TT re-connexion avec les mondes parall\u00e8les &#8211; La F\u00e9e Inter-dimensionnelle"},"content":{"rendered":"\n<h2>\n\t\t\tRe-connexion avec les mondes parall\u00e8les.. La F\u00e9e Inter-dimensionnelle&#8230;(toile tournante)\t<\/h2>\n\t<em>Huile &#8211; 33 x 46 &#8211; R<\/em><em>\u00e9alis\u00e9e en juin &#8211; juillet 2021<\/em><br \/>\n<em>Po\u00e8me \u00a0&#8211; Inspir\u00e9 le 3 avril 2020 &#8211; Accompagne la Toile<\/em>\n\t<h3><strong>Et Toi .. que ressens-tu\u00a0 ?<\/strong><\/h3>\n<em>Tu peux me partager ton ressenti&#8230;ou pas<br \/>\nsur le Livre d&rsquo;Or de la page d&rsquo;Accueil<\/em>\n\tFais tourner la toile <br \/>\nArr\u00eate la au gr\u00e9 de ton ressenti \n\t<style type=\"text\/css\">\r\n\t\t\t.picture_rotating_container .picture_rotating_view {width: 625px;height: 625px;}\r\n\t\t\t.picture_rotating_container .picture_rotating_view img#PR_69e7884a8dd4b, .picture_rotating_container .picture_rotating_view canvas#PR_69e7884a8dd4b {margin: 62.5px 125px;}\r\n\t\t<\/style><script type=\"text\/javascript\">var picture_rotating_intervalPR_69e7884a8dd4b;var picture_rotating_interval_stoppedPR_69e7884a8dd4b = false;var angle = 0;\r\n\t\tif(!picture_rotating_diago)\r\n\t\t\tvar picture_rotating_diago = [];\r\n\t\tpicture_rotating_diago[\"PR_69e7884a8dd4b\"] = 625;\r\n\t\t\t\tjQuery(document).ready(function($) {\r\n\t\t\t\t\t\/** $(\"#PR_69e7884a8dd4b\").click(function(){ $(this).rotateLeft(180); }); *\/\r\n\t\t\t\t\t\r\n\t\t\t\t\t\/** picture_rotating_intervalPR_69e7884a8dd4b = setInterval(function () { $(\"#PR_69e7884a8dd4b\").rotate(5); },500); *\/\r\n\t\t\t\t\t\/\/ clearInterval(picture_rotating_intervalPR_69e7884a8dd4b);\r\n\t\t\t\t\t\r\n\t\t\t\t\tpicture_rotating_intervalPR_69e7884a8dd4b = setInterval(function () { angle+=5;$(\"#PR_69e7884a8dd4b\").rotate(angle); },500);\r\n\t\t\t\t});\r\n\t\t\t\t\tfunction stopPictRotatePR_69e7884a8dd4b(){if(!picture_rotating_interval_stoppedPR_69e7884a8dd4b){clearInterval(picture_rotating_intervalPR_69e7884a8dd4b);picture_rotating_interval_stoppedPR_69e7884a8dd4b = true;}}\r\n\t\t\t\t\tfunction startPictRotatePR_69e7884a8dd4b(){if(picture_rotating_interval_stoppedPR_69e7884a8dd4b){picture_rotating_intervalPR_69e7884a8dd4b = setInterval(function () { angle+=5;jQuery(\"#PR_69e7884a8dd4b\").rotate(angle); },500);picture_rotating_interval_stoppedPR_69e7884a8dd4b = false;}}\r\n\t\t\t<\/script><div class=\"picture_rotating_container\">\r\n\t\t\t\t<div class=\"picture_rotating_view\"><img loading=\"lazy\" decoding=\"async\" id=\"PR_69e7884a8dd4b\" src=\"https:\/\/www.marienoelle-jarousseau.com\/fr\/wp-content\/uploads\/2025\/10\/Re-connexion-avec-les-mondes-paralelles-WEB-e1761733655517.jpg\" alt=\"\" width=\"375\" height=\"500\"\/><\/div>\r\n\t\t\t\t<div class=\"picture_rotating_controls\"><i class=\"fa fa-pause\" onclick=\"javascript:stopPictRotatePR_69e7884a8dd4b()\"><\/i><i class=\"fa fa-play\" onclick=\"javascript:startPictRotatePR_69e7884a8dd4b()\"><\/i><\/div>\r\n\t\t\t<\/div>\n\t<p><em>POEME\u00a0 EN\u00a0 AUDIO<\/em><\/p>\n<em>Peut-\u00eatre que ta connexion est peu \u00e9lev\u00e9e&#8230;<br \/>\nClique sur la fl\u00e8che.. et chut&#8230; patience&#8230;<br \/>\nLaisse le temps \u00e0 la parole d&rsquo;\u00e9merger&#8230;<\/em>\n<p>&nbsp;<\/p>\n<p>Cet Audio a \u00e9t\u00e9 enregistr\u00e9 en connexion directe par la voix et non en \u00e9criture connect\u00e9e et ensuite relue. Certes il y a un souffle et je n&rsquo;ai pas voulu la refaire car elle est tellement profonde et authentique purement brute Namast\u00e9<\/p>\n\t\t<meta itemprop=\"url\" content=\"https:\/\/www.marienoelle-jarousseau.com\/fr\/wp-content\/uploads\/2025\/10\/La-Grande-Chevauchee.mp3\" \/><!--[if lt IE 9]><script>document.createElement('audio');<\/script><![endif]-->\n<audio class=\"wp-audio-shortcode\" id=\"audio-4013-1\" preload=\"none\" style=\"width: 100%;\" controls=\"controls\"><source type=\"audio\/mpeg\" src=\"https:\/\/www.marienoelle-jarousseau.com\/fr\/wp-content\/uploads\/2025\/10\/La-Grande-Chevauchee.mp3?_=1\" \/><a href=\"https:\/\/www.marienoelle-jarousseau.com\/fr\/wp-content\/uploads\/2025\/10\/La-Grande-Chevauchee.mp3\">https:\/\/www.marienoelle-jarousseau.com\/fr\/wp-content\/uploads\/2025\/10\/La-Grande-Chevauchee.mp3<\/a><\/audio>\n<p>LA FEE INTER-DIMENSIONNELLE<\/p>LA GRANDE CHEVAUCHEE\n\nJe Suis La PRESENCE\nQui se segmente en mille fragments\nUn des petits fragments \nEst ICI en ce moment\nSous le personnage \u00ab Marie-No\u00eblle \u00bb\nJe suis venue ici\nJouer le film de La Terre\nOn pourrait appeler ce film \nLA GRANDE CHEVAUCHEE\nC&rsquo;est un western\nOn pourrait mettre dans le synopsis\nPASSAGE DE LA  TERRE de la 3e D \u00e0 la 5e D\nPleins d&rsquo;autres petits personnages\nSont ainsi sortis de cette Pr\u00e9sence\nC&rsquo;est donc Moi\nDans plein d&rsquo;autres petits fragments\nQui vivent avec Moi\nCette superbe exp\u00e9rience\nAlors \nJe Vois le film se d\u00e9rouler\n\u00ab La Terre \u00bb\nAvec tous ses acteurs\nTous ses figurants\nQui, avec joie\nOnt accept\u00e9 de faire partie\nDe cette Grande Chevauch\u00e9e\nAlors\nIl y en a pour tous les go\u00fbts\nJe regarde tous ces petits personnages\nDonc Moi\nDans tous les petits fragments\nEt c&rsquo;est vraiment amusant :\n\u00c7\u00e0 rit&#8230;\n\u00c7\u00e0 pleure&#8230;\n\u00c7\u00e0 crie&#8230;\n\u00c7\u00e0 se bagarre&#8230;\n\u00c7\u00e0 joue&#8230;\n\u00c7\u00e0 aime&#8230;\n Y en a vraiment pour tous les go\u00fbts ! \nQuand je prends du recul\nJe Vois aussi d&rsquo;autres fragments\nDe cette Pr\u00e9sence\nDonc Moi dans d&rsquo;autres espace-temps\nFaire autre chose\nCertains de ces fragments\nOnt des visages diff\u00e9rents\nOnt des apparences diff\u00e9rentes\nCertains sur Mars\nD&rsquo;autres sur V\u00e9nus&#8230;\nIl y en a m\u00eame dans la Terre\nIci\nTout pr\u00e8s de Moi\nJ&rsquo;ai, dans ce cas-l\u00e0\nUne autre apparence\nJe suis, ce qu&rsquo;on pourrait dire\nPlus \u00e9volu\u00e9e&#8230;\nPlus \u00e9th\u00e9r\u00e9e&#8230;\nMa famille\nC&rsquo;est-\u00e0-dire les autres participants\nSoit Moi sous des formes diff\u00e9rentes\nCette famille est compl\u00e8tement diff\u00e9rente\nIls ne connaissent pas la souffrance\nIls ne connaissent pas le vieillissement du corps\nIls ont une \u00e9ducation des enfants tr\u00e8s diff\u00e9rente\nWaouh !\nC&rsquo;est super de Voir toutes ces parties de Moi\nFaire tant de choses\nOccuper toutes les places de l&rsquo;Univers\nVoir la Vie ainsi\nMe permet de ne pas souffrir d&rsquo;\u00catre ici\nAutrefois\nQuand je me croyais \u00ab s\u00e9par\u00e9e \u00bb\nQuand je me croyais \u00catre&#8230; juste Marie-No\u00eblle\nQuand je me croyais \u00catre&#8230; pas grand-chose en fin de compte&#8230;\nJuste un petit bout de pas grand-chose&#8230;\nJ&rsquo;avais des mod\u00e8les\nComme le Christ\nOu des gens qui toujours r\u00e9ussissaient mieux que moi\nAlors je me tirais dessus\nPour \u00eatre toujours \u00ab plus \u00bb\nPour \u00eatre toujours \u00ab autre chose \u00bb\nEt je souffrais\nDe ne jamais y arriver\nJ&rsquo;avais une phrase qui montait souvent\nEt qui disait :\n\u00ab Pourquoi eux et pas moi ? \u00bb\nEt la pire des phrases quand elle venait, c&rsquo;\u00e9tait :\n\u00ab Je suis vraiment qu&rsquo;une pauvre conne\nCar je ne comprends jamais rien \u00e0 rien ! \u00bb\nEt j&rsquo;essayais sans jamais y arriver\nAujourd&rsquo;hui\nCe petit personnage Marie-No\u00eblle\nVoit les choses diff\u00e9remment\nA agrandi son champ de conscience\nA tourn\u00e9 son Regard\nEt \nElle Voit&#8230;\nElle Voit qu&rsquo;elle n&rsquo;est jamais s\u00e9par\u00e9e de rien\nElle Voit qu&rsquo;Elle Est Cette Pr\u00e9sence\nQui est \u00e0 l&rsquo;int\u00e9rieur d&rsquo;Elle\nEt que le petit personnage manifest\u00e9\nEst juste un tout petit fragment\nEt Quand Marie-No\u00eblle prend du recul\nElle s&rsquo;aper\u00e7oit\nQue tous les autres figurants\nSont aussi cette Pr\u00e9sence\nDonc c&rsquo;est aussi Elle sous des formes diff\u00e9rentes\nQui vivent une autre exp\u00e9rience diff\u00e9rente\nEt qu&rsquo;Elle n&rsquo;est s\u00e9par\u00e9e de rien\nElle Est Tout\n\u00c7a fait du bien !!!!\n\u00c7\u00e0 supprime la comparaison\n\u00c7\u00e0 supprime le jugement\n\u00c7\u00e0 supprime la critique\nEt \n\u00c7\u00e0 ouvre&#8230;\n\u00c7\u00e0 ouvre le Regard\n\u00c7\u00e0 ouvre une grande joie \u00e0 l&rsquo;int\u00e9rieur\nLa Joie de Voir\nD&rsquo;admirer\nDe s&rsquo;\u00e9merveiller\nC&rsquo;est comme s&rsquo;asseoir dans un fauteuil\nEt de regarder\nToutes ces petites parcelles\nTous ces petits personnages\nS&rsquo;activer\nC&rsquo;est devenir curieux\nCurieux de ce qu&rsquo;ils font\nCurieux de ce qu&rsquo;ils sont\nCurieux de leurs exp\u00e9riences\nC&rsquo;est Voir Le film\nC&rsquo;est Regarder \nTous les films en m\u00eame temps\nEt de se dire&#8230;\nWaouh !\nJ&rsquo;en fais des choses\nGr\u00e2ce \u00e0 tous ces petits personnages que je cr\u00e9e\nJe peux Voir \nL&rsquo;Immensit\u00e9 de toutes les potentialit\u00e9s\nSans oublier\nQue\nJe SUIS EN CONSCIENCE\nL\u00e0, quand je vous parle\nDans le personnage \u00ab Marie-No\u00eblle \u00bb\nEt que j&rsquo;accepte pleinement d&rsquo;y ETRE\nParce que je ne suis pas s\u00e9par\u00e9e\nParce que je n&rsquo;ai rien \u00e0 chercher\nParce que j&rsquo;ai juste \u00e0 VIVRE\nMon petit personnage de La Chevauch\u00e9e\nCe film qui se vit actuellement sur cette Terre\nAlors\nBonsoir\nJe m&rsquo;en vais JOUER\n\n.\n<p>Marie-No\u00eblle JAROUSSEAU<\/p>\n\t\t\t<a href=\"http:\/\/www.marienoelle-jarousseau.com\/fr\/galeries\/contemporains\/\" target=\"_self\">\n\t\t\t\t\t\t\tretour\n\t\t\t\t\t<\/a>\n\n","protected":false},"excerpt":{"rendered":"<p>Re-connexion avec les mondes parall\u00e8les.. La F\u00e9e Inter-dimensionnelle&#8230;(toile tournante) Huile &#8211; 33 x 46 &#8211; R\u00e9alis\u00e9e en juin &#8211; juillet 2021 Po\u00e8me \u00a0&#8211; Inspir\u00e9 le 3 avril 2020 &#8211; Accompagne la Toile Et Toi .. que ressens-tu\u00a0 ? Tu peux me partager ton ressenti&#8230;ou pas sur le Livre d&rsquo;Or de la page d&rsquo;Accueil Fais tourner&hellip;<\/p>\n","protected":false},"author":3,"featured_media":0,"parent":0,"menu_order":0,"comment_status":"closed","ping_status":"closed","template":"","meta":{"footnotes":""},"class_list":["post-4013","page","type-page","status-publish","hentry"],"yoast_head":"<!-- This site is optimized with the Yoast SEO plugin v27.4 - https:\/\/yoast.com\/product\/yoast-seo-wordpress\/ -->\n<title>TT re-connexion avec les mondes parall\u00e8les - La F\u00e9e Inter-dimensionnelle - Marie-No\u00eblle Jarousseau - Artiste<\/title>\n<meta name=\"robots\" content=\"index, follow, max-snippet:-1, max-image-preview:large, max-video-preview:-1\" \/>\n<link rel=\"canonical\" href=\"https:\/\/www.marienoelle-jarousseau.com\/fr\/tt-re-connexion-avec-les-mondes-paralleles-la-fee-inter-dimensionnelle\/\" \/>\n<meta property=\"og:locale\" content=\"fr_FR\" \/>\n<meta property=\"og:type\" content=\"article\" \/>\n<meta property=\"og:title\" content=\"TT re-connexion avec les mondes parall\u00e8les - La F\u00e9e Inter-dimensionnelle - Marie-No\u00eblle Jarousseau - Artiste\" \/>\n<meta property=\"og:description\" content=\"Re-connexion avec les mondes parall\u00e8les.. La F\u00e9e Inter-dimensionnelle&#8230;(toile tournante) Huile &#8211; 33 x 46 &#8211; R\u00e9alis\u00e9e en juin &#8211; juillet 2021 Po\u00e8me \u00a0&#8211; Inspir\u00e9 le 3 avril 2020 &#8211; Accompagne la Toile Et Toi .. que ressens-tu\u00a0 ? Tu peux me partager ton ressenti&#8230;ou pas sur le Livre d&rsquo;Or de la page d&rsquo;Accueil Fais tourner&hellip;\" \/>\n<meta property=\"og:url\" content=\"https:\/\/www.marienoelle-jarousseau.com\/fr\/tt-re-connexion-avec-les-mondes-paralleles-la-fee-inter-dimensionnelle\/\" \/>\n<meta property=\"og:site_name\" content=\"Marie-No\u00eblle Jarousseau - Artiste\" \/>\n<meta property=\"article:modified_time\" content=\"2025-10-29T19:58:53+00:00\" \/>\n<meta name=\"twitter:card\" content=\"summary_large_image\" \/>\n<meta name=\"twitter:label1\" content=\"Dur\u00e9e de lecture estim\u00e9e\" \/>\n\t<meta name=\"twitter:data1\" content=\"5 minutes\" \/>\n<script type=\"application\/ld+json\" class=\"yoast-schema-graph\">{\"@context\":\"https:\\\/\\\/schema.org\",\"@graph\":[{\"@type\":\"WebPage\",\"@id\":\"https:\\\/\\\/www.marienoelle-jarousseau.com\\\/fr\\\/tt-re-connexion-avec-les-mondes-paralleles-la-fee-inter-dimensionnelle\\\/\",\"url\":\"https:\\\/\\\/www.marienoelle-jarousseau.com\\\/fr\\\/tt-re-connexion-avec-les-mondes-paralleles-la-fee-inter-dimensionnelle\\\/\",\"name\":\"TT re-connexion avec les mondes parall\u00e8les - La F\u00e9e Inter-dimensionnelle - Marie-No\u00eblle Jarousseau - Artiste\",\"isPartOf\":{\"@id\":\"https:\\\/\\\/www.marienoelle-jarousseau.com\\\/fr\\\/#website\"},\"datePublished\":\"2025-10-29T10:00:43+00:00\",\"dateModified\":\"2025-10-29T19:58:53+00:00\",\"breadcrumb\":{\"@id\":\"https:\\\/\\\/www.marienoelle-jarousseau.com\\\/fr\\\/tt-re-connexion-avec-les-mondes-paralleles-la-fee-inter-dimensionnelle\\\/#breadcrumb\"},\"inLanguage\":\"fr-FR\",\"potentialAction\":[{\"@type\":\"ReadAction\",\"target\":[\"https:\\\/\\\/www.marienoelle-jarousseau.com\\\/fr\\\/tt-re-connexion-avec-les-mondes-paralleles-la-fee-inter-dimensionnelle\\\/\"]}]},{\"@type\":\"BreadcrumbList\",\"@id\":\"https:\\\/\\\/www.marienoelle-jarousseau.com\\\/fr\\\/tt-re-connexion-avec-les-mondes-paralleles-la-fee-inter-dimensionnelle\\\/#breadcrumb\",\"itemListElement\":[{\"@type\":\"ListItem\",\"position\":1,\"name\":\"Accueil\",\"item\":\"https:\\\/\\\/www.marienoelle-jarousseau.com\\\/fr\\\/\"},{\"@type\":\"ListItem\",\"position\":2,\"name\":\"TT re-connexion avec les mondes parall\u00e8les &#8211; La F\u00e9e Inter-dimensionnelle\"}]},{\"@type\":\"WebSite\",\"@id\":\"https:\\\/\\\/www.marienoelle-jarousseau.com\\\/fr\\\/#website\",\"url\":\"https:\\\/\\\/www.marienoelle-jarousseau.com\\\/fr\\\/\",\"name\":\"Marie-No\u00eblle Jarousseau - Artiste\",\"description\":\"\",\"potentialAction\":[{\"@type\":\"SearchAction\",\"target\":{\"@type\":\"EntryPoint\",\"urlTemplate\":\"https:\\\/\\\/www.marienoelle-jarousseau.com\\\/fr\\\/?s={search_term_string}\"},\"query-input\":{\"@type\":\"PropertyValueSpecification\",\"valueRequired\":true,\"valueName\":\"search_term_string\"}}],\"inLanguage\":\"fr-FR\"}]}<\/script>\n<!-- \/ Yoast SEO plugin. -->","yoast_head_json":{"title":"TT re-connexion avec les mondes parall\u00e8les - La F\u00e9e Inter-dimensionnelle - Marie-No\u00eblle Jarousseau - Artiste","robots":{"index":"index","follow":"follow","max-snippet":"max-snippet:-1","max-image-preview":"max-image-preview:large","max-video-preview":"max-video-preview:-1"},"canonical":"https:\/\/www.marienoelle-jarousseau.com\/fr\/tt-re-connexion-avec-les-mondes-paralleles-la-fee-inter-dimensionnelle\/","og_locale":"fr_FR","og_type":"article","og_title":"TT re-connexion avec les mondes parall\u00e8les - La F\u00e9e Inter-dimensionnelle - Marie-No\u00eblle Jarousseau - Artiste","og_description":"Re-connexion avec les mondes parall\u00e8les.. La F\u00e9e Inter-dimensionnelle&#8230;(toile tournante) Huile &#8211; 33 x 46 &#8211; R\u00e9alis\u00e9e en juin &#8211; juillet 2021 Po\u00e8me \u00a0&#8211; Inspir\u00e9 le 3 avril 2020 &#8211; Accompagne la Toile Et Toi .. que ressens-tu\u00a0 ? Tu peux me partager ton ressenti&#8230;ou pas sur le Livre d&rsquo;Or de la page d&rsquo;Accueil Fais tourner&hellip;","og_url":"https:\/\/www.marienoelle-jarousseau.com\/fr\/tt-re-connexion-avec-les-mondes-paralleles-la-fee-inter-dimensionnelle\/","og_site_name":"Marie-No\u00eblle Jarousseau - Artiste","article_modified_time":"2025-10-29T19:58:53+00:00","twitter_card":"summary_large_image","twitter_misc":{"Dur\u00e9e de lecture estim\u00e9e":"5 minutes"},"schema":{"@context":"https:\/\/schema.org","@graph":[{"@type":"WebPage","@id":"https:\/\/www.marienoelle-jarousseau.com\/fr\/tt-re-connexion-avec-les-mondes-paralleles-la-fee-inter-dimensionnelle\/","url":"https:\/\/www.marienoelle-jarousseau.com\/fr\/tt-re-connexion-avec-les-mondes-paralleles-la-fee-inter-dimensionnelle\/","name":"TT re-connexion avec les mondes parall\u00e8les - La F\u00e9e Inter-dimensionnelle - Marie-No\u00eblle Jarousseau - Artiste","isPartOf":{"@id":"https:\/\/www.marienoelle-jarousseau.com\/fr\/#website"},"datePublished":"2025-10-29T10:00:43+00:00","dateModified":"2025-10-29T19:58:53+00:00","breadcrumb":{"@id":"https:\/\/www.marienoelle-jarousseau.com\/fr\/tt-re-connexion-avec-les-mondes-paralleles-la-fee-inter-dimensionnelle\/#breadcrumb"},"inLanguage":"fr-FR","potentialAction":[{"@type":"ReadAction","target":["https:\/\/www.marienoelle-jarousseau.com\/fr\/tt-re-connexion-avec-les-mondes-paralleles-la-fee-inter-dimensionnelle\/"]}]},{"@type":"BreadcrumbList","@id":"https:\/\/www.marienoelle-jarousseau.com\/fr\/tt-re-connexion-avec-les-mondes-paralleles-la-fee-inter-dimensionnelle\/#breadcrumb","itemListElement":[{"@type":"ListItem","position":1,"name":"Accueil","item":"https:\/\/www.marienoelle-jarousseau.com\/fr\/"},{"@type":"ListItem","position":2,"name":"TT re-connexion avec les mondes parall\u00e8les &#8211; La F\u00e9e Inter-dimensionnelle"}]},{"@type":"WebSite","@id":"https:\/\/www.marienoelle-jarousseau.com\/fr\/#website","url":"https:\/\/www.marienoelle-jarousseau.com\/fr\/","name":"Marie-No\u00eblle Jarousseau - Artiste","description":"","potentialAction":[{"@type":"SearchAction","target":{"@type":"EntryPoint","urlTemplate":"https:\/\/www.marienoelle-jarousseau.com\/fr\/?s={search_term_string}"},"query-input":{"@type":"PropertyValueSpecification","valueRequired":true,"valueName":"search_term_string"}}],"inLanguage":"fr-FR"}]}},"_links":{"self":[{"href":"https:\/\/www.marienoelle-jarousseau.com\/fr\/wp-json\/wp\/v2\/pages\/4013","targetHints":{"allow":["GET"]}}],"collection":[{"href":"https:\/\/www.marienoelle-jarousseau.com\/fr\/wp-json\/wp\/v2\/pages"}],"about":[{"href":"https:\/\/www.marienoelle-jarousseau.com\/fr\/wp-json\/wp\/v2\/types\/page"}],"author":[{"embeddable":true,"href":"https:\/\/www.marienoelle-jarousseau.com\/fr\/wp-json\/wp\/v2\/users\/3"}],"replies":[{"embeddable":true,"href":"https:\/\/www.marienoelle-jarousseau.com\/fr\/wp-json\/wp\/v2\/comments?post=4013"}],"version-history":[{"count":8,"href":"https:\/\/www.marienoelle-jarousseau.com\/fr\/wp-json\/wp\/v2\/pages\/4013\/revisions"}],"predecessor-version":[{"id":4051,"href":"https:\/\/www.marienoelle-jarousseau.com\/fr\/wp-json\/wp\/v2\/pages\/4013\/revisions\/4051"}],"wp:attachment":[{"href":"https:\/\/www.marienoelle-jarousseau.com\/fr\/wp-json\/wp\/v2\/media?parent=4013"}],"curies":[{"name":"wp","href":"https:\/\/api.w.org\/{rel}","templated":true}]}}