{"id":4020,"date":"2025-11-03T17:42:24","date_gmt":"2025-11-03T16:42:24","guid":{"rendered":"https:\/\/www.marienoelle-jarousseau.com\/fr\/?page_id=4020"},"modified":"2025-11-03T19:03:39","modified_gmt":"2025-11-03T18:03:39","slug":"lunite","status":"publish","type":"page","link":"https:\/\/www.marienoelle-jarousseau.com\/fr\/lunite\/","title":{"rendered":"Th &#8211; L&rsquo;Unit\u00e9"},"content":{"rendered":"\n<h3>\n\t\t\tL&rsquo;UNITE\t<\/h3>\n\t\t\t\t<img decoding=\"async\" src=\"https:\/\/www.marienoelle-jarousseau.com\/fr\/wp-content\/uploads\/2025\/11\/13-UNITE1-Censure.jpg\" alt=\"La Censure\" itemprop=\"image\" height=\"285\" width=\"400\" title=\"13 - UNITE1-Censure\" onerror=\"this.style.display='none'\" loading=\"lazy\" \/>\n\t\tLa Censure\n\t\t\t\t<img decoding=\"async\" src=\"https:\/\/www.marienoelle-jarousseau.com\/fr\/wp-content\/uploads\/2025\/11\/13-UNITE2-Transformation.jpg\" alt=\"Transformation\" itemprop=\"image\" height=\"283\" width=\"400\" title=\"13 - UNITE2- Transformation\" onerror=\"this.style.display='none'\" loading=\"lazy\" \/>\n\t\tTransformation\n\t\t\t\t<img decoding=\"async\" src=\"https:\/\/www.marienoelle-jarousseau.com\/fr\/wp-content\/uploads\/2025\/11\/13-UNITE3-Envol.jpg\" alt=\"Envol\" itemprop=\"image\" height=\"284\" width=\"400\" title=\"13 - UNITE3-Envol\" onerror=\"this.style.display='none'\" loading=\"lazy\" \/>\n\t\tEnvol\n\t<p><em>TOUT\u00a0 n&rsquo;est\u00a0 qu&rsquo; UNIVERS\u00a0 r\u00e9v\u00e9l\u00e9<\/em><\/p>\n\t<p>&nbsp;<\/p>\n<p>&nbsp;<\/p>\n<p>&nbsp;<\/p>\nNotre exp\u00e9rience incarn\u00e9e<br \/>\nNous am\u00e8ne \u00e0 visiter\n<p>Tous les champs de potentailit\u00e9s<\/p>\nDu plus enfermant<br \/>\nAu plus offrant\nNous naviguons<br \/>\nDans ce firmament\n\t\t\t\t<img decoding=\"async\" src=\"https:\/\/www.marienoelle-jarousseau.com\/fr\/wp-content\/uploads\/2020\/05\/74-colombe-pdd-re\u0301inte\u0301gre\u0301e.jpg\" alt=\"Epanouissement\" itemprop=\"image\" height=\"507\" width=\"393\" title=\"74 -colombe pdd re\u0301inte\u0301gre\u0301e\" onerror=\"this.style.display='none'\" loading=\"lazy\" \/>\n\t\tEpanouissement\n\t<p>&nbsp;<\/p>\n<p>&nbsp;<\/p>\n<p>&nbsp;<\/p>\nPerdus, parfois, souvent&#8230;<br \/>\nSans en comprendre l&rsquo;ardent\nDe l&rsquo;exp\u00e9rience donn\u00e9e<br \/>\nDans son int\u00e9gralit\u00e9\nCette UNITE<br \/>\nFait de nous<br \/>\nSimple humain\n<p>Un explorateur divin<\/p>\n\t\t\t<a href=\"http:\/\/www.marienoelle-jarousseau.com\/fr\/ecrits\/\" target=\"_self\">\n\t\t\t\t\t\tretour\n\t\t\t\t\t<\/a>\n\n","protected":false},"excerpt":{"rendered":"<p>L&rsquo;UNITE La Censure Transformation Envol TOUT\u00a0 n&rsquo;est\u00a0 qu&rsquo; UNIVERS\u00a0 r\u00e9v\u00e9l\u00e9 &nbsp; &nbsp; &nbsp; Notre exp\u00e9rience incarn\u00e9e Nous am\u00e8ne \u00e0 visiter Tous les champs de potentailit\u00e9s Du plus enfermant Au plus offrant Nous naviguons Dans ce firmament Epanouissement &nbsp; &nbsp; &nbsp; Perdus, parfois, souvent&#8230; Sans en comprendre l&rsquo;ardent De l&rsquo;exp\u00e9rience donn\u00e9e Dans son int\u00e9gralit\u00e9 Cette UNITE&hellip;<\/p>\n","protected":false},"author":3,"featured_media":0,"parent":0,"menu_order":0,"comment_status":"closed","ping_status":"closed","template":"","meta":{"footnotes":""},"class_list":["post-4020","page","type-page","status-publish","hentry"],"yoast_head":"<!-- This site is optimized with the Yoast SEO plugin v27.5 - https:\/\/yoast.com\/product\/yoast-seo-wordpress\/ -->\n<title>Th - L&#039;Unit\u00e9 - Marie-No\u00eblle Jarousseau - Artiste<\/title>\n<meta name=\"robots\" content=\"index, follow, max-snippet:-1, max-image-preview:large, max-video-preview:-1\" \/>\n<link rel=\"canonical\" href=\"https:\/\/www.marienoelle-jarousseau.com\/fr\/lunite\/\" \/>\n<meta property=\"og:locale\" content=\"fr_FR\" \/>\n<meta property=\"og:type\" content=\"article\" \/>\n<meta property=\"og:title\" content=\"Th - L&#039;Unit\u00e9 - Marie-No\u00eblle Jarousseau - Artiste\" \/>\n<meta property=\"og:description\" content=\"L&rsquo;UNITE La Censure Transformation Envol TOUT\u00a0 n&rsquo;est\u00a0 qu&rsquo; UNIVERS\u00a0 r\u00e9v\u00e9l\u00e9 &nbsp; &nbsp; &nbsp; Notre exp\u00e9rience incarn\u00e9e Nous am\u00e8ne \u00e0 visiter Tous les champs de potentailit\u00e9s Du plus enfermant Au plus offrant Nous naviguons Dans ce firmament Epanouissement &nbsp; &nbsp; &nbsp; Perdus, parfois, souvent&#8230; Sans en comprendre l&rsquo;ardent De l&rsquo;exp\u00e9rience donn\u00e9e Dans son int\u00e9gralit\u00e9 Cette UNITE&hellip;\" \/>\n<meta property=\"og:url\" content=\"https:\/\/www.marienoelle-jarousseau.com\/fr\/lunite\/\" \/>\n<meta property=\"og:site_name\" content=\"Marie-No\u00eblle Jarousseau - Artiste\" \/>\n<meta property=\"article:modified_time\" content=\"2025-11-03T18:03:39+00:00\" \/>\n<meta property=\"og:image\" content=\"https:\/\/www.marienoelle-jarousseau.com\/fr\/wp-content\/uploads\/2025\/11\/13-UNITE1-Censure.jpg\" \/>\n<meta name=\"twitter:card\" content=\"summary_large_image\" \/>\n<meta name=\"twitter:label1\" content=\"Dur\u00e9e de lecture estim\u00e9e\" \/>\n\t<meta name=\"twitter:data1\" content=\"2 minutes\" \/>\n<script type=\"application\/ld+json\" class=\"yoast-schema-graph\">{\"@context\":\"https:\\\/\\\/schema.org\",\"@graph\":[{\"@type\":\"WebPage\",\"@id\":\"https:\\\/\\\/www.marienoelle-jarousseau.com\\\/fr\\\/lunite\\\/\",\"url\":\"https:\\\/\\\/www.marienoelle-jarousseau.com\\\/fr\\\/lunite\\\/\",\"name\":\"Th - L'Unit\u00e9 - Marie-No\u00eblle Jarousseau - Artiste\",\"isPartOf\":{\"@id\":\"https:\\\/\\\/www.marienoelle-jarousseau.com\\\/fr\\\/#website\"},\"primaryImageOfPage\":{\"@id\":\"https:\\\/\\\/www.marienoelle-jarousseau.com\\\/fr\\\/lunite\\\/#primaryimage\"},\"image\":{\"@id\":\"https:\\\/\\\/www.marienoelle-jarousseau.com\\\/fr\\\/lunite\\\/#primaryimage\"},\"thumbnailUrl\":\"https:\\\/\\\/www.marienoelle-jarousseau.com\\\/fr\\\/wp-content\\\/uploads\\\/2025\\\/11\\\/13-UNITE1-Censure.jpg\",\"datePublished\":\"2025-11-03T16:42:24+00:00\",\"dateModified\":\"2025-11-03T18:03:39+00:00\",\"breadcrumb\":{\"@id\":\"https:\\\/\\\/www.marienoelle-jarousseau.com\\\/fr\\\/lunite\\\/#breadcrumb\"},\"inLanguage\":\"fr-FR\",\"potentialAction\":[{\"@type\":\"ReadAction\",\"target\":[\"https:\\\/\\\/www.marienoelle-jarousseau.com\\\/fr\\\/lunite\\\/\"]}]},{\"@type\":\"ImageObject\",\"inLanguage\":\"fr-FR\",\"@id\":\"https:\\\/\\\/www.marienoelle-jarousseau.com\\\/fr\\\/lunite\\\/#primaryimage\",\"url\":\"https:\\\/\\\/www.marienoelle-jarousseau.com\\\/fr\\\/wp-content\\\/uploads\\\/2025\\\/11\\\/13-UNITE1-Censure.jpg\",\"contentUrl\":\"https:\\\/\\\/www.marienoelle-jarousseau.com\\\/fr\\\/wp-content\\\/uploads\\\/2025\\\/11\\\/13-UNITE1-Censure.jpg\",\"width\":400,\"height\":285,\"caption\":\"La Censure\"},{\"@type\":\"BreadcrumbList\",\"@id\":\"https:\\\/\\\/www.marienoelle-jarousseau.com\\\/fr\\\/lunite\\\/#breadcrumb\",\"itemListElement\":[{\"@type\":\"ListItem\",\"position\":1,\"name\":\"Accueil\",\"item\":\"https:\\\/\\\/www.marienoelle-jarousseau.com\\\/fr\\\/\"},{\"@type\":\"ListItem\",\"position\":2,\"name\":\"Th &#8211; L&rsquo;Unit\u00e9\"}]},{\"@type\":\"WebSite\",\"@id\":\"https:\\\/\\\/www.marienoelle-jarousseau.com\\\/fr\\\/#website\",\"url\":\"https:\\\/\\\/www.marienoelle-jarousseau.com\\\/fr\\\/\",\"name\":\"Marie-No\u00eblle Jarousseau - Artiste\",\"description\":\"\",\"potentialAction\":[{\"@type\":\"SearchAction\",\"target\":{\"@type\":\"EntryPoint\",\"urlTemplate\":\"https:\\\/\\\/www.marienoelle-jarousseau.com\\\/fr\\\/?s={search_term_string}\"},\"query-input\":{\"@type\":\"PropertyValueSpecification\",\"valueRequired\":true,\"valueName\":\"search_term_string\"}}],\"inLanguage\":\"fr-FR\"}]}<\/script>\n<!-- \/ Yoast SEO plugin. -->","yoast_head_json":{"title":"Th - L'Unit\u00e9 - Marie-No\u00eblle Jarousseau - Artiste","robots":{"index":"index","follow":"follow","max-snippet":"max-snippet:-1","max-image-preview":"max-image-preview:large","max-video-preview":"max-video-preview:-1"},"canonical":"https:\/\/www.marienoelle-jarousseau.com\/fr\/lunite\/","og_locale":"fr_FR","og_type":"article","og_title":"Th - L'Unit\u00e9 - Marie-No\u00eblle Jarousseau - Artiste","og_description":"L&rsquo;UNITE La Censure Transformation Envol TOUT\u00a0 n&rsquo;est\u00a0 qu&rsquo; UNIVERS\u00a0 r\u00e9v\u00e9l\u00e9 &nbsp; &nbsp; &nbsp; Notre exp\u00e9rience incarn\u00e9e Nous am\u00e8ne \u00e0 visiter Tous les champs de potentailit\u00e9s Du plus enfermant Au plus offrant Nous naviguons Dans ce firmament Epanouissement &nbsp; &nbsp; &nbsp; Perdus, parfois, souvent&#8230; Sans en comprendre l&rsquo;ardent De l&rsquo;exp\u00e9rience donn\u00e9e Dans son int\u00e9gralit\u00e9 Cette UNITE&hellip;","og_url":"https:\/\/www.marienoelle-jarousseau.com\/fr\/lunite\/","og_site_name":"Marie-No\u00eblle Jarousseau - Artiste","article_modified_time":"2025-11-03T18:03:39+00:00","og_image":[{"url":"https:\/\/www.marienoelle-jarousseau.com\/fr\/wp-content\/uploads\/2025\/11\/13-UNITE1-Censure.jpg","type":"","width":"","height":""}],"twitter_card":"summary_large_image","twitter_misc":{"Dur\u00e9e de lecture estim\u00e9e":"2 minutes"},"schema":{"@context":"https:\/\/schema.org","@graph":[{"@type":"WebPage","@id":"https:\/\/www.marienoelle-jarousseau.com\/fr\/lunite\/","url":"https:\/\/www.marienoelle-jarousseau.com\/fr\/lunite\/","name":"Th - L'Unit\u00e9 - Marie-No\u00eblle Jarousseau - Artiste","isPartOf":{"@id":"https:\/\/www.marienoelle-jarousseau.com\/fr\/#website"},"primaryImageOfPage":{"@id":"https:\/\/www.marienoelle-jarousseau.com\/fr\/lunite\/#primaryimage"},"image":{"@id":"https:\/\/www.marienoelle-jarousseau.com\/fr\/lunite\/#primaryimage"},"thumbnailUrl":"https:\/\/www.marienoelle-jarousseau.com\/fr\/wp-content\/uploads\/2025\/11\/13-UNITE1-Censure.jpg","datePublished":"2025-11-03T16:42:24+00:00","dateModified":"2025-11-03T18:03:39+00:00","breadcrumb":{"@id":"https:\/\/www.marienoelle-jarousseau.com\/fr\/lunite\/#breadcrumb"},"inLanguage":"fr-FR","potentialAction":[{"@type":"ReadAction","target":["https:\/\/www.marienoelle-jarousseau.com\/fr\/lunite\/"]}]},{"@type":"ImageObject","inLanguage":"fr-FR","@id":"https:\/\/www.marienoelle-jarousseau.com\/fr\/lunite\/#primaryimage","url":"https:\/\/www.marienoelle-jarousseau.com\/fr\/wp-content\/uploads\/2025\/11\/13-UNITE1-Censure.jpg","contentUrl":"https:\/\/www.marienoelle-jarousseau.com\/fr\/wp-content\/uploads\/2025\/11\/13-UNITE1-Censure.jpg","width":400,"height":285,"caption":"La Censure"},{"@type":"BreadcrumbList","@id":"https:\/\/www.marienoelle-jarousseau.com\/fr\/lunite\/#breadcrumb","itemListElement":[{"@type":"ListItem","position":1,"name":"Accueil","item":"https:\/\/www.marienoelle-jarousseau.com\/fr\/"},{"@type":"ListItem","position":2,"name":"Th &#8211; L&rsquo;Unit\u00e9"}]},{"@type":"WebSite","@id":"https:\/\/www.marienoelle-jarousseau.com\/fr\/#website","url":"https:\/\/www.marienoelle-jarousseau.com\/fr\/","name":"Marie-No\u00eblle Jarousseau - Artiste","description":"","potentialAction":[{"@type":"SearchAction","target":{"@type":"EntryPoint","urlTemplate":"https:\/\/www.marienoelle-jarousseau.com\/fr\/?s={search_term_string}"},"query-input":{"@type":"PropertyValueSpecification","valueRequired":true,"valueName":"search_term_string"}}],"inLanguage":"fr-FR"}]}},"_links":{"self":[{"href":"https:\/\/www.marienoelle-jarousseau.com\/fr\/wp-json\/wp\/v2\/pages\/4020","targetHints":{"allow":["GET"]}}],"collection":[{"href":"https:\/\/www.marienoelle-jarousseau.com\/fr\/wp-json\/wp\/v2\/pages"}],"about":[{"href":"https:\/\/www.marienoelle-jarousseau.com\/fr\/wp-json\/wp\/v2\/types\/page"}],"author":[{"embeddable":true,"href":"https:\/\/www.marienoelle-jarousseau.com\/fr\/wp-json\/wp\/v2\/users\/3"}],"replies":[{"embeddable":true,"href":"https:\/\/www.marienoelle-jarousseau.com\/fr\/wp-json\/wp\/v2\/comments?post=4020"}],"version-history":[{"count":10,"href":"https:\/\/www.marienoelle-jarousseau.com\/fr\/wp-json\/wp\/v2\/pages\/4020\/revisions"}],"predecessor-version":[{"id":4110,"href":"https:\/\/www.marienoelle-jarousseau.com\/fr\/wp-json\/wp\/v2\/pages\/4020\/revisions\/4110"}],"wp:attachment":[{"href":"https:\/\/www.marienoelle-jarousseau.com\/fr\/wp-json\/wp\/v2\/media?parent=4020"}],"curies":[{"name":"wp","href":"https:\/\/api.w.org\/{rel}","templated":true}]}}