{"id":4060,"date":"2025-10-30T14:07:28","date_gmt":"2025-10-30T13:07:28","guid":{"rendered":"https:\/\/www.marienoelle-jarousseau.com\/fr\/?page_id=4060"},"modified":"2025-11-29T17:09:55","modified_gmt":"2025-11-29T16:09:55","slug":"audios-seuls-des-ecrits","status":"publish","type":"page","link":"https:\/\/www.marienoelle-jarousseau.com\/fr\/audios-seuls-des-ecrits\/","title":{"rendered":"AUDIOS seuls des Ecrits"},"content":{"rendered":"\n\n\t<p>&nbsp;<\/p>\n<p>AUDIOS<\/p>\n\tICI sont rassembl\u00e9s sous forme de SON<br \/>\nEn partie les textes et po\u00e8mes qui m&rsquo;ont \u00e9t\u00e9 inspir\u00e9s\u00a0\nPuisses-tu y d\u00e9couvrir moults merveilles<br \/>\nPour ta propre avanc\u00e9e sur ton chemin\n<p>Namast\u00e9<\/p>\n\t\t<!--[if lt IE 9]><script>document.createElement('audio');<\/script><![endif]-->\n\t<div class=\"wp-playlist wp-audio-playlist wp-playlist-light\">\n\t\t\t<div class=\"wp-playlist-current-item\"><\/div>\n\t\t<audio controls=\"controls\" preload=\"none\" width=\"640\"\n\t\t\t><\/audio>\n\t<div class=\"wp-playlist-next\"><\/div>\n\t<div class=\"wp-playlist-prev\"><\/div>\n\t<noscript>\n\t<ol>\n\t\t<li><a href='https:\/\/www.marienoelle-jarousseau.com\/fr\/wp-content\/uploads\/2025\/10\/La-roue-de-la-Vie-Intemporelle.mp3'>La roue de la Vie Intemporelle<\/a><\/li><li><a href='https:\/\/www.marienoelle-jarousseau.com\/fr\/wp-content\/uploads\/2025\/10\/La-Grande-Chevauchee.mp3'>La Grande Chevauch\u00e9e<\/a><\/li><li><a href='https:\/\/www.marienoelle-jarousseau.com\/fr\/wp-content\/uploads\/2025\/10\/Quel-est-le-chemin.mp3'>audio-Quel est le chemin _ 1<\/a><\/li><li><a href='https:\/\/www.marienoelle-jarousseau.com\/fr\/wp-content\/uploads\/2020\/05\/Naissance-Lumie\u0300re.m4a'>Naissance Lumie\u0300re<\/a><\/li><li><a href='https:\/\/www.marienoelle-jarousseau.com\/fr\/wp-content\/uploads\/2020\/04\/Lescargot.m4a'>L'escargot<\/a><\/li><li><a href='https:\/\/www.marienoelle-jarousseau.com\/fr\/wp-content\/uploads\/2020\/04\/La-cime-de-larbre.m4a'>La cime de l'arbre<\/a><\/li><li><a href='https:\/\/www.marienoelle-jarousseau.com\/fr\/wp-content\/uploads\/2020\/04\/La-petite-be\u0302te-verte.m4a'>La petite be\u0302te verte<\/a><\/li><li><a href='https:\/\/www.marienoelle-jarousseau.com\/fr\/wp-content\/uploads\/2020\/04\/Corne-dabondance-lumie\u0300re.m4a'>Corne d'abondance Lumie\u0300re<\/a><\/li><li><a href='https:\/\/www.marienoelle-jarousseau.com\/fr\/wp-content\/uploads\/2025\/11\/Naissance-d-un-ETRE.mp3'>Naissance d un E\u0302TRE<\/a><\/li>\t<\/ol>\n\t<\/noscript>\n\t<script type=\"application\/json\" class=\"wp-playlist-script\">{\"type\":\"audio\",\"tracklist\":true,\"tracknumbers\":true,\"images\":true,\"artists\":true,\"tracks\":[{\"src\":\"https:\\\/\\\/www.marienoelle-jarousseau.com\\\/fr\\\/wp-content\\\/uploads\\\/2025\\\/10\\\/La-roue-de-la-Vie-Intemporelle.mp3\",\"type\":\"audio\\\/mpeg\",\"title\":\"La roue de la Vie Intemporelle\",\"caption\":\"\",\"description\":\"<i>La roue de la Vie Intemporelle<\\\/i>.\",\"meta\":{\"length_formatted\":\"6:35\"},\"image\":{\"src\":\"https:\\\/\\\/www.marienoelle-jarousseau.com\\\/fr\\\/wp-includes\\\/images\\\/media\\\/audio.svg\",\"width\":48,\"height\":64},\"thumb\":{\"src\":\"https:\\\/\\\/www.marienoelle-jarousseau.com\\\/fr\\\/wp-includes\\\/images\\\/media\\\/audio.svg\",\"width\":48,\"height\":64}},{\"src\":\"https:\\\/\\\/www.marienoelle-jarousseau.com\\\/fr\\\/wp-content\\\/uploads\\\/2025\\\/10\\\/La-Grande-Chevauchee.mp3\",\"type\":\"audio\\\/mpeg\",\"title\":\"La Grande Chevauch\\u00e9e\",\"caption\":\"\",\"description\":\"<i>La Grande Chevauch\\u00e9e <\\\/i>.\",\"meta\":{\"length_formatted\":\"9:20\"},\"image\":{\"src\":\"https:\\\/\\\/www.marienoelle-jarousseau.com\\\/fr\\\/wp-includes\\\/images\\\/media\\\/audio.svg\",\"width\":48,\"height\":64},\"thumb\":{\"src\":\"https:\\\/\\\/www.marienoelle-jarousseau.com\\\/fr\\\/wp-includes\\\/images\\\/media\\\/audio.svg\",\"width\":48,\"height\":64}},{\"src\":\"https:\\\/\\\/www.marienoelle-jarousseau.com\\\/fr\\\/wp-content\\\/uploads\\\/2025\\\/10\\\/Quel-est-le-chemin.mp3\",\"type\":\"audio\\\/mpeg\",\"title\":\"audio-Quel est le chemin _ 1\",\"caption\":\"Quel est le chemin ?\",\"description\":\"Quel est le chemin _ \\n\",\"meta\":{\"length_formatted\":\"11:19\"},\"image\":{\"src\":\"https:\\\/\\\/www.marienoelle-jarousseau.com\\\/fr\\\/wp-includes\\\/images\\\/media\\\/audio.svg\",\"width\":48,\"height\":64},\"thumb\":{\"src\":\"https:\\\/\\\/www.marienoelle-jarousseau.com\\\/fr\\\/wp-includes\\\/images\\\/media\\\/audio.svg\",\"width\":48,\"height\":64}},{\"src\":\"https:\\\/\\\/www.marienoelle-jarousseau.com\\\/fr\\\/wp-content\\\/uploads\\\/2020\\\/05\\\/Naissance-Lumie\\u0300re.m4a\",\"type\":\"audio\\\/mpeg\",\"title\":\"Naissance Lumie\\u0300re\",\"caption\":\"Naissance Lumi\\u00e8re\",\"description\":\"<i>Naissance Lumie\\u0300re<\\\/i>.\",\"meta\":{\"length_formatted\":\"1:32\"},\"image\":{\"src\":\"https:\\\/\\\/www.marienoelle-jarousseau.com\\\/fr\\\/wp-includes\\\/images\\\/media\\\/audio.svg\",\"width\":48,\"height\":64},\"thumb\":{\"src\":\"https:\\\/\\\/www.marienoelle-jarousseau.com\\\/fr\\\/wp-includes\\\/images\\\/media\\\/audio.svg\",\"width\":48,\"height\":64}},{\"src\":\"https:\\\/\\\/www.marienoelle-jarousseau.com\\\/fr\\\/wp-content\\\/uploads\\\/2020\\\/04\\\/Lescargot.m4a\",\"type\":\"audio\\\/mpeg\",\"title\":\"L'escargot\",\"caption\":\"\",\"description\":\"<i>L'escargot<\\\/i>.\",\"meta\":{\"length_formatted\":\"0:54\"},\"image\":{\"src\":\"https:\\\/\\\/www.marienoelle-jarousseau.com\\\/fr\\\/wp-includes\\\/images\\\/media\\\/audio.svg\",\"width\":48,\"height\":64},\"thumb\":{\"src\":\"https:\\\/\\\/www.marienoelle-jarousseau.com\\\/fr\\\/wp-includes\\\/images\\\/media\\\/audio.svg\",\"width\":48,\"height\":64}},{\"src\":\"https:\\\/\\\/www.marienoelle-jarousseau.com\\\/fr\\\/wp-content\\\/uploads\\\/2020\\\/04\\\/La-cime-de-larbre.m4a\",\"type\":\"audio\\\/mpeg\",\"title\":\"La cime de l'arbre\",\"caption\":\"\",\"description\":\"<i>La cime de l'arbre<\\\/i>.\",\"meta\":{\"length_formatted\":\"2:32\"},\"image\":{\"src\":\"https:\\\/\\\/www.marienoelle-jarousseau.com\\\/fr\\\/wp-includes\\\/images\\\/media\\\/audio.svg\",\"width\":48,\"height\":64},\"thumb\":{\"src\":\"https:\\\/\\\/www.marienoelle-jarousseau.com\\\/fr\\\/wp-includes\\\/images\\\/media\\\/audio.svg\",\"width\":48,\"height\":64}},{\"src\":\"https:\\\/\\\/www.marienoelle-jarousseau.com\\\/fr\\\/wp-content\\\/uploads\\\/2020\\\/04\\\/La-petite-be\\u0302te-verte.m4a\",\"type\":\"audio\\\/mpeg\",\"title\":\"La petite be\\u0302te verte\",\"caption\":\"\",\"description\":\"<i>La petite be\\u0302te verte<\\\/i>.\",\"meta\":{\"length_formatted\":\"7:58\"},\"image\":{\"src\":\"https:\\\/\\\/www.marienoelle-jarousseau.com\\\/fr\\\/wp-includes\\\/images\\\/media\\\/audio.svg\",\"width\":48,\"height\":64},\"thumb\":{\"src\":\"https:\\\/\\\/www.marienoelle-jarousseau.com\\\/fr\\\/wp-includes\\\/images\\\/media\\\/audio.svg\",\"width\":48,\"height\":64}},{\"src\":\"https:\\\/\\\/www.marienoelle-jarousseau.com\\\/fr\\\/wp-content\\\/uploads\\\/2020\\\/04\\\/Corne-dabondance-lumie\\u0300re.m4a\",\"type\":\"audio\\\/mpeg\",\"title\":\"Corne d'abondance Lumie\\u0300re\",\"caption\":\"\",\"description\":\"<i>Corne d'abondance lumie\\u0300re<\\\/i>.\",\"meta\":{\"length_formatted\":\"3:08\"},\"image\":{\"src\":\"https:\\\/\\\/www.marienoelle-jarousseau.com\\\/fr\\\/wp-includes\\\/images\\\/media\\\/audio.svg\",\"width\":48,\"height\":64},\"thumb\":{\"src\":\"https:\\\/\\\/www.marienoelle-jarousseau.com\\\/fr\\\/wp-includes\\\/images\\\/media\\\/audio.svg\",\"width\":48,\"height\":64}},{\"src\":\"https:\\\/\\\/www.marienoelle-jarousseau.com\\\/fr\\\/wp-content\\\/uploads\\\/2025\\\/11\\\/Naissance-d-un-ETRE.mp3\",\"type\":\"audio\\\/mpeg\",\"title\":\"Naissance d un E\\u0302TRE\",\"caption\":\"\",\"description\":\"<i>Naissance d un E\\u0302TRE<\\\/i>.\",\"meta\":{\"length_formatted\":\"3:12\"},\"image\":{\"src\":\"https:\\\/\\\/www.marienoelle-jarousseau.com\\\/fr\\\/wp-includes\\\/images\\\/media\\\/audio.svg\",\"width\":48,\"height\":64},\"thumb\":{\"src\":\"https:\\\/\\\/www.marienoelle-jarousseau.com\\\/fr\\\/wp-includes\\\/images\\\/media\\\/audio.svg\",\"width\":48,\"height\":64}}]}<\/script>\n<\/div>\n\t\t\n\t\n","protected":false},"excerpt":{"rendered":"<p>&nbsp; AUDIOS ICI sont rassembl\u00e9s sous forme de SON En partie les textes et po\u00e8mes qui m&rsquo;ont \u00e9t\u00e9 inspir\u00e9s\u00a0 Puisses-tu y d\u00e9couvrir moults merveilles Pour ta propre avanc\u00e9e sur ton chemin Namast\u00e9<\/p>\n","protected":false},"author":3,"featured_media":0,"parent":0,"menu_order":0,"comment_status":"closed","ping_status":"closed","template":"","meta":{"footnotes":""},"class_list":["post-4060","page","type-page","status-publish","hentry"],"yoast_head":"<!-- This site is optimized with the Yoast SEO plugin v27.4 - https:\/\/yoast.com\/product\/yoast-seo-wordpress\/ -->\n<title>AUDIOS seuls des Ecrits - Marie-No\u00eblle Jarousseau - Artiste<\/title>\n<meta name=\"robots\" content=\"index, follow, max-snippet:-1, max-image-preview:large, max-video-preview:-1\" \/>\n<link rel=\"canonical\" href=\"https:\/\/www.marienoelle-jarousseau.com\/fr\/audios-seuls-des-ecrits\/\" \/>\n<meta property=\"og:locale\" content=\"fr_FR\" \/>\n<meta property=\"og:type\" content=\"article\" \/>\n<meta property=\"og:title\" content=\"AUDIOS seuls des Ecrits - Marie-No\u00eblle Jarousseau - Artiste\" \/>\n<meta property=\"og:description\" content=\"&nbsp; AUDIOS ICI sont rassembl\u00e9s sous forme de SON En partie les textes et po\u00e8mes qui m&rsquo;ont \u00e9t\u00e9 inspir\u00e9s\u00a0 Puisses-tu y d\u00e9couvrir moults merveilles Pour ta propre avanc\u00e9e sur ton chemin Namast\u00e9\" \/>\n<meta property=\"og:url\" content=\"https:\/\/www.marienoelle-jarousseau.com\/fr\/audios-seuls-des-ecrits\/\" \/>\n<meta property=\"og:site_name\" content=\"Marie-No\u00eblle Jarousseau - Artiste\" \/>\n<meta property=\"article:modified_time\" content=\"2025-11-29T16:09:55+00:00\" \/>\n<meta name=\"twitter:card\" content=\"summary_large_image\" \/>\n<meta name=\"twitter:label1\" content=\"Dur\u00e9e de lecture estim\u00e9e\" \/>\n\t<meta name=\"twitter:data1\" content=\"1 minute\" \/>\n<script type=\"application\/ld+json\" class=\"yoast-schema-graph\">{\"@context\":\"https:\\\/\\\/schema.org\",\"@graph\":[{\"@type\":\"WebPage\",\"@id\":\"https:\\\/\\\/www.marienoelle-jarousseau.com\\\/fr\\\/audios-seuls-des-ecrits\\\/\",\"url\":\"https:\\\/\\\/www.marienoelle-jarousseau.com\\\/fr\\\/audios-seuls-des-ecrits\\\/\",\"name\":\"AUDIOS seuls des Ecrits - Marie-No\u00eblle Jarousseau - Artiste\",\"isPartOf\":{\"@id\":\"https:\\\/\\\/www.marienoelle-jarousseau.com\\\/fr\\\/#website\"},\"datePublished\":\"2025-10-30T13:07:28+00:00\",\"dateModified\":\"2025-11-29T16:09:55+00:00\",\"breadcrumb\":{\"@id\":\"https:\\\/\\\/www.marienoelle-jarousseau.com\\\/fr\\\/audios-seuls-des-ecrits\\\/#breadcrumb\"},\"inLanguage\":\"fr-FR\",\"potentialAction\":[{\"@type\":\"ReadAction\",\"target\":[\"https:\\\/\\\/www.marienoelle-jarousseau.com\\\/fr\\\/audios-seuls-des-ecrits\\\/\"]}]},{\"@type\":\"BreadcrumbList\",\"@id\":\"https:\\\/\\\/www.marienoelle-jarousseau.com\\\/fr\\\/audios-seuls-des-ecrits\\\/#breadcrumb\",\"itemListElement\":[{\"@type\":\"ListItem\",\"position\":1,\"name\":\"Accueil\",\"item\":\"https:\\\/\\\/www.marienoelle-jarousseau.com\\\/fr\\\/\"},{\"@type\":\"ListItem\",\"position\":2,\"name\":\"AUDIOS seuls des Ecrits\"}]},{\"@type\":\"WebSite\",\"@id\":\"https:\\\/\\\/www.marienoelle-jarousseau.com\\\/fr\\\/#website\",\"url\":\"https:\\\/\\\/www.marienoelle-jarousseau.com\\\/fr\\\/\",\"name\":\"Marie-No\u00eblle Jarousseau - Artiste\",\"description\":\"\",\"potentialAction\":[{\"@type\":\"SearchAction\",\"target\":{\"@type\":\"EntryPoint\",\"urlTemplate\":\"https:\\\/\\\/www.marienoelle-jarousseau.com\\\/fr\\\/?s={search_term_string}\"},\"query-input\":{\"@type\":\"PropertyValueSpecification\",\"valueRequired\":true,\"valueName\":\"search_term_string\"}}],\"inLanguage\":\"fr-FR\"}]}<\/script>\n<!-- \/ Yoast SEO plugin. -->","yoast_head_json":{"title":"AUDIOS seuls des Ecrits - Marie-No\u00eblle Jarousseau - Artiste","robots":{"index":"index","follow":"follow","max-snippet":"max-snippet:-1","max-image-preview":"max-image-preview:large","max-video-preview":"max-video-preview:-1"},"canonical":"https:\/\/www.marienoelle-jarousseau.com\/fr\/audios-seuls-des-ecrits\/","og_locale":"fr_FR","og_type":"article","og_title":"AUDIOS seuls des Ecrits - Marie-No\u00eblle Jarousseau - Artiste","og_description":"&nbsp; AUDIOS ICI sont rassembl\u00e9s sous forme de SON En partie les textes et po\u00e8mes qui m&rsquo;ont \u00e9t\u00e9 inspir\u00e9s\u00a0 Puisses-tu y d\u00e9couvrir moults merveilles Pour ta propre avanc\u00e9e sur ton chemin Namast\u00e9","og_url":"https:\/\/www.marienoelle-jarousseau.com\/fr\/audios-seuls-des-ecrits\/","og_site_name":"Marie-No\u00eblle Jarousseau - Artiste","article_modified_time":"2025-11-29T16:09:55+00:00","twitter_card":"summary_large_image","twitter_misc":{"Dur\u00e9e de lecture estim\u00e9e":"1 minute"},"schema":{"@context":"https:\/\/schema.org","@graph":[{"@type":"WebPage","@id":"https:\/\/www.marienoelle-jarousseau.com\/fr\/audios-seuls-des-ecrits\/","url":"https:\/\/www.marienoelle-jarousseau.com\/fr\/audios-seuls-des-ecrits\/","name":"AUDIOS seuls des Ecrits - Marie-No\u00eblle Jarousseau - Artiste","isPartOf":{"@id":"https:\/\/www.marienoelle-jarousseau.com\/fr\/#website"},"datePublished":"2025-10-30T13:07:28+00:00","dateModified":"2025-11-29T16:09:55+00:00","breadcrumb":{"@id":"https:\/\/www.marienoelle-jarousseau.com\/fr\/audios-seuls-des-ecrits\/#breadcrumb"},"inLanguage":"fr-FR","potentialAction":[{"@type":"ReadAction","target":["https:\/\/www.marienoelle-jarousseau.com\/fr\/audios-seuls-des-ecrits\/"]}]},{"@type":"BreadcrumbList","@id":"https:\/\/www.marienoelle-jarousseau.com\/fr\/audios-seuls-des-ecrits\/#breadcrumb","itemListElement":[{"@type":"ListItem","position":1,"name":"Accueil","item":"https:\/\/www.marienoelle-jarousseau.com\/fr\/"},{"@type":"ListItem","position":2,"name":"AUDIOS seuls des Ecrits"}]},{"@type":"WebSite","@id":"https:\/\/www.marienoelle-jarousseau.com\/fr\/#website","url":"https:\/\/www.marienoelle-jarousseau.com\/fr\/","name":"Marie-No\u00eblle Jarousseau - Artiste","description":"","potentialAction":[{"@type":"SearchAction","target":{"@type":"EntryPoint","urlTemplate":"https:\/\/www.marienoelle-jarousseau.com\/fr\/?s={search_term_string}"},"query-input":{"@type":"PropertyValueSpecification","valueRequired":true,"valueName":"search_term_string"}}],"inLanguage":"fr-FR"}]}},"_links":{"self":[{"href":"https:\/\/www.marienoelle-jarousseau.com\/fr\/wp-json\/wp\/v2\/pages\/4060","targetHints":{"allow":["GET"]}}],"collection":[{"href":"https:\/\/www.marienoelle-jarousseau.com\/fr\/wp-json\/wp\/v2\/pages"}],"about":[{"href":"https:\/\/www.marienoelle-jarousseau.com\/fr\/wp-json\/wp\/v2\/types\/page"}],"author":[{"embeddable":true,"href":"https:\/\/www.marienoelle-jarousseau.com\/fr\/wp-json\/wp\/v2\/users\/3"}],"replies":[{"embeddable":true,"href":"https:\/\/www.marienoelle-jarousseau.com\/fr\/wp-json\/wp\/v2\/comments?post=4060"}],"version-history":[{"count":8,"href":"https:\/\/www.marienoelle-jarousseau.com\/fr\/wp-json\/wp\/v2\/pages\/4060\/revisions"}],"predecessor-version":[{"id":4192,"href":"https:\/\/www.marienoelle-jarousseau.com\/fr\/wp-json\/wp\/v2\/pages\/4060\/revisions\/4192"}],"wp:attachment":[{"href":"https:\/\/www.marienoelle-jarousseau.com\/fr\/wp-json\/wp\/v2\/media?parent=4060"}],"curies":[{"name":"wp","href":"https:\/\/api.w.org\/{rel}","templated":true}]}}