{"id":488,"date":"2016-02-19T14:16:46","date_gmt":"2016-02-19T13:16:46","guid":{"rendered":"http:\/\/www.marienoelle-jarousseau.com\/fr\/?page_id=488"},"modified":"2023-03-01T17:01:25","modified_gmt":"2023-03-01T16:01:25","slug":"photographies-avec-ecrits","status":"publish","type":"page","link":"https:\/\/www.marienoelle-jarousseau.com\/fr\/galeries\/photographies-avec-ecrits\/","title":{"rendered":"Photographies &#038; Paroles"},"content":{"rendered":"\n\n\t<p>D\u00e9roule<\/p>\n\t<h2>PARC<\/h2>\n<h3>\u00a0Photographies \u00a0<br \/>\u00a0&amp; \u00a0<br \/>Paroles<\/h3>\n\t\t\t\t<img decoding=\"async\" src=\"http:\/\/www.marienoelle-jarousseau.com\/fr\/wp-content\/uploads\/2016\/02\/Ananas-flou-DSC00181.jpg\" alt=\"ananas flout\u00e9\" itemprop=\"image\" title=\"Web-ananas flou -DSC0018\" onerror=\"this.style.display='none'\"  \/>\n\t\tananas flout\u00e9\n\t\t\t\t<img decoding=\"async\" src=\"http:\/\/www.marienoelle-jarousseau.com\/fr\/wp-content\/uploads\/2016\/02\/Feuille-coquette-DSC0245-nikkon-original1.jpg\" alt=\"Feuille coquette\" itemprop=\"image\" title=\"Web-Feuille-coquette--DSC0245---nikkon-original\" onerror=\"this.style.display='none'\"  \/>\n\t\tFeuille coquette\n\t\t\t\t<img decoding=\"async\" src=\"http:\/\/www.marienoelle-jarousseau.com\/fr\/wp-content\/uploads\/2016\/02\/Fraise-a-deguster-DSC0187-nikkon-original.jpg\" alt=\"velours de fraise\" itemprop=\"image\" title=\"Web-Fraise-a-deguster--DSC0187---nikkon-original\" onerror=\"this.style.display='none'\"  \/>\n\t\tvelours de fraise\n\t\t\t\t<img decoding=\"async\" src=\"http:\/\/www.marienoelle-jarousseau.com\/fr\/wp-content\/uploads\/2016\/02\/Ondine-riviere-verte-et-cascade-blanche_DSC0083.jpg\" alt=\"ondine\" itemprop=\"image\" title=\"Web-Ondine--riviere-verte-et-cascade-blanche_DSC0083\" onerror=\"this.style.display='none'\"  \/>\n\t\tondine\n\t\t\t\t<img decoding=\"async\" src=\"http:\/\/www.marienoelle-jarousseau.com\/fr\/wp-content\/uploads\/2016\/02\/paysage-brun-reflet-feuilles-dans-leau_DSC0606.jpg\" alt=\"pause d\u00e9tente\" itemprop=\"image\" title=\"Web-paysage-brun-reflet-feuilles-dans-l'eau_DSC0606\" onerror=\"this.style.display='none'\"  \/>\n\t\tpause d\u00e9tente\n\t\t\t\t<img decoding=\"async\" src=\"http:\/\/www.marienoelle-jarousseau.com\/fr\/wp-content\/uploads\/2016\/02\/tige-ocre-enveloppe-fanee-_DSC0566-1.jpg\" alt=\"romance et \u00e9l\u00e9gance\" itemprop=\"image\" title=\"tige ocre enveloppe fanee _DSC0566-1\" onerror=\"this.style.display='none'\"  \/>\n\t\tromance et \u00e9l\u00e9gance\n\t\t\t\t<img decoding=\"async\" src=\"https:\/\/www.marienoelle-jarousseau.com\/fr\/wp-content\/plugins\/bb-plugin\/img\/pixel.png\" alt=\"\" itemprop=\"image\" onerror=\"this.style.display='none'\"  \/>\n\t\t\t\t<img decoding=\"async\" src=\"http:\/\/www.marienoelle-jarousseau.com\/fr\/wp-content\/uploads\/2020\/03\/babillage-entre-feuille-et-fourmi_WEB_DSC0003.jpg\" alt=\"babillage entre feuille et fourmi\" itemprop=\"image\" title=\"babillage entre feuille et fourmi_WEB_DSC0003\" onerror=\"this.style.display='none'\"  \/>\n\t\tbabillage entre feuille et fourmi\n\t\t\t\t<img decoding=\"async\" src=\"http:\/\/www.marienoelle-jarousseau.com\/fr\/wp-content\/uploads\/2016\/02\/Feu-et-Paroles-DSC03451.jpg\" alt=\"feu et paroles \" itemprop=\"image\" title=\"Web-feu et paroles --DSC0345\" onerror=\"this.style.display='none'\"  \/>\n\t\tfeu et paroles \n\t\t\t\t<img decoding=\"async\" src=\"http:\/\/www.marienoelle-jarousseau.com\/fr\/wp-content\/uploads\/2016\/02\/Flamand-rose-et-le-voile-DSC0139.jpg\" alt=\"franchis le voile\" itemprop=\"image\" title=\"Web-Flamand-rose-et-le-voile--DSC0139\" onerror=\"this.style.display='none'\"  \/>\n\t\tfranchis le voile\n\t\t\t\t<img decoding=\"async\" src=\"http:\/\/www.marienoelle-jarousseau.com\/fr\/wp-content\/uploads\/2016\/02\/Iguane-guadeloupe-DSC0904.jpg\" alt=\"pause silence\" itemprop=\"image\" title=\"Web-Iguane-guadeloupe--DSC0904\" onerror=\"this.style.display='none'\"  \/>\n\t\tpause silence\n\t\t\t\t<img decoding=\"async\" src=\"http:\/\/www.marienoelle-jarousseau.com\/fr\/wp-content\/uploads\/2016\/02\/Peches-en-grappe_DSC0048.jpg\" alt=\"p\u00eaches et cellules\" itemprop=\"image\" title=\"Web-Peches-en-grappe_DSC0048\" onerror=\"this.style.display='none'\"  \/>\n\t\tp\u00eaches et cellules\n\t\t\t\t<img decoding=\"async\" src=\"http:\/\/www.marienoelle-jarousseau.com\/fr\/wp-content\/uploads\/2016\/02\/Source-DSC_0038.jpg\" alt=\"source et origine\" itemprop=\"image\" title=\"Web-Source--DSC_0038\" onerror=\"this.style.display='none'\"  \/>\n\t\tsource et origine\n\t\t\t\t<img decoding=\"async\" src=\"http:\/\/www.marienoelle-jarousseau.com\/fr\/wp-content\/uploads\/2016\/02\/Rides-et-Reflets-M-serie-eau-DSC0149.jpg\" alt=\"rides et reflets\" itemprop=\"image\" title=\"Web-Rides-et-Reflets--M-serie-eau-DSC0149\" onerror=\"this.style.display='none'\"  \/>\n\t\trides et reflets\n\t\t\t\t<img loading=\"lazy\" decoding=\"async\" src=\"https:\/\/www.marienoelle-jarousseau.com\/fr\/wp-content\/uploads\/2021\/02\/La-mouche-et-lenvol-WEB-DSC0097.jpg\" alt=\"La mouche et l'envol\" itemprop=\"image\" height=\"902\" width=\"1200\" title=\"La-mouche-et-l'envol-WEB-DSC0097\" onerror=\"this.style.display='none'\"  \/>\n\t\tLa mouche et l&rsquo;envol\n\t\t\t<a href=\"https:\/\/www.marienoelle-jarousseau.com\/fr\/galeries\/\" target=\"_self\" role=\"button\" rel=\"noopener\">\n\t\t\t\t\t\tretour aux Galeries\n\t\t\t\t\t<\/a>\n\n","protected":false},"excerpt":{"rendered":"<p>D\u00e9roule PARC \u00a0Photographies \u00a0\u00a0&amp; \u00a0Paroles ananas flout\u00e9 Feuille coquette velours de fraise ondine pause d\u00e9tente romance et \u00e9l\u00e9gance babillage entre feuille et fourmi feu et paroles franchis le voile pause silence p\u00eaches et cellules source et origine rides et reflets La mouche et l&rsquo;envol retour aux Galeries<\/p>\n","protected":false},"author":3,"featured_media":0,"parent":18,"menu_order":8,"comment_status":"closed","ping_status":"closed","template":"","meta":{"footnotes":""},"class_list":["post-488","page","type-page","status-publish","hentry"],"yoast_head":"<!-- This site is optimized with the Yoast SEO plugin v27.4 - https:\/\/yoast.com\/product\/yoast-seo-wordpress\/ -->\n<title>Photographies &amp; Paroles - Marie-No\u00eblle Jarousseau - Artiste<\/title>\n<meta name=\"robots\" content=\"index, follow, max-snippet:-1, max-image-preview:large, max-video-preview:-1\" \/>\n<link rel=\"canonical\" href=\"https:\/\/www.marienoelle-jarousseau.com\/fr\/galeries\/photographies-avec-ecrits\/\" \/>\n<meta property=\"og:locale\" content=\"fr_FR\" \/>\n<meta property=\"og:type\" content=\"article\" \/>\n<meta property=\"og:title\" content=\"Photographies &amp; Paroles - Marie-No\u00eblle Jarousseau - Artiste\" \/>\n<meta property=\"og:description\" content=\"D\u00e9roule PARC \u00a0Photographies \u00a0\u00a0&amp; \u00a0Paroles ananas flout\u00e9 Feuille coquette velours de fraise ondine pause d\u00e9tente romance et \u00e9l\u00e9gance babillage entre feuille et fourmi feu et paroles franchis le voile pause silence p\u00eaches et cellules source et origine rides et reflets La mouche et l&rsquo;envol retour aux Galeries\" \/>\n<meta property=\"og:url\" content=\"https:\/\/www.marienoelle-jarousseau.com\/fr\/galeries\/photographies-avec-ecrits\/\" \/>\n<meta property=\"og:site_name\" content=\"Marie-No\u00eblle Jarousseau - Artiste\" \/>\n<meta property=\"article:modified_time\" content=\"2023-03-01T16:01:25+00:00\" \/>\n<meta property=\"og:image\" content=\"http:\/\/www.marienoelle-jarousseau.com\/fr\/wp-content\/uploads\/2016\/02\/Ananas-flou-DSC00181.jpg\" \/>\n<meta name=\"twitter:card\" content=\"summary_large_image\" \/>\n<meta name=\"twitter:label1\" content=\"Dur\u00e9e de lecture estim\u00e9e\" \/>\n\t<meta name=\"twitter:data1\" content=\"4 minutes\" \/>\n<script type=\"application\/ld+json\" class=\"yoast-schema-graph\">{\"@context\":\"https:\\\/\\\/schema.org\",\"@graph\":[{\"@type\":\"WebPage\",\"@id\":\"https:\\\/\\\/www.marienoelle-jarousseau.com\\\/fr\\\/galeries\\\/photographies-avec-ecrits\\\/\",\"url\":\"https:\\\/\\\/www.marienoelle-jarousseau.com\\\/fr\\\/galeries\\\/photographies-avec-ecrits\\\/\",\"name\":\"Photographies & Paroles - Marie-No\u00eblle Jarousseau - Artiste\",\"isPartOf\":{\"@id\":\"https:\\\/\\\/www.marienoelle-jarousseau.com\\\/fr\\\/#website\"},\"primaryImageOfPage\":{\"@id\":\"https:\\\/\\\/www.marienoelle-jarousseau.com\\\/fr\\\/galeries\\\/photographies-avec-ecrits\\\/#primaryimage\"},\"image\":{\"@id\":\"https:\\\/\\\/www.marienoelle-jarousseau.com\\\/fr\\\/galeries\\\/photographies-avec-ecrits\\\/#primaryimage\"},\"thumbnailUrl\":\"http:\\\/\\\/www.marienoelle-jarousseau.com\\\/fr\\\/wp-content\\\/uploads\\\/2016\\\/02\\\/Ananas-flou-DSC00181.jpg\",\"datePublished\":\"2016-02-19T13:16:46+00:00\",\"dateModified\":\"2023-03-01T16:01:25+00:00\",\"breadcrumb\":{\"@id\":\"https:\\\/\\\/www.marienoelle-jarousseau.com\\\/fr\\\/galeries\\\/photographies-avec-ecrits\\\/#breadcrumb\"},\"inLanguage\":\"fr-FR\",\"potentialAction\":[{\"@type\":\"ReadAction\",\"target\":[\"https:\\\/\\\/www.marienoelle-jarousseau.com\\\/fr\\\/galeries\\\/photographies-avec-ecrits\\\/\"]}]},{\"@type\":\"ImageObject\",\"inLanguage\":\"fr-FR\",\"@id\":\"https:\\\/\\\/www.marienoelle-jarousseau.com\\\/fr\\\/galeries\\\/photographies-avec-ecrits\\\/#primaryimage\",\"url\":\"http:\\\/\\\/www.marienoelle-jarousseau.com\\\/fr\\\/wp-content\\\/uploads\\\/2016\\\/02\\\/Ananas-flou-DSC00181.jpg\",\"contentUrl\":\"http:\\\/\\\/www.marienoelle-jarousseau.com\\\/fr\\\/wp-content\\\/uploads\\\/2016\\\/02\\\/Ananas-flou-DSC00181.jpg\"},{\"@type\":\"BreadcrumbList\",\"@id\":\"https:\\\/\\\/www.marienoelle-jarousseau.com\\\/fr\\\/galeries\\\/photographies-avec-ecrits\\\/#breadcrumb\",\"itemListElement\":[{\"@type\":\"ListItem\",\"position\":1,\"name\":\"Accueil\",\"item\":\"https:\\\/\\\/www.marienoelle-jarousseau.com\\\/fr\\\/\"},{\"@type\":\"ListItem\",\"position\":2,\"name\":\"GALERIES\",\"item\":\"https:\\\/\\\/www.marienoelle-jarousseau.com\\\/fr\\\/galeries\\\/\"},{\"@type\":\"ListItem\",\"position\":3,\"name\":\"Photographies &#038; Paroles\"}]},{\"@type\":\"WebSite\",\"@id\":\"https:\\\/\\\/www.marienoelle-jarousseau.com\\\/fr\\\/#website\",\"url\":\"https:\\\/\\\/www.marienoelle-jarousseau.com\\\/fr\\\/\",\"name\":\"Marie-No\u00eblle Jarousseau - Artiste\",\"description\":\"\",\"potentialAction\":[{\"@type\":\"SearchAction\",\"target\":{\"@type\":\"EntryPoint\",\"urlTemplate\":\"https:\\\/\\\/www.marienoelle-jarousseau.com\\\/fr\\\/?s={search_term_string}\"},\"query-input\":{\"@type\":\"PropertyValueSpecification\",\"valueRequired\":true,\"valueName\":\"search_term_string\"}}],\"inLanguage\":\"fr-FR\"}]}<\/script>\n<!-- \/ Yoast SEO plugin. -->","yoast_head_json":{"title":"Photographies & Paroles - Marie-No\u00eblle Jarousseau - Artiste","robots":{"index":"index","follow":"follow","max-snippet":"max-snippet:-1","max-image-preview":"max-image-preview:large","max-video-preview":"max-video-preview:-1"},"canonical":"https:\/\/www.marienoelle-jarousseau.com\/fr\/galeries\/photographies-avec-ecrits\/","og_locale":"fr_FR","og_type":"article","og_title":"Photographies & Paroles - Marie-No\u00eblle Jarousseau - Artiste","og_description":"D\u00e9roule PARC \u00a0Photographies \u00a0\u00a0&amp; \u00a0Paroles ananas flout\u00e9 Feuille coquette velours de fraise ondine pause d\u00e9tente romance et \u00e9l\u00e9gance babillage entre feuille et fourmi feu et paroles franchis le voile pause silence p\u00eaches et cellules source et origine rides et reflets La mouche et l&rsquo;envol retour aux Galeries","og_url":"https:\/\/www.marienoelle-jarousseau.com\/fr\/galeries\/photographies-avec-ecrits\/","og_site_name":"Marie-No\u00eblle Jarousseau - Artiste","article_modified_time":"2023-03-01T16:01:25+00:00","og_image":[{"url":"http:\/\/www.marienoelle-jarousseau.com\/fr\/wp-content\/uploads\/2016\/02\/Ananas-flou-DSC00181.jpg","type":"","width":"","height":""}],"twitter_card":"summary_large_image","twitter_misc":{"Dur\u00e9e de lecture estim\u00e9e":"4 minutes"},"schema":{"@context":"https:\/\/schema.org","@graph":[{"@type":"WebPage","@id":"https:\/\/www.marienoelle-jarousseau.com\/fr\/galeries\/photographies-avec-ecrits\/","url":"https:\/\/www.marienoelle-jarousseau.com\/fr\/galeries\/photographies-avec-ecrits\/","name":"Photographies & Paroles - Marie-No\u00eblle Jarousseau - Artiste","isPartOf":{"@id":"https:\/\/www.marienoelle-jarousseau.com\/fr\/#website"},"primaryImageOfPage":{"@id":"https:\/\/www.marienoelle-jarousseau.com\/fr\/galeries\/photographies-avec-ecrits\/#primaryimage"},"image":{"@id":"https:\/\/www.marienoelle-jarousseau.com\/fr\/galeries\/photographies-avec-ecrits\/#primaryimage"},"thumbnailUrl":"http:\/\/www.marienoelle-jarousseau.com\/fr\/wp-content\/uploads\/2016\/02\/Ananas-flou-DSC00181.jpg","datePublished":"2016-02-19T13:16:46+00:00","dateModified":"2023-03-01T16:01:25+00:00","breadcrumb":{"@id":"https:\/\/www.marienoelle-jarousseau.com\/fr\/galeries\/photographies-avec-ecrits\/#breadcrumb"},"inLanguage":"fr-FR","potentialAction":[{"@type":"ReadAction","target":["https:\/\/www.marienoelle-jarousseau.com\/fr\/galeries\/photographies-avec-ecrits\/"]}]},{"@type":"ImageObject","inLanguage":"fr-FR","@id":"https:\/\/www.marienoelle-jarousseau.com\/fr\/galeries\/photographies-avec-ecrits\/#primaryimage","url":"http:\/\/www.marienoelle-jarousseau.com\/fr\/wp-content\/uploads\/2016\/02\/Ananas-flou-DSC00181.jpg","contentUrl":"http:\/\/www.marienoelle-jarousseau.com\/fr\/wp-content\/uploads\/2016\/02\/Ananas-flou-DSC00181.jpg"},{"@type":"BreadcrumbList","@id":"https:\/\/www.marienoelle-jarousseau.com\/fr\/galeries\/photographies-avec-ecrits\/#breadcrumb","itemListElement":[{"@type":"ListItem","position":1,"name":"Accueil","item":"https:\/\/www.marienoelle-jarousseau.com\/fr\/"},{"@type":"ListItem","position":2,"name":"GALERIES","item":"https:\/\/www.marienoelle-jarousseau.com\/fr\/galeries\/"},{"@type":"ListItem","position":3,"name":"Photographies &#038; Paroles"}]},{"@type":"WebSite","@id":"https:\/\/www.marienoelle-jarousseau.com\/fr\/#website","url":"https:\/\/www.marienoelle-jarousseau.com\/fr\/","name":"Marie-No\u00eblle Jarousseau - Artiste","description":"","potentialAction":[{"@type":"SearchAction","target":{"@type":"EntryPoint","urlTemplate":"https:\/\/www.marienoelle-jarousseau.com\/fr\/?s={search_term_string}"},"query-input":{"@type":"PropertyValueSpecification","valueRequired":true,"valueName":"search_term_string"}}],"inLanguage":"fr-FR"}]}},"_links":{"self":[{"href":"https:\/\/www.marienoelle-jarousseau.com\/fr\/wp-json\/wp\/v2\/pages\/488","targetHints":{"allow":["GET"]}}],"collection":[{"href":"https:\/\/www.marienoelle-jarousseau.com\/fr\/wp-json\/wp\/v2\/pages"}],"about":[{"href":"https:\/\/www.marienoelle-jarousseau.com\/fr\/wp-json\/wp\/v2\/types\/page"}],"author":[{"embeddable":true,"href":"https:\/\/www.marienoelle-jarousseau.com\/fr\/wp-json\/wp\/v2\/users\/3"}],"replies":[{"embeddable":true,"href":"https:\/\/www.marienoelle-jarousseau.com\/fr\/wp-json\/wp\/v2\/comments?post=488"}],"version-history":[{"count":0,"href":"https:\/\/www.marienoelle-jarousseau.com\/fr\/wp-json\/wp\/v2\/pages\/488\/revisions"}],"up":[{"embeddable":true,"href":"https:\/\/www.marienoelle-jarousseau.com\/fr\/wp-json\/wp\/v2\/pages\/18"}],"wp:attachment":[{"href":"https:\/\/www.marienoelle-jarousseau.com\/fr\/wp-json\/wp\/v2\/media?parent=488"}],"curies":[{"name":"wp","href":"https:\/\/api.w.org\/{rel}","templated":true}]}}