{"id":51,"date":"2015-09-25T13:44:10","date_gmt":"2015-09-25T12:44:10","guid":{"rendered":"http:\/\/www.marienoelle-jarousseau.com\/fr\/?page_id=51"},"modified":"2025-11-24T17:19:59","modified_gmt":"2025-11-24T16:19:59","slug":"photos","status":"publish","type":"page","link":"https:\/\/www.marienoelle-jarousseau.com\/fr\/galeries\/photos\/","title":{"rendered":"Photographies"},"content":{"rendered":"\n\n\t<h3><em>Voyage dans \u00a0\u00a0\u00bb La Mati\u00e8re&#8230;\u00a0\u00bb<\/em><\/h3>\n\t<h2>PARC<\/h2>\n<h2>Photographies<\/h2>\n\t\t\t\t<img decoding=\"async\" src=\"https:\/\/www.marienoelle-jarousseau.com\/fr\/wp-content\/uploads\/2020\/04\/WEB-Inde\u0301finissable-IMG_5174-768x1024.jpg\" alt=\"L' Ind\u00e9finissable\n &quot;auto-portrait&quot;\" itemprop=\"image\" height=\"1024\" width=\"768\" title=\"WEB---Inde\u0301finissable---IMG_5174\" onerror=\"this.style.display='none'\" loading=\"lazy\" \/>\n\t\tL&rsquo; Ind\u00e9finissable\n \u00ab\u00a0auto-portrait\u00a0\u00bb\n\t\t\t\t<img decoding=\"async\" src=\"https:\/\/www.marienoelle-jarousseau.com\/fr\/wp-content\/uploads\/2023\/03\/tendre-pousse-sign-web.jpg\" alt=\"tendre pousse\" itemprop=\"image\" height=\"873\" width=\"1200\" title=\"tendre-pousse-sign-web\" onerror=\"this.style.display='none'\" loading=\"lazy\" \/>\n\t\ttendre pousse\n\t\t\t\t<img decoding=\"async\" src=\"https:\/\/www.marienoelle-jarousseau.com\/fr\/wp-content\/uploads\/2023\/03\/vortex-sign-web.jpg\" alt=\"vortex\" itemprop=\"image\" height=\"1641\" width=\"1200\" title=\"vortex-sign-web\" onerror=\"this.style.display='none'\" loading=\"lazy\" \/>\n\t\tvortex\n\t\t\t\t<img decoding=\"async\" src=\"https:\/\/www.marienoelle-jarousseau.com\/fr\/wp-content\/uploads\/2018\/10\/La-loche-WEB_DSC0086.jpg\" alt=\"tendre loche\" itemprop=\"image\" height=\"1761\" width=\"1921\" title=\"La loche-WEB_DSC0086\" onerror=\"this.style.display='none'\" loading=\"lazy\" \/>\n\t\ttendre loche\n\t\t\t\t<img decoding=\"async\" src=\"http:\/\/www.marienoelle-jarousseau.com\/fr\/wp-content\/uploads\/2015\/09\/aureole-verte-web-DSC06521.jpg\" alt=\"aur\u00e9ole verte\" itemprop=\"image\" title=\"aureole-verte-web-DSC06521\" onerror=\"this.style.display='none'\" loading=\"lazy\" \/>\n\t\taur\u00e9ole verte\n\t\t\t\t<img decoding=\"async\" src=\"http:\/\/www.marienoelle-jarousseau.com\/fr\/wp-content\/uploads\/2015\/09\/rose-rouge-loupe_web-DSC0054.jpg\" alt=\"rose rouge loupe\" itemprop=\"image\" title=\"rose-rouge-loupe_web-DSC0054\" onerror=\"this.style.display='none'\" loading=\"lazy\" \/>\n\t\trose rouge loupe\n\t\t\t\t<img decoding=\"async\" src=\"https:\/\/www.marienoelle-jarousseau.com\/fr\/wp-content\/uploads\/2022\/01\/expansion-retraction-sign-web-1.jpg\" alt=\"expansion - r\u00e9traction\" itemprop=\"image\" height=\"1029\" width=\"1200\" title=\"retrait-epansion-sign-web\" onerror=\"this.style.display='none'\" loading=\"lazy\" \/>\n\t\texpansion &#8211; r\u00e9traction\n\t\t\t\t<img decoding=\"async\" src=\"http:\/\/www.marienoelle-jarousseau.com\/fr\/wp-content\/uploads\/2015\/09\/Petit-ver-vert-et-doigt-_DSC0405.jpg\" alt=\"Petit  Ver  vert  \" itemprop=\"image\" title=\"Petit-ver-vert-et-doigt-_DSC0405\" onerror=\"this.style.display='none'\" loading=\"lazy\" \/>\n\t\tPetit  Ver  vert  \n\t\t\t\t<img decoding=\"async\" src=\"https:\/\/www.marienoelle-jarousseau.com\/fr\/wp-content\/uploads\/2021\/05\/corolles-offertes-web.jpg\" alt=\"corolles offertes\" itemprop=\"image\" height=\"803\" width=\"1200\" title=\"corolles-offertes-web\" onerror=\"this.style.display='none'\" loading=\"lazy\" \/>\n\t\tcorolles offertes\n\t\t\t\t<img decoding=\"async\" src=\"https:\/\/www.marienoelle-jarousseau.com\/fr\/wp-content\/uploads\/2020\/04\/antenne-web_DSC0248-1.jpg\" alt=\"Antenne\" itemprop=\"image\" height=\"1947\" width=\"1500\" title=\"antenne-web_DSC0248-1\" onerror=\"this.style.display='none'\" loading=\"lazy\" \/>\n\t\tAntenne\n\t\t\t\t<img decoding=\"async\" src=\"http:\/\/www.marienoelle-jarousseau.com\/fr\/wp-content\/uploads\/2015\/09\/rhododendron-rouge_web-DSC0098.jpg\" alt=\"rhododendron-rouge\" itemprop=\"image\" title=\"rhododendron-rouge_web-DSC0098\" onerror=\"this.style.display='none'\" loading=\"lazy\" \/>\n\t\trhododendron-rouge\n\t\t\t\t<img decoding=\"async\" src=\"http:\/\/www.marienoelle-jarousseau.com\/fr\/wp-content\/uploads\/2017\/03\/rose-perle\u0301e-web-4-.jpg\" alt=\"rose perl\u00e9e\" itemprop=\"image\" title=\"rose-perle\u0301e-web-4-\" onerror=\"this.style.display='none'\" loading=\"lazy\" \/>\n\t\trose perl\u00e9e\n\t\t\t\t<img decoding=\"async\" src=\"http:\/\/www.marienoelle-jarousseau.com\/fr\/wp-content\/uploads\/2015\/09\/Hanneton-et-bois_DSC0509-1-1-similitude.jpg\" alt=\"Hanneton  et  Bois\" itemprop=\"image\" title=\"Hanneton-et-bois_DSC0509-1-1-similitude\" onerror=\"this.style.display='none'\" loading=\"lazy\" \/>\n\t\tHanneton  et  Bois\n\t\t\t\t<img decoding=\"async\" src=\"http:\/\/www.marienoelle-jarousseau.com\/fr\/wp-content\/uploads\/2015\/09\/Tete-de-bois-et-fleurs.jpg\" alt=\"T\u00eate  de  bois  et  Fleurs\" itemprop=\"image\" title=\"Tete-de-bois-et-fleurs\" onerror=\"this.style.display='none'\" loading=\"lazy\" \/>\n\t\tT\u00eate  de  bois  et  Fleurs\n\t\t\t<a href=\"https:\/\/www.marienoelle-jarousseau.com\/fr\/galeries\/\" target=\"_self\">\n\t\t\t\t\t\tretour aux Galeries\n\t\t\t\t\t<\/a>\n\n","protected":false},"excerpt":{"rendered":"<p>Voyage dans \u00a0\u00a0\u00bb La Mati\u00e8re&#8230;\u00a0\u00bb PARC Photographies L&rsquo; Ind\u00e9finissable \u00ab\u00a0auto-portrait\u00a0\u00bb tendre pousse vortex tendre loche aur\u00e9ole verte rose rouge loupe expansion &#8211; r\u00e9traction Petit Ver vert corolles offertes Antenne rhododendron-rouge rose perl\u00e9e Hanneton et Bois T\u00eate de bois et Fleurs retour aux Galeries<\/p>\n","protected":false},"author":2,"featured_media":0,"parent":18,"menu_order":6,"comment_status":"closed","ping_status":"closed","template":"","meta":{"footnotes":""},"class_list":["post-51","page","type-page","status-publish","hentry"],"yoast_head":"<!-- This site is optimized with the Yoast SEO plugin v27.4 - https:\/\/yoast.com\/product\/yoast-seo-wordpress\/ -->\n<title>Photographies - Marie-No\u00eblle Jarousseau - Artiste<\/title>\n<meta name=\"robots\" content=\"index, follow, max-snippet:-1, max-image-preview:large, max-video-preview:-1\" \/>\n<link rel=\"canonical\" href=\"https:\/\/www.marienoelle-jarousseau.com\/fr\/galeries\/photos\/\" \/>\n<meta property=\"og:locale\" content=\"fr_FR\" \/>\n<meta property=\"og:type\" content=\"article\" \/>\n<meta property=\"og:title\" content=\"Photographies - Marie-No\u00eblle Jarousseau - Artiste\" \/>\n<meta property=\"og:description\" content=\"Voyage dans \u00a0\u00a0\u00bb La Mati\u00e8re&#8230;\u00a0\u00bb PARC Photographies L&rsquo; Ind\u00e9finissable \u00ab\u00a0auto-portrait\u00a0\u00bb tendre pousse vortex tendre loche aur\u00e9ole verte rose rouge loupe expansion &#8211; r\u00e9traction Petit Ver vert corolles offertes Antenne rhododendron-rouge rose perl\u00e9e Hanneton et Bois T\u00eate de bois et Fleurs retour aux Galeries\" \/>\n<meta property=\"og:url\" content=\"https:\/\/www.marienoelle-jarousseau.com\/fr\/galeries\/photos\/\" \/>\n<meta property=\"og:site_name\" content=\"Marie-No\u00eblle Jarousseau - Artiste\" \/>\n<meta property=\"article:modified_time\" content=\"2025-11-24T16:19:59+00:00\" \/>\n<meta property=\"og:image\" content=\"https:\/\/www.marienoelle-jarousseau.com\/fr\/wp-content\/uploads\/2023\/03\/tendre-pousse-sign-web.jpg\" \/>\n<meta name=\"twitter:card\" content=\"summary_large_image\" \/>\n<script type=\"application\/ld+json\" class=\"yoast-schema-graph\">{\"@context\":\"https:\\\/\\\/schema.org\",\"@graph\":[{\"@type\":\"WebPage\",\"@id\":\"https:\\\/\\\/www.marienoelle-jarousseau.com\\\/fr\\\/galeries\\\/photos\\\/\",\"url\":\"https:\\\/\\\/www.marienoelle-jarousseau.com\\\/fr\\\/galeries\\\/photos\\\/\",\"name\":\"Photographies - Marie-No\u00eblle Jarousseau - Artiste\",\"isPartOf\":{\"@id\":\"https:\\\/\\\/www.marienoelle-jarousseau.com\\\/fr\\\/#website\"},\"primaryImageOfPage\":{\"@id\":\"https:\\\/\\\/www.marienoelle-jarousseau.com\\\/fr\\\/galeries\\\/photos\\\/#primaryimage\"},\"image\":{\"@id\":\"https:\\\/\\\/www.marienoelle-jarousseau.com\\\/fr\\\/galeries\\\/photos\\\/#primaryimage\"},\"thumbnailUrl\":\"https:\\\/\\\/www.marienoelle-jarousseau.com\\\/fr\\\/wp-content\\\/uploads\\\/2023\\\/03\\\/tendre-pousse-sign-web.jpg\",\"datePublished\":\"2015-09-25T12:44:10+00:00\",\"dateModified\":\"2025-11-24T16:19:59+00:00\",\"breadcrumb\":{\"@id\":\"https:\\\/\\\/www.marienoelle-jarousseau.com\\\/fr\\\/galeries\\\/photos\\\/#breadcrumb\"},\"inLanguage\":\"fr-FR\",\"potentialAction\":[{\"@type\":\"ReadAction\",\"target\":[\"https:\\\/\\\/www.marienoelle-jarousseau.com\\\/fr\\\/galeries\\\/photos\\\/\"]}]},{\"@type\":\"ImageObject\",\"inLanguage\":\"fr-FR\",\"@id\":\"https:\\\/\\\/www.marienoelle-jarousseau.com\\\/fr\\\/galeries\\\/photos\\\/#primaryimage\",\"url\":\"https:\\\/\\\/www.marienoelle-jarousseau.com\\\/fr\\\/wp-content\\\/uploads\\\/2023\\\/03\\\/tendre-pousse-sign-web.jpg\",\"contentUrl\":\"https:\\\/\\\/www.marienoelle-jarousseau.com\\\/fr\\\/wp-content\\\/uploads\\\/2023\\\/03\\\/tendre-pousse-sign-web.jpg\",\"width\":1200,\"height\":873,\"caption\":\"tendre pousse\"},{\"@type\":\"BreadcrumbList\",\"@id\":\"https:\\\/\\\/www.marienoelle-jarousseau.com\\\/fr\\\/galeries\\\/photos\\\/#breadcrumb\",\"itemListElement\":[{\"@type\":\"ListItem\",\"position\":1,\"name\":\"Accueil\",\"item\":\"https:\\\/\\\/www.marienoelle-jarousseau.com\\\/fr\\\/\"},{\"@type\":\"ListItem\",\"position\":2,\"name\":\"GALERIES\",\"item\":\"https:\\\/\\\/www.marienoelle-jarousseau.com\\\/fr\\\/galeries\\\/\"},{\"@type\":\"ListItem\",\"position\":3,\"name\":\"Photographies\"}]},{\"@type\":\"WebSite\",\"@id\":\"https:\\\/\\\/www.marienoelle-jarousseau.com\\\/fr\\\/#website\",\"url\":\"https:\\\/\\\/www.marienoelle-jarousseau.com\\\/fr\\\/\",\"name\":\"Marie-No\u00eblle Jarousseau - Artiste\",\"description\":\"\",\"potentialAction\":[{\"@type\":\"SearchAction\",\"target\":{\"@type\":\"EntryPoint\",\"urlTemplate\":\"https:\\\/\\\/www.marienoelle-jarousseau.com\\\/fr\\\/?s={search_term_string}\"},\"query-input\":{\"@type\":\"PropertyValueSpecification\",\"valueRequired\":true,\"valueName\":\"search_term_string\"}}],\"inLanguage\":\"fr-FR\"}]}<\/script>\n<!-- \/ Yoast SEO plugin. -->","yoast_head_json":{"title":"Photographies - Marie-No\u00eblle Jarousseau - Artiste","robots":{"index":"index","follow":"follow","max-snippet":"max-snippet:-1","max-image-preview":"max-image-preview:large","max-video-preview":"max-video-preview:-1"},"canonical":"https:\/\/www.marienoelle-jarousseau.com\/fr\/galeries\/photos\/","og_locale":"fr_FR","og_type":"article","og_title":"Photographies - Marie-No\u00eblle Jarousseau - Artiste","og_description":"Voyage dans \u00a0\u00a0\u00bb La Mati\u00e8re&#8230;\u00a0\u00bb PARC Photographies L&rsquo; Ind\u00e9finissable \u00ab\u00a0auto-portrait\u00a0\u00bb tendre pousse vortex tendre loche aur\u00e9ole verte rose rouge loupe expansion &#8211; r\u00e9traction Petit Ver vert corolles offertes Antenne rhododendron-rouge rose perl\u00e9e Hanneton et Bois T\u00eate de bois et Fleurs retour aux Galeries","og_url":"https:\/\/www.marienoelle-jarousseau.com\/fr\/galeries\/photos\/","og_site_name":"Marie-No\u00eblle Jarousseau - Artiste","article_modified_time":"2025-11-24T16:19:59+00:00","og_image":[{"url":"https:\/\/www.marienoelle-jarousseau.com\/fr\/wp-content\/uploads\/2023\/03\/tendre-pousse-sign-web.jpg","type":"","width":"","height":""}],"twitter_card":"summary_large_image","schema":{"@context":"https:\/\/schema.org","@graph":[{"@type":"WebPage","@id":"https:\/\/www.marienoelle-jarousseau.com\/fr\/galeries\/photos\/","url":"https:\/\/www.marienoelle-jarousseau.com\/fr\/galeries\/photos\/","name":"Photographies - Marie-No\u00eblle Jarousseau - Artiste","isPartOf":{"@id":"https:\/\/www.marienoelle-jarousseau.com\/fr\/#website"},"primaryImageOfPage":{"@id":"https:\/\/www.marienoelle-jarousseau.com\/fr\/galeries\/photos\/#primaryimage"},"image":{"@id":"https:\/\/www.marienoelle-jarousseau.com\/fr\/galeries\/photos\/#primaryimage"},"thumbnailUrl":"https:\/\/www.marienoelle-jarousseau.com\/fr\/wp-content\/uploads\/2023\/03\/tendre-pousse-sign-web.jpg","datePublished":"2015-09-25T12:44:10+00:00","dateModified":"2025-11-24T16:19:59+00:00","breadcrumb":{"@id":"https:\/\/www.marienoelle-jarousseau.com\/fr\/galeries\/photos\/#breadcrumb"},"inLanguage":"fr-FR","potentialAction":[{"@type":"ReadAction","target":["https:\/\/www.marienoelle-jarousseau.com\/fr\/galeries\/photos\/"]}]},{"@type":"ImageObject","inLanguage":"fr-FR","@id":"https:\/\/www.marienoelle-jarousseau.com\/fr\/galeries\/photos\/#primaryimage","url":"https:\/\/www.marienoelle-jarousseau.com\/fr\/wp-content\/uploads\/2023\/03\/tendre-pousse-sign-web.jpg","contentUrl":"https:\/\/www.marienoelle-jarousseau.com\/fr\/wp-content\/uploads\/2023\/03\/tendre-pousse-sign-web.jpg","width":1200,"height":873,"caption":"tendre pousse"},{"@type":"BreadcrumbList","@id":"https:\/\/www.marienoelle-jarousseau.com\/fr\/galeries\/photos\/#breadcrumb","itemListElement":[{"@type":"ListItem","position":1,"name":"Accueil","item":"https:\/\/www.marienoelle-jarousseau.com\/fr\/"},{"@type":"ListItem","position":2,"name":"GALERIES","item":"https:\/\/www.marienoelle-jarousseau.com\/fr\/galeries\/"},{"@type":"ListItem","position":3,"name":"Photographies"}]},{"@type":"WebSite","@id":"https:\/\/www.marienoelle-jarousseau.com\/fr\/#website","url":"https:\/\/www.marienoelle-jarousseau.com\/fr\/","name":"Marie-No\u00eblle Jarousseau - Artiste","description":"","potentialAction":[{"@type":"SearchAction","target":{"@type":"EntryPoint","urlTemplate":"https:\/\/www.marienoelle-jarousseau.com\/fr\/?s={search_term_string}"},"query-input":{"@type":"PropertyValueSpecification","valueRequired":true,"valueName":"search_term_string"}}],"inLanguage":"fr-FR"}]}},"_links":{"self":[{"href":"https:\/\/www.marienoelle-jarousseau.com\/fr\/wp-json\/wp\/v2\/pages\/51","targetHints":{"allow":["GET"]}}],"collection":[{"href":"https:\/\/www.marienoelle-jarousseau.com\/fr\/wp-json\/wp\/v2\/pages"}],"about":[{"href":"https:\/\/www.marienoelle-jarousseau.com\/fr\/wp-json\/wp\/v2\/types\/page"}],"author":[{"embeddable":true,"href":"https:\/\/www.marienoelle-jarousseau.com\/fr\/wp-json\/wp\/v2\/users\/2"}],"replies":[{"embeddable":true,"href":"https:\/\/www.marienoelle-jarousseau.com\/fr\/wp-json\/wp\/v2\/comments?post=51"}],"version-history":[{"count":1,"href":"https:\/\/www.marienoelle-jarousseau.com\/fr\/wp-json\/wp\/v2\/pages\/51\/revisions"}],"predecessor-version":[{"id":4147,"href":"https:\/\/www.marienoelle-jarousseau.com\/fr\/wp-json\/wp\/v2\/pages\/51\/revisions\/4147"}],"up":[{"embeddable":true,"href":"https:\/\/www.marienoelle-jarousseau.com\/fr\/wp-json\/wp\/v2\/pages\/18"}],"wp:attachment":[{"href":"https:\/\/www.marienoelle-jarousseau.com\/fr\/wp-json\/wp\/v2\/media?parent=51"}],"curies":[{"name":"wp","href":"https:\/\/api.w.org\/{rel}","templated":true}]}}