{"id":7,"date":"2015-09-23T16:44:33","date_gmt":"2015-09-23T15:44:33","guid":{"rendered":"http:\/\/www.marienoelle-jarousseau.com\/fr\/?page_id=7"},"modified":"2026-04-20T15:56:41","modified_gmt":"2026-04-20T14:56:41","slug":"accueil","status":"publish","type":"page","link":"https:\/\/www.marienoelle-jarousseau.com\/fr\/","title":{"rendered":"Accueil"},"content":{"rendered":"\n\n\t<p><em>Ce site n&rsquo;est pas conventionnel. <\/em><em>Il prend la forme d&rsquo;un\u00a0 livre num\u00e9rique offert <\/em><em>ou chaque menu est un chapitre<\/em><\/p>\n<h1>\n\t\t\tLa \u00ab\u00a0Pr\u00e9sence\u00a0\u00bb qui  m&rsquo;expanse&#8230;\t<\/h1>\n\t<em>Une Vibration&#8230;&#8230;.<br \/>\nUne Vision&#8230;&#8230;..<br \/>\n<\/em><em>Parmi tant d&rsquo;autres&#8230;<\/em>\n\t\u00ab\u00a0La TIENNE est UNIQUE&#8230;\u00a0\u00bb<br \/>\nElles sont : Toutes Uniques<br \/>\nD&rsquo;Egales Valeurs<br \/>\nQuelqu&rsquo;en soit La Manifestation\n\t<blockquote><em>Laisse-toi plonger dans ce cocon ouat\u00e9<br \/>\n<\/em><em>Laisse-toi vibrer au fil des d\u00e9couvertes<br \/>\n<\/em><em>Vois ce qui r\u00e9sonne en toi <\/em><em>au travers&#8230;<br \/>\ndes couleurs, des images, des sons, des formes&#8230;<\/em><\/blockquote>\n<em>Toi seul sait EN TOI<br \/>\nCe qui \u00ab\u00a0sonne juste\u00a0\u00bb POUR TOI<\/em>\n\t<h5><strong>Une \u00a0Voyageuse \u00a0Intemporelle<br \/>\n<\/strong><em>\u00ab\u00a0Jouer\u00a0 \u00e0 \u00a0Vibrer \u00a0La \u00a0Vie\u00a0\u00bb<br \/>\n<\/em><\/h5>\n<h5><strong>Tout ce qui est ICI<br \/>\nEst ce que je suis venue apprendre de la Vie<\/strong><\/h5>\n<figure itemscope itemtype=\"https:\/\/schema.org\/ImageObject\">\n\t\t\t\t<img decoding=\"async\" src=\"https:\/\/www.marienoelle-jarousseau.com\/fr\/wp-content\/uploads\/2015\/09\/WEB-auto-portrait-intime-1-dune-voyageuse-intemporelle1-252x300.jpg\" alt=\"Une  Voyageuse  Intemporelle\" height=\"300\" width=\"252\" title=\"Une  Voyageuse  Intemporelle\" onerror=\"this.style.display='none'\" loading=\"lazy\" \/>\n\t<\/figure>\n\t<h4><i>\u00a0\u00bb\u00a0Vois&#8230; Ressens&#8230;<br \/>La Beaut\u00e9 est partout, en tout<\/i><i>\u00a0\u00ab\u00a0<\/i><\/h4>\n<h3>\n\t\t\tOEUVRES VIBRATOIRES issues de \u00ab\u00a0LA  PRESENCE\u00a0\u00bb  \u00ab\u00a0INTELLIGENCE VIVE de TOUT CE QUI EST\u00a0\u00bb \u00ab\u00a0CONSCIENCE d&rsquo;AMOUR PUR\u00a0\u00bb  \t<\/h3>\n\t\t<h3><a href=\"http:\/\/www.marienoelle-jarousseau.com\/fr\/galeries\/contemporains\/\" target=\"_blank\"  rel=\"noopener\">Vibrations Abstraites<\/a><\/h3><figure itemscope itemtype=\"https:\/\/schema.org\/ImageObject\">\n\t\t\t\t<a href=\"http:\/\/www.marienoelle-jarousseau.com\/fr\/galeries\/contemporains\/\"  target=\"_blank\" rel=\"noopener\"  itemprop=\"url\">\n\t\t\t\t<img decoding=\"async\" src=\"https:\/\/www.marienoelle-jarousseau.com\/fr\/wp-content\/uploads\/bb-plugin\/cache\/171-PLENITUDE-1-huile-sur-toile-tournante-60-x-81-fevrier-mars-2008-e1588953608923-circle-cb78e34cd6acd0390fbad3e96ee1e5c0-.jpg\" alt=\"Pl\u00e9nitude\" height=\"370\" width=\"500\" title=\"171 - PLENITUDE 1 - huile sur toile tournante - 60 x 81 - fevrier-mars 2008\" onerror=\"this.style.display='none'\" loading=\"lazy\" \/>\n\t\t\t\t<\/a>\n\t<\/figure>\n<p><b><i>\u00a0 <\/i><\/b><\/p>\n<p><strong><i>Emerg\u00e9es \u00a0sur \u00a0Toiles \u00a0Tournantes&#8230;<\/i><\/strong><\/p>\n<a href=\"http:\/\/www.marienoelle-jarousseau.com\/fr\/galeries\/contemporains\/\"  rel=\"noopener\"  target=\"_blank\">Commence ta visite&#8230;<\/a>\t\n\t\t<h3><a href=\"http:\/\/www.marienoelle-jarousseau.com\/fr\/galeries\/figuratifs\/\" target=\"_blank\"  rel=\"noopener\">Vibrations Figuratives<\/a><\/h3><figure itemscope itemtype=\"https:\/\/schema.org\/ImageObject\">\n\t\t\t\t<a href=\"http:\/\/www.marienoelle-jarousseau.com\/fr\/galeries\/figuratifs\/\"  target=\"_blank\" rel=\"noopener\"  itemprop=\"url\">\n\t\t\t\t<img decoding=\"async\" src=\"https:\/\/www.marienoelle-jarousseau.com\/fr\/wp-content\/uploads\/bb-plugin\/cache\/112-LE-TEMPS...une-degustation-27-x-41-fev-2004-sign-web-circle-d571f5af3e7f344dbcf5b5dc367de529-.jpg\" alt=\"Le temps... Une d\u00e9gustation ?\" height=\"1050\" width=\"692\" title=\"112-LE-TEMPS...une-de\u0301gustation-27-x-41-fe\u0301v-2004-sign-web\" onerror=\"this.style.display='none'\" loading=\"lazy\" \/>\n\t\t\t\t<\/a>\n\t<\/figure>\n<p><strong><em>Emerg\u00e9es \u00a0sur \u00a0Toiles \u00a0Fixes&#8230;<\/em><\/strong><\/p>\n<a href=\"http:\/\/www.marienoelle-jarousseau.com\/fr\/galeries\/figuratifs\/\"  rel=\"noopener\"  target=\"_blank\">Commence ta visite&#8230;<\/a>\t\n\t\t<h3><a href=\"http:\/\/www.marienoelle-jarousseau.com\/fr\/galeries\/dessins\/\" target=\"_blank\"  rel=\"noopener\">Vibrations Abstraites<\/a><\/h3><figure itemscope itemtype=\"https:\/\/schema.org\/ImageObject\">\n\t\t\t\t<a href=\"http:\/\/www.marienoelle-jarousseau.com\/fr\/galeries\/dessins\/\"  target=\"_blank\" rel=\"noopener\"  itemprop=\"url\">\n\t\t\t\t<img decoding=\"async\" src=\"https:\/\/www.marienoelle-jarousseau.com\/fr\/wp-content\/uploads\/bb-plugin\/cache\/175-Web-PAPILLON-INTERGALACTIQUE-1-sign-crayon-pastel-30-x-42-oct-2008--circle-d9cfa514382ea722b343ad19c325c5e0-.jpg\" alt=\"175 - PAPILLON INTERGALACTIQUE -crayon &amp; pastel 30 x 42\" title=\"175-Web-PAPILLON-INTERGALACTIQUE---1-sign-crayon-&amp;-pastel--30-x-42---oct-2008-\" onerror=\"this.style.display='none'\" loading=\"lazy\" \/>\n\t\t\t\t<\/a>\n\t<\/figure>\n<p>\u00a0<\/p>\n<p><em><strong>Emerg\u00e9es \u00a0sous \u00a0forme \u00a0de \u00a0Dessins \u00a0 Tournants&#8230;<\/strong><\/em><\/p>\n<a href=\"http:\/\/www.marienoelle-jarousseau.com\/fr\/galeries\/dessins\/\"  rel=\"noopener\"  target=\"_blank\">Commence ta visite&#8230;<\/a>\t\n\t\t<h3><a href=\"http:\/\/www.marienoelle-jarousseau.com\/fr\/galeries\/dessins-fixes\/\" target=\"_blank\"  rel=\"noopener\">Vibrations Figuratives<\/a><\/h3><figure itemscope itemtype=\"https:\/\/schema.org\/ImageObject\">\n\t\t\t\t<a href=\"http:\/\/www.marienoelle-jarousseau.com\/fr\/galeries\/dessins-fixes\/\"  target=\"_blank\" rel=\"noopener\"  itemprop=\"url\">\n\t\t\t\t<img decoding=\"async\" src=\"https:\/\/www.marienoelle-jarousseau.com\/fr\/wp-content\/uploads\/bb-plugin\/cache\/120-LE-MIROIR-nb-sign-web-circle-ad9b36fc035040cd382d02b9b36de658-.jpg\" alt=\"Le miroir\" height=\"2120\" width=\"1092\" title=\"120---LE-MIROIR-n&amp;b-sign-web\" onerror=\"this.style.display='none'\" loading=\"lazy\" \/>\n\t\t\t\t<\/a>\n\t<\/figure>\n<p><em><strong>Emerg\u00e9es \u00a0sous \u00a0forme \u00a0de \u00a0Dessins \u00a0Fixes&#8230;<\/strong><\/em><\/p>\n<a href=\"http:\/\/www.marienoelle-jarousseau.com\/fr\/galeries\/dessins-fixes\/\"  rel=\"noopener\"  target=\"_blank\">Commence ta visite&#8230;<\/a>\t\n\t\t<h3><a href=\"http:\/\/www.marienoelle-jarousseau.com\/fr\/ecriture-menu\/\" target=\"_self\">Vibrations sous forme d&rsquo;Ecriture<\/a><\/h3><figure itemscope itemtype=\"https:\/\/schema.org\/ImageObject\">\n\t\t\t\t<a href=\"http:\/\/www.marienoelle-jarousseau.com\/fr\/ecriture-menu\/\"  target=\"_self\" itemprop=\"url\">\n\t\t\t\t<img decoding=\"async\" src=\"https:\/\/www.marienoelle-jarousseau.com\/fr\/wp-content\/uploads\/bb-plugin\/cache\/STYLO-1-circle-b6e8445b1ea128234c6c8175614cf21c-.jpeg\" alt=\"- connection directe-\" height=\"182\" width=\"276\" title=\"STYLO-1\" onerror=\"this.style.display='none'\" loading=\"lazy\" \/>\n\t\t\t\t<\/a>\n\t<\/figure>\n<strong><em>Instantan\u00e9it\u00e9&#8230;<br \/>\nTextes &#8211;\u00a0Po\u00e8mes &#8211; Citations&#8230;<\/em><\/strong>\n<a href=\"http:\/\/www.marienoelle-jarousseau.com\/fr\/ecriture-menu\/\"  target=\"_self\">Commence la lecture&#8230;<\/a>\t\n\t\t<h3><a href=\"https:\/\/www.marienoelle-jarousseau.com\/fr\/audios-seuls-des-ecrits\/\" target=\"_self\">Vibrations sous forme de SON   Audios<\/a><\/h3><figure itemscope itemtype=\"https:\/\/schema.org\/ImageObject\">\n\t\t\t\t<a href=\"https:\/\/www.marienoelle-jarousseau.com\/fr\/audios-seuls-des-ecrits\/\"  target=\"_self\" itemprop=\"url\">\n\t\t\t\t<img decoding=\"async\" src=\"https:\/\/www.marienoelle-jarousseau.com\/fr\/wp-content\/uploads\/bb-plugin\/cache\/Capture-d'\u00e9cran-2015-09-23-\u00e0-17.58.40-circle-4d3eb1649c58ea8b0fddd63c2b4bf08c-.png\" alt=\"le monde qui me traverse\" height=\"432\" width=\"667\" title=\"le monde qui me traverse\" onerror=\"this.style.display='none'\" loading=\"lazy\" \/>\n\t\t\t\t<\/a>\n\t<\/figure>\n<strong><em>Instantan\u00e9it\u00e9&#8230;<br \/>\nTextes &#8211;\u00a0Po\u00e8mes &#8211; Citations&#8230;<\/em><\/strong>\n<a href=\"https:\/\/www.marienoelle-jarousseau.com\/fr\/audios-seuls-des-ecrits\/\"  target=\"_self\">Commence l&rsquo;\u00e9coute&#8230;<\/a>\t\n\t\t<h3><a href=\"http:\/\/www.marienoelle-jarousseau.com\/fr\/galeries\/photos\/\" target=\"_self\">Vibrations Abstraites et Figuratives<\/a><\/h3><figure itemscope itemtype=\"https:\/\/schema.org\/ImageObject\">\n\t\t\t\t<a href=\"http:\/\/www.marienoelle-jarousseau.com\/fr\/galeries\/photos\/\"  target=\"_self\" itemprop=\"url\">\n\t\t\t\t<img decoding=\"async\" src=\"https:\/\/www.marienoelle-jarousseau.com\/fr\/wp-content\/uploads\/bb-plugin\/cache\/53-Perles-bruissantes-avril-2006-300x201-circle-7018285b02c97b22ed0048ea70b6ee89-.jpg\" alt=\"L' Escargot\" height=\"201\" width=\"300\" title=\"53 -Perles bruissantes - avril 2006\" onerror=\"this.style.display='none'\" loading=\"lazy\" \/>\n\t\t\t\t<\/a>\n\t<\/figure>\n<strong><em>Flash d&rsquo;instantan\u00e9it\u00e9<br \/>\nPhotographies \u00a0 Tournantes \u00a0et \u00a0Fixes<\/em><\/strong>\n<a href=\"http:\/\/www.marienoelle-jarousseau.com\/fr\/galeries\/photos\/\"  target=\"_self\">Commence ta visite&#8230;<\/a>\t\n\t<h1>\u00a0\u00bb EN\u00a0 LIVE \u00a0\u00bb\u00a0 et\u00a0 LUDIQUE<\/h1>\n\t<blockquote>\n<p><em><a href=\"https:\/\/www.marienoelle-jarousseau.com\/fr\/wp-content\/uploads\/2020\/04\/98-LA-JUSTICE-web-accueil-huile-sur-toile-89-x-116-fevrier-a\u0300-octobre-2002.jpg\">LE\u00a0 \u00a0JEU<\/a><\/em><\/p>\n<p>&nbsp;<\/p>\n<em>Changer\u00a0 son\u00a0 regard\u00a0 de\u00a0 \u00a0l&rsquo; Ext\u00e9rieur&#8230;&#8230;&#8230;..\u00a0 vers\u00a0 l&rsquo; Int\u00e9rieur :\u00a0 \u00e0\u00a0 re-d\u00e9couvrir&#8230;.<br \/>\n<\/em><em>Pouvoir\u00a0 se\u00a0 re-trouver&#8230;\u00a0 et&#8230;.\u00a0 \u00ab\u00a0retoucher\u00a0\u00bb \u00e0&#8230;&#8230;&#8230;\u00a0 \u00a0Sa\u00a0 Propre\u00a0 Libert\u00e9\u00a0 Naturelle &#8230;<\/em>\n<em>Permettre\u00a0 \u00e0\u00a0 Chacun\u00a0 de\u00a0 sortir&#8230; de\u00a0 ses\u00a0 enfermements\u00a0 int\u00e9rieurs\u00a0 et\u00a0 ext\u00e9rieurs<\/em><br \/>\n<em>Pour\u00a0 laisser\u00a0 Emerger&#8230;.. Toute\u00a0 la\u00a0 Beaut\u00e9\u00a0 de\u00a0 Son\u00a0 Paysage\u00a0 Int\u00e9rieur<\/em><\/blockquote>\n<figure itemscope itemtype=\"https:\/\/schema.org\/ImageObject\">\n\t\t\t\t<img decoding=\"async\" src=\"https:\/\/www.marienoelle-jarousseau.com\/fr\/wp-content\/uploads\/2020\/04\/98-LA-JUSTICE-web-huile-sur-toile-89-x-116-fev-a-oct-2002-300x220.jpg\" alt=\"La Justice du 3e mill\u00e9naire\" height=\"220\" width=\"300\" title=\"98 - LA JUSTICE web-huile sur toile- 89 x 116 -fev a oct 2002\" onerror=\"this.style.display='none'\" loading=\"lazy\" \/>\n\t<\/figure>\n\t<p>______________________<\/p>\n<br \/>\nAmuse-toi \u00e0 faire tourner des toiles !<br \/>\n__________\n<p><em>Choisis une toile qui t&rsquo;attire&#8230; Clique dessus&#8230;\u00a0 Fais-la tourner au gr\u00e9 de ton ressenti&#8230; laisse \u00e9merger<\/em><\/p>\n<p>TA\u00a0 \u00a0PROPRE\u00a0 \u00a0VISION<\/p>\n<p><em>Lis&#8230; ou \u00e9coute&#8230; les po\u00e8mes ou textes&#8230; et&#8230; laisse-toi bercer par Ta Sensation<\/em><\/p>\n<p>Elle\u00a0 \u00a0est\u00a0 \u00a0UNIQUE<\/p>\n\t<p>Si tu veux agrandir ton champ de vision<\/p>\n<p>Regarde ce site de pr\u00e9f\u00e9rence sur un ordinateur portable<\/p>\n<p>Tu en verras chaque page dans toute la dimension de sa cr\u00e9ation<\/p>\n<p>&nbsp;<\/p>\n<p>Je te souhaite un voyage fort agr\u00e9able&#8230;<\/p>\n<p>&nbsp;<\/p>\n<p>Avec toute ma tendresse<\/p>\n<p>Marie-No\u00eblle<\/p>\n\t\t<h3><a href=\"mailto:marie.jarousseau@wanadoo.fr\" target=\"_self\">Partage<\/a><\/h3><figure itemscope itemtype=\"https:\/\/schema.org\/ImageObject\">\n\t\t\t\t<a href=\"mailto:marie.jarousseau@wanadoo.fr\"  target=\"_self\" itemprop=\"url\">\n\t\t\t\t<img decoding=\"async\" src=\"https:\/\/www.marienoelle-jarousseau.com\/fr\/wp-content\/uploads\/bb-plugin\/cache\/livre-dor--150x150-circle-acc4122c182b1ec961de3c7fcc559bc4-.jpeg\" alt=\"livre d'or\" height=\"150\" width=\"150\" title=\"livre d'or\" onerror=\"this.style.display='none'\" loading=\"lazy\" \/>\n\t\t\t\t<\/a>\n\t<\/figure>\nJoue avec moi&#8230;<br \/>\nPartage-moi ton propre ressenti&#8230;\n<a href=\"mailto:marie.jarousseau@wanadoo.fr\"  target=\"_self\">Ton Ressenti&#8230;<\/a>\t\n\t<p>\u00a0\u00a0<\/p>\n<p>\u00a0<\/p>\n<p>\u00a0<\/p>\n<p>\u00a0<\/p>\n<p>\u00a0<\/p>\n<p>Marie-No\u00eblle \u00a0JAROUSSEAU<\/p>\n<p>3 square des Bouleaux<br \/>44240 &#8211; LA \u00a0CHAPELLE \u00a0S\/ERDRE &#8211;\u00a0FRANCE<br \/>\u00a033 (0) 6 23 75 58 01<br \/>Sur Rendez-Vous<\/p>\n\t\t<h3><a href=\"https:\/\/www.marienoelle-jarousseau.com\/fr\/contacts\/\" target=\"_self\">Exposition permanente<\/a><\/h3><figure itemscope itemtype=\"https:\/\/schema.org\/ImageObject\">\n\t\t\t\t<a href=\"https:\/\/www.marienoelle-jarousseau.com\/fr\/contacts\/\"  target=\"_self\" itemprop=\"url\">\n\t\t\t\t<img decoding=\"async\" src=\"https:\/\/www.marienoelle-jarousseau.com\/fr\/wp-content\/uploads\/bb-plugin\/cache\/DSC_0034-original-de-la-photo-datelier-300x201-circle-7557f22ab8a15be5a368f44c44a047e9-.jpg\" alt=\"Web-DSC_0034--original-de-la-photo-d'atelier\" height=\"201\" width=\"300\" title=\"Web-DSC_0034--original-de-la-photo-d'atelier\" onerror=\"this.style.display='none'\" loading=\"lazy\" \/>\n\t\t\t\t<\/a>\n\t<\/figure>\n<a href=\"https:\/\/www.marienoelle-jarousseau.com\/fr\/contacts\/\"  target=\"_self\">Contact<\/a>\t\n\t<br \/>\n<em>J&rsquo; exprime\u00a0 ma\u00a0 profonde reconnaissance\u00a0 \u00e0<\/em><em>\u00a0 tous\u00a0 ceux\u00a0 qui choisissent\u00a0 de\u00a0 \u00a0m&rsquo; encourager<\/em>\n<p><em>De\u00a0 quelque\u00a0 mani\u00e8re\u00a0 que\u00a0 ce\u00a0 soit\u00a0 :<\/em><\/p>\n<em>Au\u00a0 travers\u00a0 d&rsquo; un\u00a0 T\u00e9moignage,\u00a0 d&rsquo; une Rencontre,\u00a0 d&rsquo; un\u00a0 Prix<\/em><br \/>\n<em>Ou\u00a0 tout\u00a0 simplement\u00a0 de\u00a0 Coeur\u00a0 \u00e0\u00a0 Coeur<\/em>\n<p><em>A\u00a0 poursuivre\u00a0 Mon\u00a0 Chemin\u00a0 dans\u00a0 cette voie\u00a0 que\u00a0 j&rsquo; ai\u00a0 choisie :<\/em><\/p>\n<p><\/p>\n<p>RECEVOIR\u00a0 &#8211;\u00a0 TRANSMETTRE<\/p>\n<p>RAYONNER<\/p>\n<p>TOUTE\u00a0 LA\u00a0 BEAUTE\u00a0 DE\u00a0 NOTRE\u00a0 BEL UNIVERS<\/p>\n<p>&nbsp;<\/p>\n<p><em>Merci\u00a0 du\u00a0 fond\u00a0 de\u00a0 mon\u00a0 Coeur\u00a0 \u00e0\u00a0 Tous<\/em><\/p>\n<h3>\n\t\t\tNAMASTE\t<\/h3>\n\n","protected":false},"excerpt":{"rendered":"<p>Ce site n&rsquo;est pas conventionnel. Il prend la forme d&rsquo;un\u00a0 livre num\u00e9rique offert ou chaque menu est un chapitre La \u00ab\u00a0Pr\u00e9sence\u00a0\u00bb qui m&rsquo;expanse&#8230; Une Vibration&#8230;&#8230;. Une Vision&#8230;&#8230;.. Parmi tant d&rsquo;autres&#8230; \u00ab\u00a0La TIENNE est UNIQUE&#8230;\u00a0\u00bb Elles sont : Toutes Uniques D&rsquo;Egales Valeurs Quelqu&rsquo;en soit La Manifestation Laisse-toi plonger dans ce cocon ouat\u00e9 Laisse-toi vibrer au fil&hellip;<\/p>\n","protected":false},"author":1,"featured_media":0,"parent":0,"menu_order":1,"comment_status":"closed","ping_status":"closed","template":"","meta":{"footnotes":""},"class_list":["post-7","page","type-page","status-publish","hentry"],"yoast_head":"<!-- This site is optimized with the Yoast SEO plugin v27.5 - https:\/\/yoast.com\/product\/yoast-seo-wordpress\/ -->\n<title>Marie-No\u00eblle Jarousseau - Artiste<\/title>\n<meta name=\"description\" content=\"D\u00e9couvrez les oeuvres de Marie-No\u00eblle Jarousseau - Artiste\" \/>\n<meta name=\"robots\" content=\"index, follow, max-snippet:-1, max-image-preview:large, max-video-preview:-1\" \/>\n<link rel=\"canonical\" href=\"https:\/\/www.marienoelle-jarousseau.com\/fr\/\" \/>\n<meta property=\"og:locale\" content=\"fr_FR\" \/>\n<meta property=\"og:type\" content=\"article\" \/>\n<meta property=\"og:title\" content=\"Marie-No\u00eblle Jarousseau - Artiste\" \/>\n<meta property=\"og:description\" content=\"D\u00e9couvrez les oeuvres de Marie-No\u00eblle Jarousseau - Artiste\" \/>\n<meta property=\"og:url\" content=\"https:\/\/www.marienoelle-jarousseau.com\/fr\/\" \/>\n<meta property=\"og:site_name\" content=\"Marie-No\u00eblle Jarousseau - Artiste\" \/>\n<meta property=\"article:modified_time\" content=\"2026-04-20T14:56:41+00:00\" \/>\n<meta property=\"og:image\" content=\"https:\/\/www.marienoelle-jarousseau.com\/fr\/wp-content\/uploads\/2015\/09\/WEB-auto-portrait-intime-1-dune-voyageuse-intemporelle1-252x300.jpg\" \/>\n<meta name=\"twitter:card\" content=\"summary_large_image\" \/>\n<meta name=\"twitter:label1\" content=\"Dur\u00e9e de lecture estim\u00e9e\" \/>\n\t<meta name=\"twitter:data1\" content=\"2 minutes\" \/>\n<script type=\"application\/ld+json\" class=\"yoast-schema-graph\">{\"@context\":\"https:\\\/\\\/schema.org\",\"@graph\":[{\"@type\":\"WebPage\",\"@id\":\"https:\\\/\\\/www.marienoelle-jarousseau.com\\\/fr\\\/\",\"url\":\"https:\\\/\\\/www.marienoelle-jarousseau.com\\\/fr\\\/\",\"name\":\"Marie-No\u00eblle Jarousseau - Artiste\",\"isPartOf\":{\"@id\":\"https:\\\/\\\/www.marienoelle-jarousseau.com\\\/fr\\\/#website\"},\"primaryImageOfPage\":{\"@id\":\"https:\\\/\\\/www.marienoelle-jarousseau.com\\\/fr\\\/#primaryimage\"},\"image\":{\"@id\":\"https:\\\/\\\/www.marienoelle-jarousseau.com\\\/fr\\\/#primaryimage\"},\"thumbnailUrl\":\"https:\\\/\\\/www.marienoelle-jarousseau.com\\\/fr\\\/wp-content\\\/uploads\\\/2015\\\/09\\\/WEB-auto-portrait-intime-1-dune-voyageuse-intemporelle1-252x300.jpg\",\"datePublished\":\"2015-09-23T15:44:33+00:00\",\"dateModified\":\"2026-04-20T14:56:41+00:00\",\"description\":\"D\u00e9couvrez les oeuvres de Marie-No\u00eblle Jarousseau - Artiste\",\"breadcrumb\":{\"@id\":\"https:\\\/\\\/www.marienoelle-jarousseau.com\\\/fr\\\/#breadcrumb\"},\"inLanguage\":\"fr-FR\",\"potentialAction\":[{\"@type\":\"ReadAction\",\"target\":[\"https:\\\/\\\/www.marienoelle-jarousseau.com\\\/fr\\\/\"]}]},{\"@type\":\"ImageObject\",\"inLanguage\":\"fr-FR\",\"@id\":\"https:\\\/\\\/www.marienoelle-jarousseau.com\\\/fr\\\/#primaryimage\",\"url\":\"https:\\\/\\\/www.marienoelle-jarousseau.com\\\/fr\\\/wp-content\\\/uploads\\\/2015\\\/09\\\/WEB-auto-portrait-intime-1-dune-voyageuse-intemporelle1.jpg\",\"contentUrl\":\"https:\\\/\\\/www.marienoelle-jarousseau.com\\\/fr\\\/wp-content\\\/uploads\\\/2015\\\/09\\\/WEB-auto-portrait-intime-1-dune-voyageuse-intemporelle1.jpg\",\"width\":1200,\"height\":1427},{\"@type\":\"BreadcrumbList\",\"@id\":\"https:\\\/\\\/www.marienoelle-jarousseau.com\\\/fr\\\/#breadcrumb\",\"itemListElement\":[{\"@type\":\"ListItem\",\"position\":1,\"name\":\"Accueil\",\"item\":\"https:\\\/\\\/www.marienoelle-jarousseau.com\\\/fr\\\/\"},{\"@type\":\"ListItem\",\"position\":2,\"name\":\"Accueil\"}]},{\"@type\":\"WebSite\",\"@id\":\"https:\\\/\\\/www.marienoelle-jarousseau.com\\\/fr\\\/#website\",\"url\":\"https:\\\/\\\/www.marienoelle-jarousseau.com\\\/fr\\\/\",\"name\":\"Marie-No\u00eblle Jarousseau - Artiste\",\"description\":\"\",\"potentialAction\":[{\"@type\":\"SearchAction\",\"target\":{\"@type\":\"EntryPoint\",\"urlTemplate\":\"https:\\\/\\\/www.marienoelle-jarousseau.com\\\/fr\\\/?s={search_term_string}\"},\"query-input\":{\"@type\":\"PropertyValueSpecification\",\"valueRequired\":true,\"valueName\":\"search_term_string\"}}],\"inLanguage\":\"fr-FR\"}]}<\/script>\n<!-- \/ Yoast SEO plugin. -->","yoast_head_json":{"title":"Marie-No\u00eblle Jarousseau - Artiste","description":"D\u00e9couvrez les oeuvres de Marie-No\u00eblle Jarousseau - Artiste","robots":{"index":"index","follow":"follow","max-snippet":"max-snippet:-1","max-image-preview":"max-image-preview:large","max-video-preview":"max-video-preview:-1"},"canonical":"https:\/\/www.marienoelle-jarousseau.com\/fr\/","og_locale":"fr_FR","og_type":"article","og_title":"Marie-No\u00eblle Jarousseau - Artiste","og_description":"D\u00e9couvrez les oeuvres de Marie-No\u00eblle Jarousseau - Artiste","og_url":"https:\/\/www.marienoelle-jarousseau.com\/fr\/","og_site_name":"Marie-No\u00eblle Jarousseau - Artiste","article_modified_time":"2026-04-20T14:56:41+00:00","og_image":[{"url":"https:\/\/www.marienoelle-jarousseau.com\/fr\/wp-content\/uploads\/2015\/09\/WEB-auto-portrait-intime-1-dune-voyageuse-intemporelle1-252x300.jpg","type":"","width":"","height":""}],"twitter_card":"summary_large_image","twitter_misc":{"Dur\u00e9e de lecture estim\u00e9e":"2 minutes"},"schema":{"@context":"https:\/\/schema.org","@graph":[{"@type":"WebPage","@id":"https:\/\/www.marienoelle-jarousseau.com\/fr\/","url":"https:\/\/www.marienoelle-jarousseau.com\/fr\/","name":"Marie-No\u00eblle Jarousseau - Artiste","isPartOf":{"@id":"https:\/\/www.marienoelle-jarousseau.com\/fr\/#website"},"primaryImageOfPage":{"@id":"https:\/\/www.marienoelle-jarousseau.com\/fr\/#primaryimage"},"image":{"@id":"https:\/\/www.marienoelle-jarousseau.com\/fr\/#primaryimage"},"thumbnailUrl":"https:\/\/www.marienoelle-jarousseau.com\/fr\/wp-content\/uploads\/2015\/09\/WEB-auto-portrait-intime-1-dune-voyageuse-intemporelle1-252x300.jpg","datePublished":"2015-09-23T15:44:33+00:00","dateModified":"2026-04-20T14:56:41+00:00","description":"D\u00e9couvrez les oeuvres de Marie-No\u00eblle Jarousseau - Artiste","breadcrumb":{"@id":"https:\/\/www.marienoelle-jarousseau.com\/fr\/#breadcrumb"},"inLanguage":"fr-FR","potentialAction":[{"@type":"ReadAction","target":["https:\/\/www.marienoelle-jarousseau.com\/fr\/"]}]},{"@type":"ImageObject","inLanguage":"fr-FR","@id":"https:\/\/www.marienoelle-jarousseau.com\/fr\/#primaryimage","url":"https:\/\/www.marienoelle-jarousseau.com\/fr\/wp-content\/uploads\/2015\/09\/WEB-auto-portrait-intime-1-dune-voyageuse-intemporelle1.jpg","contentUrl":"https:\/\/www.marienoelle-jarousseau.com\/fr\/wp-content\/uploads\/2015\/09\/WEB-auto-portrait-intime-1-dune-voyageuse-intemporelle1.jpg","width":1200,"height":1427},{"@type":"BreadcrumbList","@id":"https:\/\/www.marienoelle-jarousseau.com\/fr\/#breadcrumb","itemListElement":[{"@type":"ListItem","position":1,"name":"Accueil","item":"https:\/\/www.marienoelle-jarousseau.com\/fr\/"},{"@type":"ListItem","position":2,"name":"Accueil"}]},{"@type":"WebSite","@id":"https:\/\/www.marienoelle-jarousseau.com\/fr\/#website","url":"https:\/\/www.marienoelle-jarousseau.com\/fr\/","name":"Marie-No\u00eblle Jarousseau - Artiste","description":"","potentialAction":[{"@type":"SearchAction","target":{"@type":"EntryPoint","urlTemplate":"https:\/\/www.marienoelle-jarousseau.com\/fr\/?s={search_term_string}"},"query-input":{"@type":"PropertyValueSpecification","valueRequired":true,"valueName":"search_term_string"}}],"inLanguage":"fr-FR"}]}},"_links":{"self":[{"href":"https:\/\/www.marienoelle-jarousseau.com\/fr\/wp-json\/wp\/v2\/pages\/7","targetHints":{"allow":["GET"]}}],"collection":[{"href":"https:\/\/www.marienoelle-jarousseau.com\/fr\/wp-json\/wp\/v2\/pages"}],"about":[{"href":"https:\/\/www.marienoelle-jarousseau.com\/fr\/wp-json\/wp\/v2\/types\/page"}],"author":[{"embeddable":true,"href":"https:\/\/www.marienoelle-jarousseau.com\/fr\/wp-json\/wp\/v2\/users\/1"}],"replies":[{"embeddable":true,"href":"https:\/\/www.marienoelle-jarousseau.com\/fr\/wp-json\/wp\/v2\/comments?post=7"}],"version-history":[{"count":12,"href":"https:\/\/www.marienoelle-jarousseau.com\/fr\/wp-json\/wp\/v2\/pages\/7\/revisions"}],"predecessor-version":[{"id":4217,"href":"https:\/\/www.marienoelle-jarousseau.com\/fr\/wp-json\/wp\/v2\/pages\/7\/revisions\/4217"}],"wp:attachment":[{"href":"https:\/\/www.marienoelle-jarousseau.com\/fr\/wp-json\/wp\/v2\/media?parent=7"}],"curies":[{"name":"wp","href":"https:\/\/api.w.org\/{rel}","templated":true}]}}