{"id":963,"date":"2016-06-16T12:08:53","date_gmt":"2016-06-16T11:08:53","guid":{"rendered":"http:\/\/www.marienoelle-jarousseau.com\/fr\/?page_id=963"},"modified":"2025-11-07T09:46:23","modified_gmt":"2025-11-07T08:46:23","slug":"vue-densemble","status":"publish","type":"page","link":"https:\/\/www.marienoelle-jarousseau.com\/fr\/vue-densemble\/","title":{"rendered":"Un aper\u00e7u&#8230; de Mon Voyage"},"content":{"rendered":"\n<h3>\n\t\t\tPARCOURS  FEERIQUE\t<\/h3>\n\tOUPS !&#8230;<br \/>\n<em>Certaines R\u00e9alisations\u00a0ont \u00e9t\u00e9 photographi\u00e9es en leur temps avec des appareils manquant de haute d\u00e9finition.<br \/>\n<\/em><em>Celles-ci\u00a0n&rsquo;\u00e9tant plus en ma possession, je ne peux donc pas te les pr\u00e9senter dans tout l&rsquo;\u00e9clat de leur authenticit\u00e9<\/em>\n<p>__________<\/p>\n\t<em>T<\/em><em>a<\/em><em>bleaux, Dessins, Photographies&#8230; tout ici n&rsquo;est que la manifestation de ma Parcelle d&rsquo;Univers&#8230;Elle est immens\u00e9ment vari\u00e9e<\/em><em>&#8230;<br \/>\n Oseras-tu t&rsquo;y perdre ?&#8230; pour mieux \u00a0Te retrouver dans ta Propre Identit\u00e9 ?.. Sens ce qui t&rsquo;attire&#8230; ce qui t&rsquo;appelle&#8230; ou pas&#8230;<br \/>\n Je te souhaite un merveilleux voyage dans ce d\u00e9dale de cr\u00e9ations<\/em>\n<p>_________________________________________________________________<\/p>\n<p>&nbsp;<\/p>\n\t<p>&nbsp;<\/p>\nClic sur l&rsquo;image<br \/>\npour la voir en grand\n\tRetrouve ces cr\u00e9ations<br \/>\nen d\u00e9tail, par cat\u00e9gorie<br \/>\n sous GALERIES dans le MENU\n\t<em>Je t&#8217;emm\u00e8ne<br \/>\nen voyage&#8230;<\/em>\n<p><em>\u00a0<\/em><\/p>\n<p>Imagine&#8230;<\/p>\n<p>Rien<\/p>\n<p>Un espace vide<\/p>\n<p>&nbsp;<\/p>\n<em>L\u00e0 o\u00f9<br \/>\nTous les possibles<br \/>\nSont possibles<\/em>\n<p>&nbsp;<\/p>\n<p>Puis<\/p>\n<p>Ressens &#8230;!<\/p>\nComme<br \/>\nQuelque chose&#8230;.\n<p>Une impression&#8230;<\/p>\n<p>C&rsquo;est l\u00e9ger<\/p>\n<p>Volatile<\/p>\n<p>Non d\u00e9finissable<\/p>\nTu ressens pourtant<br \/>\nTant de choses&#8230;\n<p>&nbsp;<\/p>\n<p>C&rsquo;est plein<\/p>\nMais encore&#8230;<br \/>\nSi rien\nEt pourtant&#8230;<br \/>\nSi intense\n<p>&nbsp;<\/p>\n<p>Un concept\u00a0?<\/p>\n<p>Une id\u00e9e\u00a0?<\/p>\n<p>Oh, non<\/p>\n<p>A peine<\/p>\nC&rsquo;est encore<br \/>\nBien trop t\u00f4t\n<p>Et bien trop ind\u00e9fini<\/p>\n<p>Mais&#8230;<\/p>\n<p>C&rsquo; EST\u00a0 \u00a0L\u00e0 !<\/p>\n<p>\u00c7\u00e0&#8230;\u00a0 \u00a0 Existe !<\/p>\n<p>\u00c7\u00e0&#8230;\u00a0 \u00a0 VIT !<\/p>\n<p>&nbsp;<\/p>\n<p>Humain<\/p>\nNous pourrions<br \/>\nLa nommer&#8230;&#8230;&#8230;..\n<br \/>\n\u00ab\u00a0N\u00e9buleuse\u00a0\u00bb\u00a0?\n<p>&nbsp;<\/p>\n<em>Continue<br \/>\nTon voyage&#8230;&#8230;&#8230;&#8230;<\/em>\n<p>&nbsp;<\/p>\n<p>De cette \u00ab\u00a0<strong>N\u00e9buleuse<\/strong>\u00a0\u00bb<\/p>\n<p>Petit \u00e0 petit<\/p>\n<p>Tu ressens partir<\/p>\n<p>Comme des odeurs<\/p>\nDes vapeurs<br \/>\nDe quelque chose&#8230;&#8230;.\n<p>Tu SENS\u00a0?<\/p>\n<p>&nbsp;<\/p>\n<p>Attentif<\/p>\nTu laisses grandir<br \/>\nCette vision\nTu te laisses<br \/>\nTotalement\nImpr\u00e9gner<br \/>\nDe cette sensation\nQuelque chose<br \/>\nSe densifie\nEncore, encore<br \/>\nEt encore&#8230;&#8230;.\n<p>&nbsp;<\/p>\nComme un mot<br \/>\nSur les bords<br \/>\nDes l\u00e8vres\nSe cherche<br \/>\nSans pouvoir<br \/>\nSe prononcer\n<p>&nbsp;<\/p>\n<p>Ressens la densit\u00e9<\/p>\n<p>Pleine, enti\u00e8re&#8230;&#8230;..<\/p>\n<p>&nbsp;<\/p>\n<p>Ressens l&rsquo;intensit\u00e9<\/p>\nVibrante,<br \/>\nEnvo\u00fbtante&#8230;&#8230;..\n<p>&nbsp;<\/p>\n<p>Un concept\u00a0?<\/p>\n<p>Une id\u00e9e\u00a0?<\/p>\n<p>Plus s\u00fbrement :<\/p>\nC&rsquo;est pr\u00eat<br \/>\n\u00e0 ETRE exprim\u00e9\n<p>&nbsp;<\/p>\n<p>Humain<\/p>\nNous pourrions<br \/>\nLa nommer&#8230;\n<br \/>\n\u00ab\u00a0Pr\u00e9sence\u00a0\u00bb\u00a0?\n<h1><em>Continue <\/em><em>l<\/em><em>e voyage&#8230;\n<\/em><\/h1>\n<p>De cette \u00ab\u00a0<strong>Pr\u00e9sence<\/strong>\u00a0\u00bb<\/p>\n<p>Que VOIS-TU\u00a0?<\/p>\n<p>&nbsp;<\/p>\nComme des milliards<br \/>\nDe filaments\n<p>Ors, Argents, brillants, Resplendissants<\/p>\nQui descendent<br \/>\nDoucement\nQui montent<br \/>\nVoluptueusement\nQui s&rsquo;\u00e9talent<br \/>\nMajestueusement\n<p>&nbsp;<\/p>\nUne toile<br \/>\nD&rsquo;or et d&rsquo;argent\n<p>Se tisse concr\u00e8tement<\/p>\n<p>&nbsp;<\/p>\n<p>Mais<\/p>\n<p>Que se passe-t-il\u00a0?<\/p>\n<p>Que t&rsquo;arrive-t-il\u00a0?<\/p>\n<p>&nbsp;<\/p>\n<p>Ton regard \u00e9tonn\u00e9<\/p>\n<p>Est maintenant dirig\u00e9<\/p>\nEt irr\u00e9m\u00e9diablement<br \/>\nAttir\u00e9&#8230;\n<p>Vers un filament dor\u00e9<\/p>\n<p>&nbsp;<\/p>\nTout ton <strong>ETRE<\/strong><br \/>\nEst aspir\u00e9\nVers le bout<br \/>\nDe ce filament\n<p>&nbsp;<\/p>\n<p>Emerveill\u00e9<\/p>\nTu te laisses<br \/>\nDoucement emport\u00e9\n<p>Vers cette destin\u00e9e\u00a0:<\/p>\n<h2>\u00ab\u00a0&#8230;Etoile &#8230; \u00a0!\u00a0\u00bb<\/h2>\n<p>&nbsp;<\/p>\n<p>Une Etoile&#8230;<\/p>\n<p>Scintillante, vibrante, Resplendissante<\/p>\nVient d&rsquo;\u00e9clore<br \/>\nTendrement\n<p>Au bout de ce filament<\/p>\n<p>&nbsp;<\/p>\n<p>Regarde\u00a0!<\/p>\n<p>C&rsquo;est toi<\/p>\n<p>C&rsquo;est moi<\/p>\n<p>C&rsquo;est nous\u00a0!<\/p>\n<p>&nbsp;<\/p>\n<p>Nous\u00a0 sommes\u00a0 \u00a0ETOILES !<\/p>\n<p>&nbsp;<\/p>\n<p>Nous sommes \u00ab\u00a0densit\u00e9 concr\u00e9tis\u00e9e\u00a0\u00bb<\/p>\n<p>&nbsp;<\/p>\n<p>Regarde&#8230; !<\/p>\nRegarde<br \/>\nComme tu brilles !\nRegarde<br \/>\nComme je brille !\n<p>&nbsp;<\/p>\n<p>Quelle lumi\u00e8re\u00a0!<\/p>\n<p>&nbsp;<\/p>\n<p>Regarde\u00a0!<\/p>\n<p>Regarde ton filament<\/p>\n<p>Comme il est beau\u00a0!<\/p>\nLe mien<br \/>\nEst magnifique !\n<p>&nbsp;<\/p>\nComme<br \/>\nJe me sens bien\n<p>Et si solidement reli\u00e9e<\/p>\n<p>&nbsp;<\/p>\n<p>Et toi\u00a0?<\/p>\n<p>Regarde&#8230;<\/p>\n<p>Regarde\u00a0!<\/p>\n<p>Tu sens le <strong>LIEN<\/strong>\u00a0?<\/p>\n<p>&nbsp;<\/p>\n<p>Tu\u00a0 es&#8230; <strong>ETOILE<\/strong><\/p>\n<p>Tu\u00a0 es&#8230; \u00a0<strong>FILAMENT<\/strong><\/p>\n<p>Tu\u00a0 es&#8230; \u00a0<strong>PRESENCE<\/strong><\/p>\n<p>Tu\u00a0 es&#8230; \u00a0<strong>NEBULEUSE<\/strong><\/p>\n<p>\u00a0<\/p>\n<p>Tu\u00a0 es\u00a0 <strong>TOUT<\/strong><\/p>\n<p>Je\u00a0 suis\u00a0 <strong>TOUT<\/strong><\/p>\n<p><strong>\u00a0<\/strong><\/p>\nPerp\u00e9tuelle<br \/>\nSimultan\u00e9it\u00e9\n<p>Entre subtil et densit\u00e9<\/p>\n<p>VOIS&#8230; !<\/p>\n<p>RESSENS&#8230; !<\/p>\n<p>&nbsp;<\/p>\n<p>Tu\u00a0 es&#8230; \u00a0 \u00a0 <strong>CREATEUR<\/strong><\/p>\n<p>Je\u00a0 suis&#8230; \u00a0 <strong>CREATEUR<\/strong><\/p>\n<p><strong>\u00a0<\/strong><\/p>\n<p>Acteurs\u00a0 Permanents<\/p>\nDu&#8230;<br \/>\nJEU \u00a0DE \u00a0LA \u00a0VIE\n<p>En\u00a0 toute\u00a0 Authenticit\u00e9<\/p>\nGarants\u00a0 fid\u00e8les\u00a0 de<br \/>\nL &lsquo;Eternit\u00e9\n<p>&nbsp;<\/p>\n<p>Quel spectacle\u00a0!<\/p>\n<p>Quelle f\u00e9\u00e9rie\u00a0!<\/p>\n<p>C&rsquo;est beau<\/p>\n<p>C&rsquo;est intense&#8230;&#8230;&#8230;&#8230;<\/p>\n<p>&nbsp;<\/p>\n<p>Je t&rsquo;aime&#8230;<\/p>\n<p>&nbsp;<\/p>\n<p><em>Tu viens\u00a0?<\/em><\/p>\n<p><em>On joue\u00a0?<\/em><\/p>\n<p>&nbsp;<\/p>\n<p>MNJ<\/p>\n\n","protected":false},"excerpt":{"rendered":"<p>PARCOURS FEERIQUE OUPS !&#8230; Certaines R\u00e9alisations\u00a0ont \u00e9t\u00e9 photographi\u00e9es en leur temps avec des appareils manquant de haute d\u00e9finition. Celles-ci\u00a0n&rsquo;\u00e9tant plus en ma possession, je ne peux donc pas te les pr\u00e9senter dans tout l&rsquo;\u00e9clat de leur authenticit\u00e9 __________ Tableaux, Dessins, Photographies&#8230; tout ici n&rsquo;est que la manifestation de ma Parcelle d&rsquo;Univers&#8230;Elle est immens\u00e9ment vari\u00e9e&#8230; Oseras-tu&hellip;<\/p>\n","protected":false},"author":3,"featured_media":0,"parent":0,"menu_order":3,"comment_status":"closed","ping_status":"closed","template":"","meta":{"footnotes":""},"class_list":["post-963","page","type-page","status-publish","hentry"],"yoast_head":"<!-- This site is optimized with the Yoast SEO plugin v27.4 - https:\/\/yoast.com\/product\/yoast-seo-wordpress\/ -->\n<title>Un aper\u00e7u... de Mon Voyage - Marie-No\u00eblle Jarousseau - Artiste<\/title>\n<meta name=\"robots\" content=\"index, follow, max-snippet:-1, max-image-preview:large, max-video-preview:-1\" \/>\n<link rel=\"canonical\" href=\"https:\/\/www.marienoelle-jarousseau.com\/fr\/vue-densemble\/\" \/>\n<meta property=\"og:locale\" content=\"fr_FR\" \/>\n<meta property=\"og:type\" content=\"article\" \/>\n<meta property=\"og:title\" content=\"Un aper\u00e7u... de Mon Voyage - Marie-No\u00eblle Jarousseau - Artiste\" \/>\n<meta property=\"og:description\" content=\"PARCOURS FEERIQUE OUPS !&#8230; Certaines R\u00e9alisations\u00a0ont \u00e9t\u00e9 photographi\u00e9es en leur temps avec des appareils manquant de haute d\u00e9finition. Celles-ci\u00a0n&rsquo;\u00e9tant plus en ma possession, je ne peux donc pas te les pr\u00e9senter dans tout l&rsquo;\u00e9clat de leur authenticit\u00e9 __________ Tableaux, Dessins, Photographies&#8230; tout ici n&rsquo;est que la manifestation de ma Parcelle d&rsquo;Univers&#8230;Elle est immens\u00e9ment vari\u00e9e&#8230; Oseras-tu&hellip;\" \/>\n<meta property=\"og:url\" content=\"https:\/\/www.marienoelle-jarousseau.com\/fr\/vue-densemble\/\" \/>\n<meta property=\"og:site_name\" content=\"Marie-No\u00eblle Jarousseau - Artiste\" \/>\n<meta property=\"article:modified_time\" content=\"2025-11-07T08:46:23+00:00\" \/>\n<meta name=\"twitter:card\" content=\"summary_large_image\" \/>\n<meta name=\"twitter:label1\" content=\"Dur\u00e9e de lecture estim\u00e9e\" \/>\n\t<meta name=\"twitter:data1\" content=\"3 minutes\" \/>\n<script type=\"application\/ld+json\" class=\"yoast-schema-graph\">{\"@context\":\"https:\\\/\\\/schema.org\",\"@graph\":[{\"@type\":\"WebPage\",\"@id\":\"https:\\\/\\\/www.marienoelle-jarousseau.com\\\/fr\\\/vue-densemble\\\/\",\"url\":\"https:\\\/\\\/www.marienoelle-jarousseau.com\\\/fr\\\/vue-densemble\\\/\",\"name\":\"Un aper\u00e7u... de Mon Voyage - Marie-No\u00eblle Jarousseau - Artiste\",\"isPartOf\":{\"@id\":\"https:\\\/\\\/www.marienoelle-jarousseau.com\\\/fr\\\/#website\"},\"datePublished\":\"2016-06-16T11:08:53+00:00\",\"dateModified\":\"2025-11-07T08:46:23+00:00\",\"breadcrumb\":{\"@id\":\"https:\\\/\\\/www.marienoelle-jarousseau.com\\\/fr\\\/vue-densemble\\\/#breadcrumb\"},\"inLanguage\":\"fr-FR\",\"potentialAction\":[{\"@type\":\"ReadAction\",\"target\":[\"https:\\\/\\\/www.marienoelle-jarousseau.com\\\/fr\\\/vue-densemble\\\/\"]}]},{\"@type\":\"BreadcrumbList\",\"@id\":\"https:\\\/\\\/www.marienoelle-jarousseau.com\\\/fr\\\/vue-densemble\\\/#breadcrumb\",\"itemListElement\":[{\"@type\":\"ListItem\",\"position\":1,\"name\":\"Accueil\",\"item\":\"https:\\\/\\\/www.marienoelle-jarousseau.com\\\/fr\\\/\"},{\"@type\":\"ListItem\",\"position\":2,\"name\":\"Un aper\u00e7u&#8230; de Mon Voyage\"}]},{\"@type\":\"WebSite\",\"@id\":\"https:\\\/\\\/www.marienoelle-jarousseau.com\\\/fr\\\/#website\",\"url\":\"https:\\\/\\\/www.marienoelle-jarousseau.com\\\/fr\\\/\",\"name\":\"Marie-No\u00eblle Jarousseau - Artiste\",\"description\":\"\",\"potentialAction\":[{\"@type\":\"SearchAction\",\"target\":{\"@type\":\"EntryPoint\",\"urlTemplate\":\"https:\\\/\\\/www.marienoelle-jarousseau.com\\\/fr\\\/?s={search_term_string}\"},\"query-input\":{\"@type\":\"PropertyValueSpecification\",\"valueRequired\":true,\"valueName\":\"search_term_string\"}}],\"inLanguage\":\"fr-FR\"}]}<\/script>\n<!-- \/ Yoast SEO plugin. -->","yoast_head_json":{"title":"Un aper\u00e7u... de Mon Voyage - Marie-No\u00eblle Jarousseau - Artiste","robots":{"index":"index","follow":"follow","max-snippet":"max-snippet:-1","max-image-preview":"max-image-preview:large","max-video-preview":"max-video-preview:-1"},"canonical":"https:\/\/www.marienoelle-jarousseau.com\/fr\/vue-densemble\/","og_locale":"fr_FR","og_type":"article","og_title":"Un aper\u00e7u... de Mon Voyage - Marie-No\u00eblle Jarousseau - Artiste","og_description":"PARCOURS FEERIQUE OUPS !&#8230; Certaines R\u00e9alisations\u00a0ont \u00e9t\u00e9 photographi\u00e9es en leur temps avec des appareils manquant de haute d\u00e9finition. Celles-ci\u00a0n&rsquo;\u00e9tant plus en ma possession, je ne peux donc pas te les pr\u00e9senter dans tout l&rsquo;\u00e9clat de leur authenticit\u00e9 __________ Tableaux, Dessins, Photographies&#8230; tout ici n&rsquo;est que la manifestation de ma Parcelle d&rsquo;Univers&#8230;Elle est immens\u00e9ment vari\u00e9e&#8230; Oseras-tu&hellip;","og_url":"https:\/\/www.marienoelle-jarousseau.com\/fr\/vue-densemble\/","og_site_name":"Marie-No\u00eblle Jarousseau - Artiste","article_modified_time":"2025-11-07T08:46:23+00:00","twitter_card":"summary_large_image","twitter_misc":{"Dur\u00e9e de lecture estim\u00e9e":"3 minutes"},"schema":{"@context":"https:\/\/schema.org","@graph":[{"@type":"WebPage","@id":"https:\/\/www.marienoelle-jarousseau.com\/fr\/vue-densemble\/","url":"https:\/\/www.marienoelle-jarousseau.com\/fr\/vue-densemble\/","name":"Un aper\u00e7u... de Mon Voyage - Marie-No\u00eblle Jarousseau - Artiste","isPartOf":{"@id":"https:\/\/www.marienoelle-jarousseau.com\/fr\/#website"},"datePublished":"2016-06-16T11:08:53+00:00","dateModified":"2025-11-07T08:46:23+00:00","breadcrumb":{"@id":"https:\/\/www.marienoelle-jarousseau.com\/fr\/vue-densemble\/#breadcrumb"},"inLanguage":"fr-FR","potentialAction":[{"@type":"ReadAction","target":["https:\/\/www.marienoelle-jarousseau.com\/fr\/vue-densemble\/"]}]},{"@type":"BreadcrumbList","@id":"https:\/\/www.marienoelle-jarousseau.com\/fr\/vue-densemble\/#breadcrumb","itemListElement":[{"@type":"ListItem","position":1,"name":"Accueil","item":"https:\/\/www.marienoelle-jarousseau.com\/fr\/"},{"@type":"ListItem","position":2,"name":"Un aper\u00e7u&#8230; de Mon Voyage"}]},{"@type":"WebSite","@id":"https:\/\/www.marienoelle-jarousseau.com\/fr\/#website","url":"https:\/\/www.marienoelle-jarousseau.com\/fr\/","name":"Marie-No\u00eblle Jarousseau - Artiste","description":"","potentialAction":[{"@type":"SearchAction","target":{"@type":"EntryPoint","urlTemplate":"https:\/\/www.marienoelle-jarousseau.com\/fr\/?s={search_term_string}"},"query-input":{"@type":"PropertyValueSpecification","valueRequired":true,"valueName":"search_term_string"}}],"inLanguage":"fr-FR"}]}},"_links":{"self":[{"href":"https:\/\/www.marienoelle-jarousseau.com\/fr\/wp-json\/wp\/v2\/pages\/963","targetHints":{"allow":["GET"]}}],"collection":[{"href":"https:\/\/www.marienoelle-jarousseau.com\/fr\/wp-json\/wp\/v2\/pages"}],"about":[{"href":"https:\/\/www.marienoelle-jarousseau.com\/fr\/wp-json\/wp\/v2\/types\/page"}],"author":[{"embeddable":true,"href":"https:\/\/www.marienoelle-jarousseau.com\/fr\/wp-json\/wp\/v2\/users\/3"}],"replies":[{"embeddable":true,"href":"https:\/\/www.marienoelle-jarousseau.com\/fr\/wp-json\/wp\/v2\/comments?post=963"}],"version-history":[{"count":10,"href":"https:\/\/www.marienoelle-jarousseau.com\/fr\/wp-json\/wp\/v2\/pages\/963\/revisions"}],"predecessor-version":[{"id":4140,"href":"https:\/\/www.marienoelle-jarousseau.com\/fr\/wp-json\/wp\/v2\/pages\/963\/revisions\/4140"}],"wp:attachment":[{"href":"https:\/\/www.marienoelle-jarousseau.com\/fr\/wp-json\/wp\/v2\/media?parent=963"}],"curies":[{"name":"wp","href":"https:\/\/api.w.org\/{rel}","templated":true}]}}